{"id":198896,"date":"2026-05-12T10:12:14","date_gmt":"2026-05-12T08:12:14","guid":{"rendered":"https:\/\/tupique.com\/product\/huile-pour-barbe-trussardi-primo-50-ml\/"},"modified":"2026-05-12T10:12:14","modified_gmt":"2026-05-12T08:12:14","slug":"huile-pour-barbe-trussardi-primo-50-ml","status":"publish","type":"product","link":"https:\/\/tupique.com\/en\/product\/huile-pour-barbe-trussardi-primo-50-ml\/","title":{"rendered":"Huile pour barbe Trussardi PRIMO 50 ml"},"content":{"rendered":"<p>Huile pour barbe Trussardi PRIMO 50 ml est un produit exclusif de qualit\u00e9 pour le soin du corps. Si vous recherchez les meilleurs produits d\u2019hygi\u00e8ne personnelle, les produits Trussardi 100 % originaux sont exactement ce dont vous avez besoin.<\/p>\n<p>The <b>PRIMO de Trussardi<\/b> est une <b>huile pour barbe<\/b> sp\u00e9cialement formul\u00e9e pour le soin masculin, pr\u00e9sent\u00e9e dans un flacon pratique de <b>50 ml<\/b> et fabriqu\u00e9e en <b>Italy<\/b>, garantissant des standards de qualit\u00e9 \u00e9lev\u00e9s et une s\u00e9lection rigoureuse des ingr\u00e9dients. Ce produit est con\u00e7u pour adoucir, nourrir et maintenir la barbe bien hydrat\u00e9e, offrant un aspect sain et disciplin\u00e9 sans effet gras. Parmi ses composants cl\u00e9s figurent le <b>Tocopherol<\/b>, reconnu pour ses propri\u00e9t\u00e9s antioxydantes et sa capacit\u00e9 \u00e0 prot\u00e9ger et renforcer les poils du visage, ainsi que le <b>Butyl methoxydibenzoylmethane<\/b>, ingr\u00e9dient appr\u00e9ci\u00e9 en cosm\u00e9tique avanc\u00e9e pour sa contribution \u00e0 la protection contre les effets nocifs de l\u2019environnement. De plus, la pr\u00e9sence de <b>Citronellol<\/b> aide \u00e0 rafra\u00eechir et \u00e0 maintenir un parfum propre, apportant une touche de fra\u00eecheur \u00e0 l\u2019utilisation quotidienne. Con\u00e7ue pour l\u2019<b>homme<\/b> recherchant un soin quotidien efficace et sophistiqu\u00e9, cette huile s\u2019applique facilement et convient aussi bien aux barbes courtes que longues, aidant \u00e0 r\u00e9duire les frisottis et \u00e0 faciliter le coiffage. Gr\u00e2ce \u00e0 sa texture l\u00e9g\u00e8re et \u00e0 son absorption rapide, le PRIMO de Trussardi offre une solution compl\u00e8te \u00e0 ceux qui souhaitent garder leur barbe en parfait \u00e9tat, soutenue par la r\u00e9putation de qualit\u00e9 d\u2019une marque italienne de r\u00e9f\u00e9rence dans le soin masculin.<\/p>\n<ul>\n<li>Genre: Homme<\/li>\n<li>Texture: Huile<\/li>\n<li>Ingredients:\n<ul>\n<li>Tocopherol<\/li>\n<li>Butyl methoxydibenzoylmethane<\/li>\n<li>Citronellol<\/li>\n<li>Coumarin<\/li>\n<li>Dicaprylyl ether<\/li>\n<li>Ethylhexyl methoxycinnamate<\/li>\n<li>Ethylhexyl salicylate<\/li>\n<li>Eugenol<\/li>\n<li>Fragrance<\/li>\n<li>Isononyl isononanoate<\/li>\n<li>Limonene<\/li>\n<li>Linalool<\/li>\n<li>Benzyl alcohol<\/li>\n<li>Geraniol<\/li>\n<li>Caprylic\/capric triglyceride<\/li>\n<\/ul>\n<\/li>\n<li>Capacity: 50 ml<\/li>\n<\/ul>","protected":false},"excerpt":{"rendered":"<p><span class=\"unit-info\">57.9800 &euro; \/ 100 ml<\/span><\/p>","protected":false},"featured_media":198895,"comment_status":"open","ping_status":"closed","template":"","meta":[],"product_brand":[2887],"product_cat":[769,1496,1495],"product_tag":[722],"woo-feed-brand":[],"class_list":{"0":"post-198896","1":"product","2":"type-product","3":"status-publish","4":"has-post-thumbnail","6":"product_brand-brandp_498","7":"product_cat-parfum-cosmetique","8":"product_cat-serums","9":"product_cat-soin-du-visage","10":"product_tag-tag_923","12":"first","13":"instock","14":"taxable","15":"shipping-taxable","16":"purchasable","17":"product-type-simple"},"yoast_head":"<!-- This site is optimized with the Yoast SEO plugin v27.6 - https:\/\/yoast.com\/product\/yoast-seo-wordpress\/ -->\n<title>Huile pour barbe Trussardi PRIMO 50 ml | | Tupique<\/title>\n<meta name=\"description\" content=\"Envie d&#039;acheter Huile pour barbe Trussardi PRIMO 50 ml\u00a0? Achetez Huile pour barbe Trussardi PRIMO 50 ml maintenant avec Tupique en 3 versements sans int\u00e9r\u00eat.\" \/>\n<meta name=\"robots\" content=\"index, follow, max-snippet:-1, max-image-preview:large, max-video-preview:-1\" \/>\n<link rel=\"canonical\" href=\"https:\/\/tupique.com\/en\/product\/huile-pour-barbe-trussardi-primo-50-ml\/\" \/>\n<meta property=\"og:locale\" content=\"en_GB\" \/>\n<meta property=\"og:type\" content=\"article\" \/>\n<meta property=\"og:title\" content=\"Huile pour barbe Trussardi PRIMO 50 ml | | Tupique\" \/>\n<meta property=\"og:description\" content=\"Envie d&#039;acheter Huile pour barbe Trussardi PRIMO 50 ml\u00a0? Achetez Huile pour barbe Trussardi PRIMO 50 ml maintenant avec Tupique en 3 versements sans int\u00e9r\u00eat.\" \/>\n<meta property=\"og:url\" content=\"https:\/\/tupique.com\/en\/product\/huile-pour-barbe-trussardi-primo-50-ml\/\" \/>\n<meta property=\"og:site_name\" content=\"Tupique\" \/>\n<meta property=\"og:image\" content=\"https:\/\/tupique.com\/wp-content\/uploads\/2026\/05\/8059121002235_S05127438_P00.jpg\" \/>\n\t<meta property=\"og:image:width\" content=\"1200\" \/>\n\t<meta property=\"og:image:height\" content=\"1200\" \/>\n\t<meta property=\"og:image:type\" content=\"image\/jpeg\" \/>\n<meta name=\"twitter:card\" content=\"summary_large_image\" \/>\n<meta name=\"twitter:label1\" content=\"Est. reading time\" \/>\n\t<meta name=\"twitter:data1\" content=\"1 minute\" \/>\n<script type=\"application\/ld+json\" class=\"yoast-schema-graph\">{\"@context\":\"https:\\\/\\\/schema.org\",\"@graph\":[{\"@type\":\"WebPage\",\"@id\":\"https:\\\/\\\/tupique.com\\\/product\\\/huile-pour-barbe-trussardi-primo-50-ml\\\/\",\"url\":\"https:\\\/\\\/tupique.com\\\/product\\\/huile-pour-barbe-trussardi-primo-50-ml\\\/\",\"name\":\"Huile pour barbe Trussardi PRIMO 50 ml | | Tupique\",\"isPartOf\":{\"@id\":\"https:\\\/\\\/tupique.com\\\/#website\"},\"primaryImageOfPage\":{\"@id\":\"https:\\\/\\\/tupique.com\\\/product\\\/huile-pour-barbe-trussardi-primo-50-ml\\\/#primaryimage\"},\"image\":{\"@id\":\"https:\\\/\\\/tupique.com\\\/product\\\/huile-pour-barbe-trussardi-primo-50-ml\\\/#primaryimage\"},\"thumbnailUrl\":\"https:\\\/\\\/tupique.com\\\/wp-content\\\/uploads\\\/2026\\\/05\\\/8059121002235_S05127438_P00.jpg\",\"datePublished\":\"2026-05-12T08:12:14+00:00\",\"description\":\"Envie d'acheter Huile pour barbe Trussardi PRIMO 50 ml\u00a0? Achetez Huile pour barbe Trussardi PRIMO 50 ml maintenant avec Tupique en 3 versements sans int\u00e9r\u00eat.\",\"breadcrumb\":{\"@id\":\"https:\\\/\\\/tupique.com\\\/product\\\/huile-pour-barbe-trussardi-primo-50-ml\\\/#breadcrumb\"},\"inLanguage\":\"en-GB\",\"potentialAction\":[{\"@type\":\"ReadAction\",\"target\":[\"https:\\\/\\\/tupique.com\\\/product\\\/huile-pour-barbe-trussardi-primo-50-ml\\\/\"]}]},{\"@type\":\"ImageObject\",\"inLanguage\":\"en-GB\",\"@id\":\"https:\\\/\\\/tupique.com\\\/product\\\/huile-pour-barbe-trussardi-primo-50-ml\\\/#primaryimage\",\"url\":\"https:\\\/\\\/tupique.com\\\/wp-content\\\/uploads\\\/2026\\\/05\\\/8059121002235_S05127438_P00.jpg\",\"contentUrl\":\"https:\\\/\\\/tupique.com\\\/wp-content\\\/uploads\\\/2026\\\/05\\\/8059121002235_S05127438_P00.jpg\",\"width\":1200,\"height\":1200,\"caption\":\"S05127438_0\"},{\"@type\":\"BreadcrumbList\",\"@id\":\"https:\\\/\\\/tupique.com\\\/product\\\/huile-pour-barbe-trussardi-primo-50-ml\\\/#breadcrumb\",\"itemListElement\":[{\"@type\":\"ListItem\",\"position\":1,\"name\":\"commencer\",\"item\":\"https:\\\/\\\/tupique.com\\\/\"},{\"@type\":\"ListItem\",\"position\":2,\"name\":\"Loja\",\"item\":\"https:\\\/\\\/tupique.com\\\/pt\\\/loja\\\/\"},{\"@type\":\"ListItem\",\"position\":3,\"name\":\"Huile pour barbe Trussardi PRIMO 50 ml\"}]},{\"@type\":\"WebSite\",\"@id\":\"https:\\\/\\\/tupique.com\\\/#website\",\"url\":\"https:\\\/\\\/tupique.com\\\/\",\"name\":\"Tupique\",\"description\":\"\",\"publisher\":{\"@id\":\"https:\\\/\\\/tupique.com\\\/#organization\"},\"potentialAction\":[{\"@type\":\"SearchAction\",\"target\":{\"@type\":\"EntryPoint\",\"urlTemplate\":\"https:\\\/\\\/tupique.com\\\/?s={search_term_string}\"},\"query-input\":{\"@type\":\"PropertyValueSpecification\",\"valueRequired\":true,\"valueName\":\"search_term_string\"}}],\"inLanguage\":\"en-GB\"},{\"@type\":\"Organization\",\"@id\":\"https:\\\/\\\/tupique.com\\\/#organization\",\"name\":\"Tupique\",\"url\":\"https:\\\/\\\/tupique.com\\\/\",\"logo\":{\"@type\":\"ImageObject\",\"inLanguage\":\"en-GB\",\"@id\":\"https:\\\/\\\/tupique.com\\\/#\\\/schema\\\/logo\\\/image\\\/\",\"url\":\"https:\\\/\\\/tupique.com\\\/wp-content\\\/uploads\\\/2026\\\/03\\\/logo-tupique-1.webp\",\"contentUrl\":\"https:\\\/\\\/tupique.com\\\/wp-content\\\/uploads\\\/2026\\\/03\\\/logo-tupique-1.webp\",\"width\":500,\"height\":67,\"caption\":\"Tupique\"},\"image\":{\"@id\":\"https:\\\/\\\/tupique.com\\\/#\\\/schema\\\/logo\\\/image\\\/\"}}]}<\/script>\n<!-- \/ Yoast SEO plugin. -->","yoast_head_json":{"title":"Huile pour barbe Trussardi PRIMO 50 ml | | Tupique","description":"Envie d'acheter Huile pour barbe Trussardi PRIMO 50 ml\u00a0? Achetez Huile pour barbe Trussardi PRIMO 50 ml maintenant avec Tupique en 3 versements sans int\u00e9r\u00eat.","robots":{"index":"index","follow":"follow","max-snippet":"max-snippet:-1","max-image-preview":"max-image-preview:large","max-video-preview":"max-video-preview:-1"},"canonical":"https:\/\/tupique.com\/en\/product\/huile-pour-barbe-trussardi-primo-50-ml\/","og_locale":"en_GB","og_type":"article","og_title":"Huile pour barbe Trussardi PRIMO 50 ml | | Tupique","og_description":"Envie d'acheter Huile pour barbe Trussardi PRIMO 50 ml\u00a0? Achetez Huile pour barbe Trussardi PRIMO 50 ml maintenant avec Tupique en 3 versements sans int\u00e9r\u00eat.","og_url":"https:\/\/tupique.com\/en\/product\/huile-pour-barbe-trussardi-primo-50-ml\/","og_site_name":"Tupique","og_image":[{"width":1200,"height":1200,"url":"https:\/\/tupique.com\/wp-content\/uploads\/2026\/05\/8059121002235_S05127438_P00.jpg","type":"image\/jpeg"}],"twitter_card":"summary_large_image","twitter_misc":{"Est. reading time":"1 minute"},"schema":{"@context":"https:\/\/schema.org","@graph":[{"@type":"WebPage","@id":"https:\/\/tupique.com\/product\/huile-pour-barbe-trussardi-primo-50-ml\/","url":"https:\/\/tupique.com\/product\/huile-pour-barbe-trussardi-primo-50-ml\/","name":"Huile pour barbe Trussardi PRIMO 50 ml | | Tupique","isPartOf":{"@id":"https:\/\/tupique.com\/#website"},"primaryImageOfPage":{"@id":"https:\/\/tupique.com\/product\/huile-pour-barbe-trussardi-primo-50-ml\/#primaryimage"},"image":{"@id":"https:\/\/tupique.com\/product\/huile-pour-barbe-trussardi-primo-50-ml\/#primaryimage"},"thumbnailUrl":"https:\/\/tupique.com\/wp-content\/uploads\/2026\/05\/8059121002235_S05127438_P00.jpg","datePublished":"2026-05-12T08:12:14+00:00","description":"Envie d'acheter Huile pour barbe Trussardi PRIMO 50 ml\u00a0? Achetez Huile pour barbe Trussardi PRIMO 50 ml maintenant avec Tupique en 3 versements sans int\u00e9r\u00eat.","breadcrumb":{"@id":"https:\/\/tupique.com\/product\/huile-pour-barbe-trussardi-primo-50-ml\/#breadcrumb"},"inLanguage":"en-GB","potentialAction":[{"@type":"ReadAction","target":["https:\/\/tupique.com\/product\/huile-pour-barbe-trussardi-primo-50-ml\/"]}]},{"@type":"ImageObject","inLanguage":"en-GB","@id":"https:\/\/tupique.com\/product\/huile-pour-barbe-trussardi-primo-50-ml\/#primaryimage","url":"https:\/\/tupique.com\/wp-content\/uploads\/2026\/05\/8059121002235_S05127438_P00.jpg","contentUrl":"https:\/\/tupique.com\/wp-content\/uploads\/2026\/05\/8059121002235_S05127438_P00.jpg","width":1200,"height":1200,"caption":"S05127438_0"},{"@type":"BreadcrumbList","@id":"https:\/\/tupique.com\/product\/huile-pour-barbe-trussardi-primo-50-ml\/#breadcrumb","itemListElement":[{"@type":"ListItem","position":1,"name":"commencer","item":"https:\/\/tupique.com\/"},{"@type":"ListItem","position":2,"name":"Loja","item":"https:\/\/tupique.com\/pt\/loja\/"},{"@type":"ListItem","position":3,"name":"Huile pour barbe Trussardi PRIMO 50 ml"}]},{"@type":"WebSite","@id":"https:\/\/tupique.com\/#website","url":"https:\/\/tupique.com\/","name":"Tupique","description":"","publisher":{"@id":"https:\/\/tupique.com\/#organization"},"potentialAction":[{"@type":"SearchAction","target":{"@type":"EntryPoint","urlTemplate":"https:\/\/tupique.com\/?s={search_term_string}"},"query-input":{"@type":"PropertyValueSpecification","valueRequired":true,"valueName":"search_term_string"}}],"inLanguage":"en-GB"},{"@type":"Organization","@id":"https:\/\/tupique.com\/#organization","name":"Tupique","url":"https:\/\/tupique.com\/","logo":{"@type":"ImageObject","inLanguage":"en-GB","@id":"https:\/\/tupique.com\/#\/schema\/logo\/image\/","url":"https:\/\/tupique.com\/wp-content\/uploads\/2026\/03\/logo-tupique-1.webp","contentUrl":"https:\/\/tupique.com\/wp-content\/uploads\/2026\/03\/logo-tupique-1.webp","width":500,"height":67,"caption":"Tupique"},"image":{"@id":"https:\/\/tupique.com\/#\/schema\/logo\/image\/"}}]}},"_links":{"self":[{"href":"https:\/\/tupique.com\/en\/wp-json\/wp\/v2\/product\/198896","targetHints":{"allow":["GET"]}}],"collection":[{"href":"https:\/\/tupique.com\/en\/wp-json\/wp\/v2\/product"}],"about":[{"href":"https:\/\/tupique.com\/en\/wp-json\/wp\/v2\/types\/product"}],"replies":[{"embeddable":true,"href":"https:\/\/tupique.com\/en\/wp-json\/wp\/v2\/comments?post=198896"}],"wp:featuredmedia":[{"embeddable":true,"href":"https:\/\/tupique.com\/en\/wp-json\/wp\/v2\/media\/198895"}],"wp:attachment":[{"href":"https:\/\/tupique.com\/en\/wp-json\/wp\/v2\/media?parent=198896"}],"wp:term":[{"taxonomy":"product_brand","embeddable":true,"href":"https:\/\/tupique.com\/en\/wp-json\/wp\/v2\/product_brand?post=198896"},{"taxonomy":"product_cat","embeddable":true,"href":"https:\/\/tupique.com\/en\/wp-json\/wp\/v2\/product_cat?post=198896"},{"taxonomy":"product_tag","embeddable":true,"href":"https:\/\/tupique.com\/en\/wp-json\/wp\/v2\/product_tag?post=198896"},{"taxonomy":"woo-feed-brand","embeddable":true,"href":"https:\/\/tupique.com\/en\/wp-json\/wp\/v2\/woo-feed-brand?post=198896"}],"curies":[{"name":"wp","href":"https:\/\/api.w.org\/{rel}","templated":true}]}}