{"id":199913,"date":"2026-05-12T11:27:09","date_gmt":"2026-05-12T09:27:09","guid":{"rendered":"https:\/\/tupique.com\/product\/bestway-snorkel-double-tube-valve-de-purge-antibuee-l-xl-12-ans-plage-et-piscine-24058\/"},"modified":"2026-05-12T11:38:08","modified_gmt":"2026-05-12T09:38:08","slug":"bestway-snorkel-double-tube-valve-de-purge-antibuee-l-xl-12-ans-plage-et-piscine-24058","status":"publish","type":"product","link":"https:\/\/tupique.com\/en\/product\/bestway-snorkel-double-tube-valve-de-purge-antibuee-l-xl-12-ans-plage-et-piscine-24058\/","title":{"rendered":"Bestway Snorkel Double Tube Valve de Purge Antibu\u00e9e L\/XL +12 Ans Plage et Piscine 24058"},"content":{"rendered":"<p>Restez en forme et d\u00e9couvrez les derni\u00e8res nouveaut\u00e9s du secteur pour faire du sport avec les meilleures garanties ! Achetez <b>Masque de plong\u00e9e Bestway Bleu Noir Multicouleur<\/b> au meilleur prix et profitez d&#8217;une vie saine !<\/p>\n<ul>\n<li>Type: Masque de plong\u00e9e<\/li>\n<li>Mat\u00e9riel:\n<ul>\n<li>Silicone<\/li>\n<li>Polycarbonate<\/li>\n<li>PVC<\/li>\n<\/ul>\n<\/li>\n<li>Features:\n<ul>\n<li>Protection contre les UV<\/li>\n<li>Nettoyage par chiffon humide<\/li>\n<\/ul>\n<\/li>\n<li>Taille: S\/M<\/li>\n<li>Recommended use:\n<ul>\n<li>Plage<\/li>\n<li>Ext\u00e9rieur<\/li>\n<li>Camping<\/li>\n<\/ul>\n<\/li>\n<li>Pays \/ r\u00e9gion de fabrication: Espagne<\/li>\n<li>Couleur:\n<ul>\n<li>Bleu<\/li>\n<li>Noir<\/li>\n<li>Multicouleur<\/li>\n<\/ul>\n<\/li>\n<li>Composition: Nylon<\/li>\n<li>Recommended age:\n<ul>\n<li>+ 14 Ans<\/li>\n<li>Adultes<\/li>\n<\/ul>\n<\/li>\n<li>Genre: Adultes unisexes<\/li>\n<li>Long: 42 cm<\/li>\n<\/ul>","protected":false},"excerpt":{"rendered":"<p>Restez en forme et d\u00e9couvrez les derni\u00e8res nouveaut\u00e9s du secteur pour faire du sport avec les meilleures garanties ! Achetez Masque de plong\u00e9e Bestway Bleu Noir Multicouleur au meilleur prix et profitez d&#8217;une vie saine ! Type: Masque de plong\u00e9e Mat\u00e9riel: Silicone Polycarbonate PVC Caract\u00e9ristiques: Protection contre les UV Nettoyage par chiffon humide Taille: S\/M [&hellip;]<\/p>\n","protected":false},"featured_media":199909,"comment_status":"open","ping_status":"closed","template":"","meta":[],"product_brand":[1771],"product_cat":[2774,1769,173,174,1764],"product_tag":[721,1816,163],"woo-feed-brand":[],"class_list":{"0":"post-199913","1":"product","2":"type-product","3":"status-publish","4":"has-post-thumbnail","6":"product_brand-brandp_520","7":"product_cat-lunettes-de-plongee-et-de-snorkeling","8":"product_cat-plage-et-piscine","9":"product_cat-promos-reconditionnes","10":"product_cat-reconditionnes-openbox","11":"product_cat-sports-loisirs","12":"product_tag-tag_124","13":"product_tag-tag_1272","14":"product_tag-tag_17","16":"first","17":"instock","18":"taxable","19":"shipping-taxable","20":"purchasable","21":"product-type-simple"},"yoast_head":"<!-- This site is optimized with the Yoast SEO plugin v27.6 - https:\/\/yoast.com\/product\/yoast-seo-wordpress\/ -->\n<title>Bestway Snorkel Double Tube Valve de Purge Antibu\u00e9e L\/XL +12 Ans Plage et Piscine 24058 | | Tupique<\/title>\n<meta name=\"description\" content=\"Envie d&#039;acheter Bestway Snorkel Double Tube Valve de Purge Antibu\u00e9e L\/XL +12 Ans Plage et Piscine 24058\u00a0? Achetez Bestway Snorkel Double Tube Valve de Purge Antibu\u00e9e L\/XL +12 Ans Plage et Piscine 24058 maintenant avec Tupique en 3 versements sans int\u00e9r\u00eat.\" \/>\n<meta name=\"robots\" content=\"index, follow, max-snippet:-1, max-image-preview:large, max-video-preview:-1\" \/>\n<link rel=\"canonical\" href=\"https:\/\/tupique.com\/en\/product\/bestway-snorkel-double-tube-valve-de-purge-antibuee-l-xl-12-ans-plage-et-piscine-24058\/\" \/>\n<meta property=\"og:locale\" content=\"en_GB\" \/>\n<meta property=\"og:type\" content=\"article\" \/>\n<meta property=\"og:title\" content=\"Bestway Snorkel Double Tube Valve de Purge Antibu\u00e9e L\/XL +12 Ans Plage et Piscine 24058 | | Tupique\" \/>\n<meta property=\"og:description\" content=\"Envie d&#039;acheter Bestway Snorkel Double Tube Valve de Purge Antibu\u00e9e L\/XL +12 Ans Plage et Piscine 24058\u00a0? Achetez Bestway Snorkel Double Tube Valve de Purge Antibu\u00e9e L\/XL +12 Ans Plage et Piscine 24058 maintenant avec Tupique en 3 versements sans int\u00e9r\u00eat.\" \/>\n<meta property=\"og:url\" content=\"https:\/\/tupique.com\/en\/product\/bestway-snorkel-double-tube-valve-de-purge-antibuee-l-xl-12-ans-plage-et-piscine-24058\/\" \/>\n<meta property=\"og:site_name\" content=\"Tupique\" \/>\n<meta property=\"article:modified_time\" content=\"2026-05-12T09:38:08+00:00\" \/>\n<meta property=\"og:image\" content=\"https:\/\/tupique.com\/wp-content\/uploads\/2026\/05\/6941607331286_D1400695_P00.jpg\" \/>\n\t<meta property=\"og:image:width\" content=\"1200\" \/>\n\t<meta property=\"og:image:height\" content=\"1200\" \/>\n\t<meta property=\"og:image:type\" content=\"image\/jpeg\" \/>\n<meta name=\"twitter:card\" content=\"summary_large_image\" \/>\n<script type=\"application\/ld+json\" class=\"yoast-schema-graph\">{\"@context\":\"https:\\\/\\\/schema.org\",\"@graph\":[{\"@type\":\"WebPage\",\"@id\":\"https:\\\/\\\/tupique.com\\\/pt\\\/product\\\/bestway-snorkel-double-tube-valve-de-purge-antibuee-l-xl-12-ans-plage-et-piscine-24058\\\/\",\"url\":\"https:\\\/\\\/tupique.com\\\/pt\\\/product\\\/bestway-snorkel-double-tube-valve-de-purge-antibuee-l-xl-12-ans-plage-et-piscine-24058\\\/\",\"name\":\"Bestway Snorkel Double Tube Valve de Purge Antibu\u00e9e L\\\/XL +12 Ans Plage et Piscine 24058 | | Tupique\",\"isPartOf\":{\"@id\":\"https:\\\/\\\/tupique.com\\\/#website\"},\"primaryImageOfPage\":{\"@id\":\"https:\\\/\\\/tupique.com\\\/pt\\\/product\\\/bestway-snorkel-double-tube-valve-de-purge-antibuee-l-xl-12-ans-plage-et-piscine-24058\\\/#primaryimage\"},\"image\":{\"@id\":\"https:\\\/\\\/tupique.com\\\/pt\\\/product\\\/bestway-snorkel-double-tube-valve-de-purge-antibuee-l-xl-12-ans-plage-et-piscine-24058\\\/#primaryimage\"},\"thumbnailUrl\":\"https:\\\/\\\/tupique.com\\\/wp-content\\\/uploads\\\/2026\\\/05\\\/6941607331286_D1400695_P00.jpg\",\"datePublished\":\"2026-05-12T09:27:09+00:00\",\"dateModified\":\"2026-05-12T09:38:08+00:00\",\"description\":\"Envie d'acheter Bestway Snorkel Double Tube Valve de Purge Antibu\u00e9e L\\\/XL +12 Ans Plage et Piscine 24058\u00a0? Achetez Bestway Snorkel Double Tube Valve de Purge Antibu\u00e9e L\\\/XL +12 Ans Plage et Piscine 24058 maintenant avec Tupique en 3 versements sans int\u00e9r\u00eat.\",\"breadcrumb\":{\"@id\":\"https:\\\/\\\/tupique.com\\\/pt\\\/product\\\/bestway-snorkel-double-tube-valve-de-purge-antibuee-l-xl-12-ans-plage-et-piscine-24058\\\/#breadcrumb\"},\"inLanguage\":\"en-GB\",\"potentialAction\":[{\"@type\":\"ReadAction\",\"target\":[\"https:\\\/\\\/tupique.com\\\/pt\\\/product\\\/bestway-snorkel-double-tube-valve-de-purge-antibuee-l-xl-12-ans-plage-et-piscine-24058\\\/\"]}]},{\"@type\":\"ImageObject\",\"inLanguage\":\"en-GB\",\"@id\":\"https:\\\/\\\/tupique.com\\\/pt\\\/product\\\/bestway-snorkel-double-tube-valve-de-purge-antibuee-l-xl-12-ans-plage-et-piscine-24058\\\/#primaryimage\",\"url\":\"https:\\\/\\\/tupique.com\\\/wp-content\\\/uploads\\\/2026\\\/05\\\/6941607331286_D1400695_P00.jpg\",\"contentUrl\":\"https:\\\/\\\/tupique.com\\\/wp-content\\\/uploads\\\/2026\\\/05\\\/6941607331286_D1400695_P00.jpg\",\"width\":1200,\"height\":1200,\"caption\":\"D1400695_0\"},{\"@type\":\"BreadcrumbList\",\"@id\":\"https:\\\/\\\/tupique.com\\\/pt\\\/product\\\/bestway-snorkel-double-tube-valve-de-purge-antibuee-l-xl-12-ans-plage-et-piscine-24058\\\/#breadcrumb\",\"itemListElement\":[{\"@type\":\"ListItem\",\"position\":1,\"name\":\"commencer\",\"item\":\"https:\\\/\\\/tupique.com\\\/\"},{\"@type\":\"ListItem\",\"position\":2,\"name\":\"Loja\",\"item\":\"https:\\\/\\\/tupique.com\\\/pt\\\/loja\\\/\"},{\"@type\":\"ListItem\",\"position\":3,\"name\":\"Bestway Snorkel Double Tube Valve de Purge Antibu\u00e9e L\\\/XL +12 Ans Plage et Piscine 24058\"}]},{\"@type\":\"WebSite\",\"@id\":\"https:\\\/\\\/tupique.com\\\/#website\",\"url\":\"https:\\\/\\\/tupique.com\\\/\",\"name\":\"Tupique\",\"description\":\"\",\"publisher\":{\"@id\":\"https:\\\/\\\/tupique.com\\\/#organization\"},\"potentialAction\":[{\"@type\":\"SearchAction\",\"target\":{\"@type\":\"EntryPoint\",\"urlTemplate\":\"https:\\\/\\\/tupique.com\\\/?s={search_term_string}\"},\"query-input\":{\"@type\":\"PropertyValueSpecification\",\"valueRequired\":true,\"valueName\":\"search_term_string\"}}],\"inLanguage\":\"en-GB\"},{\"@type\":\"Organization\",\"@id\":\"https:\\\/\\\/tupique.com\\\/#organization\",\"name\":\"Tupique\",\"url\":\"https:\\\/\\\/tupique.com\\\/\",\"logo\":{\"@type\":\"ImageObject\",\"inLanguage\":\"en-GB\",\"@id\":\"https:\\\/\\\/tupique.com\\\/#\\\/schema\\\/logo\\\/image\\\/\",\"url\":\"https:\\\/\\\/tupique.com\\\/wp-content\\\/uploads\\\/2026\\\/03\\\/logo-tupique-1.webp\",\"contentUrl\":\"https:\\\/\\\/tupique.com\\\/wp-content\\\/uploads\\\/2026\\\/03\\\/logo-tupique-1.webp\",\"width\":500,\"height\":67,\"caption\":\"Tupique\"},\"image\":{\"@id\":\"https:\\\/\\\/tupique.com\\\/#\\\/schema\\\/logo\\\/image\\\/\"}}]}<\/script>\n<!-- \/ Yoast SEO plugin. -->","yoast_head_json":{"title":"Bestway Snorkel Double Tube Valve de Purge Antibu\u00e9e L\/XL +12 Ans Plage et Piscine 24058 | | Tupique","description":"Envie d'acheter Bestway Snorkel Double Tube Valve de Purge Antibu\u00e9e L\/XL +12 Ans Plage et Piscine 24058\u00a0? Achetez Bestway Snorkel Double Tube Valve de Purge Antibu\u00e9e L\/XL +12 Ans Plage et Piscine 24058 maintenant avec Tupique en 3 versements sans int\u00e9r\u00eat.","robots":{"index":"index","follow":"follow","max-snippet":"max-snippet:-1","max-image-preview":"max-image-preview:large","max-video-preview":"max-video-preview:-1"},"canonical":"https:\/\/tupique.com\/en\/product\/bestway-snorkel-double-tube-valve-de-purge-antibuee-l-xl-12-ans-plage-et-piscine-24058\/","og_locale":"en_GB","og_type":"article","og_title":"Bestway Snorkel Double Tube Valve de Purge Antibu\u00e9e L\/XL +12 Ans Plage et Piscine 24058 | | Tupique","og_description":"Envie d'acheter Bestway Snorkel Double Tube Valve de Purge Antibu\u00e9e L\/XL +12 Ans Plage et Piscine 24058\u00a0? Achetez Bestway Snorkel Double Tube Valve de Purge Antibu\u00e9e L\/XL +12 Ans Plage et Piscine 24058 maintenant avec Tupique en 3 versements sans int\u00e9r\u00eat.","og_url":"https:\/\/tupique.com\/en\/product\/bestway-snorkel-double-tube-valve-de-purge-antibuee-l-xl-12-ans-plage-et-piscine-24058\/","og_site_name":"Tupique","article_modified_time":"2026-05-12T09:38:08+00:00","og_image":[{"width":1200,"height":1200,"url":"https:\/\/tupique.com\/wp-content\/uploads\/2026\/05\/6941607331286_D1400695_P00.jpg","type":"image\/jpeg"}],"twitter_card":"summary_large_image","schema":{"@context":"https:\/\/schema.org","@graph":[{"@type":"WebPage","@id":"https:\/\/tupique.com\/pt\/product\/bestway-snorkel-double-tube-valve-de-purge-antibuee-l-xl-12-ans-plage-et-piscine-24058\/","url":"https:\/\/tupique.com\/pt\/product\/bestway-snorkel-double-tube-valve-de-purge-antibuee-l-xl-12-ans-plage-et-piscine-24058\/","name":"Bestway Snorkel Double Tube Valve de Purge Antibu\u00e9e L\/XL +12 Ans Plage et Piscine 24058 | | Tupique","isPartOf":{"@id":"https:\/\/tupique.com\/#website"},"primaryImageOfPage":{"@id":"https:\/\/tupique.com\/pt\/product\/bestway-snorkel-double-tube-valve-de-purge-antibuee-l-xl-12-ans-plage-et-piscine-24058\/#primaryimage"},"image":{"@id":"https:\/\/tupique.com\/pt\/product\/bestway-snorkel-double-tube-valve-de-purge-antibuee-l-xl-12-ans-plage-et-piscine-24058\/#primaryimage"},"thumbnailUrl":"https:\/\/tupique.com\/wp-content\/uploads\/2026\/05\/6941607331286_D1400695_P00.jpg","datePublished":"2026-05-12T09:27:09+00:00","dateModified":"2026-05-12T09:38:08+00:00","description":"Envie d'acheter Bestway Snorkel Double Tube Valve de Purge Antibu\u00e9e L\/XL +12 Ans Plage et Piscine 24058\u00a0? Achetez Bestway Snorkel Double Tube Valve de Purge Antibu\u00e9e L\/XL +12 Ans Plage et Piscine 24058 maintenant avec Tupique en 3 versements sans int\u00e9r\u00eat.","breadcrumb":{"@id":"https:\/\/tupique.com\/pt\/product\/bestway-snorkel-double-tube-valve-de-purge-antibuee-l-xl-12-ans-plage-et-piscine-24058\/#breadcrumb"},"inLanguage":"en-GB","potentialAction":[{"@type":"ReadAction","target":["https:\/\/tupique.com\/pt\/product\/bestway-snorkel-double-tube-valve-de-purge-antibuee-l-xl-12-ans-plage-et-piscine-24058\/"]}]},{"@type":"ImageObject","inLanguage":"en-GB","@id":"https:\/\/tupique.com\/pt\/product\/bestway-snorkel-double-tube-valve-de-purge-antibuee-l-xl-12-ans-plage-et-piscine-24058\/#primaryimage","url":"https:\/\/tupique.com\/wp-content\/uploads\/2026\/05\/6941607331286_D1400695_P00.jpg","contentUrl":"https:\/\/tupique.com\/wp-content\/uploads\/2026\/05\/6941607331286_D1400695_P00.jpg","width":1200,"height":1200,"caption":"D1400695_0"},{"@type":"BreadcrumbList","@id":"https:\/\/tupique.com\/pt\/product\/bestway-snorkel-double-tube-valve-de-purge-antibuee-l-xl-12-ans-plage-et-piscine-24058\/#breadcrumb","itemListElement":[{"@type":"ListItem","position":1,"name":"commencer","item":"https:\/\/tupique.com\/"},{"@type":"ListItem","position":2,"name":"Loja","item":"https:\/\/tupique.com\/pt\/loja\/"},{"@type":"ListItem","position":3,"name":"Bestway Snorkel Double Tube Valve de Purge Antibu\u00e9e L\/XL +12 Ans Plage et Piscine 24058"}]},{"@type":"WebSite","@id":"https:\/\/tupique.com\/#website","url":"https:\/\/tupique.com\/","name":"Tupique","description":"","publisher":{"@id":"https:\/\/tupique.com\/#organization"},"potentialAction":[{"@type":"SearchAction","target":{"@type":"EntryPoint","urlTemplate":"https:\/\/tupique.com\/?s={search_term_string}"},"query-input":{"@type":"PropertyValueSpecification","valueRequired":true,"valueName":"search_term_string"}}],"inLanguage":"en-GB"},{"@type":"Organization","@id":"https:\/\/tupique.com\/#organization","name":"Tupique","url":"https:\/\/tupique.com\/","logo":{"@type":"ImageObject","inLanguage":"en-GB","@id":"https:\/\/tupique.com\/#\/schema\/logo\/image\/","url":"https:\/\/tupique.com\/wp-content\/uploads\/2026\/03\/logo-tupique-1.webp","contentUrl":"https:\/\/tupique.com\/wp-content\/uploads\/2026\/03\/logo-tupique-1.webp","width":500,"height":67,"caption":"Tupique"},"image":{"@id":"https:\/\/tupique.com\/#\/schema\/logo\/image\/"}}]}},"_links":{"self":[{"href":"https:\/\/tupique.com\/en\/wp-json\/wp\/v2\/product\/199913","targetHints":{"allow":["GET"]}}],"collection":[{"href":"https:\/\/tupique.com\/en\/wp-json\/wp\/v2\/product"}],"about":[{"href":"https:\/\/tupique.com\/en\/wp-json\/wp\/v2\/types\/product"}],"replies":[{"embeddable":true,"href":"https:\/\/tupique.com\/en\/wp-json\/wp\/v2\/comments?post=199913"}],"wp:featuredmedia":[{"embeddable":true,"href":"https:\/\/tupique.com\/en\/wp-json\/wp\/v2\/media\/199909"}],"wp:attachment":[{"href":"https:\/\/tupique.com\/en\/wp-json\/wp\/v2\/media?parent=199913"}],"wp:term":[{"taxonomy":"product_brand","embeddable":true,"href":"https:\/\/tupique.com\/en\/wp-json\/wp\/v2\/product_brand?post=199913"},{"taxonomy":"product_cat","embeddable":true,"href":"https:\/\/tupique.com\/en\/wp-json\/wp\/v2\/product_cat?post=199913"},{"taxonomy":"product_tag","embeddable":true,"href":"https:\/\/tupique.com\/en\/wp-json\/wp\/v2\/product_tag?post=199913"},{"taxonomy":"woo-feed-brand","embeddable":true,"href":"https:\/\/tupique.com\/en\/wp-json\/wp\/v2\/woo-feed-brand?post=199913"}],"curies":[{"name":"wp","href":"https:\/\/api.w.org\/{rel}","templated":true}]}}