{"id":199945,"date":"2026-05-12T11:38:51","date_gmt":"2026-05-12T09:38:51","guid":{"rendered":"https:\/\/tupique.com\/product\/epilateur-a-lumiere-pulsee-avec-fonction-froid-et-accessoires-kulepil-innovagoods\/"},"modified":"2026-05-12T11:38:51","modified_gmt":"2026-05-12T09:38:51","slug":"epilateur-a-lumiere-pulsee-avec-fonction-froid-et-accessoires-kulepil-innovagoods","status":"publish","type":"product","link":"https:\/\/tupique.com\/en\/product\/epilateur-a-lumiere-pulsee-avec-fonction-froid-et-accessoires-kulepil-innovagoods\/","title":{"rendered":"\u00c9pilateur \u00e0 Lumi\u00e8re Puls\u00e9e avec Fonction Froid et Accessoires Kulepil InnovaGoods"},"content":{"rendered":"<div class=\"col-md-6\"><b>InnovaGoods<\/b> vous facilite la t\u00e2che pour que votre soin personnel soit une priorit\u00e9 sans excuses. Il vous propose les meilleures nouveaut\u00e9s en mati\u00e8re de beaut\u00e9, de d\u00e9tente et de bien-\u00eatre ! <b>\u00c9pilateur \u00e0 Lumi\u00e8re Puls\u00e9e avec Fonction Froid et Accessoires Kulepil InnovaGoods <\/b> en est un bon exemple ! D\u00e9couvrez une vaste gamme de produits de qualit\u00e9 qui se d\u00e9marquent de par leur fonctionnalit\u00e9, leur efficacit\u00e9 et leur design innovant.<\/p>\n<p>Cet \u00e9pilateur <b>\u00e0 lumi\u00e8re puls\u00e9e avec fonction froid<\/b> est id\u00e9al pour une \u00e9pilation longue dur\u00e9e efficace, s\u00fbre et indolore. Lunettes de protection incluses.<\/p>\n<p>Un <b>\u00e9pilateur IPL avec effet froid <\/b>qui r\u00e9duit la sensation de chaleur et am\u00e9liore l\u2019exp\u00e9rience d\u2019utilisation. La solution ultime pour se d\u00e9barrasser des poils et rendre la peau plus douce. Il dispose de 999\u2009999 impulsions lumineuses, 5 niveaux d\u2019\u00e9nergie et 2 modes d\u2019utilisation. Adaptateur \u00e9lectrique inclus.<\/p>\n<ul>\n<li><b>Technologie IPL (lumi\u00e8re intense puls\u00e9e) <\/b>: notre \u00e9pilateur \u00e0 lumi\u00e8re puls\u00e9e avec fonction froid affaiblit et \u00e9limine progressivement les poils de mani\u00e8re confortable, simple, s\u00fbre et indolore. Une m\u00e9thode propre et efficace pour une \u00e9pilation longue dur\u00e9e. Comprend des lunettes de protection IPL, un adaptateur \u00e9lectrique amovible et un mode d\u2019emploi.<\/li>\n<li><b>Fonction froid :<\/b> cet \u00e9pilateur \u00e9lectrique \u00e0 lumi\u00e8re puls\u00e9e est dot\u00e9 de refroidissement pour r\u00e9duire la sensation de chaleur et favoriser la protection de la peau, am\u00e9liorant ainsi l\u2019exp\u00e9rience d\u2019utilisation. La fonction froid peut \u00eatre activ\u00e9e ou d\u00e9sactiv\u00e9e. Avant chaque s\u00e9ance, la peau doit \u00eatre propre et s\u00e8che et les poils doivent avoir \u00e9t\u00e9 ras\u00e9s \u00e0 l\u2019aide d\u2019un rasoir (non fourni).<\/li>\n<li><b>2 modes d\u2019utilisation <\/b>: notre \u00e9pilateur \u00e0 lumi\u00e8re puls\u00e9e avec refroidissement permet de choisir entre mode manuel (les impulsions lumineuses sont \u00e9mises en appuyant sur le bouton de l\u2019\u00e9pilateur) et mode automatique (les impulsions lumineuses sont \u00e9mises automatiquement, sans qu\u2019il soit n\u00e9cessaire d\u2019appuyer sur le bouton).<\/li>\n<li><b>999\u2009999 impulsions lumineuses, 5 niveaux d\u2019\u00e9nergie<\/b> (max. 11 J\/cm\u00b2) : cet \u00e9pilateur IPL avec effet froid applique des impulsions lumineuses sur la racine du poil, ce qui inhibe sa r\u00e9g\u00e9n\u00e9ration et rend la peau de plus en plus douce. Zone d\u2019action de chaque impulsion : 3 cm\u00b2. Longueur d\u2019onde : \u2265 510 nm.<\/li>\n<li><b>Zones corporelles d\u2019application <\/b>: notre \u00e9pilateur \u00e0 lumi\u00e8re puls\u00e9e avec froid est unisexe et peut \u00eatre utilis\u00e9 sur diff\u00e9rentes zones du corps, selon l\u2019option choisie : <i>Skin<\/i> (zones sensibles), <i>Face<\/i> (visage, sauf sourcils), <i>Body<\/i> (corps en g\u00e9n\u00e9ral) et <i>Bikini<\/i> (aine).<\/li>\n<\/ul>\n<ul>\n<li>Mat\u00e9riel: ABS<\/li>\n<li>Couleur:\n<ul>\n<li>Blanc<\/li>\n<li>Bleu<\/li>\n<\/ul>\n<\/li>\n<li>Type: \u00c9pilateur \u00e9lectrique<\/li>\n<li>Genre: Unisexe<\/li>\n<li>Inclut:\n<ul>\n<li>Lunettes de s\u00e9curit\u00e9 IPL<\/li>\n<li>Adaptateur de courant<\/li>\n<\/ul>\n<\/li>\n<li>Caract\u00e9ristiques: Fonction de refroidissement<\/li>\n<li>2 m\u00e9thodes d\u2019utilisation:\n<ul>\n<li>R\u00e9glage manuel<\/li>\n<li>R\u00e9glage automatique<\/li>\n<\/ul>\n<\/li>\n<li>Niveaux d&#8217;\u00e9nergie:\n<ul>\n<li>5 niveaux d&#8217;intensit\u00e9<\/li>\n<li>11 J\/cm\u00b2 max.<\/li>\n<\/ul>\n<\/li>\n<li>Impulsions lumineuses: 999999 (+\/-1 %)<\/li>\n<li>Zone de traitement: 3 cm\u00b2<\/li>\n<li>Longueur d&#8217;onde: \u2265510 nm<\/li>\n<li>Plage de temp\u00e9ratures de travail: 5 \u2103 &#8211; 40 \u2103<\/li>\n<li>Arr\u00eat Automatique: Oui<\/li>\n<li>Type de prise: C<\/li>\n<li>Longueur du c\u00e2ble: 150 cm<\/li>\n<li>AC In: 100-240 V \/ 50-60 Hz \/ 0,8 A<\/li>\n<li>DC In: 12 V \/ 2 A<\/li>\n<li>Dimensions approx.: 6,5 x 17 x 3,5 cm<\/li>\n<\/ul>\n<p>Packaging et manuel en 24 langues: anglais, fran\u00e7ais, espagnol, allemand, italien, portugais, n\u00e9erlandais, polonais, hongrois, roumain, danois, su\u00e9dois, finnois, lituanien, norv\u00e9gien, slov\u00e8ne, grec, tch\u00e8que, bulgare, croate, slovaque, estonien, russe, letton.<\/p><\/div>\n<div class=\"col-md-6\">\n<div class=\"embed-responsive embed-responsive-16by9\"><iframe class=\"embed-responsive-item\" src=\"https:\/\/www.youtube.com\/embed\/NOKQHrHs03E\" frameborder=\"0\" allowfullscreen><\/iframe><\/div>\n<\/div>","protected":false},"excerpt":{"rendered":"<p>InnovaGoods vous facilite la t\u00e2che pour que votre soin personnel soit une priorit\u00e9 sans excuses. Il vous propose les meilleures nouveaut\u00e9s en mati\u00e8re de beaut\u00e9, de d\u00e9tente et de bien-\u00eatre ! \u00c9pilateur \u00e0 Lumi\u00e8re Puls\u00e9e avec Fonction Froid et Accessoires Kulepil InnovaGoods en est un bon exemple ! D\u00e9couvrez une vaste gamme de produits de [&hellip;]<\/p>\n","protected":false},"featured_media":199936,"comment_status":"open","ping_status":"closed","template":"","meta":[],"product_brand":[256],"product_cat":[63,1825,1060,1059,752,1826,1796],"product_tag":[722,542,723,56],"woo-feed-brand":[],"class_list":{"0":"post-199945","1":"product","2":"type-product","3":"status-publish","4":"has-post-thumbnail","6":"product_brand-brandp_1281","7":"product_cat-cadeaux-originaux","8":"product_cat-cadeaux-pour-soins-personnels","9":"product_cat-epilation-et-rasage","10":"product_cat-esthetique-et-traitements-corporels","11":"product_cat-sante-beaute","12":"product_cat-teleachat-vu-a-la-television-sante-et-beaute-teleshop","13":"product_cat-teleachat-vu-a-la-television","14":"product_tag-tag_923","15":"product_tag-tag_1274","16":"product_tag-tag_1273","17":"product_tag-tag_930","19":"first","20":"instock","21":"taxable","22":"shipping-taxable","23":"purchasable","24":"product-type-simple"},"yoast_head":"<!-- This site is optimized with the Yoast SEO plugin v27.6 - https:\/\/yoast.com\/product\/yoast-seo-wordpress\/ -->\n<title>\u00c9pilateur \u00e0 Lumi\u00e8re Puls\u00e9e avec Fonction Froid et Accessoires Kulepil InnovaGoods | | Tupique<\/title>\n<meta name=\"description\" content=\"Envie d&#039;acheter \u00c9pilateur \u00e0 Lumi\u00e8re Puls\u00e9e avec Fonction Froid et Accessoires Kulepil InnovaGoods\u00a0? Achetez \u00c9pilateur \u00e0 Lumi\u00e8re Puls\u00e9e avec Fonction Froid et Accessoires Kulepil InnovaGoods maintenant avec Tupique en 3 versements sans int\u00e9r\u00eat.\" \/>\n<meta name=\"robots\" content=\"index, follow, max-snippet:-1, max-image-preview:large, max-video-preview:-1\" \/>\n<link rel=\"canonical\" href=\"https:\/\/tupique.com\/en\/product\/epilateur-a-lumiere-pulsee-avec-fonction-froid-et-accessoires-kulepil-innovagoods\/\" \/>\n<meta property=\"og:locale\" content=\"en_GB\" \/>\n<meta property=\"og:type\" content=\"article\" \/>\n<meta property=\"og:title\" content=\"\u00c9pilateur \u00e0 Lumi\u00e8re Puls\u00e9e avec Fonction Froid et Accessoires Kulepil InnovaGoods | | Tupique\" \/>\n<meta property=\"og:description\" content=\"Envie d&#039;acheter \u00c9pilateur \u00e0 Lumi\u00e8re Puls\u00e9e avec Fonction Froid et Accessoires Kulepil InnovaGoods\u00a0? Achetez \u00c9pilateur \u00e0 Lumi\u00e8re Puls\u00e9e avec Fonction Froid et Accessoires Kulepil InnovaGoods maintenant avec Tupique en 3 versements sans int\u00e9r\u00eat.\" \/>\n<meta property=\"og:url\" content=\"https:\/\/tupique.com\/en\/product\/epilateur-a-lumiere-pulsee-avec-fonction-froid-et-accessoires-kulepil-innovagoods\/\" \/>\n<meta property=\"og:site_name\" content=\"Tupique\" \/>\n<meta property=\"og:image\" content=\"https:\/\/tupique.com\/wp-content\/uploads\/2026\/05\/v0103944_001_mkt1.jpg\" \/>\n\t<meta property=\"og:image:width\" content=\"1200\" \/>\n\t<meta property=\"og:image:height\" content=\"1200\" \/>\n\t<meta property=\"og:image:type\" content=\"image\/jpeg\" \/>\n<meta name=\"twitter:card\" content=\"summary_large_image\" \/>\n<meta name=\"twitter:label1\" content=\"Est. reading time\" \/>\n\t<meta name=\"twitter:data1\" content=\"3 minutes\" \/>\n<script type=\"application\/ld+json\" class=\"yoast-schema-graph\">{\"@context\":\"https:\\\/\\\/schema.org\",\"@graph\":[{\"@type\":\"WebPage\",\"@id\":\"https:\\\/\\\/tupique.com\\\/pt\\\/product\\\/epilateur-a-lumiere-pulsee-avec-fonction-froid-et-accessoires-kulepil-innovagoods\\\/\",\"url\":\"https:\\\/\\\/tupique.com\\\/pt\\\/product\\\/epilateur-a-lumiere-pulsee-avec-fonction-froid-et-accessoires-kulepil-innovagoods\\\/\",\"name\":\"\u00c9pilateur \u00e0 Lumi\u00e8re Puls\u00e9e avec Fonction Froid et Accessoires Kulepil InnovaGoods | | Tupique\",\"isPartOf\":{\"@id\":\"https:\\\/\\\/tupique.com\\\/#website\"},\"primaryImageOfPage\":{\"@id\":\"https:\\\/\\\/tupique.com\\\/pt\\\/product\\\/epilateur-a-lumiere-pulsee-avec-fonction-froid-et-accessoires-kulepil-innovagoods\\\/#primaryimage\"},\"image\":{\"@id\":\"https:\\\/\\\/tupique.com\\\/pt\\\/product\\\/epilateur-a-lumiere-pulsee-avec-fonction-froid-et-accessoires-kulepil-innovagoods\\\/#primaryimage\"},\"thumbnailUrl\":\"https:\\\/\\\/tupique.com\\\/wp-content\\\/uploads\\\/2026\\\/05\\\/v0103944_001_mkt1.jpg\",\"datePublished\":\"2026-05-12T09:38:51+00:00\",\"description\":\"Envie d'acheter \u00c9pilateur \u00e0 Lumi\u00e8re Puls\u00e9e avec Fonction Froid et Accessoires Kulepil InnovaGoods\u00a0? Achetez \u00c9pilateur \u00e0 Lumi\u00e8re Puls\u00e9e avec Fonction Froid et Accessoires Kulepil InnovaGoods maintenant avec Tupique en 3 versements sans int\u00e9r\u00eat.\",\"breadcrumb\":{\"@id\":\"https:\\\/\\\/tupique.com\\\/pt\\\/product\\\/epilateur-a-lumiere-pulsee-avec-fonction-froid-et-accessoires-kulepil-innovagoods\\\/#breadcrumb\"},\"inLanguage\":\"en-GB\",\"potentialAction\":[{\"@type\":\"ReadAction\",\"target\":[\"https:\\\/\\\/tupique.com\\\/pt\\\/product\\\/epilateur-a-lumiere-pulsee-avec-fonction-froid-et-accessoires-kulepil-innovagoods\\\/\"]}]},{\"@type\":\"ImageObject\",\"inLanguage\":\"en-GB\",\"@id\":\"https:\\\/\\\/tupique.com\\\/pt\\\/product\\\/epilateur-a-lumiere-pulsee-avec-fonction-froid-et-accessoires-kulepil-innovagoods\\\/#primaryimage\",\"url\":\"https:\\\/\\\/tupique.com\\\/wp-content\\\/uploads\\\/2026\\\/05\\\/v0103944_001_mkt1.jpg\",\"contentUrl\":\"https:\\\/\\\/tupique.com\\\/wp-content\\\/uploads\\\/2026\\\/05\\\/v0103944_001_mkt1.jpg\",\"width\":1200,\"height\":1200,\"caption\":\"V0103944_0\"},{\"@type\":\"BreadcrumbList\",\"@id\":\"https:\\\/\\\/tupique.com\\\/pt\\\/product\\\/epilateur-a-lumiere-pulsee-avec-fonction-froid-et-accessoires-kulepil-innovagoods\\\/#breadcrumb\",\"itemListElement\":[{\"@type\":\"ListItem\",\"position\":1,\"name\":\"commencer\",\"item\":\"https:\\\/\\\/tupique.com\\\/\"},{\"@type\":\"ListItem\",\"position\":2,\"name\":\"Loja\",\"item\":\"https:\\\/\\\/tupique.com\\\/pt\\\/loja\\\/\"},{\"@type\":\"ListItem\",\"position\":3,\"name\":\"\u00c9pilateur \u00e0 Lumi\u00e8re Puls\u00e9e avec Fonction Froid et Accessoires Kulepil InnovaGoods\"}]},{\"@type\":\"WebSite\",\"@id\":\"https:\\\/\\\/tupique.com\\\/#website\",\"url\":\"https:\\\/\\\/tupique.com\\\/\",\"name\":\"Tupique\",\"description\":\"\",\"publisher\":{\"@id\":\"https:\\\/\\\/tupique.com\\\/#organization\"},\"potentialAction\":[{\"@type\":\"SearchAction\",\"target\":{\"@type\":\"EntryPoint\",\"urlTemplate\":\"https:\\\/\\\/tupique.com\\\/?s={search_term_string}\"},\"query-input\":{\"@type\":\"PropertyValueSpecification\",\"valueRequired\":true,\"valueName\":\"search_term_string\"}}],\"inLanguage\":\"en-GB\"},{\"@type\":\"Organization\",\"@id\":\"https:\\\/\\\/tupique.com\\\/#organization\",\"name\":\"Tupique\",\"url\":\"https:\\\/\\\/tupique.com\\\/\",\"logo\":{\"@type\":\"ImageObject\",\"inLanguage\":\"en-GB\",\"@id\":\"https:\\\/\\\/tupique.com\\\/#\\\/schema\\\/logo\\\/image\\\/\",\"url\":\"https:\\\/\\\/tupique.com\\\/wp-content\\\/uploads\\\/2026\\\/03\\\/logo-tupique-1.webp\",\"contentUrl\":\"https:\\\/\\\/tupique.com\\\/wp-content\\\/uploads\\\/2026\\\/03\\\/logo-tupique-1.webp\",\"width\":500,\"height\":67,\"caption\":\"Tupique\"},\"image\":{\"@id\":\"https:\\\/\\\/tupique.com\\\/#\\\/schema\\\/logo\\\/image\\\/\"}}]}<\/script>\n<!-- \/ Yoast SEO plugin. -->","yoast_head_json":{"title":"\u00c9pilateur \u00e0 Lumi\u00e8re Puls\u00e9e avec Fonction Froid et Accessoires Kulepil InnovaGoods | | Tupique","description":"Envie d'acheter \u00c9pilateur \u00e0 Lumi\u00e8re Puls\u00e9e avec Fonction Froid et Accessoires Kulepil InnovaGoods\u00a0? Achetez \u00c9pilateur \u00e0 Lumi\u00e8re Puls\u00e9e avec Fonction Froid et Accessoires Kulepil InnovaGoods maintenant avec Tupique en 3 versements sans int\u00e9r\u00eat.","robots":{"index":"index","follow":"follow","max-snippet":"max-snippet:-1","max-image-preview":"max-image-preview:large","max-video-preview":"max-video-preview:-1"},"canonical":"https:\/\/tupique.com\/en\/product\/epilateur-a-lumiere-pulsee-avec-fonction-froid-et-accessoires-kulepil-innovagoods\/","og_locale":"en_GB","og_type":"article","og_title":"\u00c9pilateur \u00e0 Lumi\u00e8re Puls\u00e9e avec Fonction Froid et Accessoires Kulepil InnovaGoods | | Tupique","og_description":"Envie d'acheter \u00c9pilateur \u00e0 Lumi\u00e8re Puls\u00e9e avec Fonction Froid et Accessoires Kulepil InnovaGoods\u00a0? Achetez \u00c9pilateur \u00e0 Lumi\u00e8re Puls\u00e9e avec Fonction Froid et Accessoires Kulepil InnovaGoods maintenant avec Tupique en 3 versements sans int\u00e9r\u00eat.","og_url":"https:\/\/tupique.com\/en\/product\/epilateur-a-lumiere-pulsee-avec-fonction-froid-et-accessoires-kulepil-innovagoods\/","og_site_name":"Tupique","og_image":[{"width":1200,"height":1200,"url":"https:\/\/tupique.com\/wp-content\/uploads\/2026\/05\/v0103944_001_mkt1.jpg","type":"image\/jpeg"}],"twitter_card":"summary_large_image","twitter_misc":{"Est. reading time":"3 minutes"},"schema":{"@context":"https:\/\/schema.org","@graph":[{"@type":"WebPage","@id":"https:\/\/tupique.com\/pt\/product\/epilateur-a-lumiere-pulsee-avec-fonction-froid-et-accessoires-kulepil-innovagoods\/","url":"https:\/\/tupique.com\/pt\/product\/epilateur-a-lumiere-pulsee-avec-fonction-froid-et-accessoires-kulepil-innovagoods\/","name":"\u00c9pilateur \u00e0 Lumi\u00e8re Puls\u00e9e avec Fonction Froid et Accessoires Kulepil InnovaGoods | | Tupique","isPartOf":{"@id":"https:\/\/tupique.com\/#website"},"primaryImageOfPage":{"@id":"https:\/\/tupique.com\/pt\/product\/epilateur-a-lumiere-pulsee-avec-fonction-froid-et-accessoires-kulepil-innovagoods\/#primaryimage"},"image":{"@id":"https:\/\/tupique.com\/pt\/product\/epilateur-a-lumiere-pulsee-avec-fonction-froid-et-accessoires-kulepil-innovagoods\/#primaryimage"},"thumbnailUrl":"https:\/\/tupique.com\/wp-content\/uploads\/2026\/05\/v0103944_001_mkt1.jpg","datePublished":"2026-05-12T09:38:51+00:00","description":"Envie d'acheter \u00c9pilateur \u00e0 Lumi\u00e8re Puls\u00e9e avec Fonction Froid et Accessoires Kulepil InnovaGoods\u00a0? Achetez \u00c9pilateur \u00e0 Lumi\u00e8re Puls\u00e9e avec Fonction Froid et Accessoires Kulepil InnovaGoods maintenant avec Tupique en 3 versements sans int\u00e9r\u00eat.","breadcrumb":{"@id":"https:\/\/tupique.com\/pt\/product\/epilateur-a-lumiere-pulsee-avec-fonction-froid-et-accessoires-kulepil-innovagoods\/#breadcrumb"},"inLanguage":"en-GB","potentialAction":[{"@type":"ReadAction","target":["https:\/\/tupique.com\/pt\/product\/epilateur-a-lumiere-pulsee-avec-fonction-froid-et-accessoires-kulepil-innovagoods\/"]}]},{"@type":"ImageObject","inLanguage":"en-GB","@id":"https:\/\/tupique.com\/pt\/product\/epilateur-a-lumiere-pulsee-avec-fonction-froid-et-accessoires-kulepil-innovagoods\/#primaryimage","url":"https:\/\/tupique.com\/wp-content\/uploads\/2026\/05\/v0103944_001_mkt1.jpg","contentUrl":"https:\/\/tupique.com\/wp-content\/uploads\/2026\/05\/v0103944_001_mkt1.jpg","width":1200,"height":1200,"caption":"V0103944_0"},{"@type":"BreadcrumbList","@id":"https:\/\/tupique.com\/pt\/product\/epilateur-a-lumiere-pulsee-avec-fonction-froid-et-accessoires-kulepil-innovagoods\/#breadcrumb","itemListElement":[{"@type":"ListItem","position":1,"name":"commencer","item":"https:\/\/tupique.com\/"},{"@type":"ListItem","position":2,"name":"Loja","item":"https:\/\/tupique.com\/pt\/loja\/"},{"@type":"ListItem","position":3,"name":"\u00c9pilateur \u00e0 Lumi\u00e8re Puls\u00e9e avec Fonction Froid et Accessoires Kulepil InnovaGoods"}]},{"@type":"WebSite","@id":"https:\/\/tupique.com\/#website","url":"https:\/\/tupique.com\/","name":"Tupique","description":"","publisher":{"@id":"https:\/\/tupique.com\/#organization"},"potentialAction":[{"@type":"SearchAction","target":{"@type":"EntryPoint","urlTemplate":"https:\/\/tupique.com\/?s={search_term_string}"},"query-input":{"@type":"PropertyValueSpecification","valueRequired":true,"valueName":"search_term_string"}}],"inLanguage":"en-GB"},{"@type":"Organization","@id":"https:\/\/tupique.com\/#organization","name":"Tupique","url":"https:\/\/tupique.com\/","logo":{"@type":"ImageObject","inLanguage":"en-GB","@id":"https:\/\/tupique.com\/#\/schema\/logo\/image\/","url":"https:\/\/tupique.com\/wp-content\/uploads\/2026\/03\/logo-tupique-1.webp","contentUrl":"https:\/\/tupique.com\/wp-content\/uploads\/2026\/03\/logo-tupique-1.webp","width":500,"height":67,"caption":"Tupique"},"image":{"@id":"https:\/\/tupique.com\/#\/schema\/logo\/image\/"}}]}},"_links":{"self":[{"href":"https:\/\/tupique.com\/en\/wp-json\/wp\/v2\/product\/199945","targetHints":{"allow":["GET"]}}],"collection":[{"href":"https:\/\/tupique.com\/en\/wp-json\/wp\/v2\/product"}],"about":[{"href":"https:\/\/tupique.com\/en\/wp-json\/wp\/v2\/types\/product"}],"replies":[{"embeddable":true,"href":"https:\/\/tupique.com\/en\/wp-json\/wp\/v2\/comments?post=199945"}],"wp:featuredmedia":[{"embeddable":true,"href":"https:\/\/tupique.com\/en\/wp-json\/wp\/v2\/media\/199936"}],"wp:attachment":[{"href":"https:\/\/tupique.com\/en\/wp-json\/wp\/v2\/media?parent=199945"}],"wp:term":[{"taxonomy":"product_brand","embeddable":true,"href":"https:\/\/tupique.com\/en\/wp-json\/wp\/v2\/product_brand?post=199945"},{"taxonomy":"product_cat","embeddable":true,"href":"https:\/\/tupique.com\/en\/wp-json\/wp\/v2\/product_cat?post=199945"},{"taxonomy":"product_tag","embeddable":true,"href":"https:\/\/tupique.com\/en\/wp-json\/wp\/v2\/product_tag?post=199945"},{"taxonomy":"woo-feed-brand","embeddable":true,"href":"https:\/\/tupique.com\/en\/wp-json\/wp\/v2\/woo-feed-brand?post=199945"}],"curies":[{"name":"wp","href":"https:\/\/api.w.org\/{rel}","templated":true}]}}