{"id":200242,"date":"2026-05-12T12:02:57","date_gmt":"2026-05-12T10:02:57","guid":{"rendered":"https:\/\/tupique.com\/product\/marbueno-parasol-acero-8-varillas-d300-cm-poliester-blanco-jardin-piscina-10487\/"},"modified":"2026-05-12T12:02:57","modified_gmt":"2026-05-12T10:02:57","slug":"marbueno-parasol-acero-8-varillas-d300-cm-poliester-blanco-jardin-piscina-10487","status":"publish","type":"product","link":"https:\/\/tupique.com\/en\/product\/marbueno-parasol-acero-8-varillas-d300-cm-poliester-blanco-jardin-piscina-10487\/","title":{"rendered":"Marbueno Parasol Acero 8 Varillas D300 cm Poliester Blanco Jardin Piscina 10487"},"content":{"rendered":"<p>Si vous \u00eates \u00e0 la recherche de nouvelles tendances sur le march\u00e9, nous vous pr\u00e9sentons <b>Parasol Marbueno Blanc \u00d8 300 cm<\/b> !<\/p>\n<ul>\n<li>Type: Parasol<\/li>\n<li>Tiges: 8 Tiges<\/li>\n<li>Mati\u00e8re:\n<ul>\n<li>Polyester<\/li>\n<li>Acier<\/li>\n<\/ul>\n<\/li>\n<li>Features:\n<ul>\n<li>R\u00e9sistant aux UV<\/li>\n<li>Pliable<\/li>\n<li>Portable<\/li>\n<li>Haute qualit\u00e9<\/li>\n<li>Favorise la circulation de l\u2019air<\/li>\n<\/ul>\n<\/li>\n<li>M\u00e9canisme: Manivelle rotative<\/li>\n<li>Design:\n<ul>\n<li>Moderne<\/li>\n<li>\u00c9l\u00e9gant<\/li>\n<\/ul>\n<\/li>\n<li>Inclut: Housse de transport<\/li>\n<li>Installation simple: Facile \u00e0 monter et \u00e0 d\u00e9monter<\/li>\n<li>Non inclut: Base ou soutien<\/li>\n<li>Couleur: Blanc<\/li>\n<li>diam\u00e8tre approx.: \u00d8 300 cm<\/li>\n<li>Recommended use:\n<ul>\n<li>Plage<\/li>\n<li>Ext\u00e9rieur<\/li>\n<li>Jardin<\/li>\n<li>Camping<\/li>\n<\/ul>\n<\/li>\n<\/ul>","protected":false},"excerpt":{"rendered":"<p>Si vous \u00eates \u00e0 la recherche de nouvelles tendances sur le march\u00e9, nous vous pr\u00e9sentons Parasol Marbueno Blanc \u00d8 300 cm ! Type: Parasol Tiges: 8 Tiges Mati\u00e8re: Polyester Acier Caract\u00e9ristiques: R\u00e9sistant aux UV Pliable Portable Haute qualit\u00e9 Favorise la circulation de l\u2019air M\u00e9canisme: Manivelle rotative Design: Moderne \u00c9l\u00e9gant Inclut: Housse de transport Installation simple: [&hellip;]<\/p>\n","protected":false},"featured_media":200240,"comment_status":"open","ping_status":"closed","template":"","meta":[],"product_brand":[2702],"product_cat":[759,239,974],"product_tag":[721,1816,211],"woo-feed-brand":[],"class_list":{"0":"post-200242","1":"product","2":"type-product","3":"status-publish","4":"has-post-thumbnail","6":"product_brand-brandp_9028","7":"product_cat-jardin-et-terrasse","8":"product_cat-maison-jardin","9":"product_cat-mobilier-d-exterieur","10":"product_tag-tag_124","11":"product_tag-tag_1272","12":"product_tag-tag_3","14":"first","15":"instock","16":"taxable","17":"shipping-taxable","18":"purchasable","19":"product-type-simple"},"yoast_head":"<!-- This site is optimized with the Yoast SEO plugin v27.6 - https:\/\/yoast.com\/product\/yoast-seo-wordpress\/ -->\n<title>Marbueno Parasol Acero 8 Varillas D300 cm Poliester Blanco Jardin Piscina 10487 | | Tupique<\/title>\n<meta name=\"description\" content=\"Envie d&#039;acheter Marbueno Parasol Acero 8 Varillas D300 cm Poliester Blanco Jardin Piscina 10487\u00a0? Achetez Marbueno Parasol Acero 8 Varillas D300 cm Poliester Blanco Jardin Piscina 10487 maintenant avec Tupique en 3 versements sans int\u00e9r\u00eat.\" \/>\n<meta name=\"robots\" content=\"index, follow, max-snippet:-1, max-image-preview:large, max-video-preview:-1\" \/>\n<link rel=\"canonical\" href=\"https:\/\/tupique.com\/en\/product\/marbueno-parasol-acero-8-varillas-d300-cm-poliester-blanco-jardin-piscina-10487\/\" \/>\n<meta property=\"og:locale\" content=\"en_GB\" \/>\n<meta property=\"og:type\" content=\"article\" \/>\n<meta property=\"og:title\" content=\"Marbueno Parasol Acero 8 Varillas D300 cm Poliester Blanco Jardin Piscina 10487 | | Tupique\" \/>\n<meta property=\"og:description\" content=\"Envie d&#039;acheter Marbueno Parasol Acero 8 Varillas D300 cm Poliester Blanco Jardin Piscina 10487\u00a0? Achetez Marbueno Parasol Acero 8 Varillas D300 cm Poliester Blanco Jardin Piscina 10487 maintenant avec Tupique en 3 versements sans int\u00e9r\u00eat.\" \/>\n<meta property=\"og:url\" content=\"https:\/\/tupique.com\/en\/product\/marbueno-parasol-acero-8-varillas-d300-cm-poliester-blanco-jardin-piscina-10487\/\" \/>\n<meta property=\"og:site_name\" content=\"Tupique\" \/>\n<meta property=\"og:image\" content=\"https:\/\/tupique.com\/wp-content\/uploads\/2026\/05\/8435631904878_D1400822_P00.jpg\" \/>\n\t<meta property=\"og:image:width\" content=\"1200\" \/>\n\t<meta property=\"og:image:height\" content=\"1200\" \/>\n\t<meta property=\"og:image:type\" content=\"image\/jpeg\" \/>\n<meta name=\"twitter:card\" content=\"summary_large_image\" \/>\n<script type=\"application\/ld+json\" class=\"yoast-schema-graph\">{\"@context\":\"https:\\\/\\\/schema.org\",\"@graph\":[{\"@type\":\"WebPage\",\"@id\":\"https:\\\/\\\/tupique.com\\\/product\\\/marbueno-parasol-acero-8-varillas-d300-cm-poliester-blanco-jardin-piscina-10487\\\/\",\"url\":\"https:\\\/\\\/tupique.com\\\/product\\\/marbueno-parasol-acero-8-varillas-d300-cm-poliester-blanco-jardin-piscina-10487\\\/\",\"name\":\"Marbueno Parasol Acero 8 Varillas D300 cm Poliester Blanco Jardin Piscina 10487 | | Tupique\",\"isPartOf\":{\"@id\":\"https:\\\/\\\/tupique.com\\\/#website\"},\"primaryImageOfPage\":{\"@id\":\"https:\\\/\\\/tupique.com\\\/product\\\/marbueno-parasol-acero-8-varillas-d300-cm-poliester-blanco-jardin-piscina-10487\\\/#primaryimage\"},\"image\":{\"@id\":\"https:\\\/\\\/tupique.com\\\/product\\\/marbueno-parasol-acero-8-varillas-d300-cm-poliester-blanco-jardin-piscina-10487\\\/#primaryimage\"},\"thumbnailUrl\":\"https:\\\/\\\/tupique.com\\\/wp-content\\\/uploads\\\/2026\\\/05\\\/8435631904878_D1400822_P00.jpg\",\"datePublished\":\"2026-05-12T10:02:57+00:00\",\"description\":\"Envie d'acheter Marbueno Parasol Acero 8 Varillas D300 cm Poliester Blanco Jardin Piscina 10487\u00a0? Achetez Marbueno Parasol Acero 8 Varillas D300 cm Poliester Blanco Jardin Piscina 10487 maintenant avec Tupique en 3 versements sans int\u00e9r\u00eat.\",\"breadcrumb\":{\"@id\":\"https:\\\/\\\/tupique.com\\\/product\\\/marbueno-parasol-acero-8-varillas-d300-cm-poliester-blanco-jardin-piscina-10487\\\/#breadcrumb\"},\"inLanguage\":\"en-GB\",\"potentialAction\":[{\"@type\":\"ReadAction\",\"target\":[\"https:\\\/\\\/tupique.com\\\/product\\\/marbueno-parasol-acero-8-varillas-d300-cm-poliester-blanco-jardin-piscina-10487\\\/\"]}]},{\"@type\":\"ImageObject\",\"inLanguage\":\"en-GB\",\"@id\":\"https:\\\/\\\/tupique.com\\\/product\\\/marbueno-parasol-acero-8-varillas-d300-cm-poliester-blanco-jardin-piscina-10487\\\/#primaryimage\",\"url\":\"https:\\\/\\\/tupique.com\\\/wp-content\\\/uploads\\\/2026\\\/05\\\/8435631904878_D1400822_P00.jpg\",\"contentUrl\":\"https:\\\/\\\/tupique.com\\\/wp-content\\\/uploads\\\/2026\\\/05\\\/8435631904878_D1400822_P00.jpg\",\"width\":1200,\"height\":1200,\"caption\":\"D1400822_0\"},{\"@type\":\"BreadcrumbList\",\"@id\":\"https:\\\/\\\/tupique.com\\\/product\\\/marbueno-parasol-acero-8-varillas-d300-cm-poliester-blanco-jardin-piscina-10487\\\/#breadcrumb\",\"itemListElement\":[{\"@type\":\"ListItem\",\"position\":1,\"name\":\"commencer\",\"item\":\"https:\\\/\\\/tupique.com\\\/\"},{\"@type\":\"ListItem\",\"position\":2,\"name\":\"Loja\",\"item\":\"https:\\\/\\\/tupique.com\\\/pt\\\/loja\\\/\"},{\"@type\":\"ListItem\",\"position\":3,\"name\":\"Marbueno Parasol Acero 8 Varillas D300 cm Poliester Blanco Jardin Piscina 10487\"}]},{\"@type\":\"WebSite\",\"@id\":\"https:\\\/\\\/tupique.com\\\/#website\",\"url\":\"https:\\\/\\\/tupique.com\\\/\",\"name\":\"Tupique\",\"description\":\"\",\"publisher\":{\"@id\":\"https:\\\/\\\/tupique.com\\\/#organization\"},\"potentialAction\":[{\"@type\":\"SearchAction\",\"target\":{\"@type\":\"EntryPoint\",\"urlTemplate\":\"https:\\\/\\\/tupique.com\\\/?s={search_term_string}\"},\"query-input\":{\"@type\":\"PropertyValueSpecification\",\"valueRequired\":true,\"valueName\":\"search_term_string\"}}],\"inLanguage\":\"en-GB\"},{\"@type\":\"Organization\",\"@id\":\"https:\\\/\\\/tupique.com\\\/#organization\",\"name\":\"Tupique\",\"url\":\"https:\\\/\\\/tupique.com\\\/\",\"logo\":{\"@type\":\"ImageObject\",\"inLanguage\":\"en-GB\",\"@id\":\"https:\\\/\\\/tupique.com\\\/#\\\/schema\\\/logo\\\/image\\\/\",\"url\":\"https:\\\/\\\/tupique.com\\\/wp-content\\\/uploads\\\/2026\\\/03\\\/logo-tupique-1.webp\",\"contentUrl\":\"https:\\\/\\\/tupique.com\\\/wp-content\\\/uploads\\\/2026\\\/03\\\/logo-tupique-1.webp\",\"width\":500,\"height\":67,\"caption\":\"Tupique\"},\"image\":{\"@id\":\"https:\\\/\\\/tupique.com\\\/#\\\/schema\\\/logo\\\/image\\\/\"}}]}<\/script>\n<!-- \/ Yoast SEO plugin. -->","yoast_head_json":{"title":"Marbueno Parasol Acero 8 Varillas D300 cm Poliester Blanco Jardin Piscina 10487 | | Tupique","description":"Envie d'acheter Marbueno Parasol Acero 8 Varillas D300 cm Poliester Blanco Jardin Piscina 10487\u00a0? Achetez Marbueno Parasol Acero 8 Varillas D300 cm Poliester Blanco Jardin Piscina 10487 maintenant avec Tupique en 3 versements sans int\u00e9r\u00eat.","robots":{"index":"index","follow":"follow","max-snippet":"max-snippet:-1","max-image-preview":"max-image-preview:large","max-video-preview":"max-video-preview:-1"},"canonical":"https:\/\/tupique.com\/en\/product\/marbueno-parasol-acero-8-varillas-d300-cm-poliester-blanco-jardin-piscina-10487\/","og_locale":"en_GB","og_type":"article","og_title":"Marbueno Parasol Acero 8 Varillas D300 cm Poliester Blanco Jardin Piscina 10487 | | Tupique","og_description":"Envie d'acheter Marbueno Parasol Acero 8 Varillas D300 cm Poliester Blanco Jardin Piscina 10487\u00a0? Achetez Marbueno Parasol Acero 8 Varillas D300 cm Poliester Blanco Jardin Piscina 10487 maintenant avec Tupique en 3 versements sans int\u00e9r\u00eat.","og_url":"https:\/\/tupique.com\/en\/product\/marbueno-parasol-acero-8-varillas-d300-cm-poliester-blanco-jardin-piscina-10487\/","og_site_name":"Tupique","og_image":[{"width":1200,"height":1200,"url":"https:\/\/tupique.com\/wp-content\/uploads\/2026\/05\/8435631904878_D1400822_P00.jpg","type":"image\/jpeg"}],"twitter_card":"summary_large_image","schema":{"@context":"https:\/\/schema.org","@graph":[{"@type":"WebPage","@id":"https:\/\/tupique.com\/product\/marbueno-parasol-acero-8-varillas-d300-cm-poliester-blanco-jardin-piscina-10487\/","url":"https:\/\/tupique.com\/product\/marbueno-parasol-acero-8-varillas-d300-cm-poliester-blanco-jardin-piscina-10487\/","name":"Marbueno Parasol Acero 8 Varillas D300 cm Poliester Blanco Jardin Piscina 10487 | | Tupique","isPartOf":{"@id":"https:\/\/tupique.com\/#website"},"primaryImageOfPage":{"@id":"https:\/\/tupique.com\/product\/marbueno-parasol-acero-8-varillas-d300-cm-poliester-blanco-jardin-piscina-10487\/#primaryimage"},"image":{"@id":"https:\/\/tupique.com\/product\/marbueno-parasol-acero-8-varillas-d300-cm-poliester-blanco-jardin-piscina-10487\/#primaryimage"},"thumbnailUrl":"https:\/\/tupique.com\/wp-content\/uploads\/2026\/05\/8435631904878_D1400822_P00.jpg","datePublished":"2026-05-12T10:02:57+00:00","description":"Envie d'acheter Marbueno Parasol Acero 8 Varillas D300 cm Poliester Blanco Jardin Piscina 10487\u00a0? Achetez Marbueno Parasol Acero 8 Varillas D300 cm Poliester Blanco Jardin Piscina 10487 maintenant avec Tupique en 3 versements sans int\u00e9r\u00eat.","breadcrumb":{"@id":"https:\/\/tupique.com\/product\/marbueno-parasol-acero-8-varillas-d300-cm-poliester-blanco-jardin-piscina-10487\/#breadcrumb"},"inLanguage":"en-GB","potentialAction":[{"@type":"ReadAction","target":["https:\/\/tupique.com\/product\/marbueno-parasol-acero-8-varillas-d300-cm-poliester-blanco-jardin-piscina-10487\/"]}]},{"@type":"ImageObject","inLanguage":"en-GB","@id":"https:\/\/tupique.com\/product\/marbueno-parasol-acero-8-varillas-d300-cm-poliester-blanco-jardin-piscina-10487\/#primaryimage","url":"https:\/\/tupique.com\/wp-content\/uploads\/2026\/05\/8435631904878_D1400822_P00.jpg","contentUrl":"https:\/\/tupique.com\/wp-content\/uploads\/2026\/05\/8435631904878_D1400822_P00.jpg","width":1200,"height":1200,"caption":"D1400822_0"},{"@type":"BreadcrumbList","@id":"https:\/\/tupique.com\/product\/marbueno-parasol-acero-8-varillas-d300-cm-poliester-blanco-jardin-piscina-10487\/#breadcrumb","itemListElement":[{"@type":"ListItem","position":1,"name":"commencer","item":"https:\/\/tupique.com\/"},{"@type":"ListItem","position":2,"name":"Loja","item":"https:\/\/tupique.com\/pt\/loja\/"},{"@type":"ListItem","position":3,"name":"Marbueno Parasol Acero 8 Varillas D300 cm Poliester Blanco Jardin Piscina 10487"}]},{"@type":"WebSite","@id":"https:\/\/tupique.com\/#website","url":"https:\/\/tupique.com\/","name":"Tupique","description":"","publisher":{"@id":"https:\/\/tupique.com\/#organization"},"potentialAction":[{"@type":"SearchAction","target":{"@type":"EntryPoint","urlTemplate":"https:\/\/tupique.com\/?s={search_term_string}"},"query-input":{"@type":"PropertyValueSpecification","valueRequired":true,"valueName":"search_term_string"}}],"inLanguage":"en-GB"},{"@type":"Organization","@id":"https:\/\/tupique.com\/#organization","name":"Tupique","url":"https:\/\/tupique.com\/","logo":{"@type":"ImageObject","inLanguage":"en-GB","@id":"https:\/\/tupique.com\/#\/schema\/logo\/image\/","url":"https:\/\/tupique.com\/wp-content\/uploads\/2026\/03\/logo-tupique-1.webp","contentUrl":"https:\/\/tupique.com\/wp-content\/uploads\/2026\/03\/logo-tupique-1.webp","width":500,"height":67,"caption":"Tupique"},"image":{"@id":"https:\/\/tupique.com\/#\/schema\/logo\/image\/"}}]}},"_links":{"self":[{"href":"https:\/\/tupique.com\/en\/wp-json\/wp\/v2\/product\/200242","targetHints":{"allow":["GET"]}}],"collection":[{"href":"https:\/\/tupique.com\/en\/wp-json\/wp\/v2\/product"}],"about":[{"href":"https:\/\/tupique.com\/en\/wp-json\/wp\/v2\/types\/product"}],"replies":[{"embeddable":true,"href":"https:\/\/tupique.com\/en\/wp-json\/wp\/v2\/comments?post=200242"}],"wp:featuredmedia":[{"embeddable":true,"href":"https:\/\/tupique.com\/en\/wp-json\/wp\/v2\/media\/200240"}],"wp:attachment":[{"href":"https:\/\/tupique.com\/en\/wp-json\/wp\/v2\/media?parent=200242"}],"wp:term":[{"taxonomy":"product_brand","embeddable":true,"href":"https:\/\/tupique.com\/en\/wp-json\/wp\/v2\/product_brand?post=200242"},{"taxonomy":"product_cat","embeddable":true,"href":"https:\/\/tupique.com\/en\/wp-json\/wp\/v2\/product_cat?post=200242"},{"taxonomy":"product_tag","embeddable":true,"href":"https:\/\/tupique.com\/en\/wp-json\/wp\/v2\/product_tag?post=200242"},{"taxonomy":"woo-feed-brand","embeddable":true,"href":"https:\/\/tupique.com\/en\/wp-json\/wp\/v2\/woo-feed-brand?post=200242"}],"curies":[{"name":"wp","href":"https:\/\/api.w.org\/{rel}","templated":true}]}}