{"id":200323,"date":"2026-05-12T12:05:39","date_gmt":"2026-05-12T10:05:39","guid":{"rendered":"https:\/\/tupique.com\/product\/marbueno-base-parasol-rond-45x36-cm-20kg-blanc-jardin-piscine-et-terrasse-10451\/"},"modified":"2026-05-12T12:15:14","modified_gmt":"2026-05-12T10:15:14","slug":"marbueno-base-parasol-rond-45x36-cm-20kg-blanc-jardin-piscine-et-terrasse-10451","status":"publish","type":"product","link":"https:\/\/tupique.com\/en\/product\/marbueno-base-parasol-rond-45x36-cm-20kg-blanc-jardin-piscine-et-terrasse-10451\/","title":{"rendered":"Marbueno Base Parasol Rond 45&#215;36 cm 20KG Blanc Jardin, Piscine et Terrasse 10451"},"content":{"rendered":"<p>Vous voulez donner une touche d&#8217;originalit\u00e9 \u00e0 votre maison ? Vous y arriverez gr\u00e2ce au <b>Base pour parapluie Marbueno Blanc 45 x 36 x 45 cm Ronde<\/b>.<\/p>\n<ul>\n<li>M\u00e9canisme: Manivelle rotative<\/li>\n<li>Design: Moderne<\/li>\n<li>Caract\u00e9ristiques: Haute qualit\u00e9<\/li>\n<li>Forme: Ronde<\/li>\n<li>Poids approx.: 20 kg<\/li>\n<li>Type: Base pour parapluie<\/li>\n<li>Couleur: Blanc<\/li>\n<li>Mati\u00e8re: Ciment<\/li>\n<li>Recommended use:\n<ul>\n<li>Ext\u00e9rieur<\/li>\n<li>Jardin<\/li>\n<li>Terrasse<\/li>\n<\/ul>\n<\/li>\n<li>Dimensions approx.: 45 x 36 x 45 cm<\/li>\n<\/ul>","protected":false},"excerpt":{"rendered":"<p>Vous voulez donner une touche d&#8217;originalit\u00e9 \u00e0 votre maison ? Vous y arriverez gr\u00e2ce au Base pour parapluie Marbueno Blanc 45 x 36 x 45 cm Ronde. M\u00e9canisme: Manivelle rotative Design: Moderne Caract\u00e9ristiques: Haute qualit\u00e9 Forme: Ronde Poids approx.: 20 kg Type: Base pour parapluie Couleur: Blanc Mati\u00e8re: Ciment Utilisation recommand\u00e9e: Ext\u00e9rieur Jardin Terrasse Dimensions [&hellip;]<\/p>\n","protected":false},"featured_media":200321,"comment_status":"open","ping_status":"closed","template":"","meta":[],"product_brand":[2702],"product_cat":[759,239,974],"product_tag":[721,1816,211],"woo-feed-brand":[],"class_list":{"0":"post-200323","1":"product","2":"type-product","3":"status-publish","4":"has-post-thumbnail","6":"product_brand-brandp_9028","7":"product_cat-jardin-et-terrasse","8":"product_cat-maison-jardin","9":"product_cat-mobilier-d-exterieur","10":"product_tag-tag_124","11":"product_tag-tag_1272","12":"product_tag-tag_3","14":"first","15":"instock","16":"taxable","17":"shipping-taxable","18":"purchasable","19":"product-type-simple"},"yoast_head":"<!-- This site is optimized with the Yoast SEO plugin v27.6 - https:\/\/yoast.com\/product\/yoast-seo-wordpress\/ -->\n<title>Marbueno Base Parasol Rond 45x36 cm 20KG Blanc Jardin, Piscine et Terrasse 10451 | | Tupique<\/title>\n<meta name=\"description\" content=\"Envie d&#039;acheter Marbueno Base Parasol Rond 45x36 cm 20KG Blanc Jardin, Piscine et Terrasse 10451\u00a0? Achetez Marbueno Base Parasol Rond 45x36 cm 20KG Blanc Jardin, Piscine et Terrasse 10451 maintenant avec Tupique en 3 versements sans int\u00e9r\u00eat.\" \/>\n<meta name=\"robots\" content=\"index, follow, max-snippet:-1, max-image-preview:large, max-video-preview:-1\" \/>\n<link rel=\"canonical\" href=\"https:\/\/tupique.com\/en\/product\/marbueno-base-parasol-rond-45x36-cm-20kg-blanc-jardin-piscine-et-terrasse-10451\/\" \/>\n<meta property=\"og:locale\" content=\"en_GB\" \/>\n<meta property=\"og:type\" content=\"article\" \/>\n<meta property=\"og:title\" content=\"Marbueno Base Parasol Rond 45x36 cm 20KG Blanc Jardin, Piscine et Terrasse 10451 | | Tupique\" \/>\n<meta property=\"og:description\" content=\"Envie d&#039;acheter Marbueno Base Parasol Rond 45x36 cm 20KG Blanc Jardin, Piscine et Terrasse 10451\u00a0? Achetez Marbueno Base Parasol Rond 45x36 cm 20KG Blanc Jardin, Piscine et Terrasse 10451 maintenant avec Tupique en 3 versements sans int\u00e9r\u00eat.\" \/>\n<meta property=\"og:url\" content=\"https:\/\/tupique.com\/en\/product\/marbueno-base-parasol-rond-45x36-cm-20kg-blanc-jardin-piscine-et-terrasse-10451\/\" \/>\n<meta property=\"og:site_name\" content=\"Tupique\" \/>\n<meta property=\"article:modified_time\" content=\"2026-05-12T10:15:14+00:00\" \/>\n<meta property=\"og:image\" content=\"https:\/\/tupique.com\/wp-content\/uploads\/2026\/05\/8435631904519_D1400793_P00.jpg\" \/>\n\t<meta property=\"og:image:width\" content=\"1200\" \/>\n\t<meta property=\"og:image:height\" content=\"1200\" \/>\n\t<meta property=\"og:image:type\" content=\"image\/jpeg\" \/>\n<meta name=\"twitter:card\" content=\"summary_large_image\" \/>\n<script type=\"application\/ld+json\" class=\"yoast-schema-graph\">{\"@context\":\"https:\\\/\\\/schema.org\",\"@graph\":[{\"@type\":\"WebPage\",\"@id\":\"https:\\\/\\\/tupique.com\\\/product\\\/marbueno-base-parasol-rond-45x36-cm-20kg-blanc-jardin-piscine-et-terrasse-10451\\\/\",\"url\":\"https:\\\/\\\/tupique.com\\\/product\\\/marbueno-base-parasol-rond-45x36-cm-20kg-blanc-jardin-piscine-et-terrasse-10451\\\/\",\"name\":\"Marbueno Base Parasol Rond 45x36 cm 20KG Blanc Jardin, Piscine et Terrasse 10451 | | Tupique\",\"isPartOf\":{\"@id\":\"https:\\\/\\\/tupique.com\\\/#website\"},\"primaryImageOfPage\":{\"@id\":\"https:\\\/\\\/tupique.com\\\/product\\\/marbueno-base-parasol-rond-45x36-cm-20kg-blanc-jardin-piscine-et-terrasse-10451\\\/#primaryimage\"},\"image\":{\"@id\":\"https:\\\/\\\/tupique.com\\\/product\\\/marbueno-base-parasol-rond-45x36-cm-20kg-blanc-jardin-piscine-et-terrasse-10451\\\/#primaryimage\"},\"thumbnailUrl\":\"https:\\\/\\\/tupique.com\\\/wp-content\\\/uploads\\\/2026\\\/05\\\/8435631904519_D1400793_P00.jpg\",\"datePublished\":\"2026-05-12T10:05:39+00:00\",\"dateModified\":\"2026-05-12T10:15:14+00:00\",\"description\":\"Envie d'acheter Marbueno Base Parasol Rond 45x36 cm 20KG Blanc Jardin, Piscine et Terrasse 10451\u00a0? Achetez Marbueno Base Parasol Rond 45x36 cm 20KG Blanc Jardin, Piscine et Terrasse 10451 maintenant avec Tupique en 3 versements sans int\u00e9r\u00eat.\",\"breadcrumb\":{\"@id\":\"https:\\\/\\\/tupique.com\\\/product\\\/marbueno-base-parasol-rond-45x36-cm-20kg-blanc-jardin-piscine-et-terrasse-10451\\\/#breadcrumb\"},\"inLanguage\":\"en-GB\",\"potentialAction\":[{\"@type\":\"ReadAction\",\"target\":[\"https:\\\/\\\/tupique.com\\\/product\\\/marbueno-base-parasol-rond-45x36-cm-20kg-blanc-jardin-piscine-et-terrasse-10451\\\/\"]}]},{\"@type\":\"ImageObject\",\"inLanguage\":\"en-GB\",\"@id\":\"https:\\\/\\\/tupique.com\\\/product\\\/marbueno-base-parasol-rond-45x36-cm-20kg-blanc-jardin-piscine-et-terrasse-10451\\\/#primaryimage\",\"url\":\"https:\\\/\\\/tupique.com\\\/wp-content\\\/uploads\\\/2026\\\/05\\\/8435631904519_D1400793_P00.jpg\",\"contentUrl\":\"https:\\\/\\\/tupique.com\\\/wp-content\\\/uploads\\\/2026\\\/05\\\/8435631904519_D1400793_P00.jpg\",\"width\":1200,\"height\":1200,\"caption\":\"D1400793_0\"},{\"@type\":\"BreadcrumbList\",\"@id\":\"https:\\\/\\\/tupique.com\\\/product\\\/marbueno-base-parasol-rond-45x36-cm-20kg-blanc-jardin-piscine-et-terrasse-10451\\\/#breadcrumb\",\"itemListElement\":[{\"@type\":\"ListItem\",\"position\":1,\"name\":\"commencer\",\"item\":\"https:\\\/\\\/tupique.com\\\/\"},{\"@type\":\"ListItem\",\"position\":2,\"name\":\"Loja\",\"item\":\"https:\\\/\\\/tupique.com\\\/pt\\\/loja\\\/\"},{\"@type\":\"ListItem\",\"position\":3,\"name\":\"Marbueno Base Parasol Rond 45&#215;36 cm 20KG Blanc Jardin, Piscine et Terrasse 10451\"}]},{\"@type\":\"WebSite\",\"@id\":\"https:\\\/\\\/tupique.com\\\/#website\",\"url\":\"https:\\\/\\\/tupique.com\\\/\",\"name\":\"Tupique\",\"description\":\"\",\"publisher\":{\"@id\":\"https:\\\/\\\/tupique.com\\\/#organization\"},\"potentialAction\":[{\"@type\":\"SearchAction\",\"target\":{\"@type\":\"EntryPoint\",\"urlTemplate\":\"https:\\\/\\\/tupique.com\\\/?s={search_term_string}\"},\"query-input\":{\"@type\":\"PropertyValueSpecification\",\"valueRequired\":true,\"valueName\":\"search_term_string\"}}],\"inLanguage\":\"en-GB\"},{\"@type\":\"Organization\",\"@id\":\"https:\\\/\\\/tupique.com\\\/#organization\",\"name\":\"Tupique\",\"url\":\"https:\\\/\\\/tupique.com\\\/\",\"logo\":{\"@type\":\"ImageObject\",\"inLanguage\":\"en-GB\",\"@id\":\"https:\\\/\\\/tupique.com\\\/#\\\/schema\\\/logo\\\/image\\\/\",\"url\":\"https:\\\/\\\/tupique.com\\\/wp-content\\\/uploads\\\/2026\\\/03\\\/logo-tupique-1.webp\",\"contentUrl\":\"https:\\\/\\\/tupique.com\\\/wp-content\\\/uploads\\\/2026\\\/03\\\/logo-tupique-1.webp\",\"width\":500,\"height\":67,\"caption\":\"Tupique\"},\"image\":{\"@id\":\"https:\\\/\\\/tupique.com\\\/#\\\/schema\\\/logo\\\/image\\\/\"}}]}<\/script>\n<!-- \/ Yoast SEO plugin. -->","yoast_head_json":{"title":"Marbueno Base Parasol Rond 45x36 cm 20KG Blanc Jardin, Piscine et Terrasse 10451 | | Tupique","description":"Envie d'acheter Marbueno Base Parasol Rond 45x36 cm 20KG Blanc Jardin, Piscine et Terrasse 10451\u00a0? Achetez Marbueno Base Parasol Rond 45x36 cm 20KG Blanc Jardin, Piscine et Terrasse 10451 maintenant avec Tupique en 3 versements sans int\u00e9r\u00eat.","robots":{"index":"index","follow":"follow","max-snippet":"max-snippet:-1","max-image-preview":"max-image-preview:large","max-video-preview":"max-video-preview:-1"},"canonical":"https:\/\/tupique.com\/en\/product\/marbueno-base-parasol-rond-45x36-cm-20kg-blanc-jardin-piscine-et-terrasse-10451\/","og_locale":"en_GB","og_type":"article","og_title":"Marbueno Base Parasol Rond 45x36 cm 20KG Blanc Jardin, Piscine et Terrasse 10451 | | Tupique","og_description":"Envie d'acheter Marbueno Base Parasol Rond 45x36 cm 20KG Blanc Jardin, Piscine et Terrasse 10451\u00a0? Achetez Marbueno Base Parasol Rond 45x36 cm 20KG Blanc Jardin, Piscine et Terrasse 10451 maintenant avec Tupique en 3 versements sans int\u00e9r\u00eat.","og_url":"https:\/\/tupique.com\/en\/product\/marbueno-base-parasol-rond-45x36-cm-20kg-blanc-jardin-piscine-et-terrasse-10451\/","og_site_name":"Tupique","article_modified_time":"2026-05-12T10:15:14+00:00","og_image":[{"width":1200,"height":1200,"url":"https:\/\/tupique.com\/wp-content\/uploads\/2026\/05\/8435631904519_D1400793_P00.jpg","type":"image\/jpeg"}],"twitter_card":"summary_large_image","schema":{"@context":"https:\/\/schema.org","@graph":[{"@type":"WebPage","@id":"https:\/\/tupique.com\/product\/marbueno-base-parasol-rond-45x36-cm-20kg-blanc-jardin-piscine-et-terrasse-10451\/","url":"https:\/\/tupique.com\/product\/marbueno-base-parasol-rond-45x36-cm-20kg-blanc-jardin-piscine-et-terrasse-10451\/","name":"Marbueno Base Parasol Rond 45x36 cm 20KG Blanc Jardin, Piscine et Terrasse 10451 | | Tupique","isPartOf":{"@id":"https:\/\/tupique.com\/#website"},"primaryImageOfPage":{"@id":"https:\/\/tupique.com\/product\/marbueno-base-parasol-rond-45x36-cm-20kg-blanc-jardin-piscine-et-terrasse-10451\/#primaryimage"},"image":{"@id":"https:\/\/tupique.com\/product\/marbueno-base-parasol-rond-45x36-cm-20kg-blanc-jardin-piscine-et-terrasse-10451\/#primaryimage"},"thumbnailUrl":"https:\/\/tupique.com\/wp-content\/uploads\/2026\/05\/8435631904519_D1400793_P00.jpg","datePublished":"2026-05-12T10:05:39+00:00","dateModified":"2026-05-12T10:15:14+00:00","description":"Envie d'acheter Marbueno Base Parasol Rond 45x36 cm 20KG Blanc Jardin, Piscine et Terrasse 10451\u00a0? Achetez Marbueno Base Parasol Rond 45x36 cm 20KG Blanc Jardin, Piscine et Terrasse 10451 maintenant avec Tupique en 3 versements sans int\u00e9r\u00eat.","breadcrumb":{"@id":"https:\/\/tupique.com\/product\/marbueno-base-parasol-rond-45x36-cm-20kg-blanc-jardin-piscine-et-terrasse-10451\/#breadcrumb"},"inLanguage":"en-GB","potentialAction":[{"@type":"ReadAction","target":["https:\/\/tupique.com\/product\/marbueno-base-parasol-rond-45x36-cm-20kg-blanc-jardin-piscine-et-terrasse-10451\/"]}]},{"@type":"ImageObject","inLanguage":"en-GB","@id":"https:\/\/tupique.com\/product\/marbueno-base-parasol-rond-45x36-cm-20kg-blanc-jardin-piscine-et-terrasse-10451\/#primaryimage","url":"https:\/\/tupique.com\/wp-content\/uploads\/2026\/05\/8435631904519_D1400793_P00.jpg","contentUrl":"https:\/\/tupique.com\/wp-content\/uploads\/2026\/05\/8435631904519_D1400793_P00.jpg","width":1200,"height":1200,"caption":"D1400793_0"},{"@type":"BreadcrumbList","@id":"https:\/\/tupique.com\/product\/marbueno-base-parasol-rond-45x36-cm-20kg-blanc-jardin-piscine-et-terrasse-10451\/#breadcrumb","itemListElement":[{"@type":"ListItem","position":1,"name":"commencer","item":"https:\/\/tupique.com\/"},{"@type":"ListItem","position":2,"name":"Loja","item":"https:\/\/tupique.com\/pt\/loja\/"},{"@type":"ListItem","position":3,"name":"Marbueno Base Parasol Rond 45&#215;36 cm 20KG Blanc Jardin, Piscine et Terrasse 10451"}]},{"@type":"WebSite","@id":"https:\/\/tupique.com\/#website","url":"https:\/\/tupique.com\/","name":"Tupique","description":"","publisher":{"@id":"https:\/\/tupique.com\/#organization"},"potentialAction":[{"@type":"SearchAction","target":{"@type":"EntryPoint","urlTemplate":"https:\/\/tupique.com\/?s={search_term_string}"},"query-input":{"@type":"PropertyValueSpecification","valueRequired":true,"valueName":"search_term_string"}}],"inLanguage":"en-GB"},{"@type":"Organization","@id":"https:\/\/tupique.com\/#organization","name":"Tupique","url":"https:\/\/tupique.com\/","logo":{"@type":"ImageObject","inLanguage":"en-GB","@id":"https:\/\/tupique.com\/#\/schema\/logo\/image\/","url":"https:\/\/tupique.com\/wp-content\/uploads\/2026\/03\/logo-tupique-1.webp","contentUrl":"https:\/\/tupique.com\/wp-content\/uploads\/2026\/03\/logo-tupique-1.webp","width":500,"height":67,"caption":"Tupique"},"image":{"@id":"https:\/\/tupique.com\/#\/schema\/logo\/image\/"}}]}},"_links":{"self":[{"href":"https:\/\/tupique.com\/en\/wp-json\/wp\/v2\/product\/200323","targetHints":{"allow":["GET"]}}],"collection":[{"href":"https:\/\/tupique.com\/en\/wp-json\/wp\/v2\/product"}],"about":[{"href":"https:\/\/tupique.com\/en\/wp-json\/wp\/v2\/types\/product"}],"replies":[{"embeddable":true,"href":"https:\/\/tupique.com\/en\/wp-json\/wp\/v2\/comments?post=200323"}],"wp:featuredmedia":[{"embeddable":true,"href":"https:\/\/tupique.com\/en\/wp-json\/wp\/v2\/media\/200321"}],"wp:attachment":[{"href":"https:\/\/tupique.com\/en\/wp-json\/wp\/v2\/media?parent=200323"}],"wp:term":[{"taxonomy":"product_brand","embeddable":true,"href":"https:\/\/tupique.com\/en\/wp-json\/wp\/v2\/product_brand?post=200323"},{"taxonomy":"product_cat","embeddable":true,"href":"https:\/\/tupique.com\/en\/wp-json\/wp\/v2\/product_cat?post=200323"},{"taxonomy":"product_tag","embeddable":true,"href":"https:\/\/tupique.com\/en\/wp-json\/wp\/v2\/product_tag?post=200323"},{"taxonomy":"woo-feed-brand","embeddable":true,"href":"https:\/\/tupique.com\/en\/wp-json\/wp\/v2\/woo-feed-brand?post=200323"}],"curies":[{"name":"wp","href":"https:\/\/api.w.org\/{rel}","templated":true}]}}