{"id":200563,"date":"2026-05-12T12:33:02","date_gmt":"2026-05-12T10:33:02","guid":{"rendered":"https:\/\/tupique.com\/product\/bestway-kit-entretien-piscine-conex-filtre-279-cm-piscine-et-jardin-58237\/"},"modified":"2026-05-12T12:33:02","modified_gmt":"2026-05-12T10:33:02","slug":"bestway-kit-entretien-piscine-conex-filtre-279-cm-piscine-et-jardin-58237","status":"publish","type":"product","link":"https:\/\/tupique.com\/en\/product\/bestway-kit-entretien-piscine-conex-filtre-279-cm-piscine-et-jardin-58237\/","title":{"rendered":"Bestway Kit Entretien Piscine Conex. Filtre 279 cm Piscine et Jardin 58237"},"content":{"rendered":"<p>L&#8217;amusement est assur\u00e9 pour l&#8217;\u00e9t\u00e9, avec ces propositions qui plairont aux petits et aux grands ! Achetez <b>Kit d&#8217;entretien de Piscine Bestway<\/b> et profitez de votre temps libre !<\/p>\n<ul>\n<li>Inclut: Accessoires<\/li>\n<li>Compatible avec: Piscine<\/li>\n<li>Type: Kit d&#8217;entretien\/nettoyage<\/li>\n<li>Couleur: Multicouleur<\/li>\n<li>Mati\u00e8re:\n<ul>\n<li>Plastique<\/li>\n<li>Aluminium<\/li>\n<\/ul>\n<\/li>\n<li>Features:\n<ul>\n<li>Ext\u00e9rieur<\/li>\n<li>Nettoyage par chiffon humide<\/li>\n<li>Facilit\u00e9 d&#8217;utilisation<\/li>\n<\/ul>\n<\/li>\n<li>Utilisation recommand\u00e9e: Jardin<\/li>\n<\/ul>","protected":false},"excerpt":{"rendered":"<p>L&#8217;amusement est assur\u00e9 pour l&#8217;\u00e9t\u00e9, avec ces propositions qui plairont aux petits et aux grands ! Achetez Kit d&#8217;entretien de Piscine Bestway et profitez de votre temps libre ! Inclut: Accessoires Compatible avec: Piscine Type: Kit d&#8217;entretien\/nettoyage Couleur: Multicouleur Mati\u00e8re: Plastique Aluminium Caract\u00e9ristiques: Ext\u00e9rieur Nettoyage par chiffon humide Facilit\u00e9 d&#8217;utilisation Utilisation recommand\u00e9e: Jardin<\/p>","protected":false},"featured_media":200560,"comment_status":"open","ping_status":"closed","template":"","meta":[],"product_brand":[1771],"product_cat":[2272,1769,1764],"product_tag":[721,210],"woo-feed-brand":[],"class_list":{"0":"post-200563","1":"product","2":"type-product","3":"status-publish","4":"has-post-thumbnail","6":"product_brand-brandp_520","7":"product_cat-piscines","8":"product_cat-plage-et-piscine","9":"product_cat-sports-loisirs","10":"product_tag-tag_124","11":"product_tag-tag_25","13":"first","14":"instock","15":"taxable","16":"shipping-taxable","17":"purchasable","18":"product-type-simple"},"yoast_head":"<!-- This site is optimized with the Yoast SEO plugin v27.6 - https:\/\/yoast.com\/product\/yoast-seo-wordpress\/ -->\n<title>Bestway Kit Entretien Piscine Conex. Filtre 279 cm Piscine et Jardin 58237 | | Tupique<\/title>\n<meta name=\"description\" content=\"Envie d&#039;acheter Bestway Kit Entretien Piscine Conex. Filtre 279 cm Piscine et Jardin 58237\u00a0? Achetez Bestway Kit Entretien Piscine Conex. Filtre 279 cm Piscine et Jardin 58237 maintenant avec Tupique en 3 versements sans int\u00e9r\u00eat.\" \/>\n<meta name=\"robots\" content=\"index, follow, max-snippet:-1, max-image-preview:large, max-video-preview:-1\" \/>\n<link rel=\"canonical\" href=\"https:\/\/tupique.com\/en\/product\/bestway-kit-entretien-piscine-conex-filtre-279-cm-piscine-et-jardin-58237\/\" \/>\n<meta property=\"og:locale\" content=\"en_GB\" \/>\n<meta property=\"og:type\" content=\"article\" \/>\n<meta property=\"og:title\" content=\"Bestway Kit Entretien Piscine Conex. Filtre 279 cm Piscine et Jardin 58237 | | Tupique\" \/>\n<meta property=\"og:description\" content=\"Envie d&#039;acheter Bestway Kit Entretien Piscine Conex. Filtre 279 cm Piscine et Jardin 58237\u00a0? Achetez Bestway Kit Entretien Piscine Conex. Filtre 279 cm Piscine et Jardin 58237 maintenant avec Tupique en 3 versements sans int\u00e9r\u00eat.\" \/>\n<meta property=\"og:url\" content=\"https:\/\/tupique.com\/en\/product\/bestway-kit-entretien-piscine-conex-filtre-279-cm-piscine-et-jardin-58237\/\" \/>\n<meta property=\"og:site_name\" content=\"Tupique\" \/>\n<meta property=\"og:image\" content=\"https:\/\/tupique.com\/wp-content\/uploads\/2026\/05\/6941607346792_D1400898_P00.jpg\" \/>\n\t<meta property=\"og:image:width\" content=\"1200\" \/>\n\t<meta property=\"og:image:height\" content=\"1200\" \/>\n\t<meta property=\"og:image:type\" content=\"image\/jpeg\" \/>\n<meta name=\"twitter:card\" content=\"summary_large_image\" \/>\n<script type=\"application\/ld+json\" class=\"yoast-schema-graph\">{\"@context\":\"https:\\\/\\\/schema.org\",\"@graph\":[{\"@type\":\"WebPage\",\"@id\":\"https:\\\/\\\/tupique.com\\\/product\\\/bestway-kit-entretien-piscine-conex-filtre-279-cm-piscine-et-jardin-58237\\\/\",\"url\":\"https:\\\/\\\/tupique.com\\\/product\\\/bestway-kit-entretien-piscine-conex-filtre-279-cm-piscine-et-jardin-58237\\\/\",\"name\":\"Bestway Kit Entretien Piscine Conex. Filtre 279 cm Piscine et Jardin 58237 | | Tupique\",\"isPartOf\":{\"@id\":\"https:\\\/\\\/tupique.com\\\/#website\"},\"primaryImageOfPage\":{\"@id\":\"https:\\\/\\\/tupique.com\\\/product\\\/bestway-kit-entretien-piscine-conex-filtre-279-cm-piscine-et-jardin-58237\\\/#primaryimage\"},\"image\":{\"@id\":\"https:\\\/\\\/tupique.com\\\/product\\\/bestway-kit-entretien-piscine-conex-filtre-279-cm-piscine-et-jardin-58237\\\/#primaryimage\"},\"thumbnailUrl\":\"https:\\\/\\\/tupique.com\\\/wp-content\\\/uploads\\\/2026\\\/05\\\/6941607346792_D1400898_P00.jpg\",\"datePublished\":\"2026-05-12T10:33:02+00:00\",\"description\":\"Envie d'acheter Bestway Kit Entretien Piscine Conex. Filtre 279 cm Piscine et Jardin 58237\u00a0? Achetez Bestway Kit Entretien Piscine Conex. Filtre 279 cm Piscine et Jardin 58237 maintenant avec Tupique en 3 versements sans int\u00e9r\u00eat.\",\"breadcrumb\":{\"@id\":\"https:\\\/\\\/tupique.com\\\/product\\\/bestway-kit-entretien-piscine-conex-filtre-279-cm-piscine-et-jardin-58237\\\/#breadcrumb\"},\"inLanguage\":\"en-GB\",\"potentialAction\":[{\"@type\":\"ReadAction\",\"target\":[\"https:\\\/\\\/tupique.com\\\/product\\\/bestway-kit-entretien-piscine-conex-filtre-279-cm-piscine-et-jardin-58237\\\/\"]}]},{\"@type\":\"ImageObject\",\"inLanguage\":\"en-GB\",\"@id\":\"https:\\\/\\\/tupique.com\\\/product\\\/bestway-kit-entretien-piscine-conex-filtre-279-cm-piscine-et-jardin-58237\\\/#primaryimage\",\"url\":\"https:\\\/\\\/tupique.com\\\/wp-content\\\/uploads\\\/2026\\\/05\\\/6941607346792_D1400898_P00.jpg\",\"contentUrl\":\"https:\\\/\\\/tupique.com\\\/wp-content\\\/uploads\\\/2026\\\/05\\\/6941607346792_D1400898_P00.jpg\",\"width\":1200,\"height\":1200,\"caption\":\"D1400898_0\"},{\"@type\":\"BreadcrumbList\",\"@id\":\"https:\\\/\\\/tupique.com\\\/product\\\/bestway-kit-entretien-piscine-conex-filtre-279-cm-piscine-et-jardin-58237\\\/#breadcrumb\",\"itemListElement\":[{\"@type\":\"ListItem\",\"position\":1,\"name\":\"commencer\",\"item\":\"https:\\\/\\\/tupique.com\\\/\"},{\"@type\":\"ListItem\",\"position\":2,\"name\":\"Loja\",\"item\":\"https:\\\/\\\/tupique.com\\\/pt\\\/loja\\\/\"},{\"@type\":\"ListItem\",\"position\":3,\"name\":\"Bestway Kit Entretien Piscine Conex. Filtre 279 cm Piscine et Jardin 58237\"}]},{\"@type\":\"WebSite\",\"@id\":\"https:\\\/\\\/tupique.com\\\/#website\",\"url\":\"https:\\\/\\\/tupique.com\\\/\",\"name\":\"Tupique\",\"description\":\"\",\"publisher\":{\"@id\":\"https:\\\/\\\/tupique.com\\\/#organization\"},\"potentialAction\":[{\"@type\":\"SearchAction\",\"target\":{\"@type\":\"EntryPoint\",\"urlTemplate\":\"https:\\\/\\\/tupique.com\\\/?s={search_term_string}\"},\"query-input\":{\"@type\":\"PropertyValueSpecification\",\"valueRequired\":true,\"valueName\":\"search_term_string\"}}],\"inLanguage\":\"en-GB\"},{\"@type\":\"Organization\",\"@id\":\"https:\\\/\\\/tupique.com\\\/#organization\",\"name\":\"Tupique\",\"url\":\"https:\\\/\\\/tupique.com\\\/\",\"logo\":{\"@type\":\"ImageObject\",\"inLanguage\":\"en-GB\",\"@id\":\"https:\\\/\\\/tupique.com\\\/#\\\/schema\\\/logo\\\/image\\\/\",\"url\":\"https:\\\/\\\/tupique.com\\\/wp-content\\\/uploads\\\/2026\\\/03\\\/logo-tupique-1.webp\",\"contentUrl\":\"https:\\\/\\\/tupique.com\\\/wp-content\\\/uploads\\\/2026\\\/03\\\/logo-tupique-1.webp\",\"width\":500,\"height\":67,\"caption\":\"Tupique\"},\"image\":{\"@id\":\"https:\\\/\\\/tupique.com\\\/#\\\/schema\\\/logo\\\/image\\\/\"}}]}<\/script>\n<!-- \/ Yoast SEO plugin. -->","yoast_head_json":{"title":"Bestway Kit Entretien Piscine Conex. Filtre 279 cm Piscine et Jardin 58237 | | Tupique","description":"Envie d'acheter Bestway Kit Entretien Piscine Conex. Filtre 279 cm Piscine et Jardin 58237\u00a0? Achetez Bestway Kit Entretien Piscine Conex. Filtre 279 cm Piscine et Jardin 58237 maintenant avec Tupique en 3 versements sans int\u00e9r\u00eat.","robots":{"index":"index","follow":"follow","max-snippet":"max-snippet:-1","max-image-preview":"max-image-preview:large","max-video-preview":"max-video-preview:-1"},"canonical":"https:\/\/tupique.com\/en\/product\/bestway-kit-entretien-piscine-conex-filtre-279-cm-piscine-et-jardin-58237\/","og_locale":"en_GB","og_type":"article","og_title":"Bestway Kit Entretien Piscine Conex. Filtre 279 cm Piscine et Jardin 58237 | | Tupique","og_description":"Envie d'acheter Bestway Kit Entretien Piscine Conex. Filtre 279 cm Piscine et Jardin 58237\u00a0? Achetez Bestway Kit Entretien Piscine Conex. Filtre 279 cm Piscine et Jardin 58237 maintenant avec Tupique en 3 versements sans int\u00e9r\u00eat.","og_url":"https:\/\/tupique.com\/en\/product\/bestway-kit-entretien-piscine-conex-filtre-279-cm-piscine-et-jardin-58237\/","og_site_name":"Tupique","og_image":[{"width":1200,"height":1200,"url":"https:\/\/tupique.com\/wp-content\/uploads\/2026\/05\/6941607346792_D1400898_P00.jpg","type":"image\/jpeg"}],"twitter_card":"summary_large_image","schema":{"@context":"https:\/\/schema.org","@graph":[{"@type":"WebPage","@id":"https:\/\/tupique.com\/product\/bestway-kit-entretien-piscine-conex-filtre-279-cm-piscine-et-jardin-58237\/","url":"https:\/\/tupique.com\/product\/bestway-kit-entretien-piscine-conex-filtre-279-cm-piscine-et-jardin-58237\/","name":"Bestway Kit Entretien Piscine Conex. Filtre 279 cm Piscine et Jardin 58237 | | Tupique","isPartOf":{"@id":"https:\/\/tupique.com\/#website"},"primaryImageOfPage":{"@id":"https:\/\/tupique.com\/product\/bestway-kit-entretien-piscine-conex-filtre-279-cm-piscine-et-jardin-58237\/#primaryimage"},"image":{"@id":"https:\/\/tupique.com\/product\/bestway-kit-entretien-piscine-conex-filtre-279-cm-piscine-et-jardin-58237\/#primaryimage"},"thumbnailUrl":"https:\/\/tupique.com\/wp-content\/uploads\/2026\/05\/6941607346792_D1400898_P00.jpg","datePublished":"2026-05-12T10:33:02+00:00","description":"Envie d'acheter Bestway Kit Entretien Piscine Conex. Filtre 279 cm Piscine et Jardin 58237\u00a0? Achetez Bestway Kit Entretien Piscine Conex. Filtre 279 cm Piscine et Jardin 58237 maintenant avec Tupique en 3 versements sans int\u00e9r\u00eat.","breadcrumb":{"@id":"https:\/\/tupique.com\/product\/bestway-kit-entretien-piscine-conex-filtre-279-cm-piscine-et-jardin-58237\/#breadcrumb"},"inLanguage":"en-GB","potentialAction":[{"@type":"ReadAction","target":["https:\/\/tupique.com\/product\/bestway-kit-entretien-piscine-conex-filtre-279-cm-piscine-et-jardin-58237\/"]}]},{"@type":"ImageObject","inLanguage":"en-GB","@id":"https:\/\/tupique.com\/product\/bestway-kit-entretien-piscine-conex-filtre-279-cm-piscine-et-jardin-58237\/#primaryimage","url":"https:\/\/tupique.com\/wp-content\/uploads\/2026\/05\/6941607346792_D1400898_P00.jpg","contentUrl":"https:\/\/tupique.com\/wp-content\/uploads\/2026\/05\/6941607346792_D1400898_P00.jpg","width":1200,"height":1200,"caption":"D1400898_0"},{"@type":"BreadcrumbList","@id":"https:\/\/tupique.com\/product\/bestway-kit-entretien-piscine-conex-filtre-279-cm-piscine-et-jardin-58237\/#breadcrumb","itemListElement":[{"@type":"ListItem","position":1,"name":"commencer","item":"https:\/\/tupique.com\/"},{"@type":"ListItem","position":2,"name":"Loja","item":"https:\/\/tupique.com\/pt\/loja\/"},{"@type":"ListItem","position":3,"name":"Bestway Kit Entretien Piscine Conex. Filtre 279 cm Piscine et Jardin 58237"}]},{"@type":"WebSite","@id":"https:\/\/tupique.com\/#website","url":"https:\/\/tupique.com\/","name":"Tupique","description":"","publisher":{"@id":"https:\/\/tupique.com\/#organization"},"potentialAction":[{"@type":"SearchAction","target":{"@type":"EntryPoint","urlTemplate":"https:\/\/tupique.com\/?s={search_term_string}"},"query-input":{"@type":"PropertyValueSpecification","valueRequired":true,"valueName":"search_term_string"}}],"inLanguage":"en-GB"},{"@type":"Organization","@id":"https:\/\/tupique.com\/#organization","name":"Tupique","url":"https:\/\/tupique.com\/","logo":{"@type":"ImageObject","inLanguage":"en-GB","@id":"https:\/\/tupique.com\/#\/schema\/logo\/image\/","url":"https:\/\/tupique.com\/wp-content\/uploads\/2026\/03\/logo-tupique-1.webp","contentUrl":"https:\/\/tupique.com\/wp-content\/uploads\/2026\/03\/logo-tupique-1.webp","width":500,"height":67,"caption":"Tupique"},"image":{"@id":"https:\/\/tupique.com\/#\/schema\/logo\/image\/"}}]}},"_links":{"self":[{"href":"https:\/\/tupique.com\/en\/wp-json\/wp\/v2\/product\/200563","targetHints":{"allow":["GET"]}}],"collection":[{"href":"https:\/\/tupique.com\/en\/wp-json\/wp\/v2\/product"}],"about":[{"href":"https:\/\/tupique.com\/en\/wp-json\/wp\/v2\/types\/product"}],"replies":[{"embeddable":true,"href":"https:\/\/tupique.com\/en\/wp-json\/wp\/v2\/comments?post=200563"}],"wp:featuredmedia":[{"embeddable":true,"href":"https:\/\/tupique.com\/en\/wp-json\/wp\/v2\/media\/200560"}],"wp:attachment":[{"href":"https:\/\/tupique.com\/en\/wp-json\/wp\/v2\/media?parent=200563"}],"wp:term":[{"taxonomy":"product_brand","embeddable":true,"href":"https:\/\/tupique.com\/en\/wp-json\/wp\/v2\/product_brand?post=200563"},{"taxonomy":"product_cat","embeddable":true,"href":"https:\/\/tupique.com\/en\/wp-json\/wp\/v2\/product_cat?post=200563"},{"taxonomy":"product_tag","embeddable":true,"href":"https:\/\/tupique.com\/en\/wp-json\/wp\/v2\/product_tag?post=200563"},{"taxonomy":"woo-feed-brand","embeddable":true,"href":"https:\/\/tupique.com\/en\/wp-json\/wp\/v2\/woo-feed-brand?post=200563"}],"curies":[{"name":"wp","href":"https:\/\/api.w.org\/{rel}","templated":true}]}}