{"id":200670,"date":"2026-05-12T12:36:38","date_gmt":"2026-05-12T10:36:38","guid":{"rendered":"https:\/\/tupique.com\/product\/bestway-tente-polyester-ombre-210x210x198-cm-plage-68145\/"},"modified":"2026-05-12T12:36:38","modified_gmt":"2026-05-12T10:36:38","slug":"bestway-tente-polyester-ombre-210x210x198-cm-plage-68145","status":"publish","type":"product","link":"https:\/\/tupique.com\/en\/product\/bestway-tente-polyester-ombre-210x210x198-cm-plage-68145\/","title":{"rendered":"Bestway Tente Polyester Ombre 210x210x198 cm Plage 68145"},"content":{"rendered":"<p>Restez en forme et d\u00e9couvrez les derni\u00e8res nouveaut\u00e9s du secteur pour faire du sport avec les meilleures garanties ! Achetez <b>Parasol Bestway<\/b> au meilleur prix et profitez d&#8217;une vie saine !<\/p>\n<ul>\n<li>Mati\u00e8re:\n<ul>\n<li>Polyester<\/li>\n<li>Plastique<\/li>\n<li>Acier<\/li>\n<\/ul>\n<\/li>\n<li>Type: Parasol<\/li>\n<li>Couleur: Multicouleur<\/li>\n<li>Features:\n<ul>\n<li>Ext\u00e9rieur<\/li>\n<li>Nettoyage par chiffon humide<\/li>\n<li>Installation simple<\/li>\n<\/ul>\n<\/li>\n<li>Dimensions approx.: 210 x 198 x 210 cm<\/li>\n<li>Utilisation recommand\u00e9e: Int\u00e9rieur<\/li>\n<li>Inclut: Housse de transport<\/li>\n<\/ul>","protected":false},"excerpt":{"rendered":"<p>Restez en forme et d\u00e9couvrez les derni\u00e8res nouveaut\u00e9s du secteur pour faire du sport avec les meilleures garanties ! Achetez Parasol Bestway au meilleur prix et profitez d&#8217;une vie saine ! Mati\u00e8re: Polyester Plastique Acier Type: Parasol Couleur: Multicouleur Caract\u00e9ristiques: Ext\u00e9rieur Nettoyage par chiffon humide Installation simple Dimensions approx.: 210 x 198 x 210 cm [&hellip;]<\/p>\n","protected":false},"featured_media":200666,"comment_status":"open","ping_status":"closed","template":"","meta":[],"product_brand":[1771],"product_cat":[1853,1764,2719],"product_tag":[721,1816,211,163],"woo-feed-brand":[],"class_list":{"0":"post-200670","1":"product","2":"type-product","3":"status-publish","4":"has-post-thumbnail","6":"product_brand-brandp_520","7":"product_cat-camping-et-montagne","8":"product_cat-sports-loisirs","9":"product_cat-tentes-de-camping","10":"product_tag-tag_124","11":"product_tag-tag_1272","12":"product_tag-tag_3","13":"product_tag-tag_17","15":"first","16":"instock","17":"taxable","18":"shipping-taxable","19":"purchasable","20":"product-type-simple"},"yoast_head":"<!-- This site is optimized with the Yoast SEO plugin v27.6 - https:\/\/yoast.com\/product\/yoast-seo-wordpress\/ -->\n<title>Bestway Tente Polyester Ombre 210x210x198 cm Plage 68145 | | Tupique<\/title>\n<meta name=\"description\" content=\"Envie d&#039;acheter Bestway Tente Polyester Ombre 210x210x198 cm Plage 68145\u00a0? Achetez Bestway Tente Polyester Ombre 210x210x198 cm Plage 68145 maintenant avec Tupique en 3 versements sans int\u00e9r\u00eat.\" \/>\n<meta name=\"robots\" content=\"index, follow, max-snippet:-1, max-image-preview:large, max-video-preview:-1\" \/>\n<link rel=\"canonical\" href=\"https:\/\/tupique.com\/en\/product\/bestway-tente-polyester-ombre-210x210x198-cm-plage-68145\/\" \/>\n<meta property=\"og:locale\" content=\"en_GB\" \/>\n<meta property=\"og:type\" content=\"article\" \/>\n<meta property=\"og:title\" content=\"Bestway Tente Polyester Ombre 210x210x198 cm Plage 68145 | | Tupique\" \/>\n<meta property=\"og:description\" content=\"Envie d&#039;acheter Bestway Tente Polyester Ombre 210x210x198 cm Plage 68145\u00a0? Achetez Bestway Tente Polyester Ombre 210x210x198 cm Plage 68145 maintenant avec Tupique en 3 versements sans int\u00e9r\u00eat.\" \/>\n<meta property=\"og:url\" content=\"https:\/\/tupique.com\/en\/product\/bestway-tente-polyester-ombre-210x210x198-cm-plage-68145\/\" \/>\n<meta property=\"og:site_name\" content=\"Tupique\" \/>\n<meta property=\"og:image\" content=\"https:\/\/tupique.com\/wp-content\/uploads\/2026\/05\/6941607373637_D1400918_P00.jpg\" \/>\n\t<meta property=\"og:image:width\" content=\"1200\" \/>\n\t<meta property=\"og:image:height\" content=\"1200\" \/>\n\t<meta property=\"og:image:type\" content=\"image\/jpeg\" \/>\n<meta name=\"twitter:card\" content=\"summary_large_image\" \/>\n<script type=\"application\/ld+json\" class=\"yoast-schema-graph\">{\"@context\":\"https:\\\/\\\/schema.org\",\"@graph\":[{\"@type\":\"WebPage\",\"@id\":\"https:\\\/\\\/tupique.com\\\/en\\\/product\\\/bestway-tente-polyester-ombre-210x210x198-cm-plage-68145\\\/\",\"url\":\"https:\\\/\\\/tupique.com\\\/en\\\/product\\\/bestway-tente-polyester-ombre-210x210x198-cm-plage-68145\\\/\",\"name\":\"Bestway Tente Polyester Ombre 210x210x198 cm Plage 68145 | | Tupique\",\"isPartOf\":{\"@id\":\"https:\\\/\\\/tupique.com\\\/#website\"},\"primaryImageOfPage\":{\"@id\":\"https:\\\/\\\/tupique.com\\\/en\\\/product\\\/bestway-tente-polyester-ombre-210x210x198-cm-plage-68145\\\/#primaryimage\"},\"image\":{\"@id\":\"https:\\\/\\\/tupique.com\\\/en\\\/product\\\/bestway-tente-polyester-ombre-210x210x198-cm-plage-68145\\\/#primaryimage\"},\"thumbnailUrl\":\"https:\\\/\\\/tupique.com\\\/wp-content\\\/uploads\\\/2026\\\/05\\\/6941607373637_D1400918_P00.jpg\",\"datePublished\":\"2026-05-12T10:36:38+00:00\",\"description\":\"Envie d'acheter Bestway Tente Polyester Ombre 210x210x198 cm Plage 68145\u00a0? Achetez Bestway Tente Polyester Ombre 210x210x198 cm Plage 68145 maintenant avec Tupique en 3 versements sans int\u00e9r\u00eat.\",\"breadcrumb\":{\"@id\":\"https:\\\/\\\/tupique.com\\\/en\\\/product\\\/bestway-tente-polyester-ombre-210x210x198-cm-plage-68145\\\/#breadcrumb\"},\"inLanguage\":\"en-GB\",\"potentialAction\":[{\"@type\":\"ReadAction\",\"target\":[\"https:\\\/\\\/tupique.com\\\/en\\\/product\\\/bestway-tente-polyester-ombre-210x210x198-cm-plage-68145\\\/\"]}]},{\"@type\":\"ImageObject\",\"inLanguage\":\"en-GB\",\"@id\":\"https:\\\/\\\/tupique.com\\\/en\\\/product\\\/bestway-tente-polyester-ombre-210x210x198-cm-plage-68145\\\/#primaryimage\",\"url\":\"https:\\\/\\\/tupique.com\\\/wp-content\\\/uploads\\\/2026\\\/05\\\/6941607373637_D1400918_P00.jpg\",\"contentUrl\":\"https:\\\/\\\/tupique.com\\\/wp-content\\\/uploads\\\/2026\\\/05\\\/6941607373637_D1400918_P00.jpg\",\"width\":1200,\"height\":1200,\"caption\":\"D1400918_0\"},{\"@type\":\"BreadcrumbList\",\"@id\":\"https:\\\/\\\/tupique.com\\\/en\\\/product\\\/bestway-tente-polyester-ombre-210x210x198-cm-plage-68145\\\/#breadcrumb\",\"itemListElement\":[{\"@type\":\"ListItem\",\"position\":1,\"name\":\"commencer\",\"item\":\"https:\\\/\\\/tupique.com\\\/\"},{\"@type\":\"ListItem\",\"position\":2,\"name\":\"Loja\",\"item\":\"https:\\\/\\\/tupique.com\\\/pt\\\/loja\\\/\"},{\"@type\":\"ListItem\",\"position\":3,\"name\":\"Bestway Tente Polyester Ombre 210x210x198 cm Plage 68145\"}]},{\"@type\":\"WebSite\",\"@id\":\"https:\\\/\\\/tupique.com\\\/#website\",\"url\":\"https:\\\/\\\/tupique.com\\\/\",\"name\":\"Tupique\",\"description\":\"\",\"publisher\":{\"@id\":\"https:\\\/\\\/tupique.com\\\/#organization\"},\"potentialAction\":[{\"@type\":\"SearchAction\",\"target\":{\"@type\":\"EntryPoint\",\"urlTemplate\":\"https:\\\/\\\/tupique.com\\\/?s={search_term_string}\"},\"query-input\":{\"@type\":\"PropertyValueSpecification\",\"valueRequired\":true,\"valueName\":\"search_term_string\"}}],\"inLanguage\":\"en-GB\"},{\"@type\":\"Organization\",\"@id\":\"https:\\\/\\\/tupique.com\\\/#organization\",\"name\":\"Tupique\",\"url\":\"https:\\\/\\\/tupique.com\\\/\",\"logo\":{\"@type\":\"ImageObject\",\"inLanguage\":\"en-GB\",\"@id\":\"https:\\\/\\\/tupique.com\\\/#\\\/schema\\\/logo\\\/image\\\/\",\"url\":\"https:\\\/\\\/tupique.com\\\/wp-content\\\/uploads\\\/2026\\\/03\\\/logo-tupique-1.webp\",\"contentUrl\":\"https:\\\/\\\/tupique.com\\\/wp-content\\\/uploads\\\/2026\\\/03\\\/logo-tupique-1.webp\",\"width\":500,\"height\":67,\"caption\":\"Tupique\"},\"image\":{\"@id\":\"https:\\\/\\\/tupique.com\\\/#\\\/schema\\\/logo\\\/image\\\/\"}}]}<\/script>\n<!-- \/ Yoast SEO plugin. -->","yoast_head_json":{"title":"Bestway Tente Polyester Ombre 210x210x198 cm Plage 68145 | | Tupique","description":"Envie d'acheter Bestway Tente Polyester Ombre 210x210x198 cm Plage 68145\u00a0? Achetez Bestway Tente Polyester Ombre 210x210x198 cm Plage 68145 maintenant avec Tupique en 3 versements sans int\u00e9r\u00eat.","robots":{"index":"index","follow":"follow","max-snippet":"max-snippet:-1","max-image-preview":"max-image-preview:large","max-video-preview":"max-video-preview:-1"},"canonical":"https:\/\/tupique.com\/en\/product\/bestway-tente-polyester-ombre-210x210x198-cm-plage-68145\/","og_locale":"en_GB","og_type":"article","og_title":"Bestway Tente Polyester Ombre 210x210x198 cm Plage 68145 | | Tupique","og_description":"Envie d'acheter Bestway Tente Polyester Ombre 210x210x198 cm Plage 68145\u00a0? Achetez Bestway Tente Polyester Ombre 210x210x198 cm Plage 68145 maintenant avec Tupique en 3 versements sans int\u00e9r\u00eat.","og_url":"https:\/\/tupique.com\/en\/product\/bestway-tente-polyester-ombre-210x210x198-cm-plage-68145\/","og_site_name":"Tupique","og_image":[{"width":1200,"height":1200,"url":"https:\/\/tupique.com\/wp-content\/uploads\/2026\/05\/6941607373637_D1400918_P00.jpg","type":"image\/jpeg"}],"twitter_card":"summary_large_image","schema":{"@context":"https:\/\/schema.org","@graph":[{"@type":"WebPage","@id":"https:\/\/tupique.com\/en\/product\/bestway-tente-polyester-ombre-210x210x198-cm-plage-68145\/","url":"https:\/\/tupique.com\/en\/product\/bestway-tente-polyester-ombre-210x210x198-cm-plage-68145\/","name":"Bestway Tente Polyester Ombre 210x210x198 cm Plage 68145 | | Tupique","isPartOf":{"@id":"https:\/\/tupique.com\/#website"},"primaryImageOfPage":{"@id":"https:\/\/tupique.com\/en\/product\/bestway-tente-polyester-ombre-210x210x198-cm-plage-68145\/#primaryimage"},"image":{"@id":"https:\/\/tupique.com\/en\/product\/bestway-tente-polyester-ombre-210x210x198-cm-plage-68145\/#primaryimage"},"thumbnailUrl":"https:\/\/tupique.com\/wp-content\/uploads\/2026\/05\/6941607373637_D1400918_P00.jpg","datePublished":"2026-05-12T10:36:38+00:00","description":"Envie d'acheter Bestway Tente Polyester Ombre 210x210x198 cm Plage 68145\u00a0? Achetez Bestway Tente Polyester Ombre 210x210x198 cm Plage 68145 maintenant avec Tupique en 3 versements sans int\u00e9r\u00eat.","breadcrumb":{"@id":"https:\/\/tupique.com\/en\/product\/bestway-tente-polyester-ombre-210x210x198-cm-plage-68145\/#breadcrumb"},"inLanguage":"en-GB","potentialAction":[{"@type":"ReadAction","target":["https:\/\/tupique.com\/en\/product\/bestway-tente-polyester-ombre-210x210x198-cm-plage-68145\/"]}]},{"@type":"ImageObject","inLanguage":"en-GB","@id":"https:\/\/tupique.com\/en\/product\/bestway-tente-polyester-ombre-210x210x198-cm-plage-68145\/#primaryimage","url":"https:\/\/tupique.com\/wp-content\/uploads\/2026\/05\/6941607373637_D1400918_P00.jpg","contentUrl":"https:\/\/tupique.com\/wp-content\/uploads\/2026\/05\/6941607373637_D1400918_P00.jpg","width":1200,"height":1200,"caption":"D1400918_0"},{"@type":"BreadcrumbList","@id":"https:\/\/tupique.com\/en\/product\/bestway-tente-polyester-ombre-210x210x198-cm-plage-68145\/#breadcrumb","itemListElement":[{"@type":"ListItem","position":1,"name":"commencer","item":"https:\/\/tupique.com\/"},{"@type":"ListItem","position":2,"name":"Loja","item":"https:\/\/tupique.com\/pt\/loja\/"},{"@type":"ListItem","position":3,"name":"Bestway Tente Polyester Ombre 210x210x198 cm Plage 68145"}]},{"@type":"WebSite","@id":"https:\/\/tupique.com\/#website","url":"https:\/\/tupique.com\/","name":"Tupique","description":"","publisher":{"@id":"https:\/\/tupique.com\/#organization"},"potentialAction":[{"@type":"SearchAction","target":{"@type":"EntryPoint","urlTemplate":"https:\/\/tupique.com\/?s={search_term_string}"},"query-input":{"@type":"PropertyValueSpecification","valueRequired":true,"valueName":"search_term_string"}}],"inLanguage":"en-GB"},{"@type":"Organization","@id":"https:\/\/tupique.com\/#organization","name":"Tupique","url":"https:\/\/tupique.com\/","logo":{"@type":"ImageObject","inLanguage":"en-GB","@id":"https:\/\/tupique.com\/#\/schema\/logo\/image\/","url":"https:\/\/tupique.com\/wp-content\/uploads\/2026\/03\/logo-tupique-1.webp","contentUrl":"https:\/\/tupique.com\/wp-content\/uploads\/2026\/03\/logo-tupique-1.webp","width":500,"height":67,"caption":"Tupique"},"image":{"@id":"https:\/\/tupique.com\/#\/schema\/logo\/image\/"}}]}},"_links":{"self":[{"href":"https:\/\/tupique.com\/en\/wp-json\/wp\/v2\/product\/200670","targetHints":{"allow":["GET"]}}],"collection":[{"href":"https:\/\/tupique.com\/en\/wp-json\/wp\/v2\/product"}],"about":[{"href":"https:\/\/tupique.com\/en\/wp-json\/wp\/v2\/types\/product"}],"replies":[{"embeddable":true,"href":"https:\/\/tupique.com\/en\/wp-json\/wp\/v2\/comments?post=200670"}],"wp:featuredmedia":[{"embeddable":true,"href":"https:\/\/tupique.com\/en\/wp-json\/wp\/v2\/media\/200666"}],"wp:attachment":[{"href":"https:\/\/tupique.com\/en\/wp-json\/wp\/v2\/media?parent=200670"}],"wp:term":[{"taxonomy":"product_brand","embeddable":true,"href":"https:\/\/tupique.com\/en\/wp-json\/wp\/v2\/product_brand?post=200670"},{"taxonomy":"product_cat","embeddable":true,"href":"https:\/\/tupique.com\/en\/wp-json\/wp\/v2\/product_cat?post=200670"},{"taxonomy":"product_tag","embeddable":true,"href":"https:\/\/tupique.com\/en\/wp-json\/wp\/v2\/product_tag?post=200670"},{"taxonomy":"woo-feed-brand","embeddable":true,"href":"https:\/\/tupique.com\/en\/wp-json\/wp\/v2\/woo-feed-brand?post=200670"}],"curies":[{"name":"wp","href":"https:\/\/api.w.org\/{rel}","templated":true}]}}