{"id":202158,"date":"2026-05-12T14:12:00","date_gmt":"2026-05-12T12:12:00","guid":{"rendered":"https:\/\/tupique.com\/product\/pack-traitement-relaxant-contour-des-yeux-cbd-innovagoods\/"},"modified":"2026-05-12T14:12:00","modified_gmt":"2026-05-12T12:12:00","slug":"pack-traitement-relaxant-contour-des-yeux-cbd-innovagoods","status":"publish","type":"product","link":"https:\/\/tupique.com\/en\/product\/pack-traitement-relaxant-contour-des-yeux-cbd-innovagoods\/","title":{"rendered":"Pack Traitement Relaxant Contour des Yeux CBD InnovaGoods"},"content":{"rendered":"<div class=\"col-md-6\"><b>InnovaGoods<\/b> vous facilite la t\u00e2che pour que votre soin personnel soit une priorit\u00e9 sans excuses. Il vous propose les meilleures nouveaut\u00e9s en mati\u00e8re de beaut\u00e9, de d\u00e9tente et de bien-\u00eatre ! <b>Pack Traitement Relaxant Contour des Yeux CBD InnovaGoods <\/b> en est un bon exemple ! D\u00e9couvrez une vaste gamme de produits de qualit\u00e9 qui se d\u00e9marquent de par leur fonctionnalit\u00e9, leur efficacit\u00e9 et leur design innovant.<\/p>\n<p><b>Cosm\u00e9tiques vegans<\/b> : InnovaGoods promeut des cosm\u00e9tiques naturels et durables, favorables \u00e0 la plan\u00e8te et au microbiome, qui s\u2019int\u00e8grent dans un mode de vie sain et respectueux de l\u2019environnement.<\/p>\n<p><b>Ingr\u00e9dients naturels<\/b> : Les <b>cosm\u00e9tiques InnovaGoods<\/b> am\u00e9liorent la sant\u00e9 et la beaut\u00e9 de la peau gr\u00e2ce \u00e0 des extraits de plantes, des huiles v\u00e9g\u00e9tales et d\u2019innovants principes actifs. Leur objectif particulier est de nourrir la peau avec des formulations nutri-cosm\u00e9tiques fournissant un soin int\u00e9gral et contribuant au bien-\u00eatre g\u00e9n\u00e9ral.<\/p>\n<ul>\n<li>Inclut:\n<ul>\n<li>Masque en Gel Relaxant<\/li>\n<li>Contour des yeux 15 ml<\/li>\n<\/ul>\n<\/li>\n<\/ul>\n<\/div>\n<div class=\"col-md-6\">\n<div class=\"embed-responsive embed-responsive-16by9\"><iframe class=\"embed-responsive-item\" src=\"https:\/\/www.youtube.com\/embed\/ylCnnRA5bxk\" frameborder=\"0\" allowfullscreen><\/iframe><\/div>\n<\/div>","protected":false},"excerpt":{"rendered":"<p><span class=\"unit-info\">213.2667 &euro; \/ 100 ml<\/span><\/p>","protected":false},"featured_media":202153,"comment_status":"open","ping_status":"closed","template":"","meta":[],"product_brand":[256],"product_cat":[63,1825,2123,769,1056,1826,1796],"product_tag":[722,103,1672,2877,209],"woo-feed-brand":[],"class_list":{"0":"post-202158","1":"product","2":"type-product","3":"status-publish","4":"has-post-thumbnail","6":"product_brand-brandp_1281","7":"product_cat-cadeaux-originaux","8":"product_cat-cadeaux-pour-soins-personnels","9":"product_cat-lots-de-cosmetique-et-parfums","10":"product_cat-parfum-cosmetique","11":"product_cat-parfums","12":"product_cat-teleachat-vu-a-la-television-sante-et-beaute-teleshop","13":"product_cat-teleachat-vu-a-la-television","14":"product_tag-tag_923","15":"product_tag-tag_1261","16":"product_tag-tag_1280","17":"product_tag-tag_1306","18":"product_tag-tag_1302","20":"first","21":"instock","22":"taxable","23":"shipping-taxable","24":"purchasable","25":"product-type-simple"},"yoast_head":"<!-- This site is optimized with the Yoast SEO plugin v27.6 - https:\/\/yoast.com\/product\/yoast-seo-wordpress\/ -->\n<title>Pack Traitement Relaxant Contour des Yeux CBD InnovaGoods | | Tupique<\/title>\n<meta name=\"description\" content=\"Envie d&#039;acheter Pack Traitement Relaxant Contour des Yeux CBD InnovaGoods\u00a0? Achetez Pack Traitement Relaxant Contour des Yeux CBD InnovaGoods maintenant avec Tupique en 3 versements sans int\u00e9r\u00eat.\" \/>\n<meta name=\"robots\" content=\"index, follow, max-snippet:-1, max-image-preview:large, max-video-preview:-1\" \/>\n<link rel=\"canonical\" href=\"https:\/\/tupique.com\/en\/product\/pack-traitement-relaxant-contour-des-yeux-cbd-innovagoods\/\" \/>\n<meta property=\"og:locale\" content=\"en_GB\" \/>\n<meta property=\"og:type\" content=\"article\" \/>\n<meta property=\"og:title\" content=\"Pack Traitement Relaxant Contour des Yeux CBD InnovaGoods | | Tupique\" \/>\n<meta property=\"og:description\" content=\"Envie d&#039;acheter Pack Traitement Relaxant Contour des Yeux CBD InnovaGoods\u00a0? Achetez Pack Traitement Relaxant Contour des Yeux CBD InnovaGoods maintenant avec Tupique en 3 versements sans int\u00e9r\u00eat.\" \/>\n<meta property=\"og:url\" content=\"https:\/\/tupique.com\/en\/product\/pack-traitement-relaxant-contour-des-yeux-cbd-innovagoods\/\" \/>\n<meta property=\"og:site_name\" content=\"Tupique\" \/>\n<meta property=\"og:image\" content=\"https:\/\/tupique.com\/wp-content\/uploads\/2026\/05\/v0103986_000_mkt0.jpg\" \/>\n\t<meta property=\"og:image:width\" content=\"1200\" \/>\n\t<meta property=\"og:image:height\" content=\"1200\" \/>\n\t<meta property=\"og:image:type\" content=\"image\/jpeg\" \/>\n<meta name=\"twitter:card\" content=\"summary_large_image\" \/>\n<meta name=\"twitter:label1\" content=\"Est. reading time\" \/>\n\t<meta name=\"twitter:data1\" content=\"1 minute\" \/>\n<script type=\"application\/ld+json\" class=\"yoast-schema-graph\">{\"@context\":\"https:\\\/\\\/schema.org\",\"@graph\":[{\"@type\":\"WebPage\",\"@id\":\"https:\\\/\\\/tupique.com\\\/product\\\/pack-traitement-relaxant-contour-des-yeux-cbd-innovagoods\\\/\",\"url\":\"https:\\\/\\\/tupique.com\\\/product\\\/pack-traitement-relaxant-contour-des-yeux-cbd-innovagoods\\\/\",\"name\":\"Pack Traitement Relaxant Contour des Yeux CBD InnovaGoods | | Tupique\",\"isPartOf\":{\"@id\":\"https:\\\/\\\/tupique.com\\\/#website\"},\"primaryImageOfPage\":{\"@id\":\"https:\\\/\\\/tupique.com\\\/product\\\/pack-traitement-relaxant-contour-des-yeux-cbd-innovagoods\\\/#primaryimage\"},\"image\":{\"@id\":\"https:\\\/\\\/tupique.com\\\/product\\\/pack-traitement-relaxant-contour-des-yeux-cbd-innovagoods\\\/#primaryimage\"},\"thumbnailUrl\":\"https:\\\/\\\/tupique.com\\\/wp-content\\\/uploads\\\/2026\\\/05\\\/v0103986_000_mkt0.jpg\",\"datePublished\":\"2026-05-12T12:12:00+00:00\",\"description\":\"Envie d'acheter Pack Traitement Relaxant Contour des Yeux CBD InnovaGoods\u00a0? Achetez Pack Traitement Relaxant Contour des Yeux CBD InnovaGoods maintenant avec Tupique en 3 versements sans int\u00e9r\u00eat.\",\"breadcrumb\":{\"@id\":\"https:\\\/\\\/tupique.com\\\/product\\\/pack-traitement-relaxant-contour-des-yeux-cbd-innovagoods\\\/#breadcrumb\"},\"inLanguage\":\"en-GB\",\"potentialAction\":[{\"@type\":\"ReadAction\",\"target\":[\"https:\\\/\\\/tupique.com\\\/product\\\/pack-traitement-relaxant-contour-des-yeux-cbd-innovagoods\\\/\"]}]},{\"@type\":\"ImageObject\",\"inLanguage\":\"en-GB\",\"@id\":\"https:\\\/\\\/tupique.com\\\/product\\\/pack-traitement-relaxant-contour-des-yeux-cbd-innovagoods\\\/#primaryimage\",\"url\":\"https:\\\/\\\/tupique.com\\\/wp-content\\\/uploads\\\/2026\\\/05\\\/v0103986_000_mkt0.jpg\",\"contentUrl\":\"https:\\\/\\\/tupique.com\\\/wp-content\\\/uploads\\\/2026\\\/05\\\/v0103986_000_mkt0.jpg\",\"width\":1200,\"height\":1200,\"caption\":\"V0103986_0\"},{\"@type\":\"BreadcrumbList\",\"@id\":\"https:\\\/\\\/tupique.com\\\/product\\\/pack-traitement-relaxant-contour-des-yeux-cbd-innovagoods\\\/#breadcrumb\",\"itemListElement\":[{\"@type\":\"ListItem\",\"position\":1,\"name\":\"commencer\",\"item\":\"https:\\\/\\\/tupique.com\\\/\"},{\"@type\":\"ListItem\",\"position\":2,\"name\":\"Loja\",\"item\":\"https:\\\/\\\/tupique.com\\\/pt\\\/loja\\\/\"},{\"@type\":\"ListItem\",\"position\":3,\"name\":\"Pack Traitement Relaxant Contour des Yeux CBD InnovaGoods\"}]},{\"@type\":\"WebSite\",\"@id\":\"https:\\\/\\\/tupique.com\\\/#website\",\"url\":\"https:\\\/\\\/tupique.com\\\/\",\"name\":\"Tupique\",\"description\":\"\",\"publisher\":{\"@id\":\"https:\\\/\\\/tupique.com\\\/#organization\"},\"potentialAction\":[{\"@type\":\"SearchAction\",\"target\":{\"@type\":\"EntryPoint\",\"urlTemplate\":\"https:\\\/\\\/tupique.com\\\/?s={search_term_string}\"},\"query-input\":{\"@type\":\"PropertyValueSpecification\",\"valueRequired\":true,\"valueName\":\"search_term_string\"}}],\"inLanguage\":\"en-GB\"},{\"@type\":\"Organization\",\"@id\":\"https:\\\/\\\/tupique.com\\\/#organization\",\"name\":\"Tupique\",\"url\":\"https:\\\/\\\/tupique.com\\\/\",\"logo\":{\"@type\":\"ImageObject\",\"inLanguage\":\"en-GB\",\"@id\":\"https:\\\/\\\/tupique.com\\\/#\\\/schema\\\/logo\\\/image\\\/\",\"url\":\"https:\\\/\\\/tupique.com\\\/wp-content\\\/uploads\\\/2026\\\/03\\\/logo-tupique-1.webp\",\"contentUrl\":\"https:\\\/\\\/tupique.com\\\/wp-content\\\/uploads\\\/2026\\\/03\\\/logo-tupique-1.webp\",\"width\":500,\"height\":67,\"caption\":\"Tupique\"},\"image\":{\"@id\":\"https:\\\/\\\/tupique.com\\\/#\\\/schema\\\/logo\\\/image\\\/\"}}]}<\/script>\n<!-- \/ Yoast SEO plugin. -->","yoast_head_json":{"title":"Pack Traitement Relaxant Contour des Yeux CBD InnovaGoods | | Tupique","description":"Envie d'acheter Pack Traitement Relaxant Contour des Yeux CBD InnovaGoods\u00a0? Achetez Pack Traitement Relaxant Contour des Yeux CBD InnovaGoods maintenant avec Tupique en 3 versements sans int\u00e9r\u00eat.","robots":{"index":"index","follow":"follow","max-snippet":"max-snippet:-1","max-image-preview":"max-image-preview:large","max-video-preview":"max-video-preview:-1"},"canonical":"https:\/\/tupique.com\/en\/product\/pack-traitement-relaxant-contour-des-yeux-cbd-innovagoods\/","og_locale":"en_GB","og_type":"article","og_title":"Pack Traitement Relaxant Contour des Yeux CBD InnovaGoods | | Tupique","og_description":"Envie d'acheter Pack Traitement Relaxant Contour des Yeux CBD InnovaGoods\u00a0? Achetez Pack Traitement Relaxant Contour des Yeux CBD InnovaGoods maintenant avec Tupique en 3 versements sans int\u00e9r\u00eat.","og_url":"https:\/\/tupique.com\/en\/product\/pack-traitement-relaxant-contour-des-yeux-cbd-innovagoods\/","og_site_name":"Tupique","og_image":[{"width":1200,"height":1200,"url":"https:\/\/tupique.com\/wp-content\/uploads\/2026\/05\/v0103986_000_mkt0.jpg","type":"image\/jpeg"}],"twitter_card":"summary_large_image","twitter_misc":{"Est. reading time":"1 minute"},"schema":{"@context":"https:\/\/schema.org","@graph":[{"@type":"WebPage","@id":"https:\/\/tupique.com\/product\/pack-traitement-relaxant-contour-des-yeux-cbd-innovagoods\/","url":"https:\/\/tupique.com\/product\/pack-traitement-relaxant-contour-des-yeux-cbd-innovagoods\/","name":"Pack Traitement Relaxant Contour des Yeux CBD InnovaGoods | | Tupique","isPartOf":{"@id":"https:\/\/tupique.com\/#website"},"primaryImageOfPage":{"@id":"https:\/\/tupique.com\/product\/pack-traitement-relaxant-contour-des-yeux-cbd-innovagoods\/#primaryimage"},"image":{"@id":"https:\/\/tupique.com\/product\/pack-traitement-relaxant-contour-des-yeux-cbd-innovagoods\/#primaryimage"},"thumbnailUrl":"https:\/\/tupique.com\/wp-content\/uploads\/2026\/05\/v0103986_000_mkt0.jpg","datePublished":"2026-05-12T12:12:00+00:00","description":"Envie d'acheter Pack Traitement Relaxant Contour des Yeux CBD InnovaGoods\u00a0? Achetez Pack Traitement Relaxant Contour des Yeux CBD InnovaGoods maintenant avec Tupique en 3 versements sans int\u00e9r\u00eat.","breadcrumb":{"@id":"https:\/\/tupique.com\/product\/pack-traitement-relaxant-contour-des-yeux-cbd-innovagoods\/#breadcrumb"},"inLanguage":"en-GB","potentialAction":[{"@type":"ReadAction","target":["https:\/\/tupique.com\/product\/pack-traitement-relaxant-contour-des-yeux-cbd-innovagoods\/"]}]},{"@type":"ImageObject","inLanguage":"en-GB","@id":"https:\/\/tupique.com\/product\/pack-traitement-relaxant-contour-des-yeux-cbd-innovagoods\/#primaryimage","url":"https:\/\/tupique.com\/wp-content\/uploads\/2026\/05\/v0103986_000_mkt0.jpg","contentUrl":"https:\/\/tupique.com\/wp-content\/uploads\/2026\/05\/v0103986_000_mkt0.jpg","width":1200,"height":1200,"caption":"V0103986_0"},{"@type":"BreadcrumbList","@id":"https:\/\/tupique.com\/product\/pack-traitement-relaxant-contour-des-yeux-cbd-innovagoods\/#breadcrumb","itemListElement":[{"@type":"ListItem","position":1,"name":"commencer","item":"https:\/\/tupique.com\/"},{"@type":"ListItem","position":2,"name":"Loja","item":"https:\/\/tupique.com\/pt\/loja\/"},{"@type":"ListItem","position":3,"name":"Pack Traitement Relaxant Contour des Yeux CBD InnovaGoods"}]},{"@type":"WebSite","@id":"https:\/\/tupique.com\/#website","url":"https:\/\/tupique.com\/","name":"Tupique","description":"","publisher":{"@id":"https:\/\/tupique.com\/#organization"},"potentialAction":[{"@type":"SearchAction","target":{"@type":"EntryPoint","urlTemplate":"https:\/\/tupique.com\/?s={search_term_string}"},"query-input":{"@type":"PropertyValueSpecification","valueRequired":true,"valueName":"search_term_string"}}],"inLanguage":"en-GB"},{"@type":"Organization","@id":"https:\/\/tupique.com\/#organization","name":"Tupique","url":"https:\/\/tupique.com\/","logo":{"@type":"ImageObject","inLanguage":"en-GB","@id":"https:\/\/tupique.com\/#\/schema\/logo\/image\/","url":"https:\/\/tupique.com\/wp-content\/uploads\/2026\/03\/logo-tupique-1.webp","contentUrl":"https:\/\/tupique.com\/wp-content\/uploads\/2026\/03\/logo-tupique-1.webp","width":500,"height":67,"caption":"Tupique"},"image":{"@id":"https:\/\/tupique.com\/#\/schema\/logo\/image\/"}}]}},"_links":{"self":[{"href":"https:\/\/tupique.com\/en\/wp-json\/wp\/v2\/product\/202158","targetHints":{"allow":["GET"]}}],"collection":[{"href":"https:\/\/tupique.com\/en\/wp-json\/wp\/v2\/product"}],"about":[{"href":"https:\/\/tupique.com\/en\/wp-json\/wp\/v2\/types\/product"}],"replies":[{"embeddable":true,"href":"https:\/\/tupique.com\/en\/wp-json\/wp\/v2\/comments?post=202158"}],"wp:featuredmedia":[{"embeddable":true,"href":"https:\/\/tupique.com\/en\/wp-json\/wp\/v2\/media\/202153"}],"wp:attachment":[{"href":"https:\/\/tupique.com\/en\/wp-json\/wp\/v2\/media?parent=202158"}],"wp:term":[{"taxonomy":"product_brand","embeddable":true,"href":"https:\/\/tupique.com\/en\/wp-json\/wp\/v2\/product_brand?post=202158"},{"taxonomy":"product_cat","embeddable":true,"href":"https:\/\/tupique.com\/en\/wp-json\/wp\/v2\/product_cat?post=202158"},{"taxonomy":"product_tag","embeddable":true,"href":"https:\/\/tupique.com\/en\/wp-json\/wp\/v2\/product_tag?post=202158"},{"taxonomy":"woo-feed-brand","embeddable":true,"href":"https:\/\/tupique.com\/en\/wp-json\/wp\/v2\/woo-feed-brand?post=202158"}],"curies":[{"name":"wp","href":"https:\/\/api.w.org\/{rel}","templated":true}]}}