{"id":202243,"date":"2026-05-12T14:25:34","date_gmt":"2026-05-12T12:25:34","guid":{"rendered":"https:\/\/tupique.com\/product\/harnais-pour-chien-coachi\/"},"modified":"2026-05-12T14:25:34","modified_gmt":"2026-05-12T12:25:34","slug":"harnais-pour-chien-coachi","status":"publish","type":"product","link":"https:\/\/tupique.com\/en\/product\/harnais-pour-chien-coachi\/","title":{"rendered":"Harnais pour Chien Coachi"},"content":{"rendered":"<p>Si vous \u00eates \u00e0 la recherche de nouvelles tendances sur le march\u00e9, nous vous pr\u00e9sentons <b>Harnais pour Chien Coachi<\/b> !<\/p>\n<ul>\n<li>Animal de compagnie: Chien<\/li>\n<li>Type: Harnais pour Chien<\/li>\n<li>Mati\u00e8re: Polyester<\/li>\n<\/ul>\n<p><\/p>\n<p>Le Tuggi Spider de Coachi est id\u00e9al pour jouer au tir \u00e0 la corde et est un jouet dr\u00f4le et attrayant pour s\u2019amuser et pour r\u00e9compenser le rappel, il peut aussi participer \u00e0 mettre fin aux morsures et aux m\u00e2chonnements. Ces jouets superstimulants constituent une excellente alternative ou un compl\u00e9ment aux r\u00e9compenses alimentaires, en particulier pour les chiens tr\u00e8s \u00e9nergiques qui aiment jouer.  Exploitez le pouvoir du jeu et devenez le meilleur ami de votre chien. Les jouets r\u00e9compense de Coachi ont \u00e9t\u00e9 con\u00e7us pour que vous et votre chien puissiez vous amuser ensemble pendant l&#8217;\u00e9ducation.   Ils sont excellents pour am\u00e9liorer le rappel, d\u00e9courager les poursuites et sont parfaits pour r\u00e9duire les mordillements et morsures des chiots. Entretenez l\u2019\u00e9nergie et l\u2019enthousiasme en utilisant uniquement ces jouets pour un jeu interactif.  C\u2019est \u00e9galement parfait pour les chiens qui n\u2019aiment pas les friandises ou qui doivent faire attention \u00e0 leur ligne! La gamme Coachi a \u00e9t\u00e9 cr\u00e9\u00e9e par les experts de Company of Animals. Elle est con\u00e7ue pour promouvoir des m\u00e9thodes efficaces, respectueuses et positives, rendant l&#8217;\u00e9ducation simple et gratifiant pour les ma\u00eetres et leurs chiens.<\/p>","protected":false},"excerpt":{"rendered":"<p>Si vous \u00eates \u00e0 la recherche de nouvelles tendances sur le march\u00e9, nous vous pr\u00e9sentons Harnais pour Chien Coachi ! Animal de compagnie: Chien Type: Harnais pour Chien Mati\u00e8re: Polyester Le Tuggi Spider de Coachi est id\u00e9al pour jouer au tir \u00e0 la corde et est un jouet dr\u00f4le et attrayant pour s\u2019amuser et pour [&hellip;]<\/p>\n","protected":false},"featured_media":202238,"comment_status":"open","ping_status":"closed","template":"","meta":[],"product_brand":[2969],"product_cat":[621,239,1878],"product_tag":[567],"woo-feed-brand":[],"class_list":{"0":"post-202243","1":"product","2":"type-product","3":"status-publish","4":"has-post-thumbnail","6":"product_brand-brandp_9096","7":"product_cat-animaux-de-compagnie","8":"product_cat-maison-jardin","9":"product_cat-voyages-et-promenades","10":"product_tag-tag_556","12":"first","13":"instock","14":"taxable","15":"shipping-taxable","16":"purchasable","17":"product-type-simple"},"yoast_head":"<!-- This site is optimized with the Yoast SEO plugin v27.6 - https:\/\/yoast.com\/product\/yoast-seo-wordpress\/ -->\n<title>Harnais pour Chien Coachi | | Tupique<\/title>\n<meta name=\"description\" content=\"Envie d&#039;acheter Harnais pour Chien Coachi\u00a0? Achetez Harnais pour Chien Coachi maintenant avec Tupique en 3 versements sans int\u00e9r\u00eat.\" \/>\n<meta name=\"robots\" content=\"index, follow, max-snippet:-1, max-image-preview:large, max-video-preview:-1\" \/>\n<link rel=\"canonical\" href=\"https:\/\/tupique.com\/en\/product\/harnais-pour-chien-coachi\/\" \/>\n<meta property=\"og:locale\" content=\"en_GB\" \/>\n<meta property=\"og:type\" content=\"article\" \/>\n<meta property=\"og:title\" content=\"Harnais pour Chien Coachi | | Tupique\" \/>\n<meta property=\"og:description\" content=\"Envie d&#039;acheter Harnais pour Chien Coachi\u00a0? Achetez Harnais pour Chien Coachi maintenant avec Tupique en 3 versements sans int\u00e9r\u00eat.\" \/>\n<meta property=\"og:url\" content=\"https:\/\/tupique.com\/en\/product\/harnais-pour-chien-coachi\/\" \/>\n<meta property=\"og:site_name\" content=\"Tupique\" \/>\n<meta property=\"og:image\" content=\"https:\/\/tupique.com\/wp-content\/uploads\/2026\/05\/0886284451413_S6105275_P00.jpg\" \/>\n\t<meta property=\"og:image:width\" content=\"1200\" \/>\n\t<meta property=\"og:image:height\" content=\"1200\" \/>\n\t<meta property=\"og:image:type\" content=\"image\/jpeg\" \/>\n<meta name=\"twitter:card\" content=\"summary_large_image\" \/>\n<meta name=\"twitter:label1\" content=\"Est. reading time\" \/>\n\t<meta name=\"twitter:data1\" content=\"1 minute\" \/>\n<script type=\"application\/ld+json\" class=\"yoast-schema-graph\">{\"@context\":\"https:\\\/\\\/schema.org\",\"@graph\":[{\"@type\":\"WebPage\",\"@id\":\"https:\\\/\\\/tupique.com\\\/pt\\\/product\\\/harnais-pour-chien-coachi\\\/\",\"url\":\"https:\\\/\\\/tupique.com\\\/pt\\\/product\\\/harnais-pour-chien-coachi\\\/\",\"name\":\"Harnais pour Chien Coachi | | Tupique\",\"isPartOf\":{\"@id\":\"https:\\\/\\\/tupique.com\\\/#website\"},\"primaryImageOfPage\":{\"@id\":\"https:\\\/\\\/tupique.com\\\/pt\\\/product\\\/harnais-pour-chien-coachi\\\/#primaryimage\"},\"image\":{\"@id\":\"https:\\\/\\\/tupique.com\\\/pt\\\/product\\\/harnais-pour-chien-coachi\\\/#primaryimage\"},\"thumbnailUrl\":\"https:\\\/\\\/tupique.com\\\/wp-content\\\/uploads\\\/2026\\\/05\\\/0886284451413_S6105275_P00.jpg\",\"datePublished\":\"2026-05-12T12:25:34+00:00\",\"description\":\"Envie d'acheter Harnais pour Chien Coachi\u00a0? Achetez Harnais pour Chien Coachi maintenant avec Tupique en 3 versements sans int\u00e9r\u00eat.\",\"breadcrumb\":{\"@id\":\"https:\\\/\\\/tupique.com\\\/pt\\\/product\\\/harnais-pour-chien-coachi\\\/#breadcrumb\"},\"inLanguage\":\"en-GB\",\"potentialAction\":[{\"@type\":\"ReadAction\",\"target\":[\"https:\\\/\\\/tupique.com\\\/pt\\\/product\\\/harnais-pour-chien-coachi\\\/\"]}]},{\"@type\":\"ImageObject\",\"inLanguage\":\"en-GB\",\"@id\":\"https:\\\/\\\/tupique.com\\\/pt\\\/product\\\/harnais-pour-chien-coachi\\\/#primaryimage\",\"url\":\"https:\\\/\\\/tupique.com\\\/wp-content\\\/uploads\\\/2026\\\/05\\\/0886284451413_S6105275_P00.jpg\",\"contentUrl\":\"https:\\\/\\\/tupique.com\\\/wp-content\\\/uploads\\\/2026\\\/05\\\/0886284451413_S6105275_P00.jpg\",\"width\":1200,\"height\":1200,\"caption\":\"S6105275_0\"},{\"@type\":\"BreadcrumbList\",\"@id\":\"https:\\\/\\\/tupique.com\\\/pt\\\/product\\\/harnais-pour-chien-coachi\\\/#breadcrumb\",\"itemListElement\":[{\"@type\":\"ListItem\",\"position\":1,\"name\":\"commencer\",\"item\":\"https:\\\/\\\/tupique.com\\\/\"},{\"@type\":\"ListItem\",\"position\":2,\"name\":\"Loja\",\"item\":\"https:\\\/\\\/tupique.com\\\/pt\\\/loja\\\/\"},{\"@type\":\"ListItem\",\"position\":3,\"name\":\"Harnais pour Chien Coachi\"}]},{\"@type\":\"WebSite\",\"@id\":\"https:\\\/\\\/tupique.com\\\/#website\",\"url\":\"https:\\\/\\\/tupique.com\\\/\",\"name\":\"Tupique\",\"description\":\"\",\"publisher\":{\"@id\":\"https:\\\/\\\/tupique.com\\\/#organization\"},\"potentialAction\":[{\"@type\":\"SearchAction\",\"target\":{\"@type\":\"EntryPoint\",\"urlTemplate\":\"https:\\\/\\\/tupique.com\\\/?s={search_term_string}\"},\"query-input\":{\"@type\":\"PropertyValueSpecification\",\"valueRequired\":true,\"valueName\":\"search_term_string\"}}],\"inLanguage\":\"en-GB\"},{\"@type\":\"Organization\",\"@id\":\"https:\\\/\\\/tupique.com\\\/#organization\",\"name\":\"Tupique\",\"url\":\"https:\\\/\\\/tupique.com\\\/\",\"logo\":{\"@type\":\"ImageObject\",\"inLanguage\":\"en-GB\",\"@id\":\"https:\\\/\\\/tupique.com\\\/#\\\/schema\\\/logo\\\/image\\\/\",\"url\":\"https:\\\/\\\/tupique.com\\\/wp-content\\\/uploads\\\/2026\\\/03\\\/logo-tupique-1.webp\",\"contentUrl\":\"https:\\\/\\\/tupique.com\\\/wp-content\\\/uploads\\\/2026\\\/03\\\/logo-tupique-1.webp\",\"width\":500,\"height\":67,\"caption\":\"Tupique\"},\"image\":{\"@id\":\"https:\\\/\\\/tupique.com\\\/#\\\/schema\\\/logo\\\/image\\\/\"}}]}<\/script>\n<!-- \/ Yoast SEO plugin. -->","yoast_head_json":{"title":"Harnais pour Chien Coachi | | Tupique","description":"Envie d'acheter Harnais pour Chien Coachi\u00a0? Achetez Harnais pour Chien Coachi maintenant avec Tupique en 3 versements sans int\u00e9r\u00eat.","robots":{"index":"index","follow":"follow","max-snippet":"max-snippet:-1","max-image-preview":"max-image-preview:large","max-video-preview":"max-video-preview:-1"},"canonical":"https:\/\/tupique.com\/en\/product\/harnais-pour-chien-coachi\/","og_locale":"en_GB","og_type":"article","og_title":"Harnais pour Chien Coachi | | Tupique","og_description":"Envie d'acheter Harnais pour Chien Coachi\u00a0? Achetez Harnais pour Chien Coachi maintenant avec Tupique en 3 versements sans int\u00e9r\u00eat.","og_url":"https:\/\/tupique.com\/en\/product\/harnais-pour-chien-coachi\/","og_site_name":"Tupique","og_image":[{"width":1200,"height":1200,"url":"https:\/\/tupique.com\/wp-content\/uploads\/2026\/05\/0886284451413_S6105275_P00.jpg","type":"image\/jpeg"}],"twitter_card":"summary_large_image","twitter_misc":{"Est. reading time":"1 minute"},"schema":{"@context":"https:\/\/schema.org","@graph":[{"@type":"WebPage","@id":"https:\/\/tupique.com\/pt\/product\/harnais-pour-chien-coachi\/","url":"https:\/\/tupique.com\/pt\/product\/harnais-pour-chien-coachi\/","name":"Harnais pour Chien Coachi | | Tupique","isPartOf":{"@id":"https:\/\/tupique.com\/#website"},"primaryImageOfPage":{"@id":"https:\/\/tupique.com\/pt\/product\/harnais-pour-chien-coachi\/#primaryimage"},"image":{"@id":"https:\/\/tupique.com\/pt\/product\/harnais-pour-chien-coachi\/#primaryimage"},"thumbnailUrl":"https:\/\/tupique.com\/wp-content\/uploads\/2026\/05\/0886284451413_S6105275_P00.jpg","datePublished":"2026-05-12T12:25:34+00:00","description":"Envie d'acheter Harnais pour Chien Coachi\u00a0? Achetez Harnais pour Chien Coachi maintenant avec Tupique en 3 versements sans int\u00e9r\u00eat.","breadcrumb":{"@id":"https:\/\/tupique.com\/pt\/product\/harnais-pour-chien-coachi\/#breadcrumb"},"inLanguage":"en-GB","potentialAction":[{"@type":"ReadAction","target":["https:\/\/tupique.com\/pt\/product\/harnais-pour-chien-coachi\/"]}]},{"@type":"ImageObject","inLanguage":"en-GB","@id":"https:\/\/tupique.com\/pt\/product\/harnais-pour-chien-coachi\/#primaryimage","url":"https:\/\/tupique.com\/wp-content\/uploads\/2026\/05\/0886284451413_S6105275_P00.jpg","contentUrl":"https:\/\/tupique.com\/wp-content\/uploads\/2026\/05\/0886284451413_S6105275_P00.jpg","width":1200,"height":1200,"caption":"S6105275_0"},{"@type":"BreadcrumbList","@id":"https:\/\/tupique.com\/pt\/product\/harnais-pour-chien-coachi\/#breadcrumb","itemListElement":[{"@type":"ListItem","position":1,"name":"commencer","item":"https:\/\/tupique.com\/"},{"@type":"ListItem","position":2,"name":"Loja","item":"https:\/\/tupique.com\/pt\/loja\/"},{"@type":"ListItem","position":3,"name":"Harnais pour Chien Coachi"}]},{"@type":"WebSite","@id":"https:\/\/tupique.com\/#website","url":"https:\/\/tupique.com\/","name":"Tupique","description":"","publisher":{"@id":"https:\/\/tupique.com\/#organization"},"potentialAction":[{"@type":"SearchAction","target":{"@type":"EntryPoint","urlTemplate":"https:\/\/tupique.com\/?s={search_term_string}"},"query-input":{"@type":"PropertyValueSpecification","valueRequired":true,"valueName":"search_term_string"}}],"inLanguage":"en-GB"},{"@type":"Organization","@id":"https:\/\/tupique.com\/#organization","name":"Tupique","url":"https:\/\/tupique.com\/","logo":{"@type":"ImageObject","inLanguage":"en-GB","@id":"https:\/\/tupique.com\/#\/schema\/logo\/image\/","url":"https:\/\/tupique.com\/wp-content\/uploads\/2026\/03\/logo-tupique-1.webp","contentUrl":"https:\/\/tupique.com\/wp-content\/uploads\/2026\/03\/logo-tupique-1.webp","width":500,"height":67,"caption":"Tupique"},"image":{"@id":"https:\/\/tupique.com\/#\/schema\/logo\/image\/"}}]}},"_links":{"self":[{"href":"https:\/\/tupique.com\/en\/wp-json\/wp\/v2\/product\/202243","targetHints":{"allow":["GET"]}}],"collection":[{"href":"https:\/\/tupique.com\/en\/wp-json\/wp\/v2\/product"}],"about":[{"href":"https:\/\/tupique.com\/en\/wp-json\/wp\/v2\/types\/product"}],"replies":[{"embeddable":true,"href":"https:\/\/tupique.com\/en\/wp-json\/wp\/v2\/comments?post=202243"}],"wp:featuredmedia":[{"embeddable":true,"href":"https:\/\/tupique.com\/en\/wp-json\/wp\/v2\/media\/202238"}],"wp:attachment":[{"href":"https:\/\/tupique.com\/en\/wp-json\/wp\/v2\/media?parent=202243"}],"wp:term":[{"taxonomy":"product_brand","embeddable":true,"href":"https:\/\/tupique.com\/en\/wp-json\/wp\/v2\/product_brand?post=202243"},{"taxonomy":"product_cat","embeddable":true,"href":"https:\/\/tupique.com\/en\/wp-json\/wp\/v2\/product_cat?post=202243"},{"taxonomy":"product_tag","embeddable":true,"href":"https:\/\/tupique.com\/en\/wp-json\/wp\/v2\/product_tag?post=202243"},{"taxonomy":"woo-feed-brand","embeddable":true,"href":"https:\/\/tupique.com\/en\/wp-json\/wp\/v2\/woo-feed-brand?post=202243"}],"curies":[{"name":"wp","href":"https:\/\/api.w.org\/{rel}","templated":true}]}}