{"id":202730,"date":"2026-05-12T14:47:54","date_gmt":"2026-05-12T12:47:54","guid":{"rendered":"https:\/\/tupique.com\/product\/pantalon-de-sport-long-adidas-all-szn-french-terry-regular-tapered-blanc-beige-homme\/"},"modified":"2026-05-12T14:47:54","modified_gmt":"2026-05-12T12:47:54","slug":"pantalon-de-sport-long-adidas-all-szn-french-terry-regular-tapered-blanc-beige-homme","status":"publish","type":"product","link":"https:\/\/tupique.com\/en\/product\/pantalon-de-sport-long-adidas-all-szn-french-terry-regular-tapered-blanc-beige-homme\/","title":{"rendered":"Pantalon de sport long Adidas All Szn French Terry Regular Tapered Blanc Beige Homme"},"content":{"rendered":"<p>Restez en forme et d\u00e9couvrez les derni\u00e8res nouveaut\u00e9s du secteur pour faire du sport avec les meilleures garanties ! Achetez <b>Pantalon de sport long Adidas All Szn French Terry Regular Tapered Blanc Beige Homme<\/b> au meilleur prix et profitez d&#8217;une vie saine !<\/p>\n<ul>\n<li>Genre:\n<ul>\n<li>Femme<\/li>\n<li>Homme<\/li>\n<\/ul>\n<\/li>\n<li>Couleur:\n<ul>\n<li>Beige<\/li>\n<li>Blanc<\/li>\n<\/ul>\n<\/li>\n<li>Type: Pantalon<\/li>\n<li>Sport: Fitness<\/li>\n<li>\u00c2ge recommand\u00e9: Adultes<\/li>\n<\/ul>","protected":false},"excerpt":{"rendered":"<p>Restez en forme et d\u00e9couvrez les derni\u00e8res nouveaut\u00e9s du secteur pour faire du sport avec les meilleures garanties ! Achetez Pantalon de sport long Adidas All Szn French Terry Regular Tapered Blanc Beige Homme au meilleur prix et profitez d&#8217;une vie saine ! Genre: Femme Homme Couleur: Beige Blanc Type: Pantalon Sport: Fitness \u00c2ge recommand\u00e9: [&hellip;]<\/p>\n","protected":false},"featured_media":202722,"comment_status":"open","ping_status":"closed","template":"","meta":[],"product_brand":[2284],"product_cat":[1829,2116,1764],"product_tag":[163],"woo-feed-brand":[],"class_list":{"0":"post-202730","1":"product","2":"type-product","3":"status-publish","4":"has-post-thumbnail","6":"product_brand-brandp_305","7":"product_cat-materiel-et-equipement-de-sport","8":"product_cat-pantalons-de-sport","9":"product_cat-sports-loisirs","10":"product_tag-tag_17","12":"first","13":"instock","14":"taxable","15":"shipping-taxable","16":"product-type-variable"},"yoast_head":"<!-- This site is optimized with the Yoast SEO plugin v27.6 - https:\/\/yoast.com\/product\/yoast-seo-wordpress\/ -->\n<title>Pantalon de sport long Adidas All Szn French Terry Regular Tapered Blanc Beige Homme | | Tupique<\/title>\n<meta name=\"description\" content=\"Envie d&#039;acheter Pantalon de sport long Adidas All Szn French Terry Regular Tapered Blanc Beige Homme\u00a0? Achetez Pantalon de sport long Adidas All Szn French Terry Regular Tapered Blanc Beige Homme maintenant avec Tupique en 3 versements sans int\u00e9r\u00eat.\" \/>\n<meta name=\"robots\" content=\"index, follow, max-snippet:-1, max-image-preview:large, max-video-preview:-1\" \/>\n<link rel=\"canonical\" href=\"https:\/\/tupique.com\/en\/product\/pantalon-de-sport-long-adidas-all-szn-french-terry-regular-tapered-blanc-beige-homme\/\" \/>\n<meta property=\"og:locale\" content=\"en_GB\" \/>\n<meta property=\"og:type\" content=\"article\" \/>\n<meta property=\"og:title\" content=\"Pantalon de sport long Adidas All Szn French Terry Regular Tapered Blanc Beige Homme | | Tupique\" \/>\n<meta property=\"og:description\" content=\"Envie d&#039;acheter Pantalon de sport long Adidas All Szn French Terry Regular Tapered Blanc Beige Homme\u00a0? Achetez Pantalon de sport long Adidas All Szn French Terry Regular Tapered Blanc Beige Homme maintenant avec Tupique en 3 versements sans int\u00e9r\u00eat.\" \/>\n<meta property=\"og:url\" content=\"https:\/\/tupique.com\/en\/product\/pantalon-de-sport-long-adidas-all-szn-french-terry-regular-tapered-blanc-beige-homme\/\" \/>\n<meta property=\"og:site_name\" content=\"Tupique\" \/>\n<meta name=\"twitter:card\" content=\"summary_large_image\" \/>\n<script type=\"application\/ld+json\" class=\"yoast-schema-graph\">{\"@context\":\"https:\\\/\\\/schema.org\",\"@graph\":[{\"@type\":\"WebPage\",\"@id\":\"https:\\\/\\\/tupique.com\\\/product\\\/pantalon-de-sport-long-adidas-all-szn-french-terry-regular-tapered-blanc-beige-homme\\\/\",\"url\":\"https:\\\/\\\/tupique.com\\\/product\\\/pantalon-de-sport-long-adidas-all-szn-french-terry-regular-tapered-blanc-beige-homme\\\/\",\"name\":\"Pantalon de sport long Adidas All Szn French Terry Regular Tapered Blanc Beige Homme | | Tupique\",\"isPartOf\":{\"@id\":\"https:\\\/\\\/tupique.com\\\/#website\"},\"primaryImageOfPage\":{\"@id\":\"https:\\\/\\\/tupique.com\\\/product\\\/pantalon-de-sport-long-adidas-all-szn-french-terry-regular-tapered-blanc-beige-homme\\\/#primaryimage\"},\"image\":{\"@id\":\"https:\\\/\\\/tupique.com\\\/product\\\/pantalon-de-sport-long-adidas-all-szn-french-terry-regular-tapered-blanc-beige-homme\\\/#primaryimage\"},\"thumbnailUrl\":\"https:\\\/\\\/tupique.com\\\/wp-content\\\/uploads\\\/2026\\\/05\\\/4067894344029_S64176692_P00.jpg\",\"datePublished\":\"2026-05-12T12:47:54+00:00\",\"description\":\"Envie d'acheter Pantalon de sport long Adidas All Szn French Terry Regular Tapered Blanc Beige Homme\u00a0? Achetez Pantalon de sport long Adidas All Szn French Terry Regular Tapered Blanc Beige Homme maintenant avec Tupique en 3 versements sans int\u00e9r\u00eat.\",\"breadcrumb\":{\"@id\":\"https:\\\/\\\/tupique.com\\\/product\\\/pantalon-de-sport-long-adidas-all-szn-french-terry-regular-tapered-blanc-beige-homme\\\/#breadcrumb\"},\"inLanguage\":\"en-GB\",\"potentialAction\":[{\"@type\":\"ReadAction\",\"target\":[\"https:\\\/\\\/tupique.com\\\/product\\\/pantalon-de-sport-long-adidas-all-szn-french-terry-regular-tapered-blanc-beige-homme\\\/\"]}]},{\"@type\":\"ImageObject\",\"inLanguage\":\"en-GB\",\"@id\":\"https:\\\/\\\/tupique.com\\\/product\\\/pantalon-de-sport-long-adidas-all-szn-french-terry-regular-tapered-blanc-beige-homme\\\/#primaryimage\",\"url\":\"https:\\\/\\\/tupique.com\\\/wp-content\\\/uploads\\\/2026\\\/05\\\/4067894344029_S64176692_P00.jpg\",\"contentUrl\":\"https:\\\/\\\/tupique.com\\\/wp-content\\\/uploads\\\/2026\\\/05\\\/4067894344029_S64176692_P00.jpg\",\"width\":1200,\"height\":1200,\"caption\":\"S64177533_0\"},{\"@type\":\"BreadcrumbList\",\"@id\":\"https:\\\/\\\/tupique.com\\\/product\\\/pantalon-de-sport-long-adidas-all-szn-french-terry-regular-tapered-blanc-beige-homme\\\/#breadcrumb\",\"itemListElement\":[{\"@type\":\"ListItem\",\"position\":1,\"name\":\"commencer\",\"item\":\"https:\\\/\\\/tupique.com\\\/\"},{\"@type\":\"ListItem\",\"position\":2,\"name\":\"Loja\",\"item\":\"https:\\\/\\\/tupique.com\\\/pt\\\/loja\\\/\"},{\"@type\":\"ListItem\",\"position\":3,\"name\":\"Pantalon de sport long Adidas All Szn French Terry Regular Tapered Blanc Beige Homme\"}]},{\"@type\":\"WebSite\",\"@id\":\"https:\\\/\\\/tupique.com\\\/#website\",\"url\":\"https:\\\/\\\/tupique.com\\\/\",\"name\":\"Tupique\",\"description\":\"\",\"publisher\":{\"@id\":\"https:\\\/\\\/tupique.com\\\/#organization\"},\"potentialAction\":[{\"@type\":\"SearchAction\",\"target\":{\"@type\":\"EntryPoint\",\"urlTemplate\":\"https:\\\/\\\/tupique.com\\\/?s={search_term_string}\"},\"query-input\":{\"@type\":\"PropertyValueSpecification\",\"valueRequired\":true,\"valueName\":\"search_term_string\"}}],\"inLanguage\":\"en-GB\"},{\"@type\":\"Organization\",\"@id\":\"https:\\\/\\\/tupique.com\\\/#organization\",\"name\":\"Tupique\",\"url\":\"https:\\\/\\\/tupique.com\\\/\",\"logo\":{\"@type\":\"ImageObject\",\"inLanguage\":\"en-GB\",\"@id\":\"https:\\\/\\\/tupique.com\\\/#\\\/schema\\\/logo\\\/image\\\/\",\"url\":\"https:\\\/\\\/tupique.com\\\/wp-content\\\/uploads\\\/2026\\\/03\\\/logo-tupique-1.webp\",\"contentUrl\":\"https:\\\/\\\/tupique.com\\\/wp-content\\\/uploads\\\/2026\\\/03\\\/logo-tupique-1.webp\",\"width\":500,\"height\":67,\"caption\":\"Tupique\"},\"image\":{\"@id\":\"https:\\\/\\\/tupique.com\\\/#\\\/schema\\\/logo\\\/image\\\/\"}}]}<\/script>\n<!-- \/ Yoast SEO plugin. -->","yoast_head_json":{"title":"Pantalon de sport long Adidas All Szn French Terry Regular Tapered Blanc Beige Homme | | Tupique","description":"Envie d'acheter Pantalon de sport long Adidas All Szn French Terry Regular Tapered Blanc Beige Homme\u00a0? Achetez Pantalon de sport long Adidas All Szn French Terry Regular Tapered Blanc Beige Homme maintenant avec Tupique en 3 versements sans int\u00e9r\u00eat.","robots":{"index":"index","follow":"follow","max-snippet":"max-snippet:-1","max-image-preview":"max-image-preview:large","max-video-preview":"max-video-preview:-1"},"canonical":"https:\/\/tupique.com\/en\/product\/pantalon-de-sport-long-adidas-all-szn-french-terry-regular-tapered-blanc-beige-homme\/","og_locale":"en_GB","og_type":"article","og_title":"Pantalon de sport long Adidas All Szn French Terry Regular Tapered Blanc Beige Homme | | Tupique","og_description":"Envie d'acheter Pantalon de sport long Adidas All Szn French Terry Regular Tapered Blanc Beige Homme\u00a0? Achetez Pantalon de sport long Adidas All Szn French Terry Regular Tapered Blanc Beige Homme maintenant avec Tupique en 3 versements sans int\u00e9r\u00eat.","og_url":"https:\/\/tupique.com\/en\/product\/pantalon-de-sport-long-adidas-all-szn-french-terry-regular-tapered-blanc-beige-homme\/","og_site_name":"Tupique","twitter_card":"summary_large_image","schema":{"@context":"https:\/\/schema.org","@graph":[{"@type":"WebPage","@id":"https:\/\/tupique.com\/product\/pantalon-de-sport-long-adidas-all-szn-french-terry-regular-tapered-blanc-beige-homme\/","url":"https:\/\/tupique.com\/product\/pantalon-de-sport-long-adidas-all-szn-french-terry-regular-tapered-blanc-beige-homme\/","name":"Pantalon de sport long Adidas All Szn French Terry Regular Tapered Blanc Beige Homme | | Tupique","isPartOf":{"@id":"https:\/\/tupique.com\/#website"},"primaryImageOfPage":{"@id":"https:\/\/tupique.com\/product\/pantalon-de-sport-long-adidas-all-szn-french-terry-regular-tapered-blanc-beige-homme\/#primaryimage"},"image":{"@id":"https:\/\/tupique.com\/product\/pantalon-de-sport-long-adidas-all-szn-french-terry-regular-tapered-blanc-beige-homme\/#primaryimage"},"thumbnailUrl":"https:\/\/tupique.com\/wp-content\/uploads\/2026\/05\/4067894344029_S64176692_P00.jpg","datePublished":"2026-05-12T12:47:54+00:00","description":"Envie d'acheter Pantalon de sport long Adidas All Szn French Terry Regular Tapered Blanc Beige Homme\u00a0? Achetez Pantalon de sport long Adidas All Szn French Terry Regular Tapered Blanc Beige Homme maintenant avec Tupique en 3 versements sans int\u00e9r\u00eat.","breadcrumb":{"@id":"https:\/\/tupique.com\/product\/pantalon-de-sport-long-adidas-all-szn-french-terry-regular-tapered-blanc-beige-homme\/#breadcrumb"},"inLanguage":"en-GB","potentialAction":[{"@type":"ReadAction","target":["https:\/\/tupique.com\/product\/pantalon-de-sport-long-adidas-all-szn-french-terry-regular-tapered-blanc-beige-homme\/"]}]},{"@type":"ImageObject","inLanguage":"en-GB","@id":"https:\/\/tupique.com\/product\/pantalon-de-sport-long-adidas-all-szn-french-terry-regular-tapered-blanc-beige-homme\/#primaryimage","url":"https:\/\/tupique.com\/wp-content\/uploads\/2026\/05\/4067894344029_S64176692_P00.jpg","contentUrl":"https:\/\/tupique.com\/wp-content\/uploads\/2026\/05\/4067894344029_S64176692_P00.jpg","width":1200,"height":1200,"caption":"S64177533_0"},{"@type":"BreadcrumbList","@id":"https:\/\/tupique.com\/product\/pantalon-de-sport-long-adidas-all-szn-french-terry-regular-tapered-blanc-beige-homme\/#breadcrumb","itemListElement":[{"@type":"ListItem","position":1,"name":"commencer","item":"https:\/\/tupique.com\/"},{"@type":"ListItem","position":2,"name":"Loja","item":"https:\/\/tupique.com\/pt\/loja\/"},{"@type":"ListItem","position":3,"name":"Pantalon de sport long Adidas All Szn French Terry Regular Tapered Blanc Beige Homme"}]},{"@type":"WebSite","@id":"https:\/\/tupique.com\/#website","url":"https:\/\/tupique.com\/","name":"Tupique","description":"","publisher":{"@id":"https:\/\/tupique.com\/#organization"},"potentialAction":[{"@type":"SearchAction","target":{"@type":"EntryPoint","urlTemplate":"https:\/\/tupique.com\/?s={search_term_string}"},"query-input":{"@type":"PropertyValueSpecification","valueRequired":true,"valueName":"search_term_string"}}],"inLanguage":"en-GB"},{"@type":"Organization","@id":"https:\/\/tupique.com\/#organization","name":"Tupique","url":"https:\/\/tupique.com\/","logo":{"@type":"ImageObject","inLanguage":"en-GB","@id":"https:\/\/tupique.com\/#\/schema\/logo\/image\/","url":"https:\/\/tupique.com\/wp-content\/uploads\/2026\/03\/logo-tupique-1.webp","contentUrl":"https:\/\/tupique.com\/wp-content\/uploads\/2026\/03\/logo-tupique-1.webp","width":500,"height":67,"caption":"Tupique"},"image":{"@id":"https:\/\/tupique.com\/#\/schema\/logo\/image\/"}}]}},"_links":{"self":[{"href":"https:\/\/tupique.com\/en\/wp-json\/wp\/v2\/product\/202730","targetHints":{"allow":["GET"]}}],"collection":[{"href":"https:\/\/tupique.com\/en\/wp-json\/wp\/v2\/product"}],"about":[{"href":"https:\/\/tupique.com\/en\/wp-json\/wp\/v2\/types\/product"}],"replies":[{"embeddable":true,"href":"https:\/\/tupique.com\/en\/wp-json\/wp\/v2\/comments?post=202730"}],"wp:featuredmedia":[{"embeddable":true,"href":"https:\/\/tupique.com\/en\/wp-json\/wp\/v2\/media\/202722"}],"wp:attachment":[{"href":"https:\/\/tupique.com\/en\/wp-json\/wp\/v2\/media?parent=202730"}],"wp:term":[{"taxonomy":"product_brand","embeddable":true,"href":"https:\/\/tupique.com\/en\/wp-json\/wp\/v2\/product_brand?post=202730"},{"taxonomy":"product_cat","embeddable":true,"href":"https:\/\/tupique.com\/en\/wp-json\/wp\/v2\/product_cat?post=202730"},{"taxonomy":"product_tag","embeddable":true,"href":"https:\/\/tupique.com\/en\/wp-json\/wp\/v2\/product_tag?post=202730"},{"taxonomy":"woo-feed-brand","embeddable":true,"href":"https:\/\/tupique.com\/en\/wp-json\/wp\/v2\/woo-feed-brand?post=202730"}],"curies":[{"name":"wp","href":"https:\/\/api.w.org\/{rel}","templated":true}]}}