{"id":203059,"date":"2026-05-12T15:04:07","date_gmt":"2026-05-12T13:04:07","guid":{"rendered":"https:\/\/tupique.com\/product\/neoprene-rip-curl-freelite-s-sl-spring-noir\/"},"modified":"2026-05-12T15:04:07","modified_gmt":"2026-05-12T13:04:07","slug":"neoprene-rip-curl-freelite-s-sl-spring-noir","status":"publish","type":"product","link":"https:\/\/tupique.com\/en\/product\/neoprene-rip-curl-freelite-s-sl-spring-noir\/","title":{"rendered":"N\u00e9opr\u00e8ne Rip Curl FREELITE S\/SL SPRING Noir"},"content":{"rendered":"<p>Restez en forme et d\u00e9couvrez les derni\u00e8res nouveaut\u00e9s du secteur pour faire du sport avec les meilleures garanties ! Achetez <b>N\u00e9opr\u00e8ne Rip Curl FREELITE S\/SL SPRING Noir<\/b> au meilleur prix et profitez d&#8217;une vie saine !<\/p>\n<ul>\n<li>Couleur: Noir<\/li>\n<li>Genre: Femme<\/li>\n<li>\u00c2ge recommand\u00e9: Adultes<\/li>\n<li>Mati\u00e8re: N\u00e9opr\u00e8ne<\/li>\n<\/ul>","protected":false},"excerpt":{"rendered":"<p>Restez en forme et d\u00e9couvrez les derni\u00e8res nouveaut\u00e9s du secteur pour faire du sport avec les meilleures garanties ! Achetez N\u00e9opr\u00e8ne Rip Curl FREELITE S\/SL SPRING Noir au meilleur prix et profitez d&#8217;une vie saine ! Couleur: Noir Genre: Femme \u00c2ge recommand\u00e9: Adultes Mati\u00e8re: N\u00e9opr\u00e8ne<\/p>","protected":false},"featured_media":203053,"comment_status":"open","ping_status":"closed","template":"","meta":[],"product_brand":[2458],"product_cat":[2985,1769,1764],"product_tag":[721,1816,163],"woo-feed-brand":[],"class_list":{"0":"post-203059","1":"product","2":"type-product","3":"status-publish","4":"has-post-thumbnail","6":"product_brand-brandp_5057","7":"product_cat-maillots-de-bain","8":"product_cat-plage-et-piscine","9":"product_cat-sports-loisirs","10":"product_tag-tag_124","11":"product_tag-tag_1272","12":"product_tag-tag_17","14":"first","15":"instock","16":"taxable","17":"shipping-taxable","18":"product-type-variable"},"yoast_head":"<!-- This site is optimized with the Yoast SEO plugin v27.6 - https:\/\/yoast.com\/product\/yoast-seo-wordpress\/ -->\n<title>N\u00e9opr\u00e8ne Rip Curl FREELITE S\/SL SPRING Noir | | Tupique<\/title>\n<meta name=\"description\" content=\"Envie d&#039;acheter N\u00e9opr\u00e8ne Rip Curl FREELITE S\/SL SPRING Noir\u00a0? Achetez N\u00e9opr\u00e8ne Rip Curl FREELITE S\/SL SPRING Noir maintenant avec Tupique en 3 versements sans int\u00e9r\u00eat.\" \/>\n<meta name=\"robots\" content=\"index, follow, max-snippet:-1, max-image-preview:large, max-video-preview:-1\" \/>\n<link rel=\"canonical\" href=\"https:\/\/tupique.com\/en\/product\/neoprene-rip-curl-freelite-s-sl-spring-noir\/\" \/>\n<meta property=\"og:locale\" content=\"en_GB\" \/>\n<meta property=\"og:type\" content=\"article\" \/>\n<meta property=\"og:title\" content=\"N\u00e9opr\u00e8ne Rip Curl FREELITE S\/SL SPRING Noir | | Tupique\" \/>\n<meta property=\"og:description\" content=\"Envie d&#039;acheter N\u00e9opr\u00e8ne Rip Curl FREELITE S\/SL SPRING Noir\u00a0? Achetez N\u00e9opr\u00e8ne Rip Curl FREELITE S\/SL SPRING Noir maintenant avec Tupique en 3 versements sans int\u00e9r\u00eat.\" \/>\n<meta property=\"og:url\" content=\"https:\/\/tupique.com\/en\/product\/neoprene-rip-curl-freelite-s-sl-spring-noir\/\" \/>\n<meta property=\"og:site_name\" content=\"Tupique\" \/>\n<meta name=\"twitter:card\" content=\"summary_large_image\" \/>\n<script type=\"application\/ld+json\" class=\"yoast-schema-graph\">{\"@context\":\"https:\\\/\\\/schema.org\",\"@graph\":[{\"@type\":\"WebPage\",\"@id\":\"https:\\\/\\\/tupique.com\\\/product\\\/neoprene-rip-curl-freelite-s-sl-spring-noir\\\/\",\"url\":\"https:\\\/\\\/tupique.com\\\/product\\\/neoprene-rip-curl-freelite-s-sl-spring-noir\\\/\",\"name\":\"N\u00e9opr\u00e8ne Rip Curl FREELITE S\\\/SL SPRING Noir | | Tupique\",\"isPartOf\":{\"@id\":\"https:\\\/\\\/tupique.com\\\/#website\"},\"primaryImageOfPage\":{\"@id\":\"https:\\\/\\\/tupique.com\\\/product\\\/neoprene-rip-curl-freelite-s-sl-spring-noir\\\/#primaryimage\"},\"image\":{\"@id\":\"https:\\\/\\\/tupique.com\\\/product\\\/neoprene-rip-curl-freelite-s-sl-spring-noir\\\/#primaryimage\"},\"thumbnailUrl\":\"https:\\\/\\\/tupique.com\\\/wp-content\\\/uploads\\\/2026\\\/05\\\/S64137021_1748346786-remove-background0.jpg\",\"datePublished\":\"2026-05-12T13:04:07+00:00\",\"description\":\"Envie d'acheter N\u00e9opr\u00e8ne Rip Curl FREELITE S\\\/SL SPRING Noir\u00a0? Achetez N\u00e9opr\u00e8ne Rip Curl FREELITE S\\\/SL SPRING Noir maintenant avec Tupique en 3 versements sans int\u00e9r\u00eat.\",\"breadcrumb\":{\"@id\":\"https:\\\/\\\/tupique.com\\\/product\\\/neoprene-rip-curl-freelite-s-sl-spring-noir\\\/#breadcrumb\"},\"inLanguage\":\"en-GB\",\"potentialAction\":[{\"@type\":\"ReadAction\",\"target\":[\"https:\\\/\\\/tupique.com\\\/product\\\/neoprene-rip-curl-freelite-s-sl-spring-noir\\\/\"]}]},{\"@type\":\"ImageObject\",\"inLanguage\":\"en-GB\",\"@id\":\"https:\\\/\\\/tupique.com\\\/product\\\/neoprene-rip-curl-freelite-s-sl-spring-noir\\\/#primaryimage\",\"url\":\"https:\\\/\\\/tupique.com\\\/wp-content\\\/uploads\\\/2026\\\/05\\\/S64137021_1748346786-remove-background0.jpg\",\"contentUrl\":\"https:\\\/\\\/tupique.com\\\/wp-content\\\/uploads\\\/2026\\\/05\\\/S64137021_1748346786-remove-background0.jpg\",\"width\":1200,\"height\":1200,\"caption\":\"S64170162_0\"},{\"@type\":\"BreadcrumbList\",\"@id\":\"https:\\\/\\\/tupique.com\\\/product\\\/neoprene-rip-curl-freelite-s-sl-spring-noir\\\/#breadcrumb\",\"itemListElement\":[{\"@type\":\"ListItem\",\"position\":1,\"name\":\"commencer\",\"item\":\"https:\\\/\\\/tupique.com\\\/\"},{\"@type\":\"ListItem\",\"position\":2,\"name\":\"Loja\",\"item\":\"https:\\\/\\\/tupique.com\\\/pt\\\/loja\\\/\"},{\"@type\":\"ListItem\",\"position\":3,\"name\":\"N\u00e9opr\u00e8ne Rip Curl FREELITE S\\\/SL SPRING Noir\"}]},{\"@type\":\"WebSite\",\"@id\":\"https:\\\/\\\/tupique.com\\\/#website\",\"url\":\"https:\\\/\\\/tupique.com\\\/\",\"name\":\"Tupique\",\"description\":\"\",\"publisher\":{\"@id\":\"https:\\\/\\\/tupique.com\\\/#organization\"},\"potentialAction\":[{\"@type\":\"SearchAction\",\"target\":{\"@type\":\"EntryPoint\",\"urlTemplate\":\"https:\\\/\\\/tupique.com\\\/?s={search_term_string}\"},\"query-input\":{\"@type\":\"PropertyValueSpecification\",\"valueRequired\":true,\"valueName\":\"search_term_string\"}}],\"inLanguage\":\"en-GB\"},{\"@type\":\"Organization\",\"@id\":\"https:\\\/\\\/tupique.com\\\/#organization\",\"name\":\"Tupique\",\"url\":\"https:\\\/\\\/tupique.com\\\/\",\"logo\":{\"@type\":\"ImageObject\",\"inLanguage\":\"en-GB\",\"@id\":\"https:\\\/\\\/tupique.com\\\/#\\\/schema\\\/logo\\\/image\\\/\",\"url\":\"https:\\\/\\\/tupique.com\\\/wp-content\\\/uploads\\\/2026\\\/03\\\/logo-tupique-1.webp\",\"contentUrl\":\"https:\\\/\\\/tupique.com\\\/wp-content\\\/uploads\\\/2026\\\/03\\\/logo-tupique-1.webp\",\"width\":500,\"height\":67,\"caption\":\"Tupique\"},\"image\":{\"@id\":\"https:\\\/\\\/tupique.com\\\/#\\\/schema\\\/logo\\\/image\\\/\"}}]}<\/script>\n<!-- \/ Yoast SEO plugin. -->","yoast_head_json":{"title":"N\u00e9opr\u00e8ne Rip Curl FREELITE S\/SL SPRING Noir | | Tupique","description":"Envie d'acheter N\u00e9opr\u00e8ne Rip Curl FREELITE S\/SL SPRING Noir\u00a0? Achetez N\u00e9opr\u00e8ne Rip Curl FREELITE S\/SL SPRING Noir maintenant avec Tupique en 3 versements sans int\u00e9r\u00eat.","robots":{"index":"index","follow":"follow","max-snippet":"max-snippet:-1","max-image-preview":"max-image-preview:large","max-video-preview":"max-video-preview:-1"},"canonical":"https:\/\/tupique.com\/en\/product\/neoprene-rip-curl-freelite-s-sl-spring-noir\/","og_locale":"en_GB","og_type":"article","og_title":"N\u00e9opr\u00e8ne Rip Curl FREELITE S\/SL SPRING Noir | | Tupique","og_description":"Envie d'acheter N\u00e9opr\u00e8ne Rip Curl FREELITE S\/SL SPRING Noir\u00a0? Achetez N\u00e9opr\u00e8ne Rip Curl FREELITE S\/SL SPRING Noir maintenant avec Tupique en 3 versements sans int\u00e9r\u00eat.","og_url":"https:\/\/tupique.com\/en\/product\/neoprene-rip-curl-freelite-s-sl-spring-noir\/","og_site_name":"Tupique","twitter_card":"summary_large_image","schema":{"@context":"https:\/\/schema.org","@graph":[{"@type":"WebPage","@id":"https:\/\/tupique.com\/product\/neoprene-rip-curl-freelite-s-sl-spring-noir\/","url":"https:\/\/tupique.com\/product\/neoprene-rip-curl-freelite-s-sl-spring-noir\/","name":"N\u00e9opr\u00e8ne Rip Curl FREELITE S\/SL SPRING Noir | | Tupique","isPartOf":{"@id":"https:\/\/tupique.com\/#website"},"primaryImageOfPage":{"@id":"https:\/\/tupique.com\/product\/neoprene-rip-curl-freelite-s-sl-spring-noir\/#primaryimage"},"image":{"@id":"https:\/\/tupique.com\/product\/neoprene-rip-curl-freelite-s-sl-spring-noir\/#primaryimage"},"thumbnailUrl":"https:\/\/tupique.com\/wp-content\/uploads\/2026\/05\/S64137021_1748346786-remove-background0.jpg","datePublished":"2026-05-12T13:04:07+00:00","description":"Envie d'acheter N\u00e9opr\u00e8ne Rip Curl FREELITE S\/SL SPRING Noir\u00a0? Achetez N\u00e9opr\u00e8ne Rip Curl FREELITE S\/SL SPRING Noir maintenant avec Tupique en 3 versements sans int\u00e9r\u00eat.","breadcrumb":{"@id":"https:\/\/tupique.com\/product\/neoprene-rip-curl-freelite-s-sl-spring-noir\/#breadcrumb"},"inLanguage":"en-GB","potentialAction":[{"@type":"ReadAction","target":["https:\/\/tupique.com\/product\/neoprene-rip-curl-freelite-s-sl-spring-noir\/"]}]},{"@type":"ImageObject","inLanguage":"en-GB","@id":"https:\/\/tupique.com\/product\/neoprene-rip-curl-freelite-s-sl-spring-noir\/#primaryimage","url":"https:\/\/tupique.com\/wp-content\/uploads\/2026\/05\/S64137021_1748346786-remove-background0.jpg","contentUrl":"https:\/\/tupique.com\/wp-content\/uploads\/2026\/05\/S64137021_1748346786-remove-background0.jpg","width":1200,"height":1200,"caption":"S64170162_0"},{"@type":"BreadcrumbList","@id":"https:\/\/tupique.com\/product\/neoprene-rip-curl-freelite-s-sl-spring-noir\/#breadcrumb","itemListElement":[{"@type":"ListItem","position":1,"name":"commencer","item":"https:\/\/tupique.com\/"},{"@type":"ListItem","position":2,"name":"Loja","item":"https:\/\/tupique.com\/pt\/loja\/"},{"@type":"ListItem","position":3,"name":"N\u00e9opr\u00e8ne Rip Curl FREELITE S\/SL SPRING Noir"}]},{"@type":"WebSite","@id":"https:\/\/tupique.com\/#website","url":"https:\/\/tupique.com\/","name":"Tupique","description":"","publisher":{"@id":"https:\/\/tupique.com\/#organization"},"potentialAction":[{"@type":"SearchAction","target":{"@type":"EntryPoint","urlTemplate":"https:\/\/tupique.com\/?s={search_term_string}"},"query-input":{"@type":"PropertyValueSpecification","valueRequired":true,"valueName":"search_term_string"}}],"inLanguage":"en-GB"},{"@type":"Organization","@id":"https:\/\/tupique.com\/#organization","name":"Tupique","url":"https:\/\/tupique.com\/","logo":{"@type":"ImageObject","inLanguage":"en-GB","@id":"https:\/\/tupique.com\/#\/schema\/logo\/image\/","url":"https:\/\/tupique.com\/wp-content\/uploads\/2026\/03\/logo-tupique-1.webp","contentUrl":"https:\/\/tupique.com\/wp-content\/uploads\/2026\/03\/logo-tupique-1.webp","width":500,"height":67,"caption":"Tupique"},"image":{"@id":"https:\/\/tupique.com\/#\/schema\/logo\/image\/"}}]}},"_links":{"self":[{"href":"https:\/\/tupique.com\/en\/wp-json\/wp\/v2\/product\/203059","targetHints":{"allow":["GET"]}}],"collection":[{"href":"https:\/\/tupique.com\/en\/wp-json\/wp\/v2\/product"}],"about":[{"href":"https:\/\/tupique.com\/en\/wp-json\/wp\/v2\/types\/product"}],"replies":[{"embeddable":true,"href":"https:\/\/tupique.com\/en\/wp-json\/wp\/v2\/comments?post=203059"}],"wp:featuredmedia":[{"embeddable":true,"href":"https:\/\/tupique.com\/en\/wp-json\/wp\/v2\/media\/203053"}],"wp:attachment":[{"href":"https:\/\/tupique.com\/en\/wp-json\/wp\/v2\/media?parent=203059"}],"wp:term":[{"taxonomy":"product_brand","embeddable":true,"href":"https:\/\/tupique.com\/en\/wp-json\/wp\/v2\/product_brand?post=203059"},{"taxonomy":"product_cat","embeddable":true,"href":"https:\/\/tupique.com\/en\/wp-json\/wp\/v2\/product_cat?post=203059"},{"taxonomy":"product_tag","embeddable":true,"href":"https:\/\/tupique.com\/en\/wp-json\/wp\/v2\/product_tag?post=203059"},{"taxonomy":"woo-feed-brand","embeddable":true,"href":"https:\/\/tupique.com\/en\/wp-json\/wp\/v2\/woo-feed-brand?post=203059"}],"curies":[{"name":"wp","href":"https:\/\/api.w.org\/{rel}","templated":true}]}}