{"id":204149,"date":"2026-05-12T16:36:05","date_gmt":"2026-05-12T14:36:05","guid":{"rendered":"https:\/\/tupique.com\/product\/baume-a-levres-drunk-elephant-lippe-37-g\/"},"modified":"2026-05-12T16:36:05","modified_gmt":"2026-05-12T14:36:05","slug":"baume-a-levres-drunk-elephant-lippe-37-g","status":"publish","type":"product","link":"https:\/\/tupique.com\/en\/product\/baume-a-levres-drunk-elephant-lippe-37-g\/","title":{"rendered":"Baume \u00e0 l\u00e8vres Drunk Elephant LIPPE 3,7 g"},"content":{"rendered":"<\/p>\n<p><b>Baume \u00e0 l\u00e8vres Drunk Elephant LIPPE 3,7 g<\/b> is a high-quality product designed for discerning individuals who care about their appearance and seek out the best cosmetics to enhance their beauty. If this sounds like you, the original 100 % products <b>Drunk Elephant<\/b> are made for you.<\/p>\n<ul>\n<li>Type: Baume \u00e0 l\u00e8vres<\/li>\n<li>Features:\n<ul>\n<li>Sans parfum<\/li>\n<li>Sans Silicone<\/li>\n<\/ul>\n<\/li>\n<li>Genre: Femme<\/li>\n<li>Format: Stick<\/li>\n<li>Texture: Balm<\/li>\n<li>Ingredients:\n<ul>\n<li>Polyisobutene<\/li>\n<li>Rosmarinus officinalis (rosemary) leaf extract<\/li>\n<li>Sclerocarya birrea seed oil<\/li>\n<li>Sorbitan isostearate<\/li>\n<li>Stearic acid<\/li>\n<li>Tetrahexyldecyl ascorbate<\/li>\n<li>Tocopherol<\/li>\n<li>Tocopheryl acetate<\/li>\n<li>Tribehenin<\/li>\n<li>Vaccinium macrocarpon (cranberry) seed oil<\/li>\n<li>Bis-diglyceryl polyacyladipate-2<\/li>\n<li>Butyrospermum parkii (shea) butter<\/li>\n<li>Camellia sinensis leaf extract<\/li>\n<li>Caprylyl glycol<\/li>\n<li>Carthamus tinctorius (safflower) seed oil<\/li>\n<li>Cocos nucifera (coconut) oil<\/li>\n<li>Dicaprylyl ether<\/li>\n<li>Dipotassium glycyrrhizate<\/li>\n<li>Ethylhexyl palmitate<\/li>\n<li>Glycine soja (soybean) oil<\/li>\n<li>Helianthus annuus (sunflower) seed oil<\/li>\n<li>Linoleic acid<\/li>\n<li>Linolenic acid<\/li>\n<li>Oleic acid<\/li>\n<li>Ozokerite<\/li>\n<li>Palmitic acid<\/li>\n<li>Palmitoyl tripeptide-1<\/li>\n<li>Persea gratissima (avocado) oil<\/li>\n<li>Phenoxyethanol<\/li>\n<li>Lactic acid<\/li>\n<li>Karit\u00e9<\/li>\n<li>Lauryl alcohol<\/li>\n<li>Caprylic\/capric triglyceride<\/li>\n<li>Avocat<\/li>\n<\/ul>\n<\/li>\n<li>Capacit\u00e9: 3,7 g<\/li>\n<\/ul>","protected":false},"excerpt":{"rendered":"<p>Baume \u00e0 l\u00e8vres Drunk Elephant LIPPE 3,7 g est un produit de qualit\u00e9 con\u00e7u pour les personnes exigeantes qui prennent soin de leur image et recherchent les meilleurs cosm\u00e9tiques pour mettre en valeur leur beaut\u00e9. Si vous en faites partie, les produits 100 % originaux Drunk Elephant sont faits pour vous. Type: Baume \u00e0 l\u00e8vres [&hellip;]<\/p>\n","protected":false},"featured_media":204148,"comment_status":"open","ping_status":"closed","template":"","meta":[],"product_brand":[3001],"product_cat":[1378,769,1865],"product_tag":[722],"woo-feed-brand":[],"class_list":{"0":"post-204149","1":"product","2":"type-product","3":"status-publish","4":"has-post-thumbnail","6":"product_brand-brandp_10658","7":"product_cat-cosmetiques","8":"product_cat-parfum-cosmetique","9":"product_cat-rouges-a-levres-et-gloss","10":"product_tag-tag_923","12":"first","13":"instock","14":"taxable","15":"shipping-taxable","16":"purchasable","17":"product-type-simple"},"yoast_head":"<!-- This site is optimized with the Yoast SEO plugin v27.6 - https:\/\/yoast.com\/product\/yoast-seo-wordpress\/ -->\n<title>Baume \u00e0 l\u00e8vres Drunk Elephant LIPPE 3,7 g | | Tupique<\/title>\n<meta name=\"description\" content=\"Envie d&#039;acheter Baume \u00e0 l\u00e8vres Drunk Elephant LIPPE 3,7 g\u00a0? Achetez Baume \u00e0 l\u00e8vres Drunk Elephant LIPPE 3,7 g maintenant avec Tupique en 3 versements sans int\u00e9r\u00eat.\" \/>\n<meta name=\"robots\" content=\"index, follow, max-snippet:-1, max-image-preview:large, max-video-preview:-1\" \/>\n<link rel=\"canonical\" href=\"https:\/\/tupique.com\/en\/product\/baume-a-levres-drunk-elephant-lippe-37-g\/\" \/>\n<meta property=\"og:locale\" content=\"en_GB\" \/>\n<meta property=\"og:type\" content=\"article\" \/>\n<meta property=\"og:title\" content=\"Baume \u00e0 l\u00e8vres Drunk Elephant LIPPE 3,7 g | | Tupique\" \/>\n<meta property=\"og:description\" content=\"Envie d&#039;acheter Baume \u00e0 l\u00e8vres Drunk Elephant LIPPE 3,7 g\u00a0? Achetez Baume \u00e0 l\u00e8vres Drunk Elephant LIPPE 3,7 g maintenant avec Tupique en 3 versements sans int\u00e9r\u00eat.\" \/>\n<meta property=\"og:url\" content=\"https:\/\/tupique.com\/en\/product\/baume-a-levres-drunk-elephant-lippe-37-g\/\" \/>\n<meta property=\"og:site_name\" content=\"Tupique\" \/>\n<meta name=\"twitter:card\" content=\"summary_large_image\" \/>\n<meta name=\"twitter:label1\" content=\"Est. reading time\" \/>\n\t<meta name=\"twitter:data1\" content=\"1 minute\" \/>\n<script type=\"application\/ld+json\" class=\"yoast-schema-graph\">{\"@context\":\"https:\\\/\\\/schema.org\",\"@graph\":[{\"@type\":\"WebPage\",\"@id\":\"https:\\\/\\\/tupique.com\\\/product\\\/baume-a-levres-drunk-elephant-lippe-37-g\\\/\",\"url\":\"https:\\\/\\\/tupique.com\\\/product\\\/baume-a-levres-drunk-elephant-lippe-37-g\\\/\",\"name\":\"Baume \u00e0 l\u00e8vres Drunk Elephant LIPPE 3,7 g | | Tupique\",\"isPartOf\":{\"@id\":\"https:\\\/\\\/tupique.com\\\/#website\"},\"primaryImageOfPage\":{\"@id\":\"https:\\\/\\\/tupique.com\\\/product\\\/baume-a-levres-drunk-elephant-lippe-37-g\\\/#primaryimage\"},\"image\":{\"@id\":\"https:\\\/\\\/tupique.com\\\/product\\\/baume-a-levres-drunk-elephant-lippe-37-g\\\/#primaryimage\"},\"thumbnailUrl\":\"https:\\\/\\\/tupique.com\\\/wp-content\\\/uploads\\\/2026\\\/05\\\/0194249405419_S05145587_P00.jpg\",\"datePublished\":\"2026-05-12T14:36:05+00:00\",\"description\":\"Envie d'acheter Baume \u00e0 l\u00e8vres Drunk Elephant LIPPE 3,7 g\u00a0? Achetez Baume \u00e0 l\u00e8vres Drunk Elephant LIPPE 3,7 g maintenant avec Tupique en 3 versements sans int\u00e9r\u00eat.\",\"breadcrumb\":{\"@id\":\"https:\\\/\\\/tupique.com\\\/product\\\/baume-a-levres-drunk-elephant-lippe-37-g\\\/#breadcrumb\"},\"inLanguage\":\"en-GB\",\"potentialAction\":[{\"@type\":\"ReadAction\",\"target\":[\"https:\\\/\\\/tupique.com\\\/product\\\/baume-a-levres-drunk-elephant-lippe-37-g\\\/\"]}]},{\"@type\":\"ImageObject\",\"inLanguage\":\"en-GB\",\"@id\":\"https:\\\/\\\/tupique.com\\\/product\\\/baume-a-levres-drunk-elephant-lippe-37-g\\\/#primaryimage\",\"url\":\"https:\\\/\\\/tupique.com\\\/wp-content\\\/uploads\\\/2026\\\/05\\\/0194249405419_S05145587_P00.jpg\",\"contentUrl\":\"https:\\\/\\\/tupique.com\\\/wp-content\\\/uploads\\\/2026\\\/05\\\/0194249405419_S05145587_P00.jpg\",\"width\":1200,\"height\":1200,\"caption\":\"S05145587_0\"},{\"@type\":\"BreadcrumbList\",\"@id\":\"https:\\\/\\\/tupique.com\\\/product\\\/baume-a-levres-drunk-elephant-lippe-37-g\\\/#breadcrumb\",\"itemListElement\":[{\"@type\":\"ListItem\",\"position\":1,\"name\":\"commencer\",\"item\":\"https:\\\/\\\/tupique.com\\\/\"},{\"@type\":\"ListItem\",\"position\":2,\"name\":\"Loja\",\"item\":\"https:\\\/\\\/tupique.com\\\/pt\\\/loja\\\/\"},{\"@type\":\"ListItem\",\"position\":3,\"name\":\"Baume \u00e0 l\u00e8vres Drunk Elephant LIPPE 3,7 g\"}]},{\"@type\":\"WebSite\",\"@id\":\"https:\\\/\\\/tupique.com\\\/#website\",\"url\":\"https:\\\/\\\/tupique.com\\\/\",\"name\":\"Tupique\",\"description\":\"\",\"publisher\":{\"@id\":\"https:\\\/\\\/tupique.com\\\/#organization\"},\"potentialAction\":[{\"@type\":\"SearchAction\",\"target\":{\"@type\":\"EntryPoint\",\"urlTemplate\":\"https:\\\/\\\/tupique.com\\\/?s={search_term_string}\"},\"query-input\":{\"@type\":\"PropertyValueSpecification\",\"valueRequired\":true,\"valueName\":\"search_term_string\"}}],\"inLanguage\":\"en-GB\"},{\"@type\":\"Organization\",\"@id\":\"https:\\\/\\\/tupique.com\\\/#organization\",\"name\":\"Tupique\",\"url\":\"https:\\\/\\\/tupique.com\\\/\",\"logo\":{\"@type\":\"ImageObject\",\"inLanguage\":\"en-GB\",\"@id\":\"https:\\\/\\\/tupique.com\\\/#\\\/schema\\\/logo\\\/image\\\/\",\"url\":\"https:\\\/\\\/tupique.com\\\/wp-content\\\/uploads\\\/2026\\\/03\\\/logo-tupique-1.webp\",\"contentUrl\":\"https:\\\/\\\/tupique.com\\\/wp-content\\\/uploads\\\/2026\\\/03\\\/logo-tupique-1.webp\",\"width\":500,\"height\":67,\"caption\":\"Tupique\"},\"image\":{\"@id\":\"https:\\\/\\\/tupique.com\\\/#\\\/schema\\\/logo\\\/image\\\/\"}}]}<\/script>\n<!-- \/ Yoast SEO plugin. -->","yoast_head_json":{"title":"Baume \u00e0 l\u00e8vres Drunk Elephant LIPPE 3,7 g | | Tupique","description":"Envie d'acheter Baume \u00e0 l\u00e8vres Drunk Elephant LIPPE 3,7 g\u00a0? Achetez Baume \u00e0 l\u00e8vres Drunk Elephant LIPPE 3,7 g maintenant avec Tupique en 3 versements sans int\u00e9r\u00eat.","robots":{"index":"index","follow":"follow","max-snippet":"max-snippet:-1","max-image-preview":"max-image-preview:large","max-video-preview":"max-video-preview:-1"},"canonical":"https:\/\/tupique.com\/en\/product\/baume-a-levres-drunk-elephant-lippe-37-g\/","og_locale":"en_GB","og_type":"article","og_title":"Baume \u00e0 l\u00e8vres Drunk Elephant LIPPE 3,7 g | | Tupique","og_description":"Envie d'acheter Baume \u00e0 l\u00e8vres Drunk Elephant LIPPE 3,7 g\u00a0? Achetez Baume \u00e0 l\u00e8vres Drunk Elephant LIPPE 3,7 g maintenant avec Tupique en 3 versements sans int\u00e9r\u00eat.","og_url":"https:\/\/tupique.com\/en\/product\/baume-a-levres-drunk-elephant-lippe-37-g\/","og_site_name":"Tupique","twitter_card":"summary_large_image","twitter_misc":{"Est. reading time":"1 minute"},"schema":{"@context":"https:\/\/schema.org","@graph":[{"@type":"WebPage","@id":"https:\/\/tupique.com\/product\/baume-a-levres-drunk-elephant-lippe-37-g\/","url":"https:\/\/tupique.com\/product\/baume-a-levres-drunk-elephant-lippe-37-g\/","name":"Baume \u00e0 l\u00e8vres Drunk Elephant LIPPE 3,7 g | | Tupique","isPartOf":{"@id":"https:\/\/tupique.com\/#website"},"primaryImageOfPage":{"@id":"https:\/\/tupique.com\/product\/baume-a-levres-drunk-elephant-lippe-37-g\/#primaryimage"},"image":{"@id":"https:\/\/tupique.com\/product\/baume-a-levres-drunk-elephant-lippe-37-g\/#primaryimage"},"thumbnailUrl":"https:\/\/tupique.com\/wp-content\/uploads\/2026\/05\/0194249405419_S05145587_P00.jpg","datePublished":"2026-05-12T14:36:05+00:00","description":"Envie d'acheter Baume \u00e0 l\u00e8vres Drunk Elephant LIPPE 3,7 g\u00a0? Achetez Baume \u00e0 l\u00e8vres Drunk Elephant LIPPE 3,7 g maintenant avec Tupique en 3 versements sans int\u00e9r\u00eat.","breadcrumb":{"@id":"https:\/\/tupique.com\/product\/baume-a-levres-drunk-elephant-lippe-37-g\/#breadcrumb"},"inLanguage":"en-GB","potentialAction":[{"@type":"ReadAction","target":["https:\/\/tupique.com\/product\/baume-a-levres-drunk-elephant-lippe-37-g\/"]}]},{"@type":"ImageObject","inLanguage":"en-GB","@id":"https:\/\/tupique.com\/product\/baume-a-levres-drunk-elephant-lippe-37-g\/#primaryimage","url":"https:\/\/tupique.com\/wp-content\/uploads\/2026\/05\/0194249405419_S05145587_P00.jpg","contentUrl":"https:\/\/tupique.com\/wp-content\/uploads\/2026\/05\/0194249405419_S05145587_P00.jpg","width":1200,"height":1200,"caption":"S05145587_0"},{"@type":"BreadcrumbList","@id":"https:\/\/tupique.com\/product\/baume-a-levres-drunk-elephant-lippe-37-g\/#breadcrumb","itemListElement":[{"@type":"ListItem","position":1,"name":"commencer","item":"https:\/\/tupique.com\/"},{"@type":"ListItem","position":2,"name":"Loja","item":"https:\/\/tupique.com\/pt\/loja\/"},{"@type":"ListItem","position":3,"name":"Baume \u00e0 l\u00e8vres Drunk Elephant LIPPE 3,7 g"}]},{"@type":"WebSite","@id":"https:\/\/tupique.com\/#website","url":"https:\/\/tupique.com\/","name":"Tupique","description":"","publisher":{"@id":"https:\/\/tupique.com\/#organization"},"potentialAction":[{"@type":"SearchAction","target":{"@type":"EntryPoint","urlTemplate":"https:\/\/tupique.com\/?s={search_term_string}"},"query-input":{"@type":"PropertyValueSpecification","valueRequired":true,"valueName":"search_term_string"}}],"inLanguage":"en-GB"},{"@type":"Organization","@id":"https:\/\/tupique.com\/#organization","name":"Tupique","url":"https:\/\/tupique.com\/","logo":{"@type":"ImageObject","inLanguage":"en-GB","@id":"https:\/\/tupique.com\/#\/schema\/logo\/image\/","url":"https:\/\/tupique.com\/wp-content\/uploads\/2026\/03\/logo-tupique-1.webp","contentUrl":"https:\/\/tupique.com\/wp-content\/uploads\/2026\/03\/logo-tupique-1.webp","width":500,"height":67,"caption":"Tupique"},"image":{"@id":"https:\/\/tupique.com\/#\/schema\/logo\/image\/"}}]}},"_links":{"self":[{"href":"https:\/\/tupique.com\/en\/wp-json\/wp\/v2\/product\/204149","targetHints":{"allow":["GET"]}}],"collection":[{"href":"https:\/\/tupique.com\/en\/wp-json\/wp\/v2\/product"}],"about":[{"href":"https:\/\/tupique.com\/en\/wp-json\/wp\/v2\/types\/product"}],"replies":[{"embeddable":true,"href":"https:\/\/tupique.com\/en\/wp-json\/wp\/v2\/comments?post=204149"}],"wp:featuredmedia":[{"embeddable":true,"href":"https:\/\/tupique.com\/en\/wp-json\/wp\/v2\/media\/204148"}],"wp:attachment":[{"href":"https:\/\/tupique.com\/en\/wp-json\/wp\/v2\/media?parent=204149"}],"wp:term":[{"taxonomy":"product_brand","embeddable":true,"href":"https:\/\/tupique.com\/en\/wp-json\/wp\/v2\/product_brand?post=204149"},{"taxonomy":"product_cat","embeddable":true,"href":"https:\/\/tupique.com\/en\/wp-json\/wp\/v2\/product_cat?post=204149"},{"taxonomy":"product_tag","embeddable":true,"href":"https:\/\/tupique.com\/en\/wp-json\/wp\/v2\/product_tag?post=204149"},{"taxonomy":"woo-feed-brand","embeddable":true,"href":"https:\/\/tupique.com\/en\/wp-json\/wp\/v2\/woo-feed-brand?post=204149"}],"curies":[{"name":"wp","href":"https:\/\/api.w.org\/{rel}","templated":true}]}}