{"id":204205,"date":"2026-05-12T16:38:34","date_gmt":"2026-05-12T14:38:34","guid":{"rendered":"https:\/\/tupique.com\/product\/monture-de-lunettes-enfant-bulget-bgk1008-4907a\/"},"modified":"2026-05-12T16:38:34","modified_gmt":"2026-05-12T14:38:34","slug":"monture-de-lunettes-enfant-bulget-bgk1008-4907a","status":"publish","type":"product","link":"https:\/\/tupique.com\/en\/product\/monture-de-lunettes-enfant-bulget-bgk1008-4907a\/","title":{"rendered":"Monture de Lunettes Enfant Bulget BGK1008 4907A"},"content":{"rendered":"<p>Si vous envisagez de renouveler votre garde-robe, achetez <b>Monture de Lunettes Enfant Bulget BGK1008 4907A<\/b> et d\u2019autres<b>produits Bulget<\/b>! La meilleure qualit\u00e9 au meilleur prix est \u00e0 votre port\u00e9e!<\/p>\n<p>The <b>monture de lunettes pour enfants<\/b> <b>Bulget BGK1008 4907A<\/b> est sp\u00e9cialement con\u00e7ue pour les enfants, alliant confort et r\u00e9sistance dans un format parfaitement adapt\u00e9 \u00e0 un usage quotidien et actif. Ce mod\u00e8le est \u00e9quip\u00e9 de <b>verres non correcteurs<\/b> d\u2019origine, ce qui facilite leur remplacement par des verres optiques personnalis\u00e9s selon l\u2019ordonnance de l\u2019utilisateur, une caract\u00e9ristique essentielle pour ceux qui recherchent une solution pratique et adaptable. La <b>monture<\/b> est fabriqu\u00e9e \u00e0 partir de mat\u00e9riaux l\u00e9gers et durables, pens\u00e9s pour r\u00e9sister au rythme de vie des enfants et r\u00e9duire le risque de d\u00e9formation ou de casse fr\u00e9quent \u00e0 cet \u00e2ge. Le design ergonomique assure un ajustement confortable et s\u00fbr, s\u2019adaptant aux visages en croissance et offrant un maintien fiable lors des activit\u00e9s scolaires ou de loisirs. De plus, l\u2019esth\u00e9tique jeune et polyvalente de la monture favorise son acceptation aupr\u00e8s des filles et des gar\u00e7ons, permettant de porter un accessoire fonctionnel sans sacrifier le style. La Bulget BGK1008 4907A constitue un choix fiable et pratique dans le segment des lunettes pour enfants, id\u00e9ale pour ceux qui recherchent qualit\u00e9, adaptabilit\u00e9 et s\u00e9curit\u00e9 en un seul produit.<\/p>\n<ul>\n<li>Caract\u00e9ristiques: Verres sans graduation<\/li>\n<li>Type: Monture de Lunettes<\/li>\n<li>Genre: Enfant<\/li>\n<li>Type de verre: Lentilles sans ordonnance<\/li>\n<\/ul>","protected":false},"excerpt":{"rendered":"<p>Si vous envisagez de renouveler votre garde-robe, achetez Monture de Lunettes Enfant Bulget BGK1008 4907A et d\u2019autresproduits Bulget! La meilleure qualit\u00e9 au meilleur prix est \u00e0 votre port\u00e9e! La monture de lunettes pour enfants Bulget BGK1008 4907A est sp\u00e9cialement con\u00e7ue pour les enfants, alliant confort et r\u00e9sistance dans un format parfaitement adapt\u00e9 \u00e0 un usage [&hellip;]<\/p>\n","protected":false},"featured_media":204202,"comment_status":"open","ping_status":"closed","template":"","meta":[],"product_brand":[3002],"product_cat":[776,777,752],"product_tag":[],"woo-feed-brand":[],"class_list":{"0":"post-204205","1":"product","2":"type-product","3":"status-publish","4":"has-post-thumbnail","6":"product_brand-brandp_10452","7":"product_cat-detente-et-bien-etre","8":"product_cat-lunettes-de-lecture-et-lunettes-loupes","9":"product_cat-sante-beaute","11":"first","12":"instock","13":"taxable","14":"shipping-taxable","15":"purchasable","16":"product-type-simple"},"yoast_head":"<!-- This site is optimized with the Yoast SEO plugin v27.6 - https:\/\/yoast.com\/product\/yoast-seo-wordpress\/ -->\n<title>Monture de Lunettes Enfant Bulget BGK1008 4907A | | Tupique<\/title>\n<meta name=\"description\" content=\"Envie d&#039;acheter Monture de Lunettes Enfant Bulget BGK1008 4907A\u00a0? Achetez Monture de Lunettes Enfant Bulget BGK1008 4907A maintenant avec Tupique en 3 versements sans int\u00e9r\u00eat.\" \/>\n<meta name=\"robots\" content=\"index, follow, max-snippet:-1, max-image-preview:large, max-video-preview:-1\" \/>\n<link rel=\"canonical\" href=\"https:\/\/tupique.com\/en\/product\/monture-de-lunettes-enfant-bulget-bgk1008-4907a\/\" \/>\n<meta property=\"og:locale\" content=\"en_GB\" \/>\n<meta property=\"og:type\" content=\"article\" \/>\n<meta property=\"og:title\" content=\"Monture de Lunettes Enfant Bulget BGK1008 4907A | | Tupique\" \/>\n<meta property=\"og:description\" content=\"Envie d&#039;acheter Monture de Lunettes Enfant Bulget BGK1008 4907A\u00a0? Achetez Monture de Lunettes Enfant Bulget BGK1008 4907A maintenant avec Tupique en 3 versements sans int\u00e9r\u00eat.\" \/>\n<meta property=\"og:url\" content=\"https:\/\/tupique.com\/en\/product\/monture-de-lunettes-enfant-bulget-bgk1008-4907a\/\" \/>\n<meta property=\"og:site_name\" content=\"Tupique\" \/>\n<meta name=\"twitter:card\" content=\"summary_large_image\" \/>\n<meta name=\"twitter:label1\" content=\"Est. reading time\" \/>\n\t<meta name=\"twitter:data1\" content=\"1 minute\" \/>\n<script type=\"application\/ld+json\" class=\"yoast-schema-graph\">{\"@context\":\"https:\\\/\\\/schema.org\",\"@graph\":[{\"@type\":\"WebPage\",\"@id\":\"https:\\\/\\\/tupique.com\\\/product\\\/monture-de-lunettes-enfant-bulget-bgk1008-4907a\\\/\",\"url\":\"https:\\\/\\\/tupique.com\\\/product\\\/monture-de-lunettes-enfant-bulget-bgk1008-4907a\\\/\",\"name\":\"Monture de Lunettes Enfant Bulget BGK1008 4907A | | Tupique\",\"isPartOf\":{\"@id\":\"https:\\\/\\\/tupique.com\\\/#website\"},\"primaryImageOfPage\":{\"@id\":\"https:\\\/\\\/tupique.com\\\/product\\\/monture-de-lunettes-enfant-bulget-bgk1008-4907a\\\/#primaryimage\"},\"image\":{\"@id\":\"https:\\\/\\\/tupique.com\\\/product\\\/monture-de-lunettes-enfant-bulget-bgk1008-4907a\\\/#primaryimage\"},\"thumbnailUrl\":\"https:\\\/\\\/tupique.com\\\/wp-content\\\/uploads\\\/2026\\\/05\\\/5604447105813_S72126754_P00.jpg\",\"datePublished\":\"2026-05-12T14:38:34+00:00\",\"description\":\"Envie d'acheter Monture de Lunettes Enfant Bulget BGK1008 4907A\u00a0? Achetez Monture de Lunettes Enfant Bulget BGK1008 4907A maintenant avec Tupique en 3 versements sans int\u00e9r\u00eat.\",\"breadcrumb\":{\"@id\":\"https:\\\/\\\/tupique.com\\\/product\\\/monture-de-lunettes-enfant-bulget-bgk1008-4907a\\\/#breadcrumb\"},\"inLanguage\":\"en-GB\",\"potentialAction\":[{\"@type\":\"ReadAction\",\"target\":[\"https:\\\/\\\/tupique.com\\\/product\\\/monture-de-lunettes-enfant-bulget-bgk1008-4907a\\\/\"]}]},{\"@type\":\"ImageObject\",\"inLanguage\":\"en-GB\",\"@id\":\"https:\\\/\\\/tupique.com\\\/product\\\/monture-de-lunettes-enfant-bulget-bgk1008-4907a\\\/#primaryimage\",\"url\":\"https:\\\/\\\/tupique.com\\\/wp-content\\\/uploads\\\/2026\\\/05\\\/5604447105813_S72126754_P00.jpg\",\"contentUrl\":\"https:\\\/\\\/tupique.com\\\/wp-content\\\/uploads\\\/2026\\\/05\\\/5604447105813_S72126754_P00.jpg\",\"width\":1200,\"height\":1200,\"caption\":\"S72126754_0\"},{\"@type\":\"BreadcrumbList\",\"@id\":\"https:\\\/\\\/tupique.com\\\/product\\\/monture-de-lunettes-enfant-bulget-bgk1008-4907a\\\/#breadcrumb\",\"itemListElement\":[{\"@type\":\"ListItem\",\"position\":1,\"name\":\"commencer\",\"item\":\"https:\\\/\\\/tupique.com\\\/\"},{\"@type\":\"ListItem\",\"position\":2,\"name\":\"Loja\",\"item\":\"https:\\\/\\\/tupique.com\\\/pt\\\/loja\\\/\"},{\"@type\":\"ListItem\",\"position\":3,\"name\":\"Monture de Lunettes Enfant Bulget BGK1008 4907A\"}]},{\"@type\":\"WebSite\",\"@id\":\"https:\\\/\\\/tupique.com\\\/#website\",\"url\":\"https:\\\/\\\/tupique.com\\\/\",\"name\":\"Tupique\",\"description\":\"\",\"publisher\":{\"@id\":\"https:\\\/\\\/tupique.com\\\/#organization\"},\"potentialAction\":[{\"@type\":\"SearchAction\",\"target\":{\"@type\":\"EntryPoint\",\"urlTemplate\":\"https:\\\/\\\/tupique.com\\\/?s={search_term_string}\"},\"query-input\":{\"@type\":\"PropertyValueSpecification\",\"valueRequired\":true,\"valueName\":\"search_term_string\"}}],\"inLanguage\":\"en-GB\"},{\"@type\":\"Organization\",\"@id\":\"https:\\\/\\\/tupique.com\\\/#organization\",\"name\":\"Tupique\",\"url\":\"https:\\\/\\\/tupique.com\\\/\",\"logo\":{\"@type\":\"ImageObject\",\"inLanguage\":\"en-GB\",\"@id\":\"https:\\\/\\\/tupique.com\\\/#\\\/schema\\\/logo\\\/image\\\/\",\"url\":\"https:\\\/\\\/tupique.com\\\/wp-content\\\/uploads\\\/2026\\\/03\\\/logo-tupique-1.webp\",\"contentUrl\":\"https:\\\/\\\/tupique.com\\\/wp-content\\\/uploads\\\/2026\\\/03\\\/logo-tupique-1.webp\",\"width\":500,\"height\":67,\"caption\":\"Tupique\"},\"image\":{\"@id\":\"https:\\\/\\\/tupique.com\\\/#\\\/schema\\\/logo\\\/image\\\/\"}}]}<\/script>\n<!-- \/ Yoast SEO plugin. -->","yoast_head_json":{"title":"Monture de Lunettes Enfant Bulget BGK1008 4907A | | Tupique","description":"Envie d'acheter Monture de Lunettes Enfant Bulget BGK1008 4907A\u00a0? Achetez Monture de Lunettes Enfant Bulget BGK1008 4907A maintenant avec Tupique en 3 versements sans int\u00e9r\u00eat.","robots":{"index":"index","follow":"follow","max-snippet":"max-snippet:-1","max-image-preview":"max-image-preview:large","max-video-preview":"max-video-preview:-1"},"canonical":"https:\/\/tupique.com\/en\/product\/monture-de-lunettes-enfant-bulget-bgk1008-4907a\/","og_locale":"en_GB","og_type":"article","og_title":"Monture de Lunettes Enfant Bulget BGK1008 4907A | | Tupique","og_description":"Envie d'acheter Monture de Lunettes Enfant Bulget BGK1008 4907A\u00a0? Achetez Monture de Lunettes Enfant Bulget BGK1008 4907A maintenant avec Tupique en 3 versements sans int\u00e9r\u00eat.","og_url":"https:\/\/tupique.com\/en\/product\/monture-de-lunettes-enfant-bulget-bgk1008-4907a\/","og_site_name":"Tupique","twitter_card":"summary_large_image","twitter_misc":{"Est. reading time":"1 minute"},"schema":{"@context":"https:\/\/schema.org","@graph":[{"@type":"WebPage","@id":"https:\/\/tupique.com\/product\/monture-de-lunettes-enfant-bulget-bgk1008-4907a\/","url":"https:\/\/tupique.com\/product\/monture-de-lunettes-enfant-bulget-bgk1008-4907a\/","name":"Monture de Lunettes Enfant Bulget BGK1008 4907A | | Tupique","isPartOf":{"@id":"https:\/\/tupique.com\/#website"},"primaryImageOfPage":{"@id":"https:\/\/tupique.com\/product\/monture-de-lunettes-enfant-bulget-bgk1008-4907a\/#primaryimage"},"image":{"@id":"https:\/\/tupique.com\/product\/monture-de-lunettes-enfant-bulget-bgk1008-4907a\/#primaryimage"},"thumbnailUrl":"https:\/\/tupique.com\/wp-content\/uploads\/2026\/05\/5604447105813_S72126754_P00.jpg","datePublished":"2026-05-12T14:38:34+00:00","description":"Envie d'acheter Monture de Lunettes Enfant Bulget BGK1008 4907A\u00a0? Achetez Monture de Lunettes Enfant Bulget BGK1008 4907A maintenant avec Tupique en 3 versements sans int\u00e9r\u00eat.","breadcrumb":{"@id":"https:\/\/tupique.com\/product\/monture-de-lunettes-enfant-bulget-bgk1008-4907a\/#breadcrumb"},"inLanguage":"en-GB","potentialAction":[{"@type":"ReadAction","target":["https:\/\/tupique.com\/product\/monture-de-lunettes-enfant-bulget-bgk1008-4907a\/"]}]},{"@type":"ImageObject","inLanguage":"en-GB","@id":"https:\/\/tupique.com\/product\/monture-de-lunettes-enfant-bulget-bgk1008-4907a\/#primaryimage","url":"https:\/\/tupique.com\/wp-content\/uploads\/2026\/05\/5604447105813_S72126754_P00.jpg","contentUrl":"https:\/\/tupique.com\/wp-content\/uploads\/2026\/05\/5604447105813_S72126754_P00.jpg","width":1200,"height":1200,"caption":"S72126754_0"},{"@type":"BreadcrumbList","@id":"https:\/\/tupique.com\/product\/monture-de-lunettes-enfant-bulget-bgk1008-4907a\/#breadcrumb","itemListElement":[{"@type":"ListItem","position":1,"name":"commencer","item":"https:\/\/tupique.com\/"},{"@type":"ListItem","position":2,"name":"Loja","item":"https:\/\/tupique.com\/pt\/loja\/"},{"@type":"ListItem","position":3,"name":"Monture de Lunettes Enfant Bulget BGK1008 4907A"}]},{"@type":"WebSite","@id":"https:\/\/tupique.com\/#website","url":"https:\/\/tupique.com\/","name":"Tupique","description":"","publisher":{"@id":"https:\/\/tupique.com\/#organization"},"potentialAction":[{"@type":"SearchAction","target":{"@type":"EntryPoint","urlTemplate":"https:\/\/tupique.com\/?s={search_term_string}"},"query-input":{"@type":"PropertyValueSpecification","valueRequired":true,"valueName":"search_term_string"}}],"inLanguage":"en-GB"},{"@type":"Organization","@id":"https:\/\/tupique.com\/#organization","name":"Tupique","url":"https:\/\/tupique.com\/","logo":{"@type":"ImageObject","inLanguage":"en-GB","@id":"https:\/\/tupique.com\/#\/schema\/logo\/image\/","url":"https:\/\/tupique.com\/wp-content\/uploads\/2026\/03\/logo-tupique-1.webp","contentUrl":"https:\/\/tupique.com\/wp-content\/uploads\/2026\/03\/logo-tupique-1.webp","width":500,"height":67,"caption":"Tupique"},"image":{"@id":"https:\/\/tupique.com\/#\/schema\/logo\/image\/"}}]}},"_links":{"self":[{"href":"https:\/\/tupique.com\/en\/wp-json\/wp\/v2\/product\/204205","targetHints":{"allow":["GET"]}}],"collection":[{"href":"https:\/\/tupique.com\/en\/wp-json\/wp\/v2\/product"}],"about":[{"href":"https:\/\/tupique.com\/en\/wp-json\/wp\/v2\/types\/product"}],"replies":[{"embeddable":true,"href":"https:\/\/tupique.com\/en\/wp-json\/wp\/v2\/comments?post=204205"}],"wp:featuredmedia":[{"embeddable":true,"href":"https:\/\/tupique.com\/en\/wp-json\/wp\/v2\/media\/204202"}],"wp:attachment":[{"href":"https:\/\/tupique.com\/en\/wp-json\/wp\/v2\/media?parent=204205"}],"wp:term":[{"taxonomy":"product_brand","embeddable":true,"href":"https:\/\/tupique.com\/en\/wp-json\/wp\/v2\/product_brand?post=204205"},{"taxonomy":"product_cat","embeddable":true,"href":"https:\/\/tupique.com\/en\/wp-json\/wp\/v2\/product_cat?post=204205"},{"taxonomy":"product_tag","embeddable":true,"href":"https:\/\/tupique.com\/en\/wp-json\/wp\/v2\/product_tag?post=204205"},{"taxonomy":"woo-feed-brand","embeddable":true,"href":"https:\/\/tupique.com\/en\/wp-json\/wp\/v2\/woo-feed-brand?post=204205"}],"curies":[{"name":"wp","href":"https:\/\/api.w.org\/{rel}","templated":true}]}}