{"id":204371,"date":"2026-05-12T16:52:47","date_gmt":"2026-05-12T14:52:47","guid":{"rendered":"https:\/\/tupique.com\/product\/monture-de-lunettes-femme-bulget-bgy6004-51a01\/"},"modified":"2026-05-12T16:52:47","modified_gmt":"2026-05-12T14:52:47","slug":"monture-de-lunettes-femme-bulget-bgy6004-51a01","status":"publish","type":"product","link":"https:\/\/tupique.com\/en\/product\/monture-de-lunettes-femme-bulget-bgy6004-51a01\/","title":{"rendered":"Monture de Lunettes Femme Bulget BGY6004 51A01"},"content":{"rendered":"<p>Si vous \u00eates \u00e0 la recherche de nouvelles tendances sur le march\u00e9, nous vous pr\u00e9sentons <b>Monture de Lunettes Femme Bulget BGY6004 51A01<\/b> !<\/p>\n<p>The <b>BGY6004 51A01<\/b> de Bulget est une <b>monture de lunettes pour femme<\/b> con\u00e7ue pour allier \u00e9l\u00e9gance et polyvalence, id\u00e9ale pour celles qui recherchent qualit\u00e9 et fonctionnalit\u00e9 au quotidien comme lors d\u2019occasions sp\u00e9ciales. Fabriqu\u00e9e par la marque reconnue Bulget, cette monture se distingue par son esth\u00e9tique soign\u00e9e et son confort, s\u2019adaptant de fa\u00e7on ergonomique au visage f\u00e9minin. Elle est \u00e9quip\u00e9e de <b>verres sans correction<\/b>, permettant de personnaliser ult\u00e9rieurement les lunettes avec les verres les mieux adapt\u00e9s \u00e0 chaque besoin visuel, qu\u2019ils soient unifocaux, progressifs ou de protection contre la lumi\u00e8re bleue. Sa structure l\u00e9g\u00e8re est optimis\u00e9e pour offrir un port confortable tout au long de la journ\u00e9e, \u00e9vitant la pression sur le nez et les oreilles, un aspect essentiel pour un accessoire port\u00e9 longtemps, tandis que le design sobre et intemporel facilite l\u2019association avec diff\u00e9rents styles vestimentaires. De plus, la <b>monture de lunettes Bulget<\/b> est con\u00e7ue pour garantir r\u00e9sistance et durabilit\u00e9, convenant aussi bien \u00e0 celles qui choisissent leur premi\u00e8re monture qu\u2019\u00e0 celles qui souhaitent renouveler leur image avec un mod\u00e8le polyvalent et de qualit\u00e9. Le mod\u00e8le BGY6004 51A01 refl\u00e8te l\u2019engagement de Bulget envers la mode optique f\u00e9minine, r\u00e9unissant des d\u00e9tails fonctionnels et esth\u00e9tiques dans une pi\u00e8ce adapt\u00e9e \u00e0 tous les besoins visuels.<\/p>\n<ul>\n<li>Caract\u00e9ristiques: Verres sans graduation<\/li>\n<li>Type: Monture de Lunettes<\/li>\n<li>Type de verre: Lentilles sans ordonnance<\/li>\n<li>Genre: Femme<\/li>\n<\/ul>","protected":false},"excerpt":{"rendered":"<p>Si vous \u00eates \u00e0 la recherche de nouvelles tendances sur le march\u00e9, nous vous pr\u00e9sentons Monture de Lunettes Femme Bulget BGY6004 51A01 ! La BGY6004 51A01 de Bulget est une monture de lunettes pour femme con\u00e7ue pour allier \u00e9l\u00e9gance et polyvalence, id\u00e9ale pour celles qui recherchent qualit\u00e9 et fonctionnalit\u00e9 au quotidien comme lors d\u2019occasions sp\u00e9ciales. [&hellip;]<\/p>\n","protected":false},"featured_media":204368,"comment_status":"open","ping_status":"closed","template":"","meta":[],"product_brand":[3002],"product_cat":[776,777,752],"product_tag":[542],"woo-feed-brand":[],"class_list":{"0":"post-204371","1":"product","2":"type-product","3":"status-publish","4":"has-post-thumbnail","6":"product_brand-brandp_10452","7":"product_cat-detente-et-bien-etre","8":"product_cat-lunettes-de-lecture-et-lunettes-loupes","9":"product_cat-sante-beaute","10":"product_tag-tag_1274","12":"first","13":"instock","14":"taxable","15":"shipping-taxable","16":"purchasable","17":"product-type-simple"},"yoast_head":"<!-- This site is optimized with the Yoast SEO plugin v27.6 - https:\/\/yoast.com\/product\/yoast-seo-wordpress\/ -->\n<title>Monture de Lunettes Femme Bulget BGY6004 51A01 | | Tupique<\/title>\n<meta name=\"description\" content=\"Envie d&#039;acheter Monture de Lunettes Femme Bulget BGY6004 51A01\u00a0? Achetez Monture de Lunettes Femme Bulget BGY6004 51A01 maintenant avec Tupique en 3 versements sans int\u00e9r\u00eat.\" \/>\n<meta name=\"robots\" content=\"index, follow, max-snippet:-1, max-image-preview:large, max-video-preview:-1\" \/>\n<link rel=\"canonical\" href=\"https:\/\/tupique.com\/en\/product\/monture-de-lunettes-femme-bulget-bgy6004-51a01\/\" \/>\n<meta property=\"og:locale\" content=\"en_GB\" \/>\n<meta property=\"og:type\" content=\"article\" \/>\n<meta property=\"og:title\" content=\"Monture de Lunettes Femme Bulget BGY6004 51A01 | | Tupique\" \/>\n<meta property=\"og:description\" content=\"Envie d&#039;acheter Monture de Lunettes Femme Bulget BGY6004 51A01\u00a0? Achetez Monture de Lunettes Femme Bulget BGY6004 51A01 maintenant avec Tupique en 3 versements sans int\u00e9r\u00eat.\" \/>\n<meta property=\"og:url\" content=\"https:\/\/tupique.com\/en\/product\/monture-de-lunettes-femme-bulget-bgy6004-51a01\/\" \/>\n<meta property=\"og:site_name\" content=\"Tupique\" \/>\n<meta name=\"twitter:card\" content=\"summary_large_image\" \/>\n<meta name=\"twitter:label1\" content=\"Est. reading time\" \/>\n\t<meta name=\"twitter:data1\" content=\"1 minute\" \/>\n<script type=\"application\/ld+json\" class=\"yoast-schema-graph\">{\"@context\":\"https:\\\/\\\/schema.org\",\"@graph\":[{\"@type\":\"WebPage\",\"@id\":\"https:\\\/\\\/tupique.com\\\/product\\\/monture-de-lunettes-femme-bulget-bgy6004-51a01\\\/\",\"url\":\"https:\\\/\\\/tupique.com\\\/product\\\/monture-de-lunettes-femme-bulget-bgy6004-51a01\\\/\",\"name\":\"Monture de Lunettes Femme Bulget BGY6004 51A01 | | Tupique\",\"isPartOf\":{\"@id\":\"https:\\\/\\\/tupique.com\\\/#website\"},\"primaryImageOfPage\":{\"@id\":\"https:\\\/\\\/tupique.com\\\/product\\\/monture-de-lunettes-femme-bulget-bgy6004-51a01\\\/#primaryimage\"},\"image\":{\"@id\":\"https:\\\/\\\/tupique.com\\\/product\\\/monture-de-lunettes-femme-bulget-bgy6004-51a01\\\/#primaryimage\"},\"thumbnailUrl\":\"https:\\\/\\\/tupique.com\\\/wp-content\\\/uploads\\\/2026\\\/05\\\/5604447109927_S72125848_P00.jpg\",\"datePublished\":\"2026-05-12T14:52:47+00:00\",\"description\":\"Envie d'acheter Monture de Lunettes Femme Bulget BGY6004 51A01\u00a0? Achetez Monture de Lunettes Femme Bulget BGY6004 51A01 maintenant avec Tupique en 3 versements sans int\u00e9r\u00eat.\",\"breadcrumb\":{\"@id\":\"https:\\\/\\\/tupique.com\\\/product\\\/monture-de-lunettes-femme-bulget-bgy6004-51a01\\\/#breadcrumb\"},\"inLanguage\":\"en-GB\",\"potentialAction\":[{\"@type\":\"ReadAction\",\"target\":[\"https:\\\/\\\/tupique.com\\\/product\\\/monture-de-lunettes-femme-bulget-bgy6004-51a01\\\/\"]}]},{\"@type\":\"ImageObject\",\"inLanguage\":\"en-GB\",\"@id\":\"https:\\\/\\\/tupique.com\\\/product\\\/monture-de-lunettes-femme-bulget-bgy6004-51a01\\\/#primaryimage\",\"url\":\"https:\\\/\\\/tupique.com\\\/wp-content\\\/uploads\\\/2026\\\/05\\\/5604447109927_S72125848_P00.jpg\",\"contentUrl\":\"https:\\\/\\\/tupique.com\\\/wp-content\\\/uploads\\\/2026\\\/05\\\/5604447109927_S72125848_P00.jpg\",\"width\":1200,\"height\":1200,\"caption\":\"S72125848_0\"},{\"@type\":\"BreadcrumbList\",\"@id\":\"https:\\\/\\\/tupique.com\\\/product\\\/monture-de-lunettes-femme-bulget-bgy6004-51a01\\\/#breadcrumb\",\"itemListElement\":[{\"@type\":\"ListItem\",\"position\":1,\"name\":\"commencer\",\"item\":\"https:\\\/\\\/tupique.com\\\/\"},{\"@type\":\"ListItem\",\"position\":2,\"name\":\"Loja\",\"item\":\"https:\\\/\\\/tupique.com\\\/pt\\\/loja\\\/\"},{\"@type\":\"ListItem\",\"position\":3,\"name\":\"Monture de Lunettes Femme Bulget BGY6004 51A01\"}]},{\"@type\":\"WebSite\",\"@id\":\"https:\\\/\\\/tupique.com\\\/#website\",\"url\":\"https:\\\/\\\/tupique.com\\\/\",\"name\":\"Tupique\",\"description\":\"\",\"publisher\":{\"@id\":\"https:\\\/\\\/tupique.com\\\/#organization\"},\"potentialAction\":[{\"@type\":\"SearchAction\",\"target\":{\"@type\":\"EntryPoint\",\"urlTemplate\":\"https:\\\/\\\/tupique.com\\\/?s={search_term_string}\"},\"query-input\":{\"@type\":\"PropertyValueSpecification\",\"valueRequired\":true,\"valueName\":\"search_term_string\"}}],\"inLanguage\":\"en-GB\"},{\"@type\":\"Organization\",\"@id\":\"https:\\\/\\\/tupique.com\\\/#organization\",\"name\":\"Tupique\",\"url\":\"https:\\\/\\\/tupique.com\\\/\",\"logo\":{\"@type\":\"ImageObject\",\"inLanguage\":\"en-GB\",\"@id\":\"https:\\\/\\\/tupique.com\\\/#\\\/schema\\\/logo\\\/image\\\/\",\"url\":\"https:\\\/\\\/tupique.com\\\/wp-content\\\/uploads\\\/2026\\\/03\\\/logo-tupique-1.webp\",\"contentUrl\":\"https:\\\/\\\/tupique.com\\\/wp-content\\\/uploads\\\/2026\\\/03\\\/logo-tupique-1.webp\",\"width\":500,\"height\":67,\"caption\":\"Tupique\"},\"image\":{\"@id\":\"https:\\\/\\\/tupique.com\\\/#\\\/schema\\\/logo\\\/image\\\/\"}}]}<\/script>\n<!-- \/ Yoast SEO plugin. -->","yoast_head_json":{"title":"Monture de Lunettes Femme Bulget BGY6004 51A01 | | Tupique","description":"Envie d'acheter Monture de Lunettes Femme Bulget BGY6004 51A01\u00a0? Achetez Monture de Lunettes Femme Bulget BGY6004 51A01 maintenant avec Tupique en 3 versements sans int\u00e9r\u00eat.","robots":{"index":"index","follow":"follow","max-snippet":"max-snippet:-1","max-image-preview":"max-image-preview:large","max-video-preview":"max-video-preview:-1"},"canonical":"https:\/\/tupique.com\/en\/product\/monture-de-lunettes-femme-bulget-bgy6004-51a01\/","og_locale":"en_GB","og_type":"article","og_title":"Monture de Lunettes Femme Bulget BGY6004 51A01 | | Tupique","og_description":"Envie d'acheter Monture de Lunettes Femme Bulget BGY6004 51A01\u00a0? Achetez Monture de Lunettes Femme Bulget BGY6004 51A01 maintenant avec Tupique en 3 versements sans int\u00e9r\u00eat.","og_url":"https:\/\/tupique.com\/en\/product\/monture-de-lunettes-femme-bulget-bgy6004-51a01\/","og_site_name":"Tupique","twitter_card":"summary_large_image","twitter_misc":{"Est. reading time":"1 minute"},"schema":{"@context":"https:\/\/schema.org","@graph":[{"@type":"WebPage","@id":"https:\/\/tupique.com\/product\/monture-de-lunettes-femme-bulget-bgy6004-51a01\/","url":"https:\/\/tupique.com\/product\/monture-de-lunettes-femme-bulget-bgy6004-51a01\/","name":"Monture de Lunettes Femme Bulget BGY6004 51A01 | | Tupique","isPartOf":{"@id":"https:\/\/tupique.com\/#website"},"primaryImageOfPage":{"@id":"https:\/\/tupique.com\/product\/monture-de-lunettes-femme-bulget-bgy6004-51a01\/#primaryimage"},"image":{"@id":"https:\/\/tupique.com\/product\/monture-de-lunettes-femme-bulget-bgy6004-51a01\/#primaryimage"},"thumbnailUrl":"https:\/\/tupique.com\/wp-content\/uploads\/2026\/05\/5604447109927_S72125848_P00.jpg","datePublished":"2026-05-12T14:52:47+00:00","description":"Envie d'acheter Monture de Lunettes Femme Bulget BGY6004 51A01\u00a0? Achetez Monture de Lunettes Femme Bulget BGY6004 51A01 maintenant avec Tupique en 3 versements sans int\u00e9r\u00eat.","breadcrumb":{"@id":"https:\/\/tupique.com\/product\/monture-de-lunettes-femme-bulget-bgy6004-51a01\/#breadcrumb"},"inLanguage":"en-GB","potentialAction":[{"@type":"ReadAction","target":["https:\/\/tupique.com\/product\/monture-de-lunettes-femme-bulget-bgy6004-51a01\/"]}]},{"@type":"ImageObject","inLanguage":"en-GB","@id":"https:\/\/tupique.com\/product\/monture-de-lunettes-femme-bulget-bgy6004-51a01\/#primaryimage","url":"https:\/\/tupique.com\/wp-content\/uploads\/2026\/05\/5604447109927_S72125848_P00.jpg","contentUrl":"https:\/\/tupique.com\/wp-content\/uploads\/2026\/05\/5604447109927_S72125848_P00.jpg","width":1200,"height":1200,"caption":"S72125848_0"},{"@type":"BreadcrumbList","@id":"https:\/\/tupique.com\/product\/monture-de-lunettes-femme-bulget-bgy6004-51a01\/#breadcrumb","itemListElement":[{"@type":"ListItem","position":1,"name":"commencer","item":"https:\/\/tupique.com\/"},{"@type":"ListItem","position":2,"name":"Loja","item":"https:\/\/tupique.com\/pt\/loja\/"},{"@type":"ListItem","position":3,"name":"Monture de Lunettes Femme Bulget BGY6004 51A01"}]},{"@type":"WebSite","@id":"https:\/\/tupique.com\/#website","url":"https:\/\/tupique.com\/","name":"Tupique","description":"","publisher":{"@id":"https:\/\/tupique.com\/#organization"},"potentialAction":[{"@type":"SearchAction","target":{"@type":"EntryPoint","urlTemplate":"https:\/\/tupique.com\/?s={search_term_string}"},"query-input":{"@type":"PropertyValueSpecification","valueRequired":true,"valueName":"search_term_string"}}],"inLanguage":"en-GB"},{"@type":"Organization","@id":"https:\/\/tupique.com\/#organization","name":"Tupique","url":"https:\/\/tupique.com\/","logo":{"@type":"ImageObject","inLanguage":"en-GB","@id":"https:\/\/tupique.com\/#\/schema\/logo\/image\/","url":"https:\/\/tupique.com\/wp-content\/uploads\/2026\/03\/logo-tupique-1.webp","contentUrl":"https:\/\/tupique.com\/wp-content\/uploads\/2026\/03\/logo-tupique-1.webp","width":500,"height":67,"caption":"Tupique"},"image":{"@id":"https:\/\/tupique.com\/#\/schema\/logo\/image\/"}}]}},"_links":{"self":[{"href":"https:\/\/tupique.com\/en\/wp-json\/wp\/v2\/product\/204371","targetHints":{"allow":["GET"]}}],"collection":[{"href":"https:\/\/tupique.com\/en\/wp-json\/wp\/v2\/product"}],"about":[{"href":"https:\/\/tupique.com\/en\/wp-json\/wp\/v2\/types\/product"}],"replies":[{"embeddable":true,"href":"https:\/\/tupique.com\/en\/wp-json\/wp\/v2\/comments?post=204371"}],"wp:featuredmedia":[{"embeddable":true,"href":"https:\/\/tupique.com\/en\/wp-json\/wp\/v2\/media\/204368"}],"wp:attachment":[{"href":"https:\/\/tupique.com\/en\/wp-json\/wp\/v2\/media?parent=204371"}],"wp:term":[{"taxonomy":"product_brand","embeddable":true,"href":"https:\/\/tupique.com\/en\/wp-json\/wp\/v2\/product_brand?post=204371"},{"taxonomy":"product_cat","embeddable":true,"href":"https:\/\/tupique.com\/en\/wp-json\/wp\/v2\/product_cat?post=204371"},{"taxonomy":"product_tag","embeddable":true,"href":"https:\/\/tupique.com\/en\/wp-json\/wp\/v2\/product_tag?post=204371"},{"taxonomy":"woo-feed-brand","embeddable":true,"href":"https:\/\/tupique.com\/en\/wp-json\/wp\/v2\/woo-feed-brand?post=204371"}],"curies":[{"name":"wp","href":"https:\/\/api.w.org\/{rel}","templated":true}]}}