{"id":205096,"date":"2026-05-12T17:45:56","date_gmt":"2026-05-12T15:45:56","guid":{"rendered":"https:\/\/tupique.com\/product\/monture-de-lunettes-femme-polaroid-pld-d463-5680715\/"},"modified":"2026-05-12T17:45:56","modified_gmt":"2026-05-12T15:45:56","slug":"monture-de-lunettes-femme-polaroid-pld-d463-5680715","status":"publish","type":"product","link":"https:\/\/tupique.com\/en\/product\/monture-de-lunettes-femme-polaroid-pld-d463-5680715\/","title":{"rendered":"Monture de Lunettes Femme Polaroid PLD D463 5680715"},"content":{"rendered":"<p>Si vous \u00eates \u00e0 la recherche de nouvelles tendances sur le march\u00e9, nous vous pr\u00e9sentons <b>Monture de Lunettes Femme Polaroid PLD D463 5680715<\/b> !<\/p>\n<p>The <b>PLD D463 5680715<\/b> de Polaroid est une <b>monture de lunettes pour femme<\/b> con\u00e7ue pour offrir l\u00e9g\u00e8ret\u00e9, style et confort \u00e0 celles qui recherchent une solution polyvalente et personnalisable pour leur vision. Cette monture, pens\u00e9e sp\u00e9cifiquement pour le public f\u00e9minin, dispose d\u2019une structure de qualit\u00e9 permettant l\u2019adaptation de verres correcteurs selon les besoins de chaque utilisatrice. Dot\u00e9e de <b>verres non correcteurs<\/b> d\u2019origine, la monture est pr\u00eate \u00e0 recevoir des verres de correction ou de protection, facilitant ainsi la personnalisation tant esth\u00e9tique que fonctionnelle. Le design l\u00e9ger de la <b>PLD D463 5680715<\/b> assure un port confortable tout au long de la journ\u00e9e, tandis que la qualit\u00e9 reconnue de la marque Polaroid garantit durabilit\u00e9 et fiabilit\u00e9 pour chaque composant. Sa ligne \u00e9l\u00e9gante s\u2019adapte aussi bien aux environnements professionnels qu\u2019aux situations quotidiennes, permettant d\u2019allier mode et fonctionnalit\u00e9 sans effort. De plus, en tant que <b>monture de lunettes<\/b> en \u00e9tat neutre, elle offre une flexibilit\u00e9 maximale pour l\u2019application de diff\u00e9rents types de verres, y compris antireflet, progressifs ou filtres sp\u00e9ciaux, r\u00e9pondant ainsi aux tendances actuelles et aux besoins individuels. Cette proposition de Polaroid repr\u00e9sente une solution \u00e9l\u00e9gante et pratique, id\u00e9ale pour celles qui privil\u00e9gient \u00e0 la fois l\u2019esth\u00e9tique et la possibilit\u00e9 de personnalisation dans leurs lunettes au quotidien.<\/p>\n<ul>\n<li>Caract\u00e9ristiques: Verres sans graduation<\/li>\n<li>Type: Monture de Lunettes<\/li>\n<li>Type de verre: Lentilles sans ordonnance<\/li>\n<li>Genre: Femme<\/li>\n<\/ul>","protected":false},"excerpt":{"rendered":"<p>Si vous \u00eates \u00e0 la recherche de nouvelles tendances sur le march\u00e9, nous vous pr\u00e9sentons Monture de Lunettes Femme Polaroid PLD D463 5680715 ! La PLD D463 5680715 de Polaroid est une monture de lunettes pour femme con\u00e7ue pour offrir l\u00e9g\u00e8ret\u00e9, style et confort \u00e0 celles qui recherchent une solution polyvalente et personnalisable pour leur [&hellip;]<\/p>\n","protected":false},"featured_media":205088,"comment_status":"open","ping_status":"closed","template":"","meta":[],"product_brand":[2514],"product_cat":[776,777,752],"product_tag":[542],"woo-feed-brand":[],"class_list":{"0":"post-205096","1":"product","2":"type-product","3":"status-publish","4":"has-post-thumbnail","6":"product_brand-brandp_1244","7":"product_cat-detente-et-bien-etre","8":"product_cat-lunettes-de-lecture-et-lunettes-loupes","9":"product_cat-sante-beaute","10":"product_tag-tag_1274","12":"first","13":"instock","14":"taxable","15":"shipping-taxable","16":"purchasable","17":"product-type-simple"},"yoast_head":"<!-- This site is optimized with the Yoast SEO plugin v27.6 - https:\/\/yoast.com\/product\/yoast-seo-wordpress\/ -->\n<title>Monture de Lunettes Femme Polaroid PLD D463 5680715 | | Tupique<\/title>\n<meta name=\"description\" content=\"Envie d&#039;acheter Monture de Lunettes Femme Polaroid PLD D463 5680715\u00a0? Achetez Monture de Lunettes Femme Polaroid PLD D463 5680715 maintenant avec Tupique en 3 versements sans int\u00e9r\u00eat.\" \/>\n<meta name=\"robots\" content=\"index, follow, max-snippet:-1, max-image-preview:large, max-video-preview:-1\" \/>\n<link rel=\"canonical\" href=\"https:\/\/tupique.com\/en\/product\/monture-de-lunettes-femme-polaroid-pld-d463-5680715\/\" \/>\n<meta property=\"og:locale\" content=\"en_GB\" \/>\n<meta property=\"og:type\" content=\"article\" \/>\n<meta property=\"og:title\" content=\"Monture de Lunettes Femme Polaroid PLD D463 5680715 | | Tupique\" \/>\n<meta property=\"og:description\" content=\"Envie d&#039;acheter Monture de Lunettes Femme Polaroid PLD D463 5680715\u00a0? Achetez Monture de Lunettes Femme Polaroid PLD D463 5680715 maintenant avec Tupique en 3 versements sans int\u00e9r\u00eat.\" \/>\n<meta property=\"og:url\" content=\"https:\/\/tupique.com\/en\/product\/monture-de-lunettes-femme-polaroid-pld-d463-5680715\/\" \/>\n<meta property=\"og:site_name\" content=\"Tupique\" \/>\n<meta name=\"twitter:card\" content=\"summary_large_image\" \/>\n<meta name=\"twitter:label1\" content=\"Est. reading time\" \/>\n\t<meta name=\"twitter:data1\" content=\"1 minute\" \/>\n<script type=\"application\/ld+json\" class=\"yoast-schema-graph\">{\"@context\":\"https:\\\/\\\/schema.org\",\"@graph\":[{\"@type\":\"WebPage\",\"@id\":\"https:\\\/\\\/tupique.com\\\/product\\\/monture-de-lunettes-femme-polaroid-pld-d463-5680715\\\/\",\"url\":\"https:\\\/\\\/tupique.com\\\/product\\\/monture-de-lunettes-femme-polaroid-pld-d463-5680715\\\/\",\"name\":\"Monture de Lunettes Femme Polaroid PLD D463 5680715 | | Tupique\",\"isPartOf\":{\"@id\":\"https:\\\/\\\/tupique.com\\\/#website\"},\"primaryImageOfPage\":{\"@id\":\"https:\\\/\\\/tupique.com\\\/product\\\/monture-de-lunettes-femme-polaroid-pld-d463-5680715\\\/#primaryimage\"},\"image\":{\"@id\":\"https:\\\/\\\/tupique.com\\\/product\\\/monture-de-lunettes-femme-polaroid-pld-d463-5680715\\\/#primaryimage\"},\"thumbnailUrl\":\"https:\\\/\\\/tupique.com\\\/wp-content\\\/uploads\\\/2026\\\/05\\\/0827886056248_S72127207_P00.jpg\",\"datePublished\":\"2026-05-12T15:45:56+00:00\",\"description\":\"Envie d'acheter Monture de Lunettes Femme Polaroid PLD D463 5680715\u00a0? Achetez Monture de Lunettes Femme Polaroid PLD D463 5680715 maintenant avec Tupique en 3 versements sans int\u00e9r\u00eat.\",\"breadcrumb\":{\"@id\":\"https:\\\/\\\/tupique.com\\\/product\\\/monture-de-lunettes-femme-polaroid-pld-d463-5680715\\\/#breadcrumb\"},\"inLanguage\":\"en-GB\",\"potentialAction\":[{\"@type\":\"ReadAction\",\"target\":[\"https:\\\/\\\/tupique.com\\\/product\\\/monture-de-lunettes-femme-polaroid-pld-d463-5680715\\\/\"]}]},{\"@type\":\"ImageObject\",\"inLanguage\":\"en-GB\",\"@id\":\"https:\\\/\\\/tupique.com\\\/product\\\/monture-de-lunettes-femme-polaroid-pld-d463-5680715\\\/#primaryimage\",\"url\":\"https:\\\/\\\/tupique.com\\\/wp-content\\\/uploads\\\/2026\\\/05\\\/0827886056248_S72127207_P00.jpg\",\"contentUrl\":\"https:\\\/\\\/tupique.com\\\/wp-content\\\/uploads\\\/2026\\\/05\\\/0827886056248_S72127207_P00.jpg\",\"width\":1200,\"height\":1200,\"caption\":\"S72127207_0\"},{\"@type\":\"BreadcrumbList\",\"@id\":\"https:\\\/\\\/tupique.com\\\/product\\\/monture-de-lunettes-femme-polaroid-pld-d463-5680715\\\/#breadcrumb\",\"itemListElement\":[{\"@type\":\"ListItem\",\"position\":1,\"name\":\"commencer\",\"item\":\"https:\\\/\\\/tupique.com\\\/\"},{\"@type\":\"ListItem\",\"position\":2,\"name\":\"Loja\",\"item\":\"https:\\\/\\\/tupique.com\\\/pt\\\/loja\\\/\"},{\"@type\":\"ListItem\",\"position\":3,\"name\":\"Monture de Lunettes Femme Polaroid PLD D463 5680715\"}]},{\"@type\":\"WebSite\",\"@id\":\"https:\\\/\\\/tupique.com\\\/#website\",\"url\":\"https:\\\/\\\/tupique.com\\\/\",\"name\":\"Tupique\",\"description\":\"\",\"publisher\":{\"@id\":\"https:\\\/\\\/tupique.com\\\/#organization\"},\"potentialAction\":[{\"@type\":\"SearchAction\",\"target\":{\"@type\":\"EntryPoint\",\"urlTemplate\":\"https:\\\/\\\/tupique.com\\\/?s={search_term_string}\"},\"query-input\":{\"@type\":\"PropertyValueSpecification\",\"valueRequired\":true,\"valueName\":\"search_term_string\"}}],\"inLanguage\":\"en-GB\"},{\"@type\":\"Organization\",\"@id\":\"https:\\\/\\\/tupique.com\\\/#organization\",\"name\":\"Tupique\",\"url\":\"https:\\\/\\\/tupique.com\\\/\",\"logo\":{\"@type\":\"ImageObject\",\"inLanguage\":\"en-GB\",\"@id\":\"https:\\\/\\\/tupique.com\\\/#\\\/schema\\\/logo\\\/image\\\/\",\"url\":\"https:\\\/\\\/tupique.com\\\/wp-content\\\/uploads\\\/2026\\\/03\\\/logo-tupique-1.webp\",\"contentUrl\":\"https:\\\/\\\/tupique.com\\\/wp-content\\\/uploads\\\/2026\\\/03\\\/logo-tupique-1.webp\",\"width\":500,\"height\":67,\"caption\":\"Tupique\"},\"image\":{\"@id\":\"https:\\\/\\\/tupique.com\\\/#\\\/schema\\\/logo\\\/image\\\/\"}}]}<\/script>\n<!-- \/ Yoast SEO plugin. -->","yoast_head_json":{"title":"Monture de Lunettes Femme Polaroid PLD D463 5680715 | | Tupique","description":"Envie d'acheter Monture de Lunettes Femme Polaroid PLD D463 5680715\u00a0? Achetez Monture de Lunettes Femme Polaroid PLD D463 5680715 maintenant avec Tupique en 3 versements sans int\u00e9r\u00eat.","robots":{"index":"index","follow":"follow","max-snippet":"max-snippet:-1","max-image-preview":"max-image-preview:large","max-video-preview":"max-video-preview:-1"},"canonical":"https:\/\/tupique.com\/en\/product\/monture-de-lunettes-femme-polaroid-pld-d463-5680715\/","og_locale":"en_GB","og_type":"article","og_title":"Monture de Lunettes Femme Polaroid PLD D463 5680715 | | Tupique","og_description":"Envie d'acheter Monture de Lunettes Femme Polaroid PLD D463 5680715\u00a0? Achetez Monture de Lunettes Femme Polaroid PLD D463 5680715 maintenant avec Tupique en 3 versements sans int\u00e9r\u00eat.","og_url":"https:\/\/tupique.com\/en\/product\/monture-de-lunettes-femme-polaroid-pld-d463-5680715\/","og_site_name":"Tupique","twitter_card":"summary_large_image","twitter_misc":{"Est. reading time":"1 minute"},"schema":{"@context":"https:\/\/schema.org","@graph":[{"@type":"WebPage","@id":"https:\/\/tupique.com\/product\/monture-de-lunettes-femme-polaroid-pld-d463-5680715\/","url":"https:\/\/tupique.com\/product\/monture-de-lunettes-femme-polaroid-pld-d463-5680715\/","name":"Monture de Lunettes Femme Polaroid PLD D463 5680715 | | Tupique","isPartOf":{"@id":"https:\/\/tupique.com\/#website"},"primaryImageOfPage":{"@id":"https:\/\/tupique.com\/product\/monture-de-lunettes-femme-polaroid-pld-d463-5680715\/#primaryimage"},"image":{"@id":"https:\/\/tupique.com\/product\/monture-de-lunettes-femme-polaroid-pld-d463-5680715\/#primaryimage"},"thumbnailUrl":"https:\/\/tupique.com\/wp-content\/uploads\/2026\/05\/0827886056248_S72127207_P00.jpg","datePublished":"2026-05-12T15:45:56+00:00","description":"Envie d'acheter Monture de Lunettes Femme Polaroid PLD D463 5680715\u00a0? Achetez Monture de Lunettes Femme Polaroid PLD D463 5680715 maintenant avec Tupique en 3 versements sans int\u00e9r\u00eat.","breadcrumb":{"@id":"https:\/\/tupique.com\/product\/monture-de-lunettes-femme-polaroid-pld-d463-5680715\/#breadcrumb"},"inLanguage":"en-GB","potentialAction":[{"@type":"ReadAction","target":["https:\/\/tupique.com\/product\/monture-de-lunettes-femme-polaroid-pld-d463-5680715\/"]}]},{"@type":"ImageObject","inLanguage":"en-GB","@id":"https:\/\/tupique.com\/product\/monture-de-lunettes-femme-polaroid-pld-d463-5680715\/#primaryimage","url":"https:\/\/tupique.com\/wp-content\/uploads\/2026\/05\/0827886056248_S72127207_P00.jpg","contentUrl":"https:\/\/tupique.com\/wp-content\/uploads\/2026\/05\/0827886056248_S72127207_P00.jpg","width":1200,"height":1200,"caption":"S72127207_0"},{"@type":"BreadcrumbList","@id":"https:\/\/tupique.com\/product\/monture-de-lunettes-femme-polaroid-pld-d463-5680715\/#breadcrumb","itemListElement":[{"@type":"ListItem","position":1,"name":"commencer","item":"https:\/\/tupique.com\/"},{"@type":"ListItem","position":2,"name":"Loja","item":"https:\/\/tupique.com\/pt\/loja\/"},{"@type":"ListItem","position":3,"name":"Monture de Lunettes Femme Polaroid PLD D463 5680715"}]},{"@type":"WebSite","@id":"https:\/\/tupique.com\/#website","url":"https:\/\/tupique.com\/","name":"Tupique","description":"","publisher":{"@id":"https:\/\/tupique.com\/#organization"},"potentialAction":[{"@type":"SearchAction","target":{"@type":"EntryPoint","urlTemplate":"https:\/\/tupique.com\/?s={search_term_string}"},"query-input":{"@type":"PropertyValueSpecification","valueRequired":true,"valueName":"search_term_string"}}],"inLanguage":"en-GB"},{"@type":"Organization","@id":"https:\/\/tupique.com\/#organization","name":"Tupique","url":"https:\/\/tupique.com\/","logo":{"@type":"ImageObject","inLanguage":"en-GB","@id":"https:\/\/tupique.com\/#\/schema\/logo\/image\/","url":"https:\/\/tupique.com\/wp-content\/uploads\/2026\/03\/logo-tupique-1.webp","contentUrl":"https:\/\/tupique.com\/wp-content\/uploads\/2026\/03\/logo-tupique-1.webp","width":500,"height":67,"caption":"Tupique"},"image":{"@id":"https:\/\/tupique.com\/#\/schema\/logo\/image\/"}}]}},"_links":{"self":[{"href":"https:\/\/tupique.com\/en\/wp-json\/wp\/v2\/product\/205096","targetHints":{"allow":["GET"]}}],"collection":[{"href":"https:\/\/tupique.com\/en\/wp-json\/wp\/v2\/product"}],"about":[{"href":"https:\/\/tupique.com\/en\/wp-json\/wp\/v2\/types\/product"}],"replies":[{"embeddable":true,"href":"https:\/\/tupique.com\/en\/wp-json\/wp\/v2\/comments?post=205096"}],"wp:featuredmedia":[{"embeddable":true,"href":"https:\/\/tupique.com\/en\/wp-json\/wp\/v2\/media\/205088"}],"wp:attachment":[{"href":"https:\/\/tupique.com\/en\/wp-json\/wp\/v2\/media?parent=205096"}],"wp:term":[{"taxonomy":"product_brand","embeddable":true,"href":"https:\/\/tupique.com\/en\/wp-json\/wp\/v2\/product_brand?post=205096"},{"taxonomy":"product_cat","embeddable":true,"href":"https:\/\/tupique.com\/en\/wp-json\/wp\/v2\/product_cat?post=205096"},{"taxonomy":"product_tag","embeddable":true,"href":"https:\/\/tupique.com\/en\/wp-json\/wp\/v2\/product_tag?post=205096"},{"taxonomy":"woo-feed-brand","embeddable":true,"href":"https:\/\/tupique.com\/en\/wp-json\/wp\/v2\/woo-feed-brand?post=205096"}],"curies":[{"name":"wp","href":"https:\/\/api.w.org\/{rel}","templated":true}]}}