{"id":205179,"date":"2026-05-12T17:49:20","date_gmt":"2026-05-12T15:49:20","guid":{"rendered":"https:\/\/tupique.com\/product\/monture-de-lunettes-femme-polaroid-pld-d446-525kc\/"},"modified":"2026-05-12T18:00:16","modified_gmt":"2026-05-12T16:00:16","slug":"monture-de-lunettes-femme-polaroid-pld-d446-525kc","status":"publish","type":"product","link":"https:\/\/tupique.com\/en\/product\/monture-de-lunettes-femme-polaroid-pld-d446-525kc\/","title":{"rendered":"Monture de Lunettes Femme Polaroid PLD D446 525KC"},"content":{"rendered":"<p>Si vous \u00eates \u00e0 la recherche de nouvelles tendances sur le march\u00e9, nous vous pr\u00e9sentons <b>Monture de Lunettes Femme Polaroid PLD D446 525KC<\/b> !<\/p>\n<p>The <b>monture de lunettes pour femme<\/b> <b>Polaroid PLD D446 525KC<\/b> incarne une fusion d\u2019\u00e9l\u00e9gance intemporelle et de fonctionnalit\u00e9 moderne, id\u00e9ale pour celles qui recherchent la polyvalence dans leur style optique. Con\u00e7ue sp\u00e9cialement pour un public f\u00e9minin, cette <b>monture de lunettes<\/b> se distingue par sa l\u00e9g\u00e8ret\u00e9 et son confort, permettant un port prolong\u00e9 sans g\u00eane. Le design de la <b>monture<\/b> accepte des <b>verres sans correction<\/b> d\u2019origine, ce qui convient aussi bien \u00e0 celles qui souhaitent l\u2019utiliser comme accessoire esth\u00e9tique qu\u2019\u00e0 celles qui d\u00e9sirent y ajouter ult\u00e9rieurement des verres correcteurs personnalis\u00e9s. Cette structure est livr\u00e9e avec un <b>verre sans correction<\/b>, offrant la libert\u00e9 d\u2019adapter la correction visuelle selon les besoins de l\u2019utilisatrice. Le mod\u00e8le se distingue par son adaptabilit\u00e9 et ses lignes \u00e9pur\u00e9es, des atouts pour s\u2019associer facilement \u00e0 tout style, que ce soit en milieu professionnel ou d\u00e9contract\u00e9. La qualit\u00e9 Polaroid garantit robustesse et finitions soign\u00e9es dans une monture pens\u00e9e pour un usage quotidien, alliant style et fonctionnalit\u00e9. Cette proposition de Polaroid positionne la PLD D446 525KC comme un choix pratique et \u00e9l\u00e9gant pour les femmes qui appr\u00e9cient la personnalisation et le confort de leurs lunettes.<\/p>\n<ul>\n<li>Caract\u00e9ristiques: Verres sans graduation<\/li>\n<li>Type: Monture de Lunettes<\/li>\n<li>Type de verre: Lentilles sans ordonnance<\/li>\n<li>Genre: Femme<\/li>\n<\/ul>","protected":false},"excerpt":{"rendered":"<p>Si vous \u00eates \u00e0 la recherche de nouvelles tendances sur le march\u00e9, nous vous pr\u00e9sentons Monture de Lunettes Femme Polaroid PLD D446 525KC ! La monture de lunettes pour femme Polaroid PLD D446 525KC incarne une fusion d\u2019\u00e9l\u00e9gance intemporelle et de fonctionnalit\u00e9 moderne, id\u00e9ale pour celles qui recherchent la polyvalence dans leur style optique. Con\u00e7ue [&hellip;]<\/p>\n","protected":false},"featured_media":205173,"comment_status":"open","ping_status":"closed","template":"","meta":[],"product_brand":[2514],"product_cat":[776,777,752],"product_tag":[542],"woo-feed-brand":[],"class_list":{"0":"post-205179","1":"product","2":"type-product","3":"status-publish","4":"has-post-thumbnail","6":"product_brand-brandp_1244","7":"product_cat-detente-et-bien-etre","8":"product_cat-lunettes-de-lecture-et-lunettes-loupes","9":"product_cat-sante-beaute","10":"product_tag-tag_1274","12":"first","13":"instock","14":"taxable","15":"shipping-taxable","16":"purchasable","17":"product-type-simple"},"yoast_head":"<!-- This site is optimized with the Yoast SEO plugin v27.6 - https:\/\/yoast.com\/product\/yoast-seo-wordpress\/ -->\n<title>Monture de Lunettes Femme Polaroid PLD D446 525KC | | Tupique<\/title>\n<meta name=\"description\" content=\"Envie d&#039;acheter Monture de Lunettes Femme Polaroid PLD D446 525KC\u00a0? Achetez Monture de Lunettes Femme Polaroid PLD D446 525KC maintenant avec Tupique en 3 versements sans int\u00e9r\u00eat.\" \/>\n<meta name=\"robots\" content=\"index, follow, max-snippet:-1, max-image-preview:large, max-video-preview:-1\" \/>\n<link rel=\"canonical\" href=\"https:\/\/tupique.com\/en\/product\/monture-de-lunettes-femme-polaroid-pld-d446-525kc\/\" \/>\n<meta property=\"og:locale\" content=\"en_GB\" \/>\n<meta property=\"og:type\" content=\"article\" \/>\n<meta property=\"og:title\" content=\"Monture de Lunettes Femme Polaroid PLD D446 525KC | | Tupique\" \/>\n<meta property=\"og:description\" content=\"Envie d&#039;acheter Monture de Lunettes Femme Polaroid PLD D446 525KC\u00a0? Achetez Monture de Lunettes Femme Polaroid PLD D446 525KC maintenant avec Tupique en 3 versements sans int\u00e9r\u00eat.\" \/>\n<meta property=\"og:url\" content=\"https:\/\/tupique.com\/en\/product\/monture-de-lunettes-femme-polaroid-pld-d446-525kc\/\" \/>\n<meta property=\"og:site_name\" content=\"Tupique\" \/>\n<meta property=\"article:modified_time\" content=\"2026-05-12T16:00:16+00:00\" \/>\n<meta name=\"twitter:card\" content=\"summary_large_image\" \/>\n<meta name=\"twitter:label1\" content=\"Est. reading time\" \/>\n\t<meta name=\"twitter:data1\" content=\"1 minute\" \/>\n<script type=\"application\/ld+json\" class=\"yoast-schema-graph\">{\"@context\":\"https:\\\/\\\/schema.org\",\"@graph\":[{\"@type\":\"WebPage\",\"@id\":\"https:\\\/\\\/tupique.com\\\/product\\\/monture-de-lunettes-femme-polaroid-pld-d446-525kc\\\/\",\"url\":\"https:\\\/\\\/tupique.com\\\/product\\\/monture-de-lunettes-femme-polaroid-pld-d446-525kc\\\/\",\"name\":\"Monture de Lunettes Femme Polaroid PLD D446 525KC | | Tupique\",\"isPartOf\":{\"@id\":\"https:\\\/\\\/tupique.com\\\/#website\"},\"primaryImageOfPage\":{\"@id\":\"https:\\\/\\\/tupique.com\\\/product\\\/monture-de-lunettes-femme-polaroid-pld-d446-525kc\\\/#primaryimage\"},\"image\":{\"@id\":\"https:\\\/\\\/tupique.com\\\/product\\\/monture-de-lunettes-femme-polaroid-pld-d446-525kc\\\/#primaryimage\"},\"thumbnailUrl\":\"https:\\\/\\\/tupique.com\\\/wp-content\\\/uploads\\\/2026\\\/05\\\/0716736710785_S72127219_P00.jpg\",\"datePublished\":\"2026-05-12T15:49:20+00:00\",\"dateModified\":\"2026-05-12T16:00:16+00:00\",\"description\":\"Envie d'acheter Monture de Lunettes Femme Polaroid PLD D446 525KC\u00a0? Achetez Monture de Lunettes Femme Polaroid PLD D446 525KC maintenant avec Tupique en 3 versements sans int\u00e9r\u00eat.\",\"breadcrumb\":{\"@id\":\"https:\\\/\\\/tupique.com\\\/product\\\/monture-de-lunettes-femme-polaroid-pld-d446-525kc\\\/#breadcrumb\"},\"inLanguage\":\"en-GB\",\"potentialAction\":[{\"@type\":\"ReadAction\",\"target\":[\"https:\\\/\\\/tupique.com\\\/product\\\/monture-de-lunettes-femme-polaroid-pld-d446-525kc\\\/\"]}]},{\"@type\":\"ImageObject\",\"inLanguage\":\"en-GB\",\"@id\":\"https:\\\/\\\/tupique.com\\\/product\\\/monture-de-lunettes-femme-polaroid-pld-d446-525kc\\\/#primaryimage\",\"url\":\"https:\\\/\\\/tupique.com\\\/wp-content\\\/uploads\\\/2026\\\/05\\\/0716736710785_S72127219_P00.jpg\",\"contentUrl\":\"https:\\\/\\\/tupique.com\\\/wp-content\\\/uploads\\\/2026\\\/05\\\/0716736710785_S72127219_P00.jpg\",\"width\":1200,\"height\":1200,\"caption\":\"S72127219_0\"},{\"@type\":\"BreadcrumbList\",\"@id\":\"https:\\\/\\\/tupique.com\\\/product\\\/monture-de-lunettes-femme-polaroid-pld-d446-525kc\\\/#breadcrumb\",\"itemListElement\":[{\"@type\":\"ListItem\",\"position\":1,\"name\":\"commencer\",\"item\":\"https:\\\/\\\/tupique.com\\\/\"},{\"@type\":\"ListItem\",\"position\":2,\"name\":\"Loja\",\"item\":\"https:\\\/\\\/tupique.com\\\/pt\\\/loja\\\/\"},{\"@type\":\"ListItem\",\"position\":3,\"name\":\"Monture de Lunettes Femme Polaroid PLD D446 525KC\"}]},{\"@type\":\"WebSite\",\"@id\":\"https:\\\/\\\/tupique.com\\\/#website\",\"url\":\"https:\\\/\\\/tupique.com\\\/\",\"name\":\"Tupique\",\"description\":\"\",\"publisher\":{\"@id\":\"https:\\\/\\\/tupique.com\\\/#organization\"},\"potentialAction\":[{\"@type\":\"SearchAction\",\"target\":{\"@type\":\"EntryPoint\",\"urlTemplate\":\"https:\\\/\\\/tupique.com\\\/?s={search_term_string}\"},\"query-input\":{\"@type\":\"PropertyValueSpecification\",\"valueRequired\":true,\"valueName\":\"search_term_string\"}}],\"inLanguage\":\"en-GB\"},{\"@type\":\"Organization\",\"@id\":\"https:\\\/\\\/tupique.com\\\/#organization\",\"name\":\"Tupique\",\"url\":\"https:\\\/\\\/tupique.com\\\/\",\"logo\":{\"@type\":\"ImageObject\",\"inLanguage\":\"en-GB\",\"@id\":\"https:\\\/\\\/tupique.com\\\/#\\\/schema\\\/logo\\\/image\\\/\",\"url\":\"https:\\\/\\\/tupique.com\\\/wp-content\\\/uploads\\\/2026\\\/03\\\/logo-tupique-1.webp\",\"contentUrl\":\"https:\\\/\\\/tupique.com\\\/wp-content\\\/uploads\\\/2026\\\/03\\\/logo-tupique-1.webp\",\"width\":500,\"height\":67,\"caption\":\"Tupique\"},\"image\":{\"@id\":\"https:\\\/\\\/tupique.com\\\/#\\\/schema\\\/logo\\\/image\\\/\"}}]}<\/script>\n<!-- \/ Yoast SEO plugin. -->","yoast_head_json":{"title":"Monture de Lunettes Femme Polaroid PLD D446 525KC | | Tupique","description":"Envie d'acheter Monture de Lunettes Femme Polaroid PLD D446 525KC\u00a0? Achetez Monture de Lunettes Femme Polaroid PLD D446 525KC maintenant avec Tupique en 3 versements sans int\u00e9r\u00eat.","robots":{"index":"index","follow":"follow","max-snippet":"max-snippet:-1","max-image-preview":"max-image-preview:large","max-video-preview":"max-video-preview:-1"},"canonical":"https:\/\/tupique.com\/en\/product\/monture-de-lunettes-femme-polaroid-pld-d446-525kc\/","og_locale":"en_GB","og_type":"article","og_title":"Monture de Lunettes Femme Polaroid PLD D446 525KC | | Tupique","og_description":"Envie d'acheter Monture de Lunettes Femme Polaroid PLD D446 525KC\u00a0? Achetez Monture de Lunettes Femme Polaroid PLD D446 525KC maintenant avec Tupique en 3 versements sans int\u00e9r\u00eat.","og_url":"https:\/\/tupique.com\/en\/product\/monture-de-lunettes-femme-polaroid-pld-d446-525kc\/","og_site_name":"Tupique","article_modified_time":"2026-05-12T16:00:16+00:00","twitter_card":"summary_large_image","twitter_misc":{"Est. reading time":"1 minute"},"schema":{"@context":"https:\/\/schema.org","@graph":[{"@type":"WebPage","@id":"https:\/\/tupique.com\/product\/monture-de-lunettes-femme-polaroid-pld-d446-525kc\/","url":"https:\/\/tupique.com\/product\/monture-de-lunettes-femme-polaroid-pld-d446-525kc\/","name":"Monture de Lunettes Femme Polaroid PLD D446 525KC | | Tupique","isPartOf":{"@id":"https:\/\/tupique.com\/#website"},"primaryImageOfPage":{"@id":"https:\/\/tupique.com\/product\/monture-de-lunettes-femme-polaroid-pld-d446-525kc\/#primaryimage"},"image":{"@id":"https:\/\/tupique.com\/product\/monture-de-lunettes-femme-polaroid-pld-d446-525kc\/#primaryimage"},"thumbnailUrl":"https:\/\/tupique.com\/wp-content\/uploads\/2026\/05\/0716736710785_S72127219_P00.jpg","datePublished":"2026-05-12T15:49:20+00:00","dateModified":"2026-05-12T16:00:16+00:00","description":"Envie d'acheter Monture de Lunettes Femme Polaroid PLD D446 525KC\u00a0? Achetez Monture de Lunettes Femme Polaroid PLD D446 525KC maintenant avec Tupique en 3 versements sans int\u00e9r\u00eat.","breadcrumb":{"@id":"https:\/\/tupique.com\/product\/monture-de-lunettes-femme-polaroid-pld-d446-525kc\/#breadcrumb"},"inLanguage":"en-GB","potentialAction":[{"@type":"ReadAction","target":["https:\/\/tupique.com\/product\/monture-de-lunettes-femme-polaroid-pld-d446-525kc\/"]}]},{"@type":"ImageObject","inLanguage":"en-GB","@id":"https:\/\/tupique.com\/product\/monture-de-lunettes-femme-polaroid-pld-d446-525kc\/#primaryimage","url":"https:\/\/tupique.com\/wp-content\/uploads\/2026\/05\/0716736710785_S72127219_P00.jpg","contentUrl":"https:\/\/tupique.com\/wp-content\/uploads\/2026\/05\/0716736710785_S72127219_P00.jpg","width":1200,"height":1200,"caption":"S72127219_0"},{"@type":"BreadcrumbList","@id":"https:\/\/tupique.com\/product\/monture-de-lunettes-femme-polaroid-pld-d446-525kc\/#breadcrumb","itemListElement":[{"@type":"ListItem","position":1,"name":"commencer","item":"https:\/\/tupique.com\/"},{"@type":"ListItem","position":2,"name":"Loja","item":"https:\/\/tupique.com\/pt\/loja\/"},{"@type":"ListItem","position":3,"name":"Monture de Lunettes Femme Polaroid PLD D446 525KC"}]},{"@type":"WebSite","@id":"https:\/\/tupique.com\/#website","url":"https:\/\/tupique.com\/","name":"Tupique","description":"","publisher":{"@id":"https:\/\/tupique.com\/#organization"},"potentialAction":[{"@type":"SearchAction","target":{"@type":"EntryPoint","urlTemplate":"https:\/\/tupique.com\/?s={search_term_string}"},"query-input":{"@type":"PropertyValueSpecification","valueRequired":true,"valueName":"search_term_string"}}],"inLanguage":"en-GB"},{"@type":"Organization","@id":"https:\/\/tupique.com\/#organization","name":"Tupique","url":"https:\/\/tupique.com\/","logo":{"@type":"ImageObject","inLanguage":"en-GB","@id":"https:\/\/tupique.com\/#\/schema\/logo\/image\/","url":"https:\/\/tupique.com\/wp-content\/uploads\/2026\/03\/logo-tupique-1.webp","contentUrl":"https:\/\/tupique.com\/wp-content\/uploads\/2026\/03\/logo-tupique-1.webp","width":500,"height":67,"caption":"Tupique"},"image":{"@id":"https:\/\/tupique.com\/#\/schema\/logo\/image\/"}}]}},"_links":{"self":[{"href":"https:\/\/tupique.com\/en\/wp-json\/wp\/v2\/product\/205179","targetHints":{"allow":["GET"]}}],"collection":[{"href":"https:\/\/tupique.com\/en\/wp-json\/wp\/v2\/product"}],"about":[{"href":"https:\/\/tupique.com\/en\/wp-json\/wp\/v2\/types\/product"}],"replies":[{"embeddable":true,"href":"https:\/\/tupique.com\/en\/wp-json\/wp\/v2\/comments?post=205179"}],"wp:featuredmedia":[{"embeddable":true,"href":"https:\/\/tupique.com\/en\/wp-json\/wp\/v2\/media\/205173"}],"wp:attachment":[{"href":"https:\/\/tupique.com\/en\/wp-json\/wp\/v2\/media?parent=205179"}],"wp:term":[{"taxonomy":"product_brand","embeddable":true,"href":"https:\/\/tupique.com\/en\/wp-json\/wp\/v2\/product_brand?post=205179"},{"taxonomy":"product_cat","embeddable":true,"href":"https:\/\/tupique.com\/en\/wp-json\/wp\/v2\/product_cat?post=205179"},{"taxonomy":"product_tag","embeddable":true,"href":"https:\/\/tupique.com\/en\/wp-json\/wp\/v2\/product_tag?post=205179"},{"taxonomy":"woo-feed-brand","embeddable":true,"href":"https:\/\/tupique.com\/en\/wp-json\/wp\/v2\/woo-feed-brand?post=205179"}],"curies":[{"name":"wp","href":"https:\/\/api.w.org\/{rel}","templated":true}]}}