{"id":205191,"date":"2026-05-12T18:00:43","date_gmt":"2026-05-12T16:00:43","guid":{"rendered":"https:\/\/tupique.com\/product\/monture-de-lunettes-femme-polaroid-pld-d508_g-55j5g\/"},"modified":"2026-05-12T18:00:43","modified_gmt":"2026-05-12T16:00:43","slug":"monture-de-lunettes-femme-polaroid-pld-d508_g-55j5g","status":"publish","type":"product","link":"https:\/\/tupique.com\/en\/product\/monture-de-lunettes-femme-polaroid-pld-d508_g-55j5g\/","title":{"rendered":"Monture de Lunettes Femme Polaroid PLD D508_G 55J5G"},"content":{"rendered":"<p>Si vous \u00eates \u00e0 la recherche de nouvelles tendances sur le march\u00e9, nous vous pr\u00e9sentons <b>Monture de Lunettes Femme Polaroid PLD D508_G 55J5G<\/b> !<\/p>\n<p>The <b>Monture de Lunettes Femme<\/b> Polaroid PLD D508_G 55J5G est con\u00e7ue pour celles qui recherchent un \u00e9quilibre entre style moderne et fonctionnalit\u00e9 optique au quotidien. Cette monture, sp\u00e9cialement pens\u00e9e pour <b>femme<\/b>, se distingue par sa structure contemporaine qui s\u2019adapte \u00e0 diff\u00e9rents styles et formes de visage, permettant une personnalisation compl\u00e8te des verres selon les besoins visuels gr\u00e2ce \u00e0 son <b>verre sans correction<\/b> d\u2019origine. \u00c9tant une <b>monture de lunettes<\/b> sans correction, elle offre la flexibilit\u00e9 d\u2019int\u00e9grer des verres correcteurs personnalis\u00e9s chez les opticiens agr\u00e9\u00e9s, ce qui est tr\u00e8s pratique pour celles qui souhaitent allier sant\u00e9 visuelle et tendance. Fabriqu\u00e9e avec des mat\u00e9riaux soigneusement s\u00e9lectionn\u00e9s pour optimiser r\u00e9sistance et l\u00e9g\u00e8ret\u00e9, la monture garantit un confort prolong\u00e9 tout au long de la journ\u00e9e, tout en conservant la durabilit\u00e9 propre \u00e0 la marque Polaroid. La r\u00e9f\u00e9rence PLD D508_G 55J5G propose une solution polyvalente en phase avec les derni\u00e8res tendances des accessoires optiques, id\u00e9ale pour celles qui appr\u00e9cient l\u2019adaptabilit\u00e9 et un design discret mais distinctif pour leurs lunettes du quotidien. Avec cette monture, Polaroid confirme son engagement envers la qualit\u00e9 et l\u2019esth\u00e9tique contemporaine dans les accessoires optiques f\u00e9minins.<\/p>\n<ul>\n<li>Caract\u00e9ristiques: Verres sans graduation<\/li>\n<li>Type: Monture de Lunettes<\/li>\n<li>Type de verre: Lentilles sans ordonnance<\/li>\n<li>Genre: Femme<\/li>\n<\/ul>","protected":false},"excerpt":{"rendered":"<p>Si vous \u00eates \u00e0 la recherche de nouvelles tendances sur le march\u00e9, nous vous pr\u00e9sentons Monture de Lunettes Femme Polaroid PLD D508_G 55J5G ! La Monture de Lunettes Femme Polaroid PLD D508_G 55J5G est con\u00e7ue pour celles qui recherchent un \u00e9quilibre entre style moderne et fonctionnalit\u00e9 optique au quotidien. Cette monture, sp\u00e9cialement pens\u00e9e pour femme, [&hellip;]<\/p>\n","protected":false},"featured_media":205188,"comment_status":"open","ping_status":"closed","template":"","meta":[],"product_brand":[2514],"product_cat":[776,777,752],"product_tag":[542],"woo-feed-brand":[],"class_list":{"0":"post-205191","1":"product","2":"type-product","3":"status-publish","4":"has-post-thumbnail","6":"product_brand-brandp_1244","7":"product_cat-detente-et-bien-etre","8":"product_cat-lunettes-de-lecture-et-lunettes-loupes","9":"product_cat-sante-beaute","10":"product_tag-tag_1274","12":"first","13":"instock","14":"taxable","15":"shipping-taxable","16":"purchasable","17":"product-type-simple"},"yoast_head":"<!-- This site is optimized with the Yoast SEO plugin v27.6 - https:\/\/yoast.com\/product\/yoast-seo-wordpress\/ -->\n<title>Monture de Lunettes Femme Polaroid PLD D508_G 55J5G | | Tupique<\/title>\n<meta name=\"description\" content=\"Envie d&#039;acheter Monture de Lunettes Femme Polaroid PLD D508_G 55J5G\u00a0? Achetez Monture de Lunettes Femme Polaroid PLD D508_G 55J5G maintenant avec Tupique en 3 versements sans int\u00e9r\u00eat.\" \/>\n<meta name=\"robots\" content=\"index, follow, max-snippet:-1, max-image-preview:large, max-video-preview:-1\" \/>\n<link rel=\"canonical\" href=\"https:\/\/tupique.com\/en\/product\/monture-de-lunettes-femme-polaroid-pld-d508_g-55j5g\/\" \/>\n<meta property=\"og:locale\" content=\"en_GB\" \/>\n<meta property=\"og:type\" content=\"article\" \/>\n<meta property=\"og:title\" content=\"Monture de Lunettes Femme Polaroid PLD D508_G 55J5G | | Tupique\" \/>\n<meta property=\"og:description\" content=\"Envie d&#039;acheter Monture de Lunettes Femme Polaroid PLD D508_G 55J5G\u00a0? Achetez Monture de Lunettes Femme Polaroid PLD D508_G 55J5G maintenant avec Tupique en 3 versements sans int\u00e9r\u00eat.\" \/>\n<meta property=\"og:url\" content=\"https:\/\/tupique.com\/en\/product\/monture-de-lunettes-femme-polaroid-pld-d508_g-55j5g\/\" \/>\n<meta property=\"og:site_name\" content=\"Tupique\" \/>\n<meta name=\"twitter:card\" content=\"summary_large_image\" \/>\n<meta name=\"twitter:label1\" content=\"Est. reading time\" \/>\n\t<meta name=\"twitter:data1\" content=\"1 minute\" \/>\n<script type=\"application\/ld+json\" class=\"yoast-schema-graph\">{\"@context\":\"https:\\\/\\\/schema.org\",\"@graph\":[{\"@type\":\"WebPage\",\"@id\":\"https:\\\/\\\/tupique.com\\\/product\\\/monture-de-lunettes-femme-polaroid-pld-d508_g-55j5g\\\/\",\"url\":\"https:\\\/\\\/tupique.com\\\/product\\\/monture-de-lunettes-femme-polaroid-pld-d508_g-55j5g\\\/\",\"name\":\"Monture de Lunettes Femme Polaroid PLD D508_G 55J5G | | Tupique\",\"isPartOf\":{\"@id\":\"https:\\\/\\\/tupique.com\\\/#website\"},\"primaryImageOfPage\":{\"@id\":\"https:\\\/\\\/tupique.com\\\/product\\\/monture-de-lunettes-femme-polaroid-pld-d508_g-55j5g\\\/#primaryimage\"},\"image\":{\"@id\":\"https:\\\/\\\/tupique.com\\\/product\\\/monture-de-lunettes-femme-polaroid-pld-d508_g-55j5g\\\/#primaryimage\"},\"thumbnailUrl\":\"https:\\\/\\\/tupique.com\\\/wp-content\\\/uploads\\\/2026\\\/05\\\/0716736861883_S72127237_P00.jpg\",\"datePublished\":\"2026-05-12T16:00:43+00:00\",\"description\":\"Envie d'acheter Monture de Lunettes Femme Polaroid PLD D508_G 55J5G\u00a0? Achetez Monture de Lunettes Femme Polaroid PLD D508_G 55J5G maintenant avec Tupique en 3 versements sans int\u00e9r\u00eat.\",\"breadcrumb\":{\"@id\":\"https:\\\/\\\/tupique.com\\\/product\\\/monture-de-lunettes-femme-polaroid-pld-d508_g-55j5g\\\/#breadcrumb\"},\"inLanguage\":\"en-GB\",\"potentialAction\":[{\"@type\":\"ReadAction\",\"target\":[\"https:\\\/\\\/tupique.com\\\/product\\\/monture-de-lunettes-femme-polaroid-pld-d508_g-55j5g\\\/\"]}]},{\"@type\":\"ImageObject\",\"inLanguage\":\"en-GB\",\"@id\":\"https:\\\/\\\/tupique.com\\\/product\\\/monture-de-lunettes-femme-polaroid-pld-d508_g-55j5g\\\/#primaryimage\",\"url\":\"https:\\\/\\\/tupique.com\\\/wp-content\\\/uploads\\\/2026\\\/05\\\/0716736861883_S72127237_P00.jpg\",\"contentUrl\":\"https:\\\/\\\/tupique.com\\\/wp-content\\\/uploads\\\/2026\\\/05\\\/0716736861883_S72127237_P00.jpg\",\"width\":1200,\"height\":1200,\"caption\":\"S72127237_0\"},{\"@type\":\"BreadcrumbList\",\"@id\":\"https:\\\/\\\/tupique.com\\\/product\\\/monture-de-lunettes-femme-polaroid-pld-d508_g-55j5g\\\/#breadcrumb\",\"itemListElement\":[{\"@type\":\"ListItem\",\"position\":1,\"name\":\"commencer\",\"item\":\"https:\\\/\\\/tupique.com\\\/\"},{\"@type\":\"ListItem\",\"position\":2,\"name\":\"Loja\",\"item\":\"https:\\\/\\\/tupique.com\\\/pt\\\/loja\\\/\"},{\"@type\":\"ListItem\",\"position\":3,\"name\":\"Monture de Lunettes Femme Polaroid PLD D508_G 55J5G\"}]},{\"@type\":\"WebSite\",\"@id\":\"https:\\\/\\\/tupique.com\\\/#website\",\"url\":\"https:\\\/\\\/tupique.com\\\/\",\"name\":\"Tupique\",\"description\":\"\",\"publisher\":{\"@id\":\"https:\\\/\\\/tupique.com\\\/#organization\"},\"potentialAction\":[{\"@type\":\"SearchAction\",\"target\":{\"@type\":\"EntryPoint\",\"urlTemplate\":\"https:\\\/\\\/tupique.com\\\/?s={search_term_string}\"},\"query-input\":{\"@type\":\"PropertyValueSpecification\",\"valueRequired\":true,\"valueName\":\"search_term_string\"}}],\"inLanguage\":\"en-GB\"},{\"@type\":\"Organization\",\"@id\":\"https:\\\/\\\/tupique.com\\\/#organization\",\"name\":\"Tupique\",\"url\":\"https:\\\/\\\/tupique.com\\\/\",\"logo\":{\"@type\":\"ImageObject\",\"inLanguage\":\"en-GB\",\"@id\":\"https:\\\/\\\/tupique.com\\\/#\\\/schema\\\/logo\\\/image\\\/\",\"url\":\"https:\\\/\\\/tupique.com\\\/wp-content\\\/uploads\\\/2026\\\/03\\\/logo-tupique-1.webp\",\"contentUrl\":\"https:\\\/\\\/tupique.com\\\/wp-content\\\/uploads\\\/2026\\\/03\\\/logo-tupique-1.webp\",\"width\":500,\"height\":67,\"caption\":\"Tupique\"},\"image\":{\"@id\":\"https:\\\/\\\/tupique.com\\\/#\\\/schema\\\/logo\\\/image\\\/\"}}]}<\/script>\n<!-- \/ Yoast SEO plugin. -->","yoast_head_json":{"title":"Monture de Lunettes Femme Polaroid PLD D508_G 55J5G | | Tupique","description":"Envie d'acheter Monture de Lunettes Femme Polaroid PLD D508_G 55J5G\u00a0? Achetez Monture de Lunettes Femme Polaroid PLD D508_G 55J5G maintenant avec Tupique en 3 versements sans int\u00e9r\u00eat.","robots":{"index":"index","follow":"follow","max-snippet":"max-snippet:-1","max-image-preview":"max-image-preview:large","max-video-preview":"max-video-preview:-1"},"canonical":"https:\/\/tupique.com\/en\/product\/monture-de-lunettes-femme-polaroid-pld-d508_g-55j5g\/","og_locale":"en_GB","og_type":"article","og_title":"Monture de Lunettes Femme Polaroid PLD D508_G 55J5G | | Tupique","og_description":"Envie d'acheter Monture de Lunettes Femme Polaroid PLD D508_G 55J5G\u00a0? Achetez Monture de Lunettes Femme Polaroid PLD D508_G 55J5G maintenant avec Tupique en 3 versements sans int\u00e9r\u00eat.","og_url":"https:\/\/tupique.com\/en\/product\/monture-de-lunettes-femme-polaroid-pld-d508_g-55j5g\/","og_site_name":"Tupique","twitter_card":"summary_large_image","twitter_misc":{"Est. reading time":"1 minute"},"schema":{"@context":"https:\/\/schema.org","@graph":[{"@type":"WebPage","@id":"https:\/\/tupique.com\/product\/monture-de-lunettes-femme-polaroid-pld-d508_g-55j5g\/","url":"https:\/\/tupique.com\/product\/monture-de-lunettes-femme-polaroid-pld-d508_g-55j5g\/","name":"Monture de Lunettes Femme Polaroid PLD D508_G 55J5G | | Tupique","isPartOf":{"@id":"https:\/\/tupique.com\/#website"},"primaryImageOfPage":{"@id":"https:\/\/tupique.com\/product\/monture-de-lunettes-femme-polaroid-pld-d508_g-55j5g\/#primaryimage"},"image":{"@id":"https:\/\/tupique.com\/product\/monture-de-lunettes-femme-polaroid-pld-d508_g-55j5g\/#primaryimage"},"thumbnailUrl":"https:\/\/tupique.com\/wp-content\/uploads\/2026\/05\/0716736861883_S72127237_P00.jpg","datePublished":"2026-05-12T16:00:43+00:00","description":"Envie d'acheter Monture de Lunettes Femme Polaroid PLD D508_G 55J5G\u00a0? Achetez Monture de Lunettes Femme Polaroid PLD D508_G 55J5G maintenant avec Tupique en 3 versements sans int\u00e9r\u00eat.","breadcrumb":{"@id":"https:\/\/tupique.com\/product\/monture-de-lunettes-femme-polaroid-pld-d508_g-55j5g\/#breadcrumb"},"inLanguage":"en-GB","potentialAction":[{"@type":"ReadAction","target":["https:\/\/tupique.com\/product\/monture-de-lunettes-femme-polaroid-pld-d508_g-55j5g\/"]}]},{"@type":"ImageObject","inLanguage":"en-GB","@id":"https:\/\/tupique.com\/product\/monture-de-lunettes-femme-polaroid-pld-d508_g-55j5g\/#primaryimage","url":"https:\/\/tupique.com\/wp-content\/uploads\/2026\/05\/0716736861883_S72127237_P00.jpg","contentUrl":"https:\/\/tupique.com\/wp-content\/uploads\/2026\/05\/0716736861883_S72127237_P00.jpg","width":1200,"height":1200,"caption":"S72127237_0"},{"@type":"BreadcrumbList","@id":"https:\/\/tupique.com\/product\/monture-de-lunettes-femme-polaroid-pld-d508_g-55j5g\/#breadcrumb","itemListElement":[{"@type":"ListItem","position":1,"name":"commencer","item":"https:\/\/tupique.com\/"},{"@type":"ListItem","position":2,"name":"Loja","item":"https:\/\/tupique.com\/pt\/loja\/"},{"@type":"ListItem","position":3,"name":"Monture de Lunettes Femme Polaroid PLD D508_G 55J5G"}]},{"@type":"WebSite","@id":"https:\/\/tupique.com\/#website","url":"https:\/\/tupique.com\/","name":"Tupique","description":"","publisher":{"@id":"https:\/\/tupique.com\/#organization"},"potentialAction":[{"@type":"SearchAction","target":{"@type":"EntryPoint","urlTemplate":"https:\/\/tupique.com\/?s={search_term_string}"},"query-input":{"@type":"PropertyValueSpecification","valueRequired":true,"valueName":"search_term_string"}}],"inLanguage":"en-GB"},{"@type":"Organization","@id":"https:\/\/tupique.com\/#organization","name":"Tupique","url":"https:\/\/tupique.com\/","logo":{"@type":"ImageObject","inLanguage":"en-GB","@id":"https:\/\/tupique.com\/#\/schema\/logo\/image\/","url":"https:\/\/tupique.com\/wp-content\/uploads\/2026\/03\/logo-tupique-1.webp","contentUrl":"https:\/\/tupique.com\/wp-content\/uploads\/2026\/03\/logo-tupique-1.webp","width":500,"height":67,"caption":"Tupique"},"image":{"@id":"https:\/\/tupique.com\/#\/schema\/logo\/image\/"}}]}},"_links":{"self":[{"href":"https:\/\/tupique.com\/en\/wp-json\/wp\/v2\/product\/205191","targetHints":{"allow":["GET"]}}],"collection":[{"href":"https:\/\/tupique.com\/en\/wp-json\/wp\/v2\/product"}],"about":[{"href":"https:\/\/tupique.com\/en\/wp-json\/wp\/v2\/types\/product"}],"replies":[{"embeddable":true,"href":"https:\/\/tupique.com\/en\/wp-json\/wp\/v2\/comments?post=205191"}],"wp:featuredmedia":[{"embeddable":true,"href":"https:\/\/tupique.com\/en\/wp-json\/wp\/v2\/media\/205188"}],"wp:attachment":[{"href":"https:\/\/tupique.com\/en\/wp-json\/wp\/v2\/media?parent=205191"}],"wp:term":[{"taxonomy":"product_brand","embeddable":true,"href":"https:\/\/tupique.com\/en\/wp-json\/wp\/v2\/product_brand?post=205191"},{"taxonomy":"product_cat","embeddable":true,"href":"https:\/\/tupique.com\/en\/wp-json\/wp\/v2\/product_cat?post=205191"},{"taxonomy":"product_tag","embeddable":true,"href":"https:\/\/tupique.com\/en\/wp-json\/wp\/v2\/product_tag?post=205191"},{"taxonomy":"woo-feed-brand","embeddable":true,"href":"https:\/\/tupique.com\/en\/wp-json\/wp\/v2\/woo-feed-brand?post=205191"}],"curies":[{"name":"wp","href":"https:\/\/api.w.org\/{rel}","templated":true}]}}