{"id":205316,"date":"2026-05-12T18:05:04","date_gmt":"2026-05-12T16:05:04","guid":{"rendered":"https:\/\/tupique.com\/product\/monture-de-lunettes-unisexe-andy-wolf-4513-57b\/"},"modified":"2026-05-12T18:05:04","modified_gmt":"2026-05-12T16:05:04","slug":"monture-de-lunettes-unisexe-andy-wolf-4513-57b","status":"publish","type":"product","link":"https:\/\/tupique.com\/en\/product\/monture-de-lunettes-unisexe-andy-wolf-4513-57b\/","title":{"rendered":"Monture de Lunettes Unisexe Andy Wolf 4513 57B"},"content":{"rendered":"<p>Si vous envisagez de renouveler votre garde-robe, achetez <b>Monture de Lunettes Unisexe Andy Wolf 4513 57B<\/b> et d\u2019autres<b>produits Andy Wolf<\/b>! La meilleure qualit\u00e9 au meilleur prix est \u00e0 votre port\u00e9e!<\/p>\n<p>The <b>monture de lunettes unisexe<\/b> Andy Wolf 4513 57B est un choix distingu\u00e9 dans l\u2019univers de l\u2019optique, con\u00e7ue pour ceux qui recherchent un \u00e9quilibre entre style moderne et fonctionnalit\u00e9 pratique. Ce mod\u00e8le, issu de la c\u00e9l\u00e8bre marque autrichienne Andy Wolf, se distingue par son <b>design unisexe<\/b>, s\u2019adaptant aussi bien aux hommes qu\u2019aux femmes souhaitant affirmer leur personnalit\u00e9 \u00e0 travers leurs lunettes sans sacrifier le confort. La <b>monture<\/b> est fabriqu\u00e9e avec des mat\u00e9riaux de haute qualit\u00e9 propres \u00e0 la marque, garantissant durabilit\u00e9 et l\u00e9g\u00e8ret\u00e9 pour un port prolong\u00e9 sans g\u00eane. Elle est \u00e9quip\u00e9e de <b>verres sans correction<\/b>, permettant une utilisation imm\u00e9diate comme accessoire ou facilitant l\u2019ajout de verres correcteurs personnalis\u00e9s selon les besoins de l\u2019utilisateur. Le <b>design sans verres correcteurs<\/b> en fait une base id\u00e9ale aussi bien pour ceux qui d\u00e9sirent des lunettes exclusives et tendance que pour ceux qui ont besoin d\u2019une solution optique sp\u00e9cifique. La polyvalence de cette monture, alli\u00e9e aux standards de pr\u00e9cision et aux finitions sophistiqu\u00e9es d\u2019Andy Wolf, en fait un choix remarquable pour ceux qui appr\u00e9cient l\u2019esth\u00e9tique contemporaine et la qualit\u00e9 dans les produits optiques. Cette monture incarne l\u2019alliance du design europ\u00e9en et de la fonctionnalit\u00e9 pratique dans un format \u00e9l\u00e9gant et adaptable.<\/p>\n<ul>\n<li>Genre: Unisexe<\/li>\n<li>Type: Monture de Lunettes<\/li>\n<li>Caract\u00e9ristiques: Verres sans graduation<\/li>\n<li>Type de verre: Lentilles sans ordonnance<\/li>\n<\/ul>","protected":false},"excerpt":{"rendered":"<p>Si vous envisagez de renouveler votre garde-robe, achetez Monture de Lunettes Unisexe Andy Wolf 4513 57B et d\u2019autresproduits Andy Wolf! La meilleure qualit\u00e9 au meilleur prix est \u00e0 votre port\u00e9e! La monture de lunettes unisexe Andy Wolf 4513 57B est un choix distingu\u00e9 dans l\u2019univers de l\u2019optique, con\u00e7ue pour ceux qui recherchent un \u00e9quilibre entre [&hellip;]<\/p>\n","protected":false},"featured_media":205312,"comment_status":"open","ping_status":"closed","template":"","meta":[],"product_brand":[2951],"product_cat":[776,777,752],"product_tag":[542],"woo-feed-brand":[],"class_list":{"0":"post-205316","1":"product","2":"type-product","3":"status-publish","4":"has-post-thumbnail","6":"product_brand-brandp_2982","7":"product_cat-detente-et-bien-etre","8":"product_cat-lunettes-de-lecture-et-lunettes-loupes","9":"product_cat-sante-beaute","10":"product_tag-tag_1274","12":"first","13":"instock","14":"taxable","15":"shipping-taxable","16":"purchasable","17":"product-type-simple"},"yoast_head":"<!-- This site is optimized with the Yoast SEO plugin v27.6 - https:\/\/yoast.com\/product\/yoast-seo-wordpress\/ -->\n<title>Monture de Lunettes Unisexe Andy Wolf 4513 57B | | Tupique<\/title>\n<meta name=\"description\" content=\"Envie d&#039;acheter Monture de Lunettes Unisexe Andy Wolf 4513 57B\u00a0? Achetez Monture de Lunettes Unisexe Andy Wolf 4513 57B maintenant avec Tupique en 3 versements sans int\u00e9r\u00eat.\" \/>\n<meta name=\"robots\" content=\"index, follow, max-snippet:-1, max-image-preview:large, max-video-preview:-1\" \/>\n<link rel=\"canonical\" href=\"https:\/\/tupique.com\/en\/product\/monture-de-lunettes-unisexe-andy-wolf-4513-57b\/\" \/>\n<meta property=\"og:locale\" content=\"en_GB\" \/>\n<meta property=\"og:type\" content=\"article\" \/>\n<meta property=\"og:title\" content=\"Monture de Lunettes Unisexe Andy Wolf 4513 57B | | Tupique\" \/>\n<meta property=\"og:description\" content=\"Envie d&#039;acheter Monture de Lunettes Unisexe Andy Wolf 4513 57B\u00a0? Achetez Monture de Lunettes Unisexe Andy Wolf 4513 57B maintenant avec Tupique en 3 versements sans int\u00e9r\u00eat.\" \/>\n<meta property=\"og:url\" content=\"https:\/\/tupique.com\/en\/product\/monture-de-lunettes-unisexe-andy-wolf-4513-57b\/\" \/>\n<meta property=\"og:site_name\" content=\"Tupique\" \/>\n<meta name=\"twitter:card\" content=\"summary_large_image\" \/>\n<meta name=\"twitter:label1\" content=\"Est. reading time\" \/>\n\t<meta name=\"twitter:data1\" content=\"1 minute\" \/>\n<script type=\"application\/ld+json\" class=\"yoast-schema-graph\">{\"@context\":\"https:\\\/\\\/schema.org\",\"@graph\":[{\"@type\":\"WebPage\",\"@id\":\"https:\\\/\\\/tupique.com\\\/product\\\/monture-de-lunettes-unisexe-andy-wolf-4513-57b\\\/\",\"url\":\"https:\\\/\\\/tupique.com\\\/product\\\/monture-de-lunettes-unisexe-andy-wolf-4513-57b\\\/\",\"name\":\"Monture de Lunettes Unisexe Andy Wolf 4513 57B | | Tupique\",\"isPartOf\":{\"@id\":\"https:\\\/\\\/tupique.com\\\/#website\"},\"primaryImageOfPage\":{\"@id\":\"https:\\\/\\\/tupique.com\\\/product\\\/monture-de-lunettes-unisexe-andy-wolf-4513-57b\\\/#primaryimage\"},\"image\":{\"@id\":\"https:\\\/\\\/tupique.com\\\/product\\\/monture-de-lunettes-unisexe-andy-wolf-4513-57b\\\/#primaryimage\"},\"thumbnailUrl\":\"https:\\\/\\\/tupique.com\\\/wp-content\\\/uploads\\\/2026\\\/05\\\/9009885015834_S72127289_P00.jpg\",\"datePublished\":\"2026-05-12T16:05:04+00:00\",\"description\":\"Envie d'acheter Monture de Lunettes Unisexe Andy Wolf 4513 57B\u00a0? Achetez Monture de Lunettes Unisexe Andy Wolf 4513 57B maintenant avec Tupique en 3 versements sans int\u00e9r\u00eat.\",\"breadcrumb\":{\"@id\":\"https:\\\/\\\/tupique.com\\\/product\\\/monture-de-lunettes-unisexe-andy-wolf-4513-57b\\\/#breadcrumb\"},\"inLanguage\":\"en-GB\",\"potentialAction\":[{\"@type\":\"ReadAction\",\"target\":[\"https:\\\/\\\/tupique.com\\\/product\\\/monture-de-lunettes-unisexe-andy-wolf-4513-57b\\\/\"]}]},{\"@type\":\"ImageObject\",\"inLanguage\":\"en-GB\",\"@id\":\"https:\\\/\\\/tupique.com\\\/product\\\/monture-de-lunettes-unisexe-andy-wolf-4513-57b\\\/#primaryimage\",\"url\":\"https:\\\/\\\/tupique.com\\\/wp-content\\\/uploads\\\/2026\\\/05\\\/9009885015834_S72127289_P00.jpg\",\"contentUrl\":\"https:\\\/\\\/tupique.com\\\/wp-content\\\/uploads\\\/2026\\\/05\\\/9009885015834_S72127289_P00.jpg\",\"width\":1200,\"height\":1200,\"caption\":\"S72127289_0\"},{\"@type\":\"BreadcrumbList\",\"@id\":\"https:\\\/\\\/tupique.com\\\/product\\\/monture-de-lunettes-unisexe-andy-wolf-4513-57b\\\/#breadcrumb\",\"itemListElement\":[{\"@type\":\"ListItem\",\"position\":1,\"name\":\"commencer\",\"item\":\"https:\\\/\\\/tupique.com\\\/\"},{\"@type\":\"ListItem\",\"position\":2,\"name\":\"Loja\",\"item\":\"https:\\\/\\\/tupique.com\\\/pt\\\/loja\\\/\"},{\"@type\":\"ListItem\",\"position\":3,\"name\":\"Monture de Lunettes Unisexe Andy Wolf 4513 57B\"}]},{\"@type\":\"WebSite\",\"@id\":\"https:\\\/\\\/tupique.com\\\/#website\",\"url\":\"https:\\\/\\\/tupique.com\\\/\",\"name\":\"Tupique\",\"description\":\"\",\"publisher\":{\"@id\":\"https:\\\/\\\/tupique.com\\\/#organization\"},\"potentialAction\":[{\"@type\":\"SearchAction\",\"target\":{\"@type\":\"EntryPoint\",\"urlTemplate\":\"https:\\\/\\\/tupique.com\\\/?s={search_term_string}\"},\"query-input\":{\"@type\":\"PropertyValueSpecification\",\"valueRequired\":true,\"valueName\":\"search_term_string\"}}],\"inLanguage\":\"en-GB\"},{\"@type\":\"Organization\",\"@id\":\"https:\\\/\\\/tupique.com\\\/#organization\",\"name\":\"Tupique\",\"url\":\"https:\\\/\\\/tupique.com\\\/\",\"logo\":{\"@type\":\"ImageObject\",\"inLanguage\":\"en-GB\",\"@id\":\"https:\\\/\\\/tupique.com\\\/#\\\/schema\\\/logo\\\/image\\\/\",\"url\":\"https:\\\/\\\/tupique.com\\\/wp-content\\\/uploads\\\/2026\\\/03\\\/logo-tupique-1.webp\",\"contentUrl\":\"https:\\\/\\\/tupique.com\\\/wp-content\\\/uploads\\\/2026\\\/03\\\/logo-tupique-1.webp\",\"width\":500,\"height\":67,\"caption\":\"Tupique\"},\"image\":{\"@id\":\"https:\\\/\\\/tupique.com\\\/#\\\/schema\\\/logo\\\/image\\\/\"}}]}<\/script>\n<!-- \/ Yoast SEO plugin. -->","yoast_head_json":{"title":"Monture de Lunettes Unisexe Andy Wolf 4513 57B | | Tupique","description":"Envie d'acheter Monture de Lunettes Unisexe Andy Wolf 4513 57B\u00a0? Achetez Monture de Lunettes Unisexe Andy Wolf 4513 57B maintenant avec Tupique en 3 versements sans int\u00e9r\u00eat.","robots":{"index":"index","follow":"follow","max-snippet":"max-snippet:-1","max-image-preview":"max-image-preview:large","max-video-preview":"max-video-preview:-1"},"canonical":"https:\/\/tupique.com\/en\/product\/monture-de-lunettes-unisexe-andy-wolf-4513-57b\/","og_locale":"en_GB","og_type":"article","og_title":"Monture de Lunettes Unisexe Andy Wolf 4513 57B | | Tupique","og_description":"Envie d'acheter Monture de Lunettes Unisexe Andy Wolf 4513 57B\u00a0? Achetez Monture de Lunettes Unisexe Andy Wolf 4513 57B maintenant avec Tupique en 3 versements sans int\u00e9r\u00eat.","og_url":"https:\/\/tupique.com\/en\/product\/monture-de-lunettes-unisexe-andy-wolf-4513-57b\/","og_site_name":"Tupique","twitter_card":"summary_large_image","twitter_misc":{"Est. reading time":"1 minute"},"schema":{"@context":"https:\/\/schema.org","@graph":[{"@type":"WebPage","@id":"https:\/\/tupique.com\/product\/monture-de-lunettes-unisexe-andy-wolf-4513-57b\/","url":"https:\/\/tupique.com\/product\/monture-de-lunettes-unisexe-andy-wolf-4513-57b\/","name":"Monture de Lunettes Unisexe Andy Wolf 4513 57B | | Tupique","isPartOf":{"@id":"https:\/\/tupique.com\/#website"},"primaryImageOfPage":{"@id":"https:\/\/tupique.com\/product\/monture-de-lunettes-unisexe-andy-wolf-4513-57b\/#primaryimage"},"image":{"@id":"https:\/\/tupique.com\/product\/monture-de-lunettes-unisexe-andy-wolf-4513-57b\/#primaryimage"},"thumbnailUrl":"https:\/\/tupique.com\/wp-content\/uploads\/2026\/05\/9009885015834_S72127289_P00.jpg","datePublished":"2026-05-12T16:05:04+00:00","description":"Envie d'acheter Monture de Lunettes Unisexe Andy Wolf 4513 57B\u00a0? Achetez Monture de Lunettes Unisexe Andy Wolf 4513 57B maintenant avec Tupique en 3 versements sans int\u00e9r\u00eat.","breadcrumb":{"@id":"https:\/\/tupique.com\/product\/monture-de-lunettes-unisexe-andy-wolf-4513-57b\/#breadcrumb"},"inLanguage":"en-GB","potentialAction":[{"@type":"ReadAction","target":["https:\/\/tupique.com\/product\/monture-de-lunettes-unisexe-andy-wolf-4513-57b\/"]}]},{"@type":"ImageObject","inLanguage":"en-GB","@id":"https:\/\/tupique.com\/product\/monture-de-lunettes-unisexe-andy-wolf-4513-57b\/#primaryimage","url":"https:\/\/tupique.com\/wp-content\/uploads\/2026\/05\/9009885015834_S72127289_P00.jpg","contentUrl":"https:\/\/tupique.com\/wp-content\/uploads\/2026\/05\/9009885015834_S72127289_P00.jpg","width":1200,"height":1200,"caption":"S72127289_0"},{"@type":"BreadcrumbList","@id":"https:\/\/tupique.com\/product\/monture-de-lunettes-unisexe-andy-wolf-4513-57b\/#breadcrumb","itemListElement":[{"@type":"ListItem","position":1,"name":"commencer","item":"https:\/\/tupique.com\/"},{"@type":"ListItem","position":2,"name":"Loja","item":"https:\/\/tupique.com\/pt\/loja\/"},{"@type":"ListItem","position":3,"name":"Monture de Lunettes Unisexe Andy Wolf 4513 57B"}]},{"@type":"WebSite","@id":"https:\/\/tupique.com\/#website","url":"https:\/\/tupique.com\/","name":"Tupique","description":"","publisher":{"@id":"https:\/\/tupique.com\/#organization"},"potentialAction":[{"@type":"SearchAction","target":{"@type":"EntryPoint","urlTemplate":"https:\/\/tupique.com\/?s={search_term_string}"},"query-input":{"@type":"PropertyValueSpecification","valueRequired":true,"valueName":"search_term_string"}}],"inLanguage":"en-GB"},{"@type":"Organization","@id":"https:\/\/tupique.com\/#organization","name":"Tupique","url":"https:\/\/tupique.com\/","logo":{"@type":"ImageObject","inLanguage":"en-GB","@id":"https:\/\/tupique.com\/#\/schema\/logo\/image\/","url":"https:\/\/tupique.com\/wp-content\/uploads\/2026\/03\/logo-tupique-1.webp","contentUrl":"https:\/\/tupique.com\/wp-content\/uploads\/2026\/03\/logo-tupique-1.webp","width":500,"height":67,"caption":"Tupique"},"image":{"@id":"https:\/\/tupique.com\/#\/schema\/logo\/image\/"}}]}},"_links":{"self":[{"href":"https:\/\/tupique.com\/en\/wp-json\/wp\/v2\/product\/205316","targetHints":{"allow":["GET"]}}],"collection":[{"href":"https:\/\/tupique.com\/en\/wp-json\/wp\/v2\/product"}],"about":[{"href":"https:\/\/tupique.com\/en\/wp-json\/wp\/v2\/types\/product"}],"replies":[{"embeddable":true,"href":"https:\/\/tupique.com\/en\/wp-json\/wp\/v2\/comments?post=205316"}],"wp:featuredmedia":[{"embeddable":true,"href":"https:\/\/tupique.com\/en\/wp-json\/wp\/v2\/media\/205312"}],"wp:attachment":[{"href":"https:\/\/tupique.com\/en\/wp-json\/wp\/v2\/media?parent=205316"}],"wp:term":[{"taxonomy":"product_brand","embeddable":true,"href":"https:\/\/tupique.com\/en\/wp-json\/wp\/v2\/product_brand?post=205316"},{"taxonomy":"product_cat","embeddable":true,"href":"https:\/\/tupique.com\/en\/wp-json\/wp\/v2\/product_cat?post=205316"},{"taxonomy":"product_tag","embeddable":true,"href":"https:\/\/tupique.com\/en\/wp-json\/wp\/v2\/product_tag?post=205316"},{"taxonomy":"woo-feed-brand","embeddable":true,"href":"https:\/\/tupique.com\/en\/wp-json\/wp\/v2\/woo-feed-brand?post=205316"}],"curies":[{"name":"wp","href":"https:\/\/api.w.org\/{rel}","templated":true}]}}