{"id":205347,"date":"2026-05-12T18:06:10","date_gmt":"2026-05-12T16:06:10","guid":{"rendered":"https:\/\/tupique.com\/product\/monture-de-lunettes-femme-chopard-vch323s5306ws\/"},"modified":"2026-05-12T18:06:10","modified_gmt":"2026-05-12T16:06:10","slug":"monture-de-lunettes-femme-chopard-vch323s5306ws","status":"publish","type":"product","link":"https:\/\/tupique.com\/en\/product\/monture-de-lunettes-femme-chopard-vch323s5306ws\/","title":{"rendered":"Monture de Lunettes Femme Chopard VCH323S5306WS"},"content":{"rendered":"<p>Si vous envisagez de renouveler votre garde-robe, achetez <b>Monture de Lunettes Femme Chopard VCH323S5306WS<\/b> et d\u2019autres<b>produits Chopard<\/b>! La meilleure qualit\u00e9 au meilleur prix est \u00e0 votre port\u00e9e!<\/p>\n<p>The <b>monture de lunettes pour femme<\/b> mod\u00e8le <b>VCH323S5306WS<\/b> of <b>Chopard<\/b> incarne la parfaite alliance entre style et qualit\u00e9 dans un accessoire optique con\u00e7u pour les femmes qui appr\u00e9cient \u00e0 la fois l\u2019esth\u00e9tique et le confort au quotidien. Cette monture se distingue par sa <b>couleur marron<\/b>, qui apporte une touche chaleureuse et sophistiqu\u00e9e, s\u2019adaptant facilement \u00e0 diff\u00e9rents styles personnels et occasions. Fabriqu\u00e9e en <b>r\u00e9sine et plastique<\/b>, elle offre un \u00e9quilibre entre l\u00e9g\u00e8ret\u00e9, r\u00e9sistance et durabilit\u00e9, garantissant ainsi un port confortable tout au long de la journ\u00e9e. Le design pens\u00e9 sp\u00e9cifiquement pour la client\u00e8le f\u00e9minine assure un ajustement ergonomique et \u00e9l\u00e9gant, mis en valeur par les <b>branches de 135 mm<\/b>, qui assurent un maintien s\u00fbr sans exercer de pression excessive, et un <b>pont de 16 mm<\/b> qui offre stabilit\u00e9 et confort sur le nez. Ces caract\u00e9ristiques rendent la monture id\u00e9ale pour un usage quotidien, que ce soit dans un contexte professionnel ou social, et mettent en valeur les traits du visage de mani\u00e8re subtile et flatteuse. Le choix de mat\u00e9riaux de qualit\u00e9 et des dimensions \u00e9tudi\u00e9es soulignent l\u2019engagement de Chopard envers l\u2019excellence et l\u2019attention port\u00e9e aux d\u00e9tails. La monture VCH323S5306WS est une option polyvalente et distingu\u00e9e qui r\u00e9pond aux attentes de celles qui recherchent un accessoire fonctionnel et raffin\u00e9 dans l\u2019univers de l\u2019optique f\u00e9minine.<\/p>\n<ul>\n<li>Paire de lunettes: \u00d8 53 mm<\/li>\n<li>Caract\u00e9ristiques: Verres sans graduation<\/li>\n<li>Inclut: Inclut un \u00e9tui ou une housse de la marque<\/li>\n<li>Filtre solaire: cat\u00e9gorie 3<\/li>\n<li>Branches: 135 mm<\/li>\n<li>Pont: 16 mm<\/li>\n<li>Mati\u00e8re:\n<ul>\n<li>Plastique<\/li>\n<li>R\u00e9sine<\/li>\n<\/ul>\n<\/li>\n<li>Taille: 5\/16&#8243;<\/li>\n<li>Couleur: Marron<\/li>\n<li>Genre: Femme<\/li>\n<li>Type: Monture de Lunettes<\/li>\n<li>Type de verre: Lentilles sans ordonnance<\/li>\n<\/ul>","protected":false},"excerpt":{"rendered":"<p>Si vous envisagez de renouveler votre garde-robe, achetez Monture de Lunettes Femme Chopard VCH323S5306WS et d\u2019autresproduits Chopard! La meilleure qualit\u00e9 au meilleur prix est \u00e0 votre port\u00e9e! La monture de lunettes pour femme mod\u00e8le VCH323S5306WS de Chopard incarne la parfaite alliance entre style et qualit\u00e9 dans un accessoire optique con\u00e7u pour les femmes qui appr\u00e9cient [&hellip;]<\/p>\n","protected":false},"featured_media":205346,"comment_status":"open","ping_status":"closed","template":"","meta":[],"product_brand":[1080],"product_cat":[776,777,752],"product_tag":[542],"woo-feed-brand":[],"class_list":{"0":"post-205347","1":"product","2":"type-product","3":"status-publish","4":"has-post-thumbnail","6":"product_brand-brandp_347","7":"product_cat-detente-et-bien-etre","8":"product_cat-lunettes-de-lecture-et-lunettes-loupes","9":"product_cat-sante-beaute","10":"product_tag-tag_1274","12":"first","13":"instock","14":"taxable","15":"shipping-taxable","16":"purchasable","17":"product-type-simple"},"yoast_head":"<!-- This site is optimized with the Yoast SEO plugin v27.6 - https:\/\/yoast.com\/product\/yoast-seo-wordpress\/ -->\n<title>Monture de Lunettes Femme Chopard VCH323S5306WS | | Tupique<\/title>\n<meta name=\"description\" content=\"Envie d&#039;acheter Monture de Lunettes Femme Chopard VCH323S5306WS\u00a0? Achetez Monture de Lunettes Femme Chopard VCH323S5306WS maintenant avec Tupique en 3 versements sans int\u00e9r\u00eat.\" \/>\n<meta name=\"robots\" content=\"index, follow, max-snippet:-1, max-image-preview:large, max-video-preview:-1\" \/>\n<link rel=\"canonical\" href=\"https:\/\/tupique.com\/en\/product\/monture-de-lunettes-femme-chopard-vch323s5306ws\/\" \/>\n<meta property=\"og:locale\" content=\"en_GB\" \/>\n<meta property=\"og:type\" content=\"article\" \/>\n<meta property=\"og:title\" content=\"Monture de Lunettes Femme Chopard VCH323S5306WS | | Tupique\" \/>\n<meta property=\"og:description\" content=\"Envie d&#039;acheter Monture de Lunettes Femme Chopard VCH323S5306WS\u00a0? Achetez Monture de Lunettes Femme Chopard VCH323S5306WS maintenant avec Tupique en 3 versements sans int\u00e9r\u00eat.\" \/>\n<meta property=\"og:url\" content=\"https:\/\/tupique.com\/en\/product\/monture-de-lunettes-femme-chopard-vch323s5306ws\/\" \/>\n<meta property=\"og:site_name\" content=\"Tupique\" \/>\n<meta name=\"twitter:card\" content=\"summary_large_image\" \/>\n<meta name=\"twitter:label1\" content=\"Est. reading time\" \/>\n\t<meta name=\"twitter:data1\" content=\"2 minutes\" \/>\n<script type=\"application\/ld+json\" class=\"yoast-schema-graph\">{\"@context\":\"https:\\\/\\\/schema.org\",\"@graph\":[{\"@type\":\"WebPage\",\"@id\":\"https:\\\/\\\/tupique.com\\\/product\\\/monture-de-lunettes-femme-chopard-vch323s5306ws\\\/\",\"url\":\"https:\\\/\\\/tupique.com\\\/product\\\/monture-de-lunettes-femme-chopard-vch323s5306ws\\\/\",\"name\":\"Monture de Lunettes Femme Chopard VCH323S5306WS | | Tupique\",\"isPartOf\":{\"@id\":\"https:\\\/\\\/tupique.com\\\/#website\"},\"primaryImageOfPage\":{\"@id\":\"https:\\\/\\\/tupique.com\\\/product\\\/monture-de-lunettes-femme-chopard-vch323s5306ws\\\/#primaryimage\"},\"image\":{\"@id\":\"https:\\\/\\\/tupique.com\\\/product\\\/monture-de-lunettes-femme-chopard-vch323s5306ws\\\/#primaryimage\"},\"thumbnailUrl\":\"https:\\\/\\\/tupique.com\\\/wp-content\\\/uploads\\\/2026\\\/05\\\/0190605375068_S72109843_P00.jpg\",\"datePublished\":\"2026-05-12T16:06:10+00:00\",\"description\":\"Envie d'acheter Monture de Lunettes Femme Chopard VCH323S5306WS\u00a0? Achetez Monture de Lunettes Femme Chopard VCH323S5306WS maintenant avec Tupique en 3 versements sans int\u00e9r\u00eat.\",\"breadcrumb\":{\"@id\":\"https:\\\/\\\/tupique.com\\\/product\\\/monture-de-lunettes-femme-chopard-vch323s5306ws\\\/#breadcrumb\"},\"inLanguage\":\"en-GB\",\"potentialAction\":[{\"@type\":\"ReadAction\",\"target\":[\"https:\\\/\\\/tupique.com\\\/product\\\/monture-de-lunettes-femme-chopard-vch323s5306ws\\\/\"]}]},{\"@type\":\"ImageObject\",\"inLanguage\":\"en-GB\",\"@id\":\"https:\\\/\\\/tupique.com\\\/product\\\/monture-de-lunettes-femme-chopard-vch323s5306ws\\\/#primaryimage\",\"url\":\"https:\\\/\\\/tupique.com\\\/wp-content\\\/uploads\\\/2026\\\/05\\\/0190605375068_S72109843_P00.jpg\",\"contentUrl\":\"https:\\\/\\\/tupique.com\\\/wp-content\\\/uploads\\\/2026\\\/05\\\/0190605375068_S72109843_P00.jpg\",\"width\":1200,\"height\":1200,\"caption\":\"S72109843_0\"},{\"@type\":\"BreadcrumbList\",\"@id\":\"https:\\\/\\\/tupique.com\\\/product\\\/monture-de-lunettes-femme-chopard-vch323s5306ws\\\/#breadcrumb\",\"itemListElement\":[{\"@type\":\"ListItem\",\"position\":1,\"name\":\"commencer\",\"item\":\"https:\\\/\\\/tupique.com\\\/\"},{\"@type\":\"ListItem\",\"position\":2,\"name\":\"Loja\",\"item\":\"https:\\\/\\\/tupique.com\\\/pt\\\/loja\\\/\"},{\"@type\":\"ListItem\",\"position\":3,\"name\":\"Monture de Lunettes Femme Chopard VCH323S5306WS\"}]},{\"@type\":\"WebSite\",\"@id\":\"https:\\\/\\\/tupique.com\\\/#website\",\"url\":\"https:\\\/\\\/tupique.com\\\/\",\"name\":\"Tupique\",\"description\":\"\",\"publisher\":{\"@id\":\"https:\\\/\\\/tupique.com\\\/#organization\"},\"potentialAction\":[{\"@type\":\"SearchAction\",\"target\":{\"@type\":\"EntryPoint\",\"urlTemplate\":\"https:\\\/\\\/tupique.com\\\/?s={search_term_string}\"},\"query-input\":{\"@type\":\"PropertyValueSpecification\",\"valueRequired\":true,\"valueName\":\"search_term_string\"}}],\"inLanguage\":\"en-GB\"},{\"@type\":\"Organization\",\"@id\":\"https:\\\/\\\/tupique.com\\\/#organization\",\"name\":\"Tupique\",\"url\":\"https:\\\/\\\/tupique.com\\\/\",\"logo\":{\"@type\":\"ImageObject\",\"inLanguage\":\"en-GB\",\"@id\":\"https:\\\/\\\/tupique.com\\\/#\\\/schema\\\/logo\\\/image\\\/\",\"url\":\"https:\\\/\\\/tupique.com\\\/wp-content\\\/uploads\\\/2026\\\/03\\\/logo-tupique-1.webp\",\"contentUrl\":\"https:\\\/\\\/tupique.com\\\/wp-content\\\/uploads\\\/2026\\\/03\\\/logo-tupique-1.webp\",\"width\":500,\"height\":67,\"caption\":\"Tupique\"},\"image\":{\"@id\":\"https:\\\/\\\/tupique.com\\\/#\\\/schema\\\/logo\\\/image\\\/\"}}]}<\/script>\n<!-- \/ Yoast SEO plugin. -->","yoast_head_json":{"title":"Monture de Lunettes Femme Chopard VCH323S5306WS | | Tupique","description":"Envie d'acheter Monture de Lunettes Femme Chopard VCH323S5306WS\u00a0? Achetez Monture de Lunettes Femme Chopard VCH323S5306WS maintenant avec Tupique en 3 versements sans int\u00e9r\u00eat.","robots":{"index":"index","follow":"follow","max-snippet":"max-snippet:-1","max-image-preview":"max-image-preview:large","max-video-preview":"max-video-preview:-1"},"canonical":"https:\/\/tupique.com\/en\/product\/monture-de-lunettes-femme-chopard-vch323s5306ws\/","og_locale":"en_GB","og_type":"article","og_title":"Monture de Lunettes Femme Chopard VCH323S5306WS | | Tupique","og_description":"Envie d'acheter Monture de Lunettes Femme Chopard VCH323S5306WS\u00a0? Achetez Monture de Lunettes Femme Chopard VCH323S5306WS maintenant avec Tupique en 3 versements sans int\u00e9r\u00eat.","og_url":"https:\/\/tupique.com\/en\/product\/monture-de-lunettes-femme-chopard-vch323s5306ws\/","og_site_name":"Tupique","twitter_card":"summary_large_image","twitter_misc":{"Est. reading time":"2 minutes"},"schema":{"@context":"https:\/\/schema.org","@graph":[{"@type":"WebPage","@id":"https:\/\/tupique.com\/product\/monture-de-lunettes-femme-chopard-vch323s5306ws\/","url":"https:\/\/tupique.com\/product\/monture-de-lunettes-femme-chopard-vch323s5306ws\/","name":"Monture de Lunettes Femme Chopard VCH323S5306WS | | Tupique","isPartOf":{"@id":"https:\/\/tupique.com\/#website"},"primaryImageOfPage":{"@id":"https:\/\/tupique.com\/product\/monture-de-lunettes-femme-chopard-vch323s5306ws\/#primaryimage"},"image":{"@id":"https:\/\/tupique.com\/product\/monture-de-lunettes-femme-chopard-vch323s5306ws\/#primaryimage"},"thumbnailUrl":"https:\/\/tupique.com\/wp-content\/uploads\/2026\/05\/0190605375068_S72109843_P00.jpg","datePublished":"2026-05-12T16:06:10+00:00","description":"Envie d'acheter Monture de Lunettes Femme Chopard VCH323S5306WS\u00a0? Achetez Monture de Lunettes Femme Chopard VCH323S5306WS maintenant avec Tupique en 3 versements sans int\u00e9r\u00eat.","breadcrumb":{"@id":"https:\/\/tupique.com\/product\/monture-de-lunettes-femme-chopard-vch323s5306ws\/#breadcrumb"},"inLanguage":"en-GB","potentialAction":[{"@type":"ReadAction","target":["https:\/\/tupique.com\/product\/monture-de-lunettes-femme-chopard-vch323s5306ws\/"]}]},{"@type":"ImageObject","inLanguage":"en-GB","@id":"https:\/\/tupique.com\/product\/monture-de-lunettes-femme-chopard-vch323s5306ws\/#primaryimage","url":"https:\/\/tupique.com\/wp-content\/uploads\/2026\/05\/0190605375068_S72109843_P00.jpg","contentUrl":"https:\/\/tupique.com\/wp-content\/uploads\/2026\/05\/0190605375068_S72109843_P00.jpg","width":1200,"height":1200,"caption":"S72109843_0"},{"@type":"BreadcrumbList","@id":"https:\/\/tupique.com\/product\/monture-de-lunettes-femme-chopard-vch323s5306ws\/#breadcrumb","itemListElement":[{"@type":"ListItem","position":1,"name":"commencer","item":"https:\/\/tupique.com\/"},{"@type":"ListItem","position":2,"name":"Loja","item":"https:\/\/tupique.com\/pt\/loja\/"},{"@type":"ListItem","position":3,"name":"Monture de Lunettes Femme Chopard VCH323S5306WS"}]},{"@type":"WebSite","@id":"https:\/\/tupique.com\/#website","url":"https:\/\/tupique.com\/","name":"Tupique","description":"","publisher":{"@id":"https:\/\/tupique.com\/#organization"},"potentialAction":[{"@type":"SearchAction","target":{"@type":"EntryPoint","urlTemplate":"https:\/\/tupique.com\/?s={search_term_string}"},"query-input":{"@type":"PropertyValueSpecification","valueRequired":true,"valueName":"search_term_string"}}],"inLanguage":"en-GB"},{"@type":"Organization","@id":"https:\/\/tupique.com\/#organization","name":"Tupique","url":"https:\/\/tupique.com\/","logo":{"@type":"ImageObject","inLanguage":"en-GB","@id":"https:\/\/tupique.com\/#\/schema\/logo\/image\/","url":"https:\/\/tupique.com\/wp-content\/uploads\/2026\/03\/logo-tupique-1.webp","contentUrl":"https:\/\/tupique.com\/wp-content\/uploads\/2026\/03\/logo-tupique-1.webp","width":500,"height":67,"caption":"Tupique"},"image":{"@id":"https:\/\/tupique.com\/#\/schema\/logo\/image\/"}}]}},"_links":{"self":[{"href":"https:\/\/tupique.com\/en\/wp-json\/wp\/v2\/product\/205347","targetHints":{"allow":["GET"]}}],"collection":[{"href":"https:\/\/tupique.com\/en\/wp-json\/wp\/v2\/product"}],"about":[{"href":"https:\/\/tupique.com\/en\/wp-json\/wp\/v2\/types\/product"}],"replies":[{"embeddable":true,"href":"https:\/\/tupique.com\/en\/wp-json\/wp\/v2\/comments?post=205347"}],"wp:featuredmedia":[{"embeddable":true,"href":"https:\/\/tupique.com\/en\/wp-json\/wp\/v2\/media\/205346"}],"wp:attachment":[{"href":"https:\/\/tupique.com\/en\/wp-json\/wp\/v2\/media?parent=205347"}],"wp:term":[{"taxonomy":"product_brand","embeddable":true,"href":"https:\/\/tupique.com\/en\/wp-json\/wp\/v2\/product_brand?post=205347"},{"taxonomy":"product_cat","embeddable":true,"href":"https:\/\/tupique.com\/en\/wp-json\/wp\/v2\/product_cat?post=205347"},{"taxonomy":"product_tag","embeddable":true,"href":"https:\/\/tupique.com\/en\/wp-json\/wp\/v2\/product_tag?post=205347"},{"taxonomy":"woo-feed-brand","embeddable":true,"href":"https:\/\/tupique.com\/en\/wp-json\/wp\/v2\/woo-feed-brand?post=205347"}],"curies":[{"name":"wp","href":"https:\/\/api.w.org\/{rel}","templated":true}]}}