{"id":205363,"date":"2026-05-12T18:06:41","date_gmt":"2026-05-12T16:06:41","guid":{"rendered":"https:\/\/tupique.com\/product\/monture-de-lunettes-enfant-bulget-bgk6040-46d02\/"},"modified":"2026-05-12T18:06:41","modified_gmt":"2026-05-12T16:06:41","slug":"monture-de-lunettes-enfant-bulget-bgk6040-46d02","status":"publish","type":"product","link":"https:\/\/tupique.com\/en\/product\/monture-de-lunettes-enfant-bulget-bgk6040-46d02\/","title":{"rendered":"Monture de Lunettes Enfant Bulget BGK6040 46D02"},"content":{"rendered":"<p>Si vous envisagez de renouveler votre garde-robe, achetez <b>Monture de Lunettes Enfant Bulget BGK6040 46D02<\/b> et d\u2019autres<b>produits Bulget<\/b>! La meilleure qualit\u00e9 au meilleur prix est \u00e0 votre port\u00e9e!<\/p>\n<p>The <b>monture de lunettes pour enfants<\/b> <b>Bulget BGK6040 46D02<\/b> est sp\u00e9cialement con\u00e7ue pour r\u00e9pondre aux besoins des plus jeunes, alliant confort, s\u00e9curit\u00e9 et style en un seul produit. Destin\u00e9e \u00e0 un public <b>enfant<\/b>, cette monture propose une structure l\u00e9g\u00e8re et r\u00e9sistante, id\u00e9ale pour s\u2019adapter au quotidien des enfants et supporter une utilisation prolong\u00e9e sans perdre sa forme ni sa fonctionnalit\u00e9. Elle est \u00e9quip\u00e9e de <b>verres sans correction<\/b> inclus d\u2019origine, permettant d\u2019utiliser la monture comme accessoire ou protection oculaire de base, tout en \u00e9tant pr\u00eate \u00e0 recevoir des verres correcteurs selon les besoins visuels de chaque enfant. Sa conception respecte les standards de qualit\u00e9 et d\u2019ergonomie pour enfants, privil\u00e9giant la s\u00e9curit\u00e9 gr\u00e2ce \u00e0 des mat\u00e9riaux hypoallerg\u00e9niques et une adaptation aux petits visages sans exercer de pression excessive ni provoquer d\u2019irritations. Cette <b>monture de lunettes de la marque Bulget<\/b>, reconnue pour sa fiabilit\u00e9 en optique enfantine, offre aux parents et aux opticiens une solution flexible et pratique pour l\u2019adaptation visuelle des enfants. En r\u00e9sum\u00e9, il s\u2019agit d\u2019une monture polyvalente et confortable, ax\u00e9e sur le bien-\u00eatre visuel et la protection des plus jeunes dans la gamme des lunettes pour enfants.<\/p>\n<ul>\n<li>Caract\u00e9ristiques: Verres sans graduation<\/li>\n<li>Type: Monture de Lunettes<\/li>\n<li>Genre: Enfant<\/li>\n<li>Type de verre: Lentilles sans ordonnance<\/li>\n<\/ul>","protected":false},"excerpt":{"rendered":"<p>Si vous envisagez de renouveler votre garde-robe, achetez Monture de Lunettes Enfant Bulget BGK6040 46D02 et d\u2019autresproduits Bulget! La meilleure qualit\u00e9 au meilleur prix est \u00e0 votre port\u00e9e! La monture de lunettes pour enfants Bulget BGK6040 46D02 est sp\u00e9cialement con\u00e7ue pour r\u00e9pondre aux besoins des plus jeunes, alliant confort, s\u00e9curit\u00e9 et style en un seul [&hellip;]<\/p>\n","protected":false},"featured_media":205360,"comment_status":"open","ping_status":"closed","template":"","meta":[],"product_brand":[3002],"product_cat":[776,777,752],"product_tag":[],"woo-feed-brand":[],"class_list":{"0":"post-205363","1":"product","2":"type-product","3":"status-publish","4":"has-post-thumbnail","6":"product_brand-brandp_10452","7":"product_cat-detente-et-bien-etre","8":"product_cat-lunettes-de-lecture-et-lunettes-loupes","9":"product_cat-sante-beaute","11":"first","12":"instock","13":"taxable","14":"shipping-taxable","15":"purchasable","16":"product-type-simple"},"yoast_head":"<!-- This site is optimized with the Yoast SEO plugin v27.6 - https:\/\/yoast.com\/product\/yoast-seo-wordpress\/ -->\n<title>Monture de Lunettes Enfant Bulget BGK6040 46D02 | | Tupique<\/title>\n<meta name=\"description\" content=\"Envie d&#039;acheter Monture de Lunettes Enfant Bulget BGK6040 46D02\u00a0? Achetez Monture de Lunettes Enfant Bulget BGK6040 46D02 maintenant avec Tupique en 3 versements sans int\u00e9r\u00eat.\" \/>\n<meta name=\"robots\" content=\"index, follow, max-snippet:-1, max-image-preview:large, max-video-preview:-1\" \/>\n<link rel=\"canonical\" href=\"https:\/\/tupique.com\/en\/product\/monture-de-lunettes-enfant-bulget-bgk6040-46d02\/\" \/>\n<meta property=\"og:locale\" content=\"en_GB\" \/>\n<meta property=\"og:type\" content=\"article\" \/>\n<meta property=\"og:title\" content=\"Monture de Lunettes Enfant Bulget BGK6040 46D02 | | Tupique\" \/>\n<meta property=\"og:description\" content=\"Envie d&#039;acheter Monture de Lunettes Enfant Bulget BGK6040 46D02\u00a0? Achetez Monture de Lunettes Enfant Bulget BGK6040 46D02 maintenant avec Tupique en 3 versements sans int\u00e9r\u00eat.\" \/>\n<meta property=\"og:url\" content=\"https:\/\/tupique.com\/en\/product\/monture-de-lunettes-enfant-bulget-bgk6040-46d02\/\" \/>\n<meta property=\"og:site_name\" content=\"Tupique\" \/>\n<meta name=\"twitter:card\" content=\"summary_large_image\" \/>\n<meta name=\"twitter:label1\" content=\"Est. reading time\" \/>\n\t<meta name=\"twitter:data1\" content=\"1 minute\" \/>\n<script type=\"application\/ld+json\" class=\"yoast-schema-graph\">{\"@context\":\"https:\\\/\\\/schema.org\",\"@graph\":[{\"@type\":\"WebPage\",\"@id\":\"https:\\\/\\\/tupique.com\\\/product\\\/monture-de-lunettes-enfant-bulget-bgk6040-46d02\\\/\",\"url\":\"https:\\\/\\\/tupique.com\\\/product\\\/monture-de-lunettes-enfant-bulget-bgk6040-46d02\\\/\",\"name\":\"Monture de Lunettes Enfant Bulget BGK6040 46D02 | | Tupique\",\"isPartOf\":{\"@id\":\"https:\\\/\\\/tupique.com\\\/#website\"},\"primaryImageOfPage\":{\"@id\":\"https:\\\/\\\/tupique.com\\\/product\\\/monture-de-lunettes-enfant-bulget-bgk6040-46d02\\\/#primaryimage\"},\"image\":{\"@id\":\"https:\\\/\\\/tupique.com\\\/product\\\/monture-de-lunettes-enfant-bulget-bgk6040-46d02\\\/#primaryimage\"},\"thumbnailUrl\":\"https:\\\/\\\/tupique.com\\\/wp-content\\\/uploads\\\/2026\\\/05\\\/5604447105882_S72126760_P00.jpg\",\"datePublished\":\"2026-05-12T16:06:41+00:00\",\"description\":\"Envie d'acheter Monture de Lunettes Enfant Bulget BGK6040 46D02\u00a0? Achetez Monture de Lunettes Enfant Bulget BGK6040 46D02 maintenant avec Tupique en 3 versements sans int\u00e9r\u00eat.\",\"breadcrumb\":{\"@id\":\"https:\\\/\\\/tupique.com\\\/product\\\/monture-de-lunettes-enfant-bulget-bgk6040-46d02\\\/#breadcrumb\"},\"inLanguage\":\"en-GB\",\"potentialAction\":[{\"@type\":\"ReadAction\",\"target\":[\"https:\\\/\\\/tupique.com\\\/product\\\/monture-de-lunettes-enfant-bulget-bgk6040-46d02\\\/\"]}]},{\"@type\":\"ImageObject\",\"inLanguage\":\"en-GB\",\"@id\":\"https:\\\/\\\/tupique.com\\\/product\\\/monture-de-lunettes-enfant-bulget-bgk6040-46d02\\\/#primaryimage\",\"url\":\"https:\\\/\\\/tupique.com\\\/wp-content\\\/uploads\\\/2026\\\/05\\\/5604447105882_S72126760_P00.jpg\",\"contentUrl\":\"https:\\\/\\\/tupique.com\\\/wp-content\\\/uploads\\\/2026\\\/05\\\/5604447105882_S72126760_P00.jpg\",\"width\":1200,\"height\":1200,\"caption\":\"S72126760_0\"},{\"@type\":\"BreadcrumbList\",\"@id\":\"https:\\\/\\\/tupique.com\\\/product\\\/monture-de-lunettes-enfant-bulget-bgk6040-46d02\\\/#breadcrumb\",\"itemListElement\":[{\"@type\":\"ListItem\",\"position\":1,\"name\":\"commencer\",\"item\":\"https:\\\/\\\/tupique.com\\\/\"},{\"@type\":\"ListItem\",\"position\":2,\"name\":\"Loja\",\"item\":\"https:\\\/\\\/tupique.com\\\/pt\\\/loja\\\/\"},{\"@type\":\"ListItem\",\"position\":3,\"name\":\"Monture de Lunettes Enfant Bulget BGK6040 46D02\"}]},{\"@type\":\"WebSite\",\"@id\":\"https:\\\/\\\/tupique.com\\\/#website\",\"url\":\"https:\\\/\\\/tupique.com\\\/\",\"name\":\"Tupique\",\"description\":\"\",\"publisher\":{\"@id\":\"https:\\\/\\\/tupique.com\\\/#organization\"},\"potentialAction\":[{\"@type\":\"SearchAction\",\"target\":{\"@type\":\"EntryPoint\",\"urlTemplate\":\"https:\\\/\\\/tupique.com\\\/?s={search_term_string}\"},\"query-input\":{\"@type\":\"PropertyValueSpecification\",\"valueRequired\":true,\"valueName\":\"search_term_string\"}}],\"inLanguage\":\"en-GB\"},{\"@type\":\"Organization\",\"@id\":\"https:\\\/\\\/tupique.com\\\/#organization\",\"name\":\"Tupique\",\"url\":\"https:\\\/\\\/tupique.com\\\/\",\"logo\":{\"@type\":\"ImageObject\",\"inLanguage\":\"en-GB\",\"@id\":\"https:\\\/\\\/tupique.com\\\/#\\\/schema\\\/logo\\\/image\\\/\",\"url\":\"https:\\\/\\\/tupique.com\\\/wp-content\\\/uploads\\\/2026\\\/03\\\/logo-tupique-1.webp\",\"contentUrl\":\"https:\\\/\\\/tupique.com\\\/wp-content\\\/uploads\\\/2026\\\/03\\\/logo-tupique-1.webp\",\"width\":500,\"height\":67,\"caption\":\"Tupique\"},\"image\":{\"@id\":\"https:\\\/\\\/tupique.com\\\/#\\\/schema\\\/logo\\\/image\\\/\"}}]}<\/script>\n<!-- \/ Yoast SEO plugin. -->","yoast_head_json":{"title":"Monture de Lunettes Enfant Bulget BGK6040 46D02 | | Tupique","description":"Envie d'acheter Monture de Lunettes Enfant Bulget BGK6040 46D02\u00a0? Achetez Monture de Lunettes Enfant Bulget BGK6040 46D02 maintenant avec Tupique en 3 versements sans int\u00e9r\u00eat.","robots":{"index":"index","follow":"follow","max-snippet":"max-snippet:-1","max-image-preview":"max-image-preview:large","max-video-preview":"max-video-preview:-1"},"canonical":"https:\/\/tupique.com\/en\/product\/monture-de-lunettes-enfant-bulget-bgk6040-46d02\/","og_locale":"en_GB","og_type":"article","og_title":"Monture de Lunettes Enfant Bulget BGK6040 46D02 | | Tupique","og_description":"Envie d'acheter Monture de Lunettes Enfant Bulget BGK6040 46D02\u00a0? Achetez Monture de Lunettes Enfant Bulget BGK6040 46D02 maintenant avec Tupique en 3 versements sans int\u00e9r\u00eat.","og_url":"https:\/\/tupique.com\/en\/product\/monture-de-lunettes-enfant-bulget-bgk6040-46d02\/","og_site_name":"Tupique","twitter_card":"summary_large_image","twitter_misc":{"Est. reading time":"1 minute"},"schema":{"@context":"https:\/\/schema.org","@graph":[{"@type":"WebPage","@id":"https:\/\/tupique.com\/product\/monture-de-lunettes-enfant-bulget-bgk6040-46d02\/","url":"https:\/\/tupique.com\/product\/monture-de-lunettes-enfant-bulget-bgk6040-46d02\/","name":"Monture de Lunettes Enfant Bulget BGK6040 46D02 | | Tupique","isPartOf":{"@id":"https:\/\/tupique.com\/#website"},"primaryImageOfPage":{"@id":"https:\/\/tupique.com\/product\/monture-de-lunettes-enfant-bulget-bgk6040-46d02\/#primaryimage"},"image":{"@id":"https:\/\/tupique.com\/product\/monture-de-lunettes-enfant-bulget-bgk6040-46d02\/#primaryimage"},"thumbnailUrl":"https:\/\/tupique.com\/wp-content\/uploads\/2026\/05\/5604447105882_S72126760_P00.jpg","datePublished":"2026-05-12T16:06:41+00:00","description":"Envie d'acheter Monture de Lunettes Enfant Bulget BGK6040 46D02\u00a0? Achetez Monture de Lunettes Enfant Bulget BGK6040 46D02 maintenant avec Tupique en 3 versements sans int\u00e9r\u00eat.","breadcrumb":{"@id":"https:\/\/tupique.com\/product\/monture-de-lunettes-enfant-bulget-bgk6040-46d02\/#breadcrumb"},"inLanguage":"en-GB","potentialAction":[{"@type":"ReadAction","target":["https:\/\/tupique.com\/product\/monture-de-lunettes-enfant-bulget-bgk6040-46d02\/"]}]},{"@type":"ImageObject","inLanguage":"en-GB","@id":"https:\/\/tupique.com\/product\/monture-de-lunettes-enfant-bulget-bgk6040-46d02\/#primaryimage","url":"https:\/\/tupique.com\/wp-content\/uploads\/2026\/05\/5604447105882_S72126760_P00.jpg","contentUrl":"https:\/\/tupique.com\/wp-content\/uploads\/2026\/05\/5604447105882_S72126760_P00.jpg","width":1200,"height":1200,"caption":"S72126760_0"},{"@type":"BreadcrumbList","@id":"https:\/\/tupique.com\/product\/monture-de-lunettes-enfant-bulget-bgk6040-46d02\/#breadcrumb","itemListElement":[{"@type":"ListItem","position":1,"name":"commencer","item":"https:\/\/tupique.com\/"},{"@type":"ListItem","position":2,"name":"Loja","item":"https:\/\/tupique.com\/pt\/loja\/"},{"@type":"ListItem","position":3,"name":"Monture de Lunettes Enfant Bulget BGK6040 46D02"}]},{"@type":"WebSite","@id":"https:\/\/tupique.com\/#website","url":"https:\/\/tupique.com\/","name":"Tupique","description":"","publisher":{"@id":"https:\/\/tupique.com\/#organization"},"potentialAction":[{"@type":"SearchAction","target":{"@type":"EntryPoint","urlTemplate":"https:\/\/tupique.com\/?s={search_term_string}"},"query-input":{"@type":"PropertyValueSpecification","valueRequired":true,"valueName":"search_term_string"}}],"inLanguage":"en-GB"},{"@type":"Organization","@id":"https:\/\/tupique.com\/#organization","name":"Tupique","url":"https:\/\/tupique.com\/","logo":{"@type":"ImageObject","inLanguage":"en-GB","@id":"https:\/\/tupique.com\/#\/schema\/logo\/image\/","url":"https:\/\/tupique.com\/wp-content\/uploads\/2026\/03\/logo-tupique-1.webp","contentUrl":"https:\/\/tupique.com\/wp-content\/uploads\/2026\/03\/logo-tupique-1.webp","width":500,"height":67,"caption":"Tupique"},"image":{"@id":"https:\/\/tupique.com\/#\/schema\/logo\/image\/"}}]}},"_links":{"self":[{"href":"https:\/\/tupique.com\/en\/wp-json\/wp\/v2\/product\/205363","targetHints":{"allow":["GET"]}}],"collection":[{"href":"https:\/\/tupique.com\/en\/wp-json\/wp\/v2\/product"}],"about":[{"href":"https:\/\/tupique.com\/en\/wp-json\/wp\/v2\/types\/product"}],"replies":[{"embeddable":true,"href":"https:\/\/tupique.com\/en\/wp-json\/wp\/v2\/comments?post=205363"}],"wp:featuredmedia":[{"embeddable":true,"href":"https:\/\/tupique.com\/en\/wp-json\/wp\/v2\/media\/205360"}],"wp:attachment":[{"href":"https:\/\/tupique.com\/en\/wp-json\/wp\/v2\/media?parent=205363"}],"wp:term":[{"taxonomy":"product_brand","embeddable":true,"href":"https:\/\/tupique.com\/en\/wp-json\/wp\/v2\/product_brand?post=205363"},{"taxonomy":"product_cat","embeddable":true,"href":"https:\/\/tupique.com\/en\/wp-json\/wp\/v2\/product_cat?post=205363"},{"taxonomy":"product_tag","embeddable":true,"href":"https:\/\/tupique.com\/en\/wp-json\/wp\/v2\/product_tag?post=205363"},{"taxonomy":"woo-feed-brand","embeddable":true,"href":"https:\/\/tupique.com\/en\/wp-json\/wp\/v2\/woo-feed-brand?post=205363"}],"curies":[{"name":"wp","href":"https:\/\/api.w.org\/{rel}","templated":true}]}}