{"id":205427,"date":"2026-05-12T18:45:13","date_gmt":"2026-05-12T16:45:13","guid":{"rendered":"https:\/\/tupique.com\/product\/monture-de-lunettes-femme-bulget-bg6462-53h02\/"},"modified":"2026-05-12T18:45:13","modified_gmt":"2026-05-12T16:45:13","slug":"monture-de-lunettes-femme-bulget-bg6462-53h02","status":"publish","type":"product","link":"https:\/\/tupique.com\/en\/product\/monture-de-lunettes-femme-bulget-bg6462-53h02\/","title":{"rendered":"Monture de Lunettes Femme Bulget BG6462 53H02"},"content":{"rendered":"<p>Si vous \u00eates \u00e0 la recherche de nouvelles tendances sur le march\u00e9, nous vous pr\u00e9sentons <b>Monture de Lunettes Femme Bulget BG6462 53H02<\/b> !<\/p>\n<p>The <b>monture de lunettes pour femme<\/b> Bulget BG6462 53H02 pr\u00e9sente un design con\u00e7u pour celles qui privil\u00e9gient l\u2019\u00e9l\u00e9gance et la fonctionnalit\u00e9 dans leur accessoire optique quotidien. Sp\u00e9cialement fabriqu\u00e9e pour le <b>public f\u00e9minin<\/b>, cette <b>monture de lunettes<\/b> se distingue par son adaptation \u00e0 diff\u00e9rents styles et besoins optiques, car elle est livr\u00e9e avec des <b>verres sans correction<\/b> de s\u00e9rie, facilitant la personnalisation et l\u2019installation de verres correcteurs sur ordonnance. Le mod\u00e8le BG6462 53H02 s\u2019inscrit dans la lign\u00e9e de qualit\u00e9 de la marque Bulget, offrant des mat\u00e9riaux r\u00e9sistants et un port confortable m\u00eame en usage prolong\u00e9. Sa structure permet de remplacer facilement les verres par des verres correcteurs, anti-lumi\u00e8re bleue ou solaires, en faisant une option polyvalente pour un usage quotidien ou professionnel. De plus, le design contemporain de la monture met en valeur la f\u00e9minit\u00e9 tout en restant sobre et adapte son ergonomie \u00e0 diff\u00e9rents types de visages f\u00e9minins. Pens\u00e9e pour celles qui recherchent une alliance de mode et de praticit\u00e9, cette monture de lunettes Bulget constitue la base id\u00e9ale pour des lunettes personnalis\u00e9es et modernes.<\/p>\n<ul>\n<li>Caract\u00e9ristiques: Verres sans graduation<\/li>\n<li>Type: Monture de Lunettes<\/li>\n<li>Type de verre: Lentilles sans ordonnance<\/li>\n<li>Genre: Femme<\/li>\n<\/ul>","protected":false},"excerpt":{"rendered":"<p>Si vous \u00eates \u00e0 la recherche de nouvelles tendances sur le march\u00e9, nous vous pr\u00e9sentons Monture de Lunettes Femme Bulget BG6462 53H02 ! La monture de lunettes pour femme Bulget BG6462 53H02 pr\u00e9sente un design con\u00e7u pour celles qui privil\u00e9gient l\u2019\u00e9l\u00e9gance et la fonctionnalit\u00e9 dans leur accessoire optique quotidien. Sp\u00e9cialement fabriqu\u00e9e pour le public f\u00e9minin, [&hellip;]<\/p>\n","protected":false},"featured_media":205424,"comment_status":"open","ping_status":"closed","template":"","meta":[],"product_brand":[3002],"product_cat":[776,777,752],"product_tag":[542],"woo-feed-brand":[],"class_list":{"0":"post-205427","1":"product","2":"type-product","3":"status-publish","4":"has-post-thumbnail","6":"product_brand-brandp_10452","7":"product_cat-detente-et-bien-etre","8":"product_cat-lunettes-de-lecture-et-lunettes-loupes","9":"product_cat-sante-beaute","10":"product_tag-tag_1274","12":"first","13":"instock","14":"taxable","15":"shipping-taxable","16":"purchasable","17":"product-type-simple"},"yoast_head":"<!-- This site is optimized with the Yoast SEO plugin v27.6 - https:\/\/yoast.com\/product\/yoast-seo-wordpress\/ -->\n<title>Monture de Lunettes Femme Bulget BG6462 53H02 | | Tupique<\/title>\n<meta name=\"description\" content=\"Envie d&#039;acheter Monture de Lunettes Femme Bulget BG6462 53H02\u00a0? Achetez Monture de Lunettes Femme Bulget BG6462 53H02 maintenant avec Tupique en 3 versements sans int\u00e9r\u00eat.\" \/>\n<meta name=\"robots\" content=\"index, follow, max-snippet:-1, max-image-preview:large, max-video-preview:-1\" \/>\n<link rel=\"canonical\" href=\"https:\/\/tupique.com\/en\/product\/monture-de-lunettes-femme-bulget-bg6462-53h02\/\" \/>\n<meta property=\"og:locale\" content=\"en_GB\" \/>\n<meta property=\"og:type\" content=\"article\" \/>\n<meta property=\"og:title\" content=\"Monture de Lunettes Femme Bulget BG6462 53H02 | | Tupique\" \/>\n<meta property=\"og:description\" content=\"Envie d&#039;acheter Monture de Lunettes Femme Bulget BG6462 53H02\u00a0? Achetez Monture de Lunettes Femme Bulget BG6462 53H02 maintenant avec Tupique en 3 versements sans int\u00e9r\u00eat.\" \/>\n<meta property=\"og:url\" content=\"https:\/\/tupique.com\/en\/product\/monture-de-lunettes-femme-bulget-bg6462-53h02\/\" \/>\n<meta property=\"og:site_name\" content=\"Tupique\" \/>\n<meta name=\"twitter:card\" content=\"summary_large_image\" \/>\n<meta name=\"twitter:label1\" content=\"Est. reading time\" \/>\n\t<meta name=\"twitter:data1\" content=\"1 minute\" \/>\n<script type=\"application\/ld+json\" class=\"yoast-schema-graph\">{\"@context\":\"https:\\\/\\\/schema.org\",\"@graph\":[{\"@type\":\"WebPage\",\"@id\":\"https:\\\/\\\/tupique.com\\\/product\\\/monture-de-lunettes-femme-bulget-bg6462-53h02\\\/\",\"url\":\"https:\\\/\\\/tupique.com\\\/product\\\/monture-de-lunettes-femme-bulget-bg6462-53h02\\\/\",\"name\":\"Monture de Lunettes Femme Bulget BG6462 53H02 | | Tupique\",\"isPartOf\":{\"@id\":\"https:\\\/\\\/tupique.com\\\/#website\"},\"primaryImageOfPage\":{\"@id\":\"https:\\\/\\\/tupique.com\\\/product\\\/monture-de-lunettes-femme-bulget-bg6462-53h02\\\/#primaryimage\"},\"image\":{\"@id\":\"https:\\\/\\\/tupique.com\\\/product\\\/monture-de-lunettes-femme-bulget-bg6462-53h02\\\/#primaryimage\"},\"thumbnailUrl\":\"https:\\\/\\\/tupique.com\\\/wp-content\\\/uploads\\\/2026\\\/05\\\/5604447118943_S72125439_P00.jpg\",\"datePublished\":\"2026-05-12T16:45:13+00:00\",\"description\":\"Envie d'acheter Monture de Lunettes Femme Bulget BG6462 53H02\u00a0? Achetez Monture de Lunettes Femme Bulget BG6462 53H02 maintenant avec Tupique en 3 versements sans int\u00e9r\u00eat.\",\"breadcrumb\":{\"@id\":\"https:\\\/\\\/tupique.com\\\/product\\\/monture-de-lunettes-femme-bulget-bg6462-53h02\\\/#breadcrumb\"},\"inLanguage\":\"en-GB\",\"potentialAction\":[{\"@type\":\"ReadAction\",\"target\":[\"https:\\\/\\\/tupique.com\\\/product\\\/monture-de-lunettes-femme-bulget-bg6462-53h02\\\/\"]}]},{\"@type\":\"ImageObject\",\"inLanguage\":\"en-GB\",\"@id\":\"https:\\\/\\\/tupique.com\\\/product\\\/monture-de-lunettes-femme-bulget-bg6462-53h02\\\/#primaryimage\",\"url\":\"https:\\\/\\\/tupique.com\\\/wp-content\\\/uploads\\\/2026\\\/05\\\/5604447118943_S72125439_P00.jpg\",\"contentUrl\":\"https:\\\/\\\/tupique.com\\\/wp-content\\\/uploads\\\/2026\\\/05\\\/5604447118943_S72125439_P00.jpg\",\"width\":1200,\"height\":1200,\"caption\":\"S72125439_0\"},{\"@type\":\"BreadcrumbList\",\"@id\":\"https:\\\/\\\/tupique.com\\\/product\\\/monture-de-lunettes-femme-bulget-bg6462-53h02\\\/#breadcrumb\",\"itemListElement\":[{\"@type\":\"ListItem\",\"position\":1,\"name\":\"commencer\",\"item\":\"https:\\\/\\\/tupique.com\\\/\"},{\"@type\":\"ListItem\",\"position\":2,\"name\":\"Loja\",\"item\":\"https:\\\/\\\/tupique.com\\\/pt\\\/loja\\\/\"},{\"@type\":\"ListItem\",\"position\":3,\"name\":\"Monture de Lunettes Femme Bulget BG6462 53H02\"}]},{\"@type\":\"WebSite\",\"@id\":\"https:\\\/\\\/tupique.com\\\/#website\",\"url\":\"https:\\\/\\\/tupique.com\\\/\",\"name\":\"Tupique\",\"description\":\"\",\"publisher\":{\"@id\":\"https:\\\/\\\/tupique.com\\\/#organization\"},\"potentialAction\":[{\"@type\":\"SearchAction\",\"target\":{\"@type\":\"EntryPoint\",\"urlTemplate\":\"https:\\\/\\\/tupique.com\\\/?s={search_term_string}\"},\"query-input\":{\"@type\":\"PropertyValueSpecification\",\"valueRequired\":true,\"valueName\":\"search_term_string\"}}],\"inLanguage\":\"en-GB\"},{\"@type\":\"Organization\",\"@id\":\"https:\\\/\\\/tupique.com\\\/#organization\",\"name\":\"Tupique\",\"url\":\"https:\\\/\\\/tupique.com\\\/\",\"logo\":{\"@type\":\"ImageObject\",\"inLanguage\":\"en-GB\",\"@id\":\"https:\\\/\\\/tupique.com\\\/#\\\/schema\\\/logo\\\/image\\\/\",\"url\":\"https:\\\/\\\/tupique.com\\\/wp-content\\\/uploads\\\/2026\\\/03\\\/logo-tupique-1.webp\",\"contentUrl\":\"https:\\\/\\\/tupique.com\\\/wp-content\\\/uploads\\\/2026\\\/03\\\/logo-tupique-1.webp\",\"width\":500,\"height\":67,\"caption\":\"Tupique\"},\"image\":{\"@id\":\"https:\\\/\\\/tupique.com\\\/#\\\/schema\\\/logo\\\/image\\\/\"}}]}<\/script>\n<!-- \/ Yoast SEO plugin. -->","yoast_head_json":{"title":"Monture de Lunettes Femme Bulget BG6462 53H02 | | Tupique","description":"Envie d'acheter Monture de Lunettes Femme Bulget BG6462 53H02\u00a0? Achetez Monture de Lunettes Femme Bulget BG6462 53H02 maintenant avec Tupique en 3 versements sans int\u00e9r\u00eat.","robots":{"index":"index","follow":"follow","max-snippet":"max-snippet:-1","max-image-preview":"max-image-preview:large","max-video-preview":"max-video-preview:-1"},"canonical":"https:\/\/tupique.com\/en\/product\/monture-de-lunettes-femme-bulget-bg6462-53h02\/","og_locale":"en_GB","og_type":"article","og_title":"Monture de Lunettes Femme Bulget BG6462 53H02 | | Tupique","og_description":"Envie d'acheter Monture de Lunettes Femme Bulget BG6462 53H02\u00a0? Achetez Monture de Lunettes Femme Bulget BG6462 53H02 maintenant avec Tupique en 3 versements sans int\u00e9r\u00eat.","og_url":"https:\/\/tupique.com\/en\/product\/monture-de-lunettes-femme-bulget-bg6462-53h02\/","og_site_name":"Tupique","twitter_card":"summary_large_image","twitter_misc":{"Est. reading time":"1 minute"},"schema":{"@context":"https:\/\/schema.org","@graph":[{"@type":"WebPage","@id":"https:\/\/tupique.com\/product\/monture-de-lunettes-femme-bulget-bg6462-53h02\/","url":"https:\/\/tupique.com\/product\/monture-de-lunettes-femme-bulget-bg6462-53h02\/","name":"Monture de Lunettes Femme Bulget BG6462 53H02 | | Tupique","isPartOf":{"@id":"https:\/\/tupique.com\/#website"},"primaryImageOfPage":{"@id":"https:\/\/tupique.com\/product\/monture-de-lunettes-femme-bulget-bg6462-53h02\/#primaryimage"},"image":{"@id":"https:\/\/tupique.com\/product\/monture-de-lunettes-femme-bulget-bg6462-53h02\/#primaryimage"},"thumbnailUrl":"https:\/\/tupique.com\/wp-content\/uploads\/2026\/05\/5604447118943_S72125439_P00.jpg","datePublished":"2026-05-12T16:45:13+00:00","description":"Envie d'acheter Monture de Lunettes Femme Bulget BG6462 53H02\u00a0? Achetez Monture de Lunettes Femme Bulget BG6462 53H02 maintenant avec Tupique en 3 versements sans int\u00e9r\u00eat.","breadcrumb":{"@id":"https:\/\/tupique.com\/product\/monture-de-lunettes-femme-bulget-bg6462-53h02\/#breadcrumb"},"inLanguage":"en-GB","potentialAction":[{"@type":"ReadAction","target":["https:\/\/tupique.com\/product\/monture-de-lunettes-femme-bulget-bg6462-53h02\/"]}]},{"@type":"ImageObject","inLanguage":"en-GB","@id":"https:\/\/tupique.com\/product\/monture-de-lunettes-femme-bulget-bg6462-53h02\/#primaryimage","url":"https:\/\/tupique.com\/wp-content\/uploads\/2026\/05\/5604447118943_S72125439_P00.jpg","contentUrl":"https:\/\/tupique.com\/wp-content\/uploads\/2026\/05\/5604447118943_S72125439_P00.jpg","width":1200,"height":1200,"caption":"S72125439_0"},{"@type":"BreadcrumbList","@id":"https:\/\/tupique.com\/product\/monture-de-lunettes-femme-bulget-bg6462-53h02\/#breadcrumb","itemListElement":[{"@type":"ListItem","position":1,"name":"commencer","item":"https:\/\/tupique.com\/"},{"@type":"ListItem","position":2,"name":"Loja","item":"https:\/\/tupique.com\/pt\/loja\/"},{"@type":"ListItem","position":3,"name":"Monture de Lunettes Femme Bulget BG6462 53H02"}]},{"@type":"WebSite","@id":"https:\/\/tupique.com\/#website","url":"https:\/\/tupique.com\/","name":"Tupique","description":"","publisher":{"@id":"https:\/\/tupique.com\/#organization"},"potentialAction":[{"@type":"SearchAction","target":{"@type":"EntryPoint","urlTemplate":"https:\/\/tupique.com\/?s={search_term_string}"},"query-input":{"@type":"PropertyValueSpecification","valueRequired":true,"valueName":"search_term_string"}}],"inLanguage":"en-GB"},{"@type":"Organization","@id":"https:\/\/tupique.com\/#organization","name":"Tupique","url":"https:\/\/tupique.com\/","logo":{"@type":"ImageObject","inLanguage":"en-GB","@id":"https:\/\/tupique.com\/#\/schema\/logo\/image\/","url":"https:\/\/tupique.com\/wp-content\/uploads\/2026\/03\/logo-tupique-1.webp","contentUrl":"https:\/\/tupique.com\/wp-content\/uploads\/2026\/03\/logo-tupique-1.webp","width":500,"height":67,"caption":"Tupique"},"image":{"@id":"https:\/\/tupique.com\/#\/schema\/logo\/image\/"}}]}},"_links":{"self":[{"href":"https:\/\/tupique.com\/en\/wp-json\/wp\/v2\/product\/205427","targetHints":{"allow":["GET"]}}],"collection":[{"href":"https:\/\/tupique.com\/en\/wp-json\/wp\/v2\/product"}],"about":[{"href":"https:\/\/tupique.com\/en\/wp-json\/wp\/v2\/types\/product"}],"replies":[{"embeddable":true,"href":"https:\/\/tupique.com\/en\/wp-json\/wp\/v2\/comments?post=205427"}],"wp:featuredmedia":[{"embeddable":true,"href":"https:\/\/tupique.com\/en\/wp-json\/wp\/v2\/media\/205424"}],"wp:attachment":[{"href":"https:\/\/tupique.com\/en\/wp-json\/wp\/v2\/media?parent=205427"}],"wp:term":[{"taxonomy":"product_brand","embeddable":true,"href":"https:\/\/tupique.com\/en\/wp-json\/wp\/v2\/product_brand?post=205427"},{"taxonomy":"product_cat","embeddable":true,"href":"https:\/\/tupique.com\/en\/wp-json\/wp\/v2\/product_cat?post=205427"},{"taxonomy":"product_tag","embeddable":true,"href":"https:\/\/tupique.com\/en\/wp-json\/wp\/v2\/product_tag?post=205427"},{"taxonomy":"woo-feed-brand","embeddable":true,"href":"https:\/\/tupique.com\/en\/wp-json\/wp\/v2\/woo-feed-brand?post=205427"}],"curies":[{"name":"wp","href":"https:\/\/api.w.org\/{rel}","templated":true}]}}