{"id":206288,"date":"2026-05-12T20:13:12","date_gmt":"2026-05-12T18:13:12","guid":{"rendered":"https:\/\/tupique.com\/product\/monture-de-lunettes-unisexe-andy-wolf-4545-52a\/"},"modified":"2026-05-12T20:13:12","modified_gmt":"2026-05-12T18:13:12","slug":"monture-de-lunettes-unisexe-andy-wolf-4545-52a","status":"publish","type":"product","link":"https:\/\/tupique.com\/en\/product\/monture-de-lunettes-unisexe-andy-wolf-4545-52a\/","title":{"rendered":"Monture de Lunettes Unisexe Andy Wolf 4545 52A"},"content":{"rendered":"<p>Si vous envisagez de renouveler votre garde-robe, achetez <b>Monture de Lunettes Unisexe Andy Wolf 4545 52A<\/b> et d\u2019autres<b>produits Andy Wolf<\/b>! La meilleure qualit\u00e9 au meilleur prix est \u00e0 votre port\u00e9e!<\/p>\n<p>The <b>monture de lunettes unisexe<\/b> Andy Wolf 4545 52A repr\u00e9sente un choix sophistiqu\u00e9 et polyvalent pour ceux qui recherchent un design moderne et la fonctionnalit\u00e9 dans un seul accessoire optique. Cette <b>monture<\/b>, con\u00e7ue pour <b>un usage unisexe<\/b>, suit les tendances actuelles avec des lignes \u00e9quilibr\u00e9es qui s\u2019adaptent confortablement aux visages masculins comme f\u00e9minins, mettant en valeur le style personnel tout en conservant l\u2019\u00e9l\u00e9gance. Pr\u00e9vue pour accueillir des <b>verres sans correction<\/b> d\u2019origine, elle offre la libert\u00e9 d\u2019ajouter des verres correcteurs adapt\u00e9s dans n\u2019importe quelle optique, ce qui en fait une solution pratique pour ceux qui souhaitent des lunettes personnalis\u00e9es. La structure comprend des <b>verres non correcteurs<\/b> install\u00e9s en usine, id\u00e9aux pour ceux qui privil\u00e9gient l\u2019esth\u00e9tique ou attendent d\u2019adapter une prescription sp\u00e9cifique. Le soin du d\u00e9tail propre \u00e0 Andy Wolf se retrouve dans la qualit\u00e9 des finitions et des mat\u00e9riaux robustes, pens\u00e9s pour prolonger la dur\u00e9e de vie de la monture et garantir un confort au quotidien. Gr\u00e2ce \u00e0 son design intemporel et neutre, cette monture s\u2019int\u00e8gre parfaitement dans tous les contextes, professionnels ou d\u00e9contract\u00e9s, et convient \u00e0 diff\u00e9rents \u00e2ges. En r\u00e9sum\u00e9, l\u2019Andy Wolf 4545 52A offre flexibilit\u00e9 et style contemporain dans le segment des lunettes haut de gamme, se positionnant comme une alternative polyvalente et \u00e9l\u00e9gante pour ceux qui recherchent une monture alliant esth\u00e9tique et fonctionnalit\u00e9 au quotidien.<\/p>\n<ul>\n<li>Genre: Unisexe<\/li>\n<li>Caract\u00e9ristiques: Verres sans graduation<\/li>\n<li>Type: Monture de Lunettes<\/li>\n<li>Type de verre: Lentilles sans ordonnance<\/li>\n<\/ul>","protected":false},"excerpt":{"rendered":"<p>Si vous envisagez de renouveler votre garde-robe, achetez Monture de Lunettes Unisexe Andy Wolf 4545 52A et d\u2019autresproduits Andy Wolf! La meilleure qualit\u00e9 au meilleur prix est \u00e0 votre port\u00e9e! La monture de lunettes unisexe Andy Wolf 4545 52A repr\u00e9sente un choix sophistiqu\u00e9 et polyvalent pour ceux qui recherchent un design moderne et la fonctionnalit\u00e9 [&hellip;]<\/p>\n","protected":false},"featured_media":206285,"comment_status":"open","ping_status":"closed","template":"","meta":[],"product_brand":[2951],"product_cat":[776,777,752],"product_tag":[542],"woo-feed-brand":[],"class_list":{"0":"post-206288","1":"product","2":"type-product","3":"status-publish","4":"has-post-thumbnail","6":"product_brand-brandp_2982","7":"product_cat-detente-et-bien-etre","8":"product_cat-lunettes-de-lecture-et-lunettes-loupes","9":"product_cat-sante-beaute","10":"product_tag-tag_1274","12":"first","13":"instock","14":"taxable","15":"shipping-taxable","16":"purchasable","17":"product-type-simple"},"yoast_head":"<!-- This site is optimized with the Yoast SEO plugin v27.6 - https:\/\/yoast.com\/product\/yoast-seo-wordpress\/ -->\n<title>Monture de Lunettes Unisexe Andy Wolf 4545 52A | | Tupique<\/title>\n<meta name=\"description\" content=\"Envie d&#039;acheter Monture de Lunettes Unisexe Andy Wolf 4545 52A\u00a0? Achetez Monture de Lunettes Unisexe Andy Wolf 4545 52A maintenant avec Tupique en 3 versements sans int\u00e9r\u00eat.\" \/>\n<meta name=\"robots\" content=\"index, follow, max-snippet:-1, max-image-preview:large, max-video-preview:-1\" \/>\n<link rel=\"canonical\" href=\"https:\/\/tupique.com\/en\/product\/monture-de-lunettes-unisexe-andy-wolf-4545-52a\/\" \/>\n<meta property=\"og:locale\" content=\"en_GB\" \/>\n<meta property=\"og:type\" content=\"article\" \/>\n<meta property=\"og:title\" content=\"Monture de Lunettes Unisexe Andy Wolf 4545 52A | | Tupique\" \/>\n<meta property=\"og:description\" content=\"Envie d&#039;acheter Monture de Lunettes Unisexe Andy Wolf 4545 52A\u00a0? Achetez Monture de Lunettes Unisexe Andy Wolf 4545 52A maintenant avec Tupique en 3 versements sans int\u00e9r\u00eat.\" \/>\n<meta property=\"og:url\" content=\"https:\/\/tupique.com\/en\/product\/monture-de-lunettes-unisexe-andy-wolf-4545-52a\/\" \/>\n<meta property=\"og:site_name\" content=\"Tupique\" \/>\n<meta name=\"twitter:card\" content=\"summary_large_image\" \/>\n<meta name=\"twitter:label1\" content=\"Est. reading time\" \/>\n\t<meta name=\"twitter:data1\" content=\"1 minute\" \/>\n<script type=\"application\/ld+json\" class=\"yoast-schema-graph\">{\"@context\":\"https:\\\/\\\/schema.org\",\"@graph\":[{\"@type\":\"WebPage\",\"@id\":\"https:\\\/\\\/tupique.com\\\/product\\\/monture-de-lunettes-unisexe-andy-wolf-4545-52a\\\/\",\"url\":\"https:\\\/\\\/tupique.com\\\/product\\\/monture-de-lunettes-unisexe-andy-wolf-4545-52a\\\/\",\"name\":\"Monture de Lunettes Unisexe Andy Wolf 4545 52A | | Tupique\",\"isPartOf\":{\"@id\":\"https:\\\/\\\/tupique.com\\\/#website\"},\"primaryImageOfPage\":{\"@id\":\"https:\\\/\\\/tupique.com\\\/product\\\/monture-de-lunettes-unisexe-andy-wolf-4545-52a\\\/#primaryimage\"},\"image\":{\"@id\":\"https:\\\/\\\/tupique.com\\\/product\\\/monture-de-lunettes-unisexe-andy-wolf-4545-52a\\\/#primaryimage\"},\"thumbnailUrl\":\"https:\\\/\\\/tupique.com\\\/wp-content\\\/uploads\\\/2026\\\/05\\\/9009885026489_S72127312_P00.jpg\",\"datePublished\":\"2026-05-12T18:13:12+00:00\",\"description\":\"Envie d'acheter Monture de Lunettes Unisexe Andy Wolf 4545 52A\u00a0? Achetez Monture de Lunettes Unisexe Andy Wolf 4545 52A maintenant avec Tupique en 3 versements sans int\u00e9r\u00eat.\",\"breadcrumb\":{\"@id\":\"https:\\\/\\\/tupique.com\\\/product\\\/monture-de-lunettes-unisexe-andy-wolf-4545-52a\\\/#breadcrumb\"},\"inLanguage\":\"en-GB\",\"potentialAction\":[{\"@type\":\"ReadAction\",\"target\":[\"https:\\\/\\\/tupique.com\\\/product\\\/monture-de-lunettes-unisexe-andy-wolf-4545-52a\\\/\"]}]},{\"@type\":\"ImageObject\",\"inLanguage\":\"en-GB\",\"@id\":\"https:\\\/\\\/tupique.com\\\/product\\\/monture-de-lunettes-unisexe-andy-wolf-4545-52a\\\/#primaryimage\",\"url\":\"https:\\\/\\\/tupique.com\\\/wp-content\\\/uploads\\\/2026\\\/05\\\/9009885026489_S72127312_P00.jpg\",\"contentUrl\":\"https:\\\/\\\/tupique.com\\\/wp-content\\\/uploads\\\/2026\\\/05\\\/9009885026489_S72127312_P00.jpg\",\"width\":1200,\"height\":1200,\"caption\":\"S72127312_0\"},{\"@type\":\"BreadcrumbList\",\"@id\":\"https:\\\/\\\/tupique.com\\\/product\\\/monture-de-lunettes-unisexe-andy-wolf-4545-52a\\\/#breadcrumb\",\"itemListElement\":[{\"@type\":\"ListItem\",\"position\":1,\"name\":\"commencer\",\"item\":\"https:\\\/\\\/tupique.com\\\/\"},{\"@type\":\"ListItem\",\"position\":2,\"name\":\"Loja\",\"item\":\"https:\\\/\\\/tupique.com\\\/pt\\\/loja\\\/\"},{\"@type\":\"ListItem\",\"position\":3,\"name\":\"Monture de Lunettes Unisexe Andy Wolf 4545 52A\"}]},{\"@type\":\"WebSite\",\"@id\":\"https:\\\/\\\/tupique.com\\\/#website\",\"url\":\"https:\\\/\\\/tupique.com\\\/\",\"name\":\"Tupique\",\"description\":\"\",\"publisher\":{\"@id\":\"https:\\\/\\\/tupique.com\\\/#organization\"},\"potentialAction\":[{\"@type\":\"SearchAction\",\"target\":{\"@type\":\"EntryPoint\",\"urlTemplate\":\"https:\\\/\\\/tupique.com\\\/?s={search_term_string}\"},\"query-input\":{\"@type\":\"PropertyValueSpecification\",\"valueRequired\":true,\"valueName\":\"search_term_string\"}}],\"inLanguage\":\"en-GB\"},{\"@type\":\"Organization\",\"@id\":\"https:\\\/\\\/tupique.com\\\/#organization\",\"name\":\"Tupique\",\"url\":\"https:\\\/\\\/tupique.com\\\/\",\"logo\":{\"@type\":\"ImageObject\",\"inLanguage\":\"en-GB\",\"@id\":\"https:\\\/\\\/tupique.com\\\/#\\\/schema\\\/logo\\\/image\\\/\",\"url\":\"https:\\\/\\\/tupique.com\\\/wp-content\\\/uploads\\\/2026\\\/03\\\/logo-tupique-1.webp\",\"contentUrl\":\"https:\\\/\\\/tupique.com\\\/wp-content\\\/uploads\\\/2026\\\/03\\\/logo-tupique-1.webp\",\"width\":500,\"height\":67,\"caption\":\"Tupique\"},\"image\":{\"@id\":\"https:\\\/\\\/tupique.com\\\/#\\\/schema\\\/logo\\\/image\\\/\"}}]}<\/script>\n<!-- \/ Yoast SEO plugin. -->","yoast_head_json":{"title":"Monture de Lunettes Unisexe Andy Wolf 4545 52A | | Tupique","description":"Envie d'acheter Monture de Lunettes Unisexe Andy Wolf 4545 52A\u00a0? Achetez Monture de Lunettes Unisexe Andy Wolf 4545 52A maintenant avec Tupique en 3 versements sans int\u00e9r\u00eat.","robots":{"index":"index","follow":"follow","max-snippet":"max-snippet:-1","max-image-preview":"max-image-preview:large","max-video-preview":"max-video-preview:-1"},"canonical":"https:\/\/tupique.com\/en\/product\/monture-de-lunettes-unisexe-andy-wolf-4545-52a\/","og_locale":"en_GB","og_type":"article","og_title":"Monture de Lunettes Unisexe Andy Wolf 4545 52A | | Tupique","og_description":"Envie d'acheter Monture de Lunettes Unisexe Andy Wolf 4545 52A\u00a0? Achetez Monture de Lunettes Unisexe Andy Wolf 4545 52A maintenant avec Tupique en 3 versements sans int\u00e9r\u00eat.","og_url":"https:\/\/tupique.com\/en\/product\/monture-de-lunettes-unisexe-andy-wolf-4545-52a\/","og_site_name":"Tupique","twitter_card":"summary_large_image","twitter_misc":{"Est. reading time":"1 minute"},"schema":{"@context":"https:\/\/schema.org","@graph":[{"@type":"WebPage","@id":"https:\/\/tupique.com\/product\/monture-de-lunettes-unisexe-andy-wolf-4545-52a\/","url":"https:\/\/tupique.com\/product\/monture-de-lunettes-unisexe-andy-wolf-4545-52a\/","name":"Monture de Lunettes Unisexe Andy Wolf 4545 52A | | Tupique","isPartOf":{"@id":"https:\/\/tupique.com\/#website"},"primaryImageOfPage":{"@id":"https:\/\/tupique.com\/product\/monture-de-lunettes-unisexe-andy-wolf-4545-52a\/#primaryimage"},"image":{"@id":"https:\/\/tupique.com\/product\/monture-de-lunettes-unisexe-andy-wolf-4545-52a\/#primaryimage"},"thumbnailUrl":"https:\/\/tupique.com\/wp-content\/uploads\/2026\/05\/9009885026489_S72127312_P00.jpg","datePublished":"2026-05-12T18:13:12+00:00","description":"Envie d'acheter Monture de Lunettes Unisexe Andy Wolf 4545 52A\u00a0? Achetez Monture de Lunettes Unisexe Andy Wolf 4545 52A maintenant avec Tupique en 3 versements sans int\u00e9r\u00eat.","breadcrumb":{"@id":"https:\/\/tupique.com\/product\/monture-de-lunettes-unisexe-andy-wolf-4545-52a\/#breadcrumb"},"inLanguage":"en-GB","potentialAction":[{"@type":"ReadAction","target":["https:\/\/tupique.com\/product\/monture-de-lunettes-unisexe-andy-wolf-4545-52a\/"]}]},{"@type":"ImageObject","inLanguage":"en-GB","@id":"https:\/\/tupique.com\/product\/monture-de-lunettes-unisexe-andy-wolf-4545-52a\/#primaryimage","url":"https:\/\/tupique.com\/wp-content\/uploads\/2026\/05\/9009885026489_S72127312_P00.jpg","contentUrl":"https:\/\/tupique.com\/wp-content\/uploads\/2026\/05\/9009885026489_S72127312_P00.jpg","width":1200,"height":1200,"caption":"S72127312_0"},{"@type":"BreadcrumbList","@id":"https:\/\/tupique.com\/product\/monture-de-lunettes-unisexe-andy-wolf-4545-52a\/#breadcrumb","itemListElement":[{"@type":"ListItem","position":1,"name":"commencer","item":"https:\/\/tupique.com\/"},{"@type":"ListItem","position":2,"name":"Loja","item":"https:\/\/tupique.com\/pt\/loja\/"},{"@type":"ListItem","position":3,"name":"Monture de Lunettes Unisexe Andy Wolf 4545 52A"}]},{"@type":"WebSite","@id":"https:\/\/tupique.com\/#website","url":"https:\/\/tupique.com\/","name":"Tupique","description":"","publisher":{"@id":"https:\/\/tupique.com\/#organization"},"potentialAction":[{"@type":"SearchAction","target":{"@type":"EntryPoint","urlTemplate":"https:\/\/tupique.com\/?s={search_term_string}"},"query-input":{"@type":"PropertyValueSpecification","valueRequired":true,"valueName":"search_term_string"}}],"inLanguage":"en-GB"},{"@type":"Organization","@id":"https:\/\/tupique.com\/#organization","name":"Tupique","url":"https:\/\/tupique.com\/","logo":{"@type":"ImageObject","inLanguage":"en-GB","@id":"https:\/\/tupique.com\/#\/schema\/logo\/image\/","url":"https:\/\/tupique.com\/wp-content\/uploads\/2026\/03\/logo-tupique-1.webp","contentUrl":"https:\/\/tupique.com\/wp-content\/uploads\/2026\/03\/logo-tupique-1.webp","width":500,"height":67,"caption":"Tupique"},"image":{"@id":"https:\/\/tupique.com\/#\/schema\/logo\/image\/"}}]}},"_links":{"self":[{"href":"https:\/\/tupique.com\/en\/wp-json\/wp\/v2\/product\/206288","targetHints":{"allow":["GET"]}}],"collection":[{"href":"https:\/\/tupique.com\/en\/wp-json\/wp\/v2\/product"}],"about":[{"href":"https:\/\/tupique.com\/en\/wp-json\/wp\/v2\/types\/product"}],"replies":[{"embeddable":true,"href":"https:\/\/tupique.com\/en\/wp-json\/wp\/v2\/comments?post=206288"}],"wp:featuredmedia":[{"embeddable":true,"href":"https:\/\/tupique.com\/en\/wp-json\/wp\/v2\/media\/206285"}],"wp:attachment":[{"href":"https:\/\/tupique.com\/en\/wp-json\/wp\/v2\/media?parent=206288"}],"wp:term":[{"taxonomy":"product_brand","embeddable":true,"href":"https:\/\/tupique.com\/en\/wp-json\/wp\/v2\/product_brand?post=206288"},{"taxonomy":"product_cat","embeddable":true,"href":"https:\/\/tupique.com\/en\/wp-json\/wp\/v2\/product_cat?post=206288"},{"taxonomy":"product_tag","embeddable":true,"href":"https:\/\/tupique.com\/en\/wp-json\/wp\/v2\/product_tag?post=206288"},{"taxonomy":"woo-feed-brand","embeddable":true,"href":"https:\/\/tupique.com\/en\/wp-json\/wp\/v2\/woo-feed-brand?post=206288"}],"curies":[{"name":"wp","href":"https:\/\/api.w.org\/{rel}","templated":true}]}}