{"id":206335,"date":"2026-05-12T20:14:48","date_gmt":"2026-05-12T18:14:48","guid":{"rendered":"https:\/\/tupique.com\/product\/monture-de-lunettes-unisexe-gant-ga3297-51002\/"},"modified":"2026-05-12T20:14:48","modified_gmt":"2026-05-12T18:14:48","slug":"monture-de-lunettes-unisexe-gant-ga3297-51002","status":"publish","type":"product","link":"https:\/\/tupique.com\/en\/product\/monture-de-lunettes-unisexe-gant-ga3297-51002\/","title":{"rendered":"Monture de Lunettes Unisexe Gant GA3297 51002"},"content":{"rendered":"<p>Si vous envisagez de renouveler votre garde-robe, achetez <b>Monture de Lunettes Unisexe Gant GA3297 51002<\/b> et d\u2019autres<b>produits Gant<\/b>! La meilleure qualit\u00e9 au meilleur prix est \u00e0 votre port\u00e9e!<\/p>\n<p>The <b>monture de lunettes unisexe GA3297 51002 de Gant<\/b> est une option polyvalente et intemporelle con\u00e7ue pour ceux qui recherchent un style sophistiqu\u00e9 et adaptable, aussi bien en contexte formel qu\u2019informel. En tant que <b>monture de lunettes unisexe<\/b>, elle se distingue par son design neutre qui s\u2019adapte confortablement \u00e0 toutes les formes de visage, associant des lignes \u00e9l\u00e9gantes \u00e0 une finition moderne propre \u00e0 la marque Gant, reconnue internationalement pour la qualit\u00e9 et le soin apport\u00e9s \u00e0 ses accessoires. Ce mod\u00e8le est \u00e9quip\u00e9 de <b>verres sans correction<\/b> d\u2019origine, permettant une utilisation imm\u00e9diate comme accessoire de mode ou facilitant l\u2019adaptation ult\u00e9rieure de verres correcteurs personnalis\u00e9s chez n\u2019importe quel opticien, sans contrainte technique. La monture est con\u00e7ue pour garantir l\u00e9g\u00e8ret\u00e9 et r\u00e9sistance, offrant ainsi un confort optimal tout au long de la journ\u00e9e. Les mat\u00e9riaux utilis\u00e9s assurent durabilit\u00e9 et stabilit\u00e9, garantissant un maintien s\u00fbr et une apparence qui reste intacte au fil du temps. Sa cat\u00e9gorie unisexe en fait un choix pratique pour ceux qui souhaitent conserver une esth\u00e9tique moderne sans distinction de genre, id\u00e9ale aussi bien pour un usage quotidien que pour compl\u00e9ter des tenues plus habill\u00e9es. En somme, ce mod\u00e8le de Gant repr\u00e9sente une solution fonctionnelle et \u00e9quilibr\u00e9e sur le plan du style pour ceux qui privil\u00e9gient la qualit\u00e9 et le design dans leurs lunettes.<\/p>\n<ul>\n<li>Genre: Unisexe<\/li>\n<li>Caract\u00e9ristiques: Verres sans graduation<\/li>\n<li>Type: Monture de Lunettes<\/li>\n<li>Type de verre: Lentilles sans ordonnance<\/li>\n<\/ul>","protected":false},"excerpt":{"rendered":"<p>Si vous envisagez de renouveler votre garde-robe, achetez Monture de Lunettes Unisexe Gant GA3297 51002 et d\u2019autresproduits Gant! La meilleure qualit\u00e9 au meilleur prix est \u00e0 votre port\u00e9e! La monture de lunettes unisexe GA3297 51002 de Gant est une option polyvalente et intemporelle con\u00e7ue pour ceux qui recherchent un style sophistiqu\u00e9 et adaptable, aussi bien [&hellip;]<\/p>\n","protected":false},"featured_media":206332,"comment_status":"open","ping_status":"closed","template":"","meta":[],"product_brand":[2527],"product_cat":[776,777,752],"product_tag":[542],"woo-feed-brand":[],"class_list":{"0":"post-206335","1":"product","2":"type-product","3":"status-publish","4":"has-post-thumbnail","6":"product_brand-brandp_1245","7":"product_cat-detente-et-bien-etre","8":"product_cat-lunettes-de-lecture-et-lunettes-loupes","9":"product_cat-sante-beaute","10":"product_tag-tag_1274","12":"first","13":"instock","14":"taxable","15":"shipping-taxable","16":"purchasable","17":"product-type-simple"},"yoast_head":"<!-- This site is optimized with the Yoast SEO plugin v27.6 - https:\/\/yoast.com\/product\/yoast-seo-wordpress\/ -->\n<title>Monture de Lunettes Unisexe Gant GA3297 51002 | | Tupique<\/title>\n<meta name=\"description\" content=\"Envie d&#039;acheter Monture de Lunettes Unisexe Gant GA3297 51002\u00a0? Achetez Monture de Lunettes Unisexe Gant GA3297 51002 maintenant avec Tupique en 3 versements sans int\u00e9r\u00eat.\" \/>\n<meta name=\"robots\" content=\"index, follow, max-snippet:-1, max-image-preview:large, max-video-preview:-1\" \/>\n<link rel=\"canonical\" href=\"https:\/\/tupique.com\/en\/product\/monture-de-lunettes-unisexe-gant-ga3297-51002\/\" \/>\n<meta property=\"og:locale\" content=\"en_GB\" \/>\n<meta property=\"og:type\" content=\"article\" \/>\n<meta property=\"og:title\" content=\"Monture de Lunettes Unisexe Gant GA3297 51002 | | Tupique\" \/>\n<meta property=\"og:description\" content=\"Envie d&#039;acheter Monture de Lunettes Unisexe Gant GA3297 51002\u00a0? Achetez Monture de Lunettes Unisexe Gant GA3297 51002 maintenant avec Tupique en 3 versements sans int\u00e9r\u00eat.\" \/>\n<meta property=\"og:url\" content=\"https:\/\/tupique.com\/en\/product\/monture-de-lunettes-unisexe-gant-ga3297-51002\/\" \/>\n<meta property=\"og:site_name\" content=\"Tupique\" \/>\n<meta name=\"twitter:card\" content=\"summary_large_image\" \/>\n<meta name=\"twitter:label1\" content=\"Est. reading time\" \/>\n\t<meta name=\"twitter:data1\" content=\"1 minute\" \/>\n<script type=\"application\/ld+json\" class=\"yoast-schema-graph\">{\"@context\":\"https:\\\/\\\/schema.org\",\"@graph\":[{\"@type\":\"WebPage\",\"@id\":\"https:\\\/\\\/tupique.com\\\/product\\\/monture-de-lunettes-unisexe-gant-ga3297-51002\\\/\",\"url\":\"https:\\\/\\\/tupique.com\\\/product\\\/monture-de-lunettes-unisexe-gant-ga3297-51002\\\/\",\"name\":\"Monture de Lunettes Unisexe Gant GA3297 51002 | | Tupique\",\"isPartOf\":{\"@id\":\"https:\\\/\\\/tupique.com\\\/#website\"},\"primaryImageOfPage\":{\"@id\":\"https:\\\/\\\/tupique.com\\\/product\\\/monture-de-lunettes-unisexe-gant-ga3297-51002\\\/#primaryimage\"},\"image\":{\"@id\":\"https:\\\/\\\/tupique.com\\\/product\\\/monture-de-lunettes-unisexe-gant-ga3297-51002\\\/#primaryimage\"},\"thumbnailUrl\":\"https:\\\/\\\/tupique.com\\\/wp-content\\\/uploads\\\/2026\\\/05\\\/0889214497864_S72127407_P00.jpg\",\"datePublished\":\"2026-05-12T18:14:48+00:00\",\"description\":\"Envie d'acheter Monture de Lunettes Unisexe Gant GA3297 51002\u00a0? Achetez Monture de Lunettes Unisexe Gant GA3297 51002 maintenant avec Tupique en 3 versements sans int\u00e9r\u00eat.\",\"breadcrumb\":{\"@id\":\"https:\\\/\\\/tupique.com\\\/product\\\/monture-de-lunettes-unisexe-gant-ga3297-51002\\\/#breadcrumb\"},\"inLanguage\":\"en-GB\",\"potentialAction\":[{\"@type\":\"ReadAction\",\"target\":[\"https:\\\/\\\/tupique.com\\\/product\\\/monture-de-lunettes-unisexe-gant-ga3297-51002\\\/\"]}]},{\"@type\":\"ImageObject\",\"inLanguage\":\"en-GB\",\"@id\":\"https:\\\/\\\/tupique.com\\\/product\\\/monture-de-lunettes-unisexe-gant-ga3297-51002\\\/#primaryimage\",\"url\":\"https:\\\/\\\/tupique.com\\\/wp-content\\\/uploads\\\/2026\\\/05\\\/0889214497864_S72127407_P00.jpg\",\"contentUrl\":\"https:\\\/\\\/tupique.com\\\/wp-content\\\/uploads\\\/2026\\\/05\\\/0889214497864_S72127407_P00.jpg\",\"width\":1200,\"height\":1200,\"caption\":\"S72127407_0\"},{\"@type\":\"BreadcrumbList\",\"@id\":\"https:\\\/\\\/tupique.com\\\/product\\\/monture-de-lunettes-unisexe-gant-ga3297-51002\\\/#breadcrumb\",\"itemListElement\":[{\"@type\":\"ListItem\",\"position\":1,\"name\":\"commencer\",\"item\":\"https:\\\/\\\/tupique.com\\\/\"},{\"@type\":\"ListItem\",\"position\":2,\"name\":\"Loja\",\"item\":\"https:\\\/\\\/tupique.com\\\/pt\\\/loja\\\/\"},{\"@type\":\"ListItem\",\"position\":3,\"name\":\"Monture de Lunettes Unisexe Gant GA3297 51002\"}]},{\"@type\":\"WebSite\",\"@id\":\"https:\\\/\\\/tupique.com\\\/#website\",\"url\":\"https:\\\/\\\/tupique.com\\\/\",\"name\":\"Tupique\",\"description\":\"\",\"publisher\":{\"@id\":\"https:\\\/\\\/tupique.com\\\/#organization\"},\"potentialAction\":[{\"@type\":\"SearchAction\",\"target\":{\"@type\":\"EntryPoint\",\"urlTemplate\":\"https:\\\/\\\/tupique.com\\\/?s={search_term_string}\"},\"query-input\":{\"@type\":\"PropertyValueSpecification\",\"valueRequired\":true,\"valueName\":\"search_term_string\"}}],\"inLanguage\":\"en-GB\"},{\"@type\":\"Organization\",\"@id\":\"https:\\\/\\\/tupique.com\\\/#organization\",\"name\":\"Tupique\",\"url\":\"https:\\\/\\\/tupique.com\\\/\",\"logo\":{\"@type\":\"ImageObject\",\"inLanguage\":\"en-GB\",\"@id\":\"https:\\\/\\\/tupique.com\\\/#\\\/schema\\\/logo\\\/image\\\/\",\"url\":\"https:\\\/\\\/tupique.com\\\/wp-content\\\/uploads\\\/2026\\\/03\\\/logo-tupique-1.webp\",\"contentUrl\":\"https:\\\/\\\/tupique.com\\\/wp-content\\\/uploads\\\/2026\\\/03\\\/logo-tupique-1.webp\",\"width\":500,\"height\":67,\"caption\":\"Tupique\"},\"image\":{\"@id\":\"https:\\\/\\\/tupique.com\\\/#\\\/schema\\\/logo\\\/image\\\/\"}}]}<\/script>\n<!-- \/ Yoast SEO plugin. -->","yoast_head_json":{"title":"Monture de Lunettes Unisexe Gant GA3297 51002 | | Tupique","description":"Envie d'acheter Monture de Lunettes Unisexe Gant GA3297 51002\u00a0? Achetez Monture de Lunettes Unisexe Gant GA3297 51002 maintenant avec Tupique en 3 versements sans int\u00e9r\u00eat.","robots":{"index":"index","follow":"follow","max-snippet":"max-snippet:-1","max-image-preview":"max-image-preview:large","max-video-preview":"max-video-preview:-1"},"canonical":"https:\/\/tupique.com\/en\/product\/monture-de-lunettes-unisexe-gant-ga3297-51002\/","og_locale":"en_GB","og_type":"article","og_title":"Monture de Lunettes Unisexe Gant GA3297 51002 | | Tupique","og_description":"Envie d'acheter Monture de Lunettes Unisexe Gant GA3297 51002\u00a0? Achetez Monture de Lunettes Unisexe Gant GA3297 51002 maintenant avec Tupique en 3 versements sans int\u00e9r\u00eat.","og_url":"https:\/\/tupique.com\/en\/product\/monture-de-lunettes-unisexe-gant-ga3297-51002\/","og_site_name":"Tupique","twitter_card":"summary_large_image","twitter_misc":{"Est. reading time":"1 minute"},"schema":{"@context":"https:\/\/schema.org","@graph":[{"@type":"WebPage","@id":"https:\/\/tupique.com\/product\/monture-de-lunettes-unisexe-gant-ga3297-51002\/","url":"https:\/\/tupique.com\/product\/monture-de-lunettes-unisexe-gant-ga3297-51002\/","name":"Monture de Lunettes Unisexe Gant GA3297 51002 | | Tupique","isPartOf":{"@id":"https:\/\/tupique.com\/#website"},"primaryImageOfPage":{"@id":"https:\/\/tupique.com\/product\/monture-de-lunettes-unisexe-gant-ga3297-51002\/#primaryimage"},"image":{"@id":"https:\/\/tupique.com\/product\/monture-de-lunettes-unisexe-gant-ga3297-51002\/#primaryimage"},"thumbnailUrl":"https:\/\/tupique.com\/wp-content\/uploads\/2026\/05\/0889214497864_S72127407_P00.jpg","datePublished":"2026-05-12T18:14:48+00:00","description":"Envie d'acheter Monture de Lunettes Unisexe Gant GA3297 51002\u00a0? Achetez Monture de Lunettes Unisexe Gant GA3297 51002 maintenant avec Tupique en 3 versements sans int\u00e9r\u00eat.","breadcrumb":{"@id":"https:\/\/tupique.com\/product\/monture-de-lunettes-unisexe-gant-ga3297-51002\/#breadcrumb"},"inLanguage":"en-GB","potentialAction":[{"@type":"ReadAction","target":["https:\/\/tupique.com\/product\/monture-de-lunettes-unisexe-gant-ga3297-51002\/"]}]},{"@type":"ImageObject","inLanguage":"en-GB","@id":"https:\/\/tupique.com\/product\/monture-de-lunettes-unisexe-gant-ga3297-51002\/#primaryimage","url":"https:\/\/tupique.com\/wp-content\/uploads\/2026\/05\/0889214497864_S72127407_P00.jpg","contentUrl":"https:\/\/tupique.com\/wp-content\/uploads\/2026\/05\/0889214497864_S72127407_P00.jpg","width":1200,"height":1200,"caption":"S72127407_0"},{"@type":"BreadcrumbList","@id":"https:\/\/tupique.com\/product\/monture-de-lunettes-unisexe-gant-ga3297-51002\/#breadcrumb","itemListElement":[{"@type":"ListItem","position":1,"name":"commencer","item":"https:\/\/tupique.com\/"},{"@type":"ListItem","position":2,"name":"Loja","item":"https:\/\/tupique.com\/pt\/loja\/"},{"@type":"ListItem","position":3,"name":"Monture de Lunettes Unisexe Gant GA3297 51002"}]},{"@type":"WebSite","@id":"https:\/\/tupique.com\/#website","url":"https:\/\/tupique.com\/","name":"Tupique","description":"","publisher":{"@id":"https:\/\/tupique.com\/#organization"},"potentialAction":[{"@type":"SearchAction","target":{"@type":"EntryPoint","urlTemplate":"https:\/\/tupique.com\/?s={search_term_string}"},"query-input":{"@type":"PropertyValueSpecification","valueRequired":true,"valueName":"search_term_string"}}],"inLanguage":"en-GB"},{"@type":"Organization","@id":"https:\/\/tupique.com\/#organization","name":"Tupique","url":"https:\/\/tupique.com\/","logo":{"@type":"ImageObject","inLanguage":"en-GB","@id":"https:\/\/tupique.com\/#\/schema\/logo\/image\/","url":"https:\/\/tupique.com\/wp-content\/uploads\/2026\/03\/logo-tupique-1.webp","contentUrl":"https:\/\/tupique.com\/wp-content\/uploads\/2026\/03\/logo-tupique-1.webp","width":500,"height":67,"caption":"Tupique"},"image":{"@id":"https:\/\/tupique.com\/#\/schema\/logo\/image\/"}}]}},"_links":{"self":[{"href":"https:\/\/tupique.com\/en\/wp-json\/wp\/v2\/product\/206335","targetHints":{"allow":["GET"]}}],"collection":[{"href":"https:\/\/tupique.com\/en\/wp-json\/wp\/v2\/product"}],"about":[{"href":"https:\/\/tupique.com\/en\/wp-json\/wp\/v2\/types\/product"}],"replies":[{"embeddable":true,"href":"https:\/\/tupique.com\/en\/wp-json\/wp\/v2\/comments?post=206335"}],"wp:featuredmedia":[{"embeddable":true,"href":"https:\/\/tupique.com\/en\/wp-json\/wp\/v2\/media\/206332"}],"wp:attachment":[{"href":"https:\/\/tupique.com\/en\/wp-json\/wp\/v2\/media?parent=206335"}],"wp:term":[{"taxonomy":"product_brand","embeddable":true,"href":"https:\/\/tupique.com\/en\/wp-json\/wp\/v2\/product_brand?post=206335"},{"taxonomy":"product_cat","embeddable":true,"href":"https:\/\/tupique.com\/en\/wp-json\/wp\/v2\/product_cat?post=206335"},{"taxonomy":"product_tag","embeddable":true,"href":"https:\/\/tupique.com\/en\/wp-json\/wp\/v2\/product_tag?post=206335"},{"taxonomy":"woo-feed-brand","embeddable":true,"href":"https:\/\/tupique.com\/en\/wp-json\/wp\/v2\/woo-feed-brand?post=206335"}],"curies":[{"name":"wp","href":"https:\/\/api.w.org\/{rel}","templated":true}]}}