{"id":206518,"date":"2026-05-14T13:30:06","date_gmt":"2026-05-14T11:30:06","guid":{"rendered":"https:\/\/tupique.com\/product\/monture-de-lunettes-unisexe-andy-wolf-4518-51z\/"},"modified":"2026-05-14T13:30:06","modified_gmt":"2026-05-14T11:30:06","slug":"monture-de-lunettes-unisexe-andy-wolf-4518-51z","status":"publish","type":"product","link":"https:\/\/tupique.com\/en\/product\/monture-de-lunettes-unisexe-andy-wolf-4518-51z\/","title":{"rendered":"Monture de Lunettes Unisexe Andy Wolf 4518 51Z"},"content":{"rendered":"<p>Si vous envisagez de renouveler votre garde-robe, achetez <b>Monture de Lunettes Unisexe Andy Wolf 4518 51Z<\/b> et d\u2019autres<b>produits Andy Wolf<\/b>! La meilleure qualit\u00e9 au meilleur prix est \u00e0 votre port\u00e9e!<\/p>\n<p>The <b>monture de lunettes unisexe<\/b> Andy Wolf 4518 51Z incarne l\u2019\u00e9quilibre parfait entre design contemporain et polyvalence, con\u00e7ue pour ceux qui recherchent des lunettes s\u2019adaptant naturellement \u00e0 tous les styles et occasions. Gr\u00e2ce \u00e0 sa <b>monture unisexe<\/b>, ce mod\u00e8le offre un ajustement confortable aussi bien pour homme que pour femme, garantissant une esth\u00e9tique \u00e9l\u00e9gante et moderne quel que soit le genre. Le format <b>verre sans correction<\/b> permet de personnaliser les verres selon les besoins visuels de chaque utilisateur, facilitant l\u2019int\u00e9gration de verres correcteurs ou solaires, ce qui accro\u00eet sa fonctionnalit\u00e9 et son adaptation \u00e0 diverses pr\u00e9f\u00e9rences ou exigences optiques. La <b>monture de lunettes<\/b> elle-m\u00eame met en avant l\u2019engagement d\u2019Andy Wolf envers des mat\u00e9riaux de haute qualit\u00e9 et des finitions soign\u00e9es, assurant r\u00e9sistance et durabilit\u00e9 pour un usage quotidien tout en conservant le design distinctif de la marque. Propos\u00e9es avec des <b>verres sans correction<\/b> de s\u00e9rie, elles sont id\u00e9ales comme base pour une prescription optique ou pour ceux qui souhaitent un look sophistiqu\u00e9 avec des verres neutres. Ce mod\u00e8le refl\u00e8te l\u2019essence d\u2019Andy Wolf, offrant une solution polyvalente et styl\u00e9e qui s\u2019adapte au rythme de vie urbain et aux go\u00fbts les plus exigeants.<\/p>\n<ul>\n<li>Genre: Unisexe<\/li>\n<li>Caract\u00e9ristiques: Verres sans graduation<\/li>\n<li>Type: Monture de Lunettes<\/li>\n<li>Type de verre: Lentilles sans ordonnance<\/li>\n<\/ul>","protected":false},"excerpt":{"rendered":"<p>Si vous envisagez de renouveler votre garde-robe, achetez Monture de Lunettes Unisexe Andy Wolf 4518 51Z et d\u2019autresproduits Andy Wolf! La meilleure qualit\u00e9 au meilleur prix est \u00e0 votre port\u00e9e! La monture de lunettes unisexe Andy Wolf 4518 51Z incarne l\u2019\u00e9quilibre parfait entre design contemporain et polyvalence, con\u00e7ue pour ceux qui recherchent des lunettes s\u2019adaptant [&hellip;]<\/p>\n","protected":false},"featured_media":206515,"comment_status":"open","ping_status":"closed","template":"","meta":[],"product_brand":[2951],"product_cat":[776,777,752],"product_tag":[542],"woo-feed-brand":[],"class_list":{"0":"post-206518","1":"product","2":"type-product","3":"status-publish","4":"has-post-thumbnail","6":"product_brand-brandp_2982","7":"product_cat-detente-et-bien-etre","8":"product_cat-lunettes-de-lecture-et-lunettes-loupes","9":"product_cat-sante-beaute","10":"product_tag-tag_1274","12":"first","13":"instock","14":"taxable","15":"shipping-taxable","16":"purchasable","17":"product-type-simple"},"yoast_head":"<!-- This site is optimized with the Yoast SEO plugin v27.6 - https:\/\/yoast.com\/product\/yoast-seo-wordpress\/ -->\n<title>Monture de Lunettes Unisexe Andy Wolf 4518 51Z | | Tupique<\/title>\n<meta name=\"description\" content=\"Envie d&#039;acheter Monture de Lunettes Unisexe Andy Wolf 4518 51Z\u00a0? Achetez Monture de Lunettes Unisexe Andy Wolf 4518 51Z maintenant avec Tupique en 3 versements sans int\u00e9r\u00eat.\" \/>\n<meta name=\"robots\" content=\"index, follow, max-snippet:-1, max-image-preview:large, max-video-preview:-1\" \/>\n<link rel=\"canonical\" href=\"https:\/\/tupique.com\/en\/product\/monture-de-lunettes-unisexe-andy-wolf-4518-51z\/\" \/>\n<meta property=\"og:locale\" content=\"en_GB\" \/>\n<meta property=\"og:type\" content=\"article\" \/>\n<meta property=\"og:title\" content=\"Monture de Lunettes Unisexe Andy Wolf 4518 51Z | | Tupique\" \/>\n<meta property=\"og:description\" content=\"Envie d&#039;acheter Monture de Lunettes Unisexe Andy Wolf 4518 51Z\u00a0? Achetez Monture de Lunettes Unisexe Andy Wolf 4518 51Z maintenant avec Tupique en 3 versements sans int\u00e9r\u00eat.\" \/>\n<meta property=\"og:url\" content=\"https:\/\/tupique.com\/en\/product\/monture-de-lunettes-unisexe-andy-wolf-4518-51z\/\" \/>\n<meta property=\"og:site_name\" content=\"Tupique\" \/>\n<meta name=\"twitter:card\" content=\"summary_large_image\" \/>\n<meta name=\"twitter:label1\" content=\"Est. reading time\" \/>\n\t<meta name=\"twitter:data1\" content=\"1 minute\" \/>\n<script type=\"application\/ld+json\" class=\"yoast-schema-graph\">{\"@context\":\"https:\\\/\\\/schema.org\",\"@graph\":[{\"@type\":\"WebPage\",\"@id\":\"https:\\\/\\\/tupique.com\\\/product\\\/monture-de-lunettes-unisexe-andy-wolf-4518-51z\\\/\",\"url\":\"https:\\\/\\\/tupique.com\\\/product\\\/monture-de-lunettes-unisexe-andy-wolf-4518-51z\\\/\",\"name\":\"Monture de Lunettes Unisexe Andy Wolf 4518 51Z | | Tupique\",\"isPartOf\":{\"@id\":\"https:\\\/\\\/tupique.com\\\/#website\"},\"primaryImageOfPage\":{\"@id\":\"https:\\\/\\\/tupique.com\\\/product\\\/monture-de-lunettes-unisexe-andy-wolf-4518-51z\\\/#primaryimage\"},\"image\":{\"@id\":\"https:\\\/\\\/tupique.com\\\/product\\\/monture-de-lunettes-unisexe-andy-wolf-4518-51z\\\/#primaryimage\"},\"thumbnailUrl\":\"https:\\\/\\\/tupique.com\\\/wp-content\\\/uploads\\\/2026\\\/05\\\/9009885049921_S72127292_P00.jpg\",\"datePublished\":\"2026-05-14T11:30:06+00:00\",\"description\":\"Envie d'acheter Monture de Lunettes Unisexe Andy Wolf 4518 51Z\u00a0? Achetez Monture de Lunettes Unisexe Andy Wolf 4518 51Z maintenant avec Tupique en 3 versements sans int\u00e9r\u00eat.\",\"breadcrumb\":{\"@id\":\"https:\\\/\\\/tupique.com\\\/product\\\/monture-de-lunettes-unisexe-andy-wolf-4518-51z\\\/#breadcrumb\"},\"inLanguage\":\"en-GB\",\"potentialAction\":[{\"@type\":\"ReadAction\",\"target\":[\"https:\\\/\\\/tupique.com\\\/product\\\/monture-de-lunettes-unisexe-andy-wolf-4518-51z\\\/\"]}]},{\"@type\":\"ImageObject\",\"inLanguage\":\"en-GB\",\"@id\":\"https:\\\/\\\/tupique.com\\\/product\\\/monture-de-lunettes-unisexe-andy-wolf-4518-51z\\\/#primaryimage\",\"url\":\"https:\\\/\\\/tupique.com\\\/wp-content\\\/uploads\\\/2026\\\/05\\\/9009885049921_S72127292_P00.jpg\",\"contentUrl\":\"https:\\\/\\\/tupique.com\\\/wp-content\\\/uploads\\\/2026\\\/05\\\/9009885049921_S72127292_P00.jpg\",\"width\":1200,\"height\":1200,\"caption\":\"S72127292_0\"},{\"@type\":\"BreadcrumbList\",\"@id\":\"https:\\\/\\\/tupique.com\\\/product\\\/monture-de-lunettes-unisexe-andy-wolf-4518-51z\\\/#breadcrumb\",\"itemListElement\":[{\"@type\":\"ListItem\",\"position\":1,\"name\":\"commencer\",\"item\":\"https:\\\/\\\/tupique.com\\\/\"},{\"@type\":\"ListItem\",\"position\":2,\"name\":\"Loja\",\"item\":\"https:\\\/\\\/tupique.com\\\/pt\\\/loja\\\/\"},{\"@type\":\"ListItem\",\"position\":3,\"name\":\"Monture de Lunettes Unisexe Andy Wolf 4518 51Z\"}]},{\"@type\":\"WebSite\",\"@id\":\"https:\\\/\\\/tupique.com\\\/#website\",\"url\":\"https:\\\/\\\/tupique.com\\\/\",\"name\":\"Tupique\",\"description\":\"\",\"publisher\":{\"@id\":\"https:\\\/\\\/tupique.com\\\/#organization\"},\"potentialAction\":[{\"@type\":\"SearchAction\",\"target\":{\"@type\":\"EntryPoint\",\"urlTemplate\":\"https:\\\/\\\/tupique.com\\\/?s={search_term_string}\"},\"query-input\":{\"@type\":\"PropertyValueSpecification\",\"valueRequired\":true,\"valueName\":\"search_term_string\"}}],\"inLanguage\":\"en-GB\"},{\"@type\":\"Organization\",\"@id\":\"https:\\\/\\\/tupique.com\\\/#organization\",\"name\":\"Tupique\",\"url\":\"https:\\\/\\\/tupique.com\\\/\",\"logo\":{\"@type\":\"ImageObject\",\"inLanguage\":\"en-GB\",\"@id\":\"https:\\\/\\\/tupique.com\\\/#\\\/schema\\\/logo\\\/image\\\/\",\"url\":\"https:\\\/\\\/tupique.com\\\/wp-content\\\/uploads\\\/2026\\\/03\\\/logo-tupique-1.webp\",\"contentUrl\":\"https:\\\/\\\/tupique.com\\\/wp-content\\\/uploads\\\/2026\\\/03\\\/logo-tupique-1.webp\",\"width\":500,\"height\":67,\"caption\":\"Tupique\"},\"image\":{\"@id\":\"https:\\\/\\\/tupique.com\\\/#\\\/schema\\\/logo\\\/image\\\/\"}}]}<\/script>\n<!-- \/ Yoast SEO plugin. -->","yoast_head_json":{"title":"Monture de Lunettes Unisexe Andy Wolf 4518 51Z | | Tupique","description":"Envie d'acheter Monture de Lunettes Unisexe Andy Wolf 4518 51Z\u00a0? Achetez Monture de Lunettes Unisexe Andy Wolf 4518 51Z maintenant avec Tupique en 3 versements sans int\u00e9r\u00eat.","robots":{"index":"index","follow":"follow","max-snippet":"max-snippet:-1","max-image-preview":"max-image-preview:large","max-video-preview":"max-video-preview:-1"},"canonical":"https:\/\/tupique.com\/en\/product\/monture-de-lunettes-unisexe-andy-wolf-4518-51z\/","og_locale":"en_GB","og_type":"article","og_title":"Monture de Lunettes Unisexe Andy Wolf 4518 51Z | | Tupique","og_description":"Envie d'acheter Monture de Lunettes Unisexe Andy Wolf 4518 51Z\u00a0? Achetez Monture de Lunettes Unisexe Andy Wolf 4518 51Z maintenant avec Tupique en 3 versements sans int\u00e9r\u00eat.","og_url":"https:\/\/tupique.com\/en\/product\/monture-de-lunettes-unisexe-andy-wolf-4518-51z\/","og_site_name":"Tupique","twitter_card":"summary_large_image","twitter_misc":{"Est. reading time":"1 minute"},"schema":{"@context":"https:\/\/schema.org","@graph":[{"@type":"WebPage","@id":"https:\/\/tupique.com\/product\/monture-de-lunettes-unisexe-andy-wolf-4518-51z\/","url":"https:\/\/tupique.com\/product\/monture-de-lunettes-unisexe-andy-wolf-4518-51z\/","name":"Monture de Lunettes Unisexe Andy Wolf 4518 51Z | | Tupique","isPartOf":{"@id":"https:\/\/tupique.com\/#website"},"primaryImageOfPage":{"@id":"https:\/\/tupique.com\/product\/monture-de-lunettes-unisexe-andy-wolf-4518-51z\/#primaryimage"},"image":{"@id":"https:\/\/tupique.com\/product\/monture-de-lunettes-unisexe-andy-wolf-4518-51z\/#primaryimage"},"thumbnailUrl":"https:\/\/tupique.com\/wp-content\/uploads\/2026\/05\/9009885049921_S72127292_P00.jpg","datePublished":"2026-05-14T11:30:06+00:00","description":"Envie d'acheter Monture de Lunettes Unisexe Andy Wolf 4518 51Z\u00a0? Achetez Monture de Lunettes Unisexe Andy Wolf 4518 51Z maintenant avec Tupique en 3 versements sans int\u00e9r\u00eat.","breadcrumb":{"@id":"https:\/\/tupique.com\/product\/monture-de-lunettes-unisexe-andy-wolf-4518-51z\/#breadcrumb"},"inLanguage":"en-GB","potentialAction":[{"@type":"ReadAction","target":["https:\/\/tupique.com\/product\/monture-de-lunettes-unisexe-andy-wolf-4518-51z\/"]}]},{"@type":"ImageObject","inLanguage":"en-GB","@id":"https:\/\/tupique.com\/product\/monture-de-lunettes-unisexe-andy-wolf-4518-51z\/#primaryimage","url":"https:\/\/tupique.com\/wp-content\/uploads\/2026\/05\/9009885049921_S72127292_P00.jpg","contentUrl":"https:\/\/tupique.com\/wp-content\/uploads\/2026\/05\/9009885049921_S72127292_P00.jpg","width":1200,"height":1200,"caption":"S72127292_0"},{"@type":"BreadcrumbList","@id":"https:\/\/tupique.com\/product\/monture-de-lunettes-unisexe-andy-wolf-4518-51z\/#breadcrumb","itemListElement":[{"@type":"ListItem","position":1,"name":"commencer","item":"https:\/\/tupique.com\/"},{"@type":"ListItem","position":2,"name":"Loja","item":"https:\/\/tupique.com\/pt\/loja\/"},{"@type":"ListItem","position":3,"name":"Monture de Lunettes Unisexe Andy Wolf 4518 51Z"}]},{"@type":"WebSite","@id":"https:\/\/tupique.com\/#website","url":"https:\/\/tupique.com\/","name":"Tupique","description":"","publisher":{"@id":"https:\/\/tupique.com\/#organization"},"potentialAction":[{"@type":"SearchAction","target":{"@type":"EntryPoint","urlTemplate":"https:\/\/tupique.com\/?s={search_term_string}"},"query-input":{"@type":"PropertyValueSpecification","valueRequired":true,"valueName":"search_term_string"}}],"inLanguage":"en-GB"},{"@type":"Organization","@id":"https:\/\/tupique.com\/#organization","name":"Tupique","url":"https:\/\/tupique.com\/","logo":{"@type":"ImageObject","inLanguage":"en-GB","@id":"https:\/\/tupique.com\/#\/schema\/logo\/image\/","url":"https:\/\/tupique.com\/wp-content\/uploads\/2026\/03\/logo-tupique-1.webp","contentUrl":"https:\/\/tupique.com\/wp-content\/uploads\/2026\/03\/logo-tupique-1.webp","width":500,"height":67,"caption":"Tupique"},"image":{"@id":"https:\/\/tupique.com\/#\/schema\/logo\/image\/"}}]}},"_links":{"self":[{"href":"https:\/\/tupique.com\/en\/wp-json\/wp\/v2\/product\/206518","targetHints":{"allow":["GET"]}}],"collection":[{"href":"https:\/\/tupique.com\/en\/wp-json\/wp\/v2\/product"}],"about":[{"href":"https:\/\/tupique.com\/en\/wp-json\/wp\/v2\/types\/product"}],"replies":[{"embeddable":true,"href":"https:\/\/tupique.com\/en\/wp-json\/wp\/v2\/comments?post=206518"}],"wp:featuredmedia":[{"embeddable":true,"href":"https:\/\/tupique.com\/en\/wp-json\/wp\/v2\/media\/206515"}],"wp:attachment":[{"href":"https:\/\/tupique.com\/en\/wp-json\/wp\/v2\/media?parent=206518"}],"wp:term":[{"taxonomy":"product_brand","embeddable":true,"href":"https:\/\/tupique.com\/en\/wp-json\/wp\/v2\/product_brand?post=206518"},{"taxonomy":"product_cat","embeddable":true,"href":"https:\/\/tupique.com\/en\/wp-json\/wp\/v2\/product_cat?post=206518"},{"taxonomy":"product_tag","embeddable":true,"href":"https:\/\/tupique.com\/en\/wp-json\/wp\/v2\/product_tag?post=206518"},{"taxonomy":"woo-feed-brand","embeddable":true,"href":"https:\/\/tupique.com\/en\/wp-json\/wp\/v2\/woo-feed-brand?post=206518"}],"curies":[{"name":"wp","href":"https:\/\/api.w.org\/{rel}","templated":true}]}}