{"id":207635,"date":"2026-05-14T14:56:58","date_gmt":"2026-05-14T12:56:58","guid":{"rendered":"https:\/\/tupique.com\/product\/etendoir-electrique-pliable-avec-ailes-ecran-tactile-minuterie-et-controle-de-la-temperature-warmmat-innovagoods-230-w-20-barr\/"},"modified":"2026-05-14T14:56:58","modified_gmt":"2026-05-14T12:56:58","slug":"etendoir-electrique-pliable-avec-ailes-ecran-tactile-minuterie-et-controle-de-la-temperature-warmmat-innovagoods-230-w-20-barr","status":"publish","type":"product","link":"https:\/\/tupique.com\/en\/product\/etendoir-electrique-pliable-avec-ailes-ecran-tactile-minuterie-et-controle-de-la-temperature-warmmat-innovagoods-230-w-20-barr\/","title":{"rendered":"\u00c9tendoir \u00e9lectrique pliable avec ailes, \u00e9cran tactile, minuterie et contr\u00f4le de la temp\u00e9rature Warmmat InnovaGoods 230 W 20 Barr"},"content":{"rendered":"<div class=\"col-md-6\"><b>InnovaGoods<\/b> vous offre les meilleures nouveaut\u00e9s pour la maison, comme <b>\u00c9tendoir \u00e9lectrique pliable avec ailes, \u00e9cran tactile, minuterie et contr\u00f4le de la temp\u00e9rature Warmmat InnovaGoods 230 W 20 Barres <\/b> ! D\u00e9couvrez une vaste gamme de produits de qualit\u00e9 qui se d\u00e9marquent de par leur fonctionnalit\u00e9, leur efficacit\u00e9 et leur design innovant : \u00e9clairage, organisation, d\u00e9coration, climatisation, jardin, animaux domestiques, nettoyage, etc.<\/p>\n<p><p>Ce <b>s\u00e9choir \u00e9lectrique pliable avec ailes<\/b> acc\u00e9l\u00e8re le s\u00e9chage du linge gr\u00e2ce \u00e0 ses 20 barres chauffantes. Id\u00e9al en hiver, par temps de pluie ou d\u2019humidit\u00e9.<\/p>\n<p>Un <b>s\u00e9choir portable<\/b> moderne \u00e9quip\u00e9 d\u2019un \u00e9cran digital avec panneau de commande tactile, temp\u00e9rature r\u00e9glable (6 niveaux : 35-60 \u00baC) et minuterie (12 h). L\u00e9ger, r\u00e9sistant et stable, avec structure en aluminium et design en forme de X. Supporte jusqu\u2019\u00e0 15 kg. Puissance : 230 W.<\/p>\n<ul>\n<li><b>Design pliable, \u00e9lectrique<\/b> : notre s\u00e9choir \u00e9lectrique pliable est l\u00e9ger, solide et s\u00fbr. Sa structure en aluminium et son design crois\u00e9 en X lui assurent stabilit\u00e9 et maintien. Se plie facilement, prenant peu de place pour le rangement. Peut se placer derri\u00e8re une porte, dans un placard, etc.<\/li>\n<li><b>20 barres, 2 ailes lat\u00e9rales pliables<\/b> : ce s\u00e9choir dispose de 8 barres centrales et 12 lat\u00e9rales (6 par aile) pour augmenter la surface de s\u00e9chage. Ses 20 barres chauffantes s\u00e8chent rapidement le linge, m\u00eame en hiver. Sa hauteur sup\u00e9rieure \u00e0 1 m facilite son usage. Convient \u00e0 tous types de v\u00eatements. Supporte jusqu\u2019\u00e0 15 kg de linge.<\/li>\n<li><b>6 niveaux de temp\u00e9rature, s\u00e9chage rapide<\/b> : notre s\u00e9choir portable acc\u00e9l\u00e8re le s\u00e9chage sans ab\u00eemer les v\u00eatements. Il dispose d\u2019un panneau tactile (on\/off, temp\u00e9rature, temps) avec \u00e9cran digital. Permet de choisir la dur\u00e9e et la temp\u00e9rature de s\u00e9chage. Temp\u00e9rature r\u00e9glable : 35-60 \u00baC. Puissance : 230 W (faible consommation).<\/li>\n<li><b>Minuterie, arr\u00eat automatique<\/b> : ce s\u00e9choir d\u2019int\u00e9rieur moderne est \u00e9quip\u00e9 d\u2019une minuterie pour r\u00e9gler la dur\u00e9e de s\u00e9chage (jusqu\u2019\u00e0 12 h). \u00c0 la fin du temps choisi, l\u2019appareil s\u2019\u00e9teint automatiquement.<\/li>\n<li><b>Portable, usage int\u00e9rieur<\/b> : ce s\u00e9choir pliable est maniable et s\u2019adapte \u00e0 tout espace. Gr\u00e2ce \u00e0 son design portable, il se transporte facilement dans toute la maison. Id\u00e9al pour l\u2019int\u00e9rieur.<\/li>\n<\/ul>\n<ul>\n<li>Mati\u00e8re:\n<ul>\n<li>Aluminium<\/li>\n<li>ABS<\/li>\n<li>polypropyl\u00e8ne<\/li>\n<\/ul>\n<\/li>\n<li>Couleur: Gris<\/li>\n<li>Type: \u00c9tendoir \u00e0 Linge \u00c9lectrique Pliable<\/li>\n<li>Capacit\u00e9: 20 Barres<\/li>\n<li>Features:\n<ul>\n<li>Ecran tactile<\/li>\n<li>S\u00e9chage rapide<\/li>\n<li>Ailes lat\u00e9rales repliables<\/li>\n<\/ul>\n<\/li>\n<li>Temp\u00e9rature r\u00e9glable: 35-60 \u00baC<\/li>\n<li>Minuterie: Jusqu&#8217;\u00e0 12 h<\/li>\n<li>Poids Max. support\u00e9: 15 kg<\/li>\n<li>Utilisation recommand\u00e9e: Usage en int\u00e9rieur<\/li>\n<li>Type de prise: F<\/li>\n<li>Longueur du c\u00e2ble: 140 cm<\/li>\n<li>puissance: 230 W<\/li>\n<li>AC In: 220-240 V \/ 50 Hz<\/li>\n<li>Dimensions approx.: 148 x 112 x 54 cm<\/li>\n<\/ul>\n<p>Packaging et manuel en 24 langues: anglais, fran\u00e7ais, espagnol, allemand, italien, portugais, n\u00e9erlandais, polonais, hongrois, roumain, danois, su\u00e9dois, finnois, lituanien, norv\u00e9gien, slov\u00e8ne, grec, tch\u00e8que, bulgare, croate, slovaque, estonien, russe, letton. <\/p>\n<p> AVERTISSEMENTS: Avant de brancher ou de toucher une partie \u00e9lectrique, assurez-vous que vos mains sont s\u00e8ches et ne plongez jamais l&#8217;appareil ni ses connexions dans l&#8217;eau ; gardez \u00e0 l&#8217;esprit que les barres chauffent pendant l&#8217;utilisation (manipulez-les avec des gants ou attendez qu&#8217;elles refroidissent), ne d\u00e9passez pas la charge maximale et emp\u00eachez les enfants de monter, jouer ou se suspendre au s\u00e9choir..<\/p><\/div>\n<div class=\"col-md-6\">\n<div class=\"embed-responsive embed-responsive-16by9\"><\/div>\n<\/div>","protected":false},"excerpt":{"rendered":"<p>InnovaGoods vous offre les meilleures nouveaut\u00e9s pour la maison, comme \u00c9tendoir \u00e9lectrique pliable avec ailes, \u00e9cran tactile, minuterie et contr\u00f4le de la temp\u00e9rature Warmmat InnovaGoods 230 W 20 Barres ! D\u00e9couvrez une vaste gamme de produits de qualit\u00e9 qui se d\u00e9marquent de par leur fonctionnalit\u00e9, leur efficacit\u00e9 et leur design innovant : \u00e9clairage, organisation, d\u00e9coration, [&hellip;]<\/p>\n","protected":false},"featured_media":207624,"comment_status":"open","ping_status":"closed","template":"","meta":[],"product_brand":[256],"product_cat":[63,64,1797,239,242,1796],"product_tag":[208,56,210],"woo-feed-brand":[],"class_list":{"0":"post-207635","1":"product","2":"type-product","3":"status-publish","4":"has-post-thumbnail","6":"product_brand-brandp_1281","7":"product_cat-cadeaux-originaux","8":"product_cat-cadeaux-pour-la-maison","9":"product_cat-idees-pour-la-maison","10":"product_cat-maison-jardin","11":"product_cat-organiseurs","12":"product_cat-teleachat-vu-a-la-television","13":"product_tag-tag_587","14":"product_tag-tag_930","15":"product_tag-tag_25","17":"first","18":"instock","19":"taxable","20":"shipping-taxable","21":"purchasable","22":"product-type-simple"},"yoast_head":"<!-- This site is optimized with the Yoast SEO plugin v27.6 - https:\/\/yoast.com\/product\/yoast-seo-wordpress\/ -->\n<title>\u00c9tendoir \u00e9lectrique pliable avec ailes, \u00e9cran tactile, minuterie et contr\u00f4le de la temp\u00e9rature Warmmat InnovaGoods 230 W 20 Barr | | Tupique<\/title>\n<meta name=\"description\" content=\"Envie d&#039;acheter \u00c9tendoir \u00e9lectrique pliable avec ailes, \u00e9cran tactile, minuterie et contr\u00f4le de la temp\u00e9rature Warmmat InnovaGoods 230 W 20 Barr\u00a0? Achetez \u00c9tendoir \u00e9lectrique pliable avec ailes, \u00e9cran tactile, minuterie et contr\u00f4le de la temp\u00e9rature Warmmat InnovaGoods 230 W 20 Barr maintenant avec Tupique en 3 versements sans int\u00e9r\u00eat.\" \/>\n<meta name=\"robots\" content=\"index, follow, max-snippet:-1, max-image-preview:large, max-video-preview:-1\" \/>\n<link rel=\"canonical\" href=\"https:\/\/tupique.com\/en\/product\/etendoir-electrique-pliable-avec-ailes-ecran-tactile-minuterie-et-controle-de-la-temperature-warmmat-innovagoods-230-w-20-barr\/\" \/>\n<meta property=\"og:locale\" content=\"en_GB\" \/>\n<meta property=\"og:type\" content=\"article\" \/>\n<meta property=\"og:title\" content=\"\u00c9tendoir \u00e9lectrique pliable avec ailes, \u00e9cran tactile, minuterie et contr\u00f4le de la temp\u00e9rature Warmmat InnovaGoods 230 W 20 Barr | | Tupique\" \/>\n<meta property=\"og:description\" content=\"Envie d&#039;acheter \u00c9tendoir \u00e9lectrique pliable avec ailes, \u00e9cran tactile, minuterie et contr\u00f4le de la temp\u00e9rature Warmmat InnovaGoods 230 W 20 Barr\u00a0? Achetez \u00c9tendoir \u00e9lectrique pliable avec ailes, \u00e9cran tactile, minuterie et contr\u00f4le de la temp\u00e9rature Warmmat InnovaGoods 230 W 20 Barr maintenant avec Tupique en 3 versements sans int\u00e9r\u00eat.\" \/>\n<meta property=\"og:url\" content=\"https:\/\/tupique.com\/en\/product\/etendoir-electrique-pliable-avec-ailes-ecran-tactile-minuterie-et-controle-de-la-temperature-warmmat-innovagoods-230-w-20-barr\/\" \/>\n<meta property=\"og:site_name\" content=\"Tupique\" \/>\n<meta name=\"twitter:card\" content=\"summary_large_image\" \/>\n<meta name=\"twitter:label1\" content=\"Est. reading time\" \/>\n\t<meta name=\"twitter:data1\" content=\"3 minutes\" \/>\n<script type=\"application\/ld+json\" class=\"yoast-schema-graph\">{\"@context\":\"https:\\\/\\\/schema.org\",\"@graph\":[{\"@type\":\"WebPage\",\"@id\":\"https:\\\/\\\/tupique.com\\\/product\\\/etendoir-electrique-pliable-avec-ailes-ecran-tactile-minuterie-et-controle-de-la-temperature-warmmat-innovagoods-230-w-20-barr\\\/\",\"url\":\"https:\\\/\\\/tupique.com\\\/product\\\/etendoir-electrique-pliable-avec-ailes-ecran-tactile-minuterie-et-controle-de-la-temperature-warmmat-innovagoods-230-w-20-barr\\\/\",\"name\":\"\u00c9tendoir \u00e9lectrique pliable avec ailes, \u00e9cran tactile, minuterie et contr\u00f4le de la temp\u00e9rature Warmmat InnovaGoods 230 W 20 Barr | | Tupique\",\"isPartOf\":{\"@id\":\"https:\\\/\\\/tupique.com\\\/#website\"},\"primaryImageOfPage\":{\"@id\":\"https:\\\/\\\/tupique.com\\\/product\\\/etendoir-electrique-pliable-avec-ailes-ecran-tactile-minuterie-et-controle-de-la-temperature-warmmat-innovagoods-230-w-20-barr\\\/#primaryimage\"},\"image\":{\"@id\":\"https:\\\/\\\/tupique.com\\\/product\\\/etendoir-electrique-pliable-avec-ailes-ecran-tactile-minuterie-et-controle-de-la-temperature-warmmat-innovagoods-230-w-20-barr\\\/#primaryimage\"},\"thumbnailUrl\":\"https:\\\/\\\/tupique.com\\\/wp-content\\\/uploads\\\/2026\\\/05\\\/v0104004_002_mkt1.jpg\",\"datePublished\":\"2026-05-14T12:56:58+00:00\",\"description\":\"Envie d'acheter \u00c9tendoir \u00e9lectrique pliable avec ailes, \u00e9cran tactile, minuterie et contr\u00f4le de la temp\u00e9rature Warmmat InnovaGoods 230 W 20 Barr\u00a0? Achetez \u00c9tendoir \u00e9lectrique pliable avec ailes, \u00e9cran tactile, minuterie et contr\u00f4le de la temp\u00e9rature Warmmat InnovaGoods 230 W 20 Barr maintenant avec Tupique en 3 versements sans int\u00e9r\u00eat.\",\"breadcrumb\":{\"@id\":\"https:\\\/\\\/tupique.com\\\/product\\\/etendoir-electrique-pliable-avec-ailes-ecran-tactile-minuterie-et-controle-de-la-temperature-warmmat-innovagoods-230-w-20-barr\\\/#breadcrumb\"},\"inLanguage\":\"en-GB\",\"potentialAction\":[{\"@type\":\"ReadAction\",\"target\":[\"https:\\\/\\\/tupique.com\\\/product\\\/etendoir-electrique-pliable-avec-ailes-ecran-tactile-minuterie-et-controle-de-la-temperature-warmmat-innovagoods-230-w-20-barr\\\/\"]}]},{\"@type\":\"ImageObject\",\"inLanguage\":\"en-GB\",\"@id\":\"https:\\\/\\\/tupique.com\\\/product\\\/etendoir-electrique-pliable-avec-ailes-ecran-tactile-minuterie-et-controle-de-la-temperature-warmmat-innovagoods-230-w-20-barr\\\/#primaryimage\",\"url\":\"https:\\\/\\\/tupique.com\\\/wp-content\\\/uploads\\\/2026\\\/05\\\/v0104004_002_mkt1.jpg\",\"contentUrl\":\"https:\\\/\\\/tupique.com\\\/wp-content\\\/uploads\\\/2026\\\/05\\\/v0104004_002_mkt1.jpg\",\"width\":1200,\"height\":1200,\"caption\":\"V0104004_0\"},{\"@type\":\"BreadcrumbList\",\"@id\":\"https:\\\/\\\/tupique.com\\\/product\\\/etendoir-electrique-pliable-avec-ailes-ecran-tactile-minuterie-et-controle-de-la-temperature-warmmat-innovagoods-230-w-20-barr\\\/#breadcrumb\",\"itemListElement\":[{\"@type\":\"ListItem\",\"position\":1,\"name\":\"commencer\",\"item\":\"https:\\\/\\\/tupique.com\\\/\"},{\"@type\":\"ListItem\",\"position\":2,\"name\":\"Loja\",\"item\":\"https:\\\/\\\/tupique.com\\\/pt\\\/loja\\\/\"},{\"@type\":\"ListItem\",\"position\":3,\"name\":\"\u00c9tendoir \u00e9lectrique pliable avec ailes, \u00e9cran tactile, minuterie et contr\u00f4le de la temp\u00e9rature Warmmat InnovaGoods 230 W 20 Barr\"}]},{\"@type\":\"WebSite\",\"@id\":\"https:\\\/\\\/tupique.com\\\/#website\",\"url\":\"https:\\\/\\\/tupique.com\\\/\",\"name\":\"Tupique\",\"description\":\"\",\"publisher\":{\"@id\":\"https:\\\/\\\/tupique.com\\\/#organization\"},\"potentialAction\":[{\"@type\":\"SearchAction\",\"target\":{\"@type\":\"EntryPoint\",\"urlTemplate\":\"https:\\\/\\\/tupique.com\\\/?s={search_term_string}\"},\"query-input\":{\"@type\":\"PropertyValueSpecification\",\"valueRequired\":true,\"valueName\":\"search_term_string\"}}],\"inLanguage\":\"en-GB\"},{\"@type\":\"Organization\",\"@id\":\"https:\\\/\\\/tupique.com\\\/#organization\",\"name\":\"Tupique\",\"url\":\"https:\\\/\\\/tupique.com\\\/\",\"logo\":{\"@type\":\"ImageObject\",\"inLanguage\":\"en-GB\",\"@id\":\"https:\\\/\\\/tupique.com\\\/#\\\/schema\\\/logo\\\/image\\\/\",\"url\":\"https:\\\/\\\/tupique.com\\\/wp-content\\\/uploads\\\/2026\\\/03\\\/logo-tupique-1.webp\",\"contentUrl\":\"https:\\\/\\\/tupique.com\\\/wp-content\\\/uploads\\\/2026\\\/03\\\/logo-tupique-1.webp\",\"width\":500,\"height\":67,\"caption\":\"Tupique\"},\"image\":{\"@id\":\"https:\\\/\\\/tupique.com\\\/#\\\/schema\\\/logo\\\/image\\\/\"}}]}<\/script>\n<!-- \/ Yoast SEO plugin. -->","yoast_head_json":{"title":"\u00c9tendoir \u00e9lectrique pliable avec ailes, \u00e9cran tactile, minuterie et contr\u00f4le de la temp\u00e9rature Warmmat InnovaGoods 230 W 20 Barr | | Tupique","description":"Envie d'acheter \u00c9tendoir \u00e9lectrique pliable avec ailes, \u00e9cran tactile, minuterie et contr\u00f4le de la temp\u00e9rature Warmmat InnovaGoods 230 W 20 Barr\u00a0? Achetez \u00c9tendoir \u00e9lectrique pliable avec ailes, \u00e9cran tactile, minuterie et contr\u00f4le de la temp\u00e9rature Warmmat InnovaGoods 230 W 20 Barr maintenant avec Tupique en 3 versements sans int\u00e9r\u00eat.","robots":{"index":"index","follow":"follow","max-snippet":"max-snippet:-1","max-image-preview":"max-image-preview:large","max-video-preview":"max-video-preview:-1"},"canonical":"https:\/\/tupique.com\/en\/product\/etendoir-electrique-pliable-avec-ailes-ecran-tactile-minuterie-et-controle-de-la-temperature-warmmat-innovagoods-230-w-20-barr\/","og_locale":"en_GB","og_type":"article","og_title":"\u00c9tendoir \u00e9lectrique pliable avec ailes, \u00e9cran tactile, minuterie et contr\u00f4le de la temp\u00e9rature Warmmat InnovaGoods 230 W 20 Barr | | Tupique","og_description":"Envie d'acheter \u00c9tendoir \u00e9lectrique pliable avec ailes, \u00e9cran tactile, minuterie et contr\u00f4le de la temp\u00e9rature Warmmat InnovaGoods 230 W 20 Barr\u00a0? Achetez \u00c9tendoir \u00e9lectrique pliable avec ailes, \u00e9cran tactile, minuterie et contr\u00f4le de la temp\u00e9rature Warmmat InnovaGoods 230 W 20 Barr maintenant avec Tupique en 3 versements sans int\u00e9r\u00eat.","og_url":"https:\/\/tupique.com\/en\/product\/etendoir-electrique-pliable-avec-ailes-ecran-tactile-minuterie-et-controle-de-la-temperature-warmmat-innovagoods-230-w-20-barr\/","og_site_name":"Tupique","twitter_card":"summary_large_image","twitter_misc":{"Est. reading time":"3 minutes"},"schema":{"@context":"https:\/\/schema.org","@graph":[{"@type":"WebPage","@id":"https:\/\/tupique.com\/product\/etendoir-electrique-pliable-avec-ailes-ecran-tactile-minuterie-et-controle-de-la-temperature-warmmat-innovagoods-230-w-20-barr\/","url":"https:\/\/tupique.com\/product\/etendoir-electrique-pliable-avec-ailes-ecran-tactile-minuterie-et-controle-de-la-temperature-warmmat-innovagoods-230-w-20-barr\/","name":"\u00c9tendoir \u00e9lectrique pliable avec ailes, \u00e9cran tactile, minuterie et contr\u00f4le de la temp\u00e9rature Warmmat InnovaGoods 230 W 20 Barr | | Tupique","isPartOf":{"@id":"https:\/\/tupique.com\/#website"},"primaryImageOfPage":{"@id":"https:\/\/tupique.com\/product\/etendoir-electrique-pliable-avec-ailes-ecran-tactile-minuterie-et-controle-de-la-temperature-warmmat-innovagoods-230-w-20-barr\/#primaryimage"},"image":{"@id":"https:\/\/tupique.com\/product\/etendoir-electrique-pliable-avec-ailes-ecran-tactile-minuterie-et-controle-de-la-temperature-warmmat-innovagoods-230-w-20-barr\/#primaryimage"},"thumbnailUrl":"https:\/\/tupique.com\/wp-content\/uploads\/2026\/05\/v0104004_002_mkt1.jpg","datePublished":"2026-05-14T12:56:58+00:00","description":"Envie d'acheter \u00c9tendoir \u00e9lectrique pliable avec ailes, \u00e9cran tactile, minuterie et contr\u00f4le de la temp\u00e9rature Warmmat InnovaGoods 230 W 20 Barr\u00a0? Achetez \u00c9tendoir \u00e9lectrique pliable avec ailes, \u00e9cran tactile, minuterie et contr\u00f4le de la temp\u00e9rature Warmmat InnovaGoods 230 W 20 Barr maintenant avec Tupique en 3 versements sans int\u00e9r\u00eat.","breadcrumb":{"@id":"https:\/\/tupique.com\/product\/etendoir-electrique-pliable-avec-ailes-ecran-tactile-minuterie-et-controle-de-la-temperature-warmmat-innovagoods-230-w-20-barr\/#breadcrumb"},"inLanguage":"en-GB","potentialAction":[{"@type":"ReadAction","target":["https:\/\/tupique.com\/product\/etendoir-electrique-pliable-avec-ailes-ecran-tactile-minuterie-et-controle-de-la-temperature-warmmat-innovagoods-230-w-20-barr\/"]}]},{"@type":"ImageObject","inLanguage":"en-GB","@id":"https:\/\/tupique.com\/product\/etendoir-electrique-pliable-avec-ailes-ecran-tactile-minuterie-et-controle-de-la-temperature-warmmat-innovagoods-230-w-20-barr\/#primaryimage","url":"https:\/\/tupique.com\/wp-content\/uploads\/2026\/05\/v0104004_002_mkt1.jpg","contentUrl":"https:\/\/tupique.com\/wp-content\/uploads\/2026\/05\/v0104004_002_mkt1.jpg","width":1200,"height":1200,"caption":"V0104004_0"},{"@type":"BreadcrumbList","@id":"https:\/\/tupique.com\/product\/etendoir-electrique-pliable-avec-ailes-ecran-tactile-minuterie-et-controle-de-la-temperature-warmmat-innovagoods-230-w-20-barr\/#breadcrumb","itemListElement":[{"@type":"ListItem","position":1,"name":"commencer","item":"https:\/\/tupique.com\/"},{"@type":"ListItem","position":2,"name":"Loja","item":"https:\/\/tupique.com\/pt\/loja\/"},{"@type":"ListItem","position":3,"name":"\u00c9tendoir \u00e9lectrique pliable avec ailes, \u00e9cran tactile, minuterie et contr\u00f4le de la temp\u00e9rature Warmmat InnovaGoods 230 W 20 Barr"}]},{"@type":"WebSite","@id":"https:\/\/tupique.com\/#website","url":"https:\/\/tupique.com\/","name":"Tupique","description":"","publisher":{"@id":"https:\/\/tupique.com\/#organization"},"potentialAction":[{"@type":"SearchAction","target":{"@type":"EntryPoint","urlTemplate":"https:\/\/tupique.com\/?s={search_term_string}"},"query-input":{"@type":"PropertyValueSpecification","valueRequired":true,"valueName":"search_term_string"}}],"inLanguage":"en-GB"},{"@type":"Organization","@id":"https:\/\/tupique.com\/#organization","name":"Tupique","url":"https:\/\/tupique.com\/","logo":{"@type":"ImageObject","inLanguage":"en-GB","@id":"https:\/\/tupique.com\/#\/schema\/logo\/image\/","url":"https:\/\/tupique.com\/wp-content\/uploads\/2026\/03\/logo-tupique-1.webp","contentUrl":"https:\/\/tupique.com\/wp-content\/uploads\/2026\/03\/logo-tupique-1.webp","width":500,"height":67,"caption":"Tupique"},"image":{"@id":"https:\/\/tupique.com\/#\/schema\/logo\/image\/"}}]}},"_links":{"self":[{"href":"https:\/\/tupique.com\/en\/wp-json\/wp\/v2\/product\/207635","targetHints":{"allow":["GET"]}}],"collection":[{"href":"https:\/\/tupique.com\/en\/wp-json\/wp\/v2\/product"}],"about":[{"href":"https:\/\/tupique.com\/en\/wp-json\/wp\/v2\/types\/product"}],"replies":[{"embeddable":true,"href":"https:\/\/tupique.com\/en\/wp-json\/wp\/v2\/comments?post=207635"}],"wp:featuredmedia":[{"embeddable":true,"href":"https:\/\/tupique.com\/en\/wp-json\/wp\/v2\/media\/207624"}],"wp:attachment":[{"href":"https:\/\/tupique.com\/en\/wp-json\/wp\/v2\/media?parent=207635"}],"wp:term":[{"taxonomy":"product_brand","embeddable":true,"href":"https:\/\/tupique.com\/en\/wp-json\/wp\/v2\/product_brand?post=207635"},{"taxonomy":"product_cat","embeddable":true,"href":"https:\/\/tupique.com\/en\/wp-json\/wp\/v2\/product_cat?post=207635"},{"taxonomy":"product_tag","embeddable":true,"href":"https:\/\/tupique.com\/en\/wp-json\/wp\/v2\/product_tag?post=207635"},{"taxonomy":"woo-feed-brand","embeddable":true,"href":"https:\/\/tupique.com\/en\/wp-json\/wp\/v2\/woo-feed-brand?post=207635"}],"curies":[{"name":"wp","href":"https:\/\/api.w.org\/{rel}","templated":true}]}}