{"id":208532,"date":"2026-05-14T16:14:04","date_gmt":"2026-05-14T14:14:04","guid":{"rendered":"https:\/\/tupique.com\/product\/pedalier-statique-pour-bras-et-jambes-avec-tapis-velora-2100-innovagoods\/"},"modified":"2026-05-14T16:24:11","modified_gmt":"2026-05-14T14:24:11","slug":"pedalier-statique-pour-bras-et-jambes-avec-tapis-velora-2100-innovagoods","status":"publish","type":"product","link":"https:\/\/tupique.com\/en\/product\/pedalier-statique-pour-bras-et-jambes-avec-tapis-velora-2100-innovagoods\/","title":{"rendered":"P\u00e9dalier statique pour bras et jambes avec tapis Velora 2100 InnovaGoods"},"content":{"rendered":"<div class=\"col-md-6\">Retrouvez la forme avec <b>InnovaGoods<\/b> gr\u00e2ce \u00e0 ses nouveaut\u00e9s en mati\u00e8re de sport et de fitness, comme <b>P\u00e9dalier statique pour bras et jambes avec tapis Velora 2100 InnovaGoods <\/b>! D\u00e9couvrez une vaste gamme de produits de qualit\u00e9 qui se d\u00e9marquent de par leur fonctionnalit\u00e9, leur efficacit\u00e9 et leur design innovant. Parfaits pour am\u00e9liorer votre silhouette et votre forme physique !<\/p>\n<p><p>Ce <b>p\u00e9dalier statique avec tapis antid\u00e9rapant<\/b> permet d\u2019exercer bras et jambes confortablement \u00e0 domicile pour garder une bonne forme physique.<\/p>\n<p>Un <b>p\u00e9dalier pour bras et jambes avec compteur digital LCD double<\/b> id\u00e9al pour que les personnes \u00e2g\u00e9es puissent faire de l\u2019exercice sans effort. Il dispose d\u2019un r\u00e9gulateur d\u2019intensit\u00e9 pour ajuster la r\u00e9sistance du p\u00e9dalage et d\u2019un tapis antid\u00e9rapant. Poids max support\u00e9 : 100 kg.<\/p>\n<ul>\n<li><b>Design ergonomique<\/b> : notre p\u00e9dalier statique pour bras et jambes est parfait pour faire de l\u2019exercice \u00e0 la maison en tout confort, car il permet de p\u00e9daler assis sur le canap\u00e9, en travaillant sur l\u2019ordinateur, etc. De plus, il prend peu de place et se transporte et se range facilement.<\/li>\n<li><b>Inclut tapis antid\u00e9rapant<\/b> : cet appareil pour bras et jambes encourage la pratique r\u00e9guli\u00e8re de l\u2019exercice pour maintenir une bonne forme physique. Le tapis antid\u00e9rapant fourni assure une meilleure stabilit\u00e9 du p\u00e9dalier, \u00e9vitant les glissements pendant le p\u00e9dalage.<\/li>\n<li><b>R\u00e9gulateur du niveau de r\u00e9sistance<\/b> : notre p\u00e9dalier avec compteur digital peut \u00eatre plac\u00e9 au sol pour exercer les jambes, ou sur une table ou surface similaire pour exercer les bras. Il dispose d\u2019un r\u00e9glage d\u2019intensit\u00e9 pour augmenter ou diminuer la r\u00e9sistance du p\u00e9dalage et s\u2019adapter aux pr\u00e9f\u00e9rences de l\u2019utilisateur, \u00e9vitant les efforts excessifs.<\/li>\n<li><b>Compteur digital avec \u00e9cran LCD double<\/b> : ce p\u00e9dalier pour bras et jambes int\u00e8gre un compteur \u00e9lectronique fonctionnant avec piles (1xAAA, non incluse). Ce compteur mesure les tours, le temps, la distance et les calories, permettant d\u2019afficher simultan\u00e9ment 2 param\u00e8tres pour une lecture facile.<\/li>\n<li><b>Exercice \u00e0 domicile, facile \u00e0 utiliser<\/b> : ces p\u00e9dales statiques avec compteur digital sont id\u00e9ales pour les seniors, personnes \u00e0 mobilit\u00e9 r\u00e9duite, en r\u00e9\u00e9ducation, etc. Instructions de montage incluses. Usage optimal \u00e0 un angle de 90\u00b0. Poids support\u00e9 : 100 kg.<\/li>\n<\/ul>\n<ul>\n<li>Mati\u00e8re:\n<ul>\n<li>Acier<\/li>\n<li>ABS<\/li>\n<li>Caoutchouc<\/li>\n<li>EVA<\/li>\n<\/ul>\n<\/li>\n<li>Couleur:\n<ul>\n<li>Gris<\/li>\n<li>Noir<\/li>\n<\/ul>\n<\/li>\n<li>Type: P\u00e9daleur pour bras et jambes<\/li>\n<li>Inclut: Tapis antid\u00e9rapant<\/li>\n<li>Niveau de r\u00e9sistance: Intensit\u00e9 r\u00e9glable<\/li>\n<li>Compteur num\u00e9rique LCD:\n<ul>\n<li>Mesure les rotations, le temps, les calories et la distance<\/li>\n<li>Fonctionne \u00e0 piles (1 x AAA, non fournies)<\/li>\n<\/ul>\n<\/li>\n<li>Features:\n<ul>\n<li>L\u00e9ger et maniable<\/li>\n<li>Facile \u00e0 transporter et \u00e0 ranger<\/li>\n<\/ul>\n<\/li>\n<li>Utilisation recommand\u00e9e: Personnes \u00e2g\u00e9es, personnes \u00e0 mobilit\u00e9 r\u00e9duite, etc.<\/li>\n<li>Poids Max. support\u00e9: 100 kg<\/li>\n<li>Instructions de montage: Oui<\/li>\n<li>Dimensions approx.: 35 x 31 x 39 cm<\/li>\n<\/ul>\n<p>Packaging et manuel en 24 langues: anglais, fran\u00e7ais, espagnol, allemand, italien, portugais, n\u00e9erlandais, polonais, hongrois, roumain, danois, su\u00e9dois, finnois, lituanien, norv\u00e9gien, slov\u00e8ne, grec, tch\u00e8que, bulgare, croate, slovaque, estonien, russe, letton.<\/p><\/div>\n<div class=\"col-md-6\">\n<div class=\"embed-responsive embed-responsive-16by9\"><\/div>\n<\/div>","protected":false},"excerpt":{"rendered":"<p>Retrouvez la forme avec InnovaGoods gr\u00e2ce \u00e0 ses nouveaut\u00e9s en mati\u00e8re de sport et de fitness, comme P\u00e9dalier statique pour bras et jambes avec tapis Velora 2100 InnovaGoods ! D\u00e9couvrez une vaste gamme de produits de qualit\u00e9 qui se d\u00e9marquent de par leur fonctionnalit\u00e9, leur efficacit\u00e9 et leur design innovant. Parfaits pour am\u00e9liorer votre silhouette [&hellip;]<\/p>\n","protected":false},"featured_media":208521,"comment_status":"open","ping_status":"closed","template":"","meta":[],"product_brand":[256],"product_cat":[63,1827,1825,1832,1777,1778,1826,1764,1796],"product_tag":[1776,163,165],"woo-feed-brand":[],"class_list":{"0":"post-208532","1":"product","2":"type-product","3":"status-publish","4":"has-post-thumbnail","6":"product_brand-brandp_1281","7":"product_cat-cadeaux-originaux","8":"product_cat-cadeaux-pour-seniors","9":"product_cat-cadeaux-pour-soins-personnels","10":"product_cat-equipements-sportifs","11":"product_cat-fitness","12":"product_cat-fitness-et-appareils-de-musculation","13":"product_cat-teleachat-vu-a-la-television-sante-et-beaute-teleshop","14":"product_cat-sports-loisirs","15":"product_cat-teleachat-vu-a-la-television","16":"product_tag-tag_1294","17":"product_tag-tag_17","18":"product_tag-tag_69","20":"first","21":"instock","22":"taxable","23":"shipping-taxable","24":"purchasable","25":"product-type-simple"},"yoast_head":"<!-- This site is optimized with the Yoast SEO plugin v27.6 - https:\/\/yoast.com\/product\/yoast-seo-wordpress\/ -->\n<title>P\u00e9dalier statique pour bras et jambes avec tapis Velora 2100 InnovaGoods | | Tupique<\/title>\n<meta name=\"description\" content=\"Envie d&#039;acheter P\u00e9dalier statique pour bras et jambes avec tapis Velora 2100 InnovaGoods\u00a0? Achetez P\u00e9dalier statique pour bras et jambes avec tapis Velora 2100 InnovaGoods maintenant avec Tupique en 3 versements sans int\u00e9r\u00eat.\" \/>\n<meta name=\"robots\" content=\"index, follow, max-snippet:-1, max-image-preview:large, max-video-preview:-1\" \/>\n<link rel=\"canonical\" href=\"https:\/\/tupique.com\/en\/product\/pedalier-statique-pour-bras-et-jambes-avec-tapis-velora-2100-innovagoods\/\" \/>\n<meta property=\"og:locale\" content=\"en_GB\" \/>\n<meta property=\"og:type\" content=\"article\" \/>\n<meta property=\"og:title\" content=\"P\u00e9dalier statique pour bras et jambes avec tapis Velora 2100 InnovaGoods | | Tupique\" \/>\n<meta property=\"og:description\" content=\"Envie d&#039;acheter P\u00e9dalier statique pour bras et jambes avec tapis Velora 2100 InnovaGoods\u00a0? Achetez P\u00e9dalier statique pour bras et jambes avec tapis Velora 2100 InnovaGoods maintenant avec Tupique en 3 versements sans int\u00e9r\u00eat.\" \/>\n<meta property=\"og:url\" content=\"https:\/\/tupique.com\/en\/product\/pedalier-statique-pour-bras-et-jambes-avec-tapis-velora-2100-innovagoods\/\" \/>\n<meta property=\"og:site_name\" content=\"Tupique\" \/>\n<meta property=\"article:modified_time\" content=\"2026-05-14T14:24:11+00:00\" \/>\n<meta property=\"og:image\" content=\"https:\/\/tupique.com\/wp-content\/uploads\/2026\/05\/v0104007_000_mkt1.jpg\" \/>\n\t<meta property=\"og:image:width\" content=\"1200\" \/>\n\t<meta property=\"og:image:height\" content=\"1200\" \/>\n\t<meta property=\"og:image:type\" content=\"image\/jpeg\" \/>\n<meta name=\"twitter:card\" content=\"summary_large_image\" \/>\n<meta name=\"twitter:label1\" content=\"Est. reading time\" \/>\n\t<meta name=\"twitter:data1\" content=\"2 minutes\" \/>\n<script type=\"application\/ld+json\" class=\"yoast-schema-graph\">{\"@context\":\"https:\\\/\\\/schema.org\",\"@graph\":[{\"@type\":\"WebPage\",\"@id\":\"https:\\\/\\\/tupique.com\\\/product\\\/pedalier-statique-pour-bras-et-jambes-avec-tapis-velora-2100-innovagoods\\\/\",\"url\":\"https:\\\/\\\/tupique.com\\\/product\\\/pedalier-statique-pour-bras-et-jambes-avec-tapis-velora-2100-innovagoods\\\/\",\"name\":\"P\u00e9dalier statique pour bras et jambes avec tapis Velora 2100 InnovaGoods | | Tupique\",\"isPartOf\":{\"@id\":\"https:\\\/\\\/tupique.com\\\/#website\"},\"primaryImageOfPage\":{\"@id\":\"https:\\\/\\\/tupique.com\\\/product\\\/pedalier-statique-pour-bras-et-jambes-avec-tapis-velora-2100-innovagoods\\\/#primaryimage\"},\"image\":{\"@id\":\"https:\\\/\\\/tupique.com\\\/product\\\/pedalier-statique-pour-bras-et-jambes-avec-tapis-velora-2100-innovagoods\\\/#primaryimage\"},\"thumbnailUrl\":\"https:\\\/\\\/tupique.com\\\/wp-content\\\/uploads\\\/2026\\\/05\\\/v0104007_000_mkt1.jpg\",\"datePublished\":\"2026-05-14T14:14:04+00:00\",\"dateModified\":\"2026-05-14T14:24:11+00:00\",\"description\":\"Envie d'acheter P\u00e9dalier statique pour bras et jambes avec tapis Velora 2100 InnovaGoods\u00a0? Achetez P\u00e9dalier statique pour bras et jambes avec tapis Velora 2100 InnovaGoods maintenant avec Tupique en 3 versements sans int\u00e9r\u00eat.\",\"breadcrumb\":{\"@id\":\"https:\\\/\\\/tupique.com\\\/product\\\/pedalier-statique-pour-bras-et-jambes-avec-tapis-velora-2100-innovagoods\\\/#breadcrumb\"},\"inLanguage\":\"en-GB\",\"potentialAction\":[{\"@type\":\"ReadAction\",\"target\":[\"https:\\\/\\\/tupique.com\\\/product\\\/pedalier-statique-pour-bras-et-jambes-avec-tapis-velora-2100-innovagoods\\\/\"]}]},{\"@type\":\"ImageObject\",\"inLanguage\":\"en-GB\",\"@id\":\"https:\\\/\\\/tupique.com\\\/product\\\/pedalier-statique-pour-bras-et-jambes-avec-tapis-velora-2100-innovagoods\\\/#primaryimage\",\"url\":\"https:\\\/\\\/tupique.com\\\/wp-content\\\/uploads\\\/2026\\\/05\\\/v0104007_000_mkt1.jpg\",\"contentUrl\":\"https:\\\/\\\/tupique.com\\\/wp-content\\\/uploads\\\/2026\\\/05\\\/v0104007_000_mkt1.jpg\",\"width\":1200,\"height\":1200,\"caption\":\"V0104007_0\"},{\"@type\":\"BreadcrumbList\",\"@id\":\"https:\\\/\\\/tupique.com\\\/product\\\/pedalier-statique-pour-bras-et-jambes-avec-tapis-velora-2100-innovagoods\\\/#breadcrumb\",\"itemListElement\":[{\"@type\":\"ListItem\",\"position\":1,\"name\":\"commencer\",\"item\":\"https:\\\/\\\/tupique.com\\\/\"},{\"@type\":\"ListItem\",\"position\":2,\"name\":\"Loja\",\"item\":\"https:\\\/\\\/tupique.com\\\/pt\\\/loja\\\/\"},{\"@type\":\"ListItem\",\"position\":3,\"name\":\"P\u00e9dalier statique pour bras et jambes avec tapis Velora 2100 InnovaGoods\"}]},{\"@type\":\"WebSite\",\"@id\":\"https:\\\/\\\/tupique.com\\\/#website\",\"url\":\"https:\\\/\\\/tupique.com\\\/\",\"name\":\"Tupique\",\"description\":\"\",\"publisher\":{\"@id\":\"https:\\\/\\\/tupique.com\\\/#organization\"},\"potentialAction\":[{\"@type\":\"SearchAction\",\"target\":{\"@type\":\"EntryPoint\",\"urlTemplate\":\"https:\\\/\\\/tupique.com\\\/?s={search_term_string}\"},\"query-input\":{\"@type\":\"PropertyValueSpecification\",\"valueRequired\":true,\"valueName\":\"search_term_string\"}}],\"inLanguage\":\"en-GB\"},{\"@type\":\"Organization\",\"@id\":\"https:\\\/\\\/tupique.com\\\/#organization\",\"name\":\"Tupique\",\"url\":\"https:\\\/\\\/tupique.com\\\/\",\"logo\":{\"@type\":\"ImageObject\",\"inLanguage\":\"en-GB\",\"@id\":\"https:\\\/\\\/tupique.com\\\/#\\\/schema\\\/logo\\\/image\\\/\",\"url\":\"https:\\\/\\\/tupique.com\\\/wp-content\\\/uploads\\\/2026\\\/03\\\/logo-tupique-1.webp\",\"contentUrl\":\"https:\\\/\\\/tupique.com\\\/wp-content\\\/uploads\\\/2026\\\/03\\\/logo-tupique-1.webp\",\"width\":500,\"height\":67,\"caption\":\"Tupique\"},\"image\":{\"@id\":\"https:\\\/\\\/tupique.com\\\/#\\\/schema\\\/logo\\\/image\\\/\"}}]}<\/script>\n<!-- \/ Yoast SEO plugin. -->","yoast_head_json":{"title":"P\u00e9dalier statique pour bras et jambes avec tapis Velora 2100 InnovaGoods | | Tupique","description":"Envie d'acheter P\u00e9dalier statique pour bras et jambes avec tapis Velora 2100 InnovaGoods\u00a0? Achetez P\u00e9dalier statique pour bras et jambes avec tapis Velora 2100 InnovaGoods maintenant avec Tupique en 3 versements sans int\u00e9r\u00eat.","robots":{"index":"index","follow":"follow","max-snippet":"max-snippet:-1","max-image-preview":"max-image-preview:large","max-video-preview":"max-video-preview:-1"},"canonical":"https:\/\/tupique.com\/en\/product\/pedalier-statique-pour-bras-et-jambes-avec-tapis-velora-2100-innovagoods\/","og_locale":"en_GB","og_type":"article","og_title":"P\u00e9dalier statique pour bras et jambes avec tapis Velora 2100 InnovaGoods | | Tupique","og_description":"Envie d'acheter P\u00e9dalier statique pour bras et jambes avec tapis Velora 2100 InnovaGoods\u00a0? Achetez P\u00e9dalier statique pour bras et jambes avec tapis Velora 2100 InnovaGoods maintenant avec Tupique en 3 versements sans int\u00e9r\u00eat.","og_url":"https:\/\/tupique.com\/en\/product\/pedalier-statique-pour-bras-et-jambes-avec-tapis-velora-2100-innovagoods\/","og_site_name":"Tupique","article_modified_time":"2026-05-14T14:24:11+00:00","og_image":[{"width":1200,"height":1200,"url":"https:\/\/tupique.com\/wp-content\/uploads\/2026\/05\/v0104007_000_mkt1.jpg","type":"image\/jpeg"}],"twitter_card":"summary_large_image","twitter_misc":{"Est. reading time":"2 minutes"},"schema":{"@context":"https:\/\/schema.org","@graph":[{"@type":"WebPage","@id":"https:\/\/tupique.com\/product\/pedalier-statique-pour-bras-et-jambes-avec-tapis-velora-2100-innovagoods\/","url":"https:\/\/tupique.com\/product\/pedalier-statique-pour-bras-et-jambes-avec-tapis-velora-2100-innovagoods\/","name":"P\u00e9dalier statique pour bras et jambes avec tapis Velora 2100 InnovaGoods | | Tupique","isPartOf":{"@id":"https:\/\/tupique.com\/#website"},"primaryImageOfPage":{"@id":"https:\/\/tupique.com\/product\/pedalier-statique-pour-bras-et-jambes-avec-tapis-velora-2100-innovagoods\/#primaryimage"},"image":{"@id":"https:\/\/tupique.com\/product\/pedalier-statique-pour-bras-et-jambes-avec-tapis-velora-2100-innovagoods\/#primaryimage"},"thumbnailUrl":"https:\/\/tupique.com\/wp-content\/uploads\/2026\/05\/v0104007_000_mkt1.jpg","datePublished":"2026-05-14T14:14:04+00:00","dateModified":"2026-05-14T14:24:11+00:00","description":"Envie d'acheter P\u00e9dalier statique pour bras et jambes avec tapis Velora 2100 InnovaGoods\u00a0? Achetez P\u00e9dalier statique pour bras et jambes avec tapis Velora 2100 InnovaGoods maintenant avec Tupique en 3 versements sans int\u00e9r\u00eat.","breadcrumb":{"@id":"https:\/\/tupique.com\/product\/pedalier-statique-pour-bras-et-jambes-avec-tapis-velora-2100-innovagoods\/#breadcrumb"},"inLanguage":"en-GB","potentialAction":[{"@type":"ReadAction","target":["https:\/\/tupique.com\/product\/pedalier-statique-pour-bras-et-jambes-avec-tapis-velora-2100-innovagoods\/"]}]},{"@type":"ImageObject","inLanguage":"en-GB","@id":"https:\/\/tupique.com\/product\/pedalier-statique-pour-bras-et-jambes-avec-tapis-velora-2100-innovagoods\/#primaryimage","url":"https:\/\/tupique.com\/wp-content\/uploads\/2026\/05\/v0104007_000_mkt1.jpg","contentUrl":"https:\/\/tupique.com\/wp-content\/uploads\/2026\/05\/v0104007_000_mkt1.jpg","width":1200,"height":1200,"caption":"V0104007_0"},{"@type":"BreadcrumbList","@id":"https:\/\/tupique.com\/product\/pedalier-statique-pour-bras-et-jambes-avec-tapis-velora-2100-innovagoods\/#breadcrumb","itemListElement":[{"@type":"ListItem","position":1,"name":"commencer","item":"https:\/\/tupique.com\/"},{"@type":"ListItem","position":2,"name":"Loja","item":"https:\/\/tupique.com\/pt\/loja\/"},{"@type":"ListItem","position":3,"name":"P\u00e9dalier statique pour bras et jambes avec tapis Velora 2100 InnovaGoods"}]},{"@type":"WebSite","@id":"https:\/\/tupique.com\/#website","url":"https:\/\/tupique.com\/","name":"Tupique","description":"","publisher":{"@id":"https:\/\/tupique.com\/#organization"},"potentialAction":[{"@type":"SearchAction","target":{"@type":"EntryPoint","urlTemplate":"https:\/\/tupique.com\/?s={search_term_string}"},"query-input":{"@type":"PropertyValueSpecification","valueRequired":true,"valueName":"search_term_string"}}],"inLanguage":"en-GB"},{"@type":"Organization","@id":"https:\/\/tupique.com\/#organization","name":"Tupique","url":"https:\/\/tupique.com\/","logo":{"@type":"ImageObject","inLanguage":"en-GB","@id":"https:\/\/tupique.com\/#\/schema\/logo\/image\/","url":"https:\/\/tupique.com\/wp-content\/uploads\/2026\/03\/logo-tupique-1.webp","contentUrl":"https:\/\/tupique.com\/wp-content\/uploads\/2026\/03\/logo-tupique-1.webp","width":500,"height":67,"caption":"Tupique"},"image":{"@id":"https:\/\/tupique.com\/#\/schema\/logo\/image\/"}}]}},"_links":{"self":[{"href":"https:\/\/tupique.com\/en\/wp-json\/wp\/v2\/product\/208532","targetHints":{"allow":["GET"]}}],"collection":[{"href":"https:\/\/tupique.com\/en\/wp-json\/wp\/v2\/product"}],"about":[{"href":"https:\/\/tupique.com\/en\/wp-json\/wp\/v2\/types\/product"}],"replies":[{"embeddable":true,"href":"https:\/\/tupique.com\/en\/wp-json\/wp\/v2\/comments?post=208532"}],"wp:featuredmedia":[{"embeddable":true,"href":"https:\/\/tupique.com\/en\/wp-json\/wp\/v2\/media\/208521"}],"wp:attachment":[{"href":"https:\/\/tupique.com\/en\/wp-json\/wp\/v2\/media?parent=208532"}],"wp:term":[{"taxonomy":"product_brand","embeddable":true,"href":"https:\/\/tupique.com\/en\/wp-json\/wp\/v2\/product_brand?post=208532"},{"taxonomy":"product_cat","embeddable":true,"href":"https:\/\/tupique.com\/en\/wp-json\/wp\/v2\/product_cat?post=208532"},{"taxonomy":"product_tag","embeddable":true,"href":"https:\/\/tupique.com\/en\/wp-json\/wp\/v2\/product_tag?post=208532"},{"taxonomy":"woo-feed-brand","embeddable":true,"href":"https:\/\/tupique.com\/en\/wp-json\/wp\/v2\/woo-feed-brand?post=208532"}],"curies":[{"name":"wp","href":"https:\/\/api.w.org\/{rel}","templated":true}]}}