{"id":209261,"date":"2026-05-14T17:15:24","date_gmt":"2026-05-14T15:15:24","guid":{"rendered":"https:\/\/tupique.com\/product\/monture-de-lunettes-enfant-vogue-vy-2026\/"},"modified":"2026-05-14T17:15:24","modified_gmt":"2026-05-14T15:15:24","slug":"monture-de-lunettes-enfant-vogue-vy-2026","status":"publish","type":"product","link":"https:\/\/tupique.com\/en\/product\/monture-de-lunettes-enfant-vogue-vy-2026\/","title":{"rendered":"Monture de Lunettes Enfant Vogue VY 2026"},"content":{"rendered":"<p>Si vous envisagez de renouveler votre garde-robe, achetez <b>Monture de Lunettes Enfant Vogue VY 2026<\/b> et d\u2019autres<b>produits Vogue<\/b>! La meilleure qualit\u00e9 au meilleur prix est \u00e0 votre port\u00e9e!<\/p>\n<p>The <b>Monture de Lunettes Enfant VY 2026<\/b> de Vogue est une option moderne et fonctionnelle pour les plus petits, sp\u00e9cialement con\u00e7ue comme <b>monture de lunettes<\/b> unisexe pour b\u00e9b\u00e9s. Fabriqu\u00e9e en <b>nylon<\/b>, un mat\u00e9riau reconnu pour sa l\u00e9g\u00e8ret\u00e9 et sa flexibilit\u00e9, cette monture assure un confort au quotidien et une r\u00e9sistance sup\u00e9rieure aux chocs et aux chutes, des aspects essentiels pour les produits destin\u00e9s aux jeunes enfants. Son design neutre en fait un choix polyvalent et adaptable, convenant \u00e0 tous les styles ou besoins, permettant l\u2019utilisation avec des <b>verres sans correction<\/b> ou avec des verres personnalis\u00e9s prescrits ult\u00e9rieurement. La monture est livr\u00e9e avec des <b>verres sans correction<\/b>, facilitant ainsi une adaptation imm\u00e9diate et assurant une protection de base des yeux jusqu\u2019\u00e0 la pose de verres correcteurs si n\u00e9cessaire. L\u2019attention port\u00e9e par Vogue \u00e0 l\u2019ergonomie enfantine se refl\u00e8te dans les d\u00e9tails de ce mod\u00e8le, en privil\u00e9giant la s\u00e9curit\u00e9 et le bien-\u00eatre de l\u2019utilisateur sans renoncer \u00e0 l\u2019esth\u00e9tique propre \u00e0 la marque. En r\u00e9sum\u00e9, la Monture de Lunettes Enfant VY 2026 de Vogue associe des mat\u00e9riaux durables \u00e0 un design pens\u00e9 pour les b\u00e9b\u00e9s, constituant une alternative fiable et pratique dans le segment optique pour enfants.<\/p>\n<ul>\n<li>Genre:\n<ul>\n<li>Unisexe<\/li>\n<li>B\u00e9b\u00e9<\/li>\n<\/ul>\n<\/li>\n<li>Caract\u00e9ristiques: Verres sans graduation<\/li>\n<li>Type: Monture de Lunettes<\/li>\n<li>Type de verre: Lentilles sans ordonnance<\/li>\n<li>Mati\u00e8re: Nylon<\/li>\n<\/ul>","protected":false},"excerpt":{"rendered":"<p>Si vous envisagez de renouveler votre garde-robe, achetez Monture de Lunettes Enfant Vogue VY 2026 et d\u2019autresproduits Vogue! La meilleure qualit\u00e9 au meilleur prix est \u00e0 votre port\u00e9e! La Monture de Lunettes Enfant VY 2026 de Vogue est une option moderne et fonctionnelle pour les plus petits, sp\u00e9cialement con\u00e7ue comme monture de lunettes unisexe pour [&hellip;]<\/p>\n","protected":false},"featured_media":209259,"comment_status":"open","ping_status":"closed","template":"","meta":[],"product_brand":[2731],"product_cat":[776,777,752],"product_tag":[],"woo-feed-brand":[],"class_list":{"0":"post-209261","1":"product","2":"type-product","3":"status-publish","4":"has-post-thumbnail","6":"product_brand-brandp_1239","7":"product_cat-detente-et-bien-etre","8":"product_cat-lunettes-de-lecture-et-lunettes-loupes","9":"product_cat-sante-beaute","11":"first","12":"instock","13":"taxable","14":"shipping-taxable","15":"purchasable","16":"product-type-simple"},"yoast_head":"<!-- This site is optimized with the Yoast SEO plugin v27.6 - https:\/\/yoast.com\/product\/yoast-seo-wordpress\/ -->\n<title>Monture de Lunettes Enfant Vogue VY 2026 | | Tupique<\/title>\n<meta name=\"description\" content=\"Envie d&#039;acheter Monture de Lunettes Enfant Vogue VY 2026\u00a0? Achetez Monture de Lunettes Enfant Vogue VY 2026 maintenant avec Tupique en 3 versements sans int\u00e9r\u00eat.\" \/>\n<meta name=\"robots\" content=\"index, follow, max-snippet:-1, max-image-preview:large, max-video-preview:-1\" \/>\n<link rel=\"canonical\" href=\"https:\/\/tupique.com\/en\/product\/monture-de-lunettes-enfant-vogue-vy-2026\/\" \/>\n<meta property=\"og:locale\" content=\"en_GB\" \/>\n<meta property=\"og:type\" content=\"article\" \/>\n<meta property=\"og:title\" content=\"Monture de Lunettes Enfant Vogue VY 2026 | | Tupique\" \/>\n<meta property=\"og:description\" content=\"Envie d&#039;acheter Monture de Lunettes Enfant Vogue VY 2026\u00a0? Achetez Monture de Lunettes Enfant Vogue VY 2026 maintenant avec Tupique en 3 versements sans int\u00e9r\u00eat.\" \/>\n<meta property=\"og:url\" content=\"https:\/\/tupique.com\/en\/product\/monture-de-lunettes-enfant-vogue-vy-2026\/\" \/>\n<meta property=\"og:site_name\" content=\"Tupique\" \/>\n<meta name=\"twitter:card\" content=\"summary_large_image\" \/>\n<meta name=\"twitter:label1\" content=\"Est. reading time\" \/>\n\t<meta name=\"twitter:data1\" content=\"1 minute\" \/>\n<script type=\"application\/ld+json\" class=\"yoast-schema-graph\">{\"@context\":\"https:\\\/\\\/schema.org\",\"@graph\":[{\"@type\":\"WebPage\",\"@id\":\"https:\\\/\\\/tupique.com\\\/product\\\/monture-de-lunettes-enfant-vogue-vy-2026\\\/\",\"url\":\"https:\\\/\\\/tupique.com\\\/product\\\/monture-de-lunettes-enfant-vogue-vy-2026\\\/\",\"name\":\"Monture de Lunettes Enfant Vogue VY 2026 | | Tupique\",\"isPartOf\":{\"@id\":\"https:\\\/\\\/tupique.com\\\/#website\"},\"primaryImageOfPage\":{\"@id\":\"https:\\\/\\\/tupique.com\\\/product\\\/monture-de-lunettes-enfant-vogue-vy-2026\\\/#primaryimage\"},\"image\":{\"@id\":\"https:\\\/\\\/tupique.com\\\/product\\\/monture-de-lunettes-enfant-vogue-vy-2026\\\/#primaryimage\"},\"thumbnailUrl\":\"https:\\\/\\\/tupique.com\\\/wp-content\\\/uploads\\\/2026\\\/05\\\/8056262011508_S72127342_P00.jpg\",\"datePublished\":\"2026-05-14T15:15:24+00:00\",\"description\":\"Envie d'acheter Monture de Lunettes Enfant Vogue VY 2026\u00a0? Achetez Monture de Lunettes Enfant Vogue VY 2026 maintenant avec Tupique en 3 versements sans int\u00e9r\u00eat.\",\"breadcrumb\":{\"@id\":\"https:\\\/\\\/tupique.com\\\/product\\\/monture-de-lunettes-enfant-vogue-vy-2026\\\/#breadcrumb\"},\"inLanguage\":\"en-GB\",\"potentialAction\":[{\"@type\":\"ReadAction\",\"target\":[\"https:\\\/\\\/tupique.com\\\/product\\\/monture-de-lunettes-enfant-vogue-vy-2026\\\/\"]}]},{\"@type\":\"ImageObject\",\"inLanguage\":\"en-GB\",\"@id\":\"https:\\\/\\\/tupique.com\\\/product\\\/monture-de-lunettes-enfant-vogue-vy-2026\\\/#primaryimage\",\"url\":\"https:\\\/\\\/tupique.com\\\/wp-content\\\/uploads\\\/2026\\\/05\\\/8056262011508_S72127342_P00.jpg\",\"contentUrl\":\"https:\\\/\\\/tupique.com\\\/wp-content\\\/uploads\\\/2026\\\/05\\\/8056262011508_S72127342_P00.jpg\",\"width\":1200,\"height\":1200,\"caption\":\"S72127342_0\"},{\"@type\":\"BreadcrumbList\",\"@id\":\"https:\\\/\\\/tupique.com\\\/product\\\/monture-de-lunettes-enfant-vogue-vy-2026\\\/#breadcrumb\",\"itemListElement\":[{\"@type\":\"ListItem\",\"position\":1,\"name\":\"commencer\",\"item\":\"https:\\\/\\\/tupique.com\\\/\"},{\"@type\":\"ListItem\",\"position\":2,\"name\":\"Loja\",\"item\":\"https:\\\/\\\/tupique.com\\\/pt\\\/loja\\\/\"},{\"@type\":\"ListItem\",\"position\":3,\"name\":\"Monture de Lunettes Enfant Vogue VY 2026\"}]},{\"@type\":\"WebSite\",\"@id\":\"https:\\\/\\\/tupique.com\\\/#website\",\"url\":\"https:\\\/\\\/tupique.com\\\/\",\"name\":\"Tupique\",\"description\":\"\",\"publisher\":{\"@id\":\"https:\\\/\\\/tupique.com\\\/#organization\"},\"potentialAction\":[{\"@type\":\"SearchAction\",\"target\":{\"@type\":\"EntryPoint\",\"urlTemplate\":\"https:\\\/\\\/tupique.com\\\/?s={search_term_string}\"},\"query-input\":{\"@type\":\"PropertyValueSpecification\",\"valueRequired\":true,\"valueName\":\"search_term_string\"}}],\"inLanguage\":\"en-GB\"},{\"@type\":\"Organization\",\"@id\":\"https:\\\/\\\/tupique.com\\\/#organization\",\"name\":\"Tupique\",\"url\":\"https:\\\/\\\/tupique.com\\\/\",\"logo\":{\"@type\":\"ImageObject\",\"inLanguage\":\"en-GB\",\"@id\":\"https:\\\/\\\/tupique.com\\\/#\\\/schema\\\/logo\\\/image\\\/\",\"url\":\"https:\\\/\\\/tupique.com\\\/wp-content\\\/uploads\\\/2026\\\/03\\\/logo-tupique-1.webp\",\"contentUrl\":\"https:\\\/\\\/tupique.com\\\/wp-content\\\/uploads\\\/2026\\\/03\\\/logo-tupique-1.webp\",\"width\":500,\"height\":67,\"caption\":\"Tupique\"},\"image\":{\"@id\":\"https:\\\/\\\/tupique.com\\\/#\\\/schema\\\/logo\\\/image\\\/\"}}]}<\/script>\n<!-- \/ Yoast SEO plugin. -->","yoast_head_json":{"title":"Monture de Lunettes Enfant Vogue VY 2026 | | Tupique","description":"Envie d'acheter Monture de Lunettes Enfant Vogue VY 2026\u00a0? Achetez Monture de Lunettes Enfant Vogue VY 2026 maintenant avec Tupique en 3 versements sans int\u00e9r\u00eat.","robots":{"index":"index","follow":"follow","max-snippet":"max-snippet:-1","max-image-preview":"max-image-preview:large","max-video-preview":"max-video-preview:-1"},"canonical":"https:\/\/tupique.com\/en\/product\/monture-de-lunettes-enfant-vogue-vy-2026\/","og_locale":"en_GB","og_type":"article","og_title":"Monture de Lunettes Enfant Vogue VY 2026 | | Tupique","og_description":"Envie d'acheter Monture de Lunettes Enfant Vogue VY 2026\u00a0? Achetez Monture de Lunettes Enfant Vogue VY 2026 maintenant avec Tupique en 3 versements sans int\u00e9r\u00eat.","og_url":"https:\/\/tupique.com\/en\/product\/monture-de-lunettes-enfant-vogue-vy-2026\/","og_site_name":"Tupique","twitter_card":"summary_large_image","twitter_misc":{"Est. reading time":"1 minute"},"schema":{"@context":"https:\/\/schema.org","@graph":[{"@type":"WebPage","@id":"https:\/\/tupique.com\/product\/monture-de-lunettes-enfant-vogue-vy-2026\/","url":"https:\/\/tupique.com\/product\/monture-de-lunettes-enfant-vogue-vy-2026\/","name":"Monture de Lunettes Enfant Vogue VY 2026 | | Tupique","isPartOf":{"@id":"https:\/\/tupique.com\/#website"},"primaryImageOfPage":{"@id":"https:\/\/tupique.com\/product\/monture-de-lunettes-enfant-vogue-vy-2026\/#primaryimage"},"image":{"@id":"https:\/\/tupique.com\/product\/monture-de-lunettes-enfant-vogue-vy-2026\/#primaryimage"},"thumbnailUrl":"https:\/\/tupique.com\/wp-content\/uploads\/2026\/05\/8056262011508_S72127342_P00.jpg","datePublished":"2026-05-14T15:15:24+00:00","description":"Envie d'acheter Monture de Lunettes Enfant Vogue VY 2026\u00a0? Achetez Monture de Lunettes Enfant Vogue VY 2026 maintenant avec Tupique en 3 versements sans int\u00e9r\u00eat.","breadcrumb":{"@id":"https:\/\/tupique.com\/product\/monture-de-lunettes-enfant-vogue-vy-2026\/#breadcrumb"},"inLanguage":"en-GB","potentialAction":[{"@type":"ReadAction","target":["https:\/\/tupique.com\/product\/monture-de-lunettes-enfant-vogue-vy-2026\/"]}]},{"@type":"ImageObject","inLanguage":"en-GB","@id":"https:\/\/tupique.com\/product\/monture-de-lunettes-enfant-vogue-vy-2026\/#primaryimage","url":"https:\/\/tupique.com\/wp-content\/uploads\/2026\/05\/8056262011508_S72127342_P00.jpg","contentUrl":"https:\/\/tupique.com\/wp-content\/uploads\/2026\/05\/8056262011508_S72127342_P00.jpg","width":1200,"height":1200,"caption":"S72127342_0"},{"@type":"BreadcrumbList","@id":"https:\/\/tupique.com\/product\/monture-de-lunettes-enfant-vogue-vy-2026\/#breadcrumb","itemListElement":[{"@type":"ListItem","position":1,"name":"commencer","item":"https:\/\/tupique.com\/"},{"@type":"ListItem","position":2,"name":"Loja","item":"https:\/\/tupique.com\/pt\/loja\/"},{"@type":"ListItem","position":3,"name":"Monture de Lunettes Enfant Vogue VY 2026"}]},{"@type":"WebSite","@id":"https:\/\/tupique.com\/#website","url":"https:\/\/tupique.com\/","name":"Tupique","description":"","publisher":{"@id":"https:\/\/tupique.com\/#organization"},"potentialAction":[{"@type":"SearchAction","target":{"@type":"EntryPoint","urlTemplate":"https:\/\/tupique.com\/?s={search_term_string}"},"query-input":{"@type":"PropertyValueSpecification","valueRequired":true,"valueName":"search_term_string"}}],"inLanguage":"en-GB"},{"@type":"Organization","@id":"https:\/\/tupique.com\/#organization","name":"Tupique","url":"https:\/\/tupique.com\/","logo":{"@type":"ImageObject","inLanguage":"en-GB","@id":"https:\/\/tupique.com\/#\/schema\/logo\/image\/","url":"https:\/\/tupique.com\/wp-content\/uploads\/2026\/03\/logo-tupique-1.webp","contentUrl":"https:\/\/tupique.com\/wp-content\/uploads\/2026\/03\/logo-tupique-1.webp","width":500,"height":67,"caption":"Tupique"},"image":{"@id":"https:\/\/tupique.com\/#\/schema\/logo\/image\/"}}]}},"_links":{"self":[{"href":"https:\/\/tupique.com\/en\/wp-json\/wp\/v2\/product\/209261","targetHints":{"allow":["GET"]}}],"collection":[{"href":"https:\/\/tupique.com\/en\/wp-json\/wp\/v2\/product"}],"about":[{"href":"https:\/\/tupique.com\/en\/wp-json\/wp\/v2\/types\/product"}],"replies":[{"embeddable":true,"href":"https:\/\/tupique.com\/en\/wp-json\/wp\/v2\/comments?post=209261"}],"wp:featuredmedia":[{"embeddable":true,"href":"https:\/\/tupique.com\/en\/wp-json\/wp\/v2\/media\/209259"}],"wp:attachment":[{"href":"https:\/\/tupique.com\/en\/wp-json\/wp\/v2\/media?parent=209261"}],"wp:term":[{"taxonomy":"product_brand","embeddable":true,"href":"https:\/\/tupique.com\/en\/wp-json\/wp\/v2\/product_brand?post=209261"},{"taxonomy":"product_cat","embeddable":true,"href":"https:\/\/tupique.com\/en\/wp-json\/wp\/v2\/product_cat?post=209261"},{"taxonomy":"product_tag","embeddable":true,"href":"https:\/\/tupique.com\/en\/wp-json\/wp\/v2\/product_tag?post=209261"},{"taxonomy":"woo-feed-brand","embeddable":true,"href":"https:\/\/tupique.com\/en\/wp-json\/wp\/v2\/woo-feed-brand?post=209261"}],"curies":[{"name":"wp","href":"https:\/\/api.w.org\/{rel}","templated":true}]}}