{"id":209508,"date":"2026-05-14T17:33:56","date_gmt":"2026-05-14T15:33:56","guid":{"rendered":"https:\/\/tupique.com\/product\/tensiometre-bras-medisana-23717\/"},"modified":"2026-05-14T17:33:56","modified_gmt":"2026-05-14T15:33:56","slug":"tensiometre-bras-medisana-23717","status":"publish","type":"product","link":"https:\/\/tupique.com\/en\/product\/tensiometre-bras-medisana-23717\/","title":{"rendered":"Tensiom\u00e8tre bras Medisana 23717"},"content":{"rendered":"<p>Si vous vous pr\u00e9occupez de votre sant\u00e9 et que vous cherchez des produits qui vous offriraient <b>thermom\u00e8tres rectaux, oraux et d\u2019aisselle num\u00e9riques<\/b>, achetez <b>Tensiom\u00e8tre bras Medisana 23717<\/b> et d&#8217;autres <b>produits Medisana<\/b> au meilleur prix.<\/p>\n<ul>\n<li>Type:\n<ul>\n<li>Tensiom\u00e8tre bras<\/li>\n<li>Pour bras<\/li>\n<li>Tensiom\u00e8tre<\/li>\n<\/ul>\n<\/li>\n<li>Fonctions: Moniteur de rythme cardiaque<\/li>\n<li>Features:\n<ul>\n<li>Fonction de m\u00e9moire<\/li>\n<li>Automatique<\/li>\n<li>\u00c9cran LCD<\/li>\n<\/ul>\n<\/li>\n<li>Nombre de batteries: 2<\/li>\n<li>Inclut: Manuel de l&#8217;utilisateur<\/li>\n<li>Nombre de pi\u00e8ces: 1 Pi\u00e8ce<\/li>\n<li>Long: 9 cm<\/li>\n<li>Poids approx.: 126 g<\/li>\n<li>Couleur: Blanc<\/li>\n<li>Quantit\u00e9: 2<\/li>\n<li>Param\u00e8tres physiques et de sant\u00e9 mesur\u00e9s: Tension art\u00e9rielle<\/li>\n<\/ul>","protected":false},"excerpt":{"rendered":"<p>Si vous vous pr\u00e9occupez de votre sant\u00e9 et que vous cherchez des produits qui vous offriraient thermom\u00e8tres rectaux, oraux et d\u2019aisselle num\u00e9riques, achetez Tensiom\u00e8tre bras Medisana 23717 et d&#8217;autres produits Medisana au meilleur prix. Type: Tensiom\u00e8tre bras Pour bras Tensiom\u00e8tre Fonctions: Moniteur de rythme cardiaque Caract\u00e9ristiques: Fonction de m\u00e9moire Automatique \u00c9cran LCD Nombre de batteries: [&hellip;]<\/p>\n","protected":false},"featured_media":209500,"comment_status":"open","ping_status":"closed","template":"","meta":[],"product_brand":[3036],"product_cat":[776,752,3026],"product_tag":[210],"woo-feed-brand":[],"class_list":{"0":"post-209508","1":"product","2":"type-product","3":"status-publish","4":"has-post-thumbnail","6":"product_brand-brandp_2839","7":"product_cat-detente-et-bien-etre","8":"product_cat-sante-beaute","9":"product_cat-tensiometres-et-thermometres","10":"product_tag-tag_25","12":"first","13":"instock","14":"taxable","15":"shipping-taxable","16":"purchasable","17":"product-type-simple"},"yoast_head":"<!-- This site is optimized with the Yoast SEO plugin v27.6 - https:\/\/yoast.com\/product\/yoast-seo-wordpress\/ -->\n<title>Tensiom\u00e8tre bras Medisana 23717 | | Tupique<\/title>\n<meta name=\"description\" content=\"Envie d&#039;acheter Tensiom\u00e8tre bras Medisana 23717\u00a0? Achetez Tensiom\u00e8tre bras Medisana 23717 maintenant avec Tupique en 3 versements sans int\u00e9r\u00eat.\" \/>\n<meta name=\"robots\" content=\"index, follow, max-snippet:-1, max-image-preview:large, max-video-preview:-1\" \/>\n<link rel=\"canonical\" href=\"https:\/\/tupique.com\/en\/product\/tensiometre-bras-medisana-23717\/\" \/>\n<meta property=\"og:locale\" content=\"en_GB\" \/>\n<meta property=\"og:type\" content=\"article\" \/>\n<meta property=\"og:title\" content=\"Tensiom\u00e8tre bras Medisana 23717 | | Tupique\" \/>\n<meta property=\"og:description\" content=\"Envie d&#039;acheter Tensiom\u00e8tre bras Medisana 23717\u00a0? Achetez Tensiom\u00e8tre bras Medisana 23717 maintenant avec Tupique en 3 versements sans int\u00e9r\u00eat.\" \/>\n<meta property=\"og:url\" content=\"https:\/\/tupique.com\/en\/product\/tensiometre-bras-medisana-23717\/\" \/>\n<meta property=\"og:site_name\" content=\"Tupique\" \/>\n<meta name=\"twitter:card\" content=\"summary_large_image\" \/>\n<script type=\"application\/ld+json\" class=\"yoast-schema-graph\">{\"@context\":\"https:\\\/\\\/schema.org\",\"@graph\":[{\"@type\":\"WebPage\",\"@id\":\"https:\\\/\\\/tupique.com\\\/product\\\/tensiometre-bras-medisana-23717\\\/\",\"url\":\"https:\\\/\\\/tupique.com\\\/product\\\/tensiometre-bras-medisana-23717\\\/\",\"name\":\"Tensiom\u00e8tre bras Medisana 23717 | | Tupique\",\"isPartOf\":{\"@id\":\"https:\\\/\\\/tupique.com\\\/#website\"},\"primaryImageOfPage\":{\"@id\":\"https:\\\/\\\/tupique.com\\\/product\\\/tensiometre-bras-medisana-23717\\\/#primaryimage\"},\"image\":{\"@id\":\"https:\\\/\\\/tupique.com\\\/product\\\/tensiometre-bras-medisana-23717\\\/#primaryimage\"},\"thumbnailUrl\":\"https:\\\/\\\/tupique.com\\\/wp-content\\\/uploads\\\/2026\\\/05\\\/4015588237171_S91116163_P00.jpg\",\"datePublished\":\"2026-05-14T15:33:56+00:00\",\"description\":\"Envie d'acheter Tensiom\u00e8tre bras Medisana 23717\u00a0? Achetez Tensiom\u00e8tre bras Medisana 23717 maintenant avec Tupique en 3 versements sans int\u00e9r\u00eat.\",\"breadcrumb\":{\"@id\":\"https:\\\/\\\/tupique.com\\\/product\\\/tensiometre-bras-medisana-23717\\\/#breadcrumb\"},\"inLanguage\":\"en-GB\",\"potentialAction\":[{\"@type\":\"ReadAction\",\"target\":[\"https:\\\/\\\/tupique.com\\\/product\\\/tensiometre-bras-medisana-23717\\\/\"]}]},{\"@type\":\"ImageObject\",\"inLanguage\":\"en-GB\",\"@id\":\"https:\\\/\\\/tupique.com\\\/product\\\/tensiometre-bras-medisana-23717\\\/#primaryimage\",\"url\":\"https:\\\/\\\/tupique.com\\\/wp-content\\\/uploads\\\/2026\\\/05\\\/4015588237171_S91116163_P00.jpg\",\"contentUrl\":\"https:\\\/\\\/tupique.com\\\/wp-content\\\/uploads\\\/2026\\\/05\\\/4015588237171_S91116163_P00.jpg\",\"width\":1200,\"height\":1200,\"caption\":\"S0468217_0\"},{\"@type\":\"BreadcrumbList\",\"@id\":\"https:\\\/\\\/tupique.com\\\/product\\\/tensiometre-bras-medisana-23717\\\/#breadcrumb\",\"itemListElement\":[{\"@type\":\"ListItem\",\"position\":1,\"name\":\"commencer\",\"item\":\"https:\\\/\\\/tupique.com\\\/\"},{\"@type\":\"ListItem\",\"position\":2,\"name\":\"Loja\",\"item\":\"https:\\\/\\\/tupique.com\\\/pt\\\/loja\\\/\"},{\"@type\":\"ListItem\",\"position\":3,\"name\":\"Tensiom\u00e8tre bras Medisana 23717\"}]},{\"@type\":\"WebSite\",\"@id\":\"https:\\\/\\\/tupique.com\\\/#website\",\"url\":\"https:\\\/\\\/tupique.com\\\/\",\"name\":\"Tupique\",\"description\":\"\",\"publisher\":{\"@id\":\"https:\\\/\\\/tupique.com\\\/#organization\"},\"potentialAction\":[{\"@type\":\"SearchAction\",\"target\":{\"@type\":\"EntryPoint\",\"urlTemplate\":\"https:\\\/\\\/tupique.com\\\/?s={search_term_string}\"},\"query-input\":{\"@type\":\"PropertyValueSpecification\",\"valueRequired\":true,\"valueName\":\"search_term_string\"}}],\"inLanguage\":\"en-GB\"},{\"@type\":\"Organization\",\"@id\":\"https:\\\/\\\/tupique.com\\\/#organization\",\"name\":\"Tupique\",\"url\":\"https:\\\/\\\/tupique.com\\\/\",\"logo\":{\"@type\":\"ImageObject\",\"inLanguage\":\"en-GB\",\"@id\":\"https:\\\/\\\/tupique.com\\\/#\\\/schema\\\/logo\\\/image\\\/\",\"url\":\"https:\\\/\\\/tupique.com\\\/wp-content\\\/uploads\\\/2026\\\/03\\\/logo-tupique-1.webp\",\"contentUrl\":\"https:\\\/\\\/tupique.com\\\/wp-content\\\/uploads\\\/2026\\\/03\\\/logo-tupique-1.webp\",\"width\":500,\"height\":67,\"caption\":\"Tupique\"},\"image\":{\"@id\":\"https:\\\/\\\/tupique.com\\\/#\\\/schema\\\/logo\\\/image\\\/\"}}]}<\/script>\n<!-- \/ Yoast SEO plugin. -->","yoast_head_json":{"title":"Tensiom\u00e8tre bras Medisana 23717 | | Tupique","description":"Envie d'acheter Tensiom\u00e8tre bras Medisana 23717\u00a0? Achetez Tensiom\u00e8tre bras Medisana 23717 maintenant avec Tupique en 3 versements sans int\u00e9r\u00eat.","robots":{"index":"index","follow":"follow","max-snippet":"max-snippet:-1","max-image-preview":"max-image-preview:large","max-video-preview":"max-video-preview:-1"},"canonical":"https:\/\/tupique.com\/en\/product\/tensiometre-bras-medisana-23717\/","og_locale":"en_GB","og_type":"article","og_title":"Tensiom\u00e8tre bras Medisana 23717 | | Tupique","og_description":"Envie d'acheter Tensiom\u00e8tre bras Medisana 23717\u00a0? Achetez Tensiom\u00e8tre bras Medisana 23717 maintenant avec Tupique en 3 versements sans int\u00e9r\u00eat.","og_url":"https:\/\/tupique.com\/en\/product\/tensiometre-bras-medisana-23717\/","og_site_name":"Tupique","twitter_card":"summary_large_image","schema":{"@context":"https:\/\/schema.org","@graph":[{"@type":"WebPage","@id":"https:\/\/tupique.com\/product\/tensiometre-bras-medisana-23717\/","url":"https:\/\/tupique.com\/product\/tensiometre-bras-medisana-23717\/","name":"Tensiom\u00e8tre bras Medisana 23717 | | Tupique","isPartOf":{"@id":"https:\/\/tupique.com\/#website"},"primaryImageOfPage":{"@id":"https:\/\/tupique.com\/product\/tensiometre-bras-medisana-23717\/#primaryimage"},"image":{"@id":"https:\/\/tupique.com\/product\/tensiometre-bras-medisana-23717\/#primaryimage"},"thumbnailUrl":"https:\/\/tupique.com\/wp-content\/uploads\/2026\/05\/4015588237171_S91116163_P00.jpg","datePublished":"2026-05-14T15:33:56+00:00","description":"Envie d'acheter Tensiom\u00e8tre bras Medisana 23717\u00a0? Achetez Tensiom\u00e8tre bras Medisana 23717 maintenant avec Tupique en 3 versements sans int\u00e9r\u00eat.","breadcrumb":{"@id":"https:\/\/tupique.com\/product\/tensiometre-bras-medisana-23717\/#breadcrumb"},"inLanguage":"en-GB","potentialAction":[{"@type":"ReadAction","target":["https:\/\/tupique.com\/product\/tensiometre-bras-medisana-23717\/"]}]},{"@type":"ImageObject","inLanguage":"en-GB","@id":"https:\/\/tupique.com\/product\/tensiometre-bras-medisana-23717\/#primaryimage","url":"https:\/\/tupique.com\/wp-content\/uploads\/2026\/05\/4015588237171_S91116163_P00.jpg","contentUrl":"https:\/\/tupique.com\/wp-content\/uploads\/2026\/05\/4015588237171_S91116163_P00.jpg","width":1200,"height":1200,"caption":"S0468217_0"},{"@type":"BreadcrumbList","@id":"https:\/\/tupique.com\/product\/tensiometre-bras-medisana-23717\/#breadcrumb","itemListElement":[{"@type":"ListItem","position":1,"name":"commencer","item":"https:\/\/tupique.com\/"},{"@type":"ListItem","position":2,"name":"Loja","item":"https:\/\/tupique.com\/pt\/loja\/"},{"@type":"ListItem","position":3,"name":"Tensiom\u00e8tre bras Medisana 23717"}]},{"@type":"WebSite","@id":"https:\/\/tupique.com\/#website","url":"https:\/\/tupique.com\/","name":"Tupique","description":"","publisher":{"@id":"https:\/\/tupique.com\/#organization"},"potentialAction":[{"@type":"SearchAction","target":{"@type":"EntryPoint","urlTemplate":"https:\/\/tupique.com\/?s={search_term_string}"},"query-input":{"@type":"PropertyValueSpecification","valueRequired":true,"valueName":"search_term_string"}}],"inLanguage":"en-GB"},{"@type":"Organization","@id":"https:\/\/tupique.com\/#organization","name":"Tupique","url":"https:\/\/tupique.com\/","logo":{"@type":"ImageObject","inLanguage":"en-GB","@id":"https:\/\/tupique.com\/#\/schema\/logo\/image\/","url":"https:\/\/tupique.com\/wp-content\/uploads\/2026\/03\/logo-tupique-1.webp","contentUrl":"https:\/\/tupique.com\/wp-content\/uploads\/2026\/03\/logo-tupique-1.webp","width":500,"height":67,"caption":"Tupique"},"image":{"@id":"https:\/\/tupique.com\/#\/schema\/logo\/image\/"}}]}},"_links":{"self":[{"href":"https:\/\/tupique.com\/en\/wp-json\/wp\/v2\/product\/209508","targetHints":{"allow":["GET"]}}],"collection":[{"href":"https:\/\/tupique.com\/en\/wp-json\/wp\/v2\/product"}],"about":[{"href":"https:\/\/tupique.com\/en\/wp-json\/wp\/v2\/types\/product"}],"replies":[{"embeddable":true,"href":"https:\/\/tupique.com\/en\/wp-json\/wp\/v2\/comments?post=209508"}],"wp:featuredmedia":[{"embeddable":true,"href":"https:\/\/tupique.com\/en\/wp-json\/wp\/v2\/media\/209500"}],"wp:attachment":[{"href":"https:\/\/tupique.com\/en\/wp-json\/wp\/v2\/media?parent=209508"}],"wp:term":[{"taxonomy":"product_brand","embeddable":true,"href":"https:\/\/tupique.com\/en\/wp-json\/wp\/v2\/product_brand?post=209508"},{"taxonomy":"product_cat","embeddable":true,"href":"https:\/\/tupique.com\/en\/wp-json\/wp\/v2\/product_cat?post=209508"},{"taxonomy":"product_tag","embeddable":true,"href":"https:\/\/tupique.com\/en\/wp-json\/wp\/v2\/product_tag?post=209508"},{"taxonomy":"woo-feed-brand","embeddable":true,"href":"https:\/\/tupique.com\/en\/wp-json\/wp\/v2\/woo-feed-brand?post=209508"}],"curies":[{"name":"wp","href":"https:\/\/api.w.org\/{rel}","templated":true}]}}