{"id":209717,"date":"2026-05-14T17:54:36","date_gmt":"2026-05-14T15:54:36","guid":{"rendered":"https:\/\/tupique.com\/product\/monture-de-lunettes-femme-kate-spade-hazen\/"},"modified":"2026-05-15T19:46:40","modified_gmt":"2026-05-15T17:46:40","slug":"monture-de-lunettes-femme-kate-spade-hazen","status":"publish","type":"product","link":"https:\/\/tupique.com\/en\/product\/monture-de-lunettes-femme-kate-spade-hazen\/","title":{"rendered":"Monture de Lunettes Femme Kate Spade HAZEN"},"content":{"rendered":"<p>Si vous \u00eates \u00e0 la recherche de nouvelles tendances sur le march\u00e9, nous vous pr\u00e9sentons <b>Monture de Lunettes Femme Kate Spade HAZEN<\/b> !<\/p>\n<p>The <b>monture de lunettes pour femme<\/b> <b>HAZEN<\/b> of <b>Kate Spade<\/b> se distingue par son design sophistiqu\u00e9 et intemporel, id\u00e9ale pour celles qui recherchent un accessoire \u00e9l\u00e9gant alliant qualit\u00e9 et style. Fabriqu\u00e9e en <b>ac\u00e9tate<\/b>, cette monture offre une structure l\u00e9g\u00e8re mais r\u00e9sistante, s\u2019adaptant confortablement au visage et assurant une grande durabilit\u00e9 au quotidien. Con\u00e7ue pour le <b>public f\u00e9minin<\/b>, sa silhouette \u00e9quilibr\u00e9e et contemporaine met en valeur les traits du visage avec discr\u00e9tion et modernit\u00e9, tout en respectant l\u2019identit\u00e9 cr\u00e9ative propre \u00e0 la marque Kate Spade. Elle est livr\u00e9e avec des <b>verres sans correction<\/b> de s\u00e9rie, permettant de personnaliser facilement la correction optique selon les besoins individuels, ou de les porter imm\u00e9diatement comme accessoire de mode. En tant que <b>monture de lunettes<\/b> polyvalente, elle est compatible aussi bien avec des verres correcteurs qu\u2019avec des verres de repos, r\u00e9pondant ainsi \u00e0 une large gamme de styles de vie et de pr\u00e9f\u00e9rences esth\u00e9tiques. Cette option se distingue dans l\u2019offre de lunettes pour femme par son \u00e9quilibre entre mat\u00e9riaux de haute qualit\u00e9, polyvalence et la touche distinctive du design Kate Spade, en faisant un choix fiable et attrayant pour celles qui recherchent fonctionnalit\u00e9 sans renoncer \u00e0 la personnalit\u00e9.<\/p>\n<ul>\n<li>Caract\u00e9ristiques: Verres sans graduation<\/li>\n<li>Type: Monture de Lunettes<\/li>\n<li>Type de verre: Lentilles sans ordonnance<\/li>\n<li>Mati\u00e8re: Ac\u00e9tate<\/li>\n<li>Genre: Femme<\/li>\n<\/ul>","protected":false},"excerpt":{"rendered":"<p>Si vous \u00eates \u00e0 la recherche de nouvelles tendances sur le march\u00e9, nous vous pr\u00e9sentons Monture de Lunettes Femme Kate Spade HAZEN ! La monture de lunettes pour femme HAZEN de Kate Spade se distingue par son design sophistiqu\u00e9 et intemporel, id\u00e9ale pour celles qui recherchent un accessoire \u00e9l\u00e9gant alliant qualit\u00e9 et style. Fabriqu\u00e9e en [&hellip;]<\/p>\n","protected":false},"featured_media":209715,"comment_status":"open","ping_status":"closed","template":"","meta":[],"product_brand":[2598],"product_cat":[776,777,752],"product_tag":[542],"woo-feed-brand":[],"class_list":{"0":"post-209717","1":"product","2":"type-product","3":"status-publish","4":"has-post-thumbnail","6":"product_brand-brandp_7527","7":"product_cat-detente-et-bien-etre","8":"product_cat-lunettes-de-lecture-et-lunettes-loupes","9":"product_cat-sante-beaute","10":"product_tag-tag_1274","12":"first","13":"instock","14":"taxable","15":"shipping-taxable","16":"purchasable","17":"product-type-simple"},"yoast_head":"<!-- This site is optimized with the Yoast SEO plugin v27.6 - https:\/\/yoast.com\/product\/yoast-seo-wordpress\/ -->\n<title>Monture de Lunettes Femme Kate Spade HAZEN | | Tupique<\/title>\n<meta name=\"description\" content=\"Envie d&#039;acheter Monture de Lunettes Femme Kate Spade HAZEN\u00a0? Achetez Monture de Lunettes Femme Kate Spade HAZEN maintenant avec Tupique en 3 versements sans int\u00e9r\u00eat.\" \/>\n<meta name=\"robots\" content=\"index, follow, max-snippet:-1, max-image-preview:large, max-video-preview:-1\" \/>\n<link rel=\"canonical\" href=\"https:\/\/tupique.com\/en\/product\/monture-de-lunettes-femme-kate-spade-hazen\/\" \/>\n<meta property=\"og:locale\" content=\"en_GB\" \/>\n<meta property=\"og:type\" content=\"article\" \/>\n<meta property=\"og:title\" content=\"Monture de Lunettes Femme Kate Spade HAZEN | | Tupique\" \/>\n<meta property=\"og:description\" content=\"Envie d&#039;acheter Monture de Lunettes Femme Kate Spade HAZEN\u00a0? Achetez Monture de Lunettes Femme Kate Spade HAZEN maintenant avec Tupique en 3 versements sans int\u00e9r\u00eat.\" \/>\n<meta property=\"og:url\" content=\"https:\/\/tupique.com\/en\/product\/monture-de-lunettes-femme-kate-spade-hazen\/\" \/>\n<meta property=\"og:site_name\" content=\"Tupique\" \/>\n<meta property=\"article:modified_time\" content=\"2026-05-15T17:46:40+00:00\" \/>\n<meta name=\"twitter:card\" content=\"summary_large_image\" \/>\n<meta name=\"twitter:label1\" content=\"Est. reading time\" \/>\n\t<meta name=\"twitter:data1\" content=\"1 minute\" \/>\n<script type=\"application\/ld+json\" class=\"yoast-schema-graph\">{\"@context\":\"https:\\\/\\\/schema.org\",\"@graph\":[{\"@type\":\"WebPage\",\"@id\":\"https:\\\/\\\/tupique.com\\\/product\\\/monture-de-lunettes-femme-kate-spade-hazen\\\/\",\"url\":\"https:\\\/\\\/tupique.com\\\/product\\\/monture-de-lunettes-femme-kate-spade-hazen\\\/\",\"name\":\"Monture de Lunettes Femme Kate Spade HAZEN | | Tupique\",\"isPartOf\":{\"@id\":\"https:\\\/\\\/tupique.com\\\/#website\"},\"primaryImageOfPage\":{\"@id\":\"https:\\\/\\\/tupique.com\\\/product\\\/monture-de-lunettes-femme-kate-spade-hazen\\\/#primaryimage\"},\"image\":{\"@id\":\"https:\\\/\\\/tupique.com\\\/product\\\/monture-de-lunettes-femme-kate-spade-hazen\\\/#primaryimage\"},\"thumbnailUrl\":\"https:\\\/\\\/tupique.com\\\/wp-content\\\/uploads\\\/2026\\\/05\\\/0716736733906_S72130429_P00.jpg\",\"datePublished\":\"2026-05-14T15:54:36+00:00\",\"dateModified\":\"2026-05-15T17:46:40+00:00\",\"description\":\"Envie d'acheter Monture de Lunettes Femme Kate Spade HAZEN\u00a0? Achetez Monture de Lunettes Femme Kate Spade HAZEN maintenant avec Tupique en 3 versements sans int\u00e9r\u00eat.\",\"breadcrumb\":{\"@id\":\"https:\\\/\\\/tupique.com\\\/product\\\/monture-de-lunettes-femme-kate-spade-hazen\\\/#breadcrumb\"},\"inLanguage\":\"en-GB\",\"potentialAction\":[{\"@type\":\"ReadAction\",\"target\":[\"https:\\\/\\\/tupique.com\\\/product\\\/monture-de-lunettes-femme-kate-spade-hazen\\\/\"]}]},{\"@type\":\"ImageObject\",\"inLanguage\":\"en-GB\",\"@id\":\"https:\\\/\\\/tupique.com\\\/product\\\/monture-de-lunettes-femme-kate-spade-hazen\\\/#primaryimage\",\"url\":\"https:\\\/\\\/tupique.com\\\/wp-content\\\/uploads\\\/2026\\\/05\\\/0716736733906_S72130429_P00.jpg\",\"contentUrl\":\"https:\\\/\\\/tupique.com\\\/wp-content\\\/uploads\\\/2026\\\/05\\\/0716736733906_S72130429_P00.jpg\",\"width\":1200,\"height\":1200,\"caption\":\"S72130429_0\"},{\"@type\":\"BreadcrumbList\",\"@id\":\"https:\\\/\\\/tupique.com\\\/product\\\/monture-de-lunettes-femme-kate-spade-hazen\\\/#breadcrumb\",\"itemListElement\":[{\"@type\":\"ListItem\",\"position\":1,\"name\":\"commencer\",\"item\":\"https:\\\/\\\/tupique.com\\\/\"},{\"@type\":\"ListItem\",\"position\":2,\"name\":\"Loja\",\"item\":\"https:\\\/\\\/tupique.com\\\/pt\\\/loja\\\/\"},{\"@type\":\"ListItem\",\"position\":3,\"name\":\"Monture de Lunettes Femme Kate Spade HAZEN\"}]},{\"@type\":\"WebSite\",\"@id\":\"https:\\\/\\\/tupique.com\\\/#website\",\"url\":\"https:\\\/\\\/tupique.com\\\/\",\"name\":\"Tupique\",\"description\":\"\",\"publisher\":{\"@id\":\"https:\\\/\\\/tupique.com\\\/#organization\"},\"potentialAction\":[{\"@type\":\"SearchAction\",\"target\":{\"@type\":\"EntryPoint\",\"urlTemplate\":\"https:\\\/\\\/tupique.com\\\/?s={search_term_string}\"},\"query-input\":{\"@type\":\"PropertyValueSpecification\",\"valueRequired\":true,\"valueName\":\"search_term_string\"}}],\"inLanguage\":\"en-GB\"},{\"@type\":\"Organization\",\"@id\":\"https:\\\/\\\/tupique.com\\\/#organization\",\"name\":\"Tupique\",\"url\":\"https:\\\/\\\/tupique.com\\\/\",\"logo\":{\"@type\":\"ImageObject\",\"inLanguage\":\"en-GB\",\"@id\":\"https:\\\/\\\/tupique.com\\\/#\\\/schema\\\/logo\\\/image\\\/\",\"url\":\"https:\\\/\\\/tupique.com\\\/wp-content\\\/uploads\\\/2026\\\/03\\\/logo-tupique-1.webp\",\"contentUrl\":\"https:\\\/\\\/tupique.com\\\/wp-content\\\/uploads\\\/2026\\\/03\\\/logo-tupique-1.webp\",\"width\":500,\"height\":67,\"caption\":\"Tupique\"},\"image\":{\"@id\":\"https:\\\/\\\/tupique.com\\\/#\\\/schema\\\/logo\\\/image\\\/\"}}]}<\/script>\n<!-- \/ Yoast SEO plugin. -->","yoast_head_json":{"title":"Monture de Lunettes Femme Kate Spade HAZEN | | Tupique","description":"Envie d'acheter Monture de Lunettes Femme Kate Spade HAZEN\u00a0? Achetez Monture de Lunettes Femme Kate Spade HAZEN maintenant avec Tupique en 3 versements sans int\u00e9r\u00eat.","robots":{"index":"index","follow":"follow","max-snippet":"max-snippet:-1","max-image-preview":"max-image-preview:large","max-video-preview":"max-video-preview:-1"},"canonical":"https:\/\/tupique.com\/en\/product\/monture-de-lunettes-femme-kate-spade-hazen\/","og_locale":"en_GB","og_type":"article","og_title":"Monture de Lunettes Femme Kate Spade HAZEN | | Tupique","og_description":"Envie d'acheter Monture de Lunettes Femme Kate Spade HAZEN\u00a0? Achetez Monture de Lunettes Femme Kate Spade HAZEN maintenant avec Tupique en 3 versements sans int\u00e9r\u00eat.","og_url":"https:\/\/tupique.com\/en\/product\/monture-de-lunettes-femme-kate-spade-hazen\/","og_site_name":"Tupique","article_modified_time":"2026-05-15T17:46:40+00:00","twitter_card":"summary_large_image","twitter_misc":{"Est. reading time":"1 minute"},"schema":{"@context":"https:\/\/schema.org","@graph":[{"@type":"WebPage","@id":"https:\/\/tupique.com\/product\/monture-de-lunettes-femme-kate-spade-hazen\/","url":"https:\/\/tupique.com\/product\/monture-de-lunettes-femme-kate-spade-hazen\/","name":"Monture de Lunettes Femme Kate Spade HAZEN | | Tupique","isPartOf":{"@id":"https:\/\/tupique.com\/#website"},"primaryImageOfPage":{"@id":"https:\/\/tupique.com\/product\/monture-de-lunettes-femme-kate-spade-hazen\/#primaryimage"},"image":{"@id":"https:\/\/tupique.com\/product\/monture-de-lunettes-femme-kate-spade-hazen\/#primaryimage"},"thumbnailUrl":"https:\/\/tupique.com\/wp-content\/uploads\/2026\/05\/0716736733906_S72130429_P00.jpg","datePublished":"2026-05-14T15:54:36+00:00","dateModified":"2026-05-15T17:46:40+00:00","description":"Envie d'acheter Monture de Lunettes Femme Kate Spade HAZEN\u00a0? Achetez Monture de Lunettes Femme Kate Spade HAZEN maintenant avec Tupique en 3 versements sans int\u00e9r\u00eat.","breadcrumb":{"@id":"https:\/\/tupique.com\/product\/monture-de-lunettes-femme-kate-spade-hazen\/#breadcrumb"},"inLanguage":"en-GB","potentialAction":[{"@type":"ReadAction","target":["https:\/\/tupique.com\/product\/monture-de-lunettes-femme-kate-spade-hazen\/"]}]},{"@type":"ImageObject","inLanguage":"en-GB","@id":"https:\/\/tupique.com\/product\/monture-de-lunettes-femme-kate-spade-hazen\/#primaryimage","url":"https:\/\/tupique.com\/wp-content\/uploads\/2026\/05\/0716736733906_S72130429_P00.jpg","contentUrl":"https:\/\/tupique.com\/wp-content\/uploads\/2026\/05\/0716736733906_S72130429_P00.jpg","width":1200,"height":1200,"caption":"S72130429_0"},{"@type":"BreadcrumbList","@id":"https:\/\/tupique.com\/product\/monture-de-lunettes-femme-kate-spade-hazen\/#breadcrumb","itemListElement":[{"@type":"ListItem","position":1,"name":"commencer","item":"https:\/\/tupique.com\/"},{"@type":"ListItem","position":2,"name":"Loja","item":"https:\/\/tupique.com\/pt\/loja\/"},{"@type":"ListItem","position":3,"name":"Monture de Lunettes Femme Kate Spade HAZEN"}]},{"@type":"WebSite","@id":"https:\/\/tupique.com\/#website","url":"https:\/\/tupique.com\/","name":"Tupique","description":"","publisher":{"@id":"https:\/\/tupique.com\/#organization"},"potentialAction":[{"@type":"SearchAction","target":{"@type":"EntryPoint","urlTemplate":"https:\/\/tupique.com\/?s={search_term_string}"},"query-input":{"@type":"PropertyValueSpecification","valueRequired":true,"valueName":"search_term_string"}}],"inLanguage":"en-GB"},{"@type":"Organization","@id":"https:\/\/tupique.com\/#organization","name":"Tupique","url":"https:\/\/tupique.com\/","logo":{"@type":"ImageObject","inLanguage":"en-GB","@id":"https:\/\/tupique.com\/#\/schema\/logo\/image\/","url":"https:\/\/tupique.com\/wp-content\/uploads\/2026\/03\/logo-tupique-1.webp","contentUrl":"https:\/\/tupique.com\/wp-content\/uploads\/2026\/03\/logo-tupique-1.webp","width":500,"height":67,"caption":"Tupique"},"image":{"@id":"https:\/\/tupique.com\/#\/schema\/logo\/image\/"}}]}},"_links":{"self":[{"href":"https:\/\/tupique.com\/en\/wp-json\/wp\/v2\/product\/209717","targetHints":{"allow":["GET"]}}],"collection":[{"href":"https:\/\/tupique.com\/en\/wp-json\/wp\/v2\/product"}],"about":[{"href":"https:\/\/tupique.com\/en\/wp-json\/wp\/v2\/types\/product"}],"replies":[{"embeddable":true,"href":"https:\/\/tupique.com\/en\/wp-json\/wp\/v2\/comments?post=209717"}],"wp:featuredmedia":[{"embeddable":true,"href":"https:\/\/tupique.com\/en\/wp-json\/wp\/v2\/media\/209715"}],"wp:attachment":[{"href":"https:\/\/tupique.com\/en\/wp-json\/wp\/v2\/media?parent=209717"}],"wp:term":[{"taxonomy":"product_brand","embeddable":true,"href":"https:\/\/tupique.com\/en\/wp-json\/wp\/v2\/product_brand?post=209717"},{"taxonomy":"product_cat","embeddable":true,"href":"https:\/\/tupique.com\/en\/wp-json\/wp\/v2\/product_cat?post=209717"},{"taxonomy":"product_tag","embeddable":true,"href":"https:\/\/tupique.com\/en\/wp-json\/wp\/v2\/product_tag?post=209717"},{"taxonomy":"woo-feed-brand","embeddable":true,"href":"https:\/\/tupique.com\/en\/wp-json\/wp\/v2\/woo-feed-brand?post=209717"}],"curies":[{"name":"wp","href":"https:\/\/api.w.org\/{rel}","templated":true}]}}