{"id":210362,"date":"2026-05-14T18:44:42","date_gmt":"2026-05-14T16:44:42","guid":{"rendered":"https:\/\/tupique.com\/product\/poudres-comestibees-shunga-mango-75-g\/"},"modified":"2026-05-14T18:52:08","modified_gmt":"2026-05-14T16:52:08","slug":"poudres-comestibees-shunga-mango-75-g","status":"publish","type":"product","link":"https:\/\/tupique.com\/en\/product\/poudres-comestibees-shunga-mango-75-g\/","title":{"rendered":"Poudres comestib\u00e9es Shunga MANGO 75 g"},"content":{"rendered":"<p>Si vous cherchez des <b>sex toys<\/b> \u00e0 un bon prix, vous ne pourrez pas r\u00e9sister \u00e0 <b>Poudres comestib\u00e9es Shunga MANGO 75 g<\/b> ! Un nouveau monde de possibilit\u00e9s pour l&#8217;imagination et le divertissement !<\/p>\n<ul>\n<li>Type:\n<ul>\n<li>Massage<\/li>\n<li>Poudres comestib\u00e9es<\/li>\n<li>\u00c9rotique<\/li>\n<\/ul>\n<\/li>\n<li>Capacit\u00e9: 75 g<\/li>\n<li>Saveur: Mangue<\/li>\n<li>Ar\u00f4me: Mangue<\/li>\n<li>Inclut: Plume<\/li>\n<\/ul>\n<p>Informations importantes: Nous garantissons une totale discr\u00e9tion et confidentialit\u00e9 lors de l&#8217;exp\u00e9dition. Personne, sauf vous, ne saura ce que le colis contient.. <\/p>\n<p> Informations importantes: Sans sucres ajout\u00e9s. <\/p>\n<p> Informations importantes: Exp\u00e9dition confidentielle.<\/p>","protected":false},"excerpt":{"rendered":"<p><span class=\"unit-info\">39.9867 &euro; \/ 100 gr<\/span><\/p>","protected":false},"featured_media":210341,"comment_status":"open","ping_status":"closed","template":"","meta":[],"product_brand":[2283],"product_cat":[2123,769,1056],"product_tag":[103,1048,442],"woo-feed-brand":[],"class_list":{"0":"post-210362","1":"product","2":"type-product","3":"status-publish","4":"has-post-thumbnail","6":"product_brand-brandp_484","7":"product_cat-lots-de-cosmetique-et-parfums","8":"product_cat-parfum-cosmetique","9":"product_cat-parfums","10":"product_tag-tag_1261","11":"product_tag-tag_1262","12":"product_tag-tag_1244","14":"first","15":"instock","16":"taxable","17":"shipping-taxable","18":"purchasable","19":"product-type-simple"},"yoast_head":"<!-- This site is optimized with the Yoast SEO plugin v27.6 - https:\/\/yoast.com\/product\/yoast-seo-wordpress\/ -->\n<title>Poudres comestib\u00e9es Shunga MANGO 75 g | | Tupique<\/title>\n<meta name=\"description\" content=\"Envie d&#039;acheter Poudres comestib\u00e9es Shunga MANGO 75 g\u00a0? Achetez Poudres comestib\u00e9es Shunga MANGO 75 g maintenant avec Tupique en 3 versements sans int\u00e9r\u00eat.\" \/>\n<meta name=\"robots\" content=\"index, follow, max-snippet:-1, max-image-preview:large, max-video-preview:-1\" \/>\n<link rel=\"canonical\" href=\"https:\/\/tupique.com\/en\/product\/poudres-comestibees-shunga-mango-75-g\/\" \/>\n<meta property=\"og:locale\" content=\"en_GB\" \/>\n<meta property=\"og:type\" content=\"article\" \/>\n<meta property=\"og:title\" content=\"Poudres comestib\u00e9es Shunga MANGO 75 g | | Tupique\" \/>\n<meta property=\"og:description\" content=\"Envie d&#039;acheter Poudres comestib\u00e9es Shunga MANGO 75 g\u00a0? Achetez Poudres comestib\u00e9es Shunga MANGO 75 g maintenant avec Tupique en 3 versements sans int\u00e9r\u00eat.\" \/>\n<meta property=\"og:url\" content=\"https:\/\/tupique.com\/en\/product\/poudres-comestibees-shunga-mango-75-g\/\" \/>\n<meta property=\"og:site_name\" content=\"Tupique\" \/>\n<meta property=\"article:modified_time\" content=\"2026-05-14T16:52:08+00:00\" \/>\n<meta property=\"og:image\" content=\"https:\/\/tupique.com\/wp-content\/uploads\/2026\/05\/0697309031035_M0406233_P01.jpg\" \/>\n\t<meta property=\"og:image:width\" content=\"1200\" \/>\n\t<meta property=\"og:image:height\" content=\"1200\" \/>\n\t<meta property=\"og:image:type\" content=\"image\/jpeg\" \/>\n<meta name=\"twitter:card\" content=\"summary_large_image\" \/>\n<script type=\"application\/ld+json\" class=\"yoast-schema-graph\">{\"@context\":\"https:\\\/\\\/schema.org\",\"@graph\":[{\"@type\":\"WebPage\",\"@id\":\"https:\\\/\\\/tupique.com\\\/product\\\/poudres-comestibees-shunga-mango-75-g\\\/\",\"url\":\"https:\\\/\\\/tupique.com\\\/product\\\/poudres-comestibees-shunga-mango-75-g\\\/\",\"name\":\"Poudres comestib\u00e9es Shunga MANGO 75 g | | Tupique\",\"isPartOf\":{\"@id\":\"https:\\\/\\\/tupique.com\\\/#website\"},\"primaryImageOfPage\":{\"@id\":\"https:\\\/\\\/tupique.com\\\/product\\\/poudres-comestibees-shunga-mango-75-g\\\/#primaryimage\"},\"image\":{\"@id\":\"https:\\\/\\\/tupique.com\\\/product\\\/poudres-comestibees-shunga-mango-75-g\\\/#primaryimage\"},\"thumbnailUrl\":\"https:\\\/\\\/tupique.com\\\/wp-content\\\/uploads\\\/2026\\\/05\\\/0697309031035_M0406233_P01.jpg\",\"datePublished\":\"2026-05-14T16:44:42+00:00\",\"dateModified\":\"2026-05-14T16:52:08+00:00\",\"description\":\"Envie d'acheter Poudres comestib\u00e9es Shunga MANGO 75 g\u00a0? Achetez Poudres comestib\u00e9es Shunga MANGO 75 g maintenant avec Tupique en 3 versements sans int\u00e9r\u00eat.\",\"breadcrumb\":{\"@id\":\"https:\\\/\\\/tupique.com\\\/product\\\/poudres-comestibees-shunga-mango-75-g\\\/#breadcrumb\"},\"inLanguage\":\"en-GB\",\"potentialAction\":[{\"@type\":\"ReadAction\",\"target\":[\"https:\\\/\\\/tupique.com\\\/product\\\/poudres-comestibees-shunga-mango-75-g\\\/\"]}]},{\"@type\":\"ImageObject\",\"inLanguage\":\"en-GB\",\"@id\":\"https:\\\/\\\/tupique.com\\\/product\\\/poudres-comestibees-shunga-mango-75-g\\\/#primaryimage\",\"url\":\"https:\\\/\\\/tupique.com\\\/wp-content\\\/uploads\\\/2026\\\/05\\\/0697309031035_M0406233_P01.jpg\",\"contentUrl\":\"https:\\\/\\\/tupique.com\\\/wp-content\\\/uploads\\\/2026\\\/05\\\/0697309031035_M0406233_P01.jpg\",\"width\":1200,\"height\":1200,\"caption\":\"S4006443_0\"},{\"@type\":\"BreadcrumbList\",\"@id\":\"https:\\\/\\\/tupique.com\\\/product\\\/poudres-comestibees-shunga-mango-75-g\\\/#breadcrumb\",\"itemListElement\":[{\"@type\":\"ListItem\",\"position\":1,\"name\":\"commencer\",\"item\":\"https:\\\/\\\/tupique.com\\\/\"},{\"@type\":\"ListItem\",\"position\":2,\"name\":\"Loja\",\"item\":\"https:\\\/\\\/tupique.com\\\/pt\\\/loja\\\/\"},{\"@type\":\"ListItem\",\"position\":3,\"name\":\"Poudres comestib\u00e9es Shunga MANGO 75 g\"}]},{\"@type\":\"WebSite\",\"@id\":\"https:\\\/\\\/tupique.com\\\/#website\",\"url\":\"https:\\\/\\\/tupique.com\\\/\",\"name\":\"Tupique\",\"description\":\"\",\"publisher\":{\"@id\":\"https:\\\/\\\/tupique.com\\\/#organization\"},\"potentialAction\":[{\"@type\":\"SearchAction\",\"target\":{\"@type\":\"EntryPoint\",\"urlTemplate\":\"https:\\\/\\\/tupique.com\\\/?s={search_term_string}\"},\"query-input\":{\"@type\":\"PropertyValueSpecification\",\"valueRequired\":true,\"valueName\":\"search_term_string\"}}],\"inLanguage\":\"en-GB\"},{\"@type\":\"Organization\",\"@id\":\"https:\\\/\\\/tupique.com\\\/#organization\",\"name\":\"Tupique\",\"url\":\"https:\\\/\\\/tupique.com\\\/\",\"logo\":{\"@type\":\"ImageObject\",\"inLanguage\":\"en-GB\",\"@id\":\"https:\\\/\\\/tupique.com\\\/#\\\/schema\\\/logo\\\/image\\\/\",\"url\":\"https:\\\/\\\/tupique.com\\\/wp-content\\\/uploads\\\/2026\\\/03\\\/logo-tupique-1.webp\",\"contentUrl\":\"https:\\\/\\\/tupique.com\\\/wp-content\\\/uploads\\\/2026\\\/03\\\/logo-tupique-1.webp\",\"width\":500,\"height\":67,\"caption\":\"Tupique\"},\"image\":{\"@id\":\"https:\\\/\\\/tupique.com\\\/#\\\/schema\\\/logo\\\/image\\\/\"}}]}<\/script>\n<!-- \/ Yoast SEO plugin. -->","yoast_head_json":{"title":"Poudres comestib\u00e9es Shunga MANGO 75 g | | Tupique","description":"Envie d'acheter Poudres comestib\u00e9es Shunga MANGO 75 g\u00a0? Achetez Poudres comestib\u00e9es Shunga MANGO 75 g maintenant avec Tupique en 3 versements sans int\u00e9r\u00eat.","robots":{"index":"index","follow":"follow","max-snippet":"max-snippet:-1","max-image-preview":"max-image-preview:large","max-video-preview":"max-video-preview:-1"},"canonical":"https:\/\/tupique.com\/en\/product\/poudres-comestibees-shunga-mango-75-g\/","og_locale":"en_GB","og_type":"article","og_title":"Poudres comestib\u00e9es Shunga MANGO 75 g | | Tupique","og_description":"Envie d'acheter Poudres comestib\u00e9es Shunga MANGO 75 g\u00a0? Achetez Poudres comestib\u00e9es Shunga MANGO 75 g maintenant avec Tupique en 3 versements sans int\u00e9r\u00eat.","og_url":"https:\/\/tupique.com\/en\/product\/poudres-comestibees-shunga-mango-75-g\/","og_site_name":"Tupique","article_modified_time":"2026-05-14T16:52:08+00:00","og_image":[{"width":1200,"height":1200,"url":"https:\/\/tupique.com\/wp-content\/uploads\/2026\/05\/0697309031035_M0406233_P01.jpg","type":"image\/jpeg"}],"twitter_card":"summary_large_image","schema":{"@context":"https:\/\/schema.org","@graph":[{"@type":"WebPage","@id":"https:\/\/tupique.com\/product\/poudres-comestibees-shunga-mango-75-g\/","url":"https:\/\/tupique.com\/product\/poudres-comestibees-shunga-mango-75-g\/","name":"Poudres comestib\u00e9es Shunga MANGO 75 g | | Tupique","isPartOf":{"@id":"https:\/\/tupique.com\/#website"},"primaryImageOfPage":{"@id":"https:\/\/tupique.com\/product\/poudres-comestibees-shunga-mango-75-g\/#primaryimage"},"image":{"@id":"https:\/\/tupique.com\/product\/poudres-comestibees-shunga-mango-75-g\/#primaryimage"},"thumbnailUrl":"https:\/\/tupique.com\/wp-content\/uploads\/2026\/05\/0697309031035_M0406233_P01.jpg","datePublished":"2026-05-14T16:44:42+00:00","dateModified":"2026-05-14T16:52:08+00:00","description":"Envie d'acheter Poudres comestib\u00e9es Shunga MANGO 75 g\u00a0? Achetez Poudres comestib\u00e9es Shunga MANGO 75 g maintenant avec Tupique en 3 versements sans int\u00e9r\u00eat.","breadcrumb":{"@id":"https:\/\/tupique.com\/product\/poudres-comestibees-shunga-mango-75-g\/#breadcrumb"},"inLanguage":"en-GB","potentialAction":[{"@type":"ReadAction","target":["https:\/\/tupique.com\/product\/poudres-comestibees-shunga-mango-75-g\/"]}]},{"@type":"ImageObject","inLanguage":"en-GB","@id":"https:\/\/tupique.com\/product\/poudres-comestibees-shunga-mango-75-g\/#primaryimage","url":"https:\/\/tupique.com\/wp-content\/uploads\/2026\/05\/0697309031035_M0406233_P01.jpg","contentUrl":"https:\/\/tupique.com\/wp-content\/uploads\/2026\/05\/0697309031035_M0406233_P01.jpg","width":1200,"height":1200,"caption":"S4006443_0"},{"@type":"BreadcrumbList","@id":"https:\/\/tupique.com\/product\/poudres-comestibees-shunga-mango-75-g\/#breadcrumb","itemListElement":[{"@type":"ListItem","position":1,"name":"commencer","item":"https:\/\/tupique.com\/"},{"@type":"ListItem","position":2,"name":"Loja","item":"https:\/\/tupique.com\/pt\/loja\/"},{"@type":"ListItem","position":3,"name":"Poudres comestib\u00e9es Shunga MANGO 75 g"}]},{"@type":"WebSite","@id":"https:\/\/tupique.com\/#website","url":"https:\/\/tupique.com\/","name":"Tupique","description":"","publisher":{"@id":"https:\/\/tupique.com\/#organization"},"potentialAction":[{"@type":"SearchAction","target":{"@type":"EntryPoint","urlTemplate":"https:\/\/tupique.com\/?s={search_term_string}"},"query-input":{"@type":"PropertyValueSpecification","valueRequired":true,"valueName":"search_term_string"}}],"inLanguage":"en-GB"},{"@type":"Organization","@id":"https:\/\/tupique.com\/#organization","name":"Tupique","url":"https:\/\/tupique.com\/","logo":{"@type":"ImageObject","inLanguage":"en-GB","@id":"https:\/\/tupique.com\/#\/schema\/logo\/image\/","url":"https:\/\/tupique.com\/wp-content\/uploads\/2026\/03\/logo-tupique-1.webp","contentUrl":"https:\/\/tupique.com\/wp-content\/uploads\/2026\/03\/logo-tupique-1.webp","width":500,"height":67,"caption":"Tupique"},"image":{"@id":"https:\/\/tupique.com\/#\/schema\/logo\/image\/"}}]}},"_links":{"self":[{"href":"https:\/\/tupique.com\/en\/wp-json\/wp\/v2\/product\/210362","targetHints":{"allow":["GET"]}}],"collection":[{"href":"https:\/\/tupique.com\/en\/wp-json\/wp\/v2\/product"}],"about":[{"href":"https:\/\/tupique.com\/en\/wp-json\/wp\/v2\/types\/product"}],"replies":[{"embeddable":true,"href":"https:\/\/tupique.com\/en\/wp-json\/wp\/v2\/comments?post=210362"}],"wp:featuredmedia":[{"embeddable":true,"href":"https:\/\/tupique.com\/en\/wp-json\/wp\/v2\/media\/210341"}],"wp:attachment":[{"href":"https:\/\/tupique.com\/en\/wp-json\/wp\/v2\/media?parent=210362"}],"wp:term":[{"taxonomy":"product_brand","embeddable":true,"href":"https:\/\/tupique.com\/en\/wp-json\/wp\/v2\/product_brand?post=210362"},{"taxonomy":"product_cat","embeddable":true,"href":"https:\/\/tupique.com\/en\/wp-json\/wp\/v2\/product_cat?post=210362"},{"taxonomy":"product_tag","embeddable":true,"href":"https:\/\/tupique.com\/en\/wp-json\/wp\/v2\/product_tag?post=210362"},{"taxonomy":"woo-feed-brand","embeddable":true,"href":"https:\/\/tupique.com\/en\/wp-json\/wp\/v2\/woo-feed-brand?post=210362"}],"curies":[{"name":"wp","href":"https:\/\/api.w.org\/{rel}","templated":true}]}}