{"id":211790,"date":"2026-05-14T20:41:48","date_gmt":"2026-05-14T18:41:48","guid":{"rendered":"https:\/\/tupique.com\/product\/appareil-de-massage-facial-electrique-raffermissant-pour-visage-et-cou-avec-led-ems-et-chaleur-selora-innovagoods\/"},"modified":"2026-05-14T20:51:08","modified_gmt":"2026-05-14T18:51:08","slug":"appareil-de-massage-facial-electrique-raffermissant-pour-visage-et-cou-avec-led-ems-et-chaleur-selora-innovagoods","status":"publish","type":"product","link":"https:\/\/tupique.com\/en\/product\/appareil-de-massage-facial-electrique-raffermissant-pour-visage-et-cou-avec-led-ems-et-chaleur-selora-innovagoods\/","title":{"rendered":"Appareil de Massage Facial \u00c9lectrique Raffermissant pour Visage et Cou avec LED, EMS et Chaleur Selora InnovaGoods"},"content":{"rendered":"<div class=\"col-md-6\"><b>InnovaGoods<\/b> vous facilite la t\u00e2che pour que votre soin personnel soit une priorit\u00e9 sans excuses. Il vous propose les meilleures nouveaut\u00e9s en mati\u00e8re de beaut\u00e9, de d\u00e9tente et de bien-\u00eatre ! <b>Appareil de Massage Facial \u00c9lectrique Raffermissant pour Visage et Cou avec LED, EMS et Chaleur Selora InnovaGoods <\/b> en est un bon exemple ! D\u00e9couvrez une vaste gamme de produits de qualit\u00e9 qui se d\u00e9marquent de par leur fonctionnalit\u00e9, leur efficacit\u00e9 et leur design innovant.<\/p>\n<p>Ce <b>masseur facial \u00e9lectrique avec LED, EMS et chaleur<\/b> apporte fermet\u00e9, \u00e9lasticit\u00e9, uniformit\u00e9 et luminosit\u00e9 \u00e0 la peau du visage et du cou.<\/p>\n<p>Un <b>masseur raffermissant rechargeable<\/b> efficace, dot\u00e9 de 3 modes d\u2019utilisation et d\u2019une lumi\u00e8re LED \u00e0 7 couleurs avec diff\u00e9rentes fonctions et longueurs d\u2019onde pour offrir de nombreux bienfaits \u00e0 la peau. Id\u00e9al pour un visage plus vital, \u00e9clatant et d\u00e9tendu. C\u00e2ble USB-C inclus.<\/p>\n<ul>\n<li><b>3 modes pr\u00e9d\u00e9finis, effet lifting<\/b> : notre masseur facial \u00e9lectrique raffermissant pour visage et cou avec LED, EMS et chaleur am\u00e9liore la fermet\u00e9 et l\u2019apparence de la peau pour un aspect plus lisse, lumineux, uniforme et relax\u00e9. Modes : CLEAN (nettoyage), EMS (microstimulation) et HOT (chaleur).<\/li>\n<li><b>Nettoyage, EMS et chaleur douce<\/b> : ce masseur multifonction aide \u00e0 nettoyer pores et imperfections, r\u00e9duire rides et ridules, relaxer et raffermir la peau, faciliter l\u2019absorption des cr\u00e8mes et lotions, etc.<\/li>\n<li><b>7 couleurs de lumi\u00e8re LED<\/b> : ce masseur visage et cou propose 7 modes LED : rouge (630 nm) : anti-\u00e2ge, stimule le collag\u00e8ne ; vert (525 nm) : lisse rides et ridules ; bleu (415 nm) : effet apaisant ; violet (390 nm) : favorise drainage et d\u00e9congestion ; jaune (590 nm) : \u00e9claircit et unifie le teint ; cyan (490 nm) : r\u00e9duit inflammation et tension cutan\u00e9e ; blanc (mixte) : relaxe la peau et stimule sa r\u00e9g\u00e9n\u00e9ration.<\/li>\n<li><b>Convient pour visage et cou<\/b> : notre masseur raffermissant \u00e0 microvibrations et sensation thermique agr\u00e9able (jusqu\u2019\u00e0 45 \u00baC) s\u2019int\u00e8gre parfaitement dans la routine quotidienne de soin, renfor\u00e7ant ses effets. Arr\u00eat automatique : 5 min.<\/li>\n<li><b>Rechargeable, facile \u00e0 utiliser et nettoyer<\/b> : ce masseur rechargeable est portable et l\u00e9ger. Sa t\u00eate hypoallerg\u00e9nique se nettoie apr\u00e8s chaque utilisation. Usage domestique. C\u00e2ble USB-C inclus. Batterie Li-ion 500 mAh.<\/li>\n<\/ul>\n<ul>\n<li>Mati\u00e8re:\n<ul>\n<li>ABS<\/li>\n<li>Acier inoxydable<\/li>\n<\/ul>\n<\/li>\n<li>Couleur: Blanc<\/li>\n<li>Type: Masseur facial<\/li>\n<li>Partie du corps:\n<ul>\n<li>Visage<\/li>\n<li>Cou<\/li>\n<\/ul>\n<\/li>\n<li>Effets b\u00e9n\u00e9fiques: Am\u00e9lioration de l&#8217;\u00e9tat et de l&#8217;aspect de la peau<\/li>\n<li>Features:\n<ul>\n<li>Rechargeable<\/li>\n<li>3 Modes de massage<\/li>\n<li>Massage par vibrations<\/li>\n<li>Hypoallerg\u00e9nique<\/li>\n<li>Facile \u00e0 nettoyer<\/li>\n<\/ul>\n<\/li>\n<li>Fonction chaleur: Jusqu&#8217;\u00e0 45 \u00baC<\/li>\n<li>Lumi\u00e8re LED: 7 couleurs<\/li>\n<li>Longueur d&#8217;onde: 415-690 nm<\/li>\n<li>EMS: 50 Hz<\/li>\n<li>Inclut: C\u00e2ble USB-C<\/li>\n<li>Arr\u00eat Automatique: 5 min<\/li>\n<li>Type de batterie: Li-Ion<\/li>\n<li>Capacit\u00e9 de la batterie: 500 mAh<\/li>\n<li>Temps de charge approx.: 90 minutes<\/li>\n<li>Autonomie approx.: 60 minutes<\/li>\n<li>DC In: 5 V \/ 500 mA<\/li>\n<li>Dimensions approx.: 9 x 12 x 5 cm<\/li>\n<\/ul>\n<p>Packaging et manuel en 24 langues: anglais, fran\u00e7ais, espagnol, allemand, italien, portugais, n\u00e9erlandais, polonais, hongrois, roumain, danois, su\u00e9dois, finnois, lituanien, norv\u00e9gien, slov\u00e8ne, grec, tch\u00e8que, bulgare, croate, slovaque, estonien, russe, letton. <\/p>\n<p> AVERTISSEMENTS: Lire le manuel avant utilisation. Ne pas regarder directement les LED. Ne pas utiliser sur une peau l\u00e9s\u00e9e ou irrit\u00e9e. Garder hors de port\u00e9e des enfants. Ne pas immerger dans l&#8217;eau..<\/p><\/div>\n<div class=\"col-md-6\">\n<div class=\"embed-responsive embed-responsive-16by9\"><\/div>\n<\/div>","protected":false},"excerpt":{"rendered":"<p>InnovaGoods vous facilite la t\u00e2che pour que votre soin personnel soit une priorit\u00e9 sans excuses. Il vous propose les meilleures nouveaut\u00e9s en mati\u00e8re de beaut\u00e9, de d\u00e9tente et de bien-\u00eatre ! Appareil de Massage Facial \u00c9lectrique Raffermissant pour Visage et Cou avec LED, EMS et Chaleur Selora InnovaGoods en est un bon exemple ! D\u00e9couvrez [&hellip;]<\/p>\n","protected":false},"featured_media":211780,"comment_status":"open","ping_status":"closed","template":"","meta":[],"product_brand":[256],"product_cat":[63,1825,776,1059,1838,752,1826,1487,1796],"product_tag":[722,1485],"woo-feed-brand":[],"class_list":{"0":"post-211790","1":"product","2":"type-product","3":"status-publish","4":"has-post-thumbnail","6":"product_brand-brandp_1281","7":"product_cat-cadeaux-originaux","8":"product_cat-cadeaux-pour-soins-personnels","9":"product_cat-detente-et-bien-etre","10":"product_cat-esthetique-et-traitements-corporels","11":"product_cat-masseurs","12":"product_cat-sante-beaute","13":"product_cat-teleachat-vu-a-la-television-sante-et-beaute-teleshop","14":"product_cat-soins-anti-cellulite","15":"product_cat-teleachat-vu-a-la-television","16":"product_tag-tag_923","17":"product_tag-tag_1288","19":"first","20":"instock","21":"taxable","22":"shipping-taxable","23":"purchasable","24":"product-type-simple"},"yoast_head":"<!-- This site is optimized with the Yoast SEO plugin v27.6 - https:\/\/yoast.com\/product\/yoast-seo-wordpress\/ -->\n<title>Appareil de Massage Facial \u00c9lectrique Raffermissant pour Visage et Cou avec LED, EMS et Chaleur Selora InnovaGoods | | Tupique<\/title>\n<meta name=\"description\" content=\"Envie d&#039;acheter Appareil de Massage Facial \u00c9lectrique Raffermissant pour Visage et Cou avec LED, EMS et Chaleur Selora InnovaGoods\u00a0? Achetez Appareil de Massage Facial \u00c9lectrique Raffermissant pour Visage et Cou avec LED, EMS et Chaleur Selora InnovaGoods maintenant avec Tupique en 3 versements sans int\u00e9r\u00eat.\" \/>\n<meta name=\"robots\" content=\"index, follow, max-snippet:-1, max-image-preview:large, max-video-preview:-1\" \/>\n<link rel=\"canonical\" href=\"https:\/\/tupique.com\/en\/product\/appareil-de-massage-facial-electrique-raffermissant-pour-visage-et-cou-avec-led-ems-et-chaleur-selora-innovagoods\/\" \/>\n<meta property=\"og:locale\" content=\"en_GB\" \/>\n<meta property=\"og:type\" content=\"article\" \/>\n<meta property=\"og:title\" content=\"Appareil de Massage Facial \u00c9lectrique Raffermissant pour Visage et Cou avec LED, EMS et Chaleur Selora InnovaGoods | | Tupique\" \/>\n<meta property=\"og:description\" content=\"Envie d&#039;acheter Appareil de Massage Facial \u00c9lectrique Raffermissant pour Visage et Cou avec LED, EMS et Chaleur Selora InnovaGoods\u00a0? Achetez Appareil de Massage Facial \u00c9lectrique Raffermissant pour Visage et Cou avec LED, EMS et Chaleur Selora InnovaGoods maintenant avec Tupique en 3 versements sans int\u00e9r\u00eat.\" \/>\n<meta property=\"og:url\" content=\"https:\/\/tupique.com\/en\/product\/appareil-de-massage-facial-electrique-raffermissant-pour-visage-et-cou-avec-led-ems-et-chaleur-selora-innovagoods\/\" \/>\n<meta property=\"og:site_name\" content=\"Tupique\" \/>\n<meta property=\"article:modified_time\" content=\"2026-05-14T18:51:08+00:00\" \/>\n<meta property=\"og:image\" content=\"https:\/\/tupique.com\/wp-content\/uploads\/2026\/05\/v0104021_002_mkt1.jpg\" \/>\n\t<meta property=\"og:image:width\" content=\"1200\" \/>\n\t<meta property=\"og:image:height\" content=\"1200\" \/>\n\t<meta property=\"og:image:type\" content=\"image\/jpeg\" \/>\n<meta name=\"twitter:card\" content=\"summary_large_image\" \/>\n<meta name=\"twitter:label1\" content=\"Est. reading time\" \/>\n\t<meta name=\"twitter:data1\" content=\"3 minutes\" \/>\n<script type=\"application\/ld+json\" class=\"yoast-schema-graph\">{\"@context\":\"https:\\\/\\\/schema.org\",\"@graph\":[{\"@type\":\"WebPage\",\"@id\":\"https:\\\/\\\/tupique.com\\\/product\\\/appareil-de-massage-facial-electrique-raffermissant-pour-visage-et-cou-avec-led-ems-et-chaleur-selora-innovagoods\\\/\",\"url\":\"https:\\\/\\\/tupique.com\\\/product\\\/appareil-de-massage-facial-electrique-raffermissant-pour-visage-et-cou-avec-led-ems-et-chaleur-selora-innovagoods\\\/\",\"name\":\"Appareil de Massage Facial \u00c9lectrique Raffermissant pour Visage et Cou avec LED, EMS et Chaleur Selora InnovaGoods | | Tupique\",\"isPartOf\":{\"@id\":\"https:\\\/\\\/tupique.com\\\/#website\"},\"primaryImageOfPage\":{\"@id\":\"https:\\\/\\\/tupique.com\\\/product\\\/appareil-de-massage-facial-electrique-raffermissant-pour-visage-et-cou-avec-led-ems-et-chaleur-selora-innovagoods\\\/#primaryimage\"},\"image\":{\"@id\":\"https:\\\/\\\/tupique.com\\\/product\\\/appareil-de-massage-facial-electrique-raffermissant-pour-visage-et-cou-avec-led-ems-et-chaleur-selora-innovagoods\\\/#primaryimage\"},\"thumbnailUrl\":\"https:\\\/\\\/tupique.com\\\/wp-content\\\/uploads\\\/2026\\\/05\\\/v0104021_002_mkt1.jpg\",\"datePublished\":\"2026-05-14T18:41:48+00:00\",\"dateModified\":\"2026-05-14T18:51:08+00:00\",\"description\":\"Envie d'acheter Appareil de Massage Facial \u00c9lectrique Raffermissant pour Visage et Cou avec LED, EMS et Chaleur Selora InnovaGoods\u00a0? Achetez Appareil de Massage Facial \u00c9lectrique Raffermissant pour Visage et Cou avec LED, EMS et Chaleur Selora InnovaGoods maintenant avec Tupique en 3 versements sans int\u00e9r\u00eat.\",\"breadcrumb\":{\"@id\":\"https:\\\/\\\/tupique.com\\\/product\\\/appareil-de-massage-facial-electrique-raffermissant-pour-visage-et-cou-avec-led-ems-et-chaleur-selora-innovagoods\\\/#breadcrumb\"},\"inLanguage\":\"en-GB\",\"potentialAction\":[{\"@type\":\"ReadAction\",\"target\":[\"https:\\\/\\\/tupique.com\\\/product\\\/appareil-de-massage-facial-electrique-raffermissant-pour-visage-et-cou-avec-led-ems-et-chaleur-selora-innovagoods\\\/\"]}]},{\"@type\":\"ImageObject\",\"inLanguage\":\"en-GB\",\"@id\":\"https:\\\/\\\/tupique.com\\\/product\\\/appareil-de-massage-facial-electrique-raffermissant-pour-visage-et-cou-avec-led-ems-et-chaleur-selora-innovagoods\\\/#primaryimage\",\"url\":\"https:\\\/\\\/tupique.com\\\/wp-content\\\/uploads\\\/2026\\\/05\\\/v0104021_002_mkt1.jpg\",\"contentUrl\":\"https:\\\/\\\/tupique.com\\\/wp-content\\\/uploads\\\/2026\\\/05\\\/v0104021_002_mkt1.jpg\",\"width\":1200,\"height\":1200,\"caption\":\"V0104021_0\"},{\"@type\":\"BreadcrumbList\",\"@id\":\"https:\\\/\\\/tupique.com\\\/product\\\/appareil-de-massage-facial-electrique-raffermissant-pour-visage-et-cou-avec-led-ems-et-chaleur-selora-innovagoods\\\/#breadcrumb\",\"itemListElement\":[{\"@type\":\"ListItem\",\"position\":1,\"name\":\"commencer\",\"item\":\"https:\\\/\\\/tupique.com\\\/\"},{\"@type\":\"ListItem\",\"position\":2,\"name\":\"Loja\",\"item\":\"https:\\\/\\\/tupique.com\\\/pt\\\/loja\\\/\"},{\"@type\":\"ListItem\",\"position\":3,\"name\":\"Appareil de Massage Facial \u00c9lectrique Raffermissant pour Visage et Cou avec LED, EMS et Chaleur Selora InnovaGoods\"}]},{\"@type\":\"WebSite\",\"@id\":\"https:\\\/\\\/tupique.com\\\/#website\",\"url\":\"https:\\\/\\\/tupique.com\\\/\",\"name\":\"Tupique\",\"description\":\"\",\"publisher\":{\"@id\":\"https:\\\/\\\/tupique.com\\\/#organization\"},\"potentialAction\":[{\"@type\":\"SearchAction\",\"target\":{\"@type\":\"EntryPoint\",\"urlTemplate\":\"https:\\\/\\\/tupique.com\\\/?s={search_term_string}\"},\"query-input\":{\"@type\":\"PropertyValueSpecification\",\"valueRequired\":true,\"valueName\":\"search_term_string\"}}],\"inLanguage\":\"en-GB\"},{\"@type\":\"Organization\",\"@id\":\"https:\\\/\\\/tupique.com\\\/#organization\",\"name\":\"Tupique\",\"url\":\"https:\\\/\\\/tupique.com\\\/\",\"logo\":{\"@type\":\"ImageObject\",\"inLanguage\":\"en-GB\",\"@id\":\"https:\\\/\\\/tupique.com\\\/#\\\/schema\\\/logo\\\/image\\\/\",\"url\":\"https:\\\/\\\/tupique.com\\\/wp-content\\\/uploads\\\/2026\\\/03\\\/logo-tupique-1.webp\",\"contentUrl\":\"https:\\\/\\\/tupique.com\\\/wp-content\\\/uploads\\\/2026\\\/03\\\/logo-tupique-1.webp\",\"width\":500,\"height\":67,\"caption\":\"Tupique\"},\"image\":{\"@id\":\"https:\\\/\\\/tupique.com\\\/#\\\/schema\\\/logo\\\/image\\\/\"}}]}<\/script>\n<!-- \/ Yoast SEO plugin. -->","yoast_head_json":{"title":"Appareil de Massage Facial \u00c9lectrique Raffermissant pour Visage et Cou avec LED, EMS et Chaleur Selora InnovaGoods | | Tupique","description":"Envie d'acheter Appareil de Massage Facial \u00c9lectrique Raffermissant pour Visage et Cou avec LED, EMS et Chaleur Selora InnovaGoods\u00a0? Achetez Appareil de Massage Facial \u00c9lectrique Raffermissant pour Visage et Cou avec LED, EMS et Chaleur Selora InnovaGoods maintenant avec Tupique en 3 versements sans int\u00e9r\u00eat.","robots":{"index":"index","follow":"follow","max-snippet":"max-snippet:-1","max-image-preview":"max-image-preview:large","max-video-preview":"max-video-preview:-1"},"canonical":"https:\/\/tupique.com\/en\/product\/appareil-de-massage-facial-electrique-raffermissant-pour-visage-et-cou-avec-led-ems-et-chaleur-selora-innovagoods\/","og_locale":"en_GB","og_type":"article","og_title":"Appareil de Massage Facial \u00c9lectrique Raffermissant pour Visage et Cou avec LED, EMS et Chaleur Selora InnovaGoods | | Tupique","og_description":"Envie d'acheter Appareil de Massage Facial \u00c9lectrique Raffermissant pour Visage et Cou avec LED, EMS et Chaleur Selora InnovaGoods\u00a0? Achetez Appareil de Massage Facial \u00c9lectrique Raffermissant pour Visage et Cou avec LED, EMS et Chaleur Selora InnovaGoods maintenant avec Tupique en 3 versements sans int\u00e9r\u00eat.","og_url":"https:\/\/tupique.com\/en\/product\/appareil-de-massage-facial-electrique-raffermissant-pour-visage-et-cou-avec-led-ems-et-chaleur-selora-innovagoods\/","og_site_name":"Tupique","article_modified_time":"2026-05-14T18:51:08+00:00","og_image":[{"width":1200,"height":1200,"url":"https:\/\/tupique.com\/wp-content\/uploads\/2026\/05\/v0104021_002_mkt1.jpg","type":"image\/jpeg"}],"twitter_card":"summary_large_image","twitter_misc":{"Est. reading time":"3 minutes"},"schema":{"@context":"https:\/\/schema.org","@graph":[{"@type":"WebPage","@id":"https:\/\/tupique.com\/product\/appareil-de-massage-facial-electrique-raffermissant-pour-visage-et-cou-avec-led-ems-et-chaleur-selora-innovagoods\/","url":"https:\/\/tupique.com\/product\/appareil-de-massage-facial-electrique-raffermissant-pour-visage-et-cou-avec-led-ems-et-chaleur-selora-innovagoods\/","name":"Appareil de Massage Facial \u00c9lectrique Raffermissant pour Visage et Cou avec LED, EMS et Chaleur Selora InnovaGoods | | Tupique","isPartOf":{"@id":"https:\/\/tupique.com\/#website"},"primaryImageOfPage":{"@id":"https:\/\/tupique.com\/product\/appareil-de-massage-facial-electrique-raffermissant-pour-visage-et-cou-avec-led-ems-et-chaleur-selora-innovagoods\/#primaryimage"},"image":{"@id":"https:\/\/tupique.com\/product\/appareil-de-massage-facial-electrique-raffermissant-pour-visage-et-cou-avec-led-ems-et-chaleur-selora-innovagoods\/#primaryimage"},"thumbnailUrl":"https:\/\/tupique.com\/wp-content\/uploads\/2026\/05\/v0104021_002_mkt1.jpg","datePublished":"2026-05-14T18:41:48+00:00","dateModified":"2026-05-14T18:51:08+00:00","description":"Envie d'acheter Appareil de Massage Facial \u00c9lectrique Raffermissant pour Visage et Cou avec LED, EMS et Chaleur Selora InnovaGoods\u00a0? Achetez Appareil de Massage Facial \u00c9lectrique Raffermissant pour Visage et Cou avec LED, EMS et Chaleur Selora InnovaGoods maintenant avec Tupique en 3 versements sans int\u00e9r\u00eat.","breadcrumb":{"@id":"https:\/\/tupique.com\/product\/appareil-de-massage-facial-electrique-raffermissant-pour-visage-et-cou-avec-led-ems-et-chaleur-selora-innovagoods\/#breadcrumb"},"inLanguage":"en-GB","potentialAction":[{"@type":"ReadAction","target":["https:\/\/tupique.com\/product\/appareil-de-massage-facial-electrique-raffermissant-pour-visage-et-cou-avec-led-ems-et-chaleur-selora-innovagoods\/"]}]},{"@type":"ImageObject","inLanguage":"en-GB","@id":"https:\/\/tupique.com\/product\/appareil-de-massage-facial-electrique-raffermissant-pour-visage-et-cou-avec-led-ems-et-chaleur-selora-innovagoods\/#primaryimage","url":"https:\/\/tupique.com\/wp-content\/uploads\/2026\/05\/v0104021_002_mkt1.jpg","contentUrl":"https:\/\/tupique.com\/wp-content\/uploads\/2026\/05\/v0104021_002_mkt1.jpg","width":1200,"height":1200,"caption":"V0104021_0"},{"@type":"BreadcrumbList","@id":"https:\/\/tupique.com\/product\/appareil-de-massage-facial-electrique-raffermissant-pour-visage-et-cou-avec-led-ems-et-chaleur-selora-innovagoods\/#breadcrumb","itemListElement":[{"@type":"ListItem","position":1,"name":"commencer","item":"https:\/\/tupique.com\/"},{"@type":"ListItem","position":2,"name":"Loja","item":"https:\/\/tupique.com\/pt\/loja\/"},{"@type":"ListItem","position":3,"name":"Appareil de Massage Facial \u00c9lectrique Raffermissant pour Visage et Cou avec LED, EMS et Chaleur Selora InnovaGoods"}]},{"@type":"WebSite","@id":"https:\/\/tupique.com\/#website","url":"https:\/\/tupique.com\/","name":"Tupique","description":"","publisher":{"@id":"https:\/\/tupique.com\/#organization"},"potentialAction":[{"@type":"SearchAction","target":{"@type":"EntryPoint","urlTemplate":"https:\/\/tupique.com\/?s={search_term_string}"},"query-input":{"@type":"PropertyValueSpecification","valueRequired":true,"valueName":"search_term_string"}}],"inLanguage":"en-GB"},{"@type":"Organization","@id":"https:\/\/tupique.com\/#organization","name":"Tupique","url":"https:\/\/tupique.com\/","logo":{"@type":"ImageObject","inLanguage":"en-GB","@id":"https:\/\/tupique.com\/#\/schema\/logo\/image\/","url":"https:\/\/tupique.com\/wp-content\/uploads\/2026\/03\/logo-tupique-1.webp","contentUrl":"https:\/\/tupique.com\/wp-content\/uploads\/2026\/03\/logo-tupique-1.webp","width":500,"height":67,"caption":"Tupique"},"image":{"@id":"https:\/\/tupique.com\/#\/schema\/logo\/image\/"}}]}},"_links":{"self":[{"href":"https:\/\/tupique.com\/en\/wp-json\/wp\/v2\/product\/211790","targetHints":{"allow":["GET"]}}],"collection":[{"href":"https:\/\/tupique.com\/en\/wp-json\/wp\/v2\/product"}],"about":[{"href":"https:\/\/tupique.com\/en\/wp-json\/wp\/v2\/types\/product"}],"replies":[{"embeddable":true,"href":"https:\/\/tupique.com\/en\/wp-json\/wp\/v2\/comments?post=211790"}],"wp:featuredmedia":[{"embeddable":true,"href":"https:\/\/tupique.com\/en\/wp-json\/wp\/v2\/media\/211780"}],"wp:attachment":[{"href":"https:\/\/tupique.com\/en\/wp-json\/wp\/v2\/media?parent=211790"}],"wp:term":[{"taxonomy":"product_brand","embeddable":true,"href":"https:\/\/tupique.com\/en\/wp-json\/wp\/v2\/product_brand?post=211790"},{"taxonomy":"product_cat","embeddable":true,"href":"https:\/\/tupique.com\/en\/wp-json\/wp\/v2\/product_cat?post=211790"},{"taxonomy":"product_tag","embeddable":true,"href":"https:\/\/tupique.com\/en\/wp-json\/wp\/v2\/product_tag?post=211790"},{"taxonomy":"woo-feed-brand","embeddable":true,"href":"https:\/\/tupique.com\/en\/wp-json\/wp\/v2\/woo-feed-brand?post=211790"}],"curies":[{"name":"wp","href":"https:\/\/api.w.org\/{rel}","templated":true}]}}