{"id":211802,"date":"2026-05-14T20:42:21","date_gmt":"2026-05-14T18:42:21","guid":{"rendered":"https:\/\/tupique.com\/product\/pedaleur-electrique-assiste-pour-bras-et-jambes-avec-tapis-et-telecommande-velora-3000-innovagoods\/"},"modified":"2026-05-14T20:51:09","modified_gmt":"2026-05-14T18:51:09","slug":"pedaleur-electrique-assiste-pour-bras-et-jambes-avec-tapis-et-telecommande-velora-3000-innovagoods","status":"publish","type":"product","link":"https:\/\/tupique.com\/en\/product\/pedaleur-electrique-assiste-pour-bras-et-jambes-avec-tapis-et-telecommande-velora-3000-innovagoods\/","title":{"rendered":"P\u00e9daleur \u00c9lectrique Assist\u00e9 pour Bras et Jambes avec Tapis et T\u00e9l\u00e9commande Velora 3000 InnovaGoods"},"content":{"rendered":"<div class=\"col-md-6\">Retrouvez la forme avec <b>InnovaGoods<\/b> gr\u00e2ce \u00e0 ses nouveaut\u00e9s en mati\u00e8re de sport et de fitness, comme <b>P\u00e9daleur \u00c9lectrique Assist\u00e9 pour Bras et Jambes avec Tapis et T\u00e9l\u00e9commande Velora 3000 InnovaGoods <\/b>! D\u00e9couvrez une vaste gamme de produits de qualit\u00e9 qui se d\u00e9marquent de par leur fonctionnalit\u00e9, leur efficacit\u00e9 et leur design innovant. Parfaits pour am\u00e9liorer votre silhouette et votre forme physique !<\/p>\n<p>Un <b>p\u00e9dalier \u00e9lectrique assist\u00e9 avec tapis antid\u00e9rapant et t\u00e9l\u00e9commande<\/b> pour exercer jambes et bras confortablement assis \u00e0 la maison et sans effort.<\/p>\n<p>Ce <b>p\u00e9dalier \u00e9lectrique statique avec tapis antid\u00e9rapant<\/b> est id\u00e9al pour que les personnes \u00e2g\u00e9es puissent exercer jambes et bras. Il dispose de 12 vitesses, 5 modes automatiques, p\u00e9dalage bidirectionnel, compteur digital LCD et t\u00e9l\u00e9commande. Poids support\u00e9 : 100 kg.<\/p>\n<ul>\n<li><b>Ergonomique, l\u00e9ger et silencieux<\/b> : notre p\u00e9dalier \u00e9lectrique assist\u00e9 pour jambes et bras avec tapis et t\u00e9l\u00e9commande est parfait pour faire de l\u2019exercice \u00e0 domicile confortablement, assis et sans effort. Ses p\u00e9dales avec sangles r\u00e9glables en velcro offrent plus de s\u00e9curit\u00e9 et de confort. Facile \u00e0 transporter et \u00e0 ranger.<\/li>\n<li><b>Moteur d\u2019assistance, 12 vitesses<\/b> : nos p\u00e9daliers \u00e9lectriques statiques disposent d\u2019une vitesse r\u00e9glable (12 niveaux) qui optimise l\u2019exp\u00e9rience utilisateur. Leur p\u00e9dalage assist\u00e9 par moteur permet une mobilit\u00e9 plus fluide, aidant \u00e0 exercer jambes et bras des personnes en difficult\u00e9 : seniors, personnes \u00e0 mobilit\u00e9 r\u00e9duite, en r\u00e9\u00e9ducation, etc.<\/li>\n<li><b>P\u00e9dalage bidirectionnel, 5 programmes<\/b> : ce p\u00e9dalier statique motoris\u00e9 permet de choisir entre 5 modes automatiques et 2 directions pour un entra\u00eenement personnalis\u00e9, adapt\u00e9 aux besoins et pr\u00e9f\u00e9rences de l\u2019utilisateur. Poids max. utilisateur : 100 kg. Notice de montage incluse.<\/li>\n<li><b>Compteur digital LCD, arr\u00eat automatique<\/b> : ces p\u00e9dales statiques avec moteur d\u2019assistance disposent d\u2019un arr\u00eat automatique (30 min). Le compteur \u00e9lectronique multifonction avec \u00e9cran LCD affiche vitesse, temps, distance et calories.<\/li>\n<li><b>Tapis antid\u00e9rapant, t\u00e9l\u00e9commande<\/b> : ce p\u00e9dalier statique \u00e9lectrique inclut une t\u00e9l\u00e9commande pour un contr\u00f4le plus confortable de ses fonctions (fonctionne avec 2 piles AAA, non incluses) et. Le tapis assure une meilleure stabilit\u00e9 du p\u00e9dalier et prot\u00e8ge la surface d\u2019appui.<\/li>\n<\/ul>\n<ul>\n<li>Mati\u00e8re:\n<ul>\n<li>Acier<\/li>\n<li>ABS<\/li>\n<li>Caoutchouc<\/li>\n<li>EVA<\/li>\n<\/ul>\n<\/li>\n<li>Couleur:\n<ul>\n<li>Gris fonc\u00e9<\/li>\n<li>Noir<\/li>\n<\/ul>\n<\/li>\n<li>Type: P\u00e9daleur pour bras et jambes<\/li>\n<li>P\u00e9dales: Sangles ajustables<\/li>\n<li>Niveaux de vitesse: 12 vitesses<\/li>\n<li>Quantit\u00e9 de programmes automatiques: 5<\/li>\n<li>Arr\u00eat Automatique: 30 min<\/li>\n<li>Inclut: Tapis antid\u00e9rapant<\/li>\n<li>Comprend t\u00e9l\u00e9commande: Fonctionne \u00e0 piles (2 x AAA, non fournies)<\/li>\n<li>Compteur num\u00e9rique LCD: Vitesse, temps, distance et calories<\/li>\n<li>Features:\n<ul>\n<li>Moteur silencieux<\/li>\n<li>Mouvement bidirectionnel<\/li>\n<li>L\u00e9ger et maniable<\/li>\n<li>Facile \u00e0 transporter et \u00e0 ranger<\/li>\n<\/ul>\n<\/li>\n<li>Utilisation recommand\u00e9e: Personnes \u00e2g\u00e9es, personnes \u00e0 mobilit\u00e9 r\u00e9duite, etc.<\/li>\n<li>Poids Max. support\u00e9: 100 kg<\/li>\n<li>Instructions de montage: Oui<\/li>\n<li>Type de prise: C<\/li>\n<li>Longueur du c\u00e2ble: 180 cm<\/li>\n<li>puissance: 80 W<\/li>\n<li>AC In: 220-240 V \/ 50 Hz<\/li>\n<li>Dimensions approx.: 36,5 x 30 x 39,5 cm<\/li>\n<\/ul>\n<p>Packaging et manuel en 24 langues: anglais, fran\u00e7ais, espagnol, allemand, italien, portugais, n\u00e9erlandais, polonais, hongrois, roumain, danois, su\u00e9dois, finnois, lituanien, norv\u00e9gien, slov\u00e8ne, grec, tch\u00e8que, bulgare, croate, slovaque, estonien, russe, letton.<\/p><\/div>\n<div class=\"col-md-6\">\n<div class=\"embed-responsive embed-responsive-16by9\"><\/div>\n<\/div>","protected":false},"excerpt":{"rendered":"<p>Retrouvez la forme avec InnovaGoods gr\u00e2ce \u00e0 ses nouveaut\u00e9s en mati\u00e8re de sport et de fitness, comme P\u00e9daleur \u00c9lectrique Assist\u00e9 pour Bras et Jambes avec Tapis et T\u00e9l\u00e9commande Velora 3000 InnovaGoods ! D\u00e9couvrez une vaste gamme de produits de qualit\u00e9 qui se d\u00e9marquent de par leur fonctionnalit\u00e9, leur efficacit\u00e9 et leur design innovant. Parfaits pour [&hellip;]<\/p>\n","protected":false},"featured_media":211791,"comment_status":"open","ping_status":"closed","template":"","meta":[],"product_brand":[256],"product_cat":[63,1827,1825,1832,1777,1778,1826,1764,1796],"product_tag":[1776,163,165],"woo-feed-brand":[],"class_list":{"0":"post-211802","1":"product","2":"type-product","3":"status-publish","4":"has-post-thumbnail","6":"product_brand-brandp_1281","7":"product_cat-cadeaux-originaux","8":"product_cat-cadeaux-pour-seniors","9":"product_cat-cadeaux-pour-soins-personnels","10":"product_cat-equipements-sportifs","11":"product_cat-fitness","12":"product_cat-fitness-et-appareils-de-musculation","13":"product_cat-teleachat-vu-a-la-television-sante-et-beaute-teleshop","14":"product_cat-sports-loisirs","15":"product_cat-teleachat-vu-a-la-television","16":"product_tag-tag_1294","17":"product_tag-tag_17","18":"product_tag-tag_69","20":"first","21":"instock","22":"taxable","23":"shipping-taxable","24":"purchasable","25":"product-type-simple"},"yoast_head":"<!-- This site is optimized with the Yoast SEO plugin v27.6 - https:\/\/yoast.com\/product\/yoast-seo-wordpress\/ -->\n<title>P\u00e9daleur \u00c9lectrique Assist\u00e9 pour Bras et Jambes avec Tapis et T\u00e9l\u00e9commande Velora 3000 InnovaGoods | | Tupique<\/title>\n<meta name=\"description\" content=\"Envie d&#039;acheter P\u00e9daleur \u00c9lectrique Assist\u00e9 pour Bras et Jambes avec Tapis et T\u00e9l\u00e9commande Velora 3000 InnovaGoods\u00a0? Achetez P\u00e9daleur \u00c9lectrique Assist\u00e9 pour Bras et Jambes avec Tapis et T\u00e9l\u00e9commande Velora 3000 InnovaGoods maintenant avec Tupique en 3 versements sans int\u00e9r\u00eat.\" \/>\n<meta name=\"robots\" content=\"index, follow, max-snippet:-1, max-image-preview:large, max-video-preview:-1\" \/>\n<link rel=\"canonical\" href=\"https:\/\/tupique.com\/en\/product\/pedaleur-electrique-assiste-pour-bras-et-jambes-avec-tapis-et-telecommande-velora-3000-innovagoods\/\" \/>\n<meta property=\"og:locale\" content=\"en_GB\" \/>\n<meta property=\"og:type\" content=\"article\" \/>\n<meta property=\"og:title\" content=\"P\u00e9daleur \u00c9lectrique Assist\u00e9 pour Bras et Jambes avec Tapis et T\u00e9l\u00e9commande Velora 3000 InnovaGoods | | Tupique\" \/>\n<meta property=\"og:description\" content=\"Envie d&#039;acheter P\u00e9daleur \u00c9lectrique Assist\u00e9 pour Bras et Jambes avec Tapis et T\u00e9l\u00e9commande Velora 3000 InnovaGoods\u00a0? Achetez P\u00e9daleur \u00c9lectrique Assist\u00e9 pour Bras et Jambes avec Tapis et T\u00e9l\u00e9commande Velora 3000 InnovaGoods maintenant avec Tupique en 3 versements sans int\u00e9r\u00eat.\" \/>\n<meta property=\"og:url\" content=\"https:\/\/tupique.com\/en\/product\/pedaleur-electrique-assiste-pour-bras-et-jambes-avec-tapis-et-telecommande-velora-3000-innovagoods\/\" \/>\n<meta property=\"og:site_name\" content=\"Tupique\" \/>\n<meta property=\"article:modified_time\" content=\"2026-05-14T18:51:09+00:00\" \/>\n<meta property=\"og:image\" content=\"https:\/\/tupique.com\/wp-content\/uploads\/2026\/05\/v0104008_000_mkt0.jpg\" \/>\n\t<meta property=\"og:image:width\" content=\"1200\" \/>\n\t<meta property=\"og:image:height\" content=\"1200\" \/>\n\t<meta property=\"og:image:type\" content=\"image\/jpeg\" \/>\n<meta name=\"twitter:card\" content=\"summary_large_image\" \/>\n<meta name=\"twitter:label1\" content=\"Est. reading time\" \/>\n\t<meta name=\"twitter:data1\" content=\"2 minutes\" \/>\n<script type=\"application\/ld+json\" class=\"yoast-schema-graph\">{\"@context\":\"https:\\\/\\\/schema.org\",\"@graph\":[{\"@type\":\"WebPage\",\"@id\":\"https:\\\/\\\/tupique.com\\\/product\\\/pedaleur-electrique-assiste-pour-bras-et-jambes-avec-tapis-et-telecommande-velora-3000-innovagoods\\\/\",\"url\":\"https:\\\/\\\/tupique.com\\\/product\\\/pedaleur-electrique-assiste-pour-bras-et-jambes-avec-tapis-et-telecommande-velora-3000-innovagoods\\\/\",\"name\":\"P\u00e9daleur \u00c9lectrique Assist\u00e9 pour Bras et Jambes avec Tapis et T\u00e9l\u00e9commande Velora 3000 InnovaGoods | | Tupique\",\"isPartOf\":{\"@id\":\"https:\\\/\\\/tupique.com\\\/#website\"},\"primaryImageOfPage\":{\"@id\":\"https:\\\/\\\/tupique.com\\\/product\\\/pedaleur-electrique-assiste-pour-bras-et-jambes-avec-tapis-et-telecommande-velora-3000-innovagoods\\\/#primaryimage\"},\"image\":{\"@id\":\"https:\\\/\\\/tupique.com\\\/product\\\/pedaleur-electrique-assiste-pour-bras-et-jambes-avec-tapis-et-telecommande-velora-3000-innovagoods\\\/#primaryimage\"},\"thumbnailUrl\":\"https:\\\/\\\/tupique.com\\\/wp-content\\\/uploads\\\/2026\\\/05\\\/v0104008_000_mkt0.jpg\",\"datePublished\":\"2026-05-14T18:42:21+00:00\",\"dateModified\":\"2026-05-14T18:51:09+00:00\",\"description\":\"Envie d'acheter P\u00e9daleur \u00c9lectrique Assist\u00e9 pour Bras et Jambes avec Tapis et T\u00e9l\u00e9commande Velora 3000 InnovaGoods\u00a0? Achetez P\u00e9daleur \u00c9lectrique Assist\u00e9 pour Bras et Jambes avec Tapis et T\u00e9l\u00e9commande Velora 3000 InnovaGoods maintenant avec Tupique en 3 versements sans int\u00e9r\u00eat.\",\"breadcrumb\":{\"@id\":\"https:\\\/\\\/tupique.com\\\/product\\\/pedaleur-electrique-assiste-pour-bras-et-jambes-avec-tapis-et-telecommande-velora-3000-innovagoods\\\/#breadcrumb\"},\"inLanguage\":\"en-GB\",\"potentialAction\":[{\"@type\":\"ReadAction\",\"target\":[\"https:\\\/\\\/tupique.com\\\/product\\\/pedaleur-electrique-assiste-pour-bras-et-jambes-avec-tapis-et-telecommande-velora-3000-innovagoods\\\/\"]}]},{\"@type\":\"ImageObject\",\"inLanguage\":\"en-GB\",\"@id\":\"https:\\\/\\\/tupique.com\\\/product\\\/pedaleur-electrique-assiste-pour-bras-et-jambes-avec-tapis-et-telecommande-velora-3000-innovagoods\\\/#primaryimage\",\"url\":\"https:\\\/\\\/tupique.com\\\/wp-content\\\/uploads\\\/2026\\\/05\\\/v0104008_000_mkt0.jpg\",\"contentUrl\":\"https:\\\/\\\/tupique.com\\\/wp-content\\\/uploads\\\/2026\\\/05\\\/v0104008_000_mkt0.jpg\",\"width\":1200,\"height\":1200,\"caption\":\"V0104008_0\"},{\"@type\":\"BreadcrumbList\",\"@id\":\"https:\\\/\\\/tupique.com\\\/product\\\/pedaleur-electrique-assiste-pour-bras-et-jambes-avec-tapis-et-telecommande-velora-3000-innovagoods\\\/#breadcrumb\",\"itemListElement\":[{\"@type\":\"ListItem\",\"position\":1,\"name\":\"commencer\",\"item\":\"https:\\\/\\\/tupique.com\\\/\"},{\"@type\":\"ListItem\",\"position\":2,\"name\":\"Loja\",\"item\":\"https:\\\/\\\/tupique.com\\\/pt\\\/loja\\\/\"},{\"@type\":\"ListItem\",\"position\":3,\"name\":\"P\u00e9daleur \u00c9lectrique Assist\u00e9 pour Bras et Jambes avec Tapis et T\u00e9l\u00e9commande Velora 3000 InnovaGoods\"}]},{\"@type\":\"WebSite\",\"@id\":\"https:\\\/\\\/tupique.com\\\/#website\",\"url\":\"https:\\\/\\\/tupique.com\\\/\",\"name\":\"Tupique\",\"description\":\"\",\"publisher\":{\"@id\":\"https:\\\/\\\/tupique.com\\\/#organization\"},\"potentialAction\":[{\"@type\":\"SearchAction\",\"target\":{\"@type\":\"EntryPoint\",\"urlTemplate\":\"https:\\\/\\\/tupique.com\\\/?s={search_term_string}\"},\"query-input\":{\"@type\":\"PropertyValueSpecification\",\"valueRequired\":true,\"valueName\":\"search_term_string\"}}],\"inLanguage\":\"en-GB\"},{\"@type\":\"Organization\",\"@id\":\"https:\\\/\\\/tupique.com\\\/#organization\",\"name\":\"Tupique\",\"url\":\"https:\\\/\\\/tupique.com\\\/\",\"logo\":{\"@type\":\"ImageObject\",\"inLanguage\":\"en-GB\",\"@id\":\"https:\\\/\\\/tupique.com\\\/#\\\/schema\\\/logo\\\/image\\\/\",\"url\":\"https:\\\/\\\/tupique.com\\\/wp-content\\\/uploads\\\/2026\\\/03\\\/logo-tupique-1.webp\",\"contentUrl\":\"https:\\\/\\\/tupique.com\\\/wp-content\\\/uploads\\\/2026\\\/03\\\/logo-tupique-1.webp\",\"width\":500,\"height\":67,\"caption\":\"Tupique\"},\"image\":{\"@id\":\"https:\\\/\\\/tupique.com\\\/#\\\/schema\\\/logo\\\/image\\\/\"}}]}<\/script>\n<!-- \/ Yoast SEO plugin. -->","yoast_head_json":{"title":"P\u00e9daleur \u00c9lectrique Assist\u00e9 pour Bras et Jambes avec Tapis et T\u00e9l\u00e9commande Velora 3000 InnovaGoods | | Tupique","description":"Envie d'acheter P\u00e9daleur \u00c9lectrique Assist\u00e9 pour Bras et Jambes avec Tapis et T\u00e9l\u00e9commande Velora 3000 InnovaGoods\u00a0? Achetez P\u00e9daleur \u00c9lectrique Assist\u00e9 pour Bras et Jambes avec Tapis et T\u00e9l\u00e9commande Velora 3000 InnovaGoods maintenant avec Tupique en 3 versements sans int\u00e9r\u00eat.","robots":{"index":"index","follow":"follow","max-snippet":"max-snippet:-1","max-image-preview":"max-image-preview:large","max-video-preview":"max-video-preview:-1"},"canonical":"https:\/\/tupique.com\/en\/product\/pedaleur-electrique-assiste-pour-bras-et-jambes-avec-tapis-et-telecommande-velora-3000-innovagoods\/","og_locale":"en_GB","og_type":"article","og_title":"P\u00e9daleur \u00c9lectrique Assist\u00e9 pour Bras et Jambes avec Tapis et T\u00e9l\u00e9commande Velora 3000 InnovaGoods | | Tupique","og_description":"Envie d'acheter P\u00e9daleur \u00c9lectrique Assist\u00e9 pour Bras et Jambes avec Tapis et T\u00e9l\u00e9commande Velora 3000 InnovaGoods\u00a0? Achetez P\u00e9daleur \u00c9lectrique Assist\u00e9 pour Bras et Jambes avec Tapis et T\u00e9l\u00e9commande Velora 3000 InnovaGoods maintenant avec Tupique en 3 versements sans int\u00e9r\u00eat.","og_url":"https:\/\/tupique.com\/en\/product\/pedaleur-electrique-assiste-pour-bras-et-jambes-avec-tapis-et-telecommande-velora-3000-innovagoods\/","og_site_name":"Tupique","article_modified_time":"2026-05-14T18:51:09+00:00","og_image":[{"width":1200,"height":1200,"url":"https:\/\/tupique.com\/wp-content\/uploads\/2026\/05\/v0104008_000_mkt0.jpg","type":"image\/jpeg"}],"twitter_card":"summary_large_image","twitter_misc":{"Est. reading time":"2 minutes"},"schema":{"@context":"https:\/\/schema.org","@graph":[{"@type":"WebPage","@id":"https:\/\/tupique.com\/product\/pedaleur-electrique-assiste-pour-bras-et-jambes-avec-tapis-et-telecommande-velora-3000-innovagoods\/","url":"https:\/\/tupique.com\/product\/pedaleur-electrique-assiste-pour-bras-et-jambes-avec-tapis-et-telecommande-velora-3000-innovagoods\/","name":"P\u00e9daleur \u00c9lectrique Assist\u00e9 pour Bras et Jambes avec Tapis et T\u00e9l\u00e9commande Velora 3000 InnovaGoods | | Tupique","isPartOf":{"@id":"https:\/\/tupique.com\/#website"},"primaryImageOfPage":{"@id":"https:\/\/tupique.com\/product\/pedaleur-electrique-assiste-pour-bras-et-jambes-avec-tapis-et-telecommande-velora-3000-innovagoods\/#primaryimage"},"image":{"@id":"https:\/\/tupique.com\/product\/pedaleur-electrique-assiste-pour-bras-et-jambes-avec-tapis-et-telecommande-velora-3000-innovagoods\/#primaryimage"},"thumbnailUrl":"https:\/\/tupique.com\/wp-content\/uploads\/2026\/05\/v0104008_000_mkt0.jpg","datePublished":"2026-05-14T18:42:21+00:00","dateModified":"2026-05-14T18:51:09+00:00","description":"Envie d'acheter P\u00e9daleur \u00c9lectrique Assist\u00e9 pour Bras et Jambes avec Tapis et T\u00e9l\u00e9commande Velora 3000 InnovaGoods\u00a0? Achetez P\u00e9daleur \u00c9lectrique Assist\u00e9 pour Bras et Jambes avec Tapis et T\u00e9l\u00e9commande Velora 3000 InnovaGoods maintenant avec Tupique en 3 versements sans int\u00e9r\u00eat.","breadcrumb":{"@id":"https:\/\/tupique.com\/product\/pedaleur-electrique-assiste-pour-bras-et-jambes-avec-tapis-et-telecommande-velora-3000-innovagoods\/#breadcrumb"},"inLanguage":"en-GB","potentialAction":[{"@type":"ReadAction","target":["https:\/\/tupique.com\/product\/pedaleur-electrique-assiste-pour-bras-et-jambes-avec-tapis-et-telecommande-velora-3000-innovagoods\/"]}]},{"@type":"ImageObject","inLanguage":"en-GB","@id":"https:\/\/tupique.com\/product\/pedaleur-electrique-assiste-pour-bras-et-jambes-avec-tapis-et-telecommande-velora-3000-innovagoods\/#primaryimage","url":"https:\/\/tupique.com\/wp-content\/uploads\/2026\/05\/v0104008_000_mkt0.jpg","contentUrl":"https:\/\/tupique.com\/wp-content\/uploads\/2026\/05\/v0104008_000_mkt0.jpg","width":1200,"height":1200,"caption":"V0104008_0"},{"@type":"BreadcrumbList","@id":"https:\/\/tupique.com\/product\/pedaleur-electrique-assiste-pour-bras-et-jambes-avec-tapis-et-telecommande-velora-3000-innovagoods\/#breadcrumb","itemListElement":[{"@type":"ListItem","position":1,"name":"commencer","item":"https:\/\/tupique.com\/"},{"@type":"ListItem","position":2,"name":"Loja","item":"https:\/\/tupique.com\/pt\/loja\/"},{"@type":"ListItem","position":3,"name":"P\u00e9daleur \u00c9lectrique Assist\u00e9 pour Bras et Jambes avec Tapis et T\u00e9l\u00e9commande Velora 3000 InnovaGoods"}]},{"@type":"WebSite","@id":"https:\/\/tupique.com\/#website","url":"https:\/\/tupique.com\/","name":"Tupique","description":"","publisher":{"@id":"https:\/\/tupique.com\/#organization"},"potentialAction":[{"@type":"SearchAction","target":{"@type":"EntryPoint","urlTemplate":"https:\/\/tupique.com\/?s={search_term_string}"},"query-input":{"@type":"PropertyValueSpecification","valueRequired":true,"valueName":"search_term_string"}}],"inLanguage":"en-GB"},{"@type":"Organization","@id":"https:\/\/tupique.com\/#organization","name":"Tupique","url":"https:\/\/tupique.com\/","logo":{"@type":"ImageObject","inLanguage":"en-GB","@id":"https:\/\/tupique.com\/#\/schema\/logo\/image\/","url":"https:\/\/tupique.com\/wp-content\/uploads\/2026\/03\/logo-tupique-1.webp","contentUrl":"https:\/\/tupique.com\/wp-content\/uploads\/2026\/03\/logo-tupique-1.webp","width":500,"height":67,"caption":"Tupique"},"image":{"@id":"https:\/\/tupique.com\/#\/schema\/logo\/image\/"}}]}},"_links":{"self":[{"href":"https:\/\/tupique.com\/en\/wp-json\/wp\/v2\/product\/211802","targetHints":{"allow":["GET"]}}],"collection":[{"href":"https:\/\/tupique.com\/en\/wp-json\/wp\/v2\/product"}],"about":[{"href":"https:\/\/tupique.com\/en\/wp-json\/wp\/v2\/types\/product"}],"replies":[{"embeddable":true,"href":"https:\/\/tupique.com\/en\/wp-json\/wp\/v2\/comments?post=211802"}],"wp:featuredmedia":[{"embeddable":true,"href":"https:\/\/tupique.com\/en\/wp-json\/wp\/v2\/media\/211791"}],"wp:attachment":[{"href":"https:\/\/tupique.com\/en\/wp-json\/wp\/v2\/media?parent=211802"}],"wp:term":[{"taxonomy":"product_brand","embeddable":true,"href":"https:\/\/tupique.com\/en\/wp-json\/wp\/v2\/product_brand?post=211802"},{"taxonomy":"product_cat","embeddable":true,"href":"https:\/\/tupique.com\/en\/wp-json\/wp\/v2\/product_cat?post=211802"},{"taxonomy":"product_tag","embeddable":true,"href":"https:\/\/tupique.com\/en\/wp-json\/wp\/v2\/product_tag?post=211802"},{"taxonomy":"woo-feed-brand","embeddable":true,"href":"https:\/\/tupique.com\/en\/wp-json\/wp\/v2\/woo-feed-brand?post=211802"}],"curies":[{"name":"wp","href":"https:\/\/api.w.org\/{rel}","templated":true}]}}