{"id":211811,"date":"2026-05-14T20:42:44","date_gmt":"2026-05-14T18:42:44","guid":{"rendered":"https:\/\/tupique.com\/product\/etendoir-mural-pliable-extensible-retractable-dryva-80-innovagoods\/"},"modified":"2026-05-14T20:51:09","modified_gmt":"2026-05-14T18:51:09","slug":"etendoir-mural-pliable-extensible-retractable-dryva-80-innovagoods","status":"publish","type":"product","link":"https:\/\/tupique.com\/en\/product\/etendoir-mural-pliable-extensible-retractable-dryva-80-innovagoods\/","title":{"rendered":"\u00c9tendoir mural pliable extensible r\u00e9tractable Dryva 80 InnovaGoods"},"content":{"rendered":"<div class=\"col-md-6\"><b>InnovaGoods<\/b> vous offre les meilleures nouveaut\u00e9s pour la maison, comme <b>\u00c9tendoir mural pliable extensible r\u00e9tractable Dryva 80 InnovaGoods <\/b> ! D\u00e9couvrez une vaste gamme de produits de qualit\u00e9 qui se d\u00e9marquent de par leur fonctionnalit\u00e9, leur efficacit\u00e9 et leur design innovant : \u00e9clairage, organisation, d\u00e9coration, climatisation, jardin, animaux domestiques, nettoyage, etc.<\/p>\n<p>Un <b>\u00e9tendoir mural pliant extensible<\/b> original qui reste compl\u00e8tement cach\u00e9 lorsqu\u2019il n\u2019est pas utilis\u00e9 pour optimiser l\u2019espace.<\/p>\n<p>Ce <b>s\u00e9choir r\u00e9tractable invisible<\/b> est tr\u00e8s pratique et solide. Il est \u00e9quip\u00e9 de barres en fer anticorrosion, adapt\u00e9 \u00e0 une utilisation int\u00e9rieure et ext\u00e9rieure. Il comprend des chevilles, des vis et un gabarit de montage facile avec des trous pr\u00e9-marqu\u00e9s pour une fixation pr\u00e9cise au mur.<\/p>\n<ul>\n<li><b>Design pliant invisible<\/b> : notre \u00e9tendoir mural pliant extensible a \u00e9t\u00e9 con\u00e7u pour prendre un minimum de place, se repliant facilement contre le mur et restant totalement cach\u00e9 quand il n\u2019est pas utilis\u00e9 (2,3 cm d\u2019\u00e9paisseur). Id\u00e9al pour les petits espaces.<\/li>\n<li><b>Extensible, 5 barres, 4 m d\u2019\u00e9tendage<\/b> : cet \u00e9tendoir mural pliant est pratique et discret gr\u00e2ce \u00e0 son syst\u00e8me extensible en \u00ab accord\u00e9on \u00bb, permettant un pliage et d\u00e9pliage rapide et confortable. Ses 5 barres offrent environ 4 m d\u2019espace utile pour \u00e9tendre le linge.<\/li>\n<li><b>Fixation murale, accessoires inclus<\/b> : cet \u00e9tendoir extensible comprend chevilles et vis pour une fixation s\u00fbre au mur. Il inclut aussi un gabarit de montage avec trous pr\u00e9-marqu\u00e9s pour une installation pr\u00e9cise, indiquant o\u00f9 percer.<\/li>\n<li><b>Mat\u00e9riau anticorrosion r\u00e9sistant<\/b> : notre \u00e9tendoir mural r\u00e9tractable moderne est durable gr\u00e2ce \u00e0 ses mat\u00e9riaux de qualit\u00e9. Il dispose de barres en fer avec rev\u00eatement anticorrosion. Adapt\u00e9 au s\u00e9chage habituel du linge.<\/li>\n<li><b>Usage int\u00e9rieur et ext\u00e9rieur<\/b> : cet \u00e9tendoir invisible mural r\u00e9siste aux intemp\u00e9ries, utilisable en int\u00e9rieur comme en ext\u00e9rieur. Id\u00e9al pour salles de bain, cuisines, patios, balcons, terrasses, etc. Parfait pour \u00e9conomiser espace et \u00e9nergie en s\u00e9chant naturellement sans \u00e9lectricit\u00e9.<\/li>\n<\/ul>\n<ul>\n<li>Mati\u00e8re:\n<ul>\n<li>polypropyl\u00e8ne<\/li>\n<li>Fer<\/li>\n<\/ul>\n<\/li>\n<li>Couleur: Blanc<\/li>\n<li>Type: Corde \u00e0 linge<\/li>\n<li>Capacit\u00e9: 5 Barres<\/li>\n<li>Utilisation recommand\u00e9e: Utilisation \u00e0 l&#8217;int\u00e9rieur et \u00e0 l&#8217;ext\u00e9rieur<\/li>\n<li>Features:\n<ul>\n<li>Pliable<\/li>\n<li>Extensible<\/li>\n<li>Montage mural<\/li>\n<li>Gain de place<\/li>\n<li>R\u00e9sistant \u00e0 la corrosion<\/li>\n<\/ul>\n<\/li>\n<li>Inclut:\n<ul>\n<li>Chevilles et vis<\/li>\n<li>Gabarit de per\u00e7age et de perforage<\/li>\n<\/ul>\n<\/li>\n<li>Dimensions approx.:\n<ul>\n<li>80 x 9,5 x 2,3 cm<\/li>\n<li>80 x 9,5 x 40 cm<\/li>\n<\/ul>\n<\/li>\n<\/ul>\n<p>Packaging et manuel en 24 langues: anglais, fran\u00e7ais, espagnol, allemand, italien, portugais, n\u00e9erlandais, polonais, hongrois, roumain, danois, su\u00e9dois, finnois, lituanien, norv\u00e9gien, slov\u00e8ne, grec, tch\u00e8que, bulgare, croate, slovaque, estonien, russe, letton.<\/p><\/div>\n<div class=\"col-md-6\">\n<div class=\"embed-responsive embed-responsive-16by9\"><\/div>\n<\/div>","protected":false},"excerpt":{"rendered":"<p>InnovaGoods vous offre les meilleures nouveaut\u00e9s pour la maison, comme \u00c9tendoir mural pliable extensible r\u00e9tractable Dryva 80 InnovaGoods ! D\u00e9couvrez une vaste gamme de produits de qualit\u00e9 qui se d\u00e9marquent de par leur fonctionnalit\u00e9, leur efficacit\u00e9 et leur design innovant : \u00e9clairage, organisation, d\u00e9coration, climatisation, jardin, animaux domestiques, nettoyage, etc. Un \u00e9tendoir mural pliant extensible [&hellip;]<\/p>\n","protected":false},"featured_media":211803,"comment_status":"open","ping_status":"closed","template":"","meta":[],"product_brand":[256],"product_cat":[63,64,1797,239,240,751,1796],"product_tag":[210],"woo-feed-brand":[],"class_list":{"0":"post-211811","1":"product","2":"type-product","3":"status-publish","4":"has-post-thumbnail","6":"product_brand-brandp_1281","7":"product_cat-cadeaux-originaux","8":"product_cat-cadeaux-pour-la-maison","9":"product_cat-idees-pour-la-maison","10":"product_cat-maison-jardin","11":"product_cat-nettoyage-aspirateur-et-repassage","12":"product_cat-seche-linge-fers-a-repasser-sechoirs","13":"product_cat-teleachat-vu-a-la-television","14":"product_tag-tag_25","16":"first","17":"instock","18":"taxable","19":"shipping-taxable","20":"purchasable","21":"product-type-simple"},"yoast_head":"<!-- This site is optimized with the Yoast SEO plugin v27.6 - https:\/\/yoast.com\/product\/yoast-seo-wordpress\/ -->\n<title>\u00c9tendoir mural pliable extensible r\u00e9tractable Dryva 80 InnovaGoods | | Tupique<\/title>\n<meta name=\"description\" content=\"Envie d&#039;acheter \u00c9tendoir mural pliable extensible r\u00e9tractable Dryva 80 InnovaGoods\u00a0? Achetez \u00c9tendoir mural pliable extensible r\u00e9tractable Dryva 80 InnovaGoods maintenant avec Tupique en 3 versements sans int\u00e9r\u00eat.\" \/>\n<meta name=\"robots\" content=\"index, follow, max-snippet:-1, max-image-preview:large, max-video-preview:-1\" \/>\n<link rel=\"canonical\" href=\"https:\/\/tupique.com\/en\/product\/etendoir-mural-pliable-extensible-retractable-dryva-80-innovagoods\/\" \/>\n<meta property=\"og:locale\" content=\"en_GB\" \/>\n<meta property=\"og:type\" content=\"article\" \/>\n<meta property=\"og:title\" content=\"\u00c9tendoir mural pliable extensible r\u00e9tractable Dryva 80 InnovaGoods | | Tupique\" \/>\n<meta property=\"og:description\" content=\"Envie d&#039;acheter \u00c9tendoir mural pliable extensible r\u00e9tractable Dryva 80 InnovaGoods\u00a0? Achetez \u00c9tendoir mural pliable extensible r\u00e9tractable Dryva 80 InnovaGoods maintenant avec Tupique en 3 versements sans int\u00e9r\u00eat.\" \/>\n<meta property=\"og:url\" content=\"https:\/\/tupique.com\/en\/product\/etendoir-mural-pliable-extensible-retractable-dryva-80-innovagoods\/\" \/>\n<meta property=\"og:site_name\" content=\"Tupique\" \/>\n<meta property=\"article:modified_time\" content=\"2026-05-14T18:51:09+00:00\" \/>\n<meta property=\"og:image\" content=\"https:\/\/tupique.com\/wp-content\/uploads\/2026\/05\/v0104023_004_mkt0.jpg\" \/>\n\t<meta property=\"og:image:width\" content=\"1200\" \/>\n\t<meta property=\"og:image:height\" content=\"1200\" \/>\n\t<meta property=\"og:image:type\" content=\"image\/jpeg\" \/>\n<meta name=\"twitter:card\" content=\"summary_large_image\" \/>\n<meta name=\"twitter:label1\" content=\"Est. reading time\" \/>\n\t<meta name=\"twitter:data1\" content=\"2 minutes\" \/>\n<script type=\"application\/ld+json\" class=\"yoast-schema-graph\">{\"@context\":\"https:\\\/\\\/schema.org\",\"@graph\":[{\"@type\":\"WebPage\",\"@id\":\"https:\\\/\\\/tupique.com\\\/product\\\/etendoir-mural-pliable-extensible-retractable-dryva-80-innovagoods\\\/\",\"url\":\"https:\\\/\\\/tupique.com\\\/product\\\/etendoir-mural-pliable-extensible-retractable-dryva-80-innovagoods\\\/\",\"name\":\"\u00c9tendoir mural pliable extensible r\u00e9tractable Dryva 80 InnovaGoods | | Tupique\",\"isPartOf\":{\"@id\":\"https:\\\/\\\/tupique.com\\\/#website\"},\"primaryImageOfPage\":{\"@id\":\"https:\\\/\\\/tupique.com\\\/product\\\/etendoir-mural-pliable-extensible-retractable-dryva-80-innovagoods\\\/#primaryimage\"},\"image\":{\"@id\":\"https:\\\/\\\/tupique.com\\\/product\\\/etendoir-mural-pliable-extensible-retractable-dryva-80-innovagoods\\\/#primaryimage\"},\"thumbnailUrl\":\"https:\\\/\\\/tupique.com\\\/wp-content\\\/uploads\\\/2026\\\/05\\\/v0104023_004_mkt0.jpg\",\"datePublished\":\"2026-05-14T18:42:44+00:00\",\"dateModified\":\"2026-05-14T18:51:09+00:00\",\"description\":\"Envie d'acheter \u00c9tendoir mural pliable extensible r\u00e9tractable Dryva 80 InnovaGoods\u00a0? Achetez \u00c9tendoir mural pliable extensible r\u00e9tractable Dryva 80 InnovaGoods maintenant avec Tupique en 3 versements sans int\u00e9r\u00eat.\",\"breadcrumb\":{\"@id\":\"https:\\\/\\\/tupique.com\\\/product\\\/etendoir-mural-pliable-extensible-retractable-dryva-80-innovagoods\\\/#breadcrumb\"},\"inLanguage\":\"en-GB\",\"potentialAction\":[{\"@type\":\"ReadAction\",\"target\":[\"https:\\\/\\\/tupique.com\\\/product\\\/etendoir-mural-pliable-extensible-retractable-dryva-80-innovagoods\\\/\"]}]},{\"@type\":\"ImageObject\",\"inLanguage\":\"en-GB\",\"@id\":\"https:\\\/\\\/tupique.com\\\/product\\\/etendoir-mural-pliable-extensible-retractable-dryva-80-innovagoods\\\/#primaryimage\",\"url\":\"https:\\\/\\\/tupique.com\\\/wp-content\\\/uploads\\\/2026\\\/05\\\/v0104023_004_mkt0.jpg\",\"contentUrl\":\"https:\\\/\\\/tupique.com\\\/wp-content\\\/uploads\\\/2026\\\/05\\\/v0104023_004_mkt0.jpg\",\"width\":1200,\"height\":1200,\"caption\":\"V0104023_0\"},{\"@type\":\"BreadcrumbList\",\"@id\":\"https:\\\/\\\/tupique.com\\\/product\\\/etendoir-mural-pliable-extensible-retractable-dryva-80-innovagoods\\\/#breadcrumb\",\"itemListElement\":[{\"@type\":\"ListItem\",\"position\":1,\"name\":\"commencer\",\"item\":\"https:\\\/\\\/tupique.com\\\/\"},{\"@type\":\"ListItem\",\"position\":2,\"name\":\"Loja\",\"item\":\"https:\\\/\\\/tupique.com\\\/pt\\\/loja\\\/\"},{\"@type\":\"ListItem\",\"position\":3,\"name\":\"\u00c9tendoir mural pliable extensible r\u00e9tractable Dryva 80 InnovaGoods\"}]},{\"@type\":\"WebSite\",\"@id\":\"https:\\\/\\\/tupique.com\\\/#website\",\"url\":\"https:\\\/\\\/tupique.com\\\/\",\"name\":\"Tupique\",\"description\":\"\",\"publisher\":{\"@id\":\"https:\\\/\\\/tupique.com\\\/#organization\"},\"potentialAction\":[{\"@type\":\"SearchAction\",\"target\":{\"@type\":\"EntryPoint\",\"urlTemplate\":\"https:\\\/\\\/tupique.com\\\/?s={search_term_string}\"},\"query-input\":{\"@type\":\"PropertyValueSpecification\",\"valueRequired\":true,\"valueName\":\"search_term_string\"}}],\"inLanguage\":\"en-GB\"},{\"@type\":\"Organization\",\"@id\":\"https:\\\/\\\/tupique.com\\\/#organization\",\"name\":\"Tupique\",\"url\":\"https:\\\/\\\/tupique.com\\\/\",\"logo\":{\"@type\":\"ImageObject\",\"inLanguage\":\"en-GB\",\"@id\":\"https:\\\/\\\/tupique.com\\\/#\\\/schema\\\/logo\\\/image\\\/\",\"url\":\"https:\\\/\\\/tupique.com\\\/wp-content\\\/uploads\\\/2026\\\/03\\\/logo-tupique-1.webp\",\"contentUrl\":\"https:\\\/\\\/tupique.com\\\/wp-content\\\/uploads\\\/2026\\\/03\\\/logo-tupique-1.webp\",\"width\":500,\"height\":67,\"caption\":\"Tupique\"},\"image\":{\"@id\":\"https:\\\/\\\/tupique.com\\\/#\\\/schema\\\/logo\\\/image\\\/\"}}]}<\/script>\n<!-- \/ Yoast SEO plugin. -->","yoast_head_json":{"title":"\u00c9tendoir mural pliable extensible r\u00e9tractable Dryva 80 InnovaGoods | | Tupique","description":"Envie d'acheter \u00c9tendoir mural pliable extensible r\u00e9tractable Dryva 80 InnovaGoods\u00a0? Achetez \u00c9tendoir mural pliable extensible r\u00e9tractable Dryva 80 InnovaGoods maintenant avec Tupique en 3 versements sans int\u00e9r\u00eat.","robots":{"index":"index","follow":"follow","max-snippet":"max-snippet:-1","max-image-preview":"max-image-preview:large","max-video-preview":"max-video-preview:-1"},"canonical":"https:\/\/tupique.com\/en\/product\/etendoir-mural-pliable-extensible-retractable-dryva-80-innovagoods\/","og_locale":"en_GB","og_type":"article","og_title":"\u00c9tendoir mural pliable extensible r\u00e9tractable Dryva 80 InnovaGoods | | Tupique","og_description":"Envie d'acheter \u00c9tendoir mural pliable extensible r\u00e9tractable Dryva 80 InnovaGoods\u00a0? Achetez \u00c9tendoir mural pliable extensible r\u00e9tractable Dryva 80 InnovaGoods maintenant avec Tupique en 3 versements sans int\u00e9r\u00eat.","og_url":"https:\/\/tupique.com\/en\/product\/etendoir-mural-pliable-extensible-retractable-dryva-80-innovagoods\/","og_site_name":"Tupique","article_modified_time":"2026-05-14T18:51:09+00:00","og_image":[{"width":1200,"height":1200,"url":"https:\/\/tupique.com\/wp-content\/uploads\/2026\/05\/v0104023_004_mkt0.jpg","type":"image\/jpeg"}],"twitter_card":"summary_large_image","twitter_misc":{"Est. reading time":"2 minutes"},"schema":{"@context":"https:\/\/schema.org","@graph":[{"@type":"WebPage","@id":"https:\/\/tupique.com\/product\/etendoir-mural-pliable-extensible-retractable-dryva-80-innovagoods\/","url":"https:\/\/tupique.com\/product\/etendoir-mural-pliable-extensible-retractable-dryva-80-innovagoods\/","name":"\u00c9tendoir mural pliable extensible r\u00e9tractable Dryva 80 InnovaGoods | | Tupique","isPartOf":{"@id":"https:\/\/tupique.com\/#website"},"primaryImageOfPage":{"@id":"https:\/\/tupique.com\/product\/etendoir-mural-pliable-extensible-retractable-dryva-80-innovagoods\/#primaryimage"},"image":{"@id":"https:\/\/tupique.com\/product\/etendoir-mural-pliable-extensible-retractable-dryva-80-innovagoods\/#primaryimage"},"thumbnailUrl":"https:\/\/tupique.com\/wp-content\/uploads\/2026\/05\/v0104023_004_mkt0.jpg","datePublished":"2026-05-14T18:42:44+00:00","dateModified":"2026-05-14T18:51:09+00:00","description":"Envie d'acheter \u00c9tendoir mural pliable extensible r\u00e9tractable Dryva 80 InnovaGoods\u00a0? Achetez \u00c9tendoir mural pliable extensible r\u00e9tractable Dryva 80 InnovaGoods maintenant avec Tupique en 3 versements sans int\u00e9r\u00eat.","breadcrumb":{"@id":"https:\/\/tupique.com\/product\/etendoir-mural-pliable-extensible-retractable-dryva-80-innovagoods\/#breadcrumb"},"inLanguage":"en-GB","potentialAction":[{"@type":"ReadAction","target":["https:\/\/tupique.com\/product\/etendoir-mural-pliable-extensible-retractable-dryva-80-innovagoods\/"]}]},{"@type":"ImageObject","inLanguage":"en-GB","@id":"https:\/\/tupique.com\/product\/etendoir-mural-pliable-extensible-retractable-dryva-80-innovagoods\/#primaryimage","url":"https:\/\/tupique.com\/wp-content\/uploads\/2026\/05\/v0104023_004_mkt0.jpg","contentUrl":"https:\/\/tupique.com\/wp-content\/uploads\/2026\/05\/v0104023_004_mkt0.jpg","width":1200,"height":1200,"caption":"V0104023_0"},{"@type":"BreadcrumbList","@id":"https:\/\/tupique.com\/product\/etendoir-mural-pliable-extensible-retractable-dryva-80-innovagoods\/#breadcrumb","itemListElement":[{"@type":"ListItem","position":1,"name":"commencer","item":"https:\/\/tupique.com\/"},{"@type":"ListItem","position":2,"name":"Loja","item":"https:\/\/tupique.com\/pt\/loja\/"},{"@type":"ListItem","position":3,"name":"\u00c9tendoir mural pliable extensible r\u00e9tractable Dryva 80 InnovaGoods"}]},{"@type":"WebSite","@id":"https:\/\/tupique.com\/#website","url":"https:\/\/tupique.com\/","name":"Tupique","description":"","publisher":{"@id":"https:\/\/tupique.com\/#organization"},"potentialAction":[{"@type":"SearchAction","target":{"@type":"EntryPoint","urlTemplate":"https:\/\/tupique.com\/?s={search_term_string}"},"query-input":{"@type":"PropertyValueSpecification","valueRequired":true,"valueName":"search_term_string"}}],"inLanguage":"en-GB"},{"@type":"Organization","@id":"https:\/\/tupique.com\/#organization","name":"Tupique","url":"https:\/\/tupique.com\/","logo":{"@type":"ImageObject","inLanguage":"en-GB","@id":"https:\/\/tupique.com\/#\/schema\/logo\/image\/","url":"https:\/\/tupique.com\/wp-content\/uploads\/2026\/03\/logo-tupique-1.webp","contentUrl":"https:\/\/tupique.com\/wp-content\/uploads\/2026\/03\/logo-tupique-1.webp","width":500,"height":67,"caption":"Tupique"},"image":{"@id":"https:\/\/tupique.com\/#\/schema\/logo\/image\/"}}]}},"_links":{"self":[{"href":"https:\/\/tupique.com\/en\/wp-json\/wp\/v2\/product\/211811","targetHints":{"allow":["GET"]}}],"collection":[{"href":"https:\/\/tupique.com\/en\/wp-json\/wp\/v2\/product"}],"about":[{"href":"https:\/\/tupique.com\/en\/wp-json\/wp\/v2\/types\/product"}],"replies":[{"embeddable":true,"href":"https:\/\/tupique.com\/en\/wp-json\/wp\/v2\/comments?post=211811"}],"wp:featuredmedia":[{"embeddable":true,"href":"https:\/\/tupique.com\/en\/wp-json\/wp\/v2\/media\/211803"}],"wp:attachment":[{"href":"https:\/\/tupique.com\/en\/wp-json\/wp\/v2\/media?parent=211811"}],"wp:term":[{"taxonomy":"product_brand","embeddable":true,"href":"https:\/\/tupique.com\/en\/wp-json\/wp\/v2\/product_brand?post=211811"},{"taxonomy":"product_cat","embeddable":true,"href":"https:\/\/tupique.com\/en\/wp-json\/wp\/v2\/product_cat?post=211811"},{"taxonomy":"product_tag","embeddable":true,"href":"https:\/\/tupique.com\/en\/wp-json\/wp\/v2\/product_tag?post=211811"},{"taxonomy":"woo-feed-brand","embeddable":true,"href":"https:\/\/tupique.com\/en\/wp-json\/wp\/v2\/woo-feed-brand?post=211811"}],"curies":[{"name":"wp","href":"https:\/\/api.w.org\/{rel}","templated":true}]}}