{"id":212027,"date":"2026-05-14T20:57:17","date_gmt":"2026-05-14T18:57:17","guid":{"rendered":"https:\/\/tupique.com\/product\/figurine-decorative-home-esprit\/"},"modified":"2026-05-14T21:06:16","modified_gmt":"2026-05-14T19:06:16","slug":"figurine-decorative-home-esprit","status":"publish","type":"product","link":"https:\/\/tupique.com\/en\/product\/figurine-decorative-home-esprit\/","title":{"rendered":"Figurine D\u00e9corative Home ESPRIT"},"content":{"rendered":"<p>Vous voulez donner une touche d&#8217;originalit\u00e9 \u00e0 votre maison ? Vous y arriverez gr\u00e2ce au <b>Figurine D\u00e9corative Home ESPRIT<\/b>.<\/p>\n<ul>\n<li>Couleur:\n<ul>\n<li>Marron<\/li>\n<li>Noir<\/li>\n<\/ul>\n<\/li>\n<li>Mat\u00e9riel:\n<ul>\n<li>R\u00e9sine<\/li>\n<li>Plastique<\/li>\n<\/ul>\n<\/li>\n<li>Design:\n<ul>\n<li>Buste<\/li>\n<li>N\u00e9oclassique<\/li>\n<\/ul>\n<\/li>\n<li>Dimensions approx.: 26,2 x 16 x 68,5 cm<\/li>\n<li>Type: Figurine D\u00e9corative<\/li>\n<\/ul>","protected":false},"excerpt":{"rendered":"<p>Vous voulez donner une touche d&#8217;originalit\u00e9 \u00e0 votre maison ? Vous y arriverez gr\u00e2ce au Figurine D\u00e9corative Home ESPRIT. Couleur: Marron Noir Mat\u00e9riel: R\u00e9sine Plastique Design: Buste N\u00e9oclassique Dimensions approx.: 26,2 x 16 x 68,5 cm Type: Figurine D\u00e9corative<\/p>","protected":false},"featured_media":212023,"comment_status":"open","ping_status":"closed","template":"","meta":[],"product_brand":[457],"product_cat":[1699,1430,239],"product_tag":[104],"woo-feed-brand":[],"class_list":{"0":"post-212027","1":"product","2":"type-product","3":"status-publish","4":"has-post-thumbnail","6":"product_brand-brandp_8520","7":"product_cat-autres-articles-de-decoration","8":"product_cat-decoration-et-eclairage","9":"product_cat-maison-jardin","10":"product_tag-tag_1279","12":"first","13":"instock","14":"taxable","15":"shipping-taxable","16":"purchasable","17":"product-type-simple"},"yoast_head":"<!-- This site is optimized with the Yoast SEO plugin v27.6 - https:\/\/yoast.com\/product\/yoast-seo-wordpress\/ -->\n<title>Figurine D\u00e9corative Home ESPRIT | | Tupique<\/title>\n<meta name=\"description\" content=\"Envie d&#039;acheter Figurine D\u00e9corative Home ESPRIT\u00a0? Achetez Figurine D\u00e9corative Home ESPRIT maintenant avec Tupique en 3 versements sans int\u00e9r\u00eat.\" \/>\n<meta name=\"robots\" content=\"index, follow, max-snippet:-1, max-image-preview:large, max-video-preview:-1\" \/>\n<link rel=\"canonical\" href=\"https:\/\/tupique.com\/en\/product\/figurine-decorative-home-esprit\/\" \/>\n<meta property=\"og:locale\" content=\"en_GB\" \/>\n<meta property=\"og:type\" content=\"article\" \/>\n<meta property=\"og:title\" content=\"Figurine D\u00e9corative Home ESPRIT | | Tupique\" \/>\n<meta property=\"og:description\" content=\"Envie d&#039;acheter Figurine D\u00e9corative Home ESPRIT\u00a0? Achetez Figurine D\u00e9corative Home ESPRIT maintenant avec Tupique en 3 versements sans int\u00e9r\u00eat.\" \/>\n<meta property=\"og:url\" content=\"https:\/\/tupique.com\/en\/product\/figurine-decorative-home-esprit\/\" \/>\n<meta property=\"og:site_name\" content=\"Tupique\" \/>\n<meta property=\"article:modified_time\" content=\"2026-05-14T19:06:16+00:00\" \/>\n<meta property=\"og:image\" content=\"https:\/\/tupique.com\/wp-content\/uploads\/2026\/05\/8424002106393_V3402179_P30.jpg\" \/>\n\t<meta property=\"og:image:width\" content=\"1200\" \/>\n\t<meta property=\"og:image:height\" content=\"1200\" \/>\n\t<meta property=\"og:image:type\" content=\"image\/jpeg\" \/>\n<meta name=\"twitter:card\" content=\"summary_large_image\" \/>\n<script type=\"application\/ld+json\" class=\"yoast-schema-graph\">{\"@context\":\"https:\\\/\\\/schema.org\",\"@graph\":[{\"@type\":\"WebPage\",\"@id\":\"https:\\\/\\\/tupique.com\\\/product\\\/figurine-decorative-home-esprit\\\/\",\"url\":\"https:\\\/\\\/tupique.com\\\/product\\\/figurine-decorative-home-esprit\\\/\",\"name\":\"Figurine D\u00e9corative Home ESPRIT | | Tupique\",\"isPartOf\":{\"@id\":\"https:\\\/\\\/tupique.com\\\/#website\"},\"primaryImageOfPage\":{\"@id\":\"https:\\\/\\\/tupique.com\\\/product\\\/figurine-decorative-home-esprit\\\/#primaryimage\"},\"image\":{\"@id\":\"https:\\\/\\\/tupique.com\\\/product\\\/figurine-decorative-home-esprit\\\/#primaryimage\"},\"thumbnailUrl\":\"https:\\\/\\\/tupique.com\\\/wp-content\\\/uploads\\\/2026\\\/05\\\/8424002106393_V3402179_P30.jpg\",\"datePublished\":\"2026-05-14T18:57:17+00:00\",\"dateModified\":\"2026-05-14T19:06:16+00:00\",\"description\":\"Envie d'acheter Figurine D\u00e9corative Home ESPRIT\u00a0? Achetez Figurine D\u00e9corative Home ESPRIT maintenant avec Tupique en 3 versements sans int\u00e9r\u00eat.\",\"breadcrumb\":{\"@id\":\"https:\\\/\\\/tupique.com\\\/product\\\/figurine-decorative-home-esprit\\\/#breadcrumb\"},\"inLanguage\":\"en-GB\",\"potentialAction\":[{\"@type\":\"ReadAction\",\"target\":[\"https:\\\/\\\/tupique.com\\\/product\\\/figurine-decorative-home-esprit\\\/\"]}]},{\"@type\":\"ImageObject\",\"inLanguage\":\"en-GB\",\"@id\":\"https:\\\/\\\/tupique.com\\\/product\\\/figurine-decorative-home-esprit\\\/#primaryimage\",\"url\":\"https:\\\/\\\/tupique.com\\\/wp-content\\\/uploads\\\/2026\\\/05\\\/8424002106393_V3402179_P30.jpg\",\"contentUrl\":\"https:\\\/\\\/tupique.com\\\/wp-content\\\/uploads\\\/2026\\\/05\\\/8424002106393_V3402179_P30.jpg\",\"width\":1200,\"height\":1200,\"caption\":\"V3402179_0\"},{\"@type\":\"BreadcrumbList\",\"@id\":\"https:\\\/\\\/tupique.com\\\/product\\\/figurine-decorative-home-esprit\\\/#breadcrumb\",\"itemListElement\":[{\"@type\":\"ListItem\",\"position\":1,\"name\":\"commencer\",\"item\":\"https:\\\/\\\/tupique.com\\\/\"},{\"@type\":\"ListItem\",\"position\":2,\"name\":\"Loja\",\"item\":\"https:\\\/\\\/tupique.com\\\/pt\\\/loja\\\/\"},{\"@type\":\"ListItem\",\"position\":3,\"name\":\"Figurine D\u00e9corative Home ESPRIT\"}]},{\"@type\":\"WebSite\",\"@id\":\"https:\\\/\\\/tupique.com\\\/#website\",\"url\":\"https:\\\/\\\/tupique.com\\\/\",\"name\":\"Tupique\",\"description\":\"\",\"publisher\":{\"@id\":\"https:\\\/\\\/tupique.com\\\/#organization\"},\"potentialAction\":[{\"@type\":\"SearchAction\",\"target\":{\"@type\":\"EntryPoint\",\"urlTemplate\":\"https:\\\/\\\/tupique.com\\\/?s={search_term_string}\"},\"query-input\":{\"@type\":\"PropertyValueSpecification\",\"valueRequired\":true,\"valueName\":\"search_term_string\"}}],\"inLanguage\":\"en-GB\"},{\"@type\":\"Organization\",\"@id\":\"https:\\\/\\\/tupique.com\\\/#organization\",\"name\":\"Tupique\",\"url\":\"https:\\\/\\\/tupique.com\\\/\",\"logo\":{\"@type\":\"ImageObject\",\"inLanguage\":\"en-GB\",\"@id\":\"https:\\\/\\\/tupique.com\\\/#\\\/schema\\\/logo\\\/image\\\/\",\"url\":\"https:\\\/\\\/tupique.com\\\/wp-content\\\/uploads\\\/2026\\\/03\\\/logo-tupique-1.webp\",\"contentUrl\":\"https:\\\/\\\/tupique.com\\\/wp-content\\\/uploads\\\/2026\\\/03\\\/logo-tupique-1.webp\",\"width\":500,\"height\":67,\"caption\":\"Tupique\"},\"image\":{\"@id\":\"https:\\\/\\\/tupique.com\\\/#\\\/schema\\\/logo\\\/image\\\/\"}}]}<\/script>\n<!-- \/ Yoast SEO plugin. -->","yoast_head_json":{"title":"Figurine D\u00e9corative Home ESPRIT | | Tupique","description":"Envie d'acheter Figurine D\u00e9corative Home ESPRIT\u00a0? Achetez Figurine D\u00e9corative Home ESPRIT maintenant avec Tupique en 3 versements sans int\u00e9r\u00eat.","robots":{"index":"index","follow":"follow","max-snippet":"max-snippet:-1","max-image-preview":"max-image-preview:large","max-video-preview":"max-video-preview:-1"},"canonical":"https:\/\/tupique.com\/en\/product\/figurine-decorative-home-esprit\/","og_locale":"en_GB","og_type":"article","og_title":"Figurine D\u00e9corative Home ESPRIT | | Tupique","og_description":"Envie d'acheter Figurine D\u00e9corative Home ESPRIT\u00a0? Achetez Figurine D\u00e9corative Home ESPRIT maintenant avec Tupique en 3 versements sans int\u00e9r\u00eat.","og_url":"https:\/\/tupique.com\/en\/product\/figurine-decorative-home-esprit\/","og_site_name":"Tupique","article_modified_time":"2026-05-14T19:06:16+00:00","og_image":[{"width":1200,"height":1200,"url":"https:\/\/tupique.com\/wp-content\/uploads\/2026\/05\/8424002106393_V3402179_P30.jpg","type":"image\/jpeg"}],"twitter_card":"summary_large_image","schema":{"@context":"https:\/\/schema.org","@graph":[{"@type":"WebPage","@id":"https:\/\/tupique.com\/product\/figurine-decorative-home-esprit\/","url":"https:\/\/tupique.com\/product\/figurine-decorative-home-esprit\/","name":"Figurine D\u00e9corative Home ESPRIT | | Tupique","isPartOf":{"@id":"https:\/\/tupique.com\/#website"},"primaryImageOfPage":{"@id":"https:\/\/tupique.com\/product\/figurine-decorative-home-esprit\/#primaryimage"},"image":{"@id":"https:\/\/tupique.com\/product\/figurine-decorative-home-esprit\/#primaryimage"},"thumbnailUrl":"https:\/\/tupique.com\/wp-content\/uploads\/2026\/05\/8424002106393_V3402179_P30.jpg","datePublished":"2026-05-14T18:57:17+00:00","dateModified":"2026-05-14T19:06:16+00:00","description":"Envie d'acheter Figurine D\u00e9corative Home ESPRIT\u00a0? Achetez Figurine D\u00e9corative Home ESPRIT maintenant avec Tupique en 3 versements sans int\u00e9r\u00eat.","breadcrumb":{"@id":"https:\/\/tupique.com\/product\/figurine-decorative-home-esprit\/#breadcrumb"},"inLanguage":"en-GB","potentialAction":[{"@type":"ReadAction","target":["https:\/\/tupique.com\/product\/figurine-decorative-home-esprit\/"]}]},{"@type":"ImageObject","inLanguage":"en-GB","@id":"https:\/\/tupique.com\/product\/figurine-decorative-home-esprit\/#primaryimage","url":"https:\/\/tupique.com\/wp-content\/uploads\/2026\/05\/8424002106393_V3402179_P30.jpg","contentUrl":"https:\/\/tupique.com\/wp-content\/uploads\/2026\/05\/8424002106393_V3402179_P30.jpg","width":1200,"height":1200,"caption":"V3402179_0"},{"@type":"BreadcrumbList","@id":"https:\/\/tupique.com\/product\/figurine-decorative-home-esprit\/#breadcrumb","itemListElement":[{"@type":"ListItem","position":1,"name":"commencer","item":"https:\/\/tupique.com\/"},{"@type":"ListItem","position":2,"name":"Loja","item":"https:\/\/tupique.com\/pt\/loja\/"},{"@type":"ListItem","position":3,"name":"Figurine D\u00e9corative Home ESPRIT"}]},{"@type":"WebSite","@id":"https:\/\/tupique.com\/#website","url":"https:\/\/tupique.com\/","name":"Tupique","description":"","publisher":{"@id":"https:\/\/tupique.com\/#organization"},"potentialAction":[{"@type":"SearchAction","target":{"@type":"EntryPoint","urlTemplate":"https:\/\/tupique.com\/?s={search_term_string}"},"query-input":{"@type":"PropertyValueSpecification","valueRequired":true,"valueName":"search_term_string"}}],"inLanguage":"en-GB"},{"@type":"Organization","@id":"https:\/\/tupique.com\/#organization","name":"Tupique","url":"https:\/\/tupique.com\/","logo":{"@type":"ImageObject","inLanguage":"en-GB","@id":"https:\/\/tupique.com\/#\/schema\/logo\/image\/","url":"https:\/\/tupique.com\/wp-content\/uploads\/2026\/03\/logo-tupique-1.webp","contentUrl":"https:\/\/tupique.com\/wp-content\/uploads\/2026\/03\/logo-tupique-1.webp","width":500,"height":67,"caption":"Tupique"},"image":{"@id":"https:\/\/tupique.com\/#\/schema\/logo\/image\/"}}]}},"_links":{"self":[{"href":"https:\/\/tupique.com\/en\/wp-json\/wp\/v2\/product\/212027","targetHints":{"allow":["GET"]}}],"collection":[{"href":"https:\/\/tupique.com\/en\/wp-json\/wp\/v2\/product"}],"about":[{"href":"https:\/\/tupique.com\/en\/wp-json\/wp\/v2\/types\/product"}],"replies":[{"embeddable":true,"href":"https:\/\/tupique.com\/en\/wp-json\/wp\/v2\/comments?post=212027"}],"wp:featuredmedia":[{"embeddable":true,"href":"https:\/\/tupique.com\/en\/wp-json\/wp\/v2\/media\/212023"}],"wp:attachment":[{"href":"https:\/\/tupique.com\/en\/wp-json\/wp\/v2\/media?parent=212027"}],"wp:term":[{"taxonomy":"product_brand","embeddable":true,"href":"https:\/\/tupique.com\/en\/wp-json\/wp\/v2\/product_brand?post=212027"},{"taxonomy":"product_cat","embeddable":true,"href":"https:\/\/tupique.com\/en\/wp-json\/wp\/v2\/product_cat?post=212027"},{"taxonomy":"product_tag","embeddable":true,"href":"https:\/\/tupique.com\/en\/wp-json\/wp\/v2\/product_tag?post=212027"},{"taxonomy":"woo-feed-brand","embeddable":true,"href":"https:\/\/tupique.com\/en\/wp-json\/wp\/v2\/woo-feed-brand?post=212027"}],"curies":[{"name":"wp","href":"https:\/\/api.w.org\/{rel}","templated":true}]}}