{"id":213125,"date":"2026-05-14T22:37:48","date_gmt":"2026-05-14T20:37:48","guid":{"rendered":"https:\/\/tupique.com\/product\/plaque-a-induction-bosch-pgc6b5k90-60-cm\/"},"modified":"2026-05-15T22:32:34","modified_gmt":"2026-05-15T20:32:34","slug":"plaque-a-induction-bosch-pgc6b5k90-60-cm","status":"publish","type":"product","link":"https:\/\/tupique.com\/en\/product\/plaque-a-induction-bosch-pgc6b5k90-60-cm\/","title":{"rendered":"Plaque \u00e0 Induction BOSCH PGC6B5K90 60 cm"},"content":{"rendered":"<p>Si vous pensez r\u00e9nover votre cuisine, achetez <b>Plaque \u00e0 Induction BOSCH PGC6B5K90 60 cm<\/b> et d\u00b4autres <b>produits BOSCH<\/b> !<\/p>\n<ul>\n<li>Type:\n<ul>\n<li>Plaque \u00e0 Induction<\/li>\n<li>Int\u00e9gr\u00e9<\/li>\n<\/ul>\n<\/li>\n<li>Produit \u00e0 brancher: Oui<\/li>\n<li>Bloc d\u2019Alimentation: r\u00e9seau \u00e9lectrique<\/li>\n<li>Zones de cuisson: 3<\/li>\n<li>Largeur: 60 cm<\/li>\n<li>Caract\u00e9ristiques: Facile \u00e0 nettoyer<\/li>\n<li>Forme: Rond<\/li>\n<li>Longueur du c\u00e2ble: 1 m<\/li>\n<li>Couleur: Acier<\/li>\n<li>Fr\u00e9quence d&#8217;entr\u00e9e AC: 50-60 Hz<\/li>\n<li>Tension: 220-240 V<\/li>\n<li>Long: 52 cm<\/li>\n<li>\u00c9cran integr\u00e9: Non<\/li>\n<li>Design: Sans cadre<\/li>\n<\/ul>","protected":false},"excerpt":{"rendered":"<p>Si vous pensez r\u00e9nover votre cuisine, achetez Plaque \u00e0 Induction BOSCH PGC6B5K90 60 cm et d\u00b4autres produits BOSCH ! Type: Plaque \u00e0 Induction Int\u00e9gr\u00e9 Produit \u00e0 brancher: Oui Bloc d\u2019Alimentation: r\u00e9seau \u00e9lectrique Zones de cuisson: 3 Largeur: 60 cm Caract\u00e9ristiques: Facile \u00e0 nettoyer Forme: Rond Longueur du c\u00e2ble: 1 m Couleur: Acier Fr\u00e9quence d&#8217;entr\u00e9e AC: [&hellip;]<\/p>\n","protected":false},"featured_media":213121,"comment_status":"open","ping_status":"closed","template":"","meta":[],"product_brand":[162],"product_cat":[60,77,78],"product_tag":[55,56],"woo-feed-brand":[],"class_list":{"0":"post-213125","1":"product","2":"type-product","3":"status-publish","4":"has-post-thumbnail","6":"product_brand-brandp_959","7":"product_cat-cuisine-gourmet","8":"product_cat-petit-electromenager","9":"product_cat-plaques-de-cuisson","10":"product_tag-tag_926","11":"product_tag-tag_930","13":"first","14":"instock","15":"taxable","16":"shipping-taxable","17":"purchasable","18":"product-type-simple"},"yoast_head":"<!-- This site is optimized with the Yoast SEO plugin v27.6 - https:\/\/yoast.com\/product\/yoast-seo-wordpress\/ -->\n<title>Plaque \u00e0 Induction BOSCH PGC6B5K90 60 cm | | Tupique<\/title>\n<meta name=\"description\" content=\"Envie d&#039;acheter Plaque \u00e0 Induction BOSCH PGC6B5K90 60 cm\u00a0? Achetez Plaque \u00e0 Induction BOSCH PGC6B5K90 60 cm maintenant avec Tupique en 3 versements sans int\u00e9r\u00eat.\" \/>\n<meta name=\"robots\" content=\"index, follow, max-snippet:-1, max-image-preview:large, max-video-preview:-1\" \/>\n<link rel=\"canonical\" href=\"https:\/\/tupique.com\/en\/product\/plaque-a-induction-bosch-pgc6b5k90-60-cm\/\" \/>\n<meta property=\"og:locale\" content=\"en_GB\" \/>\n<meta property=\"og:type\" content=\"article\" \/>\n<meta property=\"og:title\" content=\"Plaque \u00e0 Induction BOSCH PGC6B5K90 60 cm | | Tupique\" \/>\n<meta property=\"og:description\" content=\"Envie d&#039;acheter Plaque \u00e0 Induction BOSCH PGC6B5K90 60 cm\u00a0? Achetez Plaque \u00e0 Induction BOSCH PGC6B5K90 60 cm maintenant avec Tupique en 3 versements sans int\u00e9r\u00eat.\" \/>\n<meta property=\"og:url\" content=\"https:\/\/tupique.com\/en\/product\/plaque-a-induction-bosch-pgc6b5k90-60-cm\/\" \/>\n<meta property=\"og:site_name\" content=\"Tupique\" \/>\n<meta property=\"article:modified_time\" content=\"2026-05-15T20:32:34+00:00\" \/>\n<meta property=\"og:image\" content=\"https:\/\/tupique.com\/wp-content\/uploads\/2026\/05\/4242005484591_S0469178_P00.jpg\" \/>\n\t<meta property=\"og:image:width\" content=\"1200\" \/>\n\t<meta property=\"og:image:height\" content=\"1200\" \/>\n\t<meta property=\"og:image:type\" content=\"image\/jpeg\" \/>\n<meta name=\"twitter:card\" content=\"summary_large_image\" \/>\n<script type=\"application\/ld+json\" class=\"yoast-schema-graph\">{\"@context\":\"https:\\\/\\\/schema.org\",\"@graph\":[{\"@type\":\"WebPage\",\"@id\":\"https:\\\/\\\/tupique.com\\\/product\\\/plaque-a-induction-bosch-pgc6b5k90-60-cm\\\/\",\"url\":\"https:\\\/\\\/tupique.com\\\/product\\\/plaque-a-induction-bosch-pgc6b5k90-60-cm\\\/\",\"name\":\"Plaque \u00e0 Induction BOSCH PGC6B5K90 60 cm | | Tupique\",\"isPartOf\":{\"@id\":\"https:\\\/\\\/tupique.com\\\/#website\"},\"primaryImageOfPage\":{\"@id\":\"https:\\\/\\\/tupique.com\\\/product\\\/plaque-a-induction-bosch-pgc6b5k90-60-cm\\\/#primaryimage\"},\"image\":{\"@id\":\"https:\\\/\\\/tupique.com\\\/product\\\/plaque-a-induction-bosch-pgc6b5k90-60-cm\\\/#primaryimage\"},\"thumbnailUrl\":\"https:\\\/\\\/tupique.com\\\/wp-content\\\/uploads\\\/2026\\\/05\\\/4242005484591_S0469178_P00.jpg\",\"datePublished\":\"2026-05-14T20:37:48+00:00\",\"dateModified\":\"2026-05-15T20:32:34+00:00\",\"description\":\"Envie d'acheter Plaque \u00e0 Induction BOSCH PGC6B5K90 60 cm\u00a0? Achetez Plaque \u00e0 Induction BOSCH PGC6B5K90 60 cm maintenant avec Tupique en 3 versements sans int\u00e9r\u00eat.\",\"breadcrumb\":{\"@id\":\"https:\\\/\\\/tupique.com\\\/product\\\/plaque-a-induction-bosch-pgc6b5k90-60-cm\\\/#breadcrumb\"},\"inLanguage\":\"en-GB\",\"potentialAction\":[{\"@type\":\"ReadAction\",\"target\":[\"https:\\\/\\\/tupique.com\\\/product\\\/plaque-a-induction-bosch-pgc6b5k90-60-cm\\\/\"]}]},{\"@type\":\"ImageObject\",\"inLanguage\":\"en-GB\",\"@id\":\"https:\\\/\\\/tupique.com\\\/product\\\/plaque-a-induction-bosch-pgc6b5k90-60-cm\\\/#primaryimage\",\"url\":\"https:\\\/\\\/tupique.com\\\/wp-content\\\/uploads\\\/2026\\\/05\\\/4242005484591_S0469178_P00.jpg\",\"contentUrl\":\"https:\\\/\\\/tupique.com\\\/wp-content\\\/uploads\\\/2026\\\/05\\\/4242005484591_S0469178_P00.jpg\",\"width\":1200,\"height\":1200,\"caption\":\"S0469178_0\"},{\"@type\":\"BreadcrumbList\",\"@id\":\"https:\\\/\\\/tupique.com\\\/product\\\/plaque-a-induction-bosch-pgc6b5k90-60-cm\\\/#breadcrumb\",\"itemListElement\":[{\"@type\":\"ListItem\",\"position\":1,\"name\":\"commencer\",\"item\":\"https:\\\/\\\/tupique.com\\\/\"},{\"@type\":\"ListItem\",\"position\":2,\"name\":\"Loja\",\"item\":\"https:\\\/\\\/tupique.com\\\/pt\\\/loja\\\/\"},{\"@type\":\"ListItem\",\"position\":3,\"name\":\"Plaque \u00e0 Induction BOSCH PGC6B5K90 60 cm\"}]},{\"@type\":\"WebSite\",\"@id\":\"https:\\\/\\\/tupique.com\\\/#website\",\"url\":\"https:\\\/\\\/tupique.com\\\/\",\"name\":\"Tupique\",\"description\":\"\",\"publisher\":{\"@id\":\"https:\\\/\\\/tupique.com\\\/#organization\"},\"potentialAction\":[{\"@type\":\"SearchAction\",\"target\":{\"@type\":\"EntryPoint\",\"urlTemplate\":\"https:\\\/\\\/tupique.com\\\/?s={search_term_string}\"},\"query-input\":{\"@type\":\"PropertyValueSpecification\",\"valueRequired\":true,\"valueName\":\"search_term_string\"}}],\"inLanguage\":\"en-GB\"},{\"@type\":\"Organization\",\"@id\":\"https:\\\/\\\/tupique.com\\\/#organization\",\"name\":\"Tupique\",\"url\":\"https:\\\/\\\/tupique.com\\\/\",\"logo\":{\"@type\":\"ImageObject\",\"inLanguage\":\"en-GB\",\"@id\":\"https:\\\/\\\/tupique.com\\\/#\\\/schema\\\/logo\\\/image\\\/\",\"url\":\"https:\\\/\\\/tupique.com\\\/wp-content\\\/uploads\\\/2026\\\/03\\\/logo-tupique-1.webp\",\"contentUrl\":\"https:\\\/\\\/tupique.com\\\/wp-content\\\/uploads\\\/2026\\\/03\\\/logo-tupique-1.webp\",\"width\":500,\"height\":67,\"caption\":\"Tupique\"},\"image\":{\"@id\":\"https:\\\/\\\/tupique.com\\\/#\\\/schema\\\/logo\\\/image\\\/\"}}]}<\/script>\n<!-- \/ Yoast SEO plugin. -->","yoast_head_json":{"title":"Plaque \u00e0 Induction BOSCH PGC6B5K90 60 cm | | Tupique","description":"Envie d'acheter Plaque \u00e0 Induction BOSCH PGC6B5K90 60 cm\u00a0? Achetez Plaque \u00e0 Induction BOSCH PGC6B5K90 60 cm maintenant avec Tupique en 3 versements sans int\u00e9r\u00eat.","robots":{"index":"index","follow":"follow","max-snippet":"max-snippet:-1","max-image-preview":"max-image-preview:large","max-video-preview":"max-video-preview:-1"},"canonical":"https:\/\/tupique.com\/en\/product\/plaque-a-induction-bosch-pgc6b5k90-60-cm\/","og_locale":"en_GB","og_type":"article","og_title":"Plaque \u00e0 Induction BOSCH PGC6B5K90 60 cm | | Tupique","og_description":"Envie d'acheter Plaque \u00e0 Induction BOSCH PGC6B5K90 60 cm\u00a0? Achetez Plaque \u00e0 Induction BOSCH PGC6B5K90 60 cm maintenant avec Tupique en 3 versements sans int\u00e9r\u00eat.","og_url":"https:\/\/tupique.com\/en\/product\/plaque-a-induction-bosch-pgc6b5k90-60-cm\/","og_site_name":"Tupique","article_modified_time":"2026-05-15T20:32:34+00:00","og_image":[{"width":1200,"height":1200,"url":"https:\/\/tupique.com\/wp-content\/uploads\/2026\/05\/4242005484591_S0469178_P00.jpg","type":"image\/jpeg"}],"twitter_card":"summary_large_image","schema":{"@context":"https:\/\/schema.org","@graph":[{"@type":"WebPage","@id":"https:\/\/tupique.com\/product\/plaque-a-induction-bosch-pgc6b5k90-60-cm\/","url":"https:\/\/tupique.com\/product\/plaque-a-induction-bosch-pgc6b5k90-60-cm\/","name":"Plaque \u00e0 Induction BOSCH PGC6B5K90 60 cm | | Tupique","isPartOf":{"@id":"https:\/\/tupique.com\/#website"},"primaryImageOfPage":{"@id":"https:\/\/tupique.com\/product\/plaque-a-induction-bosch-pgc6b5k90-60-cm\/#primaryimage"},"image":{"@id":"https:\/\/tupique.com\/product\/plaque-a-induction-bosch-pgc6b5k90-60-cm\/#primaryimage"},"thumbnailUrl":"https:\/\/tupique.com\/wp-content\/uploads\/2026\/05\/4242005484591_S0469178_P00.jpg","datePublished":"2026-05-14T20:37:48+00:00","dateModified":"2026-05-15T20:32:34+00:00","description":"Envie d'acheter Plaque \u00e0 Induction BOSCH PGC6B5K90 60 cm\u00a0? Achetez Plaque \u00e0 Induction BOSCH PGC6B5K90 60 cm maintenant avec Tupique en 3 versements sans int\u00e9r\u00eat.","breadcrumb":{"@id":"https:\/\/tupique.com\/product\/plaque-a-induction-bosch-pgc6b5k90-60-cm\/#breadcrumb"},"inLanguage":"en-GB","potentialAction":[{"@type":"ReadAction","target":["https:\/\/tupique.com\/product\/plaque-a-induction-bosch-pgc6b5k90-60-cm\/"]}]},{"@type":"ImageObject","inLanguage":"en-GB","@id":"https:\/\/tupique.com\/product\/plaque-a-induction-bosch-pgc6b5k90-60-cm\/#primaryimage","url":"https:\/\/tupique.com\/wp-content\/uploads\/2026\/05\/4242005484591_S0469178_P00.jpg","contentUrl":"https:\/\/tupique.com\/wp-content\/uploads\/2026\/05\/4242005484591_S0469178_P00.jpg","width":1200,"height":1200,"caption":"S0469178_0"},{"@type":"BreadcrumbList","@id":"https:\/\/tupique.com\/product\/plaque-a-induction-bosch-pgc6b5k90-60-cm\/#breadcrumb","itemListElement":[{"@type":"ListItem","position":1,"name":"commencer","item":"https:\/\/tupique.com\/"},{"@type":"ListItem","position":2,"name":"Loja","item":"https:\/\/tupique.com\/pt\/loja\/"},{"@type":"ListItem","position":3,"name":"Plaque \u00e0 Induction BOSCH PGC6B5K90 60 cm"}]},{"@type":"WebSite","@id":"https:\/\/tupique.com\/#website","url":"https:\/\/tupique.com\/","name":"Tupique","description":"","publisher":{"@id":"https:\/\/tupique.com\/#organization"},"potentialAction":[{"@type":"SearchAction","target":{"@type":"EntryPoint","urlTemplate":"https:\/\/tupique.com\/?s={search_term_string}"},"query-input":{"@type":"PropertyValueSpecification","valueRequired":true,"valueName":"search_term_string"}}],"inLanguage":"en-GB"},{"@type":"Organization","@id":"https:\/\/tupique.com\/#organization","name":"Tupique","url":"https:\/\/tupique.com\/","logo":{"@type":"ImageObject","inLanguage":"en-GB","@id":"https:\/\/tupique.com\/#\/schema\/logo\/image\/","url":"https:\/\/tupique.com\/wp-content\/uploads\/2026\/03\/logo-tupique-1.webp","contentUrl":"https:\/\/tupique.com\/wp-content\/uploads\/2026\/03\/logo-tupique-1.webp","width":500,"height":67,"caption":"Tupique"},"image":{"@id":"https:\/\/tupique.com\/#\/schema\/logo\/image\/"}}]}},"_links":{"self":[{"href":"https:\/\/tupique.com\/en\/wp-json\/wp\/v2\/product\/213125","targetHints":{"allow":["GET"]}}],"collection":[{"href":"https:\/\/tupique.com\/en\/wp-json\/wp\/v2\/product"}],"about":[{"href":"https:\/\/tupique.com\/en\/wp-json\/wp\/v2\/types\/product"}],"replies":[{"embeddable":true,"href":"https:\/\/tupique.com\/en\/wp-json\/wp\/v2\/comments?post=213125"}],"wp:featuredmedia":[{"embeddable":true,"href":"https:\/\/tupique.com\/en\/wp-json\/wp\/v2\/media\/213121"}],"wp:attachment":[{"href":"https:\/\/tupique.com\/en\/wp-json\/wp\/v2\/media?parent=213125"}],"wp:term":[{"taxonomy":"product_brand","embeddable":true,"href":"https:\/\/tupique.com\/en\/wp-json\/wp\/v2\/product_brand?post=213125"},{"taxonomy":"product_cat","embeddable":true,"href":"https:\/\/tupique.com\/en\/wp-json\/wp\/v2\/product_cat?post=213125"},{"taxonomy":"product_tag","embeddable":true,"href":"https:\/\/tupique.com\/en\/wp-json\/wp\/v2\/product_tag?post=213125"},{"taxonomy":"woo-feed-brand","embeddable":true,"href":"https:\/\/tupique.com\/en\/wp-json\/wp\/v2\/woo-feed-brand?post=213125"}],"curies":[{"name":"wp","href":"https:\/\/api.w.org\/{rel}","templated":true}]}}