{"id":213263,"date":"2026-05-14T22:43:48","date_gmt":"2026-05-14T20:43:48","guid":{"rendered":"https:\/\/tupique.com\/product\/baume-a-levres-high-on-love-sensual-7-ml\/"},"modified":"2026-05-14T22:52:06","modified_gmt":"2026-05-14T20:52:06","slug":"baume-a-levres-high-on-love-sensual-7-ml","status":"publish","type":"product","link":"https:\/\/tupique.com\/en\/product\/baume-a-levres-high-on-love-sensual-7-ml\/","title":{"rendered":"Baume \u00e0 l\u00e8vres High on Love Sensual 7 ml"},"content":{"rendered":"<\/p>\n<p><b>Baume \u00e0 l\u00e8vres High on Love Sensual 7 ml<\/b> is a high-quality product designed for discerning individuals who care about their appearance and seek out the best cosmetics to enhance their beauty. If this sounds like you, the original 100 % products <b>High on Love<\/b> are made for you.<\/p>\n<ul>\n<li>Type:\n<ul>\n<li>Baume \u00e0 l\u00e8vres<\/li>\n<li>\u00c9rotique<\/li>\n<li>Gel<\/li>\n<\/ul>\n<\/li>\n<li>Capacit\u00e9: 7 ml<\/li>\n<\/ul>\n<p>Informations importantes: Nous garantissons une totale discr\u00e9tion et confidentialit\u00e9 lors de l&#8217;exp\u00e9dition. Personne, sauf vous, ne saura ce que le colis contient.. <\/p>\n<p> Informations importantes: Exp\u00e9dition confidentielle.<\/p>","protected":false},"excerpt":{"rendered":"<p>Baume \u00e0 l\u00e8vres High on Love Sensual 7 ml est un produit de qualit\u00e9 con\u00e7u pour les personnes exigeantes qui prennent soin de leur image et recherchent les meilleurs cosm\u00e9tiques pour mettre en valeur leur beaut\u00e9. Si vous en faites partie, les produits 100 % originaux High on Love sont faits pour vous. Type: Baume [&hellip;]<\/p>\n","protected":false},"featured_media":213235,"comment_status":"open","ping_status":"closed","template":"","meta":[],"product_brand":[3079],"product_cat":[1378,769,1865],"product_tag":[722,442],"woo-feed-brand":[],"class_list":{"0":"post-213263","1":"product","2":"type-product","3":"status-publish","4":"has-post-thumbnail","6":"product_brand-brandp_2783","7":"product_cat-cosmetiques","8":"product_cat-parfum-cosmetique","9":"product_cat-rouges-a-levres-et-gloss","10":"product_tag-tag_923","11":"product_tag-tag_1244","13":"first","14":"instock","15":"taxable","16":"shipping-taxable","17":"purchasable","18":"product-type-simple"},"yoast_head":"<!-- This site is optimized with the Yoast SEO plugin v27.6 - https:\/\/yoast.com\/product\/yoast-seo-wordpress\/ -->\n<title>Baume \u00e0 l\u00e8vres High on Love Sensual 7 ml | | Tupique<\/title>\n<meta name=\"description\" content=\"Envie d&#039;acheter Baume \u00e0 l\u00e8vres High on Love Sensual 7 ml\u00a0? Achetez Baume \u00e0 l\u00e8vres High on Love Sensual 7 ml maintenant avec Tupique en 3 versements sans int\u00e9r\u00eat.\" \/>\n<meta name=\"robots\" content=\"index, follow, max-snippet:-1, max-image-preview:large, max-video-preview:-1\" \/>\n<link rel=\"canonical\" href=\"https:\/\/tupique.com\/en\/product\/baume-a-levres-high-on-love-sensual-7-ml\/\" \/>\n<meta property=\"og:locale\" content=\"en_GB\" \/>\n<meta property=\"og:type\" content=\"article\" \/>\n<meta property=\"og:title\" content=\"Baume \u00e0 l\u00e8vres High on Love Sensual 7 ml | | Tupique\" \/>\n<meta property=\"og:description\" content=\"Envie d&#039;acheter Baume \u00e0 l\u00e8vres High on Love Sensual 7 ml\u00a0? Achetez Baume \u00e0 l\u00e8vres High on Love Sensual 7 ml maintenant avec Tupique en 3 versements sans int\u00e9r\u00eat.\" \/>\n<meta property=\"og:url\" content=\"https:\/\/tupique.com\/en\/product\/baume-a-levres-high-on-love-sensual-7-ml\/\" \/>\n<meta property=\"og:site_name\" content=\"Tupique\" \/>\n<meta property=\"article:modified_time\" content=\"2026-05-14T20:52:06+00:00\" \/>\n<meta property=\"og:image\" content=\"https:\/\/tupique.com\/wp-content\/uploads\/2026\/05\/0628250123869_M0401720_P00.jpg\" \/>\n\t<meta property=\"og:image:width\" content=\"1200\" \/>\n\t<meta property=\"og:image:height\" content=\"1200\" \/>\n\t<meta property=\"og:image:type\" content=\"image\/jpeg\" \/>\n<meta name=\"twitter:card\" content=\"summary_large_image\" \/>\n<script type=\"application\/ld+json\" class=\"yoast-schema-graph\">{\"@context\":\"https:\\\/\\\/schema.org\",\"@graph\":[{\"@type\":\"WebPage\",\"@id\":\"https:\\\/\\\/tupique.com\\\/product\\\/baume-a-levres-high-on-love-sensual-7-ml\\\/\",\"url\":\"https:\\\/\\\/tupique.com\\\/product\\\/baume-a-levres-high-on-love-sensual-7-ml\\\/\",\"name\":\"Baume \u00e0 l\u00e8vres High on Love Sensual 7 ml | | Tupique\",\"isPartOf\":{\"@id\":\"https:\\\/\\\/tupique.com\\\/#website\"},\"primaryImageOfPage\":{\"@id\":\"https:\\\/\\\/tupique.com\\\/product\\\/baume-a-levres-high-on-love-sensual-7-ml\\\/#primaryimage\"},\"image\":{\"@id\":\"https:\\\/\\\/tupique.com\\\/product\\\/baume-a-levres-high-on-love-sensual-7-ml\\\/#primaryimage\"},\"thumbnailUrl\":\"https:\\\/\\\/tupique.com\\\/wp-content\\\/uploads\\\/2026\\\/05\\\/0628250123869_M0401720_P00.jpg\",\"datePublished\":\"2026-05-14T20:43:48+00:00\",\"dateModified\":\"2026-05-14T20:52:06+00:00\",\"description\":\"Envie d'acheter Baume \u00e0 l\u00e8vres High on Love Sensual 7 ml\u00a0? Achetez Baume \u00e0 l\u00e8vres High on Love Sensual 7 ml maintenant avec Tupique en 3 versements sans int\u00e9r\u00eat.\",\"breadcrumb\":{\"@id\":\"https:\\\/\\\/tupique.com\\\/product\\\/baume-a-levres-high-on-love-sensual-7-ml\\\/#breadcrumb\"},\"inLanguage\":\"en-GB\",\"potentialAction\":[{\"@type\":\"ReadAction\",\"target\":[\"https:\\\/\\\/tupique.com\\\/product\\\/baume-a-levres-high-on-love-sensual-7-ml\\\/\"]}]},{\"@type\":\"ImageObject\",\"inLanguage\":\"en-GB\",\"@id\":\"https:\\\/\\\/tupique.com\\\/product\\\/baume-a-levres-high-on-love-sensual-7-ml\\\/#primaryimage\",\"url\":\"https:\\\/\\\/tupique.com\\\/wp-content\\\/uploads\\\/2026\\\/05\\\/0628250123869_M0401720_P00.jpg\",\"contentUrl\":\"https:\\\/\\\/tupique.com\\\/wp-content\\\/uploads\\\/2026\\\/05\\\/0628250123869_M0401720_P00.jpg\",\"width\":1200,\"height\":1200,\"caption\":\"S4006479_0\"},{\"@type\":\"BreadcrumbList\",\"@id\":\"https:\\\/\\\/tupique.com\\\/product\\\/baume-a-levres-high-on-love-sensual-7-ml\\\/#breadcrumb\",\"itemListElement\":[{\"@type\":\"ListItem\",\"position\":1,\"name\":\"commencer\",\"item\":\"https:\\\/\\\/tupique.com\\\/\"},{\"@type\":\"ListItem\",\"position\":2,\"name\":\"Loja\",\"item\":\"https:\\\/\\\/tupique.com\\\/pt\\\/loja\\\/\"},{\"@type\":\"ListItem\",\"position\":3,\"name\":\"Baume \u00e0 l\u00e8vres High on Love Sensual 7 ml\"}]},{\"@type\":\"WebSite\",\"@id\":\"https:\\\/\\\/tupique.com\\\/#website\",\"url\":\"https:\\\/\\\/tupique.com\\\/\",\"name\":\"Tupique\",\"description\":\"\",\"publisher\":{\"@id\":\"https:\\\/\\\/tupique.com\\\/#organization\"},\"potentialAction\":[{\"@type\":\"SearchAction\",\"target\":{\"@type\":\"EntryPoint\",\"urlTemplate\":\"https:\\\/\\\/tupique.com\\\/?s={search_term_string}\"},\"query-input\":{\"@type\":\"PropertyValueSpecification\",\"valueRequired\":true,\"valueName\":\"search_term_string\"}}],\"inLanguage\":\"en-GB\"},{\"@type\":\"Organization\",\"@id\":\"https:\\\/\\\/tupique.com\\\/#organization\",\"name\":\"Tupique\",\"url\":\"https:\\\/\\\/tupique.com\\\/\",\"logo\":{\"@type\":\"ImageObject\",\"inLanguage\":\"en-GB\",\"@id\":\"https:\\\/\\\/tupique.com\\\/#\\\/schema\\\/logo\\\/image\\\/\",\"url\":\"https:\\\/\\\/tupique.com\\\/wp-content\\\/uploads\\\/2026\\\/03\\\/logo-tupique-1.webp\",\"contentUrl\":\"https:\\\/\\\/tupique.com\\\/wp-content\\\/uploads\\\/2026\\\/03\\\/logo-tupique-1.webp\",\"width\":500,\"height\":67,\"caption\":\"Tupique\"},\"image\":{\"@id\":\"https:\\\/\\\/tupique.com\\\/#\\\/schema\\\/logo\\\/image\\\/\"}}]}<\/script>\n<!-- \/ Yoast SEO plugin. -->","yoast_head_json":{"title":"Baume \u00e0 l\u00e8vres High on Love Sensual 7 ml | | Tupique","description":"Envie d'acheter Baume \u00e0 l\u00e8vres High on Love Sensual 7 ml\u00a0? Achetez Baume \u00e0 l\u00e8vres High on Love Sensual 7 ml maintenant avec Tupique en 3 versements sans int\u00e9r\u00eat.","robots":{"index":"index","follow":"follow","max-snippet":"max-snippet:-1","max-image-preview":"max-image-preview:large","max-video-preview":"max-video-preview:-1"},"canonical":"https:\/\/tupique.com\/en\/product\/baume-a-levres-high-on-love-sensual-7-ml\/","og_locale":"en_GB","og_type":"article","og_title":"Baume \u00e0 l\u00e8vres High on Love Sensual 7 ml | | Tupique","og_description":"Envie d'acheter Baume \u00e0 l\u00e8vres High on Love Sensual 7 ml\u00a0? Achetez Baume \u00e0 l\u00e8vres High on Love Sensual 7 ml maintenant avec Tupique en 3 versements sans int\u00e9r\u00eat.","og_url":"https:\/\/tupique.com\/en\/product\/baume-a-levres-high-on-love-sensual-7-ml\/","og_site_name":"Tupique","article_modified_time":"2026-05-14T20:52:06+00:00","og_image":[{"width":1200,"height":1200,"url":"https:\/\/tupique.com\/wp-content\/uploads\/2026\/05\/0628250123869_M0401720_P00.jpg","type":"image\/jpeg"}],"twitter_card":"summary_large_image","schema":{"@context":"https:\/\/schema.org","@graph":[{"@type":"WebPage","@id":"https:\/\/tupique.com\/product\/baume-a-levres-high-on-love-sensual-7-ml\/","url":"https:\/\/tupique.com\/product\/baume-a-levres-high-on-love-sensual-7-ml\/","name":"Baume \u00e0 l\u00e8vres High on Love Sensual 7 ml | | Tupique","isPartOf":{"@id":"https:\/\/tupique.com\/#website"},"primaryImageOfPage":{"@id":"https:\/\/tupique.com\/product\/baume-a-levres-high-on-love-sensual-7-ml\/#primaryimage"},"image":{"@id":"https:\/\/tupique.com\/product\/baume-a-levres-high-on-love-sensual-7-ml\/#primaryimage"},"thumbnailUrl":"https:\/\/tupique.com\/wp-content\/uploads\/2026\/05\/0628250123869_M0401720_P00.jpg","datePublished":"2026-05-14T20:43:48+00:00","dateModified":"2026-05-14T20:52:06+00:00","description":"Envie d'acheter Baume \u00e0 l\u00e8vres High on Love Sensual 7 ml\u00a0? Achetez Baume \u00e0 l\u00e8vres High on Love Sensual 7 ml maintenant avec Tupique en 3 versements sans int\u00e9r\u00eat.","breadcrumb":{"@id":"https:\/\/tupique.com\/product\/baume-a-levres-high-on-love-sensual-7-ml\/#breadcrumb"},"inLanguage":"en-GB","potentialAction":[{"@type":"ReadAction","target":["https:\/\/tupique.com\/product\/baume-a-levres-high-on-love-sensual-7-ml\/"]}]},{"@type":"ImageObject","inLanguage":"en-GB","@id":"https:\/\/tupique.com\/product\/baume-a-levres-high-on-love-sensual-7-ml\/#primaryimage","url":"https:\/\/tupique.com\/wp-content\/uploads\/2026\/05\/0628250123869_M0401720_P00.jpg","contentUrl":"https:\/\/tupique.com\/wp-content\/uploads\/2026\/05\/0628250123869_M0401720_P00.jpg","width":1200,"height":1200,"caption":"S4006479_0"},{"@type":"BreadcrumbList","@id":"https:\/\/tupique.com\/product\/baume-a-levres-high-on-love-sensual-7-ml\/#breadcrumb","itemListElement":[{"@type":"ListItem","position":1,"name":"commencer","item":"https:\/\/tupique.com\/"},{"@type":"ListItem","position":2,"name":"Loja","item":"https:\/\/tupique.com\/pt\/loja\/"},{"@type":"ListItem","position":3,"name":"Baume \u00e0 l\u00e8vres High on Love Sensual 7 ml"}]},{"@type":"WebSite","@id":"https:\/\/tupique.com\/#website","url":"https:\/\/tupique.com\/","name":"Tupique","description":"","publisher":{"@id":"https:\/\/tupique.com\/#organization"},"potentialAction":[{"@type":"SearchAction","target":{"@type":"EntryPoint","urlTemplate":"https:\/\/tupique.com\/?s={search_term_string}"},"query-input":{"@type":"PropertyValueSpecification","valueRequired":true,"valueName":"search_term_string"}}],"inLanguage":"en-GB"},{"@type":"Organization","@id":"https:\/\/tupique.com\/#organization","name":"Tupique","url":"https:\/\/tupique.com\/","logo":{"@type":"ImageObject","inLanguage":"en-GB","@id":"https:\/\/tupique.com\/#\/schema\/logo\/image\/","url":"https:\/\/tupique.com\/wp-content\/uploads\/2026\/03\/logo-tupique-1.webp","contentUrl":"https:\/\/tupique.com\/wp-content\/uploads\/2026\/03\/logo-tupique-1.webp","width":500,"height":67,"caption":"Tupique"},"image":{"@id":"https:\/\/tupique.com\/#\/schema\/logo\/image\/"}}]}},"_links":{"self":[{"href":"https:\/\/tupique.com\/en\/wp-json\/wp\/v2\/product\/213263","targetHints":{"allow":["GET"]}}],"collection":[{"href":"https:\/\/tupique.com\/en\/wp-json\/wp\/v2\/product"}],"about":[{"href":"https:\/\/tupique.com\/en\/wp-json\/wp\/v2\/types\/product"}],"replies":[{"embeddable":true,"href":"https:\/\/tupique.com\/en\/wp-json\/wp\/v2\/comments?post=213263"}],"wp:featuredmedia":[{"embeddable":true,"href":"https:\/\/tupique.com\/en\/wp-json\/wp\/v2\/media\/213235"}],"wp:attachment":[{"href":"https:\/\/tupique.com\/en\/wp-json\/wp\/v2\/media?parent=213263"}],"wp:term":[{"taxonomy":"product_brand","embeddable":true,"href":"https:\/\/tupique.com\/en\/wp-json\/wp\/v2\/product_brand?post=213263"},{"taxonomy":"product_cat","embeddable":true,"href":"https:\/\/tupique.com\/en\/wp-json\/wp\/v2\/product_cat?post=213263"},{"taxonomy":"product_tag","embeddable":true,"href":"https:\/\/tupique.com\/en\/wp-json\/wp\/v2\/product_tag?post=213263"},{"taxonomy":"woo-feed-brand","embeddable":true,"href":"https:\/\/tupique.com\/en\/wp-json\/wp\/v2\/woo-feed-brand?post=213263"}],"curies":[{"name":"wp","href":"https:\/\/api.w.org\/{rel}","templated":true}]}}