{"id":214092,"date":"2026-05-14T23:46:48","date_gmt":"2026-05-14T21:46:48","guid":{"rendered":"https:\/\/tupique.com\/product\/maillot-de-bain-homme-nike-pe24443-bleu\/"},"modified":"2026-05-14T23:46:48","modified_gmt":"2026-05-14T21:46:48","slug":"maillot-de-bain-homme-nike-pe24443-bleu","status":"publish","type":"product","link":"https:\/\/tupique.com\/en\/product\/maillot-de-bain-homme-nike-pe24443-bleu\/","title":{"rendered":"Maillot de bain homme Nike PE24443 Bleu"},"content":{"rendered":"<p>Restez en forme et d\u00e9couvrez les derni\u00e8res nouveaut\u00e9s du secteur pour faire du sport avec les meilleures garanties ! Achetez <b>Maillot de bain homme Nike PE24443 Bleu<\/b> au meilleur prix et profitez d&#8217;une vie saine !<\/p>\n<ul>\n<li>Type: Maillot de bain<\/li>\n<li>Taille: 6 Ans<\/li>\n<li>Couleur: Bleu<\/li>\n<li>Genre: Homme<\/li>\n<li>Features:\n<ul>\n<li>Respirant<\/li>\n<li>S\u00e9chage rapide<\/li>\n<\/ul>\n<\/li>\n<li>\u00c2ge recommand\u00e9: Adultes<\/li>\n<li>Sport: Natation<\/li>\n<\/ul>","protected":false},"excerpt":{"rendered":"<p>Restez en forme et d\u00e9couvrez les derni\u00e8res nouveaut\u00e9s du secteur pour faire du sport avec les meilleures garanties ! Achetez Maillot de bain homme Nike PE24443 Bleu au meilleur prix et profitez d&#8217;une vie saine ! Type: Maillot de bain Taille: 6 Ans Couleur: Bleu Genre: Homme Caract\u00e9ristiques: Respirant S\u00e9chage rapide \u00c2ge recommand\u00e9: Adultes Sport: [&hellip;]<\/p>\n","protected":false},"featured_media":214091,"comment_status":"open","ping_status":"closed","template":"","meta":[],"product_brand":[2132],"product_cat":[2271,2270,1764],"product_tag":[721,1816,163],"woo-feed-brand":[],"class_list":{"0":"post-214092","1":"product","2":"type-product","3":"status-publish","4":"has-post-thumbnail","6":"product_brand-brandp_860","7":"product_cat-natation-maillots-de-bain-pour-le-sport","8":"product_cat-natation","9":"product_cat-sports-loisirs","10":"product_tag-tag_124","11":"product_tag-tag_1272","12":"product_tag-tag_17","14":"first","15":"instock","16":"taxable","17":"shipping-taxable","18":"purchasable","19":"product-type-simple"},"yoast_head":"<!-- This site is optimized with the Yoast SEO plugin v27.6 - https:\/\/yoast.com\/product\/yoast-seo-wordpress\/ -->\n<title>Maillot de bain homme Nike PE24443 Bleu | | Tupique<\/title>\n<meta name=\"description\" content=\"Envie d&#039;acheter Maillot de bain homme Nike PE24443 Bleu\u00a0? Achetez Maillot de bain homme Nike PE24443 Bleu maintenant avec Tupique en 3 versements sans int\u00e9r\u00eat.\" \/>\n<meta name=\"robots\" content=\"index, follow, max-snippet:-1, max-image-preview:large, max-video-preview:-1\" \/>\n<link rel=\"canonical\" href=\"https:\/\/tupique.com\/en\/product\/maillot-de-bain-homme-nike-pe24443-bleu\/\" \/>\n<meta property=\"og:locale\" content=\"en_GB\" \/>\n<meta property=\"og:type\" content=\"article\" \/>\n<meta property=\"og:title\" content=\"Maillot de bain homme Nike PE24443 Bleu | | Tupique\" \/>\n<meta property=\"og:description\" content=\"Envie d&#039;acheter Maillot de bain homme Nike PE24443 Bleu\u00a0? Achetez Maillot de bain homme Nike PE24443 Bleu maintenant avec Tupique en 3 versements sans int\u00e9r\u00eat.\" \/>\n<meta property=\"og:url\" content=\"https:\/\/tupique.com\/en\/product\/maillot-de-bain-homme-nike-pe24443-bleu\/\" \/>\n<meta property=\"og:site_name\" content=\"Tupique\" \/>\n<meta name=\"twitter:card\" content=\"summary_large_image\" \/>\n<script type=\"application\/ld+json\" class=\"yoast-schema-graph\">{\"@context\":\"https:\\\/\\\/schema.org\",\"@graph\":[{\"@type\":\"WebPage\",\"@id\":\"https:\\\/\\\/tupique.com\\\/product\\\/maillot-de-bain-homme-nike-pe24443-bleu\\\/\",\"url\":\"https:\\\/\\\/tupique.com\\\/product\\\/maillot-de-bain-homme-nike-pe24443-bleu\\\/\",\"name\":\"Maillot de bain homme Nike PE24443 Bleu | | Tupique\",\"isPartOf\":{\"@id\":\"https:\\\/\\\/tupique.com\\\/#website\"},\"primaryImageOfPage\":{\"@id\":\"https:\\\/\\\/tupique.com\\\/product\\\/maillot-de-bain-homme-nike-pe24443-bleu\\\/#primaryimage\"},\"image\":{\"@id\":\"https:\\\/\\\/tupique.com\\\/product\\\/maillot-de-bain-homme-nike-pe24443-bleu\\\/#primaryimage\"},\"thumbnailUrl\":\"https:\\\/\\\/tupique.com\\\/wp-content\\\/uploads\\\/2026\\\/05\\\/V3401794_50577641820100.jpg\",\"datePublished\":\"2026-05-14T21:46:48+00:00\",\"description\":\"Envie d'acheter Maillot de bain homme Nike PE24443 Bleu\u00a0? Achetez Maillot de bain homme Nike PE24443 Bleu maintenant avec Tupique en 3 versements sans int\u00e9r\u00eat.\",\"breadcrumb\":{\"@id\":\"https:\\\/\\\/tupique.com\\\/product\\\/maillot-de-bain-homme-nike-pe24443-bleu\\\/#breadcrumb\"},\"inLanguage\":\"en-GB\",\"potentialAction\":[{\"@type\":\"ReadAction\",\"target\":[\"https:\\\/\\\/tupique.com\\\/product\\\/maillot-de-bain-homme-nike-pe24443-bleu\\\/\"]}]},{\"@type\":\"ImageObject\",\"inLanguage\":\"en-GB\",\"@id\":\"https:\\\/\\\/tupique.com\\\/product\\\/maillot-de-bain-homme-nike-pe24443-bleu\\\/#primaryimage\",\"url\":\"https:\\\/\\\/tupique.com\\\/wp-content\\\/uploads\\\/2026\\\/05\\\/V3401794_50577641820100.jpg\",\"contentUrl\":\"https:\\\/\\\/tupique.com\\\/wp-content\\\/uploads\\\/2026\\\/05\\\/V3401794_50577641820100.jpg\",\"width\":1200,\"height\":1200,\"caption\":\"V3401794_0\"},{\"@type\":\"BreadcrumbList\",\"@id\":\"https:\\\/\\\/tupique.com\\\/product\\\/maillot-de-bain-homme-nike-pe24443-bleu\\\/#breadcrumb\",\"itemListElement\":[{\"@type\":\"ListItem\",\"position\":1,\"name\":\"commencer\",\"item\":\"https:\\\/\\\/tupique.com\\\/\"},{\"@type\":\"ListItem\",\"position\":2,\"name\":\"Loja\",\"item\":\"https:\\\/\\\/tupique.com\\\/pt\\\/loja\\\/\"},{\"@type\":\"ListItem\",\"position\":3,\"name\":\"Maillot de bain homme Nike PE24443 Bleu\"}]},{\"@type\":\"WebSite\",\"@id\":\"https:\\\/\\\/tupique.com\\\/#website\",\"url\":\"https:\\\/\\\/tupique.com\\\/\",\"name\":\"Tupique\",\"description\":\"\",\"publisher\":{\"@id\":\"https:\\\/\\\/tupique.com\\\/#organization\"},\"potentialAction\":[{\"@type\":\"SearchAction\",\"target\":{\"@type\":\"EntryPoint\",\"urlTemplate\":\"https:\\\/\\\/tupique.com\\\/?s={search_term_string}\"},\"query-input\":{\"@type\":\"PropertyValueSpecification\",\"valueRequired\":true,\"valueName\":\"search_term_string\"}}],\"inLanguage\":\"en-GB\"},{\"@type\":\"Organization\",\"@id\":\"https:\\\/\\\/tupique.com\\\/#organization\",\"name\":\"Tupique\",\"url\":\"https:\\\/\\\/tupique.com\\\/\",\"logo\":{\"@type\":\"ImageObject\",\"inLanguage\":\"en-GB\",\"@id\":\"https:\\\/\\\/tupique.com\\\/#\\\/schema\\\/logo\\\/image\\\/\",\"url\":\"https:\\\/\\\/tupique.com\\\/wp-content\\\/uploads\\\/2026\\\/03\\\/logo-tupique-1.webp\",\"contentUrl\":\"https:\\\/\\\/tupique.com\\\/wp-content\\\/uploads\\\/2026\\\/03\\\/logo-tupique-1.webp\",\"width\":500,\"height\":67,\"caption\":\"Tupique\"},\"image\":{\"@id\":\"https:\\\/\\\/tupique.com\\\/#\\\/schema\\\/logo\\\/image\\\/\"}}]}<\/script>\n<!-- \/ Yoast SEO plugin. -->","yoast_head_json":{"title":"Maillot de bain homme Nike PE24443 Bleu | | Tupique","description":"Envie d'acheter Maillot de bain homme Nike PE24443 Bleu\u00a0? Achetez Maillot de bain homme Nike PE24443 Bleu maintenant avec Tupique en 3 versements sans int\u00e9r\u00eat.","robots":{"index":"index","follow":"follow","max-snippet":"max-snippet:-1","max-image-preview":"max-image-preview:large","max-video-preview":"max-video-preview:-1"},"canonical":"https:\/\/tupique.com\/en\/product\/maillot-de-bain-homme-nike-pe24443-bleu\/","og_locale":"en_GB","og_type":"article","og_title":"Maillot de bain homme Nike PE24443 Bleu | | Tupique","og_description":"Envie d'acheter Maillot de bain homme Nike PE24443 Bleu\u00a0? Achetez Maillot de bain homme Nike PE24443 Bleu maintenant avec Tupique en 3 versements sans int\u00e9r\u00eat.","og_url":"https:\/\/tupique.com\/en\/product\/maillot-de-bain-homme-nike-pe24443-bleu\/","og_site_name":"Tupique","twitter_card":"summary_large_image","schema":{"@context":"https:\/\/schema.org","@graph":[{"@type":"WebPage","@id":"https:\/\/tupique.com\/product\/maillot-de-bain-homme-nike-pe24443-bleu\/","url":"https:\/\/tupique.com\/product\/maillot-de-bain-homme-nike-pe24443-bleu\/","name":"Maillot de bain homme Nike PE24443 Bleu | | Tupique","isPartOf":{"@id":"https:\/\/tupique.com\/#website"},"primaryImageOfPage":{"@id":"https:\/\/tupique.com\/product\/maillot-de-bain-homme-nike-pe24443-bleu\/#primaryimage"},"image":{"@id":"https:\/\/tupique.com\/product\/maillot-de-bain-homme-nike-pe24443-bleu\/#primaryimage"},"thumbnailUrl":"https:\/\/tupique.com\/wp-content\/uploads\/2026\/05\/V3401794_50577641820100.jpg","datePublished":"2026-05-14T21:46:48+00:00","description":"Envie d'acheter Maillot de bain homme Nike PE24443 Bleu\u00a0? Achetez Maillot de bain homme Nike PE24443 Bleu maintenant avec Tupique en 3 versements sans int\u00e9r\u00eat.","breadcrumb":{"@id":"https:\/\/tupique.com\/product\/maillot-de-bain-homme-nike-pe24443-bleu\/#breadcrumb"},"inLanguage":"en-GB","potentialAction":[{"@type":"ReadAction","target":["https:\/\/tupique.com\/product\/maillot-de-bain-homme-nike-pe24443-bleu\/"]}]},{"@type":"ImageObject","inLanguage":"en-GB","@id":"https:\/\/tupique.com\/product\/maillot-de-bain-homme-nike-pe24443-bleu\/#primaryimage","url":"https:\/\/tupique.com\/wp-content\/uploads\/2026\/05\/V3401794_50577641820100.jpg","contentUrl":"https:\/\/tupique.com\/wp-content\/uploads\/2026\/05\/V3401794_50577641820100.jpg","width":1200,"height":1200,"caption":"V3401794_0"},{"@type":"BreadcrumbList","@id":"https:\/\/tupique.com\/product\/maillot-de-bain-homme-nike-pe24443-bleu\/#breadcrumb","itemListElement":[{"@type":"ListItem","position":1,"name":"commencer","item":"https:\/\/tupique.com\/"},{"@type":"ListItem","position":2,"name":"Loja","item":"https:\/\/tupique.com\/pt\/loja\/"},{"@type":"ListItem","position":3,"name":"Maillot de bain homme Nike PE24443 Bleu"}]},{"@type":"WebSite","@id":"https:\/\/tupique.com\/#website","url":"https:\/\/tupique.com\/","name":"Tupique","description":"","publisher":{"@id":"https:\/\/tupique.com\/#organization"},"potentialAction":[{"@type":"SearchAction","target":{"@type":"EntryPoint","urlTemplate":"https:\/\/tupique.com\/?s={search_term_string}"},"query-input":{"@type":"PropertyValueSpecification","valueRequired":true,"valueName":"search_term_string"}}],"inLanguage":"en-GB"},{"@type":"Organization","@id":"https:\/\/tupique.com\/#organization","name":"Tupique","url":"https:\/\/tupique.com\/","logo":{"@type":"ImageObject","inLanguage":"en-GB","@id":"https:\/\/tupique.com\/#\/schema\/logo\/image\/","url":"https:\/\/tupique.com\/wp-content\/uploads\/2026\/03\/logo-tupique-1.webp","contentUrl":"https:\/\/tupique.com\/wp-content\/uploads\/2026\/03\/logo-tupique-1.webp","width":500,"height":67,"caption":"Tupique"},"image":{"@id":"https:\/\/tupique.com\/#\/schema\/logo\/image\/"}}]}},"_links":{"self":[{"href":"https:\/\/tupique.com\/en\/wp-json\/wp\/v2\/product\/214092","targetHints":{"allow":["GET"]}}],"collection":[{"href":"https:\/\/tupique.com\/en\/wp-json\/wp\/v2\/product"}],"about":[{"href":"https:\/\/tupique.com\/en\/wp-json\/wp\/v2\/types\/product"}],"replies":[{"embeddable":true,"href":"https:\/\/tupique.com\/en\/wp-json\/wp\/v2\/comments?post=214092"}],"wp:featuredmedia":[{"embeddable":true,"href":"https:\/\/tupique.com\/en\/wp-json\/wp\/v2\/media\/214091"}],"wp:attachment":[{"href":"https:\/\/tupique.com\/en\/wp-json\/wp\/v2\/media?parent=214092"}],"wp:term":[{"taxonomy":"product_brand","embeddable":true,"href":"https:\/\/tupique.com\/en\/wp-json\/wp\/v2\/product_brand?post=214092"},{"taxonomy":"product_cat","embeddable":true,"href":"https:\/\/tupique.com\/en\/wp-json\/wp\/v2\/product_cat?post=214092"},{"taxonomy":"product_tag","embeddable":true,"href":"https:\/\/tupique.com\/en\/wp-json\/wp\/v2\/product_tag?post=214092"},{"taxonomy":"woo-feed-brand","embeddable":true,"href":"https:\/\/tupique.com\/en\/wp-json\/wp\/v2\/woo-feed-brand?post=214092"}],"curies":[{"name":"wp","href":"https:\/\/api.w.org\/{rel}","templated":true}]}}