{"id":214359,"date":"2026-05-15T00:20:55","date_gmt":"2026-05-14T22:20:55","guid":{"rendered":"https:\/\/tupique.com\/product\/brosse-a-dents-tepe-compact-soft-rose-clair\/"},"modified":"2026-05-15T00:20:55","modified_gmt":"2026-05-14T22:20:55","slug":"brosse-a-dents-tepe-compact-soft-rose-clair","status":"publish","type":"product","link":"https:\/\/tupique.com\/en\/product\/brosse-a-dents-tepe-compact-soft-rose-clair\/","title":{"rendered":"Brosse \u00e0 Dents Tepe Compact Soft Rose clair"},"content":{"rendered":"<p>Am\u00e9liorez votre <b>hygi\u00e8ne buccale<\/b> avec des produits de qualit\u00e9 \u00e0 des prix abordables, tels que <b>Brosse \u00e0 Dents Tepe Compact Soft Rose clair<\/b> !<\/p>\n<p>The <b>Tepe Compact Soft<\/b> est une <b>brosse \u00e0 dents manuelle<\/b> sp\u00e9cialement con\u00e7ue pour offrir un nettoyage buccal efficace tout en pr\u00e9servant les gencives et l\u2019\u00e9mail gr\u00e2ce \u00e0 ses <b>brins souples<\/b>, id\u00e9aux pour tous les utilisateurs, y compris ceux ayant les gencives sensibles. Ce mod\u00e8le au format compact permet d\u2019atteindre facilement les zones difficiles d\u2019acc\u00e8s, s\u2019adaptant confortablement \u00e0 la bouche des adultes, des adolescents ou des personnes ayant des besoins sp\u00e9cifiques. Son design <b>unisexe<\/b> et sa disponibilit\u00e9 en <b>couleurs multicolores<\/b> avec <b>motifs assortis envoy\u00e9s al\u00e9atoirement selon le stock<\/b> apportent une touche de vari\u00e9t\u00e9 et de couleur \u00e0 la routine d\u2019hygi\u00e8ne dentaire. Son manche ergonomique assure une prise en main confortable et s\u00fbre, facilitant le brossage et aidant \u00e0 maintenir une bonne technique au quotidien. La <b>Tepe Compact Soft<\/b> r\u00e9pond aux normes de qualit\u00e9 europ\u00e9ennes et est fabriqu\u00e9e avec des mat\u00e9riaux durables et s\u00fbrs, garantissant une exp\u00e9rience d\u2019hygi\u00e8ne fiable et agr\u00e9able pour toute la famille. Ce choix est particuli\u00e8rement recommand\u00e9 \u00e0 ceux qui recherchent une brosse efficace, douce pour les gencives et polyvalente en termes de design et d\u2019utilisation. Sans aucun doute, cette brosse manuelle souple de Tepe est une solution pratique et fiable pour le soin buccal quotidien des utilisateurs exigeants.<\/p>\n<ul>\n<li>Type: Brosse \u00e0 dents manuelle<\/li>\n<li>Couleur:\n<ul>\n<li>Multicouleur<\/li>\n<li>Rose clair<\/li>\n<\/ul>\n<\/li>\n<li>Genre: Unisexe<\/li>\n<li>Caract\u00e9ristiques: Doux<\/li>\n<li>Langue: Anglais<\/li>\n<li>Bloc d\u2019Alimentation: Batterie<\/li>\n<li>\u00c2ge recommand\u00e9: Adultes<\/li>\n<li>Sel (g): 0,3<\/li>\n<li>Sodium (g): 0,12<\/li>\n<\/ul>\n<p>Informations importantes: Dessins assortis envoy\u00e9s al\u00e9atoirement selon le stock disponible. <\/p>\n<p> Informations importantes: L\u2019image peut ne pas montrer tous les mod\u00e8les disponibles..<\/p>","protected":false},"excerpt":{"rendered":"<p>Am\u00e9liorez votre hygi\u00e8ne buccale avec des produits de qualit\u00e9 \u00e0 des prix abordables, tels que Brosse \u00e0 Dents Tepe Compact Soft Rose clair ! La Tepe Compact Soft est une brosse \u00e0 dents manuelle sp\u00e9cialement con\u00e7ue pour offrir un nettoyage buccal efficace tout en pr\u00e9servant les gencives et l\u2019\u00e9mail gr\u00e2ce \u00e0 ses brins souples, id\u00e9aux [&hellip;]<\/p>\n","protected":false},"featured_media":214349,"comment_status":"open","ping_status":"closed","template":"","meta":[],"product_brand":[3181],"product_cat":[771,769,770],"product_tag":[104],"woo-feed-brand":[],"class_list":{"0":"post-214359","1":"product","2":"type-product","3":"status-publish","4":"has-post-thumbnail","6":"product_brand-brandp_6232","7":"product_cat-hygiene-buccale","8":"product_cat-parfum-cosmetique","9":"product_cat-soin-corporel","10":"product_tag-tag_1279","12":"first","13":"instock","14":"taxable","15":"shipping-taxable","16":"purchasable","17":"product-type-simple"},"yoast_head":"<!-- This site is optimized with the Yoast SEO plugin v27.6 - https:\/\/yoast.com\/product\/yoast-seo-wordpress\/ -->\n<title>Brosse \u00e0 Dents Tepe Compact Soft Rose clair | | Tupique<\/title>\n<meta name=\"description\" content=\"Envie d&#039;acheter Brosse \u00e0 Dents Tepe Compact Soft Rose clair\u00a0? Achetez Brosse \u00e0 Dents Tepe Compact Soft Rose clair maintenant avec Tupique en 3 versements sans int\u00e9r\u00eat.\" \/>\n<meta name=\"robots\" content=\"index, follow, max-snippet:-1, max-image-preview:large, max-video-preview:-1\" \/>\n<link rel=\"canonical\" href=\"https:\/\/tupique.com\/en\/product\/brosse-a-dents-tepe-compact-soft-rose-clair\/\" \/>\n<meta property=\"og:locale\" content=\"en_GB\" \/>\n<meta property=\"og:type\" content=\"article\" \/>\n<meta property=\"og:title\" content=\"Brosse \u00e0 Dents Tepe Compact Soft Rose clair | | Tupique\" \/>\n<meta property=\"og:description\" content=\"Envie d&#039;acheter Brosse \u00e0 Dents Tepe Compact Soft Rose clair\u00a0? Achetez Brosse \u00e0 Dents Tepe Compact Soft Rose clair maintenant avec Tupique en 3 versements sans int\u00e9r\u00eat.\" \/>\n<meta property=\"og:url\" content=\"https:\/\/tupique.com\/en\/product\/brosse-a-dents-tepe-compact-soft-rose-clair\/\" \/>\n<meta property=\"og:site_name\" content=\"Tupique\" \/>\n<meta name=\"twitter:card\" content=\"summary_large_image\" \/>\n<meta name=\"twitter:label1\" content=\"Est. reading time\" \/>\n\t<meta name=\"twitter:data1\" content=\"1 minute\" \/>\n<script type=\"application\/ld+json\" class=\"yoast-schema-graph\">{\"@context\":\"https:\\\/\\\/schema.org\",\"@graph\":[{\"@type\":\"WebPage\",\"@id\":\"https:\\\/\\\/tupique.com\\\/product\\\/brosse-a-dents-tepe-compact-soft-rose-clair\\\/\",\"url\":\"https:\\\/\\\/tupique.com\\\/product\\\/brosse-a-dents-tepe-compact-soft-rose-clair\\\/\",\"name\":\"Brosse \u00e0 Dents Tepe Compact Soft Rose clair | | Tupique\",\"isPartOf\":{\"@id\":\"https:\\\/\\\/tupique.com\\\/#website\"},\"primaryImageOfPage\":{\"@id\":\"https:\\\/\\\/tupique.com\\\/product\\\/brosse-a-dents-tepe-compact-soft-rose-clair\\\/#primaryimage\"},\"image\":{\"@id\":\"https:\\\/\\\/tupique.com\\\/product\\\/brosse-a-dents-tepe-compact-soft-rose-clair\\\/#primaryimage\"},\"thumbnailUrl\":\"https:\\\/\\\/tupique.com\\\/wp-content\\\/uploads\\\/2026\\\/05\\\/B0010EHDH8_R00.jpg\",\"datePublished\":\"2026-05-14T22:20:55+00:00\",\"description\":\"Envie d'acheter Brosse \u00e0 Dents Tepe Compact Soft Rose clair\u00a0? Achetez Brosse \u00e0 Dents Tepe Compact Soft Rose clair maintenant avec Tupique en 3 versements sans int\u00e9r\u00eat.\",\"breadcrumb\":{\"@id\":\"https:\\\/\\\/tupique.com\\\/product\\\/brosse-a-dents-tepe-compact-soft-rose-clair\\\/#breadcrumb\"},\"inLanguage\":\"en-GB\",\"potentialAction\":[{\"@type\":\"ReadAction\",\"target\":[\"https:\\\/\\\/tupique.com\\\/product\\\/brosse-a-dents-tepe-compact-soft-rose-clair\\\/\"]}]},{\"@type\":\"ImageObject\",\"inLanguage\":\"en-GB\",\"@id\":\"https:\\\/\\\/tupique.com\\\/product\\\/brosse-a-dents-tepe-compact-soft-rose-clair\\\/#primaryimage\",\"url\":\"https:\\\/\\\/tupique.com\\\/wp-content\\\/uploads\\\/2026\\\/05\\\/B0010EHDH8_R00.jpg\",\"contentUrl\":\"https:\\\/\\\/tupique.com\\\/wp-content\\\/uploads\\\/2026\\\/05\\\/B0010EHDH8_R00.jpg\",\"width\":1200,\"height\":1200,\"caption\":\"S0800414_0\"},{\"@type\":\"BreadcrumbList\",\"@id\":\"https:\\\/\\\/tupique.com\\\/product\\\/brosse-a-dents-tepe-compact-soft-rose-clair\\\/#breadcrumb\",\"itemListElement\":[{\"@type\":\"ListItem\",\"position\":1,\"name\":\"commencer\",\"item\":\"https:\\\/\\\/tupique.com\\\/\"},{\"@type\":\"ListItem\",\"position\":2,\"name\":\"Loja\",\"item\":\"https:\\\/\\\/tupique.com\\\/pt\\\/loja\\\/\"},{\"@type\":\"ListItem\",\"position\":3,\"name\":\"Brosse \u00e0 Dents Tepe Compact Soft Rose clair\"}]},{\"@type\":\"WebSite\",\"@id\":\"https:\\\/\\\/tupique.com\\\/#website\",\"url\":\"https:\\\/\\\/tupique.com\\\/\",\"name\":\"Tupique\",\"description\":\"\",\"publisher\":{\"@id\":\"https:\\\/\\\/tupique.com\\\/#organization\"},\"potentialAction\":[{\"@type\":\"SearchAction\",\"target\":{\"@type\":\"EntryPoint\",\"urlTemplate\":\"https:\\\/\\\/tupique.com\\\/?s={search_term_string}\"},\"query-input\":{\"@type\":\"PropertyValueSpecification\",\"valueRequired\":true,\"valueName\":\"search_term_string\"}}],\"inLanguage\":\"en-GB\"},{\"@type\":\"Organization\",\"@id\":\"https:\\\/\\\/tupique.com\\\/#organization\",\"name\":\"Tupique\",\"url\":\"https:\\\/\\\/tupique.com\\\/\",\"logo\":{\"@type\":\"ImageObject\",\"inLanguage\":\"en-GB\",\"@id\":\"https:\\\/\\\/tupique.com\\\/#\\\/schema\\\/logo\\\/image\\\/\",\"url\":\"https:\\\/\\\/tupique.com\\\/wp-content\\\/uploads\\\/2026\\\/03\\\/logo-tupique-1.webp\",\"contentUrl\":\"https:\\\/\\\/tupique.com\\\/wp-content\\\/uploads\\\/2026\\\/03\\\/logo-tupique-1.webp\",\"width\":500,\"height\":67,\"caption\":\"Tupique\"},\"image\":{\"@id\":\"https:\\\/\\\/tupique.com\\\/#\\\/schema\\\/logo\\\/image\\\/\"}}]}<\/script>\n<!-- \/ Yoast SEO plugin. -->","yoast_head_json":{"title":"Brosse \u00e0 Dents Tepe Compact Soft Rose clair | | Tupique","description":"Envie d'acheter Brosse \u00e0 Dents Tepe Compact Soft Rose clair\u00a0? Achetez Brosse \u00e0 Dents Tepe Compact Soft Rose clair maintenant avec Tupique en 3 versements sans int\u00e9r\u00eat.","robots":{"index":"index","follow":"follow","max-snippet":"max-snippet:-1","max-image-preview":"max-image-preview:large","max-video-preview":"max-video-preview:-1"},"canonical":"https:\/\/tupique.com\/en\/product\/brosse-a-dents-tepe-compact-soft-rose-clair\/","og_locale":"en_GB","og_type":"article","og_title":"Brosse \u00e0 Dents Tepe Compact Soft Rose clair | | Tupique","og_description":"Envie d'acheter Brosse \u00e0 Dents Tepe Compact Soft Rose clair\u00a0? Achetez Brosse \u00e0 Dents Tepe Compact Soft Rose clair maintenant avec Tupique en 3 versements sans int\u00e9r\u00eat.","og_url":"https:\/\/tupique.com\/en\/product\/brosse-a-dents-tepe-compact-soft-rose-clair\/","og_site_name":"Tupique","twitter_card":"summary_large_image","twitter_misc":{"Est. reading time":"1 minute"},"schema":{"@context":"https:\/\/schema.org","@graph":[{"@type":"WebPage","@id":"https:\/\/tupique.com\/product\/brosse-a-dents-tepe-compact-soft-rose-clair\/","url":"https:\/\/tupique.com\/product\/brosse-a-dents-tepe-compact-soft-rose-clair\/","name":"Brosse \u00e0 Dents Tepe Compact Soft Rose clair | | Tupique","isPartOf":{"@id":"https:\/\/tupique.com\/#website"},"primaryImageOfPage":{"@id":"https:\/\/tupique.com\/product\/brosse-a-dents-tepe-compact-soft-rose-clair\/#primaryimage"},"image":{"@id":"https:\/\/tupique.com\/product\/brosse-a-dents-tepe-compact-soft-rose-clair\/#primaryimage"},"thumbnailUrl":"https:\/\/tupique.com\/wp-content\/uploads\/2026\/05\/B0010EHDH8_R00.jpg","datePublished":"2026-05-14T22:20:55+00:00","description":"Envie d'acheter Brosse \u00e0 Dents Tepe Compact Soft Rose clair\u00a0? Achetez Brosse \u00e0 Dents Tepe Compact Soft Rose clair maintenant avec Tupique en 3 versements sans int\u00e9r\u00eat.","breadcrumb":{"@id":"https:\/\/tupique.com\/product\/brosse-a-dents-tepe-compact-soft-rose-clair\/#breadcrumb"},"inLanguage":"en-GB","potentialAction":[{"@type":"ReadAction","target":["https:\/\/tupique.com\/product\/brosse-a-dents-tepe-compact-soft-rose-clair\/"]}]},{"@type":"ImageObject","inLanguage":"en-GB","@id":"https:\/\/tupique.com\/product\/brosse-a-dents-tepe-compact-soft-rose-clair\/#primaryimage","url":"https:\/\/tupique.com\/wp-content\/uploads\/2026\/05\/B0010EHDH8_R00.jpg","contentUrl":"https:\/\/tupique.com\/wp-content\/uploads\/2026\/05\/B0010EHDH8_R00.jpg","width":1200,"height":1200,"caption":"S0800414_0"},{"@type":"BreadcrumbList","@id":"https:\/\/tupique.com\/product\/brosse-a-dents-tepe-compact-soft-rose-clair\/#breadcrumb","itemListElement":[{"@type":"ListItem","position":1,"name":"commencer","item":"https:\/\/tupique.com\/"},{"@type":"ListItem","position":2,"name":"Loja","item":"https:\/\/tupique.com\/pt\/loja\/"},{"@type":"ListItem","position":3,"name":"Brosse \u00e0 Dents Tepe Compact Soft Rose clair"}]},{"@type":"WebSite","@id":"https:\/\/tupique.com\/#website","url":"https:\/\/tupique.com\/","name":"Tupique","description":"","publisher":{"@id":"https:\/\/tupique.com\/#organization"},"potentialAction":[{"@type":"SearchAction","target":{"@type":"EntryPoint","urlTemplate":"https:\/\/tupique.com\/?s={search_term_string}"},"query-input":{"@type":"PropertyValueSpecification","valueRequired":true,"valueName":"search_term_string"}}],"inLanguage":"en-GB"},{"@type":"Organization","@id":"https:\/\/tupique.com\/#organization","name":"Tupique","url":"https:\/\/tupique.com\/","logo":{"@type":"ImageObject","inLanguage":"en-GB","@id":"https:\/\/tupique.com\/#\/schema\/logo\/image\/","url":"https:\/\/tupique.com\/wp-content\/uploads\/2026\/03\/logo-tupique-1.webp","contentUrl":"https:\/\/tupique.com\/wp-content\/uploads\/2026\/03\/logo-tupique-1.webp","width":500,"height":67,"caption":"Tupique"},"image":{"@id":"https:\/\/tupique.com\/#\/schema\/logo\/image\/"}}]}},"_links":{"self":[{"href":"https:\/\/tupique.com\/en\/wp-json\/wp\/v2\/product\/214359","targetHints":{"allow":["GET"]}}],"collection":[{"href":"https:\/\/tupique.com\/en\/wp-json\/wp\/v2\/product"}],"about":[{"href":"https:\/\/tupique.com\/en\/wp-json\/wp\/v2\/types\/product"}],"replies":[{"embeddable":true,"href":"https:\/\/tupique.com\/en\/wp-json\/wp\/v2\/comments?post=214359"}],"wp:featuredmedia":[{"embeddable":true,"href":"https:\/\/tupique.com\/en\/wp-json\/wp\/v2\/media\/214349"}],"wp:attachment":[{"href":"https:\/\/tupique.com\/en\/wp-json\/wp\/v2\/media?parent=214359"}],"wp:term":[{"taxonomy":"product_brand","embeddable":true,"href":"https:\/\/tupique.com\/en\/wp-json\/wp\/v2\/product_brand?post=214359"},{"taxonomy":"product_cat","embeddable":true,"href":"https:\/\/tupique.com\/en\/wp-json\/wp\/v2\/product_cat?post=214359"},{"taxonomy":"product_tag","embeddable":true,"href":"https:\/\/tupique.com\/en\/wp-json\/wp\/v2\/product_tag?post=214359"},{"taxonomy":"woo-feed-brand","embeddable":true,"href":"https:\/\/tupique.com\/en\/wp-json\/wp\/v2\/woo-feed-brand?post=214359"}],"curies":[{"name":"wp","href":"https:\/\/api.w.org\/{rel}","templated":true}]}}