{"id":218973,"date":"2026-05-15T06:45:59","date_gmt":"2026-05-15T04:45:59","guid":{"rendered":"https:\/\/tupique.com\/product\/sac-de-couchage-ingenuity-3-6-mois\/"},"modified":"2026-05-15T06:45:59","modified_gmt":"2026-05-15T04:45:59","slug":"sac-de-couchage-ingenuity-3-6-mois","status":"publish","type":"product","link":"https:\/\/tupique.com\/en\/product\/sac-de-couchage-ingenuity-3-6-mois\/","title":{"rendered":"Sac de Couchage Ingenuity 3-6 Mois"},"content":{"rendered":"<p>Les enfants m\u00e9ritent ce qu\u2019il y a de mieux, nous vous pr\u00e9sentons donc <b>Sac de Couchage Ingenuity 3-6 Mois<\/b>, id\u00e9al pour ceux qui cherchent des produits de qualit\u00e9 pour les plus petits ! Procurez-vous <b>Ingenuity<\/b> et bien d\u2019autres marques et licences aux meilleurs prix !<\/p>\n<p>The <b>sac de couchage<\/b> pour b\u00e9b\u00e9 d\u2019Ingenuity est con\u00e7u pour offrir une combinaison optimale de confort et de s\u00e9curit\u00e9 pendant le sommeil des tout-petits de <b>3 \u00e0 6 mois<\/b>. Fabriqu\u00e9 en <b>coton<\/b> de haute qualit\u00e9, il procure une sensation douce au toucher et une bonne respirabilit\u00e9, id\u00e9al pour un repos confortable en toute saison, notamment lors des p\u00e9riodes interm\u00e9diaires gr\u00e2ce \u00e0 son isolation moyenne. Disponible dans des tons \u00e9l\u00e9gants de <b>blanc<\/b> et de <b>gris<\/b>, ce sac de couchage pr\u00e9sente des <b>dimensions approximatives de 15 x 5 x 23 cm<\/b>, assurant un ajustement ergonomique et s\u00fbr qui aide \u00e0 limiter les mouvements involontaires pendant le sommeil et favorise le confort thermique du b\u00e9b\u00e9. Fabriqu\u00e9 en Chine selon les normes internationales de qualit\u00e9, le tissu est certifi\u00e9 Oeko-Tex, garantissant l\u2019absence de substances nocives et renfor\u00e7ant la s\u00e9curit\u00e9 pour un usage quotidien au contact de la peau d\u00e9licate des enfants. Son design ajustable facilite l\u2019utilisation et le changement de couche, s\u2019adaptant \u00e0 la croissance du b\u00e9b\u00e9 dans la tranche d\u2019\u00e2ge recommand\u00e9e. Avec ce v\u00eatement, Ingenuity confirme son engagement envers le bien-\u00eatre des enfants, en proposant un produit fiable et fonctionnel pour un sommeil s\u00fbr des b\u00e9b\u00e9s.<\/p>\n<ul>\n<li>Taille: 3-6 Mois<\/li>\n<li>Couleur:\n<ul>\n<li>Blanc<\/li>\n<li>Gris<\/li>\n<\/ul>\n<\/li>\n<li>Dimensions approx.: 15 x 5 x 23 cm<\/li>\n<li>Composition: Coton<\/li>\n<\/ul>","protected":false},"excerpt":{"rendered":"<p>Les enfants m\u00e9ritent ce qu\u2019il y a de mieux, nous vous pr\u00e9sentons donc Sac de Couchage Ingenuity 3-6 Mois, id\u00e9al pour ceux qui cherchent des produits de qualit\u00e9 pour les plus petits ! Procurez-vous Ingenuity et bien d\u2019autres marques et licences aux meilleurs prix ! Le sac de couchage pour b\u00e9b\u00e9 d\u2019Ingenuity est con\u00e7u pour [&hellip;]<\/p>\n","protected":false},"featured_media":218964,"comment_status":"open","ping_status":"closed","template":"","meta":[],"product_brand":[1519],"product_cat":[1532,239,3197],"product_tag":[208],"woo-feed-brand":[],"class_list":{"0":"post-218973","1":"product","2":"type-product","3":"status-publish","4":"has-post-thumbnail","6":"product_brand-brandp_6060","7":"product_cat-linge-de-maison","8":"product_cat-maison-jardin","9":"product_cat-sacs-de-couchage","10":"product_tag-tag_587","12":"first","13":"instock","14":"taxable","15":"shipping-taxable","16":"purchasable","17":"product-type-simple"},"yoast_head":"<!-- This site is optimized with the Yoast SEO plugin v27.6 - https:\/\/yoast.com\/product\/yoast-seo-wordpress\/ -->\n<title>Sac de Couchage Ingenuity 3-6 Mois | | Tupique<\/title>\n<meta name=\"description\" content=\"Envie d&#039;acheter Sac de Couchage Ingenuity 3-6 Mois\u00a0? Achetez Sac de Couchage Ingenuity 3-6 Mois maintenant avec Tupique en 3 versements sans int\u00e9r\u00eat.\" \/>\n<meta name=\"robots\" content=\"index, follow, max-snippet:-1, max-image-preview:large, max-video-preview:-1\" \/>\n<link rel=\"canonical\" href=\"https:\/\/tupique.com\/en\/product\/sac-de-couchage-ingenuity-3-6-mois\/\" \/>\n<meta property=\"og:locale\" content=\"en_GB\" \/>\n<meta property=\"og:type\" content=\"article\" \/>\n<meta property=\"og:title\" content=\"Sac de Couchage Ingenuity 3-6 Mois | | Tupique\" \/>\n<meta property=\"og:description\" content=\"Envie d&#039;acheter Sac de Couchage Ingenuity 3-6 Mois\u00a0? Achetez Sac de Couchage Ingenuity 3-6 Mois maintenant avec Tupique en 3 versements sans int\u00e9r\u00eat.\" \/>\n<meta property=\"og:url\" content=\"https:\/\/tupique.com\/en\/product\/sac-de-couchage-ingenuity-3-6-mois\/\" \/>\n<meta property=\"og:site_name\" content=\"Tupique\" \/>\n<meta name=\"twitter:card\" content=\"summary_large_image\" \/>\n<meta name=\"twitter:label1\" content=\"Est. reading time\" \/>\n\t<meta name=\"twitter:data1\" content=\"1 minute\" \/>\n<script type=\"application\/ld+json\" class=\"yoast-schema-graph\">{\"@context\":\"https:\\\/\\\/schema.org\",\"@graph\":[{\"@type\":\"WebPage\",\"@id\":\"https:\\\/\\\/tupique.com\\\/product\\\/sac-de-couchage-ingenuity-3-6-mois\\\/\",\"url\":\"https:\\\/\\\/tupique.com\\\/product\\\/sac-de-couchage-ingenuity-3-6-mois\\\/\",\"name\":\"Sac de Couchage Ingenuity 3-6 Mois | | Tupique\",\"isPartOf\":{\"@id\":\"https:\\\/\\\/tupique.com\\\/#website\"},\"primaryImageOfPage\":{\"@id\":\"https:\\\/\\\/tupique.com\\\/product\\\/sac-de-couchage-ingenuity-3-6-mois\\\/#primaryimage\"},\"image\":{\"@id\":\"https:\\\/\\\/tupique.com\\\/product\\\/sac-de-couchage-ingenuity-3-6-mois\\\/#primaryimage\"},\"thumbnailUrl\":\"https:\\\/\\\/tupique.com\\\/wp-content\\\/uploads\\\/2026\\\/05\\\/0074451999183_S71016743_P00.jpg\",\"datePublished\":\"2026-05-15T04:45:59+00:00\",\"description\":\"Envie d'acheter Sac de Couchage Ingenuity 3-6 Mois\u00a0? Achetez Sac de Couchage Ingenuity 3-6 Mois maintenant avec Tupique en 3 versements sans int\u00e9r\u00eat.\",\"breadcrumb\":{\"@id\":\"https:\\\/\\\/tupique.com\\\/product\\\/sac-de-couchage-ingenuity-3-6-mois\\\/#breadcrumb\"},\"inLanguage\":\"en-GB\",\"potentialAction\":[{\"@type\":\"ReadAction\",\"target\":[\"https:\\\/\\\/tupique.com\\\/product\\\/sac-de-couchage-ingenuity-3-6-mois\\\/\"]}]},{\"@type\":\"ImageObject\",\"inLanguage\":\"en-GB\",\"@id\":\"https:\\\/\\\/tupique.com\\\/product\\\/sac-de-couchage-ingenuity-3-6-mois\\\/#primaryimage\",\"url\":\"https:\\\/\\\/tupique.com\\\/wp-content\\\/uploads\\\/2026\\\/05\\\/0074451999183_S71016743_P00.jpg\",\"contentUrl\":\"https:\\\/\\\/tupique.com\\\/wp-content\\\/uploads\\\/2026\\\/05\\\/0074451999183_S71016743_P00.jpg\",\"width\":1200,\"height\":1200,\"caption\":\"S0800772_0\"},{\"@type\":\"BreadcrumbList\",\"@id\":\"https:\\\/\\\/tupique.com\\\/product\\\/sac-de-couchage-ingenuity-3-6-mois\\\/#breadcrumb\",\"itemListElement\":[{\"@type\":\"ListItem\",\"position\":1,\"name\":\"commencer\",\"item\":\"https:\\\/\\\/tupique.com\\\/\"},{\"@type\":\"ListItem\",\"position\":2,\"name\":\"Loja\",\"item\":\"https:\\\/\\\/tupique.com\\\/pt\\\/loja\\\/\"},{\"@type\":\"ListItem\",\"position\":3,\"name\":\"Sac de Couchage Ingenuity 3-6 Mois\"}]},{\"@type\":\"WebSite\",\"@id\":\"https:\\\/\\\/tupique.com\\\/#website\",\"url\":\"https:\\\/\\\/tupique.com\\\/\",\"name\":\"Tupique\",\"description\":\"\",\"publisher\":{\"@id\":\"https:\\\/\\\/tupique.com\\\/#organization\"},\"potentialAction\":[{\"@type\":\"SearchAction\",\"target\":{\"@type\":\"EntryPoint\",\"urlTemplate\":\"https:\\\/\\\/tupique.com\\\/?s={search_term_string}\"},\"query-input\":{\"@type\":\"PropertyValueSpecification\",\"valueRequired\":true,\"valueName\":\"search_term_string\"}}],\"inLanguage\":\"en-GB\"},{\"@type\":\"Organization\",\"@id\":\"https:\\\/\\\/tupique.com\\\/#organization\",\"name\":\"Tupique\",\"url\":\"https:\\\/\\\/tupique.com\\\/\",\"logo\":{\"@type\":\"ImageObject\",\"inLanguage\":\"en-GB\",\"@id\":\"https:\\\/\\\/tupique.com\\\/#\\\/schema\\\/logo\\\/image\\\/\",\"url\":\"https:\\\/\\\/tupique.com\\\/wp-content\\\/uploads\\\/2026\\\/03\\\/logo-tupique-1.webp\",\"contentUrl\":\"https:\\\/\\\/tupique.com\\\/wp-content\\\/uploads\\\/2026\\\/03\\\/logo-tupique-1.webp\",\"width\":500,\"height\":67,\"caption\":\"Tupique\"},\"image\":{\"@id\":\"https:\\\/\\\/tupique.com\\\/#\\\/schema\\\/logo\\\/image\\\/\"}}]}<\/script>\n<!-- \/ Yoast SEO plugin. -->","yoast_head_json":{"title":"Sac de Couchage Ingenuity 3-6 Mois | | Tupique","description":"Envie d'acheter Sac de Couchage Ingenuity 3-6 Mois\u00a0? Achetez Sac de Couchage Ingenuity 3-6 Mois maintenant avec Tupique en 3 versements sans int\u00e9r\u00eat.","robots":{"index":"index","follow":"follow","max-snippet":"max-snippet:-1","max-image-preview":"max-image-preview:large","max-video-preview":"max-video-preview:-1"},"canonical":"https:\/\/tupique.com\/en\/product\/sac-de-couchage-ingenuity-3-6-mois\/","og_locale":"en_GB","og_type":"article","og_title":"Sac de Couchage Ingenuity 3-6 Mois | | Tupique","og_description":"Envie d'acheter Sac de Couchage Ingenuity 3-6 Mois\u00a0? Achetez Sac de Couchage Ingenuity 3-6 Mois maintenant avec Tupique en 3 versements sans int\u00e9r\u00eat.","og_url":"https:\/\/tupique.com\/en\/product\/sac-de-couchage-ingenuity-3-6-mois\/","og_site_name":"Tupique","twitter_card":"summary_large_image","twitter_misc":{"Est. reading time":"1 minute"},"schema":{"@context":"https:\/\/schema.org","@graph":[{"@type":"WebPage","@id":"https:\/\/tupique.com\/product\/sac-de-couchage-ingenuity-3-6-mois\/","url":"https:\/\/tupique.com\/product\/sac-de-couchage-ingenuity-3-6-mois\/","name":"Sac de Couchage Ingenuity 3-6 Mois | | Tupique","isPartOf":{"@id":"https:\/\/tupique.com\/#website"},"primaryImageOfPage":{"@id":"https:\/\/tupique.com\/product\/sac-de-couchage-ingenuity-3-6-mois\/#primaryimage"},"image":{"@id":"https:\/\/tupique.com\/product\/sac-de-couchage-ingenuity-3-6-mois\/#primaryimage"},"thumbnailUrl":"https:\/\/tupique.com\/wp-content\/uploads\/2026\/05\/0074451999183_S71016743_P00.jpg","datePublished":"2026-05-15T04:45:59+00:00","description":"Envie d'acheter Sac de Couchage Ingenuity 3-6 Mois\u00a0? Achetez Sac de Couchage Ingenuity 3-6 Mois maintenant avec Tupique en 3 versements sans int\u00e9r\u00eat.","breadcrumb":{"@id":"https:\/\/tupique.com\/product\/sac-de-couchage-ingenuity-3-6-mois\/#breadcrumb"},"inLanguage":"en-GB","potentialAction":[{"@type":"ReadAction","target":["https:\/\/tupique.com\/product\/sac-de-couchage-ingenuity-3-6-mois\/"]}]},{"@type":"ImageObject","inLanguage":"en-GB","@id":"https:\/\/tupique.com\/product\/sac-de-couchage-ingenuity-3-6-mois\/#primaryimage","url":"https:\/\/tupique.com\/wp-content\/uploads\/2026\/05\/0074451999183_S71016743_P00.jpg","contentUrl":"https:\/\/tupique.com\/wp-content\/uploads\/2026\/05\/0074451999183_S71016743_P00.jpg","width":1200,"height":1200,"caption":"S0800772_0"},{"@type":"BreadcrumbList","@id":"https:\/\/tupique.com\/product\/sac-de-couchage-ingenuity-3-6-mois\/#breadcrumb","itemListElement":[{"@type":"ListItem","position":1,"name":"commencer","item":"https:\/\/tupique.com\/"},{"@type":"ListItem","position":2,"name":"Loja","item":"https:\/\/tupique.com\/pt\/loja\/"},{"@type":"ListItem","position":3,"name":"Sac de Couchage Ingenuity 3-6 Mois"}]},{"@type":"WebSite","@id":"https:\/\/tupique.com\/#website","url":"https:\/\/tupique.com\/","name":"Tupique","description":"","publisher":{"@id":"https:\/\/tupique.com\/#organization"},"potentialAction":[{"@type":"SearchAction","target":{"@type":"EntryPoint","urlTemplate":"https:\/\/tupique.com\/?s={search_term_string}"},"query-input":{"@type":"PropertyValueSpecification","valueRequired":true,"valueName":"search_term_string"}}],"inLanguage":"en-GB"},{"@type":"Organization","@id":"https:\/\/tupique.com\/#organization","name":"Tupique","url":"https:\/\/tupique.com\/","logo":{"@type":"ImageObject","inLanguage":"en-GB","@id":"https:\/\/tupique.com\/#\/schema\/logo\/image\/","url":"https:\/\/tupique.com\/wp-content\/uploads\/2026\/03\/logo-tupique-1.webp","contentUrl":"https:\/\/tupique.com\/wp-content\/uploads\/2026\/03\/logo-tupique-1.webp","width":500,"height":67,"caption":"Tupique"},"image":{"@id":"https:\/\/tupique.com\/#\/schema\/logo\/image\/"}}]}},"_links":{"self":[{"href":"https:\/\/tupique.com\/en\/wp-json\/wp\/v2\/product\/218973","targetHints":{"allow":["GET"]}}],"collection":[{"href":"https:\/\/tupique.com\/en\/wp-json\/wp\/v2\/product"}],"about":[{"href":"https:\/\/tupique.com\/en\/wp-json\/wp\/v2\/types\/product"}],"replies":[{"embeddable":true,"href":"https:\/\/tupique.com\/en\/wp-json\/wp\/v2\/comments?post=218973"}],"wp:featuredmedia":[{"embeddable":true,"href":"https:\/\/tupique.com\/en\/wp-json\/wp\/v2\/media\/218964"}],"wp:attachment":[{"href":"https:\/\/tupique.com\/en\/wp-json\/wp\/v2\/media?parent=218973"}],"wp:term":[{"taxonomy":"product_brand","embeddable":true,"href":"https:\/\/tupique.com\/en\/wp-json\/wp\/v2\/product_brand?post=218973"},{"taxonomy":"product_cat","embeddable":true,"href":"https:\/\/tupique.com\/en\/wp-json\/wp\/v2\/product_cat?post=218973"},{"taxonomy":"product_tag","embeddable":true,"href":"https:\/\/tupique.com\/en\/wp-json\/wp\/v2\/product_tag?post=218973"},{"taxonomy":"woo-feed-brand","embeddable":true,"href":"https:\/\/tupique.com\/en\/wp-json\/wp\/v2\/woo-feed-brand?post=218973"}],"curies":[{"name":"wp","href":"https:\/\/api.w.org\/{rel}","templated":true}]}}