{"id":219652,"date":"2026-05-15T07:34:25","date_gmt":"2026-05-15T05:34:25","guid":{"rendered":"https:\/\/tupique.com\/product\/protection-des-cotes-sparco-k-track-14-15-ans\/"},"modified":"2026-05-15T20:48:34","modified_gmt":"2026-05-15T18:48:34","slug":"protection-des-cotes-sparco-k-track-14-15-ans","status":"publish","type":"product","link":"https:\/\/tupique.com\/en\/product\/protection-des-cotes-sparco-k-track-14-15-ans\/","title":{"rendered":"Protection des c\u00f4tes Sparco  K-TRACK  14-15 Ans"},"content":{"rendered":"<p>\u00c9quipez votre v\u00e9hicule avec les derni\u00e8res nouveaut\u00e9s du secteur ! Achetez <b>Protection des c\u00f4tes Sparco  K-TRACK  14-15 Ans<\/b> et aucun d\u00e9tail ne vous \u00e9chappera!<\/p>\n<ul>\n<li>Features:\n<ul>\n<li>R\u00e9glable<\/li>\n<li>Ergonomique<\/li>\n<li>\u00c9lastique<\/li>\n<li>Flexible<\/li>\n<li>L\u00e9ger<\/li>\n<\/ul>\n<\/li>\n<li>Tour de poitrine: 94 &#8211; 97 cm<\/li>\n<li>Taille: 14-15 Ans<\/li>\n<\/ul>","protected":false},"excerpt":{"rendered":"<p>\u00c9quipez votre v\u00e9hicule avec les derni\u00e8res nouveaut\u00e9s du secteur ! Achetez Protection des c\u00f4tes Sparco K-TRACK 14-15 Ans et aucun d\u00e9tail ne vous \u00e9chappera! Caract\u00e9ristiques: R\u00e9glable Ergonomique \u00c9lastique Flexible L\u00e9ger Tour de poitrine: 94 &#8211; 97 cm Taille: 14-15 Ans<\/p>","protected":false},"featured_media":219646,"comment_status":"open","ping_status":"closed","template":"","meta":[],"product_brand":[1767],"product_cat":[1765,1766,1764],"product_tag":[],"woo-feed-brand":[],"class_list":{"0":"post-219652","1":"product","2":"type-product","3":"status-publish","4":"has-post-thumbnail","6":"product_brand-brandp_3117","7":"product_cat-accessoires-pour-voitures","8":"product_cat-protection-et-securite-dans-les-voitures","9":"product_cat-sports-loisirs","11":"first","12":"instock","13":"taxable","14":"shipping-taxable","15":"purchasable","16":"product-type-simple"},"yoast_head":"<!-- This site is optimized with the Yoast SEO plugin v27.6 - https:\/\/yoast.com\/product\/yoast-seo-wordpress\/ -->\n<title>Protection des c\u00f4tes Sparco K-TRACK 14-15 Ans | | Tupique<\/title>\n<meta name=\"description\" content=\"Envie d&#039;acheter Protection des c\u00f4tes Sparco K-TRACK 14-15 Ans\u00a0? Achetez Protection des c\u00f4tes Sparco K-TRACK 14-15 Ans maintenant avec Tupique en 3 versements sans int\u00e9r\u00eat.\" \/>\n<meta name=\"robots\" content=\"index, follow, max-snippet:-1, max-image-preview:large, max-video-preview:-1\" \/>\n<link rel=\"canonical\" href=\"https:\/\/tupique.com\/en\/product\/protection-des-cotes-sparco-k-track-14-15-ans\/\" \/>\n<meta property=\"og:locale\" content=\"en_GB\" \/>\n<meta property=\"og:type\" content=\"article\" \/>\n<meta property=\"og:title\" content=\"Protection des c\u00f4tes Sparco K-TRACK 14-15 Ans | | Tupique\" \/>\n<meta property=\"og:description\" content=\"Envie d&#039;acheter Protection des c\u00f4tes Sparco K-TRACK 14-15 Ans\u00a0? Achetez Protection des c\u00f4tes Sparco K-TRACK 14-15 Ans maintenant avec Tupique en 3 versements sans int\u00e9r\u00eat.\" \/>\n<meta property=\"og:url\" content=\"https:\/\/tupique.com\/en\/product\/protection-des-cotes-sparco-k-track-14-15-ans\/\" \/>\n<meta property=\"og:site_name\" content=\"Tupique\" \/>\n<meta property=\"article:modified_time\" content=\"2026-05-15T18:48:34+00:00\" \/>\n<meta name=\"twitter:card\" content=\"summary_large_image\" \/>\n<script type=\"application\/ld+json\" class=\"yoast-schema-graph\">{\"@context\":\"https:\\\/\\\/schema.org\",\"@graph\":[{\"@type\":\"WebPage\",\"@id\":\"https:\\\/\\\/tupique.com\\\/product\\\/protection-des-cotes-sparco-k-track-14-15-ans\\\/\",\"url\":\"https:\\\/\\\/tupique.com\\\/product\\\/protection-des-cotes-sparco-k-track-14-15-ans\\\/\",\"name\":\"Protection des c\u00f4tes Sparco K-TRACK 14-15 Ans | | Tupique\",\"isPartOf\":{\"@id\":\"https:\\\/\\\/tupique.com\\\/#website\"},\"primaryImageOfPage\":{\"@id\":\"https:\\\/\\\/tupique.com\\\/product\\\/protection-des-cotes-sparco-k-track-14-15-ans\\\/#primaryimage\"},\"image\":{\"@id\":\"https:\\\/\\\/tupique.com\\\/product\\\/protection-des-cotes-sparco-k-track-14-15-ans\\\/#primaryimage\"},\"thumbnailUrl\":\"https:\\\/\\\/tupique.com\\\/wp-content\\\/uploads\\\/2026\\\/05\\\/8033280443795_S3727986_P00.jpg\",\"datePublished\":\"2026-05-15T05:34:25+00:00\",\"dateModified\":\"2026-05-15T18:48:34+00:00\",\"description\":\"Envie d'acheter Protection des c\u00f4tes Sparco K-TRACK 14-15 Ans\u00a0? Achetez Protection des c\u00f4tes Sparco K-TRACK 14-15 Ans maintenant avec Tupique en 3 versements sans int\u00e9r\u00eat.\",\"breadcrumb\":{\"@id\":\"https:\\\/\\\/tupique.com\\\/product\\\/protection-des-cotes-sparco-k-track-14-15-ans\\\/#breadcrumb\"},\"inLanguage\":\"en-GB\",\"potentialAction\":[{\"@type\":\"ReadAction\",\"target\":[\"https:\\\/\\\/tupique.com\\\/product\\\/protection-des-cotes-sparco-k-track-14-15-ans\\\/\"]}]},{\"@type\":\"ImageObject\",\"inLanguage\":\"en-GB\",\"@id\":\"https:\\\/\\\/tupique.com\\\/product\\\/protection-des-cotes-sparco-k-track-14-15-ans\\\/#primaryimage\",\"url\":\"https:\\\/\\\/tupique.com\\\/wp-content\\\/uploads\\\/2026\\\/05\\\/8033280443795_S3727986_P00.jpg\",\"contentUrl\":\"https:\\\/\\\/tupique.com\\\/wp-content\\\/uploads\\\/2026\\\/05\\\/8033280443795_S3727986_P00.jpg\",\"width\":1200,\"height\":1200,\"caption\":\"S3727986_0\"},{\"@type\":\"BreadcrumbList\",\"@id\":\"https:\\\/\\\/tupique.com\\\/product\\\/protection-des-cotes-sparco-k-track-14-15-ans\\\/#breadcrumb\",\"itemListElement\":[{\"@type\":\"ListItem\",\"position\":1,\"name\":\"commencer\",\"item\":\"https:\\\/\\\/tupique.com\\\/\"},{\"@type\":\"ListItem\",\"position\":2,\"name\":\"Loja\",\"item\":\"https:\\\/\\\/tupique.com\\\/pt\\\/loja\\\/\"},{\"@type\":\"ListItem\",\"position\":3,\"name\":\"Protection des c\u00f4tes Sparco K-TRACK 14-15 Ans\"}]},{\"@type\":\"WebSite\",\"@id\":\"https:\\\/\\\/tupique.com\\\/#website\",\"url\":\"https:\\\/\\\/tupique.com\\\/\",\"name\":\"Tupique\",\"description\":\"\",\"publisher\":{\"@id\":\"https:\\\/\\\/tupique.com\\\/#organization\"},\"potentialAction\":[{\"@type\":\"SearchAction\",\"target\":{\"@type\":\"EntryPoint\",\"urlTemplate\":\"https:\\\/\\\/tupique.com\\\/?s={search_term_string}\"},\"query-input\":{\"@type\":\"PropertyValueSpecification\",\"valueRequired\":true,\"valueName\":\"search_term_string\"}}],\"inLanguage\":\"en-GB\"},{\"@type\":\"Organization\",\"@id\":\"https:\\\/\\\/tupique.com\\\/#organization\",\"name\":\"Tupique\",\"url\":\"https:\\\/\\\/tupique.com\\\/\",\"logo\":{\"@type\":\"ImageObject\",\"inLanguage\":\"en-GB\",\"@id\":\"https:\\\/\\\/tupique.com\\\/#\\\/schema\\\/logo\\\/image\\\/\",\"url\":\"https:\\\/\\\/tupique.com\\\/wp-content\\\/uploads\\\/2026\\\/03\\\/logo-tupique-1.webp\",\"contentUrl\":\"https:\\\/\\\/tupique.com\\\/wp-content\\\/uploads\\\/2026\\\/03\\\/logo-tupique-1.webp\",\"width\":500,\"height\":67,\"caption\":\"Tupique\"},\"image\":{\"@id\":\"https:\\\/\\\/tupique.com\\\/#\\\/schema\\\/logo\\\/image\\\/\"}}]}<\/script>\n<!-- \/ Yoast SEO plugin. -->","yoast_head_json":{"title":"Protection des c\u00f4tes Sparco K-TRACK 14-15 Ans | | Tupique","description":"Envie d'acheter Protection des c\u00f4tes Sparco K-TRACK 14-15 Ans\u00a0? Achetez Protection des c\u00f4tes Sparco K-TRACK 14-15 Ans maintenant avec Tupique en 3 versements sans int\u00e9r\u00eat.","robots":{"index":"index","follow":"follow","max-snippet":"max-snippet:-1","max-image-preview":"max-image-preview:large","max-video-preview":"max-video-preview:-1"},"canonical":"https:\/\/tupique.com\/en\/product\/protection-des-cotes-sparco-k-track-14-15-ans\/","og_locale":"en_GB","og_type":"article","og_title":"Protection des c\u00f4tes Sparco K-TRACK 14-15 Ans | | Tupique","og_description":"Envie d'acheter Protection des c\u00f4tes Sparco K-TRACK 14-15 Ans\u00a0? Achetez Protection des c\u00f4tes Sparco K-TRACK 14-15 Ans maintenant avec Tupique en 3 versements sans int\u00e9r\u00eat.","og_url":"https:\/\/tupique.com\/en\/product\/protection-des-cotes-sparco-k-track-14-15-ans\/","og_site_name":"Tupique","article_modified_time":"2026-05-15T18:48:34+00:00","twitter_card":"summary_large_image","schema":{"@context":"https:\/\/schema.org","@graph":[{"@type":"WebPage","@id":"https:\/\/tupique.com\/product\/protection-des-cotes-sparco-k-track-14-15-ans\/","url":"https:\/\/tupique.com\/product\/protection-des-cotes-sparco-k-track-14-15-ans\/","name":"Protection des c\u00f4tes Sparco K-TRACK 14-15 Ans | | Tupique","isPartOf":{"@id":"https:\/\/tupique.com\/#website"},"primaryImageOfPage":{"@id":"https:\/\/tupique.com\/product\/protection-des-cotes-sparco-k-track-14-15-ans\/#primaryimage"},"image":{"@id":"https:\/\/tupique.com\/product\/protection-des-cotes-sparco-k-track-14-15-ans\/#primaryimage"},"thumbnailUrl":"https:\/\/tupique.com\/wp-content\/uploads\/2026\/05\/8033280443795_S3727986_P00.jpg","datePublished":"2026-05-15T05:34:25+00:00","dateModified":"2026-05-15T18:48:34+00:00","description":"Envie d'acheter Protection des c\u00f4tes Sparco K-TRACK 14-15 Ans\u00a0? Achetez Protection des c\u00f4tes Sparco K-TRACK 14-15 Ans maintenant avec Tupique en 3 versements sans int\u00e9r\u00eat.","breadcrumb":{"@id":"https:\/\/tupique.com\/product\/protection-des-cotes-sparco-k-track-14-15-ans\/#breadcrumb"},"inLanguage":"en-GB","potentialAction":[{"@type":"ReadAction","target":["https:\/\/tupique.com\/product\/protection-des-cotes-sparco-k-track-14-15-ans\/"]}]},{"@type":"ImageObject","inLanguage":"en-GB","@id":"https:\/\/tupique.com\/product\/protection-des-cotes-sparco-k-track-14-15-ans\/#primaryimage","url":"https:\/\/tupique.com\/wp-content\/uploads\/2026\/05\/8033280443795_S3727986_P00.jpg","contentUrl":"https:\/\/tupique.com\/wp-content\/uploads\/2026\/05\/8033280443795_S3727986_P00.jpg","width":1200,"height":1200,"caption":"S3727986_0"},{"@type":"BreadcrumbList","@id":"https:\/\/tupique.com\/product\/protection-des-cotes-sparco-k-track-14-15-ans\/#breadcrumb","itemListElement":[{"@type":"ListItem","position":1,"name":"commencer","item":"https:\/\/tupique.com\/"},{"@type":"ListItem","position":2,"name":"Loja","item":"https:\/\/tupique.com\/pt\/loja\/"},{"@type":"ListItem","position":3,"name":"Protection des c\u00f4tes Sparco K-TRACK 14-15 Ans"}]},{"@type":"WebSite","@id":"https:\/\/tupique.com\/#website","url":"https:\/\/tupique.com\/","name":"Tupique","description":"","publisher":{"@id":"https:\/\/tupique.com\/#organization"},"potentialAction":[{"@type":"SearchAction","target":{"@type":"EntryPoint","urlTemplate":"https:\/\/tupique.com\/?s={search_term_string}"},"query-input":{"@type":"PropertyValueSpecification","valueRequired":true,"valueName":"search_term_string"}}],"inLanguage":"en-GB"},{"@type":"Organization","@id":"https:\/\/tupique.com\/#organization","name":"Tupique","url":"https:\/\/tupique.com\/","logo":{"@type":"ImageObject","inLanguage":"en-GB","@id":"https:\/\/tupique.com\/#\/schema\/logo\/image\/","url":"https:\/\/tupique.com\/wp-content\/uploads\/2026\/03\/logo-tupique-1.webp","contentUrl":"https:\/\/tupique.com\/wp-content\/uploads\/2026\/03\/logo-tupique-1.webp","width":500,"height":67,"caption":"Tupique"},"image":{"@id":"https:\/\/tupique.com\/#\/schema\/logo\/image\/"}}]}},"_links":{"self":[{"href":"https:\/\/tupique.com\/en\/wp-json\/wp\/v2\/product\/219652","targetHints":{"allow":["GET"]}}],"collection":[{"href":"https:\/\/tupique.com\/en\/wp-json\/wp\/v2\/product"}],"about":[{"href":"https:\/\/tupique.com\/en\/wp-json\/wp\/v2\/types\/product"}],"replies":[{"embeddable":true,"href":"https:\/\/tupique.com\/en\/wp-json\/wp\/v2\/comments?post=219652"}],"wp:featuredmedia":[{"embeddable":true,"href":"https:\/\/tupique.com\/en\/wp-json\/wp\/v2\/media\/219646"}],"wp:attachment":[{"href":"https:\/\/tupique.com\/en\/wp-json\/wp\/v2\/media?parent=219652"}],"wp:term":[{"taxonomy":"product_brand","embeddable":true,"href":"https:\/\/tupique.com\/en\/wp-json\/wp\/v2\/product_brand?post=219652"},{"taxonomy":"product_cat","embeddable":true,"href":"https:\/\/tupique.com\/en\/wp-json\/wp\/v2\/product_cat?post=219652"},{"taxonomy":"product_tag","embeddable":true,"href":"https:\/\/tupique.com\/en\/wp-json\/wp\/v2\/product_tag?post=219652"},{"taxonomy":"woo-feed-brand","embeddable":true,"href":"https:\/\/tupique.com\/en\/wp-json\/wp\/v2\/woo-feed-brand?post=219652"}],"curies":[{"name":"wp","href":"https:\/\/api.w.org\/{rel}","templated":true}]}}