{"id":220373,"date":"2026-05-15T08:48:13","date_gmt":"2026-05-15T06:48:13","guid":{"rendered":"https:\/\/tupique.com\/product\/disque-rotatif-de-cardio-avec-guide-dexercices-innovagoods-ig117162\/"},"modified":"2026-05-15T08:58:07","modified_gmt":"2026-05-15T06:58:07","slug":"disque-rotatif-de-cardio-avec-guide-dexercices-innovagoods-ig117162","status":"publish","type":"product","link":"https:\/\/tupique.com\/en\/product\/disque-rotatif-de-cardio-avec-guide-dexercices-innovagoods-ig117162\/","title":{"rendered":"Disque Rotatif de Cardio avec Guide d&#8217;Exercices InnovaGoods IG117162"},"content":{"rendered":"<div class=\"col-md-6\">Retrouvez la forme avec <b>InnovaGoods<\/b> gr\u00e2ce \u00e0 ses nouveaut\u00e9s en mati\u00e8re de sport et de fitness, comme <b>Disque Rotatif de Cardio avec Guide d&#8217;Exercices InnovaGoods IG117162 <\/b>! D\u00e9couvrez une vaste gamme de produits de qualit\u00e9 qui se d\u00e9marquent de par leur fonctionnalit\u00e9, leur efficacit\u00e9 et leur design innovant. Parfaits pour am\u00e9liorer votre silhouette et votre forme physique !<\/p>\n<p>Une mani\u00e8re confortable, simple et efficace de faire du sport et des exercices de fitness pour facilement se mettre en forme, en exer\u00e7ant et en fortifiant les muscles du corps.<\/p>\n<p><\/p>\n<ul>\n<li>Mati\u00e8re: ABS<\/li>\n<li>Couleur: Noir<\/li>\n<li>Design moderne: Ergonomique<\/li>\n<li>Bandes de r\u00e9sistance \u00e9lastiques: x2<\/li>\n<li>Poign\u00e9es en mousse antid\u00e9rapantes: Fixation ferme<\/li>\n<li>Multifonction: Fitness, yoga, gym, etc.<\/li>\n<li>Exercice et remise en forme: Convient \u00e0 tous les niveaux<\/li>\n<li>Entrainement complet: Grande vari\u00e9t\u00e9 d&#8217;exercices de fitness<\/li>\n<li>Effets b\u00e9n\u00e9fiques: Favorise l&#8217;\u00e9limination des graisses et des toxines.<\/li>\n<li>Renforce et tonifie les muscles du corps.: Exerce les fessiers, les jambes, la taille, les abdominaux et les bras<\/li>\n<li>Facilit\u00e9 d&#8217;utilisation: Utilisation pratique et simple<\/li>\n<li>Compact: Occupe peu d&#8217;espace<\/li>\n<li>Originale et portative: Plusieurs fonctionnalit\u00e9s et espaces<\/li>\n<li>L\u00e9ger et maniable: Facile \u00e0 transporter et \u00e0 ranger<\/li>\n<li>Utilisation \u00e0 l&#8217;int\u00e9rieur et \u00e0 l&#8217;ext\u00e9rieur: Id\u00e9ale pour faire de l&#8217;exercice \u00e0 la maison<\/li>\n<li>Inclut: Guide d&#8217;exercices<\/li>\n<li>Dimensions approx.: \u00d825 x 3 cm<\/li>\n<li>Design:\n<ul>\n<li>Compact<\/li>\n<li>Ligero<\/li>\n<\/ul>\n<\/li>\n<li>Caract\u00e9ristiques: Facile \u00e0 transporter et \u00e0 ranger<\/li>\n<\/ul>\n<p>Packaging et manuel en 24 langues: anglais, fran\u00e7ais, espagnol, allemand, italien, portugais, n\u00e9erlandais, polonais, hongrois, roumain, danois, su\u00e9dois, finnois, lituanien, norv\u00e9gien, slov\u00e8ne, grec, tch\u00e8que, bulgare, croate, slovaque, estonien, russe, letton.<\/p><\/div>\n<div class=\"col-md-6\">\n<div class=\"embed-responsive embed-responsive-16by9\"><\/div>\n<\/div>","protected":false},"excerpt":{"rendered":"<p>Retrouvez la forme avec InnovaGoods gr\u00e2ce \u00e0 ses nouveaut\u00e9s en mati\u00e8re de sport et de fitness, comme Disque Rotatif de Cardio avec Guide d&#8217;Exercices InnovaGoods IG117162 ! D\u00e9couvrez une vaste gamme de produits de qualit\u00e9 qui se d\u00e9marquent de par leur fonctionnalit\u00e9, leur efficacit\u00e9 et leur design innovant. Parfaits pour am\u00e9liorer votre silhouette et votre [&hellip;]<\/p>\n","protected":false},"featured_media":220347,"comment_status":"open","ping_status":"closed","template":"","meta":[],"product_brand":[256],"product_cat":[1879,63,1831,1832,1777,1778,1764,1796],"product_tag":[1776,163,165],"woo-feed-brand":[],"class_list":{"0":"post-220373","1":"product","2":"type-product","3":"status-publish","4":"has-post-thumbnail","6":"product_brand-brandp_1281","7":"product_cat-bandes-elastiques","8":"product_cat-cadeaux-originaux","9":"product_cat-cadeaux-pour-sportifs","10":"product_cat-equipements-sportifs","11":"product_cat-fitness","12":"product_cat-fitness-et-appareils-de-musculation","13":"product_cat-sports-loisirs","14":"product_cat-teleachat-vu-a-la-television","15":"product_tag-tag_1294","16":"product_tag-tag_17","17":"product_tag-tag_69","19":"first","20":"instock","21":"taxable","22":"shipping-taxable","23":"purchasable","24":"product-type-simple"},"yoast_head":"<!-- This site is optimized with the Yoast SEO plugin v27.6 - https:\/\/yoast.com\/product\/yoast-seo-wordpress\/ -->\n<title>Disque Rotatif de Cardio avec Guide d&#039;Exercices InnovaGoods IG117162 | | Tupique<\/title>\n<meta name=\"description\" content=\"Envie d&#039;acheter Disque Rotatif de Cardio avec Guide d&#039;Exercices InnovaGoods IG117162\u00a0? Achetez Disque Rotatif de Cardio avec Guide d&#039;Exercices InnovaGoods IG117162 maintenant avec Tupique en 3 versements sans int\u00e9r\u00eat.\" \/>\n<meta name=\"robots\" content=\"index, follow, max-snippet:-1, max-image-preview:large, max-video-preview:-1\" \/>\n<link rel=\"canonical\" href=\"https:\/\/tupique.com\/en\/product\/disque-rotatif-de-cardio-avec-guide-dexercices-innovagoods-ig117162\/\" \/>\n<meta property=\"og:locale\" content=\"en_GB\" \/>\n<meta property=\"og:type\" content=\"article\" \/>\n<meta property=\"og:title\" content=\"Disque Rotatif de Cardio avec Guide d&#039;Exercices InnovaGoods IG117162 | | Tupique\" \/>\n<meta property=\"og:description\" content=\"Envie d&#039;acheter Disque Rotatif de Cardio avec Guide d&#039;Exercices InnovaGoods IG117162\u00a0? Achetez Disque Rotatif de Cardio avec Guide d&#039;Exercices InnovaGoods IG117162 maintenant avec Tupique en 3 versements sans int\u00e9r\u00eat.\" \/>\n<meta property=\"og:url\" content=\"https:\/\/tupique.com\/en\/product\/disque-rotatif-de-cardio-avec-guide-dexercices-innovagoods-ig117162\/\" \/>\n<meta property=\"og:site_name\" content=\"Tupique\" \/>\n<meta property=\"article:modified_time\" content=\"2026-05-15T06:58:07+00:00\" \/>\n<meta property=\"og:image\" content=\"https:\/\/tupique.com\/wp-content\/uploads\/2026\/05\/V0100825_000_MKT4.jpg\" \/>\n\t<meta property=\"og:image:width\" content=\"1200\" \/>\n\t<meta property=\"og:image:height\" content=\"1200\" \/>\n\t<meta property=\"og:image:type\" content=\"image\/jpeg\" \/>\n<meta name=\"twitter:card\" content=\"summary_large_image\" \/>\n<meta name=\"twitter:label1\" content=\"Est. reading time\" \/>\n\t<meta name=\"twitter:data1\" content=\"1 minute\" \/>\n<script type=\"application\/ld+json\" class=\"yoast-schema-graph\">{\"@context\":\"https:\\\/\\\/schema.org\",\"@graph\":[{\"@type\":\"WebPage\",\"@id\":\"https:\\\/\\\/tupique.com\\\/product\\\/disque-rotatif-de-cardio-avec-guide-dexercices-innovagoods-ig117162\\\/\",\"url\":\"https:\\\/\\\/tupique.com\\\/product\\\/disque-rotatif-de-cardio-avec-guide-dexercices-innovagoods-ig117162\\\/\",\"name\":\"Disque Rotatif de Cardio avec Guide d'Exercices InnovaGoods IG117162 | | Tupique\",\"isPartOf\":{\"@id\":\"https:\\\/\\\/tupique.com\\\/#website\"},\"primaryImageOfPage\":{\"@id\":\"https:\\\/\\\/tupique.com\\\/product\\\/disque-rotatif-de-cardio-avec-guide-dexercices-innovagoods-ig117162\\\/#primaryimage\"},\"image\":{\"@id\":\"https:\\\/\\\/tupique.com\\\/product\\\/disque-rotatif-de-cardio-avec-guide-dexercices-innovagoods-ig117162\\\/#primaryimage\"},\"thumbnailUrl\":\"https:\\\/\\\/tupique.com\\\/wp-content\\\/uploads\\\/2026\\\/05\\\/V0100825_000_MKT4.jpg\",\"datePublished\":\"2026-05-15T06:48:13+00:00\",\"dateModified\":\"2026-05-15T06:58:07+00:00\",\"description\":\"Envie d'acheter Disque Rotatif de Cardio avec Guide d'Exercices InnovaGoods IG117162\u00a0? Achetez Disque Rotatif de Cardio avec Guide d'Exercices InnovaGoods IG117162 maintenant avec Tupique en 3 versements sans int\u00e9r\u00eat.\",\"breadcrumb\":{\"@id\":\"https:\\\/\\\/tupique.com\\\/product\\\/disque-rotatif-de-cardio-avec-guide-dexercices-innovagoods-ig117162\\\/#breadcrumb\"},\"inLanguage\":\"en-GB\",\"potentialAction\":[{\"@type\":\"ReadAction\",\"target\":[\"https:\\\/\\\/tupique.com\\\/product\\\/disque-rotatif-de-cardio-avec-guide-dexercices-innovagoods-ig117162\\\/\"]}]},{\"@type\":\"ImageObject\",\"inLanguage\":\"en-GB\",\"@id\":\"https:\\\/\\\/tupique.com\\\/product\\\/disque-rotatif-de-cardio-avec-guide-dexercices-innovagoods-ig117162\\\/#primaryimage\",\"url\":\"https:\\\/\\\/tupique.com\\\/wp-content\\\/uploads\\\/2026\\\/05\\\/V0100825_000_MKT4.jpg\",\"contentUrl\":\"https:\\\/\\\/tupique.com\\\/wp-content\\\/uploads\\\/2026\\\/05\\\/V0100825_000_MKT4.jpg\",\"width\":1200,\"height\":1200,\"caption\":\"V0100825_0\"},{\"@type\":\"BreadcrumbList\",\"@id\":\"https:\\\/\\\/tupique.com\\\/product\\\/disque-rotatif-de-cardio-avec-guide-dexercices-innovagoods-ig117162\\\/#breadcrumb\",\"itemListElement\":[{\"@type\":\"ListItem\",\"position\":1,\"name\":\"commencer\",\"item\":\"https:\\\/\\\/tupique.com\\\/\"},{\"@type\":\"ListItem\",\"position\":2,\"name\":\"Loja\",\"item\":\"https:\\\/\\\/tupique.com\\\/pt\\\/loja\\\/\"},{\"@type\":\"ListItem\",\"position\":3,\"name\":\"Disque Rotatif de Cardio avec Guide d&#8217;Exercices InnovaGoods IG117162\"}]},{\"@type\":\"WebSite\",\"@id\":\"https:\\\/\\\/tupique.com\\\/#website\",\"url\":\"https:\\\/\\\/tupique.com\\\/\",\"name\":\"Tupique\",\"description\":\"\",\"publisher\":{\"@id\":\"https:\\\/\\\/tupique.com\\\/#organization\"},\"potentialAction\":[{\"@type\":\"SearchAction\",\"target\":{\"@type\":\"EntryPoint\",\"urlTemplate\":\"https:\\\/\\\/tupique.com\\\/?s={search_term_string}\"},\"query-input\":{\"@type\":\"PropertyValueSpecification\",\"valueRequired\":true,\"valueName\":\"search_term_string\"}}],\"inLanguage\":\"en-GB\"},{\"@type\":\"Organization\",\"@id\":\"https:\\\/\\\/tupique.com\\\/#organization\",\"name\":\"Tupique\",\"url\":\"https:\\\/\\\/tupique.com\\\/\",\"logo\":{\"@type\":\"ImageObject\",\"inLanguage\":\"en-GB\",\"@id\":\"https:\\\/\\\/tupique.com\\\/#\\\/schema\\\/logo\\\/image\\\/\",\"url\":\"https:\\\/\\\/tupique.com\\\/wp-content\\\/uploads\\\/2026\\\/03\\\/logo-tupique-1.webp\",\"contentUrl\":\"https:\\\/\\\/tupique.com\\\/wp-content\\\/uploads\\\/2026\\\/03\\\/logo-tupique-1.webp\",\"width\":500,\"height\":67,\"caption\":\"Tupique\"},\"image\":{\"@id\":\"https:\\\/\\\/tupique.com\\\/#\\\/schema\\\/logo\\\/image\\\/\"}}]}<\/script>\n<!-- \/ Yoast SEO plugin. -->","yoast_head_json":{"title":"Disque Rotatif de Cardio avec Guide d'Exercices InnovaGoods IG117162 | | Tupique","description":"Envie d'acheter Disque Rotatif de Cardio avec Guide d'Exercices InnovaGoods IG117162\u00a0? Achetez Disque Rotatif de Cardio avec Guide d'Exercices InnovaGoods IG117162 maintenant avec Tupique en 3 versements sans int\u00e9r\u00eat.","robots":{"index":"index","follow":"follow","max-snippet":"max-snippet:-1","max-image-preview":"max-image-preview:large","max-video-preview":"max-video-preview:-1"},"canonical":"https:\/\/tupique.com\/en\/product\/disque-rotatif-de-cardio-avec-guide-dexercices-innovagoods-ig117162\/","og_locale":"en_GB","og_type":"article","og_title":"Disque Rotatif de Cardio avec Guide d'Exercices InnovaGoods IG117162 | | Tupique","og_description":"Envie d'acheter Disque Rotatif de Cardio avec Guide d'Exercices InnovaGoods IG117162\u00a0? Achetez Disque Rotatif de Cardio avec Guide d'Exercices InnovaGoods IG117162 maintenant avec Tupique en 3 versements sans int\u00e9r\u00eat.","og_url":"https:\/\/tupique.com\/en\/product\/disque-rotatif-de-cardio-avec-guide-dexercices-innovagoods-ig117162\/","og_site_name":"Tupique","article_modified_time":"2026-05-15T06:58:07+00:00","og_image":[{"width":1200,"height":1200,"url":"https:\/\/tupique.com\/wp-content\/uploads\/2026\/05\/V0100825_000_MKT4.jpg","type":"image\/jpeg"}],"twitter_card":"summary_large_image","twitter_misc":{"Est. reading time":"1 minute"},"schema":{"@context":"https:\/\/schema.org","@graph":[{"@type":"WebPage","@id":"https:\/\/tupique.com\/product\/disque-rotatif-de-cardio-avec-guide-dexercices-innovagoods-ig117162\/","url":"https:\/\/tupique.com\/product\/disque-rotatif-de-cardio-avec-guide-dexercices-innovagoods-ig117162\/","name":"Disque Rotatif de Cardio avec Guide d'Exercices InnovaGoods IG117162 | | Tupique","isPartOf":{"@id":"https:\/\/tupique.com\/#website"},"primaryImageOfPage":{"@id":"https:\/\/tupique.com\/product\/disque-rotatif-de-cardio-avec-guide-dexercices-innovagoods-ig117162\/#primaryimage"},"image":{"@id":"https:\/\/tupique.com\/product\/disque-rotatif-de-cardio-avec-guide-dexercices-innovagoods-ig117162\/#primaryimage"},"thumbnailUrl":"https:\/\/tupique.com\/wp-content\/uploads\/2026\/05\/V0100825_000_MKT4.jpg","datePublished":"2026-05-15T06:48:13+00:00","dateModified":"2026-05-15T06:58:07+00:00","description":"Envie d'acheter Disque Rotatif de Cardio avec Guide d'Exercices InnovaGoods IG117162\u00a0? Achetez Disque Rotatif de Cardio avec Guide d'Exercices InnovaGoods IG117162 maintenant avec Tupique en 3 versements sans int\u00e9r\u00eat.","breadcrumb":{"@id":"https:\/\/tupique.com\/product\/disque-rotatif-de-cardio-avec-guide-dexercices-innovagoods-ig117162\/#breadcrumb"},"inLanguage":"en-GB","potentialAction":[{"@type":"ReadAction","target":["https:\/\/tupique.com\/product\/disque-rotatif-de-cardio-avec-guide-dexercices-innovagoods-ig117162\/"]}]},{"@type":"ImageObject","inLanguage":"en-GB","@id":"https:\/\/tupique.com\/product\/disque-rotatif-de-cardio-avec-guide-dexercices-innovagoods-ig117162\/#primaryimage","url":"https:\/\/tupique.com\/wp-content\/uploads\/2026\/05\/V0100825_000_MKT4.jpg","contentUrl":"https:\/\/tupique.com\/wp-content\/uploads\/2026\/05\/V0100825_000_MKT4.jpg","width":1200,"height":1200,"caption":"V0100825_0"},{"@type":"BreadcrumbList","@id":"https:\/\/tupique.com\/product\/disque-rotatif-de-cardio-avec-guide-dexercices-innovagoods-ig117162\/#breadcrumb","itemListElement":[{"@type":"ListItem","position":1,"name":"commencer","item":"https:\/\/tupique.com\/"},{"@type":"ListItem","position":2,"name":"Loja","item":"https:\/\/tupique.com\/pt\/loja\/"},{"@type":"ListItem","position":3,"name":"Disque Rotatif de Cardio avec Guide d&#8217;Exercices InnovaGoods IG117162"}]},{"@type":"WebSite","@id":"https:\/\/tupique.com\/#website","url":"https:\/\/tupique.com\/","name":"Tupique","description":"","publisher":{"@id":"https:\/\/tupique.com\/#organization"},"potentialAction":[{"@type":"SearchAction","target":{"@type":"EntryPoint","urlTemplate":"https:\/\/tupique.com\/?s={search_term_string}"},"query-input":{"@type":"PropertyValueSpecification","valueRequired":true,"valueName":"search_term_string"}}],"inLanguage":"en-GB"},{"@type":"Organization","@id":"https:\/\/tupique.com\/#organization","name":"Tupique","url":"https:\/\/tupique.com\/","logo":{"@type":"ImageObject","inLanguage":"en-GB","@id":"https:\/\/tupique.com\/#\/schema\/logo\/image\/","url":"https:\/\/tupique.com\/wp-content\/uploads\/2026\/03\/logo-tupique-1.webp","contentUrl":"https:\/\/tupique.com\/wp-content\/uploads\/2026\/03\/logo-tupique-1.webp","width":500,"height":67,"caption":"Tupique"},"image":{"@id":"https:\/\/tupique.com\/#\/schema\/logo\/image\/"}}]}},"_links":{"self":[{"href":"https:\/\/tupique.com\/en\/wp-json\/wp\/v2\/product\/220373","targetHints":{"allow":["GET"]}}],"collection":[{"href":"https:\/\/tupique.com\/en\/wp-json\/wp\/v2\/product"}],"about":[{"href":"https:\/\/tupique.com\/en\/wp-json\/wp\/v2\/types\/product"}],"replies":[{"embeddable":true,"href":"https:\/\/tupique.com\/en\/wp-json\/wp\/v2\/comments?post=220373"}],"wp:featuredmedia":[{"embeddable":true,"href":"https:\/\/tupique.com\/en\/wp-json\/wp\/v2\/media\/220347"}],"wp:attachment":[{"href":"https:\/\/tupique.com\/en\/wp-json\/wp\/v2\/media?parent=220373"}],"wp:term":[{"taxonomy":"product_brand","embeddable":true,"href":"https:\/\/tupique.com\/en\/wp-json\/wp\/v2\/product_brand?post=220373"},{"taxonomy":"product_cat","embeddable":true,"href":"https:\/\/tupique.com\/en\/wp-json\/wp\/v2\/product_cat?post=220373"},{"taxonomy":"product_tag","embeddable":true,"href":"https:\/\/tupique.com\/en\/wp-json\/wp\/v2\/product_tag?post=220373"},{"taxonomy":"woo-feed-brand","embeddable":true,"href":"https:\/\/tupique.com\/en\/wp-json\/wp\/v2\/woo-feed-brand?post=220373"}],"curies":[{"name":"wp","href":"https:\/\/api.w.org\/{rel}","templated":true}]}}