{"id":220705,"date":"2026-05-15T09:19:37","date_gmt":"2026-05-15T07:19:37","guid":{"rendered":"https:\/\/tupique.com\/product\/monture-de-lunettes-unisexe-sting-vst302-524g5m\/"},"modified":"2026-05-15T09:19:37","modified_gmt":"2026-05-15T07:19:37","slug":"monture-de-lunettes-unisexe-sting-vst302-524g5m","status":"publish","type":"product","link":"https:\/\/tupique.com\/en\/product\/monture-de-lunettes-unisexe-sting-vst302-524g5m\/","title":{"rendered":"Monture de Lunettes Unisexe Sting VST302 524G5M"},"content":{"rendered":"<p>Si vous envisagez de renouveler votre garde-robe, achetez <b>Monture de Lunettes Unisexe Sting<\/b> et d\u2019autres<b>produits Sting<\/b>! La meilleure qualit\u00e9 au meilleur prix est \u00e0 votre port\u00e9e!<\/p>\n<p>The <b>monture de lunettes unisexe<\/b> <b>Sting VST302-4G5M<\/b> affiche un design moderne et polyvalent, convenant \u00e0 tous les utilisateurs gr\u00e2ce \u00e0 son style <b>unisexe<\/b> qui s\u2019adapte aussi bien aux hommes qu\u2019aux femmes. Sa <b>couleur bleue<\/b> apporte une touche contemporaine et distinctive, permettant de se d\u00e9marquer avec discr\u00e9tion tout en conservant une certaine \u00e9l\u00e9gance. Con\u00e7ue en <b>ac\u00e9tate<\/b>, un mat\u00e9riau reconnu en optique pour sa l\u00e9g\u00e8ret\u00e9, sa r\u00e9sistance et sa durabilit\u00e9, la monture assure un confort au quotidien et une finition de haute qualit\u00e9. Elle poss\u00e8de des <b>branches de 140 mm<\/b> et un <b>pont de 19 mm<\/b>, des dimensions pens\u00e9es pour garantir un ajustement anatomique et stable sur diff\u00e9rentes formes de visage, offrant ainsi un confort durable m\u00eame apr\u00e8s de longues heures d\u2019utilisation. Ce mod\u00e8le constitue un choix \u00e9quilibr\u00e9 pour ceux qui recherchent une solution fonctionnelle ou qui appr\u00e9cient l\u2019esth\u00e9tique simple et contemporaine des lunettes correctrices. Compatible avec des verres optiques, elle r\u00e9pond aux besoins visuels courants, tandis que sa fabrication en <b>Chine<\/b> assure des processus industriels standardis\u00e9s et sa disponibilit\u00e9 sur le march\u00e9 espagnol confirme son ad\u00e9quation pour le consommateur local. Une monture id\u00e9ale pour ceux qui recherchent qualit\u00e9 et polyvalence dans leurs accessoires optiques.<\/p>\n<ul>\n<li>Couleur: Bleu<\/li>\n<li>Mati\u00e8re: Ac\u00e9tate<\/li>\n<li>Genre: Unisexe<\/li>\n<li>Pont: 19 mm<\/li>\n<li>Branches: 140 mm<\/li>\n<li>Paire de lunettes: \u00d8 52 mm<\/li>\n<li>Inclut: Inclut un \u00e9tui ou une housse de la marque<\/li>\n<li>Caract\u00e9ristiques: Verres sans graduation<\/li>\n<li>Type: Monture de Lunettes<\/li>\n<li>Type de verre: Lentilles sans ordonnance<\/li>\n<\/ul>","protected":false},"excerpt":{"rendered":"<p>Si vous envisagez de renouveler votre garde-robe, achetez Monture de Lunettes Unisexe Sting et d\u2019autresproduits Sting! La meilleure qualit\u00e9 au meilleur prix est \u00e0 votre port\u00e9e! La monture de lunettes unisexe Sting VST302-4G5M affiche un design moderne et polyvalent, convenant \u00e0 tous les utilisateurs gr\u00e2ce \u00e0 son style unisexe qui s\u2019adapte aussi bien aux hommes [&hellip;]<\/p>\n","protected":false},"featured_media":220699,"comment_status":"open","ping_status":"closed","template":"","meta":[],"product_brand":[2540],"product_cat":[776,777,752],"product_tag":[542],"woo-feed-brand":[],"class_list":{"0":"post-220705","1":"product","2":"type-product","3":"status-publish","4":"has-post-thumbnail","6":"product_brand-brandp_2589","7":"product_cat-detente-et-bien-etre","8":"product_cat-lunettes-de-lecture-et-lunettes-loupes","9":"product_cat-sante-beaute","10":"product_tag-tag_1274","12":"first","13":"instock","14":"taxable","15":"shipping-taxable","16":"purchasable","17":"product-type-simple"},"yoast_head":"<!-- This site is optimized with the Yoast SEO plugin v27.6 - https:\/\/yoast.com\/product\/yoast-seo-wordpress\/ -->\n<title>Monture de Lunettes Unisexe Sting VST302 524G5M | | Tupique<\/title>\n<meta name=\"description\" content=\"Envie d&#039;acheter Monture de Lunettes Unisexe Sting VST302 524G5M\u00a0? Achetez Monture de Lunettes Unisexe Sting VST302 524G5M maintenant avec Tupique en 3 versements sans int\u00e9r\u00eat.\" \/>\n<meta name=\"robots\" content=\"index, follow, max-snippet:-1, max-image-preview:large, max-video-preview:-1\" \/>\n<link rel=\"canonical\" href=\"https:\/\/tupique.com\/en\/product\/monture-de-lunettes-unisexe-sting-vst302-524g5m\/\" \/>\n<meta property=\"og:locale\" content=\"en_GB\" \/>\n<meta property=\"og:type\" content=\"article\" \/>\n<meta property=\"og:title\" content=\"Monture de Lunettes Unisexe Sting VST302 524G5M | | Tupique\" \/>\n<meta property=\"og:description\" content=\"Envie d&#039;acheter Monture de Lunettes Unisexe Sting VST302 524G5M\u00a0? Achetez Monture de Lunettes Unisexe Sting VST302 524G5M maintenant avec Tupique en 3 versements sans int\u00e9r\u00eat.\" \/>\n<meta property=\"og:url\" content=\"https:\/\/tupique.com\/en\/product\/monture-de-lunettes-unisexe-sting-vst302-524g5m\/\" \/>\n<meta property=\"og:site_name\" content=\"Tupique\" \/>\n<meta name=\"twitter:card\" content=\"summary_large_image\" \/>\n<meta name=\"twitter:label1\" content=\"Est. reading time\" \/>\n\t<meta name=\"twitter:data1\" content=\"1 minute\" \/>\n<script type=\"application\/ld+json\" class=\"yoast-schema-graph\">{\"@context\":\"https:\\\/\\\/schema.org\",\"@graph\":[{\"@type\":\"WebPage\",\"@id\":\"https:\\\/\\\/tupique.com\\\/product\\\/monture-de-lunettes-unisexe-sting-vst302-524g5m\\\/\",\"url\":\"https:\\\/\\\/tupique.com\\\/product\\\/monture-de-lunettes-unisexe-sting-vst302-524g5m\\\/\",\"name\":\"Monture de Lunettes Unisexe Sting VST302 524G5M | | Tupique\",\"isPartOf\":{\"@id\":\"https:\\\/\\\/tupique.com\\\/#website\"},\"primaryImageOfPage\":{\"@id\":\"https:\\\/\\\/tupique.com\\\/product\\\/monture-de-lunettes-unisexe-sting-vst302-524g5m\\\/#primaryimage\"},\"image\":{\"@id\":\"https:\\\/\\\/tupique.com\\\/product\\\/monture-de-lunettes-unisexe-sting-vst302-524g5m\\\/#primaryimage\"},\"thumbnailUrl\":\"https:\\\/\\\/tupique.com\\\/wp-content\\\/uploads\\\/2026\\\/05\\\/0190605173756_S7237287_ok_P02.jpg\",\"datePublished\":\"2026-05-15T07:19:37+00:00\",\"description\":\"Envie d'acheter Monture de Lunettes Unisexe Sting VST302 524G5M\u00a0? Achetez Monture de Lunettes Unisexe Sting VST302 524G5M maintenant avec Tupique en 3 versements sans int\u00e9r\u00eat.\",\"breadcrumb\":{\"@id\":\"https:\\\/\\\/tupique.com\\\/product\\\/monture-de-lunettes-unisexe-sting-vst302-524g5m\\\/#breadcrumb\"},\"inLanguage\":\"en-GB\",\"potentialAction\":[{\"@type\":\"ReadAction\",\"target\":[\"https:\\\/\\\/tupique.com\\\/product\\\/monture-de-lunettes-unisexe-sting-vst302-524g5m\\\/\"]}]},{\"@type\":\"ImageObject\",\"inLanguage\":\"en-GB\",\"@id\":\"https:\\\/\\\/tupique.com\\\/product\\\/monture-de-lunettes-unisexe-sting-vst302-524g5m\\\/#primaryimage\",\"url\":\"https:\\\/\\\/tupique.com\\\/wp-content\\\/uploads\\\/2026\\\/05\\\/0190605173756_S7237287_ok_P02.jpg\",\"contentUrl\":\"https:\\\/\\\/tupique.com\\\/wp-content\\\/uploads\\\/2026\\\/05\\\/0190605173756_S7237287_ok_P02.jpg\",\"width\":1200,\"height\":1200,\"caption\":\"S7237287_0\"},{\"@type\":\"BreadcrumbList\",\"@id\":\"https:\\\/\\\/tupique.com\\\/product\\\/monture-de-lunettes-unisexe-sting-vst302-524g5m\\\/#breadcrumb\",\"itemListElement\":[{\"@type\":\"ListItem\",\"position\":1,\"name\":\"commencer\",\"item\":\"https:\\\/\\\/tupique.com\\\/\"},{\"@type\":\"ListItem\",\"position\":2,\"name\":\"Loja\",\"item\":\"https:\\\/\\\/tupique.com\\\/pt\\\/loja\\\/\"},{\"@type\":\"ListItem\",\"position\":3,\"name\":\"Monture de Lunettes Unisexe Sting VST302 524G5M\"}]},{\"@type\":\"WebSite\",\"@id\":\"https:\\\/\\\/tupique.com\\\/#website\",\"url\":\"https:\\\/\\\/tupique.com\\\/\",\"name\":\"Tupique\",\"description\":\"\",\"publisher\":{\"@id\":\"https:\\\/\\\/tupique.com\\\/#organization\"},\"potentialAction\":[{\"@type\":\"SearchAction\",\"target\":{\"@type\":\"EntryPoint\",\"urlTemplate\":\"https:\\\/\\\/tupique.com\\\/?s={search_term_string}\"},\"query-input\":{\"@type\":\"PropertyValueSpecification\",\"valueRequired\":true,\"valueName\":\"search_term_string\"}}],\"inLanguage\":\"en-GB\"},{\"@type\":\"Organization\",\"@id\":\"https:\\\/\\\/tupique.com\\\/#organization\",\"name\":\"Tupique\",\"url\":\"https:\\\/\\\/tupique.com\\\/\",\"logo\":{\"@type\":\"ImageObject\",\"inLanguage\":\"en-GB\",\"@id\":\"https:\\\/\\\/tupique.com\\\/#\\\/schema\\\/logo\\\/image\\\/\",\"url\":\"https:\\\/\\\/tupique.com\\\/wp-content\\\/uploads\\\/2026\\\/03\\\/logo-tupique-1.webp\",\"contentUrl\":\"https:\\\/\\\/tupique.com\\\/wp-content\\\/uploads\\\/2026\\\/03\\\/logo-tupique-1.webp\",\"width\":500,\"height\":67,\"caption\":\"Tupique\"},\"image\":{\"@id\":\"https:\\\/\\\/tupique.com\\\/#\\\/schema\\\/logo\\\/image\\\/\"}}]}<\/script>\n<!-- \/ Yoast SEO plugin. -->","yoast_head_json":{"title":"Monture de Lunettes Unisexe Sting VST302 524G5M | | Tupique","description":"Envie d'acheter Monture de Lunettes Unisexe Sting VST302 524G5M\u00a0? Achetez Monture de Lunettes Unisexe Sting VST302 524G5M maintenant avec Tupique en 3 versements sans int\u00e9r\u00eat.","robots":{"index":"index","follow":"follow","max-snippet":"max-snippet:-1","max-image-preview":"max-image-preview:large","max-video-preview":"max-video-preview:-1"},"canonical":"https:\/\/tupique.com\/en\/product\/monture-de-lunettes-unisexe-sting-vst302-524g5m\/","og_locale":"en_GB","og_type":"article","og_title":"Monture de Lunettes Unisexe Sting VST302 524G5M | | Tupique","og_description":"Envie d'acheter Monture de Lunettes Unisexe Sting VST302 524G5M\u00a0? Achetez Monture de Lunettes Unisexe Sting VST302 524G5M maintenant avec Tupique en 3 versements sans int\u00e9r\u00eat.","og_url":"https:\/\/tupique.com\/en\/product\/monture-de-lunettes-unisexe-sting-vst302-524g5m\/","og_site_name":"Tupique","twitter_card":"summary_large_image","twitter_misc":{"Est. reading time":"1 minute"},"schema":{"@context":"https:\/\/schema.org","@graph":[{"@type":"WebPage","@id":"https:\/\/tupique.com\/product\/monture-de-lunettes-unisexe-sting-vst302-524g5m\/","url":"https:\/\/tupique.com\/product\/monture-de-lunettes-unisexe-sting-vst302-524g5m\/","name":"Monture de Lunettes Unisexe Sting VST302 524G5M | | Tupique","isPartOf":{"@id":"https:\/\/tupique.com\/#website"},"primaryImageOfPage":{"@id":"https:\/\/tupique.com\/product\/monture-de-lunettes-unisexe-sting-vst302-524g5m\/#primaryimage"},"image":{"@id":"https:\/\/tupique.com\/product\/monture-de-lunettes-unisexe-sting-vst302-524g5m\/#primaryimage"},"thumbnailUrl":"https:\/\/tupique.com\/wp-content\/uploads\/2026\/05\/0190605173756_S7237287_ok_P02.jpg","datePublished":"2026-05-15T07:19:37+00:00","description":"Envie d'acheter Monture de Lunettes Unisexe Sting VST302 524G5M\u00a0? Achetez Monture de Lunettes Unisexe Sting VST302 524G5M maintenant avec Tupique en 3 versements sans int\u00e9r\u00eat.","breadcrumb":{"@id":"https:\/\/tupique.com\/product\/monture-de-lunettes-unisexe-sting-vst302-524g5m\/#breadcrumb"},"inLanguage":"en-GB","potentialAction":[{"@type":"ReadAction","target":["https:\/\/tupique.com\/product\/monture-de-lunettes-unisexe-sting-vst302-524g5m\/"]}]},{"@type":"ImageObject","inLanguage":"en-GB","@id":"https:\/\/tupique.com\/product\/monture-de-lunettes-unisexe-sting-vst302-524g5m\/#primaryimage","url":"https:\/\/tupique.com\/wp-content\/uploads\/2026\/05\/0190605173756_S7237287_ok_P02.jpg","contentUrl":"https:\/\/tupique.com\/wp-content\/uploads\/2026\/05\/0190605173756_S7237287_ok_P02.jpg","width":1200,"height":1200,"caption":"S7237287_0"},{"@type":"BreadcrumbList","@id":"https:\/\/tupique.com\/product\/monture-de-lunettes-unisexe-sting-vst302-524g5m\/#breadcrumb","itemListElement":[{"@type":"ListItem","position":1,"name":"commencer","item":"https:\/\/tupique.com\/"},{"@type":"ListItem","position":2,"name":"Loja","item":"https:\/\/tupique.com\/pt\/loja\/"},{"@type":"ListItem","position":3,"name":"Monture de Lunettes Unisexe Sting VST302 524G5M"}]},{"@type":"WebSite","@id":"https:\/\/tupique.com\/#website","url":"https:\/\/tupique.com\/","name":"Tupique","description":"","publisher":{"@id":"https:\/\/tupique.com\/#organization"},"potentialAction":[{"@type":"SearchAction","target":{"@type":"EntryPoint","urlTemplate":"https:\/\/tupique.com\/?s={search_term_string}"},"query-input":{"@type":"PropertyValueSpecification","valueRequired":true,"valueName":"search_term_string"}}],"inLanguage":"en-GB"},{"@type":"Organization","@id":"https:\/\/tupique.com\/#organization","name":"Tupique","url":"https:\/\/tupique.com\/","logo":{"@type":"ImageObject","inLanguage":"en-GB","@id":"https:\/\/tupique.com\/#\/schema\/logo\/image\/","url":"https:\/\/tupique.com\/wp-content\/uploads\/2026\/03\/logo-tupique-1.webp","contentUrl":"https:\/\/tupique.com\/wp-content\/uploads\/2026\/03\/logo-tupique-1.webp","width":500,"height":67,"caption":"Tupique"},"image":{"@id":"https:\/\/tupique.com\/#\/schema\/logo\/image\/"}}]}},"_links":{"self":[{"href":"https:\/\/tupique.com\/en\/wp-json\/wp\/v2\/product\/220705","targetHints":{"allow":["GET"]}}],"collection":[{"href":"https:\/\/tupique.com\/en\/wp-json\/wp\/v2\/product"}],"about":[{"href":"https:\/\/tupique.com\/en\/wp-json\/wp\/v2\/types\/product"}],"replies":[{"embeddable":true,"href":"https:\/\/tupique.com\/en\/wp-json\/wp\/v2\/comments?post=220705"}],"wp:featuredmedia":[{"embeddable":true,"href":"https:\/\/tupique.com\/en\/wp-json\/wp\/v2\/media\/220699"}],"wp:attachment":[{"href":"https:\/\/tupique.com\/en\/wp-json\/wp\/v2\/media?parent=220705"}],"wp:term":[{"taxonomy":"product_brand","embeddable":true,"href":"https:\/\/tupique.com\/en\/wp-json\/wp\/v2\/product_brand?post=220705"},{"taxonomy":"product_cat","embeddable":true,"href":"https:\/\/tupique.com\/en\/wp-json\/wp\/v2\/product_cat?post=220705"},{"taxonomy":"product_tag","embeddable":true,"href":"https:\/\/tupique.com\/en\/wp-json\/wp\/v2\/product_tag?post=220705"},{"taxonomy":"woo-feed-brand","embeddable":true,"href":"https:\/\/tupique.com\/en\/wp-json\/wp\/v2\/woo-feed-brand?post=220705"}],"curies":[{"name":"wp","href":"https:\/\/api.w.org\/{rel}","templated":true}]}}