{"id":220720,"date":"2026-05-15T09:20:13","date_gmt":"2026-05-15T07:20:13","guid":{"rendered":"https:\/\/tupique.com\/product\/monture-de-lunettes-femme-kate-spade-nataly\/"},"modified":"2026-05-15T21:02:47","modified_gmt":"2026-05-15T19:02:47","slug":"monture-de-lunettes-femme-kate-spade-nataly","status":"publish","type":"product","link":"https:\/\/tupique.com\/en\/product\/monture-de-lunettes-femme-kate-spade-nataly\/","title":{"rendered":"Monture de Lunettes Femme Kate Spade NATALY"},"content":{"rendered":"<p>Si vous envisagez de renouveler votre garde-robe, achetez <b>Monture de Lunettes Femme Kate Spade NATALY<\/b> et d\u2019autres<b>produits Kate Spade<\/b>! La meilleure qualit\u00e9 au meilleur prix est \u00e0 votre port\u00e9e!<\/p>\n<p>The <b>monture de lunettes pour femme NATALY de Kate Spade<\/b> est une option \u00e9l\u00e9gante et polyvalente, con\u00e7ue pour celles qui recherchent un accessoire distinctif alliant style et confort au quotidien. Fabriqu\u00e9e en <b>ac\u00e9tate de haute qualit\u00e9<\/b>, cette monture offre une grande r\u00e9sistance et une l\u00e9g\u00e8ret\u00e9 remarquable, assurant un port confortable tout au long de la journ\u00e9e. Son design, pens\u00e9 pour le public f\u00e9minin, pr\u00e9sente des lignes modernes et des d\u00e9tails subtils qui refl\u00e8tent l\u2019esth\u00e9tique reconnue de Kate Spade, une marque r\u00e9put\u00e9e pour son approche contemporaine et sophistiqu\u00e9e de la mode et des accessoires. Dot\u00e9e de <b>verres sans correction<\/b>, cette monture peut facilement \u00eatre \u00e9quip\u00e9e de verres correcteurs ou solaires selon les besoins de chaque utilisatrice. L\u2019ac\u00e9tate, mat\u00e9riau principal, garantit durabilit\u00e9, excellente d\u00e9finition des couleurs et toucher doux, contribuant \u00e0 pr\u00e9server la monture en parfait \u00e9tat au fil du temps. Le mod\u00e8le NATALY se pr\u00e9sente comme une solution optique qui met en valeur le style personnel sans compromis sur la fonctionnalit\u00e9 ni la qualit\u00e9 des mat\u00e9riaux. En somme, cette monture de lunettes constitue un choix judicieux pour celles qui appr\u00e9cient \u00e0 la fois l\u2019esth\u00e9tique raffin\u00e9e et l\u2019adaptabilit\u00e9 d\u2019un accessoire essentiel au quotidien.<\/p>\n<ul>\n<li>Caract\u00e9ristiques: Verres sans graduation<\/li>\n<li>Genre: Femme<\/li>\n<li>Type: Monture de Lunettes<\/li>\n<li>Type de verre: Lentilles sans ordonnance<\/li>\n<li>Mati\u00e8re: Ac\u00e9tate<\/li>\n<\/ul>","protected":false},"excerpt":{"rendered":"<p>Si vous envisagez de renouveler votre garde-robe, achetez Monture de Lunettes Femme Kate Spade NATALY et d\u2019autresproduits Kate Spade! La meilleure qualit\u00e9 au meilleur prix est \u00e0 votre port\u00e9e! La monture de lunettes pour femme NATALY de Kate Spade est une option \u00e9l\u00e9gante et polyvalente, con\u00e7ue pour celles qui recherchent un accessoire distinctif alliant style [&hellip;]<\/p>\n","protected":false},"featured_media":220715,"comment_status":"open","ping_status":"closed","template":"","meta":[],"product_brand":[2598],"product_cat":[776,777,752],"product_tag":[542],"woo-feed-brand":[],"class_list":{"0":"post-220720","1":"product","2":"type-product","3":"status-publish","4":"has-post-thumbnail","6":"product_brand-brandp_7527","7":"product_cat-detente-et-bien-etre","8":"product_cat-lunettes-de-lecture-et-lunettes-loupes","9":"product_cat-sante-beaute","10":"product_tag-tag_1274","12":"first","13":"instock","14":"taxable","15":"shipping-taxable","16":"purchasable","17":"product-type-simple"},"yoast_head":"<!-- This site is optimized with the Yoast SEO plugin v27.6 - https:\/\/yoast.com\/product\/yoast-seo-wordpress\/ -->\n<title>Monture de Lunettes Femme Kate Spade NATALY | | Tupique<\/title>\n<meta name=\"description\" content=\"Envie d&#039;acheter Monture de Lunettes Femme Kate Spade NATALY\u00a0? Achetez Monture de Lunettes Femme Kate Spade NATALY maintenant avec Tupique en 3 versements sans int\u00e9r\u00eat.\" \/>\n<meta name=\"robots\" content=\"index, follow, max-snippet:-1, max-image-preview:large, max-video-preview:-1\" \/>\n<link rel=\"canonical\" href=\"https:\/\/tupique.com\/en\/product\/monture-de-lunettes-femme-kate-spade-nataly\/\" \/>\n<meta property=\"og:locale\" content=\"en_GB\" \/>\n<meta property=\"og:type\" content=\"article\" \/>\n<meta property=\"og:title\" content=\"Monture de Lunettes Femme Kate Spade NATALY | | Tupique\" \/>\n<meta property=\"og:description\" content=\"Envie d&#039;acheter Monture de Lunettes Femme Kate Spade NATALY\u00a0? Achetez Monture de Lunettes Femme Kate Spade NATALY maintenant avec Tupique en 3 versements sans int\u00e9r\u00eat.\" \/>\n<meta property=\"og:url\" content=\"https:\/\/tupique.com\/en\/product\/monture-de-lunettes-femme-kate-spade-nataly\/\" \/>\n<meta property=\"og:site_name\" content=\"Tupique\" \/>\n<meta property=\"article:modified_time\" content=\"2026-05-15T19:02:47+00:00\" \/>\n<meta name=\"twitter:card\" content=\"summary_large_image\" \/>\n<meta name=\"twitter:label1\" content=\"Est. reading time\" \/>\n\t<meta name=\"twitter:data1\" content=\"1 minute\" \/>\n<script type=\"application\/ld+json\" class=\"yoast-schema-graph\">{\"@context\":\"https:\\\/\\\/schema.org\",\"@graph\":[{\"@type\":\"WebPage\",\"@id\":\"https:\\\/\\\/tupique.com\\\/product\\\/monture-de-lunettes-femme-kate-spade-nataly\\\/\",\"url\":\"https:\\\/\\\/tupique.com\\\/product\\\/monture-de-lunettes-femme-kate-spade-nataly\\\/\",\"name\":\"Monture de Lunettes Femme Kate Spade NATALY | | Tupique\",\"isPartOf\":{\"@id\":\"https:\\\/\\\/tupique.com\\\/#website\"},\"primaryImageOfPage\":{\"@id\":\"https:\\\/\\\/tupique.com\\\/product\\\/monture-de-lunettes-femme-kate-spade-nataly\\\/#primaryimage\"},\"image\":{\"@id\":\"https:\\\/\\\/tupique.com\\\/product\\\/monture-de-lunettes-femme-kate-spade-nataly\\\/#primaryimage\"},\"thumbnailUrl\":\"https:\\\/\\\/tupique.com\\\/wp-content\\\/uploads\\\/2026\\\/05\\\/0716736803296_R00.jpg\",\"datePublished\":\"2026-05-15T07:20:13+00:00\",\"dateModified\":\"2026-05-15T19:02:47+00:00\",\"description\":\"Envie d'acheter Monture de Lunettes Femme Kate Spade NATALY\u00a0? Achetez Monture de Lunettes Femme Kate Spade NATALY maintenant avec Tupique en 3 versements sans int\u00e9r\u00eat.\",\"breadcrumb\":{\"@id\":\"https:\\\/\\\/tupique.com\\\/product\\\/monture-de-lunettes-femme-kate-spade-nataly\\\/#breadcrumb\"},\"inLanguage\":\"en-GB\",\"potentialAction\":[{\"@type\":\"ReadAction\",\"target\":[\"https:\\\/\\\/tupique.com\\\/product\\\/monture-de-lunettes-femme-kate-spade-nataly\\\/\"]}]},{\"@type\":\"ImageObject\",\"inLanguage\":\"en-GB\",\"@id\":\"https:\\\/\\\/tupique.com\\\/product\\\/monture-de-lunettes-femme-kate-spade-nataly\\\/#primaryimage\",\"url\":\"https:\\\/\\\/tupique.com\\\/wp-content\\\/uploads\\\/2026\\\/05\\\/0716736803296_R00.jpg\",\"contentUrl\":\"https:\\\/\\\/tupique.com\\\/wp-content\\\/uploads\\\/2026\\\/05\\\/0716736803296_R00.jpg\",\"width\":1200,\"height\":1200,\"caption\":\"S7266556_0\"},{\"@type\":\"BreadcrumbList\",\"@id\":\"https:\\\/\\\/tupique.com\\\/product\\\/monture-de-lunettes-femme-kate-spade-nataly\\\/#breadcrumb\",\"itemListElement\":[{\"@type\":\"ListItem\",\"position\":1,\"name\":\"commencer\",\"item\":\"https:\\\/\\\/tupique.com\\\/\"},{\"@type\":\"ListItem\",\"position\":2,\"name\":\"Loja\",\"item\":\"https:\\\/\\\/tupique.com\\\/pt\\\/loja\\\/\"},{\"@type\":\"ListItem\",\"position\":3,\"name\":\"Monture de Lunettes Femme Kate Spade NATALY\"}]},{\"@type\":\"WebSite\",\"@id\":\"https:\\\/\\\/tupique.com\\\/#website\",\"url\":\"https:\\\/\\\/tupique.com\\\/\",\"name\":\"Tupique\",\"description\":\"\",\"publisher\":{\"@id\":\"https:\\\/\\\/tupique.com\\\/#organization\"},\"potentialAction\":[{\"@type\":\"SearchAction\",\"target\":{\"@type\":\"EntryPoint\",\"urlTemplate\":\"https:\\\/\\\/tupique.com\\\/?s={search_term_string}\"},\"query-input\":{\"@type\":\"PropertyValueSpecification\",\"valueRequired\":true,\"valueName\":\"search_term_string\"}}],\"inLanguage\":\"en-GB\"},{\"@type\":\"Organization\",\"@id\":\"https:\\\/\\\/tupique.com\\\/#organization\",\"name\":\"Tupique\",\"url\":\"https:\\\/\\\/tupique.com\\\/\",\"logo\":{\"@type\":\"ImageObject\",\"inLanguage\":\"en-GB\",\"@id\":\"https:\\\/\\\/tupique.com\\\/#\\\/schema\\\/logo\\\/image\\\/\",\"url\":\"https:\\\/\\\/tupique.com\\\/wp-content\\\/uploads\\\/2026\\\/03\\\/logo-tupique-1.webp\",\"contentUrl\":\"https:\\\/\\\/tupique.com\\\/wp-content\\\/uploads\\\/2026\\\/03\\\/logo-tupique-1.webp\",\"width\":500,\"height\":67,\"caption\":\"Tupique\"},\"image\":{\"@id\":\"https:\\\/\\\/tupique.com\\\/#\\\/schema\\\/logo\\\/image\\\/\"}}]}<\/script>\n<!-- \/ Yoast SEO plugin. -->","yoast_head_json":{"title":"Monture de Lunettes Femme Kate Spade NATALY | | Tupique","description":"Envie d'acheter Monture de Lunettes Femme Kate Spade NATALY\u00a0? Achetez Monture de Lunettes Femme Kate Spade NATALY maintenant avec Tupique en 3 versements sans int\u00e9r\u00eat.","robots":{"index":"index","follow":"follow","max-snippet":"max-snippet:-1","max-image-preview":"max-image-preview:large","max-video-preview":"max-video-preview:-1"},"canonical":"https:\/\/tupique.com\/en\/product\/monture-de-lunettes-femme-kate-spade-nataly\/","og_locale":"en_GB","og_type":"article","og_title":"Monture de Lunettes Femme Kate Spade NATALY | | Tupique","og_description":"Envie d'acheter Monture de Lunettes Femme Kate Spade NATALY\u00a0? Achetez Monture de Lunettes Femme Kate Spade NATALY maintenant avec Tupique en 3 versements sans int\u00e9r\u00eat.","og_url":"https:\/\/tupique.com\/en\/product\/monture-de-lunettes-femme-kate-spade-nataly\/","og_site_name":"Tupique","article_modified_time":"2026-05-15T19:02:47+00:00","twitter_card":"summary_large_image","twitter_misc":{"Est. reading time":"1 minute"},"schema":{"@context":"https:\/\/schema.org","@graph":[{"@type":"WebPage","@id":"https:\/\/tupique.com\/product\/monture-de-lunettes-femme-kate-spade-nataly\/","url":"https:\/\/tupique.com\/product\/monture-de-lunettes-femme-kate-spade-nataly\/","name":"Monture de Lunettes Femme Kate Spade NATALY | | Tupique","isPartOf":{"@id":"https:\/\/tupique.com\/#website"},"primaryImageOfPage":{"@id":"https:\/\/tupique.com\/product\/monture-de-lunettes-femme-kate-spade-nataly\/#primaryimage"},"image":{"@id":"https:\/\/tupique.com\/product\/monture-de-lunettes-femme-kate-spade-nataly\/#primaryimage"},"thumbnailUrl":"https:\/\/tupique.com\/wp-content\/uploads\/2026\/05\/0716736803296_R00.jpg","datePublished":"2026-05-15T07:20:13+00:00","dateModified":"2026-05-15T19:02:47+00:00","description":"Envie d'acheter Monture de Lunettes Femme Kate Spade NATALY\u00a0? Achetez Monture de Lunettes Femme Kate Spade NATALY maintenant avec Tupique en 3 versements sans int\u00e9r\u00eat.","breadcrumb":{"@id":"https:\/\/tupique.com\/product\/monture-de-lunettes-femme-kate-spade-nataly\/#breadcrumb"},"inLanguage":"en-GB","potentialAction":[{"@type":"ReadAction","target":["https:\/\/tupique.com\/product\/monture-de-lunettes-femme-kate-spade-nataly\/"]}]},{"@type":"ImageObject","inLanguage":"en-GB","@id":"https:\/\/tupique.com\/product\/monture-de-lunettes-femme-kate-spade-nataly\/#primaryimage","url":"https:\/\/tupique.com\/wp-content\/uploads\/2026\/05\/0716736803296_R00.jpg","contentUrl":"https:\/\/tupique.com\/wp-content\/uploads\/2026\/05\/0716736803296_R00.jpg","width":1200,"height":1200,"caption":"S7266556_0"},{"@type":"BreadcrumbList","@id":"https:\/\/tupique.com\/product\/monture-de-lunettes-femme-kate-spade-nataly\/#breadcrumb","itemListElement":[{"@type":"ListItem","position":1,"name":"commencer","item":"https:\/\/tupique.com\/"},{"@type":"ListItem","position":2,"name":"Loja","item":"https:\/\/tupique.com\/pt\/loja\/"},{"@type":"ListItem","position":3,"name":"Monture de Lunettes Femme Kate Spade NATALY"}]},{"@type":"WebSite","@id":"https:\/\/tupique.com\/#website","url":"https:\/\/tupique.com\/","name":"Tupique","description":"","publisher":{"@id":"https:\/\/tupique.com\/#organization"},"potentialAction":[{"@type":"SearchAction","target":{"@type":"EntryPoint","urlTemplate":"https:\/\/tupique.com\/?s={search_term_string}"},"query-input":{"@type":"PropertyValueSpecification","valueRequired":true,"valueName":"search_term_string"}}],"inLanguage":"en-GB"},{"@type":"Organization","@id":"https:\/\/tupique.com\/#organization","name":"Tupique","url":"https:\/\/tupique.com\/","logo":{"@type":"ImageObject","inLanguage":"en-GB","@id":"https:\/\/tupique.com\/#\/schema\/logo\/image\/","url":"https:\/\/tupique.com\/wp-content\/uploads\/2026\/03\/logo-tupique-1.webp","contentUrl":"https:\/\/tupique.com\/wp-content\/uploads\/2026\/03\/logo-tupique-1.webp","width":500,"height":67,"caption":"Tupique"},"image":{"@id":"https:\/\/tupique.com\/#\/schema\/logo\/image\/"}}]}},"_links":{"self":[{"href":"https:\/\/tupique.com\/en\/wp-json\/wp\/v2\/product\/220720","targetHints":{"allow":["GET"]}}],"collection":[{"href":"https:\/\/tupique.com\/en\/wp-json\/wp\/v2\/product"}],"about":[{"href":"https:\/\/tupique.com\/en\/wp-json\/wp\/v2\/types\/product"}],"replies":[{"embeddable":true,"href":"https:\/\/tupique.com\/en\/wp-json\/wp\/v2\/comments?post=220720"}],"wp:featuredmedia":[{"embeddable":true,"href":"https:\/\/tupique.com\/en\/wp-json\/wp\/v2\/media\/220715"}],"wp:attachment":[{"href":"https:\/\/tupique.com\/en\/wp-json\/wp\/v2\/media?parent=220720"}],"wp:term":[{"taxonomy":"product_brand","embeddable":true,"href":"https:\/\/tupique.com\/en\/wp-json\/wp\/v2\/product_brand?post=220720"},{"taxonomy":"product_cat","embeddable":true,"href":"https:\/\/tupique.com\/en\/wp-json\/wp\/v2\/product_cat?post=220720"},{"taxonomy":"product_tag","embeddable":true,"href":"https:\/\/tupique.com\/en\/wp-json\/wp\/v2\/product_tag?post=220720"},{"taxonomy":"woo-feed-brand","embeddable":true,"href":"https:\/\/tupique.com\/en\/wp-json\/wp\/v2\/woo-feed-brand?post=220720"}],"curies":[{"name":"wp","href":"https:\/\/api.w.org\/{rel}","templated":true}]}}