{"id":222176,"date":"2026-05-15T11:43:43","date_gmt":"2026-05-15T09:43:43","guid":{"rendered":"https:\/\/tupique.com\/product\/seche-cheveux-imetec-df1-3000-700w-noir-700-w\/"},"modified":"2026-05-15T11:43:43","modified_gmt":"2026-05-15T09:43:43","slug":"seche-cheveux-imetec-df1-3000-700w-noir-700-w","status":"publish","type":"product","link":"https:\/\/tupique.com\/en\/product\/seche-cheveux-imetec-df1-3000-700w-noir-700-w\/","title":{"rendered":"S\u00e8che-cheveux IMETEC DF1 3000 700W Noir 700 W"},"content":{"rendered":"<p>Si vous recherchez des \u00e9lectrom\u00e9nagers pour votre maison aux meilleurs prix, ne manquez pas <b>S\u00e8che-cheveux IMETEC DF1 3000 700W Noir 700 W<\/b> et une large s\u00e9lection de petits \u00e9lectrom\u00e9nagers de qualit\u00e9 !<\/p>\n<p>The <b>DF1 3000<\/b> d\u2019IMETEC est un <b>s\u00e8che-cheveux<\/b> compact con\u00e7u pour offrir efficacit\u00e9 et praticit\u00e9 dans le soin quotidien des cheveux. Ce mod\u00e8le se distingue par son \u00e9l\u00e9gant <b>coloris noir<\/b>, fabriqu\u00e9 en <b>plastique<\/b> r\u00e9sistant avec des d\u00e9tails en similicuir, garantissant l\u00e9g\u00e8ret\u00e9 et durabilit\u00e9 pour une utilisation r\u00e9guli\u00e8re \u00e0 la maison ou en voyage. Dot\u00e9 d\u2019une <b>puissance de 700 W<\/b>, il assure un s\u00e9chage rapide et efficace des cheveux courts ou mi-longs, permettant de gagner du temps tout en obtenant un r\u00e9sultat homog\u00e8ne. Il dispose d\u2019un <b>interrupteur marche\/arr\u00eat<\/b> accessible pour une utilisation s\u00fbre, ainsi que d\u2019un <b>filtre amovible<\/b> facilitant le nettoyage et l\u2019entretien de l\u2019appareil, prolongeant ainsi sa dur\u00e9e de vie. La <b>temp\u00e9rature r\u00e9glable<\/b> s\u2019adapte \u00e0 diff\u00e9rents besoins et pr\u00e9f\u00e9rences de coiffage, et l\u2019appareil est con\u00e7u pour fonctionner avec le courant standard en Espagne. Son format pratique et fonctionnel fait du IMETEC DF1 3000 un choix judicieux pour ceux qui recherchent un s\u00e8che-cheveux efficace, robuste et facile \u00e0 utiliser. Ce mod\u00e8le est id\u00e9al pour ceux qui privil\u00e9gient la fonctionnalit\u00e9 et la simplicit\u00e9 d\u2019utilisation dans leur routine quotidienne de s\u00e9chage et de coiffage.<\/p>\n<ul>\n<li>puissance: 700 W<\/li>\n<li>Produit \u00e0 brancher: Oui<\/li>\n<li>Couleur: Noir<\/li>\n<li>Type: S\u00e8che-cheveux<\/li>\n<li>Type de prise: Prise EU<\/li>\n<li>Niveaux de temp\u00e9rature: 2 niveaux<\/li>\n<li>Bloc d\u2019Alimentation:\n<ul>\n<li>r\u00e9seau \u00e9lectrique<\/li>\n<li>C\u00e2ble \u00e9lectrique<\/li>\n<\/ul>\n<\/li>\n<li>Technologie:\n<ul>\n<li>Vapeur<\/li>\n<li>C\u00e9ramique<\/li>\n<\/ul>\n<\/li>\n<li>Mati\u00e8re:\n<ul>\n<li>Plastique<\/li>\n<li>Cuir Synth\u00e9tique<\/li>\n<\/ul>\n<\/li>\n<li>Features:\n<ul>\n<li>Interrupteur marche\/arr\u00eat<\/li>\n<li>Filtr\u00e9<\/li>\n<li>Temp\u00e9rature r\u00e9glable<\/li>\n<\/ul>\n<\/li>\n<li>Langue:\n<ul>\n<li>Fran\u00e7ais<\/li>\n<li>Italien<\/li>\n<\/ul>\n<\/li>\n<li>Tension: 200-240 V<\/li>\n<li>Fr\u00e9quence d&#8217;entr\u00e9e AC: 50-60 Hz<\/li>\n<li>Inclut: Diffuseur<\/li>\n<li>Filtre: Amovible<\/li>\n<li>Type de commande: Boutons<\/li>\n<li>Utilisation recommand\u00e9e: S\u00e8che-cheveux<\/li>\n<li>\u00c9cran integr\u00e9: Non<\/li>\n<\/ul>","protected":false},"excerpt":{"rendered":"<p>Si vous recherchez des \u00e9lectrom\u00e9nagers pour votre maison aux meilleurs prix, ne manquez pas S\u00e8che-cheveux IMETEC DF1 3000 700W Noir 700 W et une large s\u00e9lection de petits \u00e9lectrom\u00e9nagers de qualit\u00e9 ! Le DF1 3000 d\u2019IMETEC est un s\u00e8che-cheveux compact con\u00e7u pour offrir efficacit\u00e9 et praticit\u00e9 dans le soin quotidien des cheveux. Ce mod\u00e8le se [&hellip;]<\/p>\n","protected":false},"featured_media":222175,"comment_status":"open","ping_status":"closed","template":"","meta":[],"product_brand":[3236],"product_cat":[753,752,1065],"product_tag":[722,56],"woo-feed-brand":[],"class_list":{"0":"post-222176","1":"product","2":"type-product","3":"status-publish","4":"has-post-thumbnail","6":"product_brand-brandp_5390","7":"product_cat-coiffure","8":"product_cat-sante-beaute","9":"product_cat-seche-cheveux","10":"product_tag-tag_923","11":"product_tag-tag_930","13":"first","14":"instock","15":"taxable","16":"shipping-taxable","17":"purchasable","18":"product-type-simple"},"yoast_head":"<!-- This site is optimized with the Yoast SEO plugin v27.6 - https:\/\/yoast.com\/product\/yoast-seo-wordpress\/ -->\n<title>S\u00e8che-cheveux IMETEC DF1 3000 700W Noir 700 W | | Tupique<\/title>\n<meta name=\"description\" content=\"Envie d&#039;acheter S\u00e8che-cheveux IMETEC DF1 3000 700W Noir 700 W\u00a0? Achetez S\u00e8che-cheveux IMETEC DF1 3000 700W Noir 700 W maintenant avec Tupique en 3 versements sans int\u00e9r\u00eat.\" \/>\n<meta name=\"robots\" content=\"index, follow, max-snippet:-1, max-image-preview:large, max-video-preview:-1\" \/>\n<link rel=\"canonical\" href=\"https:\/\/tupique.com\/en\/product\/seche-cheveux-imetec-df1-3000-700w-noir-700-w\/\" \/>\n<meta property=\"og:locale\" content=\"en_GB\" \/>\n<meta property=\"og:type\" content=\"article\" \/>\n<meta property=\"og:title\" content=\"S\u00e8che-cheveux IMETEC DF1 3000 700W Noir 700 W | | Tupique\" \/>\n<meta property=\"og:description\" content=\"Envie d&#039;acheter S\u00e8che-cheveux IMETEC DF1 3000 700W Noir 700 W\u00a0? Achetez S\u00e8che-cheveux IMETEC DF1 3000 700W Noir 700 W maintenant avec Tupique en 3 versements sans int\u00e9r\u00eat.\" \/>\n<meta property=\"og:url\" content=\"https:\/\/tupique.com\/en\/product\/seche-cheveux-imetec-df1-3000-700w-noir-700-w\/\" \/>\n<meta property=\"og:site_name\" content=\"Tupique\" \/>\n<meta name=\"twitter:card\" content=\"summary_large_image\" \/>\n<meta name=\"twitter:label1\" content=\"Est. reading time\" \/>\n\t<meta name=\"twitter:data1\" content=\"2 minutes\" \/>\n<script type=\"application\/ld+json\" class=\"yoast-schema-graph\">{\"@context\":\"https:\\\/\\\/schema.org\",\"@graph\":[{\"@type\":\"WebPage\",\"@id\":\"https:\\\/\\\/tupique.com\\\/product\\\/seche-cheveux-imetec-df1-3000-700w-noir-700-w\\\/\",\"url\":\"https:\\\/\\\/tupique.com\\\/product\\\/seche-cheveux-imetec-df1-3000-700w-noir-700-w\\\/\",\"name\":\"S\u00e8che-cheveux IMETEC DF1 3000 700W Noir 700 W | | Tupique\",\"isPartOf\":{\"@id\":\"https:\\\/\\\/tupique.com\\\/#website\"},\"primaryImageOfPage\":{\"@id\":\"https:\\\/\\\/tupique.com\\\/product\\\/seche-cheveux-imetec-df1-3000-700w-noir-700-w\\\/#primaryimage\"},\"image\":{\"@id\":\"https:\\\/\\\/tupique.com\\\/product\\\/seche-cheveux-imetec-df1-3000-700w-noir-700-w\\\/#primaryimage\"},\"thumbnailUrl\":\"https:\\\/\\\/tupique.com\\\/wp-content\\\/uploads\\\/2026\\\/05\\\/8007403117993_S0438399_P04.jpg\",\"datePublished\":\"2026-05-15T09:43:43+00:00\",\"description\":\"Envie d'acheter S\u00e8che-cheveux IMETEC DF1 3000 700W Noir 700 W\u00a0? Achetez S\u00e8che-cheveux IMETEC DF1 3000 700W Noir 700 W maintenant avec Tupique en 3 versements sans int\u00e9r\u00eat.\",\"breadcrumb\":{\"@id\":\"https:\\\/\\\/tupique.com\\\/product\\\/seche-cheveux-imetec-df1-3000-700w-noir-700-w\\\/#breadcrumb\"},\"inLanguage\":\"en-GB\",\"potentialAction\":[{\"@type\":\"ReadAction\",\"target\":[\"https:\\\/\\\/tupique.com\\\/product\\\/seche-cheveux-imetec-df1-3000-700w-noir-700-w\\\/\"]}]},{\"@type\":\"ImageObject\",\"inLanguage\":\"en-GB\",\"@id\":\"https:\\\/\\\/tupique.com\\\/product\\\/seche-cheveux-imetec-df1-3000-700w-noir-700-w\\\/#primaryimage\",\"url\":\"https:\\\/\\\/tupique.com\\\/wp-content\\\/uploads\\\/2026\\\/05\\\/8007403117993_S0438399_P04.jpg\",\"contentUrl\":\"https:\\\/\\\/tupique.com\\\/wp-content\\\/uploads\\\/2026\\\/05\\\/8007403117993_S0438399_P04.jpg\",\"width\":1200,\"height\":1200,\"caption\":\"S0438399_0\"},{\"@type\":\"BreadcrumbList\",\"@id\":\"https:\\\/\\\/tupique.com\\\/product\\\/seche-cheveux-imetec-df1-3000-700w-noir-700-w\\\/#breadcrumb\",\"itemListElement\":[{\"@type\":\"ListItem\",\"position\":1,\"name\":\"commencer\",\"item\":\"https:\\\/\\\/tupique.com\\\/\"},{\"@type\":\"ListItem\",\"position\":2,\"name\":\"Loja\",\"item\":\"https:\\\/\\\/tupique.com\\\/pt\\\/loja\\\/\"},{\"@type\":\"ListItem\",\"position\":3,\"name\":\"S\u00e8che-cheveux IMETEC DF1 3000 700W Noir 700 W\"}]},{\"@type\":\"WebSite\",\"@id\":\"https:\\\/\\\/tupique.com\\\/#website\",\"url\":\"https:\\\/\\\/tupique.com\\\/\",\"name\":\"Tupique\",\"description\":\"\",\"publisher\":{\"@id\":\"https:\\\/\\\/tupique.com\\\/#organization\"},\"potentialAction\":[{\"@type\":\"SearchAction\",\"target\":{\"@type\":\"EntryPoint\",\"urlTemplate\":\"https:\\\/\\\/tupique.com\\\/?s={search_term_string}\"},\"query-input\":{\"@type\":\"PropertyValueSpecification\",\"valueRequired\":true,\"valueName\":\"search_term_string\"}}],\"inLanguage\":\"en-GB\"},{\"@type\":\"Organization\",\"@id\":\"https:\\\/\\\/tupique.com\\\/#organization\",\"name\":\"Tupique\",\"url\":\"https:\\\/\\\/tupique.com\\\/\",\"logo\":{\"@type\":\"ImageObject\",\"inLanguage\":\"en-GB\",\"@id\":\"https:\\\/\\\/tupique.com\\\/#\\\/schema\\\/logo\\\/image\\\/\",\"url\":\"https:\\\/\\\/tupique.com\\\/wp-content\\\/uploads\\\/2026\\\/03\\\/logo-tupique-1.webp\",\"contentUrl\":\"https:\\\/\\\/tupique.com\\\/wp-content\\\/uploads\\\/2026\\\/03\\\/logo-tupique-1.webp\",\"width\":500,\"height\":67,\"caption\":\"Tupique\"},\"image\":{\"@id\":\"https:\\\/\\\/tupique.com\\\/#\\\/schema\\\/logo\\\/image\\\/\"}}]}<\/script>\n<!-- \/ Yoast SEO plugin. -->","yoast_head_json":{"title":"S\u00e8che-cheveux IMETEC DF1 3000 700W Noir 700 W | | Tupique","description":"Envie d'acheter S\u00e8che-cheveux IMETEC DF1 3000 700W Noir 700 W\u00a0? Achetez S\u00e8che-cheveux IMETEC DF1 3000 700W Noir 700 W maintenant avec Tupique en 3 versements sans int\u00e9r\u00eat.","robots":{"index":"index","follow":"follow","max-snippet":"max-snippet:-1","max-image-preview":"max-image-preview:large","max-video-preview":"max-video-preview:-1"},"canonical":"https:\/\/tupique.com\/en\/product\/seche-cheveux-imetec-df1-3000-700w-noir-700-w\/","og_locale":"en_GB","og_type":"article","og_title":"S\u00e8che-cheveux IMETEC DF1 3000 700W Noir 700 W | | Tupique","og_description":"Envie d'acheter S\u00e8che-cheveux IMETEC DF1 3000 700W Noir 700 W\u00a0? Achetez S\u00e8che-cheveux IMETEC DF1 3000 700W Noir 700 W maintenant avec Tupique en 3 versements sans int\u00e9r\u00eat.","og_url":"https:\/\/tupique.com\/en\/product\/seche-cheveux-imetec-df1-3000-700w-noir-700-w\/","og_site_name":"Tupique","twitter_card":"summary_large_image","twitter_misc":{"Est. reading time":"2 minutes"},"schema":{"@context":"https:\/\/schema.org","@graph":[{"@type":"WebPage","@id":"https:\/\/tupique.com\/product\/seche-cheveux-imetec-df1-3000-700w-noir-700-w\/","url":"https:\/\/tupique.com\/product\/seche-cheveux-imetec-df1-3000-700w-noir-700-w\/","name":"S\u00e8che-cheveux IMETEC DF1 3000 700W Noir 700 W | | Tupique","isPartOf":{"@id":"https:\/\/tupique.com\/#website"},"primaryImageOfPage":{"@id":"https:\/\/tupique.com\/product\/seche-cheveux-imetec-df1-3000-700w-noir-700-w\/#primaryimage"},"image":{"@id":"https:\/\/tupique.com\/product\/seche-cheveux-imetec-df1-3000-700w-noir-700-w\/#primaryimage"},"thumbnailUrl":"https:\/\/tupique.com\/wp-content\/uploads\/2026\/05\/8007403117993_S0438399_P04.jpg","datePublished":"2026-05-15T09:43:43+00:00","description":"Envie d'acheter S\u00e8che-cheveux IMETEC DF1 3000 700W Noir 700 W\u00a0? Achetez S\u00e8che-cheveux IMETEC DF1 3000 700W Noir 700 W maintenant avec Tupique en 3 versements sans int\u00e9r\u00eat.","breadcrumb":{"@id":"https:\/\/tupique.com\/product\/seche-cheveux-imetec-df1-3000-700w-noir-700-w\/#breadcrumb"},"inLanguage":"en-GB","potentialAction":[{"@type":"ReadAction","target":["https:\/\/tupique.com\/product\/seche-cheveux-imetec-df1-3000-700w-noir-700-w\/"]}]},{"@type":"ImageObject","inLanguage":"en-GB","@id":"https:\/\/tupique.com\/product\/seche-cheveux-imetec-df1-3000-700w-noir-700-w\/#primaryimage","url":"https:\/\/tupique.com\/wp-content\/uploads\/2026\/05\/8007403117993_S0438399_P04.jpg","contentUrl":"https:\/\/tupique.com\/wp-content\/uploads\/2026\/05\/8007403117993_S0438399_P04.jpg","width":1200,"height":1200,"caption":"S0438399_0"},{"@type":"BreadcrumbList","@id":"https:\/\/tupique.com\/product\/seche-cheveux-imetec-df1-3000-700w-noir-700-w\/#breadcrumb","itemListElement":[{"@type":"ListItem","position":1,"name":"commencer","item":"https:\/\/tupique.com\/"},{"@type":"ListItem","position":2,"name":"Loja","item":"https:\/\/tupique.com\/pt\/loja\/"},{"@type":"ListItem","position":3,"name":"S\u00e8che-cheveux IMETEC DF1 3000 700W Noir 700 W"}]},{"@type":"WebSite","@id":"https:\/\/tupique.com\/#website","url":"https:\/\/tupique.com\/","name":"Tupique","description":"","publisher":{"@id":"https:\/\/tupique.com\/#organization"},"potentialAction":[{"@type":"SearchAction","target":{"@type":"EntryPoint","urlTemplate":"https:\/\/tupique.com\/?s={search_term_string}"},"query-input":{"@type":"PropertyValueSpecification","valueRequired":true,"valueName":"search_term_string"}}],"inLanguage":"en-GB"},{"@type":"Organization","@id":"https:\/\/tupique.com\/#organization","name":"Tupique","url":"https:\/\/tupique.com\/","logo":{"@type":"ImageObject","inLanguage":"en-GB","@id":"https:\/\/tupique.com\/#\/schema\/logo\/image\/","url":"https:\/\/tupique.com\/wp-content\/uploads\/2026\/03\/logo-tupique-1.webp","contentUrl":"https:\/\/tupique.com\/wp-content\/uploads\/2026\/03\/logo-tupique-1.webp","width":500,"height":67,"caption":"Tupique"},"image":{"@id":"https:\/\/tupique.com\/#\/schema\/logo\/image\/"}}]}},"_links":{"self":[{"href":"https:\/\/tupique.com\/en\/wp-json\/wp\/v2\/product\/222176","targetHints":{"allow":["GET"]}}],"collection":[{"href":"https:\/\/tupique.com\/en\/wp-json\/wp\/v2\/product"}],"about":[{"href":"https:\/\/tupique.com\/en\/wp-json\/wp\/v2\/types\/product"}],"replies":[{"embeddable":true,"href":"https:\/\/tupique.com\/en\/wp-json\/wp\/v2\/comments?post=222176"}],"wp:featuredmedia":[{"embeddable":true,"href":"https:\/\/tupique.com\/en\/wp-json\/wp\/v2\/media\/222175"}],"wp:attachment":[{"href":"https:\/\/tupique.com\/en\/wp-json\/wp\/v2\/media?parent=222176"}],"wp:term":[{"taxonomy":"product_brand","embeddable":true,"href":"https:\/\/tupique.com\/en\/wp-json\/wp\/v2\/product_brand?post=222176"},{"taxonomy":"product_cat","embeddable":true,"href":"https:\/\/tupique.com\/en\/wp-json\/wp\/v2\/product_cat?post=222176"},{"taxonomy":"product_tag","embeddable":true,"href":"https:\/\/tupique.com\/en\/wp-json\/wp\/v2\/product_tag?post=222176"},{"taxonomy":"woo-feed-brand","embeddable":true,"href":"https:\/\/tupique.com\/en\/wp-json\/wp\/v2\/woo-feed-brand?post=222176"}],"curies":[{"name":"wp","href":"https:\/\/api.w.org\/{rel}","templated":true}]}}