{"id":222204,"date":"2026-05-15T11:45:00","date_gmt":"2026-05-15T09:45:00","guid":{"rendered":"https:\/\/tupique.com\/product\/ventilateur-de-plafond-avec-lumiere-led-et-4-pales-retractables-keteez-innovagoods-blanc-72-w-o49-104-cm\/"},"modified":"2026-05-15T11:45:00","modified_gmt":"2026-05-15T09:45:00","slug":"ventilateur-de-plafond-avec-lumiere-led-et-4-pales-retractables-keteez-innovagoods-blanc-72-w-o49-104-cm","status":"publish","type":"product","link":"https:\/\/tupique.com\/en\/product\/ventilateur-de-plafond-avec-lumiere-led-et-4-pales-retractables-keteez-innovagoods-blanc-72-w-o49-104-cm\/","title":{"rendered":"Ventilateur de Plafond avec Lumi\u00e8re LED et 4 Pales R\u00e9tractables Keteez InnovaGoods Blanc 72 W \u00d849-104 cm"},"content":{"rendered":"<div class=\"col-md-6\"><b>InnovaGoods<\/b> vous offre les meilleures nouveaut\u00e9s pour la maison, comme <b>Ventilateur de Plafond avec Lumi\u00e8re LED et 4 Pales R\u00e9tractables Keteez InnovaGoods Blanc 72 W \u00d849-104 cm <\/b> ! D\u00e9couvrez une vaste gamme de produits de qualit\u00e9 qui se d\u00e9marquent de par leur fonctionnalit\u00e9, leur efficacit\u00e9 et leur design innovant : \u00e9clairage, organisation, d\u00e9coration, climatisation, jardin, animaux domestiques, nettoyage, etc.<\/p>\n<p>Ce <b>ventilateur de plafond avec lumi\u00e8re LED et pales r\u00e9tractables<\/b> offre de multiples possibilit\u00e9s pour cr\u00e9er une ambiance fra\u00eeche et agr\u00e9able dans n\u2019importe quelle pi\u00e8ce. Il dispose d\u2019un moteur DC, de 6 vitesses, d\u2019une minuterie, de 3 types de lumi\u00e8res LED et d\u2019une t\u00e9l\u00e9commande. 72 W.<\/p>\n<p>Un <b>ventilateur de plafond moderne et silencieux avec lampe<\/b> qui dispose d\u2019une rotation \u00e9t\u00e9-hiver, d\u2019une lumi\u00e8re froide, chaude et neutre. Ses pales peuvent \u00eatre pli\u00e9es et cach\u00e9es. Pi\u00e8ces : 10-25 m\u00b2.<\/p>\n<ul>\n<li><b>Silencieux, moteur DC <\/b>: notre ventilateur de plafond avec lumi\u00e8re LED et pales r\u00e9tractables est parfait pour profiter d\u2019une ambiance fra\u00eeche, agr\u00e9able et bien \u00e9clair\u00e9e. Gr\u00e2ce \u00e0 son design moderne et \u00e9l\u00e9gant, il s\u2019int\u00e8gre facilement dans la d\u00e9coration de la maison. Avantages de son moteur DC : plus l\u00e9ger, plus silencieux (moins de frottement), moins de consommation (jusqu\u2019\u00e0 60-70 % plus faible), plus de contr\u00f4le et plus de vitesses, etc.<\/li>\n<li><b>4 pales r\u00e9tractables, fonction \u00e9t\u00e9-hiver <\/b>: ce ventilateur de plafond LED de qualit\u00e9 est robuste et durable. Il a \u00e9t\u00e9 fabriqu\u00e9 en fer\/ABS avec des pales en PC. Permet 2 modes de rotation (\u00e9t\u00e9-hiver). Ses 4 pales peuvent \u00eatre pli\u00e9es et dissimul\u00e9es discr\u00e8tement lorsqu\u2019elles ne sont pas utilis\u00e9es.<\/li>\n<li><b>6 vitesses, minuterie <\/b>: notre ventilateur de plafond avec commande dispose de 6 vitesses (170-230 tr\/min) et minuterie (1-2-4 h) pour une utilisation plus personnalis\u00e9e et satisfaisante. Ce ventilateur avec lumi\u00e8re convient aux pi\u00e8ces entre 10 et 25 m\u00b2. Puissance : 72 W. Classement \u00e9nerg\u00e9tique : E.<\/li>\n<li><b>3 modes d\u2019\u00e9clairage LED <\/b>: ce ventilateur de plafond polyvalent avec pales r\u00e9tractables est \u00e9galement id\u00e9al comme lampe LED. Fournit un \u00e9clairage efficace et adapt\u00e9 aux pr\u00e9f\u00e9rences. Il dispose de 48 LED (4\u2009000 lm, 40 W) et de 3 types de lumi\u00e8re : froide (6 500 K), chaude (3 500 K) et neutre (4\u2009300 K).<\/li>\n<li><b>T\u00e9l\u00e9commande, guide de montage <\/b>: ce ventilateur de plafond avec lampe est dot\u00e9 d\u2019une t\u00e9l\u00e9commande pour un contr\u00f4le plus confortable de ses fonctions (fonctionne avec 2 piles AAA, non incluses). En outre, il comprend des instructions d\u2019utilisation et de montage avec des illustrations.<\/li>\n<\/ul>\n<ul>\n<li>Mati\u00e8re:\n<ul>\n<li>ABS<\/li>\n<li>Fer<\/li>\n<li>Polycarbonate<\/li>\n<\/ul>\n<\/li>\n<li>Couleur:\n<ul>\n<li>Blanc<\/li>\n<li>Transparent<\/li>\n<\/ul>\n<\/li>\n<li>Type: Ventilateur de Plafond avec Lumi\u00e8re<\/li>\n<li>diam\u00e8tre approx.: \u00d849-104 cm<\/li>\n<li>Pales r\u00e9tractables: x4<\/li>\n<li>Port\u00e9e approx.: jusqu&#8217;\u00e0 25 m\u00b2<\/li>\n<li>Propri\u00e9t\u00e9s: Silencieux<\/li>\n<li>Caract\u00e9ristiques: Fonction \u00e9t\u00e9 et hiver<\/li>\n<li>Vitesse: 6 vitesses<\/li>\n<li>Vitesse de rotation: 170-230 r.p.m.<\/li>\n<li>Minuterie: 1\/2\/4 h<\/li>\n<li>Lumi\u00e8re LED: 48 SMD LED \/ 20 + 20 W<\/li>\n<li>Modes d&#8217;\u00e9clairage: Lumi\u00e8re froide, lumi\u00e8re chaude, lumi\u00e8re neutre<\/li>\n<li>Temp\u00e9rature de couleur: 3500-6500 K<\/li>\n<li>Flux lumineux: 4000 Lm<\/li>\n<li>T\u00e9l\u00e9commande: Fonctionne \u00e0 piles (2 x AAA, non fournies)<\/li>\n<li>Inclut: Accessoires de montage<\/li>\n<li>Moteur DC: 24 V \/ 0,255 A \/ 30 W<\/li>\n<li>Classification \u00e9nerg\u00e9tique: E<\/li>\n<li>consommation d&#8217;\u00e9nergie: 32 kWh \/ 1000 h<\/li>\n<li>puissance: 72 W<\/li>\n<li>AC In: 210-240 V \/ 50 Hz<\/li>\n<li>Dimensions approx.: \u00d849 x 42 cm \/ \u00d8104 x 42 cm<\/li>\n<li>Instructions de montage: https:\/\/www.youtube.com\/watch?v=sK17UzMHC4M<\/li>\n<\/ul>\n<p>Packaging et manuel en 24 langues: anglais, fran\u00e7ais, espagnol, allemand, italien, portugais, n\u00e9erlandais, polonais, hongrois, roumain, danois, su\u00e9dois, finnois, lituanien, norv\u00e9gien, slov\u00e8ne, grec, tch\u00e8que, bulgare, croate, slovaque, estonien, russe, letton.<\/p><\/div>\n<div class=\"col-md-6\">\n<div class=\"embed-responsive embed-responsive-16by9\"><iframe class=\"embed-responsive-item\" src=\"https:\/\/www.youtube.com\/embed\/vPqEIlICq7w\" frameborder=\"0\" allowfullscreen><\/iframe><\/div>\n<\/div>","protected":false},"excerpt":{"rendered":"<p>InnovaGoods vous offre les meilleures nouveaut\u00e9s pour la maison, comme Ventilateur de Plafond avec Lumi\u00e8re LED et 4 Pales R\u00e9tractables Keteez InnovaGoods Blanc 72 W \u00d849-104 cm ! D\u00e9couvrez une vaste gamme de produits de qualit\u00e9 qui se d\u00e9marquent de par leur fonctionnalit\u00e9, leur efficacit\u00e9 et leur design innovant : \u00e9clairage, organisation, d\u00e9coration, climatisation, jardin, [&hellip;]<\/p>\n","protected":false},"featured_media":222194,"comment_status":"open","ping_status":"closed","template":"","meta":[],"product_brand":[256],"product_cat":[63,64,732,1334,1797,239,1796],"product_tag":[721,56,210],"woo-feed-brand":[],"class_list":{"0":"post-222204","1":"product","2":"type-product","3":"status-publish","4":"has-post-thumbnail","6":"product_brand-brandp_1281","7":"product_cat-cadeaux-originaux","8":"product_cat-cadeaux-pour-la-maison","9":"product_cat-climatisation-et-chauffage","10":"product_cat-climatiseurs-et-ventilateurs","11":"product_cat-idees-pour-la-maison","12":"product_cat-maison-jardin","13":"product_cat-teleachat-vu-a-la-television","14":"product_tag-tag_124","15":"product_tag-tag_930","16":"product_tag-tag_25","18":"first","19":"instock","20":"taxable","21":"shipping-taxable","22":"purchasable","23":"product-type-simple"},"yoast_head":"<!-- This site is optimized with the Yoast SEO plugin v27.6 - https:\/\/yoast.com\/product\/yoast-seo-wordpress\/ -->\n<title>Ventilateur de Plafond avec Lumi\u00e8re LED et 4 Pales R\u00e9tractables Keteez InnovaGoods Blanc 72 W \u00d849-104 cm | | Tupique<\/title>\n<meta name=\"description\" content=\"Envie d&#039;acheter Ventilateur de Plafond avec Lumi\u00e8re LED et 4 Pales R\u00e9tractables Keteez InnovaGoods Blanc 72 W \u00d849-104 cm\u00a0? Achetez Ventilateur de Plafond avec Lumi\u00e8re LED et 4 Pales R\u00e9tractables Keteez InnovaGoods Blanc 72 W \u00d849-104 cm maintenant avec Tupique en 3 versements sans int\u00e9r\u00eat.\" \/>\n<meta name=\"robots\" content=\"index, follow, max-snippet:-1, max-image-preview:large, max-video-preview:-1\" \/>\n<link rel=\"canonical\" href=\"https:\/\/tupique.com\/en\/product\/ventilateur-de-plafond-avec-lumiere-led-et-4-pales-retractables-keteez-innovagoods-blanc-72-w-o49-104-cm\/\" \/>\n<meta property=\"og:locale\" content=\"en_GB\" \/>\n<meta property=\"og:type\" content=\"article\" \/>\n<meta property=\"og:title\" content=\"Ventilateur de Plafond avec Lumi\u00e8re LED et 4 Pales R\u00e9tractables Keteez InnovaGoods Blanc 72 W \u00d849-104 cm | | Tupique\" \/>\n<meta property=\"og:description\" content=\"Envie d&#039;acheter Ventilateur de Plafond avec Lumi\u00e8re LED et 4 Pales R\u00e9tractables Keteez InnovaGoods Blanc 72 W \u00d849-104 cm\u00a0? Achetez Ventilateur de Plafond avec Lumi\u00e8re LED et 4 Pales R\u00e9tractables Keteez InnovaGoods Blanc 72 W \u00d849-104 cm maintenant avec Tupique en 3 versements sans int\u00e9r\u00eat.\" \/>\n<meta property=\"og:url\" content=\"https:\/\/tupique.com\/en\/product\/ventilateur-de-plafond-avec-lumiere-led-et-4-pales-retractables-keteez-innovagoods-blanc-72-w-o49-104-cm\/\" \/>\n<meta property=\"og:site_name\" content=\"Tupique\" \/>\n<meta name=\"twitter:card\" content=\"summary_large_image\" \/>\n<meta name=\"twitter:label1\" content=\"Est. reading time\" \/>\n\t<meta name=\"twitter:data1\" content=\"3 minutes\" \/>\n<script type=\"application\/ld+json\" class=\"yoast-schema-graph\">{\"@context\":\"https:\\\/\\\/schema.org\",\"@graph\":[{\"@type\":\"WebPage\",\"@id\":\"https:\\\/\\\/tupique.com\\\/product\\\/ventilateur-de-plafond-avec-lumiere-led-et-4-pales-retractables-keteez-innovagoods-blanc-72-w-o49-104-cm\\\/\",\"url\":\"https:\\\/\\\/tupique.com\\\/product\\\/ventilateur-de-plafond-avec-lumiere-led-et-4-pales-retractables-keteez-innovagoods-blanc-72-w-o49-104-cm\\\/\",\"name\":\"Ventilateur de Plafond avec Lumi\u00e8re LED et 4 Pales R\u00e9tractables Keteez InnovaGoods Blanc 72 W \u00d849-104 cm | | Tupique\",\"isPartOf\":{\"@id\":\"https:\\\/\\\/tupique.com\\\/#website\"},\"primaryImageOfPage\":{\"@id\":\"https:\\\/\\\/tupique.com\\\/product\\\/ventilateur-de-plafond-avec-lumiere-led-et-4-pales-retractables-keteez-innovagoods-blanc-72-w-o49-104-cm\\\/#primaryimage\"},\"image\":{\"@id\":\"https:\\\/\\\/tupique.com\\\/product\\\/ventilateur-de-plafond-avec-lumiere-led-et-4-pales-retractables-keteez-innovagoods-blanc-72-w-o49-104-cm\\\/#primaryimage\"},\"thumbnailUrl\":\"https:\\\/\\\/tupique.com\\\/wp-content\\\/uploads\\\/2026\\\/05\\\/v0103955_000_mkt0.jpg\",\"datePublished\":\"2026-05-15T09:45:00+00:00\",\"description\":\"Envie d'acheter Ventilateur de Plafond avec Lumi\u00e8re LED et 4 Pales R\u00e9tractables Keteez InnovaGoods Blanc 72 W \u00d849-104 cm\u00a0? Achetez Ventilateur de Plafond avec Lumi\u00e8re LED et 4 Pales R\u00e9tractables Keteez InnovaGoods Blanc 72 W \u00d849-104 cm maintenant avec Tupique en 3 versements sans int\u00e9r\u00eat.\",\"breadcrumb\":{\"@id\":\"https:\\\/\\\/tupique.com\\\/product\\\/ventilateur-de-plafond-avec-lumiere-led-et-4-pales-retractables-keteez-innovagoods-blanc-72-w-o49-104-cm\\\/#breadcrumb\"},\"inLanguage\":\"en-GB\",\"potentialAction\":[{\"@type\":\"ReadAction\",\"target\":[\"https:\\\/\\\/tupique.com\\\/product\\\/ventilateur-de-plafond-avec-lumiere-led-et-4-pales-retractables-keteez-innovagoods-blanc-72-w-o49-104-cm\\\/\"]}]},{\"@type\":\"ImageObject\",\"inLanguage\":\"en-GB\",\"@id\":\"https:\\\/\\\/tupique.com\\\/product\\\/ventilateur-de-plafond-avec-lumiere-led-et-4-pales-retractables-keteez-innovagoods-blanc-72-w-o49-104-cm\\\/#primaryimage\",\"url\":\"https:\\\/\\\/tupique.com\\\/wp-content\\\/uploads\\\/2026\\\/05\\\/v0103955_000_mkt0.jpg\",\"contentUrl\":\"https:\\\/\\\/tupique.com\\\/wp-content\\\/uploads\\\/2026\\\/05\\\/v0103955_000_mkt0.jpg\",\"width\":1200,\"height\":1200,\"caption\":\"V0103955_0\"},{\"@type\":\"BreadcrumbList\",\"@id\":\"https:\\\/\\\/tupique.com\\\/product\\\/ventilateur-de-plafond-avec-lumiere-led-et-4-pales-retractables-keteez-innovagoods-blanc-72-w-o49-104-cm\\\/#breadcrumb\",\"itemListElement\":[{\"@type\":\"ListItem\",\"position\":1,\"name\":\"commencer\",\"item\":\"https:\\\/\\\/tupique.com\\\/\"},{\"@type\":\"ListItem\",\"position\":2,\"name\":\"Loja\",\"item\":\"https:\\\/\\\/tupique.com\\\/pt\\\/loja\\\/\"},{\"@type\":\"ListItem\",\"position\":3,\"name\":\"Ventilateur de Plafond avec Lumi\u00e8re LED et 4 Pales R\u00e9tractables Keteez InnovaGoods Blanc 72 W \u00d849-104 cm\"}]},{\"@type\":\"WebSite\",\"@id\":\"https:\\\/\\\/tupique.com\\\/#website\",\"url\":\"https:\\\/\\\/tupique.com\\\/\",\"name\":\"Tupique\",\"description\":\"\",\"publisher\":{\"@id\":\"https:\\\/\\\/tupique.com\\\/#organization\"},\"potentialAction\":[{\"@type\":\"SearchAction\",\"target\":{\"@type\":\"EntryPoint\",\"urlTemplate\":\"https:\\\/\\\/tupique.com\\\/?s={search_term_string}\"},\"query-input\":{\"@type\":\"PropertyValueSpecification\",\"valueRequired\":true,\"valueName\":\"search_term_string\"}}],\"inLanguage\":\"en-GB\"},{\"@type\":\"Organization\",\"@id\":\"https:\\\/\\\/tupique.com\\\/#organization\",\"name\":\"Tupique\",\"url\":\"https:\\\/\\\/tupique.com\\\/\",\"logo\":{\"@type\":\"ImageObject\",\"inLanguage\":\"en-GB\",\"@id\":\"https:\\\/\\\/tupique.com\\\/#\\\/schema\\\/logo\\\/image\\\/\",\"url\":\"https:\\\/\\\/tupique.com\\\/wp-content\\\/uploads\\\/2026\\\/03\\\/logo-tupique-1.webp\",\"contentUrl\":\"https:\\\/\\\/tupique.com\\\/wp-content\\\/uploads\\\/2026\\\/03\\\/logo-tupique-1.webp\",\"width\":500,\"height\":67,\"caption\":\"Tupique\"},\"image\":{\"@id\":\"https:\\\/\\\/tupique.com\\\/#\\\/schema\\\/logo\\\/image\\\/\"}}]}<\/script>\n<!-- \/ Yoast SEO plugin. -->","yoast_head_json":{"title":"Ventilateur de Plafond avec Lumi\u00e8re LED et 4 Pales R\u00e9tractables Keteez InnovaGoods Blanc 72 W \u00d849-104 cm | | Tupique","description":"Envie d'acheter Ventilateur de Plafond avec Lumi\u00e8re LED et 4 Pales R\u00e9tractables Keteez InnovaGoods Blanc 72 W \u00d849-104 cm\u00a0? Achetez Ventilateur de Plafond avec Lumi\u00e8re LED et 4 Pales R\u00e9tractables Keteez InnovaGoods Blanc 72 W \u00d849-104 cm maintenant avec Tupique en 3 versements sans int\u00e9r\u00eat.","robots":{"index":"index","follow":"follow","max-snippet":"max-snippet:-1","max-image-preview":"max-image-preview:large","max-video-preview":"max-video-preview:-1"},"canonical":"https:\/\/tupique.com\/en\/product\/ventilateur-de-plafond-avec-lumiere-led-et-4-pales-retractables-keteez-innovagoods-blanc-72-w-o49-104-cm\/","og_locale":"en_GB","og_type":"article","og_title":"Ventilateur de Plafond avec Lumi\u00e8re LED et 4 Pales R\u00e9tractables Keteez InnovaGoods Blanc 72 W \u00d849-104 cm | | Tupique","og_description":"Envie d'acheter Ventilateur de Plafond avec Lumi\u00e8re LED et 4 Pales R\u00e9tractables Keteez InnovaGoods Blanc 72 W \u00d849-104 cm\u00a0? Achetez Ventilateur de Plafond avec Lumi\u00e8re LED et 4 Pales R\u00e9tractables Keteez InnovaGoods Blanc 72 W \u00d849-104 cm maintenant avec Tupique en 3 versements sans int\u00e9r\u00eat.","og_url":"https:\/\/tupique.com\/en\/product\/ventilateur-de-plafond-avec-lumiere-led-et-4-pales-retractables-keteez-innovagoods-blanc-72-w-o49-104-cm\/","og_site_name":"Tupique","twitter_card":"summary_large_image","twitter_misc":{"Est. reading time":"3 minutes"},"schema":{"@context":"https:\/\/schema.org","@graph":[{"@type":"WebPage","@id":"https:\/\/tupique.com\/product\/ventilateur-de-plafond-avec-lumiere-led-et-4-pales-retractables-keteez-innovagoods-blanc-72-w-o49-104-cm\/","url":"https:\/\/tupique.com\/product\/ventilateur-de-plafond-avec-lumiere-led-et-4-pales-retractables-keteez-innovagoods-blanc-72-w-o49-104-cm\/","name":"Ventilateur de Plafond avec Lumi\u00e8re LED et 4 Pales R\u00e9tractables Keteez InnovaGoods Blanc 72 W \u00d849-104 cm | | Tupique","isPartOf":{"@id":"https:\/\/tupique.com\/#website"},"primaryImageOfPage":{"@id":"https:\/\/tupique.com\/product\/ventilateur-de-plafond-avec-lumiere-led-et-4-pales-retractables-keteez-innovagoods-blanc-72-w-o49-104-cm\/#primaryimage"},"image":{"@id":"https:\/\/tupique.com\/product\/ventilateur-de-plafond-avec-lumiere-led-et-4-pales-retractables-keteez-innovagoods-blanc-72-w-o49-104-cm\/#primaryimage"},"thumbnailUrl":"https:\/\/tupique.com\/wp-content\/uploads\/2026\/05\/v0103955_000_mkt0.jpg","datePublished":"2026-05-15T09:45:00+00:00","description":"Envie d'acheter Ventilateur de Plafond avec Lumi\u00e8re LED et 4 Pales R\u00e9tractables Keteez InnovaGoods Blanc 72 W \u00d849-104 cm\u00a0? Achetez Ventilateur de Plafond avec Lumi\u00e8re LED et 4 Pales R\u00e9tractables Keteez InnovaGoods Blanc 72 W \u00d849-104 cm maintenant avec Tupique en 3 versements sans int\u00e9r\u00eat.","breadcrumb":{"@id":"https:\/\/tupique.com\/product\/ventilateur-de-plafond-avec-lumiere-led-et-4-pales-retractables-keteez-innovagoods-blanc-72-w-o49-104-cm\/#breadcrumb"},"inLanguage":"en-GB","potentialAction":[{"@type":"ReadAction","target":["https:\/\/tupique.com\/product\/ventilateur-de-plafond-avec-lumiere-led-et-4-pales-retractables-keteez-innovagoods-blanc-72-w-o49-104-cm\/"]}]},{"@type":"ImageObject","inLanguage":"en-GB","@id":"https:\/\/tupique.com\/product\/ventilateur-de-plafond-avec-lumiere-led-et-4-pales-retractables-keteez-innovagoods-blanc-72-w-o49-104-cm\/#primaryimage","url":"https:\/\/tupique.com\/wp-content\/uploads\/2026\/05\/v0103955_000_mkt0.jpg","contentUrl":"https:\/\/tupique.com\/wp-content\/uploads\/2026\/05\/v0103955_000_mkt0.jpg","width":1200,"height":1200,"caption":"V0103955_0"},{"@type":"BreadcrumbList","@id":"https:\/\/tupique.com\/product\/ventilateur-de-plafond-avec-lumiere-led-et-4-pales-retractables-keteez-innovagoods-blanc-72-w-o49-104-cm\/#breadcrumb","itemListElement":[{"@type":"ListItem","position":1,"name":"commencer","item":"https:\/\/tupique.com\/"},{"@type":"ListItem","position":2,"name":"Loja","item":"https:\/\/tupique.com\/pt\/loja\/"},{"@type":"ListItem","position":3,"name":"Ventilateur de Plafond avec Lumi\u00e8re LED et 4 Pales R\u00e9tractables Keteez InnovaGoods Blanc 72 W \u00d849-104 cm"}]},{"@type":"WebSite","@id":"https:\/\/tupique.com\/#website","url":"https:\/\/tupique.com\/","name":"Tupique","description":"","publisher":{"@id":"https:\/\/tupique.com\/#organization"},"potentialAction":[{"@type":"SearchAction","target":{"@type":"EntryPoint","urlTemplate":"https:\/\/tupique.com\/?s={search_term_string}"},"query-input":{"@type":"PropertyValueSpecification","valueRequired":true,"valueName":"search_term_string"}}],"inLanguage":"en-GB"},{"@type":"Organization","@id":"https:\/\/tupique.com\/#organization","name":"Tupique","url":"https:\/\/tupique.com\/","logo":{"@type":"ImageObject","inLanguage":"en-GB","@id":"https:\/\/tupique.com\/#\/schema\/logo\/image\/","url":"https:\/\/tupique.com\/wp-content\/uploads\/2026\/03\/logo-tupique-1.webp","contentUrl":"https:\/\/tupique.com\/wp-content\/uploads\/2026\/03\/logo-tupique-1.webp","width":500,"height":67,"caption":"Tupique"},"image":{"@id":"https:\/\/tupique.com\/#\/schema\/logo\/image\/"}}]}},"_links":{"self":[{"href":"https:\/\/tupique.com\/en\/wp-json\/wp\/v2\/product\/222204","targetHints":{"allow":["GET"]}}],"collection":[{"href":"https:\/\/tupique.com\/en\/wp-json\/wp\/v2\/product"}],"about":[{"href":"https:\/\/tupique.com\/en\/wp-json\/wp\/v2\/types\/product"}],"replies":[{"embeddable":true,"href":"https:\/\/tupique.com\/en\/wp-json\/wp\/v2\/comments?post=222204"}],"wp:featuredmedia":[{"embeddable":true,"href":"https:\/\/tupique.com\/en\/wp-json\/wp\/v2\/media\/222194"}],"wp:attachment":[{"href":"https:\/\/tupique.com\/en\/wp-json\/wp\/v2\/media?parent=222204"}],"wp:term":[{"taxonomy":"product_brand","embeddable":true,"href":"https:\/\/tupique.com\/en\/wp-json\/wp\/v2\/product_brand?post=222204"},{"taxonomy":"product_cat","embeddable":true,"href":"https:\/\/tupique.com\/en\/wp-json\/wp\/v2\/product_cat?post=222204"},{"taxonomy":"product_tag","embeddable":true,"href":"https:\/\/tupique.com\/en\/wp-json\/wp\/v2\/product_tag?post=222204"},{"taxonomy":"woo-feed-brand","embeddable":true,"href":"https:\/\/tupique.com\/en\/wp-json\/wp\/v2\/woo-feed-brand?post=222204"}],"curies":[{"name":"wp","href":"https:\/\/api.w.org\/{rel}","templated":true}]}}