{"id":223193,"date":"2026-05-15T14:44:48","date_gmt":"2026-05-15T12:44:48","guid":{"rendered":"https:\/\/tupique.com\/product\/chargeur-de-voiture-ksix-usb\/"},"modified":"2026-05-15T14:44:48","modified_gmt":"2026-05-15T12:44:48","slug":"chargeur-de-voiture-ksix-usb","status":"publish","type":"product","link":"https:\/\/tupique.com\/en\/product\/chargeur-de-voiture-ksix-usb\/","title":{"rendered":"Chargeur de voiture KSIX USB"},"content":{"rendered":"<p>Si vous \u00eates passionn\u00e9 d&#8217;<b>informatique et d&#8217;\u00e9lectronique<\/b>, si vous \u00eates \u00e0 la pointe de la technologie et qu&#8217;aucun d\u00e9tail ne vous \u00e9chappe, achetez <b>Chargeur de voiture KSIX USB<\/b> au meilleur prix.<\/p>\n<ul>\n<li>Tension d&#8217;entr\u00e9e AC: 12-24 V<\/li>\n<li>Amp\u00e9rage:\n<ul>\n<li>5V 2.1A<\/li>\n<li>2,1 A<\/li>\n<\/ul>\n<\/li>\n<li>Inclut: C\u00e2ble USB vers micro USB<\/li>\n<li>Compatible:\n<ul>\n<li>Smartphone<\/li>\n<li>Tablette<\/li>\n<li>Ordinateur Portable<\/li>\n<\/ul>\n<\/li>\n<li>Type: Chargeur de voiture<\/li>\n<li>Couleur:\n<ul>\n<li>Rose<\/li>\n<li>Argent\u00e9<\/li>\n<\/ul>\n<\/li>\n<li>Caract\u00e9ristiques: Universel<\/li>\n<li>Tension de sortie: 5 V<\/li>\n<li>Connexions: USB x 2<\/li>\n<li>Tension: 12 &#8211; 24 V<\/li>\n<\/ul>","protected":false},"excerpt":{"rendered":"<p>Si vous \u00eates passionn\u00e9 d&#8217;informatique et d&#8217;\u00e9lectronique, si vous \u00eates \u00e0 la pointe de la technologie et qu&#8217;aucun d\u00e9tail ne vous \u00e9chappe, achetez Chargeur de voiture KSIX USB au meilleur prix. Tension d&#8217;entr\u00e9e AC: 12-24 V Amp\u00e9rage: 5V 2.1A 2,1 A Inclut: C\u00e2ble USB vers micro USB Compatible: Smartphone Tablette Ordinateur Portable Type: Chargeur de [&hellip;]<\/p>\n","protected":false},"featured_media":223191,"comment_status":"open","ping_status":"closed","template":"","meta":[],"product_brand":[177],"product_cat":[2253,1765,3253,3252,65,1764],"product_tag":[210,566,164],"woo-feed-brand":[],"class_list":{"0":"post-223193","1":"product","2":"type-product","3":"status-publish","4":"has-post-thumbnail","6":"product_brand-brandp_1052","7":"product_cat-accessoires-et-organiseurs-de-vehicules","8":"product_cat-accessoires-pour-voitures","9":"product_cat-chargeurs-usb-pour-voiture","10":"product_cat-electronique-gps-et-automobile","11":"product_cat-informatique-electronique","12":"product_cat-sports-loisirs","13":"product_tag-tag_25","14":"product_tag-tag_547","15":"product_tag-tag_152","17":"first","18":"instock","19":"taxable","20":"shipping-taxable","21":"product-type-variable"},"yoast_head":"<!-- This site is optimized with the Yoast SEO plugin v27.6 - https:\/\/yoast.com\/product\/yoast-seo-wordpress\/ -->\n<title>Chargeur de voiture KSIX USB | | Tupique<\/title>\n<meta name=\"description\" content=\"Envie d&#039;acheter Chargeur de voiture KSIX USB\u00a0? Achetez Chargeur de voiture KSIX USB maintenant avec Tupique en 3 versements sans int\u00e9r\u00eat.\" \/>\n<meta name=\"robots\" content=\"index, follow, max-snippet:-1, max-image-preview:large, max-video-preview:-1\" \/>\n<link rel=\"canonical\" href=\"https:\/\/tupique.com\/en\/product\/chargeur-de-voiture-ksix-usb\/\" \/>\n<meta property=\"og:locale\" content=\"en_GB\" \/>\n<meta property=\"og:type\" content=\"article\" \/>\n<meta property=\"og:title\" content=\"Chargeur de voiture KSIX USB | | Tupique\" \/>\n<meta property=\"og:description\" content=\"Envie d&#039;acheter Chargeur de voiture KSIX USB\u00a0? Achetez Chargeur de voiture KSIX USB maintenant avec Tupique en 3 versements sans int\u00e9r\u00eat.\" \/>\n<meta property=\"og:url\" content=\"https:\/\/tupique.com\/en\/product\/chargeur-de-voiture-ksix-usb\/\" \/>\n<meta property=\"og:site_name\" content=\"Tupique\" \/>\n<meta name=\"twitter:card\" content=\"summary_large_image\" \/>\n<script type=\"application\/ld+json\" class=\"yoast-schema-graph\">{\"@context\":\"https:\\\/\\\/schema.org\",\"@graph\":[{\"@type\":\"WebPage\",\"@id\":\"https:\\\/\\\/tupique.com\\\/product\\\/chargeur-de-voiture-ksix-usb\\\/\",\"url\":\"https:\\\/\\\/tupique.com\\\/product\\\/chargeur-de-voiture-ksix-usb\\\/\",\"name\":\"Chargeur de voiture KSIX USB | | Tupique\",\"isPartOf\":{\"@id\":\"https:\\\/\\\/tupique.com\\\/#website\"},\"primaryImageOfPage\":{\"@id\":\"https:\\\/\\\/tupique.com\\\/product\\\/chargeur-de-voiture-ksix-usb\\\/#primaryimage\"},\"image\":{\"@id\":\"https:\\\/\\\/tupique.com\\\/product\\\/chargeur-de-voiture-ksix-usb\\\/#primaryimage\"},\"thumbnailUrl\":\"https:\\\/\\\/tupique.com\\\/wp-content\\\/uploads\\\/2026\\\/05\\\/8427542079554_0_P02.jpg\",\"datePublished\":\"2026-05-15T12:44:48+00:00\",\"description\":\"Envie d'acheter Chargeur de voiture KSIX USB\u00a0? Achetez Chargeur de voiture KSIX USB maintenant avec Tupique en 3 versements sans int\u00e9r\u00eat.\",\"breadcrumb\":{\"@id\":\"https:\\\/\\\/tupique.com\\\/product\\\/chargeur-de-voiture-ksix-usb\\\/#breadcrumb\"},\"inLanguage\":\"en-GB\",\"potentialAction\":[{\"@type\":\"ReadAction\",\"target\":[\"https:\\\/\\\/tupique.com\\\/product\\\/chargeur-de-voiture-ksix-usb\\\/\"]}]},{\"@type\":\"ImageObject\",\"inLanguage\":\"en-GB\",\"@id\":\"https:\\\/\\\/tupique.com\\\/product\\\/chargeur-de-voiture-ksix-usb\\\/#primaryimage\",\"url\":\"https:\\\/\\\/tupique.com\\\/wp-content\\\/uploads\\\/2026\\\/05\\\/8427542079554_0_P02.jpg\",\"contentUrl\":\"https:\\\/\\\/tupique.com\\\/wp-content\\\/uploads\\\/2026\\\/05\\\/8427542079554_0_P02.jpg\",\"width\":1200,\"height\":1200,\"caption\":\"S1903005_0\"},{\"@type\":\"BreadcrumbList\",\"@id\":\"https:\\\/\\\/tupique.com\\\/product\\\/chargeur-de-voiture-ksix-usb\\\/#breadcrumb\",\"itemListElement\":[{\"@type\":\"ListItem\",\"position\":1,\"name\":\"commencer\",\"item\":\"https:\\\/\\\/tupique.com\\\/\"},{\"@type\":\"ListItem\",\"position\":2,\"name\":\"Loja\",\"item\":\"https:\\\/\\\/tupique.com\\\/pt\\\/loja\\\/\"},{\"@type\":\"ListItem\",\"position\":3,\"name\":\"Chargeur de voiture KSIX USB\"}]},{\"@type\":\"WebSite\",\"@id\":\"https:\\\/\\\/tupique.com\\\/#website\",\"url\":\"https:\\\/\\\/tupique.com\\\/\",\"name\":\"Tupique\",\"description\":\"\",\"publisher\":{\"@id\":\"https:\\\/\\\/tupique.com\\\/#organization\"},\"potentialAction\":[{\"@type\":\"SearchAction\",\"target\":{\"@type\":\"EntryPoint\",\"urlTemplate\":\"https:\\\/\\\/tupique.com\\\/?s={search_term_string}\"},\"query-input\":{\"@type\":\"PropertyValueSpecification\",\"valueRequired\":true,\"valueName\":\"search_term_string\"}}],\"inLanguage\":\"en-GB\"},{\"@type\":\"Organization\",\"@id\":\"https:\\\/\\\/tupique.com\\\/#organization\",\"name\":\"Tupique\",\"url\":\"https:\\\/\\\/tupique.com\\\/\",\"logo\":{\"@type\":\"ImageObject\",\"inLanguage\":\"en-GB\",\"@id\":\"https:\\\/\\\/tupique.com\\\/#\\\/schema\\\/logo\\\/image\\\/\",\"url\":\"https:\\\/\\\/tupique.com\\\/wp-content\\\/uploads\\\/2026\\\/03\\\/logo-tupique-1.webp\",\"contentUrl\":\"https:\\\/\\\/tupique.com\\\/wp-content\\\/uploads\\\/2026\\\/03\\\/logo-tupique-1.webp\",\"width\":500,\"height\":67,\"caption\":\"Tupique\"},\"image\":{\"@id\":\"https:\\\/\\\/tupique.com\\\/#\\\/schema\\\/logo\\\/image\\\/\"}}]}<\/script>\n<!-- \/ Yoast SEO plugin. -->","yoast_head_json":{"title":"Chargeur de voiture KSIX USB | | Tupique","description":"Envie d'acheter Chargeur de voiture KSIX USB\u00a0? Achetez Chargeur de voiture KSIX USB maintenant avec Tupique en 3 versements sans int\u00e9r\u00eat.","robots":{"index":"index","follow":"follow","max-snippet":"max-snippet:-1","max-image-preview":"max-image-preview:large","max-video-preview":"max-video-preview:-1"},"canonical":"https:\/\/tupique.com\/en\/product\/chargeur-de-voiture-ksix-usb\/","og_locale":"en_GB","og_type":"article","og_title":"Chargeur de voiture KSIX USB | | Tupique","og_description":"Envie d'acheter Chargeur de voiture KSIX USB\u00a0? Achetez Chargeur de voiture KSIX USB maintenant avec Tupique en 3 versements sans int\u00e9r\u00eat.","og_url":"https:\/\/tupique.com\/en\/product\/chargeur-de-voiture-ksix-usb\/","og_site_name":"Tupique","twitter_card":"summary_large_image","schema":{"@context":"https:\/\/schema.org","@graph":[{"@type":"WebPage","@id":"https:\/\/tupique.com\/product\/chargeur-de-voiture-ksix-usb\/","url":"https:\/\/tupique.com\/product\/chargeur-de-voiture-ksix-usb\/","name":"Chargeur de voiture KSIX USB | | Tupique","isPartOf":{"@id":"https:\/\/tupique.com\/#website"},"primaryImageOfPage":{"@id":"https:\/\/tupique.com\/product\/chargeur-de-voiture-ksix-usb\/#primaryimage"},"image":{"@id":"https:\/\/tupique.com\/product\/chargeur-de-voiture-ksix-usb\/#primaryimage"},"thumbnailUrl":"https:\/\/tupique.com\/wp-content\/uploads\/2026\/05\/8427542079554_0_P02.jpg","datePublished":"2026-05-15T12:44:48+00:00","description":"Envie d'acheter Chargeur de voiture KSIX USB\u00a0? Achetez Chargeur de voiture KSIX USB maintenant avec Tupique en 3 versements sans int\u00e9r\u00eat.","breadcrumb":{"@id":"https:\/\/tupique.com\/product\/chargeur-de-voiture-ksix-usb\/#breadcrumb"},"inLanguage":"en-GB","potentialAction":[{"@type":"ReadAction","target":["https:\/\/tupique.com\/product\/chargeur-de-voiture-ksix-usb\/"]}]},{"@type":"ImageObject","inLanguage":"en-GB","@id":"https:\/\/tupique.com\/product\/chargeur-de-voiture-ksix-usb\/#primaryimage","url":"https:\/\/tupique.com\/wp-content\/uploads\/2026\/05\/8427542079554_0_P02.jpg","contentUrl":"https:\/\/tupique.com\/wp-content\/uploads\/2026\/05\/8427542079554_0_P02.jpg","width":1200,"height":1200,"caption":"S1903005_0"},{"@type":"BreadcrumbList","@id":"https:\/\/tupique.com\/product\/chargeur-de-voiture-ksix-usb\/#breadcrumb","itemListElement":[{"@type":"ListItem","position":1,"name":"commencer","item":"https:\/\/tupique.com\/"},{"@type":"ListItem","position":2,"name":"Loja","item":"https:\/\/tupique.com\/pt\/loja\/"},{"@type":"ListItem","position":3,"name":"Chargeur de voiture KSIX USB"}]},{"@type":"WebSite","@id":"https:\/\/tupique.com\/#website","url":"https:\/\/tupique.com\/","name":"Tupique","description":"","publisher":{"@id":"https:\/\/tupique.com\/#organization"},"potentialAction":[{"@type":"SearchAction","target":{"@type":"EntryPoint","urlTemplate":"https:\/\/tupique.com\/?s={search_term_string}"},"query-input":{"@type":"PropertyValueSpecification","valueRequired":true,"valueName":"search_term_string"}}],"inLanguage":"en-GB"},{"@type":"Organization","@id":"https:\/\/tupique.com\/#organization","name":"Tupique","url":"https:\/\/tupique.com\/","logo":{"@type":"ImageObject","inLanguage":"en-GB","@id":"https:\/\/tupique.com\/#\/schema\/logo\/image\/","url":"https:\/\/tupique.com\/wp-content\/uploads\/2026\/03\/logo-tupique-1.webp","contentUrl":"https:\/\/tupique.com\/wp-content\/uploads\/2026\/03\/logo-tupique-1.webp","width":500,"height":67,"caption":"Tupique"},"image":{"@id":"https:\/\/tupique.com\/#\/schema\/logo\/image\/"}}]}},"_links":{"self":[{"href":"https:\/\/tupique.com\/en\/wp-json\/wp\/v2\/product\/223193","targetHints":{"allow":["GET"]}}],"collection":[{"href":"https:\/\/tupique.com\/en\/wp-json\/wp\/v2\/product"}],"about":[{"href":"https:\/\/tupique.com\/en\/wp-json\/wp\/v2\/types\/product"}],"replies":[{"embeddable":true,"href":"https:\/\/tupique.com\/en\/wp-json\/wp\/v2\/comments?post=223193"}],"wp:featuredmedia":[{"embeddable":true,"href":"https:\/\/tupique.com\/en\/wp-json\/wp\/v2\/media\/223191"}],"wp:attachment":[{"href":"https:\/\/tupique.com\/en\/wp-json\/wp\/v2\/media?parent=223193"}],"wp:term":[{"taxonomy":"product_brand","embeddable":true,"href":"https:\/\/tupique.com\/en\/wp-json\/wp\/v2\/product_brand?post=223193"},{"taxonomy":"product_cat","embeddable":true,"href":"https:\/\/tupique.com\/en\/wp-json\/wp\/v2\/product_cat?post=223193"},{"taxonomy":"product_tag","embeddable":true,"href":"https:\/\/tupique.com\/en\/wp-json\/wp\/v2\/product_tag?post=223193"},{"taxonomy":"woo-feed-brand","embeddable":true,"href":"https:\/\/tupique.com\/en\/wp-json\/wp\/v2\/woo-feed-brand?post=223193"}],"curies":[{"name":"wp","href":"https:\/\/api.w.org\/{rel}","templated":true}]}}