{"id":223451,"date":"2026-05-15T15:23:12","date_gmt":"2026-05-15T13:23:12","guid":{"rendered":"https:\/\/tupique.com\/product\/ecouteurs-sport-ksix-sport-buds-2-700-mah\/"},"modified":"2026-05-15T22:51:55","modified_gmt":"2026-05-15T20:51:55","slug":"ecouteurs-sport-ksix-sport-buds-2-700-mah","status":"publish","type":"product","link":"https:\/\/tupique.com\/en\/product\/ecouteurs-sport-ksix-sport-buds-2-700-mah\/","title":{"rendered":"\u00c9couteurs Sport KSIX Sport Buds 2 700 mAh"},"content":{"rendered":"<div class=\"col-md-6\">Si vous \u00eates passionn\u00e9 d&#8217;<b>informatique et d&#8217;\u00e9lectronique<\/b>, si vous \u00eates \u00e0 la pointe de la technologie et qu&#8217;aucun d\u00e9tail ne vous \u00e9chappe, achetez <b>\u00c9couteurs Sport KSIX Sport Buds 2 700 mAh<\/b> au meilleur prix.<\/p>\n<ul>\n<li>Couleur: Noir<\/li>\n<li>Port\u00e9e: 10 m<\/li>\n<li>Connectivit\u00e9:\n<ul>\n<li>Bluetooth 5.1<\/li>\n<li>Bluetooth 5.3<\/li>\n<li>Bluetooth<\/li>\n<li>Sans fil<\/li>\n<\/ul>\n<\/li>\n<li>Technologie: True Wireless<\/li>\n<li>Features:\n<ul>\n<li>Sans fil<\/li>\n<li>R\u00e9sistant \u00e0 l&#8217;eau<\/li>\n<\/ul>\n<\/li>\n<li>Capacit\u00e9 de la batterie: 700 mAh<\/li>\n<li>Temps de charge approx.: 2 heures<\/li>\n<li>Autonomie approx.: 20 heures<\/li>\n<li>Type: Intra-auriculaires<\/li>\n<li>Connexions: USB-C<\/li>\n<li>\u00c2ge recommand\u00e9: Adultes<\/li>\n<li>Poids: 130 g<\/li>\n<li>Ann\u00e9e: 2021<\/li>\n<\/ul>\n<\/div>\n<div class=\"col-md-6\">\n<div class=\"embed-responsive embed-responsive-16by9\"><\/div>\n<\/div>","protected":false},"excerpt":{"rendered":"<p>Si vous \u00eates passionn\u00e9 d&#8217;informatique et d&#8217;\u00e9lectronique, si vous \u00eates \u00e0 la pointe de la technologie et qu&#8217;aucun d\u00e9tail ne vous \u00e9chappe, achetez \u00c9couteurs Sport KSIX Sport Buds 2 700 mAh au meilleur prix. Couleur: Noir Port\u00e9e: 10 m Connectivit\u00e9: Bluetooth 5.1 Bluetooth 5.3 Bluetooth Sans fil Technologie: True Wireless Caract\u00e9ristiques: Sans fil R\u00e9sistant \u00e0 [&hellip;]<\/p>\n","protected":false},"featured_media":223434,"comment_status":"open","ping_status":"closed","template":"","meta":[],"product_brand":[177],"product_cat":[3276,3275,755,65],"product_tag":[213,566,106],"woo-feed-brand":[],"class_list":{"0":"post-223451","1":"product","2":"type-product","3":"status-publish","4":"has-post-thumbnail","6":"product_brand-brandp_1052","7":"product_cat-casque-bluetooth","8":"product_cat-casque-sport","9":"product_cat-electronique-son","10":"product_cat-informatique-electronique","11":"product_tag-tag_933","12":"product_tag-tag_547","13":"product_tag-tag_1295","15":"first","16":"instock","17":"taxable","18":"shipping-taxable","19":"purchasable","20":"product-type-simple"},"yoast_head":"<!-- This site is optimized with the Yoast SEO plugin v27.6 - https:\/\/yoast.com\/product\/yoast-seo-wordpress\/ -->\n<title>\u00c9couteurs Sport KSIX Sport Buds 2 700 mAh | | Tupique<\/title>\n<meta name=\"description\" content=\"Envie d&#039;acheter \u00c9couteurs Sport KSIX Sport Buds 2 700 mAh\u00a0? Achetez \u00c9couteurs Sport KSIX Sport Buds 2 700 mAh maintenant avec Tupique en 3 versements sans int\u00e9r\u00eat.\" \/>\n<meta name=\"robots\" content=\"index, follow, max-snippet:-1, max-image-preview:large, max-video-preview:-1\" \/>\n<link rel=\"canonical\" href=\"https:\/\/tupique.com\/en\/product\/ecouteurs-sport-ksix-sport-buds-2-700-mah\/\" \/>\n<meta property=\"og:locale\" content=\"en_GB\" \/>\n<meta property=\"og:type\" content=\"article\" \/>\n<meta property=\"og:title\" content=\"\u00c9couteurs Sport KSIX Sport Buds 2 700 mAh | | Tupique\" \/>\n<meta property=\"og:description\" content=\"Envie d&#039;acheter \u00c9couteurs Sport KSIX Sport Buds 2 700 mAh\u00a0? Achetez \u00c9couteurs Sport KSIX Sport Buds 2 700 mAh maintenant avec Tupique en 3 versements sans int\u00e9r\u00eat.\" \/>\n<meta property=\"og:url\" content=\"https:\/\/tupique.com\/en\/product\/ecouteurs-sport-ksix-sport-buds-2-700-mah\/\" \/>\n<meta property=\"og:site_name\" content=\"Tupique\" \/>\n<meta property=\"article:modified_time\" content=\"2026-05-15T20:51:55+00:00\" \/>\n<meta property=\"og:image\" content=\"https:\/\/tupique.com\/wp-content\/uploads\/2026\/05\/8427542116464_S1905607_P03.jpg\" \/>\n\t<meta property=\"og:image:width\" content=\"1200\" \/>\n\t<meta property=\"og:image:height\" content=\"1200\" \/>\n\t<meta property=\"og:image:type\" content=\"image\/jpeg\" \/>\n<meta name=\"twitter:card\" content=\"summary_large_image\" \/>\n<script type=\"application\/ld+json\" class=\"yoast-schema-graph\">{\"@context\":\"https:\\\/\\\/schema.org\",\"@graph\":[{\"@type\":\"WebPage\",\"@id\":\"https:\\\/\\\/tupique.com\\\/product\\\/ecouteurs-sport-ksix-sport-buds-2-700-mah\\\/\",\"url\":\"https:\\\/\\\/tupique.com\\\/product\\\/ecouteurs-sport-ksix-sport-buds-2-700-mah\\\/\",\"name\":\"\u00c9couteurs Sport KSIX Sport Buds 2 700 mAh | | Tupique\",\"isPartOf\":{\"@id\":\"https:\\\/\\\/tupique.com\\\/#website\"},\"primaryImageOfPage\":{\"@id\":\"https:\\\/\\\/tupique.com\\\/product\\\/ecouteurs-sport-ksix-sport-buds-2-700-mah\\\/#primaryimage\"},\"image\":{\"@id\":\"https:\\\/\\\/tupique.com\\\/product\\\/ecouteurs-sport-ksix-sport-buds-2-700-mah\\\/#primaryimage\"},\"thumbnailUrl\":\"https:\\\/\\\/tupique.com\\\/wp-content\\\/uploads\\\/2026\\\/05\\\/8427542116464_S1905607_P03.jpg\",\"datePublished\":\"2026-05-15T13:23:12+00:00\",\"dateModified\":\"2026-05-15T20:51:55+00:00\",\"description\":\"Envie d'acheter \u00c9couteurs Sport KSIX Sport Buds 2 700 mAh\u00a0? Achetez \u00c9couteurs Sport KSIX Sport Buds 2 700 mAh maintenant avec Tupique en 3 versements sans int\u00e9r\u00eat.\",\"breadcrumb\":{\"@id\":\"https:\\\/\\\/tupique.com\\\/product\\\/ecouteurs-sport-ksix-sport-buds-2-700-mah\\\/#breadcrumb\"},\"inLanguage\":\"en-GB\",\"potentialAction\":[{\"@type\":\"ReadAction\",\"target\":[\"https:\\\/\\\/tupique.com\\\/product\\\/ecouteurs-sport-ksix-sport-buds-2-700-mah\\\/\"]}]},{\"@type\":\"ImageObject\",\"inLanguage\":\"en-GB\",\"@id\":\"https:\\\/\\\/tupique.com\\\/product\\\/ecouteurs-sport-ksix-sport-buds-2-700-mah\\\/#primaryimage\",\"url\":\"https:\\\/\\\/tupique.com\\\/wp-content\\\/uploads\\\/2026\\\/05\\\/8427542116464_S1905607_P03.jpg\",\"contentUrl\":\"https:\\\/\\\/tupique.com\\\/wp-content\\\/uploads\\\/2026\\\/05\\\/8427542116464_S1905607_P03.jpg\",\"width\":1200,\"height\":1200,\"caption\":\"S1905607_0\"},{\"@type\":\"BreadcrumbList\",\"@id\":\"https:\\\/\\\/tupique.com\\\/product\\\/ecouteurs-sport-ksix-sport-buds-2-700-mah\\\/#breadcrumb\",\"itemListElement\":[{\"@type\":\"ListItem\",\"position\":1,\"name\":\"commencer\",\"item\":\"https:\\\/\\\/tupique.com\\\/\"},{\"@type\":\"ListItem\",\"position\":2,\"name\":\"Loja\",\"item\":\"https:\\\/\\\/tupique.com\\\/pt\\\/loja\\\/\"},{\"@type\":\"ListItem\",\"position\":3,\"name\":\"\u00c9couteurs Sport KSIX Sport Buds 2 700 mAh\"}]},{\"@type\":\"WebSite\",\"@id\":\"https:\\\/\\\/tupique.com\\\/#website\",\"url\":\"https:\\\/\\\/tupique.com\\\/\",\"name\":\"Tupique\",\"description\":\"\",\"publisher\":{\"@id\":\"https:\\\/\\\/tupique.com\\\/#organization\"},\"potentialAction\":[{\"@type\":\"SearchAction\",\"target\":{\"@type\":\"EntryPoint\",\"urlTemplate\":\"https:\\\/\\\/tupique.com\\\/?s={search_term_string}\"},\"query-input\":{\"@type\":\"PropertyValueSpecification\",\"valueRequired\":true,\"valueName\":\"search_term_string\"}}],\"inLanguage\":\"en-GB\"},{\"@type\":\"Organization\",\"@id\":\"https:\\\/\\\/tupique.com\\\/#organization\",\"name\":\"Tupique\",\"url\":\"https:\\\/\\\/tupique.com\\\/\",\"logo\":{\"@type\":\"ImageObject\",\"inLanguage\":\"en-GB\",\"@id\":\"https:\\\/\\\/tupique.com\\\/#\\\/schema\\\/logo\\\/image\\\/\",\"url\":\"https:\\\/\\\/tupique.com\\\/wp-content\\\/uploads\\\/2026\\\/03\\\/logo-tupique-1.webp\",\"contentUrl\":\"https:\\\/\\\/tupique.com\\\/wp-content\\\/uploads\\\/2026\\\/03\\\/logo-tupique-1.webp\",\"width\":500,\"height\":67,\"caption\":\"Tupique\"},\"image\":{\"@id\":\"https:\\\/\\\/tupique.com\\\/#\\\/schema\\\/logo\\\/image\\\/\"}}]}<\/script>\n<!-- \/ Yoast SEO plugin. -->","yoast_head_json":{"title":"\u00c9couteurs Sport KSIX Sport Buds 2 700 mAh | | Tupique","description":"Envie d'acheter \u00c9couteurs Sport KSIX Sport Buds 2 700 mAh\u00a0? Achetez \u00c9couteurs Sport KSIX Sport Buds 2 700 mAh maintenant avec Tupique en 3 versements sans int\u00e9r\u00eat.","robots":{"index":"index","follow":"follow","max-snippet":"max-snippet:-1","max-image-preview":"max-image-preview:large","max-video-preview":"max-video-preview:-1"},"canonical":"https:\/\/tupique.com\/en\/product\/ecouteurs-sport-ksix-sport-buds-2-700-mah\/","og_locale":"en_GB","og_type":"article","og_title":"\u00c9couteurs Sport KSIX Sport Buds 2 700 mAh | | Tupique","og_description":"Envie d'acheter \u00c9couteurs Sport KSIX Sport Buds 2 700 mAh\u00a0? Achetez \u00c9couteurs Sport KSIX Sport Buds 2 700 mAh maintenant avec Tupique en 3 versements sans int\u00e9r\u00eat.","og_url":"https:\/\/tupique.com\/en\/product\/ecouteurs-sport-ksix-sport-buds-2-700-mah\/","og_site_name":"Tupique","article_modified_time":"2026-05-15T20:51:55+00:00","og_image":[{"width":1200,"height":1200,"url":"https:\/\/tupique.com\/wp-content\/uploads\/2026\/05\/8427542116464_S1905607_P03.jpg","type":"image\/jpeg"}],"twitter_card":"summary_large_image","schema":{"@context":"https:\/\/schema.org","@graph":[{"@type":"WebPage","@id":"https:\/\/tupique.com\/product\/ecouteurs-sport-ksix-sport-buds-2-700-mah\/","url":"https:\/\/tupique.com\/product\/ecouteurs-sport-ksix-sport-buds-2-700-mah\/","name":"\u00c9couteurs Sport KSIX Sport Buds 2 700 mAh | | Tupique","isPartOf":{"@id":"https:\/\/tupique.com\/#website"},"primaryImageOfPage":{"@id":"https:\/\/tupique.com\/product\/ecouteurs-sport-ksix-sport-buds-2-700-mah\/#primaryimage"},"image":{"@id":"https:\/\/tupique.com\/product\/ecouteurs-sport-ksix-sport-buds-2-700-mah\/#primaryimage"},"thumbnailUrl":"https:\/\/tupique.com\/wp-content\/uploads\/2026\/05\/8427542116464_S1905607_P03.jpg","datePublished":"2026-05-15T13:23:12+00:00","dateModified":"2026-05-15T20:51:55+00:00","description":"Envie d'acheter \u00c9couteurs Sport KSIX Sport Buds 2 700 mAh\u00a0? Achetez \u00c9couteurs Sport KSIX Sport Buds 2 700 mAh maintenant avec Tupique en 3 versements sans int\u00e9r\u00eat.","breadcrumb":{"@id":"https:\/\/tupique.com\/product\/ecouteurs-sport-ksix-sport-buds-2-700-mah\/#breadcrumb"},"inLanguage":"en-GB","potentialAction":[{"@type":"ReadAction","target":["https:\/\/tupique.com\/product\/ecouteurs-sport-ksix-sport-buds-2-700-mah\/"]}]},{"@type":"ImageObject","inLanguage":"en-GB","@id":"https:\/\/tupique.com\/product\/ecouteurs-sport-ksix-sport-buds-2-700-mah\/#primaryimage","url":"https:\/\/tupique.com\/wp-content\/uploads\/2026\/05\/8427542116464_S1905607_P03.jpg","contentUrl":"https:\/\/tupique.com\/wp-content\/uploads\/2026\/05\/8427542116464_S1905607_P03.jpg","width":1200,"height":1200,"caption":"S1905607_0"},{"@type":"BreadcrumbList","@id":"https:\/\/tupique.com\/product\/ecouteurs-sport-ksix-sport-buds-2-700-mah\/#breadcrumb","itemListElement":[{"@type":"ListItem","position":1,"name":"commencer","item":"https:\/\/tupique.com\/"},{"@type":"ListItem","position":2,"name":"Loja","item":"https:\/\/tupique.com\/pt\/loja\/"},{"@type":"ListItem","position":3,"name":"\u00c9couteurs Sport KSIX Sport Buds 2 700 mAh"}]},{"@type":"WebSite","@id":"https:\/\/tupique.com\/#website","url":"https:\/\/tupique.com\/","name":"Tupique","description":"","publisher":{"@id":"https:\/\/tupique.com\/#organization"},"potentialAction":[{"@type":"SearchAction","target":{"@type":"EntryPoint","urlTemplate":"https:\/\/tupique.com\/?s={search_term_string}"},"query-input":{"@type":"PropertyValueSpecification","valueRequired":true,"valueName":"search_term_string"}}],"inLanguage":"en-GB"},{"@type":"Organization","@id":"https:\/\/tupique.com\/#organization","name":"Tupique","url":"https:\/\/tupique.com\/","logo":{"@type":"ImageObject","inLanguage":"en-GB","@id":"https:\/\/tupique.com\/#\/schema\/logo\/image\/","url":"https:\/\/tupique.com\/wp-content\/uploads\/2026\/03\/logo-tupique-1.webp","contentUrl":"https:\/\/tupique.com\/wp-content\/uploads\/2026\/03\/logo-tupique-1.webp","width":500,"height":67,"caption":"Tupique"},"image":{"@id":"https:\/\/tupique.com\/#\/schema\/logo\/image\/"}}]}},"_links":{"self":[{"href":"https:\/\/tupique.com\/en\/wp-json\/wp\/v2\/product\/223451","targetHints":{"allow":["GET"]}}],"collection":[{"href":"https:\/\/tupique.com\/en\/wp-json\/wp\/v2\/product"}],"about":[{"href":"https:\/\/tupique.com\/en\/wp-json\/wp\/v2\/types\/product"}],"replies":[{"embeddable":true,"href":"https:\/\/tupique.com\/en\/wp-json\/wp\/v2\/comments?post=223451"}],"wp:featuredmedia":[{"embeddable":true,"href":"https:\/\/tupique.com\/en\/wp-json\/wp\/v2\/media\/223434"}],"wp:attachment":[{"href":"https:\/\/tupique.com\/en\/wp-json\/wp\/v2\/media?parent=223451"}],"wp:term":[{"taxonomy":"product_brand","embeddable":true,"href":"https:\/\/tupique.com\/en\/wp-json\/wp\/v2\/product_brand?post=223451"},{"taxonomy":"product_cat","embeddable":true,"href":"https:\/\/tupique.com\/en\/wp-json\/wp\/v2\/product_cat?post=223451"},{"taxonomy":"product_tag","embeddable":true,"href":"https:\/\/tupique.com\/en\/wp-json\/wp\/v2\/product_tag?post=223451"},{"taxonomy":"woo-feed-brand","embeddable":true,"href":"https:\/\/tupique.com\/en\/wp-json\/wp\/v2\/woo-feed-brand?post=223451"}],"curies":[{"name":"wp","href":"https:\/\/api.w.org\/{rel}","templated":true}]}}