{"id":223625,"date":"2026-05-15T15:59:11","date_gmt":"2026-05-15T13:59:11","guid":{"rendered":"https:\/\/tupique.com\/product\/cable-audio-jack-35-mm-startech-mu2mmmswh-blanc\/"},"modified":"2026-05-15T22:21:57","modified_gmt":"2026-05-15T20:21:57","slug":"cable-audio-jack-35-mm-startech-mu2mmmswh-blanc","status":"publish","type":"product","link":"https:\/\/tupique.com\/en\/product\/cable-audio-jack-35-mm-startech-mu2mmmswh-blanc\/","title":{"rendered":"C\u00e2ble Audio Jack (3,5 mm) Startech MU2MMMSWH Blanc"},"content":{"rendered":"<p>Si vous \u00eates passionn\u00e9 d&#8217;<b>informatique et d&#8217;\u00e9lectronique<\/b>, si vous \u00eates \u00e0 la pointe de la technologie et qu&#8217;aucun d\u00e9tail ne vous \u00e9chappe, achetez <b>C\u00e2ble Audio Jack (3,5 mm) Startech MU2MMMSWH Blanc<\/b> au meilleur prix.<\/p>\n<p>The <b>c\u00e2ble audio Jack 3,5 mm MU2MMMSWH<\/b> de Startech est un accessoire con\u00e7u pour connecter des appareils portables \u00e0 des syst\u00e8mes audio domestiques ou automobiles, offrant une transmission sonore st\u00e9r\u00e9o claire et fiable. Ce c\u00e2ble se distingue par sa <b>longueur de 2 m\u00e8tres<\/b>, offrant flexibilit\u00e9 et confort pour connecter des appareils comme iPod\u00ae, iPhone\u00ae, iPad\u00ae ou lecteurs MP3 avec entr\u00e9e audio 3,5 mm \u00e0 des cha\u00eenes hi-fi ou enceintes externes. Il est fabriqu\u00e9 en <b>couleur blanche<\/b> et rev\u00eatu de <b>PVC<\/b>, un mat\u00e9riau r\u00e9sistant qui assure durabilit\u00e9 et flexibilit\u00e9, avec une finition propre et discr\u00e8te s\u2019int\u00e9grant facilement \u00e0 tout environnement. Il dispose de connecteurs <b>Jack 3,5 mm m\u00e2le \u00e0 m\u00e2le<\/b>, avec contacts plaqu\u00e9s or pour optimiser la conductivit\u00e9 et r\u00e9duire la perte de signal, garantissant une qualit\u00e9 audio sup\u00e9rieure. Son design fin et la m\u00e9thode de moulage des connecteurs permettent une connexion confortable et s\u00e9curis\u00e9e, m\u00eame si l\u2019appareil est prot\u00e9g\u00e9 par une coque, facilitant l\u2019acc\u00e8s \u00e0 la prise casque sans obstacle. Ce c\u00e2ble supporte jusqu\u2019\u00e0 <b>240 V<\/b> et utilise un calibre AWG 30, adapt\u00e9 pour pr\u00e9server l\u2019int\u00e9grit\u00e9 du signal sur la longueur sp\u00e9cifi\u00e9e sans interf\u00e9rences. En r\u00e9sum\u00e9, le MU2MMMSWH de Startech est une solution pratique et efficace pour \u00e9tendre et connecter l\u2019audio st\u00e9r\u00e9o portable \u00e0 des \u00e9quipements sonores, alliant fonctionnalit\u00e9, qualit\u00e9 des mat\u00e9riaux et design pens\u00e9 pour un usage quotidien.<\/p>\n<ul>\n<li>Mati\u00e8re:\n<ul>\n<li>PVC<\/li>\n<li>Or<\/li>\n<\/ul>\n<\/li>\n<li>Type:\n<ul>\n<li>Prise Jack<\/li>\n<li>Prise M\u00e2le<\/li>\n<li>Prise M\u00e2le\/Prise M\u00e2le<\/li>\n<\/ul>\n<\/li>\n<li>Couleur: Blanc<\/li>\n<li>Tension: 240 V<\/li>\n<li>Longueur du c\u00e2ble: 2 m<\/li>\n<li>Connexions: Jack 3.5 mm<\/li>\n<li>Compatible: Smartphone<\/li>\n<li>Caract\u00e9ristiques: Plug and play<\/li>\n<li>Certificat: RoHS<\/li>\n<li>Facteur de forme: Straight<\/li>\n<\/ul>","protected":false},"excerpt":{"rendered":"<p><span class=\"unit-info\">7.9950 &euro; \/ 1 m<\/span><\/p>","protected":false},"featured_media":223623,"comment_status":"open","ping_status":"closed","template":"","meta":[],"product_brand":[634],"product_cat":[596,589,65],"product_tag":[210],"woo-feed-brand":[],"class_list":{"0":"post-223625","1":"product","2":"type-product","3":"status-publish","4":"has-post-thumbnail","6":"product_brand-brandp_4771","7":"product_cat-cables-audio-et-video","8":"product_cat-electronique-television","9":"product_cat-informatique-electronique","10":"product_tag-tag_25","12":"first","13":"instock","14":"taxable","15":"shipping-taxable","16":"purchasable","17":"product-type-simple"},"yoast_head":"<!-- This site is optimized with the Yoast SEO plugin v27.6 - https:\/\/yoast.com\/product\/yoast-seo-wordpress\/ -->\n<title>C\u00e2ble Audio Jack (3,5 mm) Startech MU2MMMSWH Blanc | | Tupique<\/title>\n<meta name=\"description\" content=\"Envie d&#039;acheter C\u00e2ble Audio Jack (3,5 mm) Startech MU2MMMSWH Blanc\u00a0? Achetez C\u00e2ble Audio Jack (3,5 mm) Startech MU2MMMSWH Blanc maintenant avec Tupique en 3 versements sans int\u00e9r\u00eat.\" \/>\n<meta name=\"robots\" content=\"index, follow, max-snippet:-1, max-image-preview:large, max-video-preview:-1\" \/>\n<link rel=\"canonical\" href=\"https:\/\/tupique.com\/en\/product\/cable-audio-jack-35-mm-startech-mu2mmmswh-blanc\/\" \/>\n<meta property=\"og:locale\" content=\"en_GB\" \/>\n<meta property=\"og:type\" content=\"article\" \/>\n<meta property=\"og:title\" content=\"C\u00e2ble Audio Jack (3,5 mm) Startech MU2MMMSWH Blanc | | Tupique\" \/>\n<meta property=\"og:description\" content=\"Envie d&#039;acheter C\u00e2ble Audio Jack (3,5 mm) Startech MU2MMMSWH Blanc\u00a0? Achetez C\u00e2ble Audio Jack (3,5 mm) Startech MU2MMMSWH Blanc maintenant avec Tupique en 3 versements sans int\u00e9r\u00eat.\" \/>\n<meta property=\"og:url\" content=\"https:\/\/tupique.com\/en\/product\/cable-audio-jack-35-mm-startech-mu2mmmswh-blanc\/\" \/>\n<meta property=\"og:site_name\" content=\"Tupique\" \/>\n<meta property=\"article:modified_time\" content=\"2026-05-15T20:21:57+00:00\" \/>\n<meta property=\"og:image\" content=\"https:\/\/tupique.com\/wp-content\/uploads\/2026\/05\/352191063.jpg\" \/>\n\t<meta property=\"og:image:width\" content=\"1200\" \/>\n\t<meta property=\"og:image:height\" content=\"1200\" \/>\n\t<meta property=\"og:image:type\" content=\"image\/jpeg\" \/>\n<meta name=\"twitter:card\" content=\"summary_large_image\" \/>\n<meta name=\"twitter:label1\" content=\"Est. reading time\" \/>\n\t<meta name=\"twitter:data1\" content=\"2 minutes\" \/>\n<script type=\"application\/ld+json\" class=\"yoast-schema-graph\">{\"@context\":\"https:\\\/\\\/schema.org\",\"@graph\":[{\"@type\":\"WebPage\",\"@id\":\"https:\\\/\\\/tupique.com\\\/product\\\/cable-audio-jack-35-mm-startech-mu2mmmswh-blanc\\\/\",\"url\":\"https:\\\/\\\/tupique.com\\\/product\\\/cable-audio-jack-35-mm-startech-mu2mmmswh-blanc\\\/\",\"name\":\"C\u00e2ble Audio Jack (3,5 mm) Startech MU2MMMSWH Blanc | | Tupique\",\"isPartOf\":{\"@id\":\"https:\\\/\\\/tupique.com\\\/#website\"},\"primaryImageOfPage\":{\"@id\":\"https:\\\/\\\/tupique.com\\\/product\\\/cable-audio-jack-35-mm-startech-mu2mmmswh-blanc\\\/#primaryimage\"},\"image\":{\"@id\":\"https:\\\/\\\/tupique.com\\\/product\\\/cable-audio-jack-35-mm-startech-mu2mmmswh-blanc\\\/#primaryimage\"},\"thumbnailUrl\":\"https:\\\/\\\/tupique.com\\\/wp-content\\\/uploads\\\/2026\\\/05\\\/352191063.jpg\",\"datePublished\":\"2026-05-15T13:59:11+00:00\",\"dateModified\":\"2026-05-15T20:21:57+00:00\",\"description\":\"Envie d'acheter C\u00e2ble Audio Jack (3,5 mm) Startech MU2MMMSWH Blanc\u00a0? Achetez C\u00e2ble Audio Jack (3,5 mm) Startech MU2MMMSWH Blanc maintenant avec Tupique en 3 versements sans int\u00e9r\u00eat.\",\"breadcrumb\":{\"@id\":\"https:\\\/\\\/tupique.com\\\/product\\\/cable-audio-jack-35-mm-startech-mu2mmmswh-blanc\\\/#breadcrumb\"},\"inLanguage\":\"en-GB\",\"potentialAction\":[{\"@type\":\"ReadAction\",\"target\":[\"https:\\\/\\\/tupique.com\\\/product\\\/cable-audio-jack-35-mm-startech-mu2mmmswh-blanc\\\/\"]}]},{\"@type\":\"ImageObject\",\"inLanguage\":\"en-GB\",\"@id\":\"https:\\\/\\\/tupique.com\\\/product\\\/cable-audio-jack-35-mm-startech-mu2mmmswh-blanc\\\/#primaryimage\",\"url\":\"https:\\\/\\\/tupique.com\\\/wp-content\\\/uploads\\\/2026\\\/05\\\/352191063.jpg\",\"contentUrl\":\"https:\\\/\\\/tupique.com\\\/wp-content\\\/uploads\\\/2026\\\/05\\\/352191063.jpg\",\"width\":1200,\"height\":1200,\"caption\":\"S55057140_0\"},{\"@type\":\"BreadcrumbList\",\"@id\":\"https:\\\/\\\/tupique.com\\\/product\\\/cable-audio-jack-35-mm-startech-mu2mmmswh-blanc\\\/#breadcrumb\",\"itemListElement\":[{\"@type\":\"ListItem\",\"position\":1,\"name\":\"commencer\",\"item\":\"https:\\\/\\\/tupique.com\\\/\"},{\"@type\":\"ListItem\",\"position\":2,\"name\":\"Loja\",\"item\":\"https:\\\/\\\/tupique.com\\\/pt\\\/loja\\\/\"},{\"@type\":\"ListItem\",\"position\":3,\"name\":\"C\u00e2ble Audio Jack (3,5 mm) Startech MU2MMMSWH Blanc\"}]},{\"@type\":\"WebSite\",\"@id\":\"https:\\\/\\\/tupique.com\\\/#website\",\"url\":\"https:\\\/\\\/tupique.com\\\/\",\"name\":\"Tupique\",\"description\":\"\",\"publisher\":{\"@id\":\"https:\\\/\\\/tupique.com\\\/#organization\"},\"potentialAction\":[{\"@type\":\"SearchAction\",\"target\":{\"@type\":\"EntryPoint\",\"urlTemplate\":\"https:\\\/\\\/tupique.com\\\/?s={search_term_string}\"},\"query-input\":{\"@type\":\"PropertyValueSpecification\",\"valueRequired\":true,\"valueName\":\"search_term_string\"}}],\"inLanguage\":\"en-GB\"},{\"@type\":\"Organization\",\"@id\":\"https:\\\/\\\/tupique.com\\\/#organization\",\"name\":\"Tupique\",\"url\":\"https:\\\/\\\/tupique.com\\\/\",\"logo\":{\"@type\":\"ImageObject\",\"inLanguage\":\"en-GB\",\"@id\":\"https:\\\/\\\/tupique.com\\\/#\\\/schema\\\/logo\\\/image\\\/\",\"url\":\"https:\\\/\\\/tupique.com\\\/wp-content\\\/uploads\\\/2026\\\/03\\\/logo-tupique-1.webp\",\"contentUrl\":\"https:\\\/\\\/tupique.com\\\/wp-content\\\/uploads\\\/2026\\\/03\\\/logo-tupique-1.webp\",\"width\":500,\"height\":67,\"caption\":\"Tupique\"},\"image\":{\"@id\":\"https:\\\/\\\/tupique.com\\\/#\\\/schema\\\/logo\\\/image\\\/\"}}]}<\/script>\n<!-- \/ Yoast SEO plugin. -->","yoast_head_json":{"title":"C\u00e2ble Audio Jack (3,5 mm) Startech MU2MMMSWH Blanc | | Tupique","description":"Envie d'acheter C\u00e2ble Audio Jack (3,5 mm) Startech MU2MMMSWH Blanc\u00a0? Achetez C\u00e2ble Audio Jack (3,5 mm) Startech MU2MMMSWH Blanc maintenant avec Tupique en 3 versements sans int\u00e9r\u00eat.","robots":{"index":"index","follow":"follow","max-snippet":"max-snippet:-1","max-image-preview":"max-image-preview:large","max-video-preview":"max-video-preview:-1"},"canonical":"https:\/\/tupique.com\/en\/product\/cable-audio-jack-35-mm-startech-mu2mmmswh-blanc\/","og_locale":"en_GB","og_type":"article","og_title":"C\u00e2ble Audio Jack (3,5 mm) Startech MU2MMMSWH Blanc | | Tupique","og_description":"Envie d'acheter C\u00e2ble Audio Jack (3,5 mm) Startech MU2MMMSWH Blanc\u00a0? Achetez C\u00e2ble Audio Jack (3,5 mm) Startech MU2MMMSWH Blanc maintenant avec Tupique en 3 versements sans int\u00e9r\u00eat.","og_url":"https:\/\/tupique.com\/en\/product\/cable-audio-jack-35-mm-startech-mu2mmmswh-blanc\/","og_site_name":"Tupique","article_modified_time":"2026-05-15T20:21:57+00:00","og_image":[{"width":1200,"height":1200,"url":"https:\/\/tupique.com\/wp-content\/uploads\/2026\/05\/352191063.jpg","type":"image\/jpeg"}],"twitter_card":"summary_large_image","twitter_misc":{"Est. reading time":"2 minutes"},"schema":{"@context":"https:\/\/schema.org","@graph":[{"@type":"WebPage","@id":"https:\/\/tupique.com\/product\/cable-audio-jack-35-mm-startech-mu2mmmswh-blanc\/","url":"https:\/\/tupique.com\/product\/cable-audio-jack-35-mm-startech-mu2mmmswh-blanc\/","name":"C\u00e2ble Audio Jack (3,5 mm) Startech MU2MMMSWH Blanc | | Tupique","isPartOf":{"@id":"https:\/\/tupique.com\/#website"},"primaryImageOfPage":{"@id":"https:\/\/tupique.com\/product\/cable-audio-jack-35-mm-startech-mu2mmmswh-blanc\/#primaryimage"},"image":{"@id":"https:\/\/tupique.com\/product\/cable-audio-jack-35-mm-startech-mu2mmmswh-blanc\/#primaryimage"},"thumbnailUrl":"https:\/\/tupique.com\/wp-content\/uploads\/2026\/05\/352191063.jpg","datePublished":"2026-05-15T13:59:11+00:00","dateModified":"2026-05-15T20:21:57+00:00","description":"Envie d'acheter C\u00e2ble Audio Jack (3,5 mm) Startech MU2MMMSWH Blanc\u00a0? Achetez C\u00e2ble Audio Jack (3,5 mm) Startech MU2MMMSWH Blanc maintenant avec Tupique en 3 versements sans int\u00e9r\u00eat.","breadcrumb":{"@id":"https:\/\/tupique.com\/product\/cable-audio-jack-35-mm-startech-mu2mmmswh-blanc\/#breadcrumb"},"inLanguage":"en-GB","potentialAction":[{"@type":"ReadAction","target":["https:\/\/tupique.com\/product\/cable-audio-jack-35-mm-startech-mu2mmmswh-blanc\/"]}]},{"@type":"ImageObject","inLanguage":"en-GB","@id":"https:\/\/tupique.com\/product\/cable-audio-jack-35-mm-startech-mu2mmmswh-blanc\/#primaryimage","url":"https:\/\/tupique.com\/wp-content\/uploads\/2026\/05\/352191063.jpg","contentUrl":"https:\/\/tupique.com\/wp-content\/uploads\/2026\/05\/352191063.jpg","width":1200,"height":1200,"caption":"S55057140_0"},{"@type":"BreadcrumbList","@id":"https:\/\/tupique.com\/product\/cable-audio-jack-35-mm-startech-mu2mmmswh-blanc\/#breadcrumb","itemListElement":[{"@type":"ListItem","position":1,"name":"commencer","item":"https:\/\/tupique.com\/"},{"@type":"ListItem","position":2,"name":"Loja","item":"https:\/\/tupique.com\/pt\/loja\/"},{"@type":"ListItem","position":3,"name":"C\u00e2ble Audio Jack (3,5 mm) Startech MU2MMMSWH Blanc"}]},{"@type":"WebSite","@id":"https:\/\/tupique.com\/#website","url":"https:\/\/tupique.com\/","name":"Tupique","description":"","publisher":{"@id":"https:\/\/tupique.com\/#organization"},"potentialAction":[{"@type":"SearchAction","target":{"@type":"EntryPoint","urlTemplate":"https:\/\/tupique.com\/?s={search_term_string}"},"query-input":{"@type":"PropertyValueSpecification","valueRequired":true,"valueName":"search_term_string"}}],"inLanguage":"en-GB"},{"@type":"Organization","@id":"https:\/\/tupique.com\/#organization","name":"Tupique","url":"https:\/\/tupique.com\/","logo":{"@type":"ImageObject","inLanguage":"en-GB","@id":"https:\/\/tupique.com\/#\/schema\/logo\/image\/","url":"https:\/\/tupique.com\/wp-content\/uploads\/2026\/03\/logo-tupique-1.webp","contentUrl":"https:\/\/tupique.com\/wp-content\/uploads\/2026\/03\/logo-tupique-1.webp","width":500,"height":67,"caption":"Tupique"},"image":{"@id":"https:\/\/tupique.com\/#\/schema\/logo\/image\/"}}]}},"_links":{"self":[{"href":"https:\/\/tupique.com\/en\/wp-json\/wp\/v2\/product\/223625","targetHints":{"allow":["GET"]}}],"collection":[{"href":"https:\/\/tupique.com\/en\/wp-json\/wp\/v2\/product"}],"about":[{"href":"https:\/\/tupique.com\/en\/wp-json\/wp\/v2\/types\/product"}],"replies":[{"embeddable":true,"href":"https:\/\/tupique.com\/en\/wp-json\/wp\/v2\/comments?post=223625"}],"wp:featuredmedia":[{"embeddable":true,"href":"https:\/\/tupique.com\/en\/wp-json\/wp\/v2\/media\/223623"}],"wp:attachment":[{"href":"https:\/\/tupique.com\/en\/wp-json\/wp\/v2\/media?parent=223625"}],"wp:term":[{"taxonomy":"product_brand","embeddable":true,"href":"https:\/\/tupique.com\/en\/wp-json\/wp\/v2\/product_brand?post=223625"},{"taxonomy":"product_cat","embeddable":true,"href":"https:\/\/tupique.com\/en\/wp-json\/wp\/v2\/product_cat?post=223625"},{"taxonomy":"product_tag","embeddable":true,"href":"https:\/\/tupique.com\/en\/wp-json\/wp\/v2\/product_tag?post=223625"},{"taxonomy":"woo-feed-brand","embeddable":true,"href":"https:\/\/tupique.com\/en\/wp-json\/wp\/v2\/woo-feed-brand?post=223625"}],"curies":[{"name":"wp","href":"https:\/\/api.w.org\/{rel}","templated":true}]}}