{"id":223629,"date":"2026-05-15T15:59:21","date_gmt":"2026-05-15T13:59:21","guid":{"rendered":"https:\/\/tupique.com\/product\/cable-rallonge-jack-35-mm-startech-muhsmf2m-2-m\/"},"modified":"2026-05-15T15:59:21","modified_gmt":"2026-05-15T13:59:21","slug":"cable-rallonge-jack-35-mm-startech-muhsmf2m-2-m","status":"publish","type":"product","link":"https:\/\/tupique.com\/en\/product\/cable-rallonge-jack-35-mm-startech-muhsmf2m-2-m\/","title":{"rendered":"C\u00e2ble Rallonge Jack (3,5 mm) Startech MUHSMF2M 2 m"},"content":{"rendered":"<p>Si vous \u00eates passionn\u00e9 d&#8217;<b>informatique et d&#8217;\u00e9lectronique<\/b>, si vous \u00eates \u00e0 la pointe de la technologie et qu&#8217;aucun d\u00e9tail ne vous \u00e9chappe, achetez <b>C\u00e2ble Rallonge Jack (3,5 mm) Startech MUHSMF2M 2 m<\/b> au meilleur prix.<\/p>\n<p>The <b>mod\u00e8le MUHSMF2M<\/b> of <b>Startech<\/b> est un <b>c\u00e2ble rallonge jack 3,5 mm<\/b> con\u00e7u pour \u00e9tendre la distance de connexion entre casques et appareils tels que iPhone, t\u00e9l\u00e9phones mobiles et ordinateurs. Avec une <b>longueur de 2 m\u00e8tres<\/b>, ce c\u00e2ble offre une solution pratique pour les utilisateurs n\u00e9cessitant plus de mobilit\u00e9 sans sacrifier la qualit\u00e9 audio. Il est \u00e9quip\u00e9 de connecteurs <b>Jack 3,5 mm 4 p\u00f4les (TRRS)<\/b>, un m\u00e2le et un femelle, compatibles avec les casques mains libres et les commandes en ligne, bien que l\u2019utilisation avec t\u00e9l\u00e9commandes puisse varier selon la sensibilit\u00e9 du mat\u00e9riel. Fabriqu\u00e9 avec des mat\u00e9riaux robustes, son rev\u00eatement en <b>PVC noir<\/b> et ses connecteurs plaqu\u00e9s <b>nickel<\/b> garantissent durabilit\u00e9 et r\u00e9sistance \u00e0 l\u2019usure ainsi qu\u2019aux interf\u00e9rences potentielles. De plus, il dispose d\u2019un syst\u00e8me de <b>relief de tension moul\u00e9<\/b> sur chaque connecteur pour \u00e9viter les plis aigus qui endommageraient le c\u00e2ble sur le long terme, assurant ainsi une performance stable et durable. Ce c\u00e2ble rallonge est id\u00e9al pour ceux qui doivent \u00e9tendre la port\u00e9e de leurs casques \u00e0 connexion analogique classique, en pr\u00e9servant l\u2019int\u00e9grit\u00e9 du son et facilitant l\u2019usage dans des environnements o\u00f9 la proximit\u00e9 de l\u2019appareil est limit\u00e9e. En r\u00e9sum\u00e9, le Startech MUHSMF2M offre une extension fiable et de qualit\u00e9 pour les connexions audio 3,5 mm, alliant fonctionnalit\u00e9 et robustesse dans un accessoire essentiel pour \u00e9quipements avec jack audiovisuel standard.<\/p>\n<ul>\n<li>Mati\u00e8re: PVC<\/li>\n<li>Type:\n<ul>\n<li>Prise Femelle<\/li>\n<li>Prise M\u00e2le<\/li>\n<li>Avec fil<\/li>\n<li>Prise M\u00e2le\/Prise Femelle<\/li>\n<\/ul>\n<\/li>\n<li>Couleur: Noir<\/li>\n<li>Finition: nickel<\/li>\n<li>Longueur du c\u00e2ble: 2 m<\/li>\n<li>Connexions: Jack 3.5 mm<\/li>\n<li>Caract\u00e9ristiques: Plug and play<\/li>\n<li>Facteur de forme: Straight<\/li>\n<\/ul>","protected":false},"excerpt":{"rendered":"<p><span class=\"unit-info\">9.9950 &euro; \/ 1 m<\/span><\/p>","protected":false},"featured_media":223626,"comment_status":"open","ping_status":"closed","template":"","meta":[],"product_brand":[634],"product_cat":[596,589,65],"product_tag":[210],"woo-feed-brand":[],"class_list":{"0":"post-223629","1":"product","2":"type-product","3":"status-publish","4":"has-post-thumbnail","6":"product_brand-brandp_4771","7":"product_cat-cables-audio-et-video","8":"product_cat-electronique-television","9":"product_cat-informatique-electronique","10":"product_tag-tag_25","12":"first","13":"instock","14":"taxable","15":"shipping-taxable","16":"purchasable","17":"product-type-simple"},"yoast_head":"<!-- This site is optimized with the Yoast SEO plugin v27.6 - https:\/\/yoast.com\/product\/yoast-seo-wordpress\/ -->\n<title>C\u00e2ble Rallonge Jack (3,5 mm) Startech MUHSMF2M 2 m | | Tupique<\/title>\n<meta name=\"description\" content=\"Envie d&#039;acheter C\u00e2ble Rallonge Jack (3,5 mm) Startech MUHSMF2M 2 m\u00a0? Achetez C\u00e2ble Rallonge Jack (3,5 mm) Startech MUHSMF2M 2 m maintenant avec Tupique en 3 versements sans int\u00e9r\u00eat.\" \/>\n<meta name=\"robots\" content=\"index, follow, max-snippet:-1, max-image-preview:large, max-video-preview:-1\" \/>\n<link rel=\"canonical\" href=\"https:\/\/tupique.com\/en\/product\/cable-rallonge-jack-35-mm-startech-muhsmf2m-2-m\/\" \/>\n<meta property=\"og:locale\" content=\"en_GB\" \/>\n<meta property=\"og:type\" content=\"article\" \/>\n<meta property=\"og:title\" content=\"C\u00e2ble Rallonge Jack (3,5 mm) Startech MUHSMF2M 2 m | | Tupique\" \/>\n<meta property=\"og:description\" content=\"Envie d&#039;acheter C\u00e2ble Rallonge Jack (3,5 mm) Startech MUHSMF2M 2 m\u00a0? Achetez C\u00e2ble Rallonge Jack (3,5 mm) Startech MUHSMF2M 2 m maintenant avec Tupique en 3 versements sans int\u00e9r\u00eat.\" \/>\n<meta property=\"og:url\" content=\"https:\/\/tupique.com\/en\/product\/cable-rallonge-jack-35-mm-startech-muhsmf2m-2-m\/\" \/>\n<meta property=\"og:site_name\" content=\"Tupique\" \/>\n<meta name=\"twitter:card\" content=\"summary_large_image\" \/>\n<meta name=\"twitter:label1\" content=\"Est. reading time\" \/>\n\t<meta name=\"twitter:data1\" content=\"2 minutes\" \/>\n<script type=\"application\/ld+json\" class=\"yoast-schema-graph\">{\"@context\":\"https:\\\/\\\/schema.org\",\"@graph\":[{\"@type\":\"WebPage\",\"@id\":\"https:\\\/\\\/tupique.com\\\/product\\\/cable-rallonge-jack-35-mm-startech-muhsmf2m-2-m\\\/\",\"url\":\"https:\\\/\\\/tupique.com\\\/product\\\/cable-rallonge-jack-35-mm-startech-muhsmf2m-2-m\\\/\",\"name\":\"C\u00e2ble Rallonge Jack (3,5 mm) Startech MUHSMF2M 2 m | | Tupique\",\"isPartOf\":{\"@id\":\"https:\\\/\\\/tupique.com\\\/#website\"},\"primaryImageOfPage\":{\"@id\":\"https:\\\/\\\/tupique.com\\\/product\\\/cable-rallonge-jack-35-mm-startech-muhsmf2m-2-m\\\/#primaryimage\"},\"image\":{\"@id\":\"https:\\\/\\\/tupique.com\\\/product\\\/cable-rallonge-jack-35-mm-startech-muhsmf2m-2-m\\\/#primaryimage\"},\"thumbnailUrl\":\"https:\\\/\\\/tupique.com\\\/wp-content\\\/uploads\\\/2026\\\/05\\\/147296523.jpg\",\"datePublished\":\"2026-05-15T13:59:21+00:00\",\"description\":\"Envie d'acheter C\u00e2ble Rallonge Jack (3,5 mm) Startech MUHSMF2M 2 m\u00a0? Achetez C\u00e2ble Rallonge Jack (3,5 mm) Startech MUHSMF2M 2 m maintenant avec Tupique en 3 versements sans int\u00e9r\u00eat.\",\"breadcrumb\":{\"@id\":\"https:\\\/\\\/tupique.com\\\/product\\\/cable-rallonge-jack-35-mm-startech-muhsmf2m-2-m\\\/#breadcrumb\"},\"inLanguage\":\"en-GB\",\"potentialAction\":[{\"@type\":\"ReadAction\",\"target\":[\"https:\\\/\\\/tupique.com\\\/product\\\/cable-rallonge-jack-35-mm-startech-muhsmf2m-2-m\\\/\"]}]},{\"@type\":\"ImageObject\",\"inLanguage\":\"en-GB\",\"@id\":\"https:\\\/\\\/tupique.com\\\/product\\\/cable-rallonge-jack-35-mm-startech-muhsmf2m-2-m\\\/#primaryimage\",\"url\":\"https:\\\/\\\/tupique.com\\\/wp-content\\\/uploads\\\/2026\\\/05\\\/147296523.jpg\",\"contentUrl\":\"https:\\\/\\\/tupique.com\\\/wp-content\\\/uploads\\\/2026\\\/05\\\/147296523.jpg\",\"width\":1200,\"height\":1200,\"caption\":\"S55056965_0\"},{\"@type\":\"BreadcrumbList\",\"@id\":\"https:\\\/\\\/tupique.com\\\/product\\\/cable-rallonge-jack-35-mm-startech-muhsmf2m-2-m\\\/#breadcrumb\",\"itemListElement\":[{\"@type\":\"ListItem\",\"position\":1,\"name\":\"commencer\",\"item\":\"https:\\\/\\\/tupique.com\\\/\"},{\"@type\":\"ListItem\",\"position\":2,\"name\":\"Loja\",\"item\":\"https:\\\/\\\/tupique.com\\\/pt\\\/loja\\\/\"},{\"@type\":\"ListItem\",\"position\":3,\"name\":\"C\u00e2ble Rallonge Jack (3,5 mm) Startech MUHSMF2M 2 m\"}]},{\"@type\":\"WebSite\",\"@id\":\"https:\\\/\\\/tupique.com\\\/#website\",\"url\":\"https:\\\/\\\/tupique.com\\\/\",\"name\":\"Tupique\",\"description\":\"\",\"publisher\":{\"@id\":\"https:\\\/\\\/tupique.com\\\/#organization\"},\"potentialAction\":[{\"@type\":\"SearchAction\",\"target\":{\"@type\":\"EntryPoint\",\"urlTemplate\":\"https:\\\/\\\/tupique.com\\\/?s={search_term_string}\"},\"query-input\":{\"@type\":\"PropertyValueSpecification\",\"valueRequired\":true,\"valueName\":\"search_term_string\"}}],\"inLanguage\":\"en-GB\"},{\"@type\":\"Organization\",\"@id\":\"https:\\\/\\\/tupique.com\\\/#organization\",\"name\":\"Tupique\",\"url\":\"https:\\\/\\\/tupique.com\\\/\",\"logo\":{\"@type\":\"ImageObject\",\"inLanguage\":\"en-GB\",\"@id\":\"https:\\\/\\\/tupique.com\\\/#\\\/schema\\\/logo\\\/image\\\/\",\"url\":\"https:\\\/\\\/tupique.com\\\/wp-content\\\/uploads\\\/2026\\\/03\\\/logo-tupique-1.webp\",\"contentUrl\":\"https:\\\/\\\/tupique.com\\\/wp-content\\\/uploads\\\/2026\\\/03\\\/logo-tupique-1.webp\",\"width\":500,\"height\":67,\"caption\":\"Tupique\"},\"image\":{\"@id\":\"https:\\\/\\\/tupique.com\\\/#\\\/schema\\\/logo\\\/image\\\/\"}}]}<\/script>\n<!-- \/ Yoast SEO plugin. -->","yoast_head_json":{"title":"C\u00e2ble Rallonge Jack (3,5 mm) Startech MUHSMF2M 2 m | | Tupique","description":"Envie d'acheter C\u00e2ble Rallonge Jack (3,5 mm) Startech MUHSMF2M 2 m\u00a0? Achetez C\u00e2ble Rallonge Jack (3,5 mm) Startech MUHSMF2M 2 m maintenant avec Tupique en 3 versements sans int\u00e9r\u00eat.","robots":{"index":"index","follow":"follow","max-snippet":"max-snippet:-1","max-image-preview":"max-image-preview:large","max-video-preview":"max-video-preview:-1"},"canonical":"https:\/\/tupique.com\/en\/product\/cable-rallonge-jack-35-mm-startech-muhsmf2m-2-m\/","og_locale":"en_GB","og_type":"article","og_title":"C\u00e2ble Rallonge Jack (3,5 mm) Startech MUHSMF2M 2 m | | Tupique","og_description":"Envie d'acheter C\u00e2ble Rallonge Jack (3,5 mm) Startech MUHSMF2M 2 m\u00a0? Achetez C\u00e2ble Rallonge Jack (3,5 mm) Startech MUHSMF2M 2 m maintenant avec Tupique en 3 versements sans int\u00e9r\u00eat.","og_url":"https:\/\/tupique.com\/en\/product\/cable-rallonge-jack-35-mm-startech-muhsmf2m-2-m\/","og_site_name":"Tupique","twitter_card":"summary_large_image","twitter_misc":{"Est. reading time":"2 minutes"},"schema":{"@context":"https:\/\/schema.org","@graph":[{"@type":"WebPage","@id":"https:\/\/tupique.com\/product\/cable-rallonge-jack-35-mm-startech-muhsmf2m-2-m\/","url":"https:\/\/tupique.com\/product\/cable-rallonge-jack-35-mm-startech-muhsmf2m-2-m\/","name":"C\u00e2ble Rallonge Jack (3,5 mm) Startech MUHSMF2M 2 m | | Tupique","isPartOf":{"@id":"https:\/\/tupique.com\/#website"},"primaryImageOfPage":{"@id":"https:\/\/tupique.com\/product\/cable-rallonge-jack-35-mm-startech-muhsmf2m-2-m\/#primaryimage"},"image":{"@id":"https:\/\/tupique.com\/product\/cable-rallonge-jack-35-mm-startech-muhsmf2m-2-m\/#primaryimage"},"thumbnailUrl":"https:\/\/tupique.com\/wp-content\/uploads\/2026\/05\/147296523.jpg","datePublished":"2026-05-15T13:59:21+00:00","description":"Envie d'acheter C\u00e2ble Rallonge Jack (3,5 mm) Startech MUHSMF2M 2 m\u00a0? Achetez C\u00e2ble Rallonge Jack (3,5 mm) Startech MUHSMF2M 2 m maintenant avec Tupique en 3 versements sans int\u00e9r\u00eat.","breadcrumb":{"@id":"https:\/\/tupique.com\/product\/cable-rallonge-jack-35-mm-startech-muhsmf2m-2-m\/#breadcrumb"},"inLanguage":"en-GB","potentialAction":[{"@type":"ReadAction","target":["https:\/\/tupique.com\/product\/cable-rallonge-jack-35-mm-startech-muhsmf2m-2-m\/"]}]},{"@type":"ImageObject","inLanguage":"en-GB","@id":"https:\/\/tupique.com\/product\/cable-rallonge-jack-35-mm-startech-muhsmf2m-2-m\/#primaryimage","url":"https:\/\/tupique.com\/wp-content\/uploads\/2026\/05\/147296523.jpg","contentUrl":"https:\/\/tupique.com\/wp-content\/uploads\/2026\/05\/147296523.jpg","width":1200,"height":1200,"caption":"S55056965_0"},{"@type":"BreadcrumbList","@id":"https:\/\/tupique.com\/product\/cable-rallonge-jack-35-mm-startech-muhsmf2m-2-m\/#breadcrumb","itemListElement":[{"@type":"ListItem","position":1,"name":"commencer","item":"https:\/\/tupique.com\/"},{"@type":"ListItem","position":2,"name":"Loja","item":"https:\/\/tupique.com\/pt\/loja\/"},{"@type":"ListItem","position":3,"name":"C\u00e2ble Rallonge Jack (3,5 mm) Startech MUHSMF2M 2 m"}]},{"@type":"WebSite","@id":"https:\/\/tupique.com\/#website","url":"https:\/\/tupique.com\/","name":"Tupique","description":"","publisher":{"@id":"https:\/\/tupique.com\/#organization"},"potentialAction":[{"@type":"SearchAction","target":{"@type":"EntryPoint","urlTemplate":"https:\/\/tupique.com\/?s={search_term_string}"},"query-input":{"@type":"PropertyValueSpecification","valueRequired":true,"valueName":"search_term_string"}}],"inLanguage":"en-GB"},{"@type":"Organization","@id":"https:\/\/tupique.com\/#organization","name":"Tupique","url":"https:\/\/tupique.com\/","logo":{"@type":"ImageObject","inLanguage":"en-GB","@id":"https:\/\/tupique.com\/#\/schema\/logo\/image\/","url":"https:\/\/tupique.com\/wp-content\/uploads\/2026\/03\/logo-tupique-1.webp","contentUrl":"https:\/\/tupique.com\/wp-content\/uploads\/2026\/03\/logo-tupique-1.webp","width":500,"height":67,"caption":"Tupique"},"image":{"@id":"https:\/\/tupique.com\/#\/schema\/logo\/image\/"}}]}},"_links":{"self":[{"href":"https:\/\/tupique.com\/en\/wp-json\/wp\/v2\/product\/223629","targetHints":{"allow":["GET"]}}],"collection":[{"href":"https:\/\/tupique.com\/en\/wp-json\/wp\/v2\/product"}],"about":[{"href":"https:\/\/tupique.com\/en\/wp-json\/wp\/v2\/types\/product"}],"replies":[{"embeddable":true,"href":"https:\/\/tupique.com\/en\/wp-json\/wp\/v2\/comments?post=223629"}],"wp:featuredmedia":[{"embeddable":true,"href":"https:\/\/tupique.com\/en\/wp-json\/wp\/v2\/media\/223626"}],"wp:attachment":[{"href":"https:\/\/tupique.com\/en\/wp-json\/wp\/v2\/media?parent=223629"}],"wp:term":[{"taxonomy":"product_brand","embeddable":true,"href":"https:\/\/tupique.com\/en\/wp-json\/wp\/v2\/product_brand?post=223629"},{"taxonomy":"product_cat","embeddable":true,"href":"https:\/\/tupique.com\/en\/wp-json\/wp\/v2\/product_cat?post=223629"},{"taxonomy":"product_tag","embeddable":true,"href":"https:\/\/tupique.com\/en\/wp-json\/wp\/v2\/product_tag?post=223629"},{"taxonomy":"woo-feed-brand","embeddable":true,"href":"https:\/\/tupique.com\/en\/wp-json\/wp\/v2\/woo-feed-brand?post=223629"}],"curies":[{"name":"wp","href":"https:\/\/api.w.org\/{rel}","templated":true}]}}