{"id":223698,"date":"2026-05-15T16:15:46","date_gmt":"2026-05-15T14:15:46","guid":{"rendered":"https:\/\/tupique.com\/product\/chargeur-urban-factory-fwc10uf-10w\/"},"modified":"2026-05-15T16:15:46","modified_gmt":"2026-05-15T14:15:46","slug":"chargeur-urban-factory-fwc10uf-10w","status":"publish","type":"product","link":"https:\/\/tupique.com\/en\/product\/chargeur-urban-factory-fwc10uf-10w\/","title":{"rendered":"Chargeur Urban Factory FWC10UF 10W"},"content":{"rendered":"<p>Si vous \u00eates passionn\u00e9 d&#8217;<b>informatique et d&#8217;\u00e9lectronique<\/b>, si vous \u00eates \u00e0 la pointe de la technologie et qu&#8217;aucun d\u00e9tail ne vous \u00e9chappe, achetez <b>Chargeur Urban Factory FWC10UF 10W<\/b> au meilleur prix.<\/p>\n<p>The <b>chargeur sans fil FWC10UF<\/b> of <b>Urban Factory<\/b> est une solution pratique et moderne con\u00e7ue pour la charge rapide et efficace de votre <b>smartphone<\/b> et autres appareils compatibles, gr\u00e2ce \u00e0 sa puissance de <b>10 W<\/b>. Ce mod\u00e8le se distingue par son format compact et fin, facilitant son transport et son utilisation dans tout espace int\u00e9rieur. Il pr\u00e9sente une structure aux tons <b>bleu et noir<\/b>, offrant un design sobre et polyvalent. Son syst\u00e8me de charge est enti\u00e8rement <b>sans fil<\/b>, permettant une connexion sans c\u00e2ble qui am\u00e9liore le confort et \u00e9vite les enchev\u00eatrements. De plus, il int\u00e8gre une base avec une couche en caoutchouc antid\u00e9rapante garantissant la stabilit\u00e9 du t\u00e9l\u00e9phone pendant la charge, \u00e9vitant tout d\u00e9placement accidentel. Il est aliment\u00e9 via <b>USB<\/b> et compatible avec les connexions traditionnelles <b>Micro USB 2.0<\/b>, facilitant son int\u00e9gration avec une large gamme d\u2019appareils. Sa tension d\u2019entr\u00e9e est de <b>9 V<\/b>, adapt\u00e9e \u00e0 une performance efficace sans compromettre la s\u00e9curit\u00e9. Le c\u00e2ble inclus mesure <b>1 m\u00e8tre<\/b>, offrant une distance suffisante pour une utilisation aussi bien \u00e0 domicile qu\u2019au bureau. Ce chargeur sans fil repr\u00e9sente une option fonctionnelle et pratique parmi les accessoires technologiques, id\u00e9ale pour les utilisateurs recherchant un \u00e9quipement fiable alliant performance et design minimaliste. Urban Factory garantit avec ce mod\u00e8le une alternative polyvalente pour la charge quotidienne des appareils \u00e9lectroniques.<\/p>\n<ul>\n<li>Type:\n<ul>\n<li>Induction<\/li>\n<li>Chargeur<\/li>\n<\/ul>\n<\/li>\n<li>Produit \u00e0 brancher: Oui<\/li>\n<li>Type de prise: Prise EU<\/li>\n<li>Connexions:\n<ul>\n<li>Micro USB 2.0<\/li>\n<li>USB<\/li>\n<li>Micro USB<\/li>\n<\/ul>\n<\/li>\n<li>puissance: 10 W<\/li>\n<li>Compatible: Smartphone<\/li>\n<li>Bloc d\u2019Alimentation:\n<ul>\n<li>r\u00e9seau \u00e9lectrique<\/li>\n<li>C\u00e2ble \u00e9lectrique<\/li>\n<li>USB<\/li>\n<\/ul>\n<\/li>\n<li>Couleur:\n<ul>\n<li>Bleu<\/li>\n<li>Noir<\/li>\n<\/ul>\n<\/li>\n<li>Longueur du c\u00e2ble: 1 m<\/li>\n<li>Tension d&#8217;entr\u00e9e AC: 9 V<\/li>\n<li>Tension:\n<ul>\n<li>9 V<\/li>\n<li>5 V<\/li>\n<\/ul>\n<\/li>\n<li>Caract\u00e9ristiques: Chargeur sans fil<\/li>\n<li>Largeur: 10 cm<\/li>\n<li>Amp\u00e9rage: 2,1 A<\/li>\n<\/ul>","protected":false},"excerpt":{"rendered":"<p>Si vous \u00eates passionn\u00e9 d&#8217;informatique et d&#8217;\u00e9lectronique, si vous \u00eates \u00e0 la pointe de la technologie et qu&#8217;aucun d\u00e9tail ne vous \u00e9chappe, achetez Chargeur Urban Factory FWC10UF 10W au meilleur prix. Le chargeur sans fil FWC10UF de Urban Factory est une solution pratique et moderne con\u00e7ue pour la charge rapide et efficace de votre smartphone [&hellip;]<\/p>\n","protected":false},"featured_media":223694,"comment_status":"open","ping_status":"closed","template":"","meta":[],"product_brand":[820],"product_cat":[1539,575,65],"product_tag":[210,566,164],"woo-feed-brand":[],"class_list":{"0":"post-223698","1":"product","2":"type-product","3":"status-publish","4":"has-post-thumbnail","6":"product_brand-brandp_4766","7":"product_cat-banque-d-alimentation","8":"product_cat-electronique-telephonie-et-tablettes","9":"product_cat-informatique-electronique","10":"product_tag-tag_25","11":"product_tag-tag_547","12":"product_tag-tag_152","14":"first","15":"instock","16":"taxable","17":"shipping-taxable","18":"purchasable","19":"product-type-simple"},"yoast_head":"<!-- This site is optimized with the Yoast SEO plugin v27.6 - https:\/\/yoast.com\/product\/yoast-seo-wordpress\/ -->\n<title>Chargeur Urban Factory FWC10UF 10W | | Tupique<\/title>\n<meta name=\"description\" content=\"Envie d&#039;acheter Chargeur Urban Factory FWC10UF 10W\u00a0? Achetez Chargeur Urban Factory FWC10UF 10W maintenant avec Tupique en 3 versements sans int\u00e9r\u00eat.\" \/>\n<meta name=\"robots\" content=\"index, follow, max-snippet:-1, max-image-preview:large, max-video-preview:-1\" \/>\n<link rel=\"canonical\" href=\"https:\/\/tupique.com\/en\/product\/chargeur-urban-factory-fwc10uf-10w\/\" \/>\n<meta property=\"og:locale\" content=\"en_GB\" \/>\n<meta property=\"og:type\" content=\"article\" \/>\n<meta property=\"og:title\" content=\"Chargeur Urban Factory FWC10UF 10W | | Tupique\" \/>\n<meta property=\"og:description\" content=\"Envie d&#039;acheter Chargeur Urban Factory FWC10UF 10W\u00a0? Achetez Chargeur Urban Factory FWC10UF 10W maintenant avec Tupique en 3 versements sans int\u00e9r\u00eat.\" \/>\n<meta property=\"og:url\" content=\"https:\/\/tupique.com\/en\/product\/chargeur-urban-factory-fwc10uf-10w\/\" \/>\n<meta property=\"og:site_name\" content=\"Tupique\" \/>\n<meta name=\"twitter:card\" content=\"summary_large_image\" \/>\n<meta name=\"twitter:label1\" content=\"Est. reading time\" \/>\n\t<meta name=\"twitter:data1\" content=\"2 minutes\" \/>\n<script type=\"application\/ld+json\" class=\"yoast-schema-graph\">{\"@context\":\"https:\\\/\\\/schema.org\",\"@graph\":[{\"@type\":\"WebPage\",\"@id\":\"https:\\\/\\\/tupique.com\\\/product\\\/chargeur-urban-factory-fwc10uf-10w\\\/\",\"url\":\"https:\\\/\\\/tupique.com\\\/product\\\/chargeur-urban-factory-fwc10uf-10w\\\/\",\"name\":\"Chargeur Urban Factory FWC10UF 10W | | Tupique\",\"isPartOf\":{\"@id\":\"https:\\\/\\\/tupique.com\\\/#website\"},\"primaryImageOfPage\":{\"@id\":\"https:\\\/\\\/tupique.com\\\/product\\\/chargeur-urban-factory-fwc10uf-10w\\\/#primaryimage\"},\"image\":{\"@id\":\"https:\\\/\\\/tupique.com\\\/product\\\/chargeur-urban-factory-fwc10uf-10w\\\/#primaryimage\"},\"thumbnailUrl\":\"https:\\\/\\\/tupique.com\\\/wp-content\\\/uploads\\\/2026\\\/05\\\/538328823.jpg\",\"datePublished\":\"2026-05-15T14:15:46+00:00\",\"description\":\"Envie d'acheter Chargeur Urban Factory FWC10UF 10W\u00a0? Achetez Chargeur Urban Factory FWC10UF 10W maintenant avec Tupique en 3 versements sans int\u00e9r\u00eat.\",\"breadcrumb\":{\"@id\":\"https:\\\/\\\/tupique.com\\\/product\\\/chargeur-urban-factory-fwc10uf-10w\\\/#breadcrumb\"},\"inLanguage\":\"en-GB\",\"potentialAction\":[{\"@type\":\"ReadAction\",\"target\":[\"https:\\\/\\\/tupique.com\\\/product\\\/chargeur-urban-factory-fwc10uf-10w\\\/\"]}]},{\"@type\":\"ImageObject\",\"inLanguage\":\"en-GB\",\"@id\":\"https:\\\/\\\/tupique.com\\\/product\\\/chargeur-urban-factory-fwc10uf-10w\\\/#primaryimage\",\"url\":\"https:\\\/\\\/tupique.com\\\/wp-content\\\/uploads\\\/2026\\\/05\\\/538328823.jpg\",\"contentUrl\":\"https:\\\/\\\/tupique.com\\\/wp-content\\\/uploads\\\/2026\\\/05\\\/538328823.jpg\",\"width\":1200,\"height\":1200,\"caption\":\"S55134287_0\"},{\"@type\":\"BreadcrumbList\",\"@id\":\"https:\\\/\\\/tupique.com\\\/product\\\/chargeur-urban-factory-fwc10uf-10w\\\/#breadcrumb\",\"itemListElement\":[{\"@type\":\"ListItem\",\"position\":1,\"name\":\"commencer\",\"item\":\"https:\\\/\\\/tupique.com\\\/\"},{\"@type\":\"ListItem\",\"position\":2,\"name\":\"Loja\",\"item\":\"https:\\\/\\\/tupique.com\\\/pt\\\/loja\\\/\"},{\"@type\":\"ListItem\",\"position\":3,\"name\":\"Chargeur Urban Factory FWC10UF 10W\"}]},{\"@type\":\"WebSite\",\"@id\":\"https:\\\/\\\/tupique.com\\\/#website\",\"url\":\"https:\\\/\\\/tupique.com\\\/\",\"name\":\"Tupique\",\"description\":\"\",\"publisher\":{\"@id\":\"https:\\\/\\\/tupique.com\\\/#organization\"},\"potentialAction\":[{\"@type\":\"SearchAction\",\"target\":{\"@type\":\"EntryPoint\",\"urlTemplate\":\"https:\\\/\\\/tupique.com\\\/?s={search_term_string}\"},\"query-input\":{\"@type\":\"PropertyValueSpecification\",\"valueRequired\":true,\"valueName\":\"search_term_string\"}}],\"inLanguage\":\"en-GB\"},{\"@type\":\"Organization\",\"@id\":\"https:\\\/\\\/tupique.com\\\/#organization\",\"name\":\"Tupique\",\"url\":\"https:\\\/\\\/tupique.com\\\/\",\"logo\":{\"@type\":\"ImageObject\",\"inLanguage\":\"en-GB\",\"@id\":\"https:\\\/\\\/tupique.com\\\/#\\\/schema\\\/logo\\\/image\\\/\",\"url\":\"https:\\\/\\\/tupique.com\\\/wp-content\\\/uploads\\\/2026\\\/03\\\/logo-tupique-1.webp\",\"contentUrl\":\"https:\\\/\\\/tupique.com\\\/wp-content\\\/uploads\\\/2026\\\/03\\\/logo-tupique-1.webp\",\"width\":500,\"height\":67,\"caption\":\"Tupique\"},\"image\":{\"@id\":\"https:\\\/\\\/tupique.com\\\/#\\\/schema\\\/logo\\\/image\\\/\"}}]}<\/script>\n<!-- \/ Yoast SEO plugin. -->","yoast_head_json":{"title":"Chargeur Urban Factory FWC10UF 10W | | Tupique","description":"Envie d'acheter Chargeur Urban Factory FWC10UF 10W\u00a0? Achetez Chargeur Urban Factory FWC10UF 10W maintenant avec Tupique en 3 versements sans int\u00e9r\u00eat.","robots":{"index":"index","follow":"follow","max-snippet":"max-snippet:-1","max-image-preview":"max-image-preview:large","max-video-preview":"max-video-preview:-1"},"canonical":"https:\/\/tupique.com\/en\/product\/chargeur-urban-factory-fwc10uf-10w\/","og_locale":"en_GB","og_type":"article","og_title":"Chargeur Urban Factory FWC10UF 10W | | Tupique","og_description":"Envie d'acheter Chargeur Urban Factory FWC10UF 10W\u00a0? Achetez Chargeur Urban Factory FWC10UF 10W maintenant avec Tupique en 3 versements sans int\u00e9r\u00eat.","og_url":"https:\/\/tupique.com\/en\/product\/chargeur-urban-factory-fwc10uf-10w\/","og_site_name":"Tupique","twitter_card":"summary_large_image","twitter_misc":{"Est. reading time":"2 minutes"},"schema":{"@context":"https:\/\/schema.org","@graph":[{"@type":"WebPage","@id":"https:\/\/tupique.com\/product\/chargeur-urban-factory-fwc10uf-10w\/","url":"https:\/\/tupique.com\/product\/chargeur-urban-factory-fwc10uf-10w\/","name":"Chargeur Urban Factory FWC10UF 10W | | Tupique","isPartOf":{"@id":"https:\/\/tupique.com\/#website"},"primaryImageOfPage":{"@id":"https:\/\/tupique.com\/product\/chargeur-urban-factory-fwc10uf-10w\/#primaryimage"},"image":{"@id":"https:\/\/tupique.com\/product\/chargeur-urban-factory-fwc10uf-10w\/#primaryimage"},"thumbnailUrl":"https:\/\/tupique.com\/wp-content\/uploads\/2026\/05\/538328823.jpg","datePublished":"2026-05-15T14:15:46+00:00","description":"Envie d'acheter Chargeur Urban Factory FWC10UF 10W\u00a0? Achetez Chargeur Urban Factory FWC10UF 10W maintenant avec Tupique en 3 versements sans int\u00e9r\u00eat.","breadcrumb":{"@id":"https:\/\/tupique.com\/product\/chargeur-urban-factory-fwc10uf-10w\/#breadcrumb"},"inLanguage":"en-GB","potentialAction":[{"@type":"ReadAction","target":["https:\/\/tupique.com\/product\/chargeur-urban-factory-fwc10uf-10w\/"]}]},{"@type":"ImageObject","inLanguage":"en-GB","@id":"https:\/\/tupique.com\/product\/chargeur-urban-factory-fwc10uf-10w\/#primaryimage","url":"https:\/\/tupique.com\/wp-content\/uploads\/2026\/05\/538328823.jpg","contentUrl":"https:\/\/tupique.com\/wp-content\/uploads\/2026\/05\/538328823.jpg","width":1200,"height":1200,"caption":"S55134287_0"},{"@type":"BreadcrumbList","@id":"https:\/\/tupique.com\/product\/chargeur-urban-factory-fwc10uf-10w\/#breadcrumb","itemListElement":[{"@type":"ListItem","position":1,"name":"commencer","item":"https:\/\/tupique.com\/"},{"@type":"ListItem","position":2,"name":"Loja","item":"https:\/\/tupique.com\/pt\/loja\/"},{"@type":"ListItem","position":3,"name":"Chargeur Urban Factory FWC10UF 10W"}]},{"@type":"WebSite","@id":"https:\/\/tupique.com\/#website","url":"https:\/\/tupique.com\/","name":"Tupique","description":"","publisher":{"@id":"https:\/\/tupique.com\/#organization"},"potentialAction":[{"@type":"SearchAction","target":{"@type":"EntryPoint","urlTemplate":"https:\/\/tupique.com\/?s={search_term_string}"},"query-input":{"@type":"PropertyValueSpecification","valueRequired":true,"valueName":"search_term_string"}}],"inLanguage":"en-GB"},{"@type":"Organization","@id":"https:\/\/tupique.com\/#organization","name":"Tupique","url":"https:\/\/tupique.com\/","logo":{"@type":"ImageObject","inLanguage":"en-GB","@id":"https:\/\/tupique.com\/#\/schema\/logo\/image\/","url":"https:\/\/tupique.com\/wp-content\/uploads\/2026\/03\/logo-tupique-1.webp","contentUrl":"https:\/\/tupique.com\/wp-content\/uploads\/2026\/03\/logo-tupique-1.webp","width":500,"height":67,"caption":"Tupique"},"image":{"@id":"https:\/\/tupique.com\/#\/schema\/logo\/image\/"}}]}},"_links":{"self":[{"href":"https:\/\/tupique.com\/en\/wp-json\/wp\/v2\/product\/223698","targetHints":{"allow":["GET"]}}],"collection":[{"href":"https:\/\/tupique.com\/en\/wp-json\/wp\/v2\/product"}],"about":[{"href":"https:\/\/tupique.com\/en\/wp-json\/wp\/v2\/types\/product"}],"replies":[{"embeddable":true,"href":"https:\/\/tupique.com\/en\/wp-json\/wp\/v2\/comments?post=223698"}],"wp:featuredmedia":[{"embeddable":true,"href":"https:\/\/tupique.com\/en\/wp-json\/wp\/v2\/media\/223694"}],"wp:attachment":[{"href":"https:\/\/tupique.com\/en\/wp-json\/wp\/v2\/media?parent=223698"}],"wp:term":[{"taxonomy":"product_brand","embeddable":true,"href":"https:\/\/tupique.com\/en\/wp-json\/wp\/v2\/product_brand?post=223698"},{"taxonomy":"product_cat","embeddable":true,"href":"https:\/\/tupique.com\/en\/wp-json\/wp\/v2\/product_cat?post=223698"},{"taxonomy":"product_tag","embeddable":true,"href":"https:\/\/tupique.com\/en\/wp-json\/wp\/v2\/product_tag?post=223698"},{"taxonomy":"woo-feed-brand","embeddable":true,"href":"https:\/\/tupique.com\/en\/wp-json\/wp\/v2\/woo-feed-brand?post=223698"}],"curies":[{"name":"wp","href":"https:\/\/api.w.org\/{rel}","templated":true}]}}